{"id":9976,"date":"2017-07-10T15:35:02","date_gmt":"2017-07-10T13:35:02","guid":{"rendered":"https:\/\/www.albyco.com\/product\/forets-a-papier\/"},"modified":"2018-06-07T15:18:52","modified_gmt":"2018-06-07T13:18:52","slug":"forets-a-papier","status":"publish","type":"product","link":"https:\/\/www.albyco.com\/fr\/produit\/forets-a-papier\/","title":{"rendered":"Forage de papier"},"content":{"rendered":"<p class=\"p1\"><strong>Forets \u00e0 papier en acier<\/strong> standard pour petits tirages offset sans bois, papier \u00e0 copier et textile. Les forets \u00e0 papier\u00a0en acier\u00a0sont disponibles dans des diam\u00e8tres de forage de 2 mm \u00e0 10 mm. Ces forets ont une tige de 50mm de long.<\/p>\r\n&nbsp;\r\n\r\n<strong>Les forets \u00e0 papier en T\u00e9flon<\/strong> sont munis d\u2019un rev\u00eatement Niflor\/T\u00e9flon r\u00e9duisant les frottements et am\u00e9liorant le glissement du foret sur le papier.\u00a0Pour le forage du papier avec plastique incorpor\u00e9, feuille, caoutchouc et textile. Disponible dans des diam\u00e8tres de forage allant de 5,0 \u00e0 6,5 mm. La tige mesure 50 cm de long.\r\n\r\n&nbsp;\r\n\r\n<strong>Les forets \u00e0 papier \u00e0 chromage<\/strong> dur poss\u00e8dent un rev\u00eatement plus r\u00e9sistant. Ces forets \u00e0 papier sont con\u00e7us pour un usage quotidien de grands tirages, impression offset, papier \u00e0 copier et papier glac\u00e9.\r\nCes forets \u00e0 papier \u00e0 chromage dur sont disponibles dans des tailles allant de 4,0 mm \u00e0 7,0 mm. La tige mesure 50 cm de long.\r\n\r\n&nbsp;\r\n\r\n<strong>Les forets \u00e0 papier\u00a0en titane<\/strong> sont sp\u00e9cialement con\u00e7us pour le forage d\u2019impressions num\u00e9riques \u00e0 grands tirages, feuille, caoutchouc, papier couch\u00e9 et textile. Ces forets sont disponibles avec une longueur de tige de 50 mm et un diam\u00e8tre de forage de 6,0, 6,5 et 7,0 mm.\r\n\r\n<a href=\"https:\/\/www.albyco.com\/fr\/contactez-nous\/\"><img loading=\"lazy\" class=\"size-full wp-image-11223 alignleft\" src=\"https:\/\/www.albyco.com\/wp-content\/uploads\/2018\/02\/CTA-Albyco-fr-2.jpg\" alt=\"\" width=\"225\" height=\"141\" srcset=\"https:\/\/www.albyco.com\/wp-content\/uploads\/2018\/02\/CTA-Albyco-fr-2.jpg 225w, https:\/\/www.albyco.com\/wp-content\/uploads\/2018\/02\/CTA-Albyco-fr-2-100x63.jpg 100w, https:\/\/www.albyco.com\/wp-content\/uploads\/2018\/02\/CTA-Albyco-fr-2-24x15.jpg 24w, https:\/\/www.albyco.com\/wp-content\/uploads\/2018\/02\/CTA-Albyco-fr-2-36x23.jpg 36w, https:\/\/www.albyco.com\/wp-content\/uploads\/2018\/02\/CTA-Albyco-fr-2-48x30.jpg 48w\" sizes=\"(max-width: 225px) 100vw, 225px\" \/><\/a>","protected":false},"excerpt":{"rendered":"<p>Albyco fournit quatre types de foreuses \u00e0 papier: acier, chromage dur, niflor \/ t\u00e9flon ou titane. La perceuse parfaite pour offset, satin, aluminium, caoutchouc ou textile.<\/p>\n","protected":false},"featured_media":7639,"comment_status":"open","ping_status":"closed","template":"","meta":[],"product_cat":[2808,2884,3212],"product_tag":[3112,3228,2318,3229,3114,3230],"yoast_head":"<!-- This site is optimized with the Yoast SEO plugin v18.6 - https:\/\/yoast.com\/wordpress\/plugins\/seo\/ -->\n<title>Forage de papier - Albyco<\/title>\n<meta name=\"description\" content=\"Albyco fournit quatre types de foreuses \u00e0 papier: acier, chromage dur, niflor \/ t\u00e9flon ou titane. La perceuse parfaite pour offset, satin, aluminium, caoutchouc ou textile.\" \/>\n<meta name=\"robots\" content=\"index, follow, max-snippet:-1, max-image-preview:large, max-video-preview:-1\" \/>\n<link rel=\"canonical\" href=\"https:\/\/www.albyco.com\/fr\/produit\/forets-a-papier\/\" \/>\n<meta property=\"og:locale\" content=\"fr_FR\" \/>\n<meta property=\"og:type\" content=\"article\" \/>\n<meta property=\"og:title\" content=\"Forage de papier - Albyco\" \/>\n<meta property=\"og:description\" content=\"Albyco fournit quatre types de foreuses \u00e0 papier: acier, chromage dur, niflor \/ t\u00e9flon ou titane. La perceuse parfaite pour offset, satin, aluminium, caoutchouc ou textile.\" \/>\n<meta property=\"og:url\" content=\"https:\/\/www.albyco.com\/fr\/produit\/forets-a-papier\/\" \/>\n<meta property=\"og:site_name\" content=\"Albyco\" \/>\n<meta property=\"article:modified_time\" content=\"2018-06-07T13:18:52+00:00\" \/>\n<meta property=\"og:image\" content=\"https:\/\/www.albyco.com\/wp-content\/uploads\/2017\/06\/stago-stago-papierboor-staal_PB6.jpg\" \/>\n\t<meta property=\"og:image:width\" content=\"800\" \/>\n\t<meta property=\"og:image:height\" content=\"600\" \/>\n\t<meta property=\"og:image:type\" content=\"image\/jpeg\" \/>\n<meta name=\"twitter:card\" content=\"summary\" \/>\n<meta name=\"twitter:site\" content=\"@AlbycoNederland\" \/>\n<meta name=\"twitter:label1\" content=\"Dur\u00e9e de lecture estim\u00e9e\" \/>\n\t<meta name=\"twitter:data1\" content=\"1 minute\" \/>\n<script type=\"application\/ld+json\" class=\"yoast-schema-graph\">{\"@context\":\"https:\/\/schema.org\",\"@graph\":[{\"@type\":\"Organization\",\"@id\":\"https:\/\/www.albyco.com\/#organization\",\"name\":\"Albyco Nederland B.V.\",\"url\":\"https:\/\/www.albyco.com\/\",\"sameAs\":[\"https:\/\/www.linkedin.com\/company\/18015670\/\",\"https:\/\/www.youtube.com\/user\/AlbycoNederland\",\"https:\/\/nl.pinterest.com\/albyco\",\"https:\/\/twitter.com\/AlbycoNederland\"],\"logo\":{\"@type\":\"ImageObject\",\"@id\":\"https:\/\/www.albyco.com\/#logo\",\"inLanguage\":\"fr-FR\",\"url\":\"https:\/\/www.albyco.com\/wp-content\/uploads\/2017\/07\/albyco_logo_hd.png\",\"contentUrl\":\"https:\/\/www.albyco.com\/wp-content\/uploads\/2017\/07\/albyco_logo_hd.png\",\"width\":300,\"height\":300,\"caption\":\"Albyco Nederland B.V.\"},\"image\":{\"@id\":\"https:\/\/www.albyco.com\/#logo\"}},{\"@type\":\"WebSite\",\"@id\":\"https:\/\/www.albyco.com\/#website\",\"url\":\"https:\/\/www.albyco.com\/\",\"name\":\"Albyco\",\"description\":\"Leverancier voor nabewerking van geprinte media\",\"publisher\":{\"@id\":\"https:\/\/www.albyco.com\/#organization\"},\"potentialAction\":[{\"@type\":\"SearchAction\",\"target\":{\"@type\":\"EntryPoint\",\"urlTemplate\":\"https:\/\/www.albyco.com\/?s={search_term_string}\"},\"query-input\":\"required name=search_term_string\"}],\"inLanguage\":\"fr-FR\"},{\"@type\":\"ImageObject\",\"@id\":\"https:\/\/www.albyco.com\/fr\/produit\/forets-a-papier\/#primaryimage\",\"inLanguage\":\"fr-FR\",\"url\":\"https:\/\/www.albyco.com\/wp-content\/uploads\/2017\/06\/stago-stago-papierboor-staal_PB6.jpg\",\"contentUrl\":\"https:\/\/www.albyco.com\/wp-content\/uploads\/2017\/06\/stago-stago-papierboor-staal_PB6.jpg\",\"width\":800,\"height\":600,\"caption\":\"Forets \u00e0 papier en acier\"},{\"@type\":\"WebPage\",\"@id\":\"https:\/\/www.albyco.com\/fr\/produit\/forets-a-papier\/#webpage\",\"url\":\"https:\/\/www.albyco.com\/fr\/produit\/forets-a-papier\/\",\"name\":\"Forage de papier - Albyco\",\"isPartOf\":{\"@id\":\"https:\/\/www.albyco.com\/#website\"},\"primaryImageOfPage\":{\"@id\":\"https:\/\/www.albyco.com\/fr\/produit\/forets-a-papier\/#primaryimage\"},\"datePublished\":\"2017-07-10T13:35:02+00:00\",\"dateModified\":\"2018-06-07T13:18:52+00:00\",\"description\":\"Albyco fournit quatre types de foreuses \u00e0 papier: acier, chromage dur, niflor \/ t\u00e9flon ou titane. La perceuse parfaite pour offset, satin, aluminium, caoutchouc ou textile.\",\"breadcrumb\":{\"@id\":\"https:\/\/www.albyco.com\/fr\/produit\/forets-a-papier\/#breadcrumb\"},\"inLanguage\":\"fr-FR\",\"potentialAction\":[{\"@type\":\"ReadAction\",\"target\":[\"https:\/\/www.albyco.com\/fr\/produit\/forets-a-papier\/\"]}]},{\"@type\":\"BreadcrumbList\",\"@id\":\"https:\/\/www.albyco.com\/fr\/produit\/forets-a-papier\/#breadcrumb\",\"itemListElement\":[{\"@type\":\"ListItem\",\"position\":1,\"name\":\"Home\",\"item\":\"https:\/\/www.albyco.com\/fr\/\"},{\"@type\":\"ListItem\",\"position\":2,\"name\":\"Les produits\",\"item\":\"https:\/\/www.albyco.com\/fr\/producten\/\"},{\"@type\":\"ListItem\",\"position\":3,\"name\":\"Forage de papier\"}]}]}<\/script>\n<!-- \/ Yoast SEO plugin. -->","yoast_head_json":{"title":"Forage de papier - Albyco","description":"Albyco fournit quatre types de foreuses \u00e0 papier: acier, chromage dur, niflor \/ t\u00e9flon ou titane. La perceuse parfaite pour offset, satin, aluminium, caoutchouc ou textile.","robots":{"index":"index","follow":"follow","max-snippet":"max-snippet:-1","max-image-preview":"max-image-preview:large","max-video-preview":"max-video-preview:-1"},"canonical":"https:\/\/www.albyco.com\/fr\/produit\/forets-a-papier\/","og_locale":"fr_FR","og_type":"article","og_title":"Forage de papier - Albyco","og_description":"Albyco fournit quatre types de foreuses \u00e0 papier: acier, chromage dur, niflor \/ t\u00e9flon ou titane. La perceuse parfaite pour offset, satin, aluminium, caoutchouc ou textile.","og_url":"https:\/\/www.albyco.com\/fr\/produit\/forets-a-papier\/","og_site_name":"Albyco","article_modified_time":"2018-06-07T13:18:52+00:00","og_image":[{"width":800,"height":600,"url":"https:\/\/www.albyco.com\/wp-content\/uploads\/2017\/06\/stago-stago-papierboor-staal_PB6.jpg","type":"image\/jpeg"}],"twitter_card":"summary","twitter_site":"@AlbycoNederland","twitter_misc":{"Dur\u00e9e de lecture estim\u00e9e":"1 minute"},"schema":{"@context":"https:\/\/schema.org","@graph":[{"@type":"Organization","@id":"https:\/\/www.albyco.com\/#organization","name":"Albyco Nederland B.V.","url":"https:\/\/www.albyco.com\/","sameAs":["https:\/\/www.linkedin.com\/company\/18015670\/","https:\/\/www.youtube.com\/user\/AlbycoNederland","https:\/\/nl.pinterest.com\/albyco","https:\/\/twitter.com\/AlbycoNederland"],"logo":{"@type":"ImageObject","@id":"https:\/\/www.albyco.com\/#logo","inLanguage":"fr-FR","url":"https:\/\/www.albyco.com\/wp-content\/uploads\/2017\/07\/albyco_logo_hd.png","contentUrl":"https:\/\/www.albyco.com\/wp-content\/uploads\/2017\/07\/albyco_logo_hd.png","width":300,"height":300,"caption":"Albyco Nederland B.V."},"image":{"@id":"https:\/\/www.albyco.com\/#logo"}},{"@type":"WebSite","@id":"https:\/\/www.albyco.com\/#website","url":"https:\/\/www.albyco.com\/","name":"Albyco","description":"Leverancier voor nabewerking van geprinte media","publisher":{"@id":"https:\/\/www.albyco.com\/#organization"},"potentialAction":[{"@type":"SearchAction","target":{"@type":"EntryPoint","urlTemplate":"https:\/\/www.albyco.com\/?s={search_term_string}"},"query-input":"required name=search_term_string"}],"inLanguage":"fr-FR"},{"@type":"ImageObject","@id":"https:\/\/www.albyco.com\/fr\/produit\/forets-a-papier\/#primaryimage","inLanguage":"fr-FR","url":"https:\/\/www.albyco.com\/wp-content\/uploads\/2017\/06\/stago-stago-papierboor-staal_PB6.jpg","contentUrl":"https:\/\/www.albyco.com\/wp-content\/uploads\/2017\/06\/stago-stago-papierboor-staal_PB6.jpg","width":800,"height":600,"caption":"Forets \u00e0 papier en acier"},{"@type":"WebPage","@id":"https:\/\/www.albyco.com\/fr\/produit\/forets-a-papier\/#webpage","url":"https:\/\/www.albyco.com\/fr\/produit\/forets-a-papier\/","name":"Forage de papier - Albyco","isPartOf":{"@id":"https:\/\/www.albyco.com\/#website"},"primaryImageOfPage":{"@id":"https:\/\/www.albyco.com\/fr\/produit\/forets-a-papier\/#primaryimage"},"datePublished":"2017-07-10T13:35:02+00:00","dateModified":"2018-06-07T13:18:52+00:00","description":"Albyco fournit quatre types de foreuses \u00e0 papier: acier, chromage dur, niflor \/ t\u00e9flon ou titane. La perceuse parfaite pour offset, satin, aluminium, caoutchouc ou textile.","breadcrumb":{"@id":"https:\/\/www.albyco.com\/fr\/produit\/forets-a-papier\/#breadcrumb"},"inLanguage":"fr-FR","potentialAction":[{"@type":"ReadAction","target":["https:\/\/www.albyco.com\/fr\/produit\/forets-a-papier\/"]}]},{"@type":"BreadcrumbList","@id":"https:\/\/www.albyco.com\/fr\/produit\/forets-a-papier\/#breadcrumb","itemListElement":[{"@type":"ListItem","position":1,"name":"Home","item":"https:\/\/www.albyco.com\/fr\/"},{"@type":"ListItem","position":2,"name":"Les produits","item":"https:\/\/www.albyco.com\/fr\/producten\/"},{"@type":"ListItem","position":3,"name":"Forage de papier"}]}]}},"_links":{"self":[{"href":"https:\/\/www.albyco.com\/fr\/wp-json\/wp\/v2\/product\/9976"}],"collection":[{"href":"https:\/\/www.albyco.com\/fr\/wp-json\/wp\/v2\/product"}],"about":[{"href":"https:\/\/www.albyco.com\/fr\/wp-json\/wp\/v2\/types\/product"}],"replies":[{"embeddable":true,"href":"https:\/\/www.albyco.com\/fr\/wp-json\/wp\/v2\/comments?post=9976"}],"wp:featuredmedia":[{"embeddable":true,"href":"https:\/\/www.albyco.com\/fr\/wp-json\/wp\/v2\/media\/7639"}],"wp:attachment":[{"href":"https:\/\/www.albyco.com\/fr\/wp-json\/wp\/v2\/media?parent=9976"}],"wp:term":[{"taxonomy":"product_cat","embeddable":true,"href":"https:\/\/www.albyco.com\/fr\/wp-json\/wp\/v2\/product_cat?post=9976"},{"taxonomy":"product_tag","embeddable":true,"href":"https:\/\/www.albyco.com\/fr\/wp-json\/wp\/v2\/product_tag?post=9976"}],"curies":[{"name":"wp","href":"https:\/\/api.w.org\/{rel}","templated":true}]}}