{"id":9900,"date":"2017-07-10T12:11:56","date_gmt":"2017-07-10T10:11:56","guid":{"rendered":"https:\/\/www.albyco.com\/product\/cadres-clicclac\/"},"modified":"2026-01-23T07:00:04","modified_gmt":"2026-01-23T06:00:04","slug":"cadres-clicclac","status":"publish","type":"product","link":"https:\/\/www.albyco.com\/fr\/produit\/cadres-clicclac\/","title":{"rendered":"Cadres Clic Clac"},"content":{"rendered":"<p style=\"font-weight: 400;\">Albyco propose un bel ensemble de cadres clic clac de qualit\u00e9 sup\u00e9rieure et fabriqu\u00e9s en Europe, \u00e0 des prix particuli\u00e8rement bas. Ces porte affiches constituent une solution professionnelle pour les magasins, les salles d&#8217;exposition et les bureaux qui souhaitent afficher des offres sp\u00e9ciales, des notifications ou comme signalisation. Le cadre publicitaire est \u00e9galement parfait comme outil de pr\u00e9sentation de votre annonce ou pour accrocher une liste de prix. Vous donnez ainsi \u00e0 votre pr\u00e9sentation l&#8217;attention qu&#8217;elle m\u00e9rite ! Les cadres clic clac publicitaires sont disponibles \u00e0 des prix avantageux chez ReliurePlastification !<\/p>\r\n\r\n<h2>La qualit\u00e9 du clic clac cadres<\/h2>\r\n<p style=\"font-weight: 400;\">Les porte affiches de ReliurePlastification sont produits en Europe. Tous les cadres que nous vendons sont de la marque Albyco. Ils sont confectionn\u00e9s en aluminium de qualit\u00e9 sup\u00e9rieure et sont \u00e9quip\u00e9s d&#8217;un fond solide pour des ann\u00e9es d&#8217;utilisation. Un solide film PET prot\u00e8ge vos impressions de la salet\u00e9, de l&#8217;humidit\u00e9 et des d\u00e9t\u00e9riorations. La feuille pour la protection d\u2019affiche a une finition anti-reflet. Le cadre clic clac d\u2019Albyco a une fixation murale invisible. La fixation est possible en position verticale ou horizontale.<\/p>\r\nNos cadres clic sont \u00e9quip\u00e9s d&#8217;un m\u00e9canisme d&#8217;encliquetage robuste. Il permet de bien maintenir en place la feuille et l\u2019imprim\u00e9. Toutefois, les cadres peuvent \u00eatre facilement ouverts et ferm\u00e9s. Les porte affiches de ReliurePlastification durent donc plus longtemps, tout en conservant leur aspect professionnel. M\u00eame dans les environnements o\u00f9 les imprim\u00e9s sont fr\u00e9quemment remplac\u00e9s. Le m\u00e9canisme d&#8217;encliquetage est situ\u00e9 sur l&#8217;avant du cadre. Cela signifie que m\u00eame fix\u00e9 contre un mur, il est toujours possible de remplacer l\u2019imprim\u00e9.\r\n<h2>Cadres clic clac en diff\u00e9rentes tailles<\/h2>\r\n<p style=\"font-weight: 400;\">Albyco vend des cadres clic clac en diff\u00e9rentes tailles, du format A0 \u00e0 A5. Certains cadres poss\u00e8dent une bordure plus large que d\u2019autres, allant de 19 \u00e0 32 cm. Le format A4 est le format de papier utilis\u00e9 le plus fr\u00e9quemment. Les mod\u00e8les A4 peuvent \u00eatre utilis\u00e9s pour vos promotions, menus, et autres informations \u00e0 communiquer. Le format A3 est un format de papier utilis\u00e9 fr\u00e9quemment pour la publicit\u00e9. Vous pouvez utiliser un cadre clic clac de format A3 aussi pour la signalisation. Pour la s\u00e9curit\u00e9 incendie dans les bureaux, par example.<\/p>\r\n\r\n<h2>Les prix de Albyco<\/h2>\r\n<p class=\"p1\"><span style=\"font-weight: 400;\">Les acheteurs r\u00e9guliers de cadres clic le remarquent imm\u00e9diatement : Les prix de Albyco sont tr\u00e8s comp\u00e9titifs ! Notre grand volume d\u2019achats nous permet d\u2019offrir ces prix. Examinez ci-dessous nous offre compl\u00e8te de clic clac cadres \u00e0 prix attractifs. Voulez vous commander plusieurs cadres? ReliurePlastification accorde des remises dans de commandes \u00e0 partir de 10 cadres clic clac.<\/span><\/p>\r\n<a href=\"https:\/\/www.albyco.com\/fr\/contactez-nous\/\"><img loading=\"lazy\" class=\"size-full wp-image-11223 alignleft\" src=\"https:\/\/www.albyco.com\/wp-content\/uploads\/2018\/02\/CTA-Albyco-fr-2.jpg\" alt=\"\" width=\"225\" height=\"141\" srcset=\"https:\/\/www.albyco.com\/wp-content\/uploads\/2018\/02\/CTA-Albyco-fr-2.jpg 225w, https:\/\/www.albyco.com\/wp-content\/uploads\/2018\/02\/CTA-Albyco-fr-2-100x63.jpg 100w, https:\/\/www.albyco.com\/wp-content\/uploads\/2018\/02\/CTA-Albyco-fr-2-24x15.jpg 24w, https:\/\/www.albyco.com\/wp-content\/uploads\/2018\/02\/CTA-Albyco-fr-2-36x23.jpg 36w, https:\/\/www.albyco.com\/wp-content\/uploads\/2018\/02\/CTA-Albyco-fr-2-48x30.jpg 48w\" sizes=\"(max-width: 225px) 100vw, 225px\" \/><\/a>","protected":false},"excerpt":{"rendered":"<p>Albyco vend des cadres clic clac en diff\u00e9rentes tailles, du format A0 \u00e0 A5. Certains cadres poss\u00e8dent une bordure plus large que d\u2019autres, allant de 19 \u00e0 32 cm.<\/p>\n","protected":false},"featured_media":7608,"comment_status":"open","ping_status":"closed","template":"","meta":[],"product_cat":[2808,2958,3166],"product_tag":[2318,3180,3181,3182],"yoast_head":"<!-- This site is optimized with the Yoast SEO plugin v18.6 - https:\/\/yoast.com\/wordpress\/plugins\/seo\/ -->\n<title>Cadres Clic Clac - Albyco<\/title>\n<meta name=\"description\" content=\"Albyco vend des cadres clic clac en diff\u00e9rentes tailles, du format A0 \u00e0 A5. Certains cadres poss\u00e8dent une bordure plus large que d\u2019autres, allant de 19 \u00e0 32 cm.\" \/>\n<meta name=\"robots\" content=\"index, follow, max-snippet:-1, max-image-preview:large, max-video-preview:-1\" \/>\n<link rel=\"canonical\" href=\"https:\/\/www.albyco.com\/fr\/produit\/cadres-clicclac\/\" \/>\n<meta property=\"og:locale\" content=\"fr_FR\" \/>\n<meta property=\"og:type\" content=\"article\" \/>\n<meta property=\"og:title\" content=\"Cadres Clic Clac - Albyco\" \/>\n<meta property=\"og:description\" content=\"Albyco vend des cadres clic clac en diff\u00e9rentes tailles, du format A0 \u00e0 A5. Certains cadres poss\u00e8dent une bordure plus large que d\u2019autres, allant de 19 \u00e0 32 cm.\" \/>\n<meta property=\"og:url\" content=\"https:\/\/www.albyco.com\/fr\/produit\/cadres-clicclac\/\" \/>\n<meta property=\"og:site_name\" content=\"Albyco\" \/>\n<meta property=\"article:modified_time\" content=\"2026-01-23T06:00:04+00:00\" \/>\n<meta property=\"og:image\" content=\"https:\/\/www.albyco.com\/wp-content\/uploads\/2017\/06\/albyco-albyco-kliklijsten-clicklijsten_OCCWLA419.jpg\" \/>\n\t<meta property=\"og:image:width\" content=\"800\" \/>\n\t<meta property=\"og:image:height\" content=\"1024\" \/>\n\t<meta property=\"og:image:type\" content=\"image\/jpeg\" \/>\n<meta name=\"twitter:card\" content=\"summary\" \/>\n<meta name=\"twitter:site\" content=\"@AlbycoNederland\" \/>\n<meta name=\"twitter:label1\" content=\"Dur\u00e9e de lecture estim\u00e9e\" \/>\n\t<meta name=\"twitter:data1\" content=\"2 minutes\" \/>\n<script type=\"application\/ld+json\" class=\"yoast-schema-graph\">{\"@context\":\"https:\/\/schema.org\",\"@graph\":[{\"@type\":\"Organization\",\"@id\":\"https:\/\/www.albyco.com\/#organization\",\"name\":\"Albyco Nederland B.V.\",\"url\":\"https:\/\/www.albyco.com\/\",\"sameAs\":[\"https:\/\/www.linkedin.com\/company\/18015670\/\",\"https:\/\/www.youtube.com\/user\/AlbycoNederland\",\"https:\/\/nl.pinterest.com\/albyco\",\"https:\/\/twitter.com\/AlbycoNederland\"],\"logo\":{\"@type\":\"ImageObject\",\"@id\":\"https:\/\/www.albyco.com\/#logo\",\"inLanguage\":\"fr-FR\",\"url\":\"https:\/\/www.albyco.com\/wp-content\/uploads\/2017\/07\/albyco_logo_hd.png\",\"contentUrl\":\"https:\/\/www.albyco.com\/wp-content\/uploads\/2017\/07\/albyco_logo_hd.png\",\"width\":300,\"height\":300,\"caption\":\"Albyco Nederland B.V.\"},\"image\":{\"@id\":\"https:\/\/www.albyco.com\/#logo\"}},{\"@type\":\"WebSite\",\"@id\":\"https:\/\/www.albyco.com\/#website\",\"url\":\"https:\/\/www.albyco.com\/\",\"name\":\"Albyco\",\"description\":\"Leverancier voor nabewerking van geprinte media\",\"publisher\":{\"@id\":\"https:\/\/www.albyco.com\/#organization\"},\"potentialAction\":[{\"@type\":\"SearchAction\",\"target\":{\"@type\":\"EntryPoint\",\"urlTemplate\":\"https:\/\/www.albyco.com\/?s={search_term_string}\"},\"query-input\":\"required name=search_term_string\"}],\"inLanguage\":\"fr-FR\"},{\"@type\":\"ImageObject\",\"@id\":\"https:\/\/www.albyco.com\/fr\/produit\/cadres-clicclac\/#primaryimage\",\"inLanguage\":\"fr-FR\",\"url\":\"https:\/\/www.albyco.com\/wp-content\/uploads\/2017\/06\/albyco-albyco-kliklijsten-clicklijsten_OCCWLA419.jpg\",\"contentUrl\":\"https:\/\/www.albyco.com\/wp-content\/uploads\/2017\/06\/albyco-albyco-kliklijsten-clicklijsten_OCCWLA419.jpg\",\"width\":800,\"height\":1024,\"caption\":\"Cadres ClicClac\"},{\"@type\":\"WebPage\",\"@id\":\"https:\/\/www.albyco.com\/fr\/produit\/cadres-clicclac\/#webpage\",\"url\":\"https:\/\/www.albyco.com\/fr\/produit\/cadres-clicclac\/\",\"name\":\"Cadres Clic Clac - Albyco\",\"isPartOf\":{\"@id\":\"https:\/\/www.albyco.com\/#website\"},\"primaryImageOfPage\":{\"@id\":\"https:\/\/www.albyco.com\/fr\/produit\/cadres-clicclac\/#primaryimage\"},\"datePublished\":\"2017-07-10T10:11:56+00:00\",\"dateModified\":\"2026-01-23T06:00:04+00:00\",\"description\":\"Albyco vend des cadres clic clac en diff\u00e9rentes tailles, du format A0 \u00e0 A5. Certains cadres poss\u00e8dent une bordure plus large que d\u2019autres, allant de 19 \u00e0 32 cm.\",\"breadcrumb\":{\"@id\":\"https:\/\/www.albyco.com\/fr\/produit\/cadres-clicclac\/#breadcrumb\"},\"inLanguage\":\"fr-FR\",\"potentialAction\":[{\"@type\":\"ReadAction\",\"target\":[\"https:\/\/www.albyco.com\/fr\/produit\/cadres-clicclac\/\"]}]},{\"@type\":\"BreadcrumbList\",\"@id\":\"https:\/\/www.albyco.com\/fr\/produit\/cadres-clicclac\/#breadcrumb\",\"itemListElement\":[{\"@type\":\"ListItem\",\"position\":1,\"name\":\"Home\",\"item\":\"https:\/\/www.albyco.com\/fr\/\"},{\"@type\":\"ListItem\",\"position\":2,\"name\":\"Les produits\",\"item\":\"https:\/\/www.albyco.com\/fr\/producten\/\"},{\"@type\":\"ListItem\",\"position\":3,\"name\":\"Cadres Clic Clac\"}]}]}<\/script>\n<!-- \/ Yoast SEO plugin. -->","yoast_head_json":{"title":"Cadres Clic Clac - Albyco","description":"Albyco vend des cadres clic clac en diff\u00e9rentes tailles, du format A0 \u00e0 A5. Certains cadres poss\u00e8dent une bordure plus large que d\u2019autres, allant de 19 \u00e0 32 cm.","robots":{"index":"index","follow":"follow","max-snippet":"max-snippet:-1","max-image-preview":"max-image-preview:large","max-video-preview":"max-video-preview:-1"},"canonical":"https:\/\/www.albyco.com\/fr\/produit\/cadres-clicclac\/","og_locale":"fr_FR","og_type":"article","og_title":"Cadres Clic Clac - Albyco","og_description":"Albyco vend des cadres clic clac en diff\u00e9rentes tailles, du format A0 \u00e0 A5. Certains cadres poss\u00e8dent une bordure plus large que d\u2019autres, allant de 19 \u00e0 32 cm.","og_url":"https:\/\/www.albyco.com\/fr\/produit\/cadres-clicclac\/","og_site_name":"Albyco","article_modified_time":"2026-01-23T06:00:04+00:00","og_image":[{"width":800,"height":1024,"url":"https:\/\/www.albyco.com\/wp-content\/uploads\/2017\/06\/albyco-albyco-kliklijsten-clicklijsten_OCCWLA419.jpg","type":"image\/jpeg"}],"twitter_card":"summary","twitter_site":"@AlbycoNederland","twitter_misc":{"Dur\u00e9e de lecture estim\u00e9e":"2 minutes"},"schema":{"@context":"https:\/\/schema.org","@graph":[{"@type":"Organization","@id":"https:\/\/www.albyco.com\/#organization","name":"Albyco Nederland B.V.","url":"https:\/\/www.albyco.com\/","sameAs":["https:\/\/www.linkedin.com\/company\/18015670\/","https:\/\/www.youtube.com\/user\/AlbycoNederland","https:\/\/nl.pinterest.com\/albyco","https:\/\/twitter.com\/AlbycoNederland"],"logo":{"@type":"ImageObject","@id":"https:\/\/www.albyco.com\/#logo","inLanguage":"fr-FR","url":"https:\/\/www.albyco.com\/wp-content\/uploads\/2017\/07\/albyco_logo_hd.png","contentUrl":"https:\/\/www.albyco.com\/wp-content\/uploads\/2017\/07\/albyco_logo_hd.png","width":300,"height":300,"caption":"Albyco Nederland B.V."},"image":{"@id":"https:\/\/www.albyco.com\/#logo"}},{"@type":"WebSite","@id":"https:\/\/www.albyco.com\/#website","url":"https:\/\/www.albyco.com\/","name":"Albyco","description":"Leverancier voor nabewerking van geprinte media","publisher":{"@id":"https:\/\/www.albyco.com\/#organization"},"potentialAction":[{"@type":"SearchAction","target":{"@type":"EntryPoint","urlTemplate":"https:\/\/www.albyco.com\/?s={search_term_string}"},"query-input":"required name=search_term_string"}],"inLanguage":"fr-FR"},{"@type":"ImageObject","@id":"https:\/\/www.albyco.com\/fr\/produit\/cadres-clicclac\/#primaryimage","inLanguage":"fr-FR","url":"https:\/\/www.albyco.com\/wp-content\/uploads\/2017\/06\/albyco-albyco-kliklijsten-clicklijsten_OCCWLA419.jpg","contentUrl":"https:\/\/www.albyco.com\/wp-content\/uploads\/2017\/06\/albyco-albyco-kliklijsten-clicklijsten_OCCWLA419.jpg","width":800,"height":1024,"caption":"Cadres ClicClac"},{"@type":"WebPage","@id":"https:\/\/www.albyco.com\/fr\/produit\/cadres-clicclac\/#webpage","url":"https:\/\/www.albyco.com\/fr\/produit\/cadres-clicclac\/","name":"Cadres Clic Clac - Albyco","isPartOf":{"@id":"https:\/\/www.albyco.com\/#website"},"primaryImageOfPage":{"@id":"https:\/\/www.albyco.com\/fr\/produit\/cadres-clicclac\/#primaryimage"},"datePublished":"2017-07-10T10:11:56+00:00","dateModified":"2026-01-23T06:00:04+00:00","description":"Albyco vend des cadres clic clac en diff\u00e9rentes tailles, du format A0 \u00e0 A5. Certains cadres poss\u00e8dent une bordure plus large que d\u2019autres, allant de 19 \u00e0 32 cm.","breadcrumb":{"@id":"https:\/\/www.albyco.com\/fr\/produit\/cadres-clicclac\/#breadcrumb"},"inLanguage":"fr-FR","potentialAction":[{"@type":"ReadAction","target":["https:\/\/www.albyco.com\/fr\/produit\/cadres-clicclac\/"]}]},{"@type":"BreadcrumbList","@id":"https:\/\/www.albyco.com\/fr\/produit\/cadres-clicclac\/#breadcrumb","itemListElement":[{"@type":"ListItem","position":1,"name":"Home","item":"https:\/\/www.albyco.com\/fr\/"},{"@type":"ListItem","position":2,"name":"Les produits","item":"https:\/\/www.albyco.com\/fr\/producten\/"},{"@type":"ListItem","position":3,"name":"Cadres Clic Clac"}]}]}},"_links":{"self":[{"href":"https:\/\/www.albyco.com\/fr\/wp-json\/wp\/v2\/product\/9900"}],"collection":[{"href":"https:\/\/www.albyco.com\/fr\/wp-json\/wp\/v2\/product"}],"about":[{"href":"https:\/\/www.albyco.com\/fr\/wp-json\/wp\/v2\/types\/product"}],"replies":[{"embeddable":true,"href":"https:\/\/www.albyco.com\/fr\/wp-json\/wp\/v2\/comments?post=9900"}],"wp:featuredmedia":[{"embeddable":true,"href":"https:\/\/www.albyco.com\/fr\/wp-json\/wp\/v2\/media\/7608"}],"wp:attachment":[{"href":"https:\/\/www.albyco.com\/fr\/wp-json\/wp\/v2\/media?parent=9900"}],"wp:term":[{"taxonomy":"product_cat","embeddable":true,"href":"https:\/\/www.albyco.com\/fr\/wp-json\/wp\/v2\/product_cat?post=9900"},{"taxonomy":"product_tag","embeddable":true,"href":"https:\/\/www.albyco.com\/fr\/wp-json\/wp\/v2\/product_tag?post=9900"}],"curies":[{"name":"wp","href":"https:\/\/api.w.org\/{rel}","templated":true}]}}