{"id":9842,"date":"2017-07-10T15:23:21","date_gmt":"2017-07-10T13:23:21","guid":{"rendered":"https:\/\/www.albyco.com\/product\/couvertures-reliure-thermique-albyco\/"},"modified":"2018-02-23T16:10:46","modified_gmt":"2018-02-23T15:10:46","slug":"couvertures-reliure-thermique-albyco","status":"publish","type":"product","link":"https:\/\/www.albyco.com\/fr\/produit\/couvertures-reliure-thermique-albyco\/","title":{"rendered":"Couvertures reliure thermique\u00a0Albyco"},"content":{"rendered":"<p class=\"p1\">Les <strong>couvertures reliure thermique<span class=\"Apple-converted-space\">\u00a0<\/span>Albyco<\/strong> ont une face avant <span class=\"Apple-converted-space\">\u00a0 <\/span>limpide, transparente (0,15 mm) en<span class=\"Apple-converted-space\">\u00a0 <\/span>PET et un carton blanc brillant (215 g\/m\u00b2) au dos. Les couvertures sont disponibles dans une grande vari\u00e9t\u00e9 de largeur<span class=\"Apple-converted-space\">\u00a0<\/span>de dos. Les couvertures reliure thermique, peuvent \u00eatre<span class=\"Apple-converted-space\">\u00a0 <\/span>conjointement utilis\u00e9es avec une machine de reliure thermique, comme par exemple la TB500 Albyco. La<span class=\"Apple-converted-space\">\u00a0 <\/span>reliure<span class=\"Apple-converted-space\">\u00a0<\/span>avec des couvertures thermiques est relativement rentable et rapide. L es machines sont aussi \u00e9conomiques \u00e0 l&#8217;achat. Les couvertures thermiques sont moins appropri\u00e9e pour les copies de couleur sur papier dur<span class=\"Apple-converted-space\">\u00a0 <\/span>satin\u00e9.<span class=\"Apple-converted-space\">\u00a0<\/span>La colle papier<span class=\"Apple-converted-space\">\u00a0<\/span>fonctionne le mieux lorsque celle-ci peut s`absorber dans le papier, le papier satin\u00e9 ne le permet pas.<span class=\"Apple-converted-space\">\u00a0<\/span>Dans ce cas, il est<span class=\"Apple-converted-space\">\u00a0 <\/span>plus pratique d&#8217;opter pour des syst\u00e8mes de perforation. Voir tableau ci-dessous les capacit\u00e9s des diff\u00e9rentes couvertures thermiques .<\/p>\r\n<p class=\"p1\">Largeur du dos Nombre de feuilles emball\u00e9es par<\/p>\r\n<p class=\"p1\">1,5 mm 1 \u00e0 12 100 pi\u00e8ces\r\n2 mm 12 \u00e0 20 100 pi\u00e8ces\r\n3 mm 20 \u00e0 30 100 pi\u00e8ces\r\n4 mm 30 \u00e0 40 100 pi\u00e8ces\r\n5 mm 40 \u00e0 50 100 pi\u00e8ces\r\n6 mm 50 \u00e0 60 100 pi\u00e8ces\r\n7 mm 60 \u00e0 70 100 pi\u00e8ces\r\n8 mm 70 \u00e0 80 100 pi\u00e8ces\r\n9 mm 80 \u00e0 90 80 pi\u00e8ces\r\n10 mm 90 \u00e0 100 80 pi\u00e8ces\r\n12 mm 100 \u00e0 120 80 pi\u00e8ces<\/p>","protected":false},"excerpt":{"rendered":"<p>Les <strong>couvertures reliure thermique Albyco<\/strong> ont une face avant <span class=\"Apple-converted-space\">\u00a0 <\/span>limpide, transparente (0,15 mm) en<span class=\"Apple-converted-space\">\u00a0 <\/span>PET et un carton blanc brillant (215 g\/m\u00b2) au dos.<\/p>\n","protected":false},"featured_media":7676,"comment_status":"open","ping_status":"closed","template":"","meta":[],"product_cat":[2808,2833,3096],"product_tag":[2318,2321,2324,2804],"yoast_head":"<!-- This site is optimized with the Yoast SEO plugin v18.6 - https:\/\/yoast.com\/wordpress\/plugins\/seo\/ -->\n<title>Couvertures reliure thermique\u00a0Albyco - Albyco<\/title>\n<meta name=\"description\" content=\"Les couvertures reliure thermique Albyco ont une face avant \u00a0 limpide, transparente (0,15 mm) en\u00a0 PET et un carton blanc brillant (215 g\/m\u00b2) au dos.\" \/>\n<meta name=\"robots\" content=\"index, follow, max-snippet:-1, max-image-preview:large, max-video-preview:-1\" \/>\n<link rel=\"canonical\" href=\"https:\/\/www.albyco.com\/fr\/produit\/couvertures-reliure-thermique-albyco\/\" \/>\n<meta property=\"og:locale\" content=\"fr_FR\" \/>\n<meta property=\"og:type\" content=\"article\" \/>\n<meta property=\"og:title\" content=\"Couvertures reliure thermique\u00a0Albyco - Albyco\" \/>\n<meta property=\"og:description\" content=\"Les couvertures reliure thermique Albyco ont une face avant \u00a0 limpide, transparente (0,15 mm) en\u00a0 PET et un carton blanc brillant (215 g\/m\u00b2) au dos.\" \/>\n<meta property=\"og:url\" content=\"https:\/\/www.albyco.com\/fr\/produit\/couvertures-reliure-thermique-albyco\/\" \/>\n<meta property=\"og:site_name\" content=\"Albyco\" \/>\n<meta property=\"article:modified_time\" content=\"2018-02-23T15:10:46+00:00\" \/>\n<meta property=\"og:image\" content=\"https:\/\/www.albyco.com\/wp-content\/uploads\/2017\/06\/albyco-albyco-thermische-inbindmappen_MC01WIT100.jpg\" \/>\n\t<meta property=\"og:image:width\" content=\"661\" \/>\n\t<meta property=\"og:image:height\" content=\"838\" \/>\n\t<meta property=\"og:image:type\" content=\"image\/jpeg\" \/>\n<meta name=\"twitter:card\" content=\"summary\" \/>\n<meta name=\"twitter:site\" content=\"@AlbycoNederland\" \/>\n<meta name=\"twitter:label1\" content=\"Dur\u00e9e de lecture estim\u00e9e\" \/>\n\t<meta name=\"twitter:data1\" content=\"1 minute\" \/>\n<script type=\"application\/ld+json\" class=\"yoast-schema-graph\">{\"@context\":\"https:\/\/schema.org\",\"@graph\":[{\"@type\":\"Organization\",\"@id\":\"https:\/\/www.albyco.com\/#organization\",\"name\":\"Albyco Nederland B.V.\",\"url\":\"https:\/\/www.albyco.com\/\",\"sameAs\":[\"https:\/\/www.linkedin.com\/company\/18015670\/\",\"https:\/\/www.youtube.com\/user\/AlbycoNederland\",\"https:\/\/nl.pinterest.com\/albyco\",\"https:\/\/twitter.com\/AlbycoNederland\"],\"logo\":{\"@type\":\"ImageObject\",\"@id\":\"https:\/\/www.albyco.com\/#logo\",\"inLanguage\":\"fr-FR\",\"url\":\"https:\/\/www.albyco.com\/wp-content\/uploads\/2017\/07\/albyco_logo_hd.png\",\"contentUrl\":\"https:\/\/www.albyco.com\/wp-content\/uploads\/2017\/07\/albyco_logo_hd.png\",\"width\":300,\"height\":300,\"caption\":\"Albyco Nederland B.V.\"},\"image\":{\"@id\":\"https:\/\/www.albyco.com\/#logo\"}},{\"@type\":\"WebSite\",\"@id\":\"https:\/\/www.albyco.com\/#website\",\"url\":\"https:\/\/www.albyco.com\/\",\"name\":\"Albyco\",\"description\":\"Leverancier voor nabewerking van geprinte media\",\"publisher\":{\"@id\":\"https:\/\/www.albyco.com\/#organization\"},\"potentialAction\":[{\"@type\":\"SearchAction\",\"target\":{\"@type\":\"EntryPoint\",\"urlTemplate\":\"https:\/\/www.albyco.com\/?s={search_term_string}\"},\"query-input\":\"required name=search_term_string\"}],\"inLanguage\":\"fr-FR\"},{\"@type\":\"ImageObject\",\"@id\":\"https:\/\/www.albyco.com\/fr\/produit\/couvertures-reliure-thermique-albyco\/#primaryimage\",\"inLanguage\":\"fr-FR\",\"url\":\"https:\/\/www.albyco.com\/wp-content\/uploads\/2017\/06\/albyco-albyco-thermische-inbindmappen_MC01WIT100.jpg\",\"contentUrl\":\"https:\/\/www.albyco.com\/wp-content\/uploads\/2017\/06\/albyco-albyco-thermische-inbindmappen_MC01WIT100.jpg\",\"width\":661,\"height\":838,\"caption\":\"Couvertures reliure thermique\u00a0Albyco\"},{\"@type\":\"WebPage\",\"@id\":\"https:\/\/www.albyco.com\/fr\/produit\/couvertures-reliure-thermique-albyco\/#webpage\",\"url\":\"https:\/\/www.albyco.com\/fr\/produit\/couvertures-reliure-thermique-albyco\/\",\"name\":\"Couvertures reliure thermique\u00a0Albyco - Albyco\",\"isPartOf\":{\"@id\":\"https:\/\/www.albyco.com\/#website\"},\"primaryImageOfPage\":{\"@id\":\"https:\/\/www.albyco.com\/fr\/produit\/couvertures-reliure-thermique-albyco\/#primaryimage\"},\"datePublished\":\"2017-07-10T13:23:21+00:00\",\"dateModified\":\"2018-02-23T15:10:46+00:00\",\"description\":\"Les couvertures reliure thermique Albyco ont une face avant \u00a0 limpide, transparente (0,15 mm) en\u00a0 PET et un carton blanc brillant (215 g\/m\u00b2) au dos.\",\"breadcrumb\":{\"@id\":\"https:\/\/www.albyco.com\/fr\/produit\/couvertures-reliure-thermique-albyco\/#breadcrumb\"},\"inLanguage\":\"fr-FR\",\"potentialAction\":[{\"@type\":\"ReadAction\",\"target\":[\"https:\/\/www.albyco.com\/fr\/produit\/couvertures-reliure-thermique-albyco\/\"]}]},{\"@type\":\"BreadcrumbList\",\"@id\":\"https:\/\/www.albyco.com\/fr\/produit\/couvertures-reliure-thermique-albyco\/#breadcrumb\",\"itemListElement\":[{\"@type\":\"ListItem\",\"position\":1,\"name\":\"Home\",\"item\":\"https:\/\/www.albyco.com\/fr\/\"},{\"@type\":\"ListItem\",\"position\":2,\"name\":\"Les produits\",\"item\":\"https:\/\/www.albyco.com\/fr\/producten\/\"},{\"@type\":\"ListItem\",\"position\":3,\"name\":\"Couvertures reliure thermique\u00a0Albyco\"}]}]}<\/script>\n<!-- \/ Yoast SEO plugin. -->","yoast_head_json":{"title":"Couvertures reliure thermique\u00a0Albyco - Albyco","description":"Les couvertures reliure thermique Albyco ont une face avant \u00a0 limpide, transparente (0,15 mm) en\u00a0 PET et un carton blanc brillant (215 g\/m\u00b2) au dos.","robots":{"index":"index","follow":"follow","max-snippet":"max-snippet:-1","max-image-preview":"max-image-preview:large","max-video-preview":"max-video-preview:-1"},"canonical":"https:\/\/www.albyco.com\/fr\/produit\/couvertures-reliure-thermique-albyco\/","og_locale":"fr_FR","og_type":"article","og_title":"Couvertures reliure thermique\u00a0Albyco - Albyco","og_description":"Les couvertures reliure thermique Albyco ont une face avant \u00a0 limpide, transparente (0,15 mm) en\u00a0 PET et un carton blanc brillant (215 g\/m\u00b2) au dos.","og_url":"https:\/\/www.albyco.com\/fr\/produit\/couvertures-reliure-thermique-albyco\/","og_site_name":"Albyco","article_modified_time":"2018-02-23T15:10:46+00:00","og_image":[{"width":661,"height":838,"url":"https:\/\/www.albyco.com\/wp-content\/uploads\/2017\/06\/albyco-albyco-thermische-inbindmappen_MC01WIT100.jpg","type":"image\/jpeg"}],"twitter_card":"summary","twitter_site":"@AlbycoNederland","twitter_misc":{"Dur\u00e9e de lecture estim\u00e9e":"1 minute"},"schema":{"@context":"https:\/\/schema.org","@graph":[{"@type":"Organization","@id":"https:\/\/www.albyco.com\/#organization","name":"Albyco Nederland B.V.","url":"https:\/\/www.albyco.com\/","sameAs":["https:\/\/www.linkedin.com\/company\/18015670\/","https:\/\/www.youtube.com\/user\/AlbycoNederland","https:\/\/nl.pinterest.com\/albyco","https:\/\/twitter.com\/AlbycoNederland"],"logo":{"@type":"ImageObject","@id":"https:\/\/www.albyco.com\/#logo","inLanguage":"fr-FR","url":"https:\/\/www.albyco.com\/wp-content\/uploads\/2017\/07\/albyco_logo_hd.png","contentUrl":"https:\/\/www.albyco.com\/wp-content\/uploads\/2017\/07\/albyco_logo_hd.png","width":300,"height":300,"caption":"Albyco Nederland B.V."},"image":{"@id":"https:\/\/www.albyco.com\/#logo"}},{"@type":"WebSite","@id":"https:\/\/www.albyco.com\/#website","url":"https:\/\/www.albyco.com\/","name":"Albyco","description":"Leverancier voor nabewerking van geprinte media","publisher":{"@id":"https:\/\/www.albyco.com\/#organization"},"potentialAction":[{"@type":"SearchAction","target":{"@type":"EntryPoint","urlTemplate":"https:\/\/www.albyco.com\/?s={search_term_string}"},"query-input":"required name=search_term_string"}],"inLanguage":"fr-FR"},{"@type":"ImageObject","@id":"https:\/\/www.albyco.com\/fr\/produit\/couvertures-reliure-thermique-albyco\/#primaryimage","inLanguage":"fr-FR","url":"https:\/\/www.albyco.com\/wp-content\/uploads\/2017\/06\/albyco-albyco-thermische-inbindmappen_MC01WIT100.jpg","contentUrl":"https:\/\/www.albyco.com\/wp-content\/uploads\/2017\/06\/albyco-albyco-thermische-inbindmappen_MC01WIT100.jpg","width":661,"height":838,"caption":"Couvertures reliure thermique\u00a0Albyco"},{"@type":"WebPage","@id":"https:\/\/www.albyco.com\/fr\/produit\/couvertures-reliure-thermique-albyco\/#webpage","url":"https:\/\/www.albyco.com\/fr\/produit\/couvertures-reliure-thermique-albyco\/","name":"Couvertures reliure thermique\u00a0Albyco - Albyco","isPartOf":{"@id":"https:\/\/www.albyco.com\/#website"},"primaryImageOfPage":{"@id":"https:\/\/www.albyco.com\/fr\/produit\/couvertures-reliure-thermique-albyco\/#primaryimage"},"datePublished":"2017-07-10T13:23:21+00:00","dateModified":"2018-02-23T15:10:46+00:00","description":"Les couvertures reliure thermique Albyco ont une face avant \u00a0 limpide, transparente (0,15 mm) en\u00a0 PET et un carton blanc brillant (215 g\/m\u00b2) au dos.","breadcrumb":{"@id":"https:\/\/www.albyco.com\/fr\/produit\/couvertures-reliure-thermique-albyco\/#breadcrumb"},"inLanguage":"fr-FR","potentialAction":[{"@type":"ReadAction","target":["https:\/\/www.albyco.com\/fr\/produit\/couvertures-reliure-thermique-albyco\/"]}]},{"@type":"BreadcrumbList","@id":"https:\/\/www.albyco.com\/fr\/produit\/couvertures-reliure-thermique-albyco\/#breadcrumb","itemListElement":[{"@type":"ListItem","position":1,"name":"Home","item":"https:\/\/www.albyco.com\/fr\/"},{"@type":"ListItem","position":2,"name":"Les produits","item":"https:\/\/www.albyco.com\/fr\/producten\/"},{"@type":"ListItem","position":3,"name":"Couvertures reliure thermique\u00a0Albyco"}]}]}},"_links":{"self":[{"href":"https:\/\/www.albyco.com\/fr\/wp-json\/wp\/v2\/product\/9842"}],"collection":[{"href":"https:\/\/www.albyco.com\/fr\/wp-json\/wp\/v2\/product"}],"about":[{"href":"https:\/\/www.albyco.com\/fr\/wp-json\/wp\/v2\/types\/product"}],"replies":[{"embeddable":true,"href":"https:\/\/www.albyco.com\/fr\/wp-json\/wp\/v2\/comments?post=9842"}],"wp:featuredmedia":[{"embeddable":true,"href":"https:\/\/www.albyco.com\/fr\/wp-json\/wp\/v2\/media\/7676"}],"wp:attachment":[{"href":"https:\/\/www.albyco.com\/fr\/wp-json\/wp\/v2\/media?parent=9842"}],"wp:term":[{"taxonomy":"product_cat","embeddable":true,"href":"https:\/\/www.albyco.com\/fr\/wp-json\/wp\/v2\/product_cat?post=9842"},{"taxonomy":"product_tag","embeddable":true,"href":"https:\/\/www.albyco.com\/fr\/wp-json\/wp\/v2\/product_tag?post=9842"}],"curies":[{"name":"wp","href":"https:\/\/api.w.org\/{rel}","templated":true}]}}