{"id":9826,"date":"2017-07-10T15:22:26","date_gmt":"2017-07-10T13:22:26","guid":{"rendered":"https:\/\/www.albyco.com\/product\/les-pochettes-a-plastifier-mat-albyco\/"},"modified":"2020-10-07T11:43:41","modified_gmt":"2020-10-07T09:43:41","slug":"les-pochettes-a-plastifier-mat-albyco","status":"publish","type":"product","link":"https:\/\/www.albyco.com\/fr\/produit\/les-pochettes-a-plastifier-mat-albyco\/","title":{"rendered":"Les pochettes \u00e0 plastifier mat Albyco"},"content":{"rendered":"<p class=\"p1\"><strong>Les pochettes \u00e0 plastifier mat Albyco<\/strong> sont \u00e9quip\u00e9e s avec des coins arrondis.<\/p>\r\n<p class=\"p1\">ReliurePlastification fournit un certain nombre de mod\u00e8les professionnels garantissant<span class=\"Apple-converted-space\">\u00a0 <\/span>un proc\u00e9d\u00e9 de plastification professionnel. Les feuilles de papier sont enti\u00e8rement ferm\u00e9es,<span class=\"Apple-converted-space\">\u00a0 <\/span>ainsi encapsul\u00e9es. Ainsi, les feuilles lamin\u00e9es restent compl\u00e8tement \u00e9tanches.<\/p>\r\n<p class=\"p1\">La couche de mati\u00e8re plastique des<span class=\"Apple-converted-space\">\u00a0 <\/span>pochettes Albyco est fabriqu\u00e9e en PET. Cette couche<span class=\"Apple-converted-space\">\u00a0 <\/span>plastique a un effet cristallin. En combinaison avec la haute qualit\u00e9 colle EVA avec un point de fusion solide et une viscosit\u00e9 constante, la feuille<span class=\"Apple-converted-space\">\u00a0 <\/span>est press\u00e9e pendant la plastification sans d\u00e9bordement de colle sur les rouleaux.<\/p>\r\n<p class=\"p1\">Un bienfait pour votre plastifieuse. Cela vous permet de positionner rapidement et avec pr\u00e9cision vos impressions et d&#8217;imprimer les couvertures.<span class=\"Apple-converted-space\">\u00a0 <\/span>beaucoup moins d&#8217;entretien des rouleaux.<\/p>\r\n<p class=\"p1\">Les pochettes Albyco disposent d&#8217;une finition anti-statique unique. Cela vous permet de positionner rapidement et avec pr\u00e9cision vos impressions et d&#8217;imprimer les couvertures. ReliurePlastification offre des pochettes en plusieurs tailles, allant de 59 x 83 mm jusqu&#8217;\u00e0 et y compris le format A2, de 2 x 60 microns \u00e0 2 x 250 microns brillant ou mat. De plus ReliurePlastification offre des types sp\u00e9ciaux, tels que des<span class=\"Apple-converted-space\">\u00a0 <\/span>pochettes de plastification avec multiperforations et des housses adh\u00e9sives<span class=\"Apple-converted-space\">\u00a0 <\/span>avec des formats DIN A brut.<\/p>\r\n<p class=\"p1\">Les pochettes de plastification Mat<span class=\"Apple-converted-space\">\u00a0<\/span>sont sur le plan technique<span class=\"Apple-converted-space\">\u00a0 <\/span>identiques aux pochettes de plastification brillantes. Les housses de plastification sont \u00e9quip\u00e9es d&#8217;un rev\u00eatement mate luxueux. Ces housses<span class=\"Apple-converted-space\">\u00a0 <\/span>sont une solution id\u00e9ale pour les documents qui doivent rester plus longtemps pr\u00e9sentables. Les housses de plastification sont <span class=\"Apple-converted-space\">\u00a0 <\/span>beaucoup moins sensibles aux traces de doigts et aux dommages. En outre, la finition mate donne une apparence exclusive aux cartes de menu, aux invitations ou \u00e0 la couverture exclusive d&#8217;un rapport complet.<span class=\"Apple-converted-space\">\u00a0 <\/span>On peut \u00e9crire au crayon \u00e0 papier et effacer \u00e0 la gomme sur les housses de plastification mates. . Les housses de plastification<span class=\"Apple-converted-space\">\u00a0 <\/span>Albyco sont<span class=\"Apple-converted-space\">\u00a0 <\/span>munies de coins arrondis standard.<\/p>\r\n<p class=\"p1\">Sur le march\u00e9 professionnel, o\u00f9<span class=\"Apple-converted-space\">\u00a0 <\/span>ReliurePlastification op\u00e8re,<span class=\"Apple-converted-space\">\u00a0 <\/span>le format A3 est en fait le format le plus utilis\u00e9, \u00e0 c\u00f4t\u00e9 du<span class=\"Apple-converted-space\">\u00a0 <\/span>A4. Les pochettes de plastification<span class=\"Apple-converted-space\">\u00a0 <\/span>sont d&#8217;environ 3 mm plus grandes que les feuilles A3. De ce fait, les feuilles sont compl\u00e8tement enferm\u00e9es, encapsul\u00e9es ainsi. Cela maintient les feuilles plastifi\u00e9es compl\u00e8tement imperm\u00e9ables. Les documents encapsul\u00e9s peuvent \u00eatre coup\u00e9s, mais ils ne sont plus \u00e9tanches. La couche plastique des capsules de plastification est produite en<span class=\"Apple-converted-space\">\u00a0<\/span>PET. Ce mat\u00e9riau est limpide. En combinaison avec la colle EVA de haute qualit\u00e9, avec un point de fusion fixe et une viscosit\u00e9 constante,aucun d\u00e9bordement de colle se produit sur les rouleaux. Un bienfait pour votre plastifieuse. Et entretien plus facile des rouleaux. Les pochettes plastifi\u00e9es<span class=\"Apple-converted-space\">\u00a0<\/span>Albyco pr\u00e9sentent une unique finition anti-statique. Cela vous permet de positionner rapidement et pr\u00e9cis\u00e9ment vos tirages et vos impressions. ReliurePlastification fournit des pochettes de plastification<span class=\"Apple-converted-space\">\u00a0<\/span>en<span class=\"Apple-converted-space\">\u00a0<\/span>nombreuses tailles allant de 59 x 83 mm \u00e0 la taille A2, de 2 x 75 microns \u00e0 2 x 250 microns, brillant ou mat. En outre, de plus ReliurePlastification offre des types sp\u00e9ciaux, tels que des<span class=\"Apple-converted-space\">\u00a0<\/span>pochettes de plastification avec multiperforations et<span class=\"Apple-converted-space\">\u00a0<\/span>des housses adh\u00e9sives<span class=\"Apple-converted-space\">\u00a0<\/span>avec des formats<span class=\"Apple-converted-space\">\u00a0<\/span>DIN A brut.<\/p>\r\n<p class=\"p1\">Toutes les feuilles plastifi\u00e9es Albyco pr\u00e9sentent une finition anti-statique unique. Cela vous permet de positionner vos impressions et d&#8217;imprimer plus pr\u00e9cis\u00e9ment et plus rapidement dans les manches. C&#8217;est une diff\u00e9rence importante avec des probl\u00e8mes plus importants! ReliurePlastification fournit des rev\u00eatements stratifi\u00e9s dans de nombreuses tailles allant de 59 x 83 mm \u00e0 la taille A2, de 2 x 68 microns \u00e0 2 x 250 microns, brillant ou mat. En outre, ReliurePlastification offre des types sp\u00e9ciaux, comme<span class=\"Apple-converted-space\">\u00a0 <\/span>des pochettes multi-perfor\u00e9es,<span class=\"Apple-converted-space\">\u00a0 <\/span>des pochettes<span class=\"Apple-converted-space\">\u00a0 <\/span>autocollantes et des pochettes de plastification pr\u00e9sentoir avec des formats DIN-A bruts.<\/p>\r\n<p class=\"p1\"><\/p>\r\n<a href=\"https:\/\/www.albyco.com\/fr\/contactez-nous\/\"><img loading=\"lazy\" class=\"size-full wp-image-11223 alignleft\" src=\"https:\/\/www.albyco.com\/wp-content\/uploads\/2018\/02\/CTA-Albyco-fr-2.jpg\" alt=\"\" width=\"225\" height=\"141\" srcset=\"https:\/\/www.albyco.com\/wp-content\/uploads\/2018\/02\/CTA-Albyco-fr-2.jpg 225w, https:\/\/www.albyco.com\/wp-content\/uploads\/2018\/02\/CTA-Albyco-fr-2-100x63.jpg 100w, https:\/\/www.albyco.com\/wp-content\/uploads\/2018\/02\/CTA-Albyco-fr-2-24x15.jpg 24w, https:\/\/www.albyco.com\/wp-content\/uploads\/2018\/02\/CTA-Albyco-fr-2-36x23.jpg 36w, https:\/\/www.albyco.com\/wp-content\/uploads\/2018\/02\/CTA-Albyco-fr-2-48x30.jpg 48w\" sizes=\"(max-width: 225px) 100vw, 225px\" \/><\/a>","protected":false},"excerpt":{"rendered":"<p><strong>Les pochettes \u00e0 plastifier mat Albyco<\/strong>. La taille de ces couvertures de stratification est facultativement A3, A4 ou A5. L&#8217;\u00e9paisseur de ces couvertures de stratification est 2x 125 microns.<\/p>\n","protected":false},"featured_media":17994,"comment_status":"open","ping_status":"closed","template":"","meta":[],"product_cat":[2808,2871,3073,3081],"product_tag":[3048,2734,3074,3075,3077,2739,2775,2776,3082],"yoast_head":"<!-- This site is optimized with the Yoast SEO plugin v18.6 - https:\/\/yoast.com\/wordpress\/plugins\/seo\/ -->\n<title>Les pochettes \u00e0 plastifier mat Albyco - Albyco<\/title>\n<meta name=\"description\" content=\"Les pochettes \u00e0 plastifier mat Albyco. La taille de ces couvertures de stratification est facultativement A3, A4 ou A5. L&#039;\u00e9paisseur de ces couvertures de stratification est 2x 125 microns.\" \/>\n<meta name=\"robots\" content=\"index, follow, max-snippet:-1, max-image-preview:large, max-video-preview:-1\" \/>\n<link rel=\"canonical\" href=\"https:\/\/www.albyco.com\/fr\/produit\/les-pochettes-a-plastifier-mat-albyco\/\" \/>\n<meta property=\"og:locale\" content=\"fr_FR\" \/>\n<meta property=\"og:type\" content=\"article\" \/>\n<meta property=\"og:title\" content=\"Les pochettes \u00e0 plastifier mat Albyco - Albyco\" \/>\n<meta property=\"og:description\" content=\"Les pochettes \u00e0 plastifier mat Albyco. La taille de ces couvertures de stratification est facultativement A3, A4 ou A5. L&#039;\u00e9paisseur de ces couvertures de stratification est 2x 125 microns.\" \/>\n<meta property=\"og:url\" content=\"https:\/\/www.albyco.com\/fr\/produit\/les-pochettes-a-plastifier-mat-albyco\/\" \/>\n<meta property=\"og:site_name\" content=\"Albyco\" \/>\n<meta property=\"article:modified_time\" content=\"2020-10-07T09:43:41+00:00\" \/>\n<meta property=\"og:image\" content=\"https:\/\/www.albyco.com\/wp-content\/uploads\/2017\/07\/Lamineersheet-mat.jpg\" \/>\n\t<meta property=\"og:image:width\" content=\"500\" \/>\n\t<meta property=\"og:image:height\" content=\"500\" \/>\n\t<meta property=\"og:image:type\" content=\"image\/jpeg\" \/>\n<meta name=\"twitter:card\" content=\"summary\" \/>\n<meta name=\"twitter:site\" content=\"@AlbycoNederland\" \/>\n<meta name=\"twitter:label1\" content=\"Dur\u00e9e de lecture estim\u00e9e\" \/>\n\t<meta name=\"twitter:data1\" content=\"3 minutes\" \/>\n<script type=\"application\/ld+json\" class=\"yoast-schema-graph\">{\"@context\":\"https:\/\/schema.org\",\"@graph\":[{\"@type\":\"Organization\",\"@id\":\"https:\/\/www.albyco.com\/#organization\",\"name\":\"Albyco Nederland B.V.\",\"url\":\"https:\/\/www.albyco.com\/\",\"sameAs\":[\"https:\/\/www.linkedin.com\/company\/18015670\/\",\"https:\/\/www.youtube.com\/user\/AlbycoNederland\",\"https:\/\/nl.pinterest.com\/albyco\",\"https:\/\/twitter.com\/AlbycoNederland\"],\"logo\":{\"@type\":\"ImageObject\",\"@id\":\"https:\/\/www.albyco.com\/#logo\",\"inLanguage\":\"fr-FR\",\"url\":\"https:\/\/www.albyco.com\/wp-content\/uploads\/2017\/07\/albyco_logo_hd.png\",\"contentUrl\":\"https:\/\/www.albyco.com\/wp-content\/uploads\/2017\/07\/albyco_logo_hd.png\",\"width\":300,\"height\":300,\"caption\":\"Albyco Nederland B.V.\"},\"image\":{\"@id\":\"https:\/\/www.albyco.com\/#logo\"}},{\"@type\":\"WebSite\",\"@id\":\"https:\/\/www.albyco.com\/#website\",\"url\":\"https:\/\/www.albyco.com\/\",\"name\":\"Albyco\",\"description\":\"Leverancier voor nabewerking van geprinte media\",\"publisher\":{\"@id\":\"https:\/\/www.albyco.com\/#organization\"},\"potentialAction\":[{\"@type\":\"SearchAction\",\"target\":{\"@type\":\"EntryPoint\",\"urlTemplate\":\"https:\/\/www.albyco.com\/?s={search_term_string}\"},\"query-input\":\"required name=search_term_string\"}],\"inLanguage\":\"fr-FR\"},{\"@type\":\"ImageObject\",\"@id\":\"https:\/\/www.albyco.com\/fr\/produit\/les-pochettes-a-plastifier-mat-albyco\/#primaryimage\",\"inLanguage\":\"fr-FR\",\"url\":\"https:\/\/www.albyco.com\/wp-content\/uploads\/2017\/07\/Lamineersheet-mat.jpg\",\"contentUrl\":\"https:\/\/www.albyco.com\/wp-content\/uploads\/2017\/07\/Lamineersheet-mat.jpg\",\"width\":500,\"height\":500,\"caption\":\"Lamineersheet-mat\"},{\"@type\":\"WebPage\",\"@id\":\"https:\/\/www.albyco.com\/fr\/produit\/les-pochettes-a-plastifier-mat-albyco\/#webpage\",\"url\":\"https:\/\/www.albyco.com\/fr\/produit\/les-pochettes-a-plastifier-mat-albyco\/\",\"name\":\"Les pochettes \u00e0 plastifier mat Albyco - Albyco\",\"isPartOf\":{\"@id\":\"https:\/\/www.albyco.com\/#website\"},\"primaryImageOfPage\":{\"@id\":\"https:\/\/www.albyco.com\/fr\/produit\/les-pochettes-a-plastifier-mat-albyco\/#primaryimage\"},\"datePublished\":\"2017-07-10T13:22:26+00:00\",\"dateModified\":\"2020-10-07T09:43:41+00:00\",\"description\":\"Les pochettes \u00e0 plastifier mat Albyco. La taille de ces couvertures de stratification est facultativement A3, A4 ou A5. L'\u00e9paisseur de ces couvertures de stratification est 2x 125 microns.\",\"breadcrumb\":{\"@id\":\"https:\/\/www.albyco.com\/fr\/produit\/les-pochettes-a-plastifier-mat-albyco\/#breadcrumb\"},\"inLanguage\":\"fr-FR\",\"potentialAction\":[{\"@type\":\"ReadAction\",\"target\":[\"https:\/\/www.albyco.com\/fr\/produit\/les-pochettes-a-plastifier-mat-albyco\/\"]}]},{\"@type\":\"BreadcrumbList\",\"@id\":\"https:\/\/www.albyco.com\/fr\/produit\/les-pochettes-a-plastifier-mat-albyco\/#breadcrumb\",\"itemListElement\":[{\"@type\":\"ListItem\",\"position\":1,\"name\":\"Home\",\"item\":\"https:\/\/www.albyco.com\/fr\/\"},{\"@type\":\"ListItem\",\"position\":2,\"name\":\"Les produits\",\"item\":\"https:\/\/www.albyco.com\/fr\/producten\/\"},{\"@type\":\"ListItem\",\"position\":3,\"name\":\"Les pochettes \u00e0 plastifier mat Albyco\"}]}]}<\/script>\n<!-- \/ Yoast SEO plugin. -->","yoast_head_json":{"title":"Les pochettes \u00e0 plastifier mat Albyco - Albyco","description":"Les pochettes \u00e0 plastifier mat Albyco. La taille de ces couvertures de stratification est facultativement A3, A4 ou A5. L'\u00e9paisseur de ces couvertures de stratification est 2x 125 microns.","robots":{"index":"index","follow":"follow","max-snippet":"max-snippet:-1","max-image-preview":"max-image-preview:large","max-video-preview":"max-video-preview:-1"},"canonical":"https:\/\/www.albyco.com\/fr\/produit\/les-pochettes-a-plastifier-mat-albyco\/","og_locale":"fr_FR","og_type":"article","og_title":"Les pochettes \u00e0 plastifier mat Albyco - Albyco","og_description":"Les pochettes \u00e0 plastifier mat Albyco. La taille de ces couvertures de stratification est facultativement A3, A4 ou A5. L'\u00e9paisseur de ces couvertures de stratification est 2x 125 microns.","og_url":"https:\/\/www.albyco.com\/fr\/produit\/les-pochettes-a-plastifier-mat-albyco\/","og_site_name":"Albyco","article_modified_time":"2020-10-07T09:43:41+00:00","og_image":[{"width":500,"height":500,"url":"https:\/\/www.albyco.com\/wp-content\/uploads\/2017\/07\/Lamineersheet-mat.jpg","type":"image\/jpeg"}],"twitter_card":"summary","twitter_site":"@AlbycoNederland","twitter_misc":{"Dur\u00e9e de lecture estim\u00e9e":"3 minutes"},"schema":{"@context":"https:\/\/schema.org","@graph":[{"@type":"Organization","@id":"https:\/\/www.albyco.com\/#organization","name":"Albyco Nederland B.V.","url":"https:\/\/www.albyco.com\/","sameAs":["https:\/\/www.linkedin.com\/company\/18015670\/","https:\/\/www.youtube.com\/user\/AlbycoNederland","https:\/\/nl.pinterest.com\/albyco","https:\/\/twitter.com\/AlbycoNederland"],"logo":{"@type":"ImageObject","@id":"https:\/\/www.albyco.com\/#logo","inLanguage":"fr-FR","url":"https:\/\/www.albyco.com\/wp-content\/uploads\/2017\/07\/albyco_logo_hd.png","contentUrl":"https:\/\/www.albyco.com\/wp-content\/uploads\/2017\/07\/albyco_logo_hd.png","width":300,"height":300,"caption":"Albyco Nederland B.V."},"image":{"@id":"https:\/\/www.albyco.com\/#logo"}},{"@type":"WebSite","@id":"https:\/\/www.albyco.com\/#website","url":"https:\/\/www.albyco.com\/","name":"Albyco","description":"Leverancier voor nabewerking van geprinte media","publisher":{"@id":"https:\/\/www.albyco.com\/#organization"},"potentialAction":[{"@type":"SearchAction","target":{"@type":"EntryPoint","urlTemplate":"https:\/\/www.albyco.com\/?s={search_term_string}"},"query-input":"required name=search_term_string"}],"inLanguage":"fr-FR"},{"@type":"ImageObject","@id":"https:\/\/www.albyco.com\/fr\/produit\/les-pochettes-a-plastifier-mat-albyco\/#primaryimage","inLanguage":"fr-FR","url":"https:\/\/www.albyco.com\/wp-content\/uploads\/2017\/07\/Lamineersheet-mat.jpg","contentUrl":"https:\/\/www.albyco.com\/wp-content\/uploads\/2017\/07\/Lamineersheet-mat.jpg","width":500,"height":500,"caption":"Lamineersheet-mat"},{"@type":"WebPage","@id":"https:\/\/www.albyco.com\/fr\/produit\/les-pochettes-a-plastifier-mat-albyco\/#webpage","url":"https:\/\/www.albyco.com\/fr\/produit\/les-pochettes-a-plastifier-mat-albyco\/","name":"Les pochettes \u00e0 plastifier mat Albyco - Albyco","isPartOf":{"@id":"https:\/\/www.albyco.com\/#website"},"primaryImageOfPage":{"@id":"https:\/\/www.albyco.com\/fr\/produit\/les-pochettes-a-plastifier-mat-albyco\/#primaryimage"},"datePublished":"2017-07-10T13:22:26+00:00","dateModified":"2020-10-07T09:43:41+00:00","description":"Les pochettes \u00e0 plastifier mat Albyco. La taille de ces couvertures de stratification est facultativement A3, A4 ou A5. L'\u00e9paisseur de ces couvertures de stratification est 2x 125 microns.","breadcrumb":{"@id":"https:\/\/www.albyco.com\/fr\/produit\/les-pochettes-a-plastifier-mat-albyco\/#breadcrumb"},"inLanguage":"fr-FR","potentialAction":[{"@type":"ReadAction","target":["https:\/\/www.albyco.com\/fr\/produit\/les-pochettes-a-plastifier-mat-albyco\/"]}]},{"@type":"BreadcrumbList","@id":"https:\/\/www.albyco.com\/fr\/produit\/les-pochettes-a-plastifier-mat-albyco\/#breadcrumb","itemListElement":[{"@type":"ListItem","position":1,"name":"Home","item":"https:\/\/www.albyco.com\/fr\/"},{"@type":"ListItem","position":2,"name":"Les produits","item":"https:\/\/www.albyco.com\/fr\/producten\/"},{"@type":"ListItem","position":3,"name":"Les pochettes \u00e0 plastifier mat Albyco"}]}]}},"_links":{"self":[{"href":"https:\/\/www.albyco.com\/fr\/wp-json\/wp\/v2\/product\/9826"}],"collection":[{"href":"https:\/\/www.albyco.com\/fr\/wp-json\/wp\/v2\/product"}],"about":[{"href":"https:\/\/www.albyco.com\/fr\/wp-json\/wp\/v2\/types\/product"}],"replies":[{"embeddable":true,"href":"https:\/\/www.albyco.com\/fr\/wp-json\/wp\/v2\/comments?post=9826"}],"wp:featuredmedia":[{"embeddable":true,"href":"https:\/\/www.albyco.com\/fr\/wp-json\/wp\/v2\/media\/17994"}],"wp:attachment":[{"href":"https:\/\/www.albyco.com\/fr\/wp-json\/wp\/v2\/media?parent=9826"}],"wp:term":[{"taxonomy":"product_cat","embeddable":true,"href":"https:\/\/www.albyco.com\/fr\/wp-json\/wp\/v2\/product_cat?post=9826"},{"taxonomy":"product_tag","embeddable":true,"href":"https:\/\/www.albyco.com\/fr\/wp-json\/wp\/v2\/product_tag?post=9826"}],"curies":[{"name":"wp","href":"https:\/\/api.w.org\/{rel}","templated":true}]}}