{"id":9754,"date":"2017-07-07T15:41:26","date_gmt":"2017-07-07T13:41:26","guid":{"rendered":"https:\/\/www.albyco.com\/product\/gmp-petlam-rouleaux-de-plastification-mat\/"},"modified":"2018-02-22T16:19:01","modified_gmt":"2018-02-22T15:19:01","slug":"gmp-petlam-rouleaux-de-plastification-mat","status":"publish","type":"product","link":"https:\/\/www.albyco.com\/fr\/produit\/gmp-petlam-rouleaux-de-plastification-mat\/","title":{"rendered":"GMP PETLam rouleaux de plastification, mat"},"content":{"rendered":"<p class=\"p1\">Rouleaux de plastification, brillant standard, Perfex\u00aeMat, la variante de base dans la tr\u00e8s large gamme de films GMP-plastification. Le film est caract\u00e9ris\u00e9 par une r\u00e9sistance \u00e0 la fusion pr\u00e9cise \u00e0 une faible temp\u00e9rature de traitement. Ce qui \u00e9vite aux r\u00e9sidus de colle de se d\u00e9poser sur les rouleaux. Le Polyester GMP PETLam, PET, ou d&#8217;un film de plastification est muni d&#8217;un adh\u00e9sif (Base Tack) collant, utilis\u00e9 pour la plastification\/l`encapsulage pour une vari\u00e9t\u00e9 de supports imprim\u00e9s. Film polyester de plastification est utilis\u00e9, entre autres, pour la protection des pigments<span class=\"Apple-converted-space\">\u00a0 <\/span>des impressions d&#8217;encre. Ce film peut \u00eatre trait\u00e9 sur des machines de GMP, GBC, Royal Souvereign.<\/p>\r\n&nbsp;\r\n\r\n<a href=\"https:\/\/www.albyco.com\/fr\/contactez-nous\/\"><img loading=\"lazy\" class=\"size-full wp-image-11223 alignleft\" src=\"https:\/\/www.albyco.com\/wp-content\/uploads\/2018\/02\/CTA-Albyco-fr-2.jpg\" alt=\"\" width=\"225\" height=\"141\" srcset=\"https:\/\/www.albyco.com\/wp-content\/uploads\/2018\/02\/CTA-Albyco-fr-2.jpg 225w, https:\/\/www.albyco.com\/wp-content\/uploads\/2018\/02\/CTA-Albyco-fr-2-100x63.jpg 100w, https:\/\/www.albyco.com\/wp-content\/uploads\/2018\/02\/CTA-Albyco-fr-2-24x15.jpg 24w, https:\/\/www.albyco.com\/wp-content\/uploads\/2018\/02\/CTA-Albyco-fr-2-36x23.jpg 36w, https:\/\/www.albyco.com\/wp-content\/uploads\/2018\/02\/CTA-Albyco-fr-2-48x30.jpg 48w\" sizes=\"(max-width: 225px) 100vw, 225px\" \/><\/a>","protected":false},"excerpt":{"rendered":"<p>Rouleaux de plastification, brillant standard, Perfex\u00aeMat, la variante de base dans la tr\u00e8s large gamme de films GMP-plastification.<\/p>\n","protected":false},"featured_media":7787,"comment_status":"open","ping_status":"closed","template":"","meta":[],"product_cat":[2808,2871,2945,3023],"product_tag":[3048,3049,2974,3024,2730,3026],"yoast_head":"<!-- This site is optimized with the Yoast SEO plugin v18.6 - https:\/\/yoast.com\/wordpress\/plugins\/seo\/ -->\n<title>GMP PETLam rouleaux de plastification, mat - Albyco<\/title>\n<meta name=\"description\" content=\"Rouleaux de plastification, brillant standard, Perfex\u00aeMat, la variante de base dans la tr\u00e8s large gamme de films GMP-plastification.\" \/>\n<meta name=\"robots\" content=\"index, follow, max-snippet:-1, max-image-preview:large, max-video-preview:-1\" \/>\n<link rel=\"canonical\" href=\"https:\/\/www.albyco.com\/fr\/produit\/gmp-petlam-rouleaux-de-plastification-mat\/\" \/>\n<meta property=\"og:locale\" content=\"fr_FR\" \/>\n<meta property=\"og:type\" content=\"article\" \/>\n<meta property=\"og:title\" content=\"GMP PETLam rouleaux de plastification, mat - Albyco\" \/>\n<meta property=\"og:description\" content=\"Rouleaux de plastification, brillant standard, Perfex\u00aeMat, la variante de base dans la tr\u00e8s large gamme de films GMP-plastification.\" \/>\n<meta property=\"og:url\" content=\"https:\/\/www.albyco.com\/fr\/produit\/gmp-petlam-rouleaux-de-plastification-mat\/\" \/>\n<meta property=\"og:site_name\" content=\"Albyco\" \/>\n<meta property=\"article:modified_time\" content=\"2018-02-22T15:19:01+00:00\" \/>\n<meta property=\"og:image\" content=\"https:\/\/www.albyco.com\/wp-content\/uploads\/2017\/06\/albyco-albyco-petlam-kern-77-mm-mat_LR821040C0205.jpg\" \/>\n\t<meta property=\"og:image:width\" content=\"400\" \/>\n\t<meta property=\"og:image:height\" content=\"400\" \/>\n\t<meta property=\"og:image:type\" content=\"image\/jpeg\" \/>\n<meta name=\"twitter:card\" content=\"summary\" \/>\n<meta name=\"twitter:site\" content=\"@AlbycoNederland\" \/>\n<meta name=\"twitter:label1\" content=\"Dur\u00e9e de lecture estim\u00e9e\" \/>\n\t<meta name=\"twitter:data1\" content=\"1 minute\" \/>\n<script type=\"application\/ld+json\" class=\"yoast-schema-graph\">{\"@context\":\"https:\/\/schema.org\",\"@graph\":[{\"@type\":\"Organization\",\"@id\":\"https:\/\/www.albyco.com\/#organization\",\"name\":\"Albyco Nederland B.V.\",\"url\":\"https:\/\/www.albyco.com\/\",\"sameAs\":[\"https:\/\/www.linkedin.com\/company\/18015670\/\",\"https:\/\/www.youtube.com\/user\/AlbycoNederland\",\"https:\/\/nl.pinterest.com\/albyco\",\"https:\/\/twitter.com\/AlbycoNederland\"],\"logo\":{\"@type\":\"ImageObject\",\"@id\":\"https:\/\/www.albyco.com\/#logo\",\"inLanguage\":\"fr-FR\",\"url\":\"https:\/\/www.albyco.com\/wp-content\/uploads\/2017\/07\/albyco_logo_hd.png\",\"contentUrl\":\"https:\/\/www.albyco.com\/wp-content\/uploads\/2017\/07\/albyco_logo_hd.png\",\"width\":300,\"height\":300,\"caption\":\"Albyco Nederland B.V.\"},\"image\":{\"@id\":\"https:\/\/www.albyco.com\/#logo\"}},{\"@type\":\"WebSite\",\"@id\":\"https:\/\/www.albyco.com\/#website\",\"url\":\"https:\/\/www.albyco.com\/\",\"name\":\"Albyco\",\"description\":\"Leverancier voor nabewerking van geprinte media\",\"publisher\":{\"@id\":\"https:\/\/www.albyco.com\/#organization\"},\"potentialAction\":[{\"@type\":\"SearchAction\",\"target\":{\"@type\":\"EntryPoint\",\"urlTemplate\":\"https:\/\/www.albyco.com\/?s={search_term_string}\"},\"query-input\":\"required name=search_term_string\"}],\"inLanguage\":\"fr-FR\"},{\"@type\":\"ImageObject\",\"@id\":\"https:\/\/www.albyco.com\/fr\/produit\/gmp-petlam-rouleaux-de-plastification-mat\/#primaryimage\",\"inLanguage\":\"fr-FR\",\"url\":\"https:\/\/www.albyco.com\/wp-content\/uploads\/2017\/06\/albyco-albyco-petlam-kern-77-mm-mat_LR821040C0205.jpg\",\"contentUrl\":\"https:\/\/www.albyco.com\/wp-content\/uploads\/2017\/06\/albyco-albyco-petlam-kern-77-mm-mat_LR821040C0205.jpg\",\"width\":400,\"height\":400,\"caption\":\"GMP PETLam rouleaux de plastification, mat\"},{\"@type\":\"WebPage\",\"@id\":\"https:\/\/www.albyco.com\/fr\/produit\/gmp-petlam-rouleaux-de-plastification-mat\/#webpage\",\"url\":\"https:\/\/www.albyco.com\/fr\/produit\/gmp-petlam-rouleaux-de-plastification-mat\/\",\"name\":\"GMP PETLam rouleaux de plastification, mat - Albyco\",\"isPartOf\":{\"@id\":\"https:\/\/www.albyco.com\/#website\"},\"primaryImageOfPage\":{\"@id\":\"https:\/\/www.albyco.com\/fr\/produit\/gmp-petlam-rouleaux-de-plastification-mat\/#primaryimage\"},\"datePublished\":\"2017-07-07T13:41:26+00:00\",\"dateModified\":\"2018-02-22T15:19:01+00:00\",\"description\":\"Rouleaux de plastification, brillant standard, Perfex\u00aeMat, la variante de base dans la tr\u00e8s large gamme de films GMP-plastification.\",\"breadcrumb\":{\"@id\":\"https:\/\/www.albyco.com\/fr\/produit\/gmp-petlam-rouleaux-de-plastification-mat\/#breadcrumb\"},\"inLanguage\":\"fr-FR\",\"potentialAction\":[{\"@type\":\"ReadAction\",\"target\":[\"https:\/\/www.albyco.com\/fr\/produit\/gmp-petlam-rouleaux-de-plastification-mat\/\"]}]},{\"@type\":\"BreadcrumbList\",\"@id\":\"https:\/\/www.albyco.com\/fr\/produit\/gmp-petlam-rouleaux-de-plastification-mat\/#breadcrumb\",\"itemListElement\":[{\"@type\":\"ListItem\",\"position\":1,\"name\":\"Home\",\"item\":\"https:\/\/www.albyco.com\/fr\/\"},{\"@type\":\"ListItem\",\"position\":2,\"name\":\"Les produits\",\"item\":\"https:\/\/www.albyco.com\/fr\/producten\/\"},{\"@type\":\"ListItem\",\"position\":3,\"name\":\"GMP PETLam rouleaux de plastification, mat\"}]}]}<\/script>\n<!-- \/ Yoast SEO plugin. -->","yoast_head_json":{"title":"GMP PETLam rouleaux de plastification, mat - Albyco","description":"Rouleaux de plastification, brillant standard, Perfex\u00aeMat, la variante de base dans la tr\u00e8s large gamme de films GMP-plastification.","robots":{"index":"index","follow":"follow","max-snippet":"max-snippet:-1","max-image-preview":"max-image-preview:large","max-video-preview":"max-video-preview:-1"},"canonical":"https:\/\/www.albyco.com\/fr\/produit\/gmp-petlam-rouleaux-de-plastification-mat\/","og_locale":"fr_FR","og_type":"article","og_title":"GMP PETLam rouleaux de plastification, mat - Albyco","og_description":"Rouleaux de plastification, brillant standard, Perfex\u00aeMat, la variante de base dans la tr\u00e8s large gamme de films GMP-plastification.","og_url":"https:\/\/www.albyco.com\/fr\/produit\/gmp-petlam-rouleaux-de-plastification-mat\/","og_site_name":"Albyco","article_modified_time":"2018-02-22T15:19:01+00:00","og_image":[{"width":400,"height":400,"url":"https:\/\/www.albyco.com\/wp-content\/uploads\/2017\/06\/albyco-albyco-petlam-kern-77-mm-mat_LR821040C0205.jpg","type":"image\/jpeg"}],"twitter_card":"summary","twitter_site":"@AlbycoNederland","twitter_misc":{"Dur\u00e9e de lecture estim\u00e9e":"1 minute"},"schema":{"@context":"https:\/\/schema.org","@graph":[{"@type":"Organization","@id":"https:\/\/www.albyco.com\/#organization","name":"Albyco Nederland B.V.","url":"https:\/\/www.albyco.com\/","sameAs":["https:\/\/www.linkedin.com\/company\/18015670\/","https:\/\/www.youtube.com\/user\/AlbycoNederland","https:\/\/nl.pinterest.com\/albyco","https:\/\/twitter.com\/AlbycoNederland"],"logo":{"@type":"ImageObject","@id":"https:\/\/www.albyco.com\/#logo","inLanguage":"fr-FR","url":"https:\/\/www.albyco.com\/wp-content\/uploads\/2017\/07\/albyco_logo_hd.png","contentUrl":"https:\/\/www.albyco.com\/wp-content\/uploads\/2017\/07\/albyco_logo_hd.png","width":300,"height":300,"caption":"Albyco Nederland B.V."},"image":{"@id":"https:\/\/www.albyco.com\/#logo"}},{"@type":"WebSite","@id":"https:\/\/www.albyco.com\/#website","url":"https:\/\/www.albyco.com\/","name":"Albyco","description":"Leverancier voor nabewerking van geprinte media","publisher":{"@id":"https:\/\/www.albyco.com\/#organization"},"potentialAction":[{"@type":"SearchAction","target":{"@type":"EntryPoint","urlTemplate":"https:\/\/www.albyco.com\/?s={search_term_string}"},"query-input":"required name=search_term_string"}],"inLanguage":"fr-FR"},{"@type":"ImageObject","@id":"https:\/\/www.albyco.com\/fr\/produit\/gmp-petlam-rouleaux-de-plastification-mat\/#primaryimage","inLanguage":"fr-FR","url":"https:\/\/www.albyco.com\/wp-content\/uploads\/2017\/06\/albyco-albyco-petlam-kern-77-mm-mat_LR821040C0205.jpg","contentUrl":"https:\/\/www.albyco.com\/wp-content\/uploads\/2017\/06\/albyco-albyco-petlam-kern-77-mm-mat_LR821040C0205.jpg","width":400,"height":400,"caption":"GMP PETLam rouleaux de plastification, mat"},{"@type":"WebPage","@id":"https:\/\/www.albyco.com\/fr\/produit\/gmp-petlam-rouleaux-de-plastification-mat\/#webpage","url":"https:\/\/www.albyco.com\/fr\/produit\/gmp-petlam-rouleaux-de-plastification-mat\/","name":"GMP PETLam rouleaux de plastification, mat - Albyco","isPartOf":{"@id":"https:\/\/www.albyco.com\/#website"},"primaryImageOfPage":{"@id":"https:\/\/www.albyco.com\/fr\/produit\/gmp-petlam-rouleaux-de-plastification-mat\/#primaryimage"},"datePublished":"2017-07-07T13:41:26+00:00","dateModified":"2018-02-22T15:19:01+00:00","description":"Rouleaux de plastification, brillant standard, Perfex\u00aeMat, la variante de base dans la tr\u00e8s large gamme de films GMP-plastification.","breadcrumb":{"@id":"https:\/\/www.albyco.com\/fr\/produit\/gmp-petlam-rouleaux-de-plastification-mat\/#breadcrumb"},"inLanguage":"fr-FR","potentialAction":[{"@type":"ReadAction","target":["https:\/\/www.albyco.com\/fr\/produit\/gmp-petlam-rouleaux-de-plastification-mat\/"]}]},{"@type":"BreadcrumbList","@id":"https:\/\/www.albyco.com\/fr\/produit\/gmp-petlam-rouleaux-de-plastification-mat\/#breadcrumb","itemListElement":[{"@type":"ListItem","position":1,"name":"Home","item":"https:\/\/www.albyco.com\/fr\/"},{"@type":"ListItem","position":2,"name":"Les produits","item":"https:\/\/www.albyco.com\/fr\/producten\/"},{"@type":"ListItem","position":3,"name":"GMP PETLam rouleaux de plastification, mat"}]}]}},"_links":{"self":[{"href":"https:\/\/www.albyco.com\/fr\/wp-json\/wp\/v2\/product\/9754"}],"collection":[{"href":"https:\/\/www.albyco.com\/fr\/wp-json\/wp\/v2\/product"}],"about":[{"href":"https:\/\/www.albyco.com\/fr\/wp-json\/wp\/v2\/types\/product"}],"replies":[{"embeddable":true,"href":"https:\/\/www.albyco.com\/fr\/wp-json\/wp\/v2\/comments?post=9754"}],"wp:featuredmedia":[{"embeddable":true,"href":"https:\/\/www.albyco.com\/fr\/wp-json\/wp\/v2\/media\/7787"}],"wp:attachment":[{"href":"https:\/\/www.albyco.com\/fr\/wp-json\/wp\/v2\/media?parent=9754"}],"wp:term":[{"taxonomy":"product_cat","embeddable":true,"href":"https:\/\/www.albyco.com\/fr\/wp-json\/wp\/v2\/product_cat?post=9754"},{"taxonomy":"product_tag","embeddable":true,"href":"https:\/\/www.albyco.com\/fr\/wp-json\/wp\/v2\/product_tag?post=9754"}],"curies":[{"name":"wp","href":"https:\/\/api.w.org\/{rel}","templated":true}]}}