{"id":9705,"date":"2017-07-10T09:01:45","date_gmt":"2017-07-10T07:01:45","guid":{"rendered":"https:\/\/www.albyco.com\/product\/albyco-trim-sign-serie\/"},"modified":"2025-03-17T07:00:17","modified_gmt":"2025-03-17T06:00:17","slug":"albyco-trim-sign-serie","status":"publish","type":"product","link":"https:\/\/www.albyco.com\/fr\/produit\/albyco-trim-sign-serie\/","title":{"rendered":"Albyco Trim Sign-s\u00e9rie"},"content":{"rendered":"<p class=\"p1\"><strong>Albyco Trim Sign-s\u00e9rie<\/strong>, rogneuses avec une longueur de coupe de 960 \u00e0 2000 mm<\/p>\r\n<p class=\"p1\">Trim Sign-s\u00e9rie\u00a0 \u00a0 \u00a0 \u00a0 \u00a0 \u00a0 \u00a0 \u00a0 \u00a0 \u00a0 \u00a0 960-10\u00a0 \u00a0 \u00a0 \u00a0 \u00a0 \u00a0 \u00a0 \u00a01300-07\u00a0 \u00a0 \u00a0 \u00a0 1500-07\u00a0 \u00a0 \u00a0 \u00a0 \u00a0 \u00a0 \u00a0 2000-05<\/p>\r\n<p class=\"p1\">Max longueur de coupe\u00a0 \u00a0 \u00a0 \u00a0 960 mm\u00a0 \u00a0 \u00a0 \u00a0 \u00a0 \u00a0 \u00a01300 mm\u00a0 \u00a0 \u00a0 1500 mm\u00a0 \u00a0 \u00a0 \u00a0 \u00a0 \u00a02000 mm<\/p>\r\n<p class=\"p1\">Max hauteur de coupe\u00a0 \u00a0 \u00a0 \u00a0 \u00a0 \u00a01,0 mm\u00a0 \u00a0 \u00a0 \u00a0 \u00a0 \u00a0 \u00a0 0,7 mm\u00a0 \u00a0 \u00a0 \u00a0 \u00a0 0,7 mm\u00a0 \u00a0 \u00a0 \u00a0 \u00a0 \u00a0 \u00a0 0,5 mm<\/p>\r\n<p class=\"p1\">Type de lames\u00a0 \u00a0 \u00a0 \u00a0 \u00a0 \u00a0 \u00a0 \u00a0 \u00a0 \u00a0 \u00a0 \u00a0 \u00a0 Rotatives\u00a0 \u00a0 \u00a0 \u00a0 \u00a0 \u00a0Rotatives\u00a0 \u00a0 \u00a0 \u00a0Rotatives\u00a0 \u00a0 \u00a0 \u00a0 \u00a0 Rotatives<\/p>\r\n<p class=\"p1\">Indication mesures\u00a0 \u00a0 \u00a0 \u00a0 \u00a0 \u00a0 \u00a0 \u00a0 \u00a0mm\/inche\u00a0 \u00a0 \u00a0 \u00a0 \u00a0mm\/inche\u00a0 \u00a0 \u00a0\u00a0mm\/inche\u00a0 \u00a0 \u00a0 \u00a0mm\/inche<\/p>\r\n<p class=\"p1\">Format<span class=\"Apple-converted-space\">\u00a0 \u00a0 \u00a0 \u00a0 \u00a0 \u00a0 \u00a0 \u00a0 \u00a0 \u00a0 \u00a0 \u00a0 \u00a0 \u00a0 \u00a0 \u00a0 \u00a0 \u00a0 \u00a0 \u00a0\u00a0<\/span>A6- A1\u00a0 \u00a0 \u00a0 \u00a0 \u00a0 \u00a0 \u00a0 \u00a0 A6 &#8211; A0\u00a0 \u00a0 \u00a0 \u00a0 \u00a0 A6- B0\u00a0 \u00a0 \u00a0 \u00a0 \u00a0 \u00a0 \u00a0 A6 &#8211; 2B<\/p>\r\n<p class=\"p1\">Prot\u00e8ge lame s\u00e9curit\u00e9 t\u00eate de coupe s\u00e9curit\u00e9 t\u00eate de coupe s\u00e9curit\u00e9 t\u00eate de coupe s\u00e9curit\u00e9 t\u00eate de coupe<\/p>\r\n<p class=\"p1\">Table de coupe en mm<span class=\"Apple-converted-space\">\u00a0 \u00a0 \u00a0 \u00a0 \u00a0 \u00a0 \u00a0\u00a0<\/span>1146\u00a0 \u00a0 \u00a0 \u00a0 \u00a0 \u00a0 \u00a0 \u00a0 1486\u00a0 \u00a0 \u00a0 \u00a0 \u00a0 \u00a0 \u00a0 \u00a0 \u00a0 \u00a0 1695\u00a0 \u00a0 \u00a0 \u00a0 \u00a0 \u00a0 \u00a0 \u00a0 \u00a0 2194<\/p>\r\n<p class=\"p1\">Poids\u00a0 \u00a0 \u00a0 \u00a0 \u00a0 \u00a0 \u00a0 \u00a0 \u00a0 \u00a0 \u00a0 \u00a0 \u00a0 \u00a0 \u00a0 \u00a0 \u00a0 \u00a0 \u00a0 \u00a0 \u00a0 \u00a0 \u00a0 7,4 kg\u00a0 \u00a0 \u00a0 \u00a0 \u00a0 \u00a0 \u00a09,5 kg\u00a0 \u00a0 \u00a0 \u00a0 \u00a0 \u00a0 \u00a0 \u00a0 \u00a0 17 kg\u00a0 \u00a0 \u00a0 \u00a0 \u00a0 \u00a0 \u00a0 \u00a0 \u00a0 30,8 kg<\/p>\r\n<p class=\"p1\">Couleur\u00a0 \u00a0 \u00a0 \u00a0 \u00a0 \u00a0 \u00a0 \u00a0 \u00a0 \u00a0 \u00a0 \u00a0 \u00a0 \u00a0 \u00a0 \u00a0 \u00a0 \u00a0 \u00a0 \u00a0 argent\/noire\u00a0 \u00a0 argent\/noire\u00a0 \u00a0 \u00a0argent\/noire\u00a0 \u00a0 argent\/noire<\/p>\r\n&nbsp;\r\n\r\n<a href=\"https:\/\/www.albyco.com\/fr\/contactez-nous\/\"><img loading=\"lazy\" class=\"size-full wp-image-11223 alignleft\" src=\"https:\/\/www.albyco.com\/wp-content\/uploads\/2018\/02\/CTA-Albyco-fr-2.jpg\" alt=\"\" width=\"225\" height=\"141\" srcset=\"https:\/\/www.albyco.com\/wp-content\/uploads\/2018\/02\/CTA-Albyco-fr-2.jpg 225w, https:\/\/www.albyco.com\/wp-content\/uploads\/2018\/02\/CTA-Albyco-fr-2-100x63.jpg 100w, https:\/\/www.albyco.com\/wp-content\/uploads\/2018\/02\/CTA-Albyco-fr-2-24x15.jpg 24w, https:\/\/www.albyco.com\/wp-content\/uploads\/2018\/02\/CTA-Albyco-fr-2-36x23.jpg 36w, https:\/\/www.albyco.com\/wp-content\/uploads\/2018\/02\/CTA-Albyco-fr-2-48x30.jpg 48w\" sizes=\"(max-width: 225px) 100vw, 225px\" \/><\/a>","protected":false},"excerpt":{"rendered":"<p><strong>Albyco Trim Sign-s\u00e9rie<\/strong>, rogneuses avec une longueur de coupe de 960 \u00e0 2000 mm<\/p>\n","protected":false},"featured_media":7756,"comment_status":"open","ping_status":"closed","template":"","meta":[],"product_cat":[2300,2301,2793,2790,2791],"product_tag":[2318,2744,2308,2745],"yoast_head":"<!-- This site is optimized with the Yoast SEO plugin v18.6 - https:\/\/yoast.com\/wordpress\/plugins\/seo\/ -->\n<title>Albyco Trim Sign-s\u00e9rie - Albyco<\/title>\n<meta name=\"description\" content=\"Albyco Trim Sign-s\u00e9rie, rogneuses avec une longueur de coupe de 960 \u00e0 2000 mm\" \/>\n<meta name=\"robots\" content=\"index, follow, max-snippet:-1, max-image-preview:large, max-video-preview:-1\" \/>\n<link rel=\"canonical\" href=\"https:\/\/www.albyco.com\/fr\/produit\/albyco-trim-sign-serie\/\" \/>\n<meta property=\"og:locale\" content=\"fr_FR\" \/>\n<meta property=\"og:type\" content=\"article\" \/>\n<meta property=\"og:title\" content=\"Albyco Trim Sign-s\u00e9rie - Albyco\" \/>\n<meta property=\"og:description\" content=\"Albyco Trim Sign-s\u00e9rie, rogneuses avec une longueur de coupe de 960 \u00e0 2000 mm\" \/>\n<meta property=\"og:url\" content=\"https:\/\/www.albyco.com\/fr\/produit\/albyco-trim-sign-serie\/\" \/>\n<meta property=\"og:site_name\" content=\"Albyco\" \/>\n<meta property=\"article:modified_time\" content=\"2025-03-17T06:00:17+00:00\" \/>\n<meta property=\"og:image\" content=\"https:\/\/www.albyco.com\/wp-content\/uploads\/2017\/06\/albyco-albyco-trim-sign-serie_KWT3021.jpg\" \/>\n\t<meta property=\"og:image:width\" content=\"1000\" \/>\n\t<meta property=\"og:image:height\" content=\"1000\" \/>\n\t<meta property=\"og:image:type\" content=\"image\/jpeg\" \/>\n<meta name=\"twitter:card\" content=\"summary\" \/>\n<meta name=\"twitter:site\" content=\"@AlbycoNederland\" \/>\n<meta name=\"twitter:label1\" content=\"Dur\u00e9e de lecture estim\u00e9e\" \/>\n\t<meta name=\"twitter:data1\" content=\"1 minute\" \/>\n<script type=\"application\/ld+json\" class=\"yoast-schema-graph\">{\"@context\":\"https:\/\/schema.org\",\"@graph\":[{\"@type\":\"Organization\",\"@id\":\"https:\/\/www.albyco.com\/#organization\",\"name\":\"Albyco Nederland B.V.\",\"url\":\"https:\/\/www.albyco.com\/\",\"sameAs\":[\"https:\/\/www.linkedin.com\/company\/18015670\/\",\"https:\/\/www.youtube.com\/user\/AlbycoNederland\",\"https:\/\/nl.pinterest.com\/albyco\",\"https:\/\/twitter.com\/AlbycoNederland\"],\"logo\":{\"@type\":\"ImageObject\",\"@id\":\"https:\/\/www.albyco.com\/#logo\",\"inLanguage\":\"fr-FR\",\"url\":\"https:\/\/www.albyco.com\/wp-content\/uploads\/2017\/07\/albyco_logo_hd.png\",\"contentUrl\":\"https:\/\/www.albyco.com\/wp-content\/uploads\/2017\/07\/albyco_logo_hd.png\",\"width\":300,\"height\":300,\"caption\":\"Albyco Nederland B.V.\"},\"image\":{\"@id\":\"https:\/\/www.albyco.com\/#logo\"}},{\"@type\":\"WebSite\",\"@id\":\"https:\/\/www.albyco.com\/#website\",\"url\":\"https:\/\/www.albyco.com\/\",\"name\":\"Albyco\",\"description\":\"Leverancier voor nabewerking van geprinte media\",\"publisher\":{\"@id\":\"https:\/\/www.albyco.com\/#organization\"},\"potentialAction\":[{\"@type\":\"SearchAction\",\"target\":{\"@type\":\"EntryPoint\",\"urlTemplate\":\"https:\/\/www.albyco.com\/?s={search_term_string}\"},\"query-input\":\"required name=search_term_string\"}],\"inLanguage\":\"fr-FR\"},{\"@type\":\"ImageObject\",\"@id\":\"https:\/\/www.albyco.com\/fr\/produit\/albyco-trim-sign-serie\/#primaryimage\",\"inLanguage\":\"fr-FR\",\"url\":\"https:\/\/www.albyco.com\/wp-content\/uploads\/2017\/06\/albyco-albyco-trim-sign-serie_KWT3021.jpg\",\"contentUrl\":\"https:\/\/www.albyco.com\/wp-content\/uploads\/2017\/06\/albyco-albyco-trim-sign-serie_KWT3021.jpg\",\"width\":1000,\"height\":1000,\"caption\":\"Albyco Trim Sign-s\u00e9rie\"},{\"@type\":\"WebPage\",\"@id\":\"https:\/\/www.albyco.com\/fr\/produit\/albyco-trim-sign-serie\/#webpage\",\"url\":\"https:\/\/www.albyco.com\/fr\/produit\/albyco-trim-sign-serie\/\",\"name\":\"Albyco Trim Sign-s\u00e9rie - Albyco\",\"isPartOf\":{\"@id\":\"https:\/\/www.albyco.com\/#website\"},\"primaryImageOfPage\":{\"@id\":\"https:\/\/www.albyco.com\/fr\/produit\/albyco-trim-sign-serie\/#primaryimage\"},\"datePublished\":\"2017-07-10T07:01:45+00:00\",\"dateModified\":\"2025-03-17T06:00:17+00:00\",\"description\":\"Albyco Trim Sign-s\u00e9rie, rogneuses avec une longueur de coupe de 960 \u00e0 2000 mm\",\"breadcrumb\":{\"@id\":\"https:\/\/www.albyco.com\/fr\/produit\/albyco-trim-sign-serie\/#breadcrumb\"},\"inLanguage\":\"fr-FR\",\"potentialAction\":[{\"@type\":\"ReadAction\",\"target\":[\"https:\/\/www.albyco.com\/fr\/produit\/albyco-trim-sign-serie\/\"]}]},{\"@type\":\"BreadcrumbList\",\"@id\":\"https:\/\/www.albyco.com\/fr\/produit\/albyco-trim-sign-serie\/#breadcrumb\",\"itemListElement\":[{\"@type\":\"ListItem\",\"position\":1,\"name\":\"Home\",\"item\":\"https:\/\/www.albyco.com\/fr\/\"},{\"@type\":\"ListItem\",\"position\":2,\"name\":\"Les produits\",\"item\":\"https:\/\/www.albyco.com\/fr\/producten\/\"},{\"@type\":\"ListItem\",\"position\":3,\"name\":\"Albyco Trim Sign-s\u00e9rie\"}]}]}<\/script>\n<!-- \/ Yoast SEO plugin. -->","yoast_head_json":{"title":"Albyco Trim Sign-s\u00e9rie - Albyco","description":"Albyco Trim Sign-s\u00e9rie, rogneuses avec une longueur de coupe de 960 \u00e0 2000 mm","robots":{"index":"index","follow":"follow","max-snippet":"max-snippet:-1","max-image-preview":"max-image-preview:large","max-video-preview":"max-video-preview:-1"},"canonical":"https:\/\/www.albyco.com\/fr\/produit\/albyco-trim-sign-serie\/","og_locale":"fr_FR","og_type":"article","og_title":"Albyco Trim Sign-s\u00e9rie - Albyco","og_description":"Albyco Trim Sign-s\u00e9rie, rogneuses avec une longueur de coupe de 960 \u00e0 2000 mm","og_url":"https:\/\/www.albyco.com\/fr\/produit\/albyco-trim-sign-serie\/","og_site_name":"Albyco","article_modified_time":"2025-03-17T06:00:17+00:00","og_image":[{"width":1000,"height":1000,"url":"https:\/\/www.albyco.com\/wp-content\/uploads\/2017\/06\/albyco-albyco-trim-sign-serie_KWT3021.jpg","type":"image\/jpeg"}],"twitter_card":"summary","twitter_site":"@AlbycoNederland","twitter_misc":{"Dur\u00e9e de lecture estim\u00e9e":"1 minute"},"schema":{"@context":"https:\/\/schema.org","@graph":[{"@type":"Organization","@id":"https:\/\/www.albyco.com\/#organization","name":"Albyco Nederland B.V.","url":"https:\/\/www.albyco.com\/","sameAs":["https:\/\/www.linkedin.com\/company\/18015670\/","https:\/\/www.youtube.com\/user\/AlbycoNederland","https:\/\/nl.pinterest.com\/albyco","https:\/\/twitter.com\/AlbycoNederland"],"logo":{"@type":"ImageObject","@id":"https:\/\/www.albyco.com\/#logo","inLanguage":"fr-FR","url":"https:\/\/www.albyco.com\/wp-content\/uploads\/2017\/07\/albyco_logo_hd.png","contentUrl":"https:\/\/www.albyco.com\/wp-content\/uploads\/2017\/07\/albyco_logo_hd.png","width":300,"height":300,"caption":"Albyco Nederland B.V."},"image":{"@id":"https:\/\/www.albyco.com\/#logo"}},{"@type":"WebSite","@id":"https:\/\/www.albyco.com\/#website","url":"https:\/\/www.albyco.com\/","name":"Albyco","description":"Leverancier voor nabewerking van geprinte media","publisher":{"@id":"https:\/\/www.albyco.com\/#organization"},"potentialAction":[{"@type":"SearchAction","target":{"@type":"EntryPoint","urlTemplate":"https:\/\/www.albyco.com\/?s={search_term_string}"},"query-input":"required name=search_term_string"}],"inLanguage":"fr-FR"},{"@type":"ImageObject","@id":"https:\/\/www.albyco.com\/fr\/produit\/albyco-trim-sign-serie\/#primaryimage","inLanguage":"fr-FR","url":"https:\/\/www.albyco.com\/wp-content\/uploads\/2017\/06\/albyco-albyco-trim-sign-serie_KWT3021.jpg","contentUrl":"https:\/\/www.albyco.com\/wp-content\/uploads\/2017\/06\/albyco-albyco-trim-sign-serie_KWT3021.jpg","width":1000,"height":1000,"caption":"Albyco Trim Sign-s\u00e9rie"},{"@type":"WebPage","@id":"https:\/\/www.albyco.com\/fr\/produit\/albyco-trim-sign-serie\/#webpage","url":"https:\/\/www.albyco.com\/fr\/produit\/albyco-trim-sign-serie\/","name":"Albyco Trim Sign-s\u00e9rie - Albyco","isPartOf":{"@id":"https:\/\/www.albyco.com\/#website"},"primaryImageOfPage":{"@id":"https:\/\/www.albyco.com\/fr\/produit\/albyco-trim-sign-serie\/#primaryimage"},"datePublished":"2017-07-10T07:01:45+00:00","dateModified":"2025-03-17T06:00:17+00:00","description":"Albyco Trim Sign-s\u00e9rie, rogneuses avec une longueur de coupe de 960 \u00e0 2000 mm","breadcrumb":{"@id":"https:\/\/www.albyco.com\/fr\/produit\/albyco-trim-sign-serie\/#breadcrumb"},"inLanguage":"fr-FR","potentialAction":[{"@type":"ReadAction","target":["https:\/\/www.albyco.com\/fr\/produit\/albyco-trim-sign-serie\/"]}]},{"@type":"BreadcrumbList","@id":"https:\/\/www.albyco.com\/fr\/produit\/albyco-trim-sign-serie\/#breadcrumb","itemListElement":[{"@type":"ListItem","position":1,"name":"Home","item":"https:\/\/www.albyco.com\/fr\/"},{"@type":"ListItem","position":2,"name":"Les produits","item":"https:\/\/www.albyco.com\/fr\/producten\/"},{"@type":"ListItem","position":3,"name":"Albyco Trim Sign-s\u00e9rie"}]}]}},"_links":{"self":[{"href":"https:\/\/www.albyco.com\/fr\/wp-json\/wp\/v2\/product\/9705"}],"collection":[{"href":"https:\/\/www.albyco.com\/fr\/wp-json\/wp\/v2\/product"}],"about":[{"href":"https:\/\/www.albyco.com\/fr\/wp-json\/wp\/v2\/types\/product"}],"replies":[{"embeddable":true,"href":"https:\/\/www.albyco.com\/fr\/wp-json\/wp\/v2\/comments?post=9705"}],"wp:featuredmedia":[{"embeddable":true,"href":"https:\/\/www.albyco.com\/fr\/wp-json\/wp\/v2\/media\/7756"}],"wp:attachment":[{"href":"https:\/\/www.albyco.com\/fr\/wp-json\/wp\/v2\/media?parent=9705"}],"wp:term":[{"taxonomy":"product_cat","embeddable":true,"href":"https:\/\/www.albyco.com\/fr\/wp-json\/wp\/v2\/product_cat?post=9705"},{"taxonomy":"product_tag","embeddable":true,"href":"https:\/\/www.albyco.com\/fr\/wp-json\/wp\/v2\/product_tag?post=9705"}],"curies":[{"name":"wp","href":"https:\/\/api.w.org\/{rel}","templated":true}]}}