{"id":9635,"date":"2017-06-22T15:10:31","date_gmt":"2017-06-22T13:10:31","guid":{"rendered":"https:\/\/www.albyco.com\/product\/gummifit-agent-nettoyant-pour-plastifieuses\/"},"modified":"2025-05-06T14:33:51","modified_gmt":"2025-05-06T12:33:51","slug":"gummifit-agent-nettoyant-pour-plastifieuses","status":"publish","type":"product","link":"https:\/\/www.albyco.com\/fr\/produit\/gummifit-agent-nettoyant-pour-plastifieuses\/","title":{"rendered":"GummiFit,\u00a0 agent nettoyant pour plastifieuses"},"content":{"rendered":"<p class=\"p1\"><strong>GummiFit,<span class=\"Apple-converted-space\">\u00a0 <\/span>agent nettoyant pour plastifieuses<\/strong>, fait dispara\u00eetre les restes de colle qui se sont fix\u00e9s sur les rouleaux.Le<span class=\"Apple-converted-space\">\u00a0 <\/span>liquide est d\u00e9pos\u00e9 en frottant<span class=\"Apple-converted-space\">\u00a0 <\/span>avec un chiffon. Apr\u00e8s un temps de pause, les restes de colle se d\u00e9tachent et disparaissent \u00e0 l`aide du chiffon.<\/p>\r\n<a href=\"https:\/\/www.albyco.com\/fr\/contactez-nous\/\"><img loading=\"lazy\" class=\"size-full wp-image-11223 alignleft\" src=\"https:\/\/www.albyco.com\/wp-content\/uploads\/2018\/02\/CTA-Albyco-fr-2.jpg\" alt=\"\" width=\"225\" height=\"141\" srcset=\"https:\/\/www.albyco.com\/wp-content\/uploads\/2018\/02\/CTA-Albyco-fr-2.jpg 225w, https:\/\/www.albyco.com\/wp-content\/uploads\/2018\/02\/CTA-Albyco-fr-2-100x63.jpg 100w, https:\/\/www.albyco.com\/wp-content\/uploads\/2018\/02\/CTA-Albyco-fr-2-24x15.jpg 24w, https:\/\/www.albyco.com\/wp-content\/uploads\/2018\/02\/CTA-Albyco-fr-2-36x23.jpg 36w, https:\/\/www.albyco.com\/wp-content\/uploads\/2018\/02\/CTA-Albyco-fr-2-48x30.jpg 48w\" sizes=\"(max-width: 225px) 100vw, 225px\" \/><\/a>","protected":false},"excerpt":{"rendered":"<p>GummiFit,<span class=\"Apple-converted-space\">\u00a0 <\/span>agent nettoyant pour plastifieuses<\/p>\n","protected":false},"featured_media":7677,"comment_status":"open","ping_status":"closed","template":"","meta":[],"product_cat":[2808,2871,2872],"product_tag":[2873,2874,2875,2876,2774],"yoast_head":"<!-- This site is optimized with the Yoast SEO plugin v18.6 - https:\/\/yoast.com\/wordpress\/plugins\/seo\/ -->\n<title>GummiFit,\u00a0 agent nettoyant pour plastifieuses - Albyco<\/title>\n<meta name=\"description\" content=\"GummiFit,\u00a0 agent nettoyant pour plastifieuses\" \/>\n<meta name=\"robots\" content=\"index, follow, max-snippet:-1, max-image-preview:large, max-video-preview:-1\" \/>\n<link rel=\"canonical\" href=\"https:\/\/www.albyco.com\/fr\/produit\/gummifit-agent-nettoyant-pour-plastifieuses\/\" \/>\n<meta property=\"og:locale\" content=\"fr_FR\" \/>\n<meta property=\"og:type\" content=\"article\" \/>\n<meta property=\"og:title\" content=\"GummiFit,\u00a0 agent nettoyant pour plastifieuses - Albyco\" \/>\n<meta property=\"og:description\" content=\"GummiFit,\u00a0 agent nettoyant pour plastifieuses\" \/>\n<meta property=\"og:url\" content=\"https:\/\/www.albyco.com\/fr\/produit\/gummifit-agent-nettoyant-pour-plastifieuses\/\" \/>\n<meta property=\"og:site_name\" content=\"Albyco\" \/>\n<meta property=\"article:modified_time\" content=\"2025-05-06T12:33:51+00:00\" \/>\n<meta property=\"og:image\" content=\"https:\/\/www.albyco.com\/wp-content\/uploads\/2017\/06\/albyco-gummifit-flacon-met-reinigingsvloeistof-voor-lamineermachines_GUMMIFIT.jpg\" \/>\n\t<meta property=\"og:image:width\" content=\"300\" \/>\n\t<meta property=\"og:image:height\" content=\"595\" \/>\n\t<meta property=\"og:image:type\" content=\"image\/jpeg\" \/>\n<meta name=\"twitter:card\" content=\"summary\" \/>\n<meta name=\"twitter:site\" content=\"@AlbycoNederland\" \/>\n<script type=\"application\/ld+json\" class=\"yoast-schema-graph\">{\"@context\":\"https:\/\/schema.org\",\"@graph\":[{\"@type\":\"Organization\",\"@id\":\"https:\/\/www.albyco.com\/#organization\",\"name\":\"Albyco Nederland B.V.\",\"url\":\"https:\/\/www.albyco.com\/\",\"sameAs\":[\"https:\/\/www.linkedin.com\/company\/18015670\/\",\"https:\/\/www.youtube.com\/user\/AlbycoNederland\",\"https:\/\/nl.pinterest.com\/albyco\",\"https:\/\/twitter.com\/AlbycoNederland\"],\"logo\":{\"@type\":\"ImageObject\",\"@id\":\"https:\/\/www.albyco.com\/#logo\",\"inLanguage\":\"fr-FR\",\"url\":\"https:\/\/www.albyco.com\/wp-content\/uploads\/2017\/07\/albyco_logo_hd.png\",\"contentUrl\":\"https:\/\/www.albyco.com\/wp-content\/uploads\/2017\/07\/albyco_logo_hd.png\",\"width\":300,\"height\":300,\"caption\":\"Albyco Nederland B.V.\"},\"image\":{\"@id\":\"https:\/\/www.albyco.com\/#logo\"}},{\"@type\":\"WebSite\",\"@id\":\"https:\/\/www.albyco.com\/#website\",\"url\":\"https:\/\/www.albyco.com\/\",\"name\":\"Albyco\",\"description\":\"Leverancier voor nabewerking van geprinte media\",\"publisher\":{\"@id\":\"https:\/\/www.albyco.com\/#organization\"},\"potentialAction\":[{\"@type\":\"SearchAction\",\"target\":{\"@type\":\"EntryPoint\",\"urlTemplate\":\"https:\/\/www.albyco.com\/?s={search_term_string}\"},\"query-input\":\"required name=search_term_string\"}],\"inLanguage\":\"fr-FR\"},{\"@type\":\"ImageObject\",\"@id\":\"https:\/\/www.albyco.com\/fr\/produit\/gummifit-agent-nettoyant-pour-plastifieuses\/#primaryimage\",\"inLanguage\":\"fr-FR\",\"url\":\"https:\/\/www.albyco.com\/wp-content\/uploads\/2017\/06\/albyco-gummifit-flacon-met-reinigingsvloeistof-voor-lamineermachines_GUMMIFIT.jpg\",\"contentUrl\":\"https:\/\/www.albyco.com\/wp-content\/uploads\/2017\/06\/albyco-gummifit-flacon-met-reinigingsvloeistof-voor-lamineermachines_GUMMIFIT.jpg\",\"width\":300,\"height\":595,\"caption\":\"albyco-gummifit-flacon-met-reinigingsvloeistof-voor-lamineermachines\"},{\"@type\":\"WebPage\",\"@id\":\"https:\/\/www.albyco.com\/fr\/produit\/gummifit-agent-nettoyant-pour-plastifieuses\/#webpage\",\"url\":\"https:\/\/www.albyco.com\/fr\/produit\/gummifit-agent-nettoyant-pour-plastifieuses\/\",\"name\":\"GummiFit,\u00a0 agent nettoyant pour plastifieuses - Albyco\",\"isPartOf\":{\"@id\":\"https:\/\/www.albyco.com\/#website\"},\"primaryImageOfPage\":{\"@id\":\"https:\/\/www.albyco.com\/fr\/produit\/gummifit-agent-nettoyant-pour-plastifieuses\/#primaryimage\"},\"datePublished\":\"2017-06-22T13:10:31+00:00\",\"dateModified\":\"2025-05-06T12:33:51+00:00\",\"description\":\"GummiFit,\u00a0 agent nettoyant pour plastifieuses\",\"breadcrumb\":{\"@id\":\"https:\/\/www.albyco.com\/fr\/produit\/gummifit-agent-nettoyant-pour-plastifieuses\/#breadcrumb\"},\"inLanguage\":\"fr-FR\",\"potentialAction\":[{\"@type\":\"ReadAction\",\"target\":[\"https:\/\/www.albyco.com\/fr\/produit\/gummifit-agent-nettoyant-pour-plastifieuses\/\"]}]},{\"@type\":\"BreadcrumbList\",\"@id\":\"https:\/\/www.albyco.com\/fr\/produit\/gummifit-agent-nettoyant-pour-plastifieuses\/#breadcrumb\",\"itemListElement\":[{\"@type\":\"ListItem\",\"position\":1,\"name\":\"Home\",\"item\":\"https:\/\/www.albyco.com\/fr\/\"},{\"@type\":\"ListItem\",\"position\":2,\"name\":\"Les produits\",\"item\":\"https:\/\/www.albyco.com\/fr\/producten\/\"},{\"@type\":\"ListItem\",\"position\":3,\"name\":\"GummiFit,\u00a0 agent nettoyant pour plastifieuses\"}]}]}<\/script>\n<!-- \/ Yoast SEO plugin. -->","yoast_head_json":{"title":"GummiFit,\u00a0 agent nettoyant pour plastifieuses - Albyco","description":"GummiFit,\u00a0 agent nettoyant pour plastifieuses","robots":{"index":"index","follow":"follow","max-snippet":"max-snippet:-1","max-image-preview":"max-image-preview:large","max-video-preview":"max-video-preview:-1"},"canonical":"https:\/\/www.albyco.com\/fr\/produit\/gummifit-agent-nettoyant-pour-plastifieuses\/","og_locale":"fr_FR","og_type":"article","og_title":"GummiFit,\u00a0 agent nettoyant pour plastifieuses - Albyco","og_description":"GummiFit,\u00a0 agent nettoyant pour plastifieuses","og_url":"https:\/\/www.albyco.com\/fr\/produit\/gummifit-agent-nettoyant-pour-plastifieuses\/","og_site_name":"Albyco","article_modified_time":"2025-05-06T12:33:51+00:00","og_image":[{"width":300,"height":595,"url":"https:\/\/www.albyco.com\/wp-content\/uploads\/2017\/06\/albyco-gummifit-flacon-met-reinigingsvloeistof-voor-lamineermachines_GUMMIFIT.jpg","type":"image\/jpeg"}],"twitter_card":"summary","twitter_site":"@AlbycoNederland","schema":{"@context":"https:\/\/schema.org","@graph":[{"@type":"Organization","@id":"https:\/\/www.albyco.com\/#organization","name":"Albyco Nederland B.V.","url":"https:\/\/www.albyco.com\/","sameAs":["https:\/\/www.linkedin.com\/company\/18015670\/","https:\/\/www.youtube.com\/user\/AlbycoNederland","https:\/\/nl.pinterest.com\/albyco","https:\/\/twitter.com\/AlbycoNederland"],"logo":{"@type":"ImageObject","@id":"https:\/\/www.albyco.com\/#logo","inLanguage":"fr-FR","url":"https:\/\/www.albyco.com\/wp-content\/uploads\/2017\/07\/albyco_logo_hd.png","contentUrl":"https:\/\/www.albyco.com\/wp-content\/uploads\/2017\/07\/albyco_logo_hd.png","width":300,"height":300,"caption":"Albyco Nederland B.V."},"image":{"@id":"https:\/\/www.albyco.com\/#logo"}},{"@type":"WebSite","@id":"https:\/\/www.albyco.com\/#website","url":"https:\/\/www.albyco.com\/","name":"Albyco","description":"Leverancier voor nabewerking van geprinte media","publisher":{"@id":"https:\/\/www.albyco.com\/#organization"},"potentialAction":[{"@type":"SearchAction","target":{"@type":"EntryPoint","urlTemplate":"https:\/\/www.albyco.com\/?s={search_term_string}"},"query-input":"required name=search_term_string"}],"inLanguage":"fr-FR"},{"@type":"ImageObject","@id":"https:\/\/www.albyco.com\/fr\/produit\/gummifit-agent-nettoyant-pour-plastifieuses\/#primaryimage","inLanguage":"fr-FR","url":"https:\/\/www.albyco.com\/wp-content\/uploads\/2017\/06\/albyco-gummifit-flacon-met-reinigingsvloeistof-voor-lamineermachines_GUMMIFIT.jpg","contentUrl":"https:\/\/www.albyco.com\/wp-content\/uploads\/2017\/06\/albyco-gummifit-flacon-met-reinigingsvloeistof-voor-lamineermachines_GUMMIFIT.jpg","width":300,"height":595,"caption":"albyco-gummifit-flacon-met-reinigingsvloeistof-voor-lamineermachines"},{"@type":"WebPage","@id":"https:\/\/www.albyco.com\/fr\/produit\/gummifit-agent-nettoyant-pour-plastifieuses\/#webpage","url":"https:\/\/www.albyco.com\/fr\/produit\/gummifit-agent-nettoyant-pour-plastifieuses\/","name":"GummiFit,\u00a0 agent nettoyant pour plastifieuses - Albyco","isPartOf":{"@id":"https:\/\/www.albyco.com\/#website"},"primaryImageOfPage":{"@id":"https:\/\/www.albyco.com\/fr\/produit\/gummifit-agent-nettoyant-pour-plastifieuses\/#primaryimage"},"datePublished":"2017-06-22T13:10:31+00:00","dateModified":"2025-05-06T12:33:51+00:00","description":"GummiFit,\u00a0 agent nettoyant pour plastifieuses","breadcrumb":{"@id":"https:\/\/www.albyco.com\/fr\/produit\/gummifit-agent-nettoyant-pour-plastifieuses\/#breadcrumb"},"inLanguage":"fr-FR","potentialAction":[{"@type":"ReadAction","target":["https:\/\/www.albyco.com\/fr\/produit\/gummifit-agent-nettoyant-pour-plastifieuses\/"]}]},{"@type":"BreadcrumbList","@id":"https:\/\/www.albyco.com\/fr\/produit\/gummifit-agent-nettoyant-pour-plastifieuses\/#breadcrumb","itemListElement":[{"@type":"ListItem","position":1,"name":"Home","item":"https:\/\/www.albyco.com\/fr\/"},{"@type":"ListItem","position":2,"name":"Les produits","item":"https:\/\/www.albyco.com\/fr\/producten\/"},{"@type":"ListItem","position":3,"name":"GummiFit,\u00a0 agent nettoyant pour plastifieuses"}]}]}},"_links":{"self":[{"href":"https:\/\/www.albyco.com\/fr\/wp-json\/wp\/v2\/product\/9635"}],"collection":[{"href":"https:\/\/www.albyco.com\/fr\/wp-json\/wp\/v2\/product"}],"about":[{"href":"https:\/\/www.albyco.com\/fr\/wp-json\/wp\/v2\/types\/product"}],"replies":[{"embeddable":true,"href":"https:\/\/www.albyco.com\/fr\/wp-json\/wp\/v2\/comments?post=9635"}],"wp:featuredmedia":[{"embeddable":true,"href":"https:\/\/www.albyco.com\/fr\/wp-json\/wp\/v2\/media\/7677"}],"wp:attachment":[{"href":"https:\/\/www.albyco.com\/fr\/wp-json\/wp\/v2\/media?parent=9635"}],"wp:term":[{"taxonomy":"product_cat","embeddable":true,"href":"https:\/\/www.albyco.com\/fr\/wp-json\/wp\/v2\/product_cat?post=9635"},{"taxonomy":"product_tag","embeddable":true,"href":"https:\/\/www.albyco.com\/fr\/wp-json\/wp\/v2\/product_tag?post=9635"}],"curies":[{"name":"wp","href":"https:\/\/api.w.org\/{rel}","templated":true}]}}