{"id":9587,"date":"2017-07-06T16:20:42","date_gmt":"2017-07-06T14:20:42","guid":{"rendered":"https:\/\/www.albyco.com\/product\/cyklos-cfm-600-plieuse\/"},"modified":"2021-06-17T14:35:42","modified_gmt":"2021-06-17T12:35:42","slug":"cyklos-cfm-600-plieuse","status":"publish","type":"product","link":"https:\/\/www.albyco.com\/fr\/produit\/cyklos-cfm-600-plieuse\/","title":{"rendered":"Cyklos CFM-600 plieuse"},"content":{"rendered":"<table style=\"width: 100%; border-collapse: collapse;\" border=\"0\">\r\n<tbody>\r\n<tr>\r\n<td style=\"width: 50%;\">Cyklos CFM-600 machine de pliage, \u00e0<span class=\"Apple-converted-space\">\u00a0 <\/span>friction,<span class=\"Apple-converted-space\">\u00a0 <\/span>solide pour plier les feuilles jusqu&#8217;au format A3. Le syst\u00e8me est \u00e9quip\u00e9 d&#8217;un dispositif d&#8217;alimentation automatique de papier jusqu&#8217;\u00e0 300 feuilles. En raison des deux axes de pliage, la machine est adapt\u00e9e \u00e0 tout type de pliage, simple, double, parall\u00e8le, pli fen\u00eatre, pli zigzag, etc. Convient pour tous les formats de papier entre A5 et A3. Le r\u00e9glage d&#8217;alimentation en papier sym\u00e9trique, associ\u00e9 \u00e0 un r\u00e9glage de l&#8217;angle de pliage , garantit un pliage parfait. Le guide de sortie et le bac de r\u00e9ception fournit une pile simple.<\/td>\r\n<td style=\"width: 50%;\"><div class=\"epyt-video-wrapper\"><iframe  id=\"_ytid_89438\"  width=\"800\" height=\"450\"  data-origwidth=\"800\" data-origheight=\"450\"  data-relstop=\"1\" src=\"https:\/\/www.youtube.com\/embed\/2uh_Kd6mfSY?enablejsapi=1&autoplay=0&cc_load_policy=0&iv_load_policy=1&loop=0&modestbranding=0&fs=1&playsinline=1&controls=1&color=red&cc_lang_pref=&rel=0&autohide=2&theme=dark&\" class=\"__youtube_prefs__  no-lazyload\" title=\"YouTube player\"  allow=\"accelerometer; autoplay; clipboard-write; encrypted-media; gyroscope; picture-in-picture\" allowfullscreen data-no-lazy=\"1\" data-skipgform_ajax_framebjll=\"\"><\/iframe><\/div><\/td>\r\n<\/tr>\r\n<\/tbody>\r\n<\/table>\r\n<p class=\"p1\">Autres sp\u00e9cificit\u00e9s:<\/p>\r\n<p class=\"p1\"><strong>Cyklos CFM 600<\/strong><\/p>\r\n<p class=\"p1\">Types de pliage<span class=\"Apple-converted-space\">\u00a0 <\/span>: simple, accord\u00e9on, 3 volets, \u00e0 fen\u00eatre pliage et pli zigzag, double parall\u00e8le<\/p>\r\n<p class=\"p1\">Arr\u00eat automatique Oui<\/p>\r\n<p class=\"p1\">Variable de vitesse r\u00e9glable, jusqu&#8217;\u00e0 7.200 feuilles par heure<\/p>\r\n<p class=\"p1\">Poids du papier 80-160 g \/ m\u00b2<\/p>\r\n<p class=\"p1\">Entr\u00e9e 300 feuilles \/ m\u00b2<\/p>\r\n<p class=\"p1\">Poids 23 kg<\/p>\r\n<a href=\"https:\/\/www.albyco.com\/fr\/contactez-nous\/\"><img loading=\"lazy\" class=\"size-full wp-image-11223 alignleft\" src=\"https:\/\/www.albyco.com\/wp-content\/uploads\/2018\/02\/CTA-Albyco-fr-2.jpg\" alt=\"\" width=\"225\" height=\"141\" srcset=\"https:\/\/www.albyco.com\/wp-content\/uploads\/2018\/02\/CTA-Albyco-fr-2.jpg 225w, https:\/\/www.albyco.com\/wp-content\/uploads\/2018\/02\/CTA-Albyco-fr-2-100x63.jpg 100w, https:\/\/www.albyco.com\/wp-content\/uploads\/2018\/02\/CTA-Albyco-fr-2-24x15.jpg 24w, https:\/\/www.albyco.com\/wp-content\/uploads\/2018\/02\/CTA-Albyco-fr-2-36x23.jpg 36w, https:\/\/www.albyco.com\/wp-content\/uploads\/2018\/02\/CTA-Albyco-fr-2-48x30.jpg 48w\" sizes=\"(max-width: 225px) 100vw, 225px\" \/><\/a>","protected":false},"excerpt":{"rendered":"<p class=\"p1\">Cyklos CFM-600, une machine de pliage simple pour le traitement du papier jusqu&#8217;au format A3. Facile \u00e0 mettre en place une solution pour le pliage en six types de pliag<\/p>\n","protected":false},"featured_media":27749,"comment_status":"open","ping_status":"closed","template":"","meta":[],"product_cat":[2300,2301,2781],"product_tag":[2334,2734,2318,2798,2739,2800,2801,2802,2803,2827,2782],"yoast_head":"<!-- This site is optimized with the Yoast SEO plugin v18.6 - https:\/\/yoast.com\/wordpress\/plugins\/seo\/ -->\n<title>Cyklos CFM-600 plieuse - Albyco<\/title>\n<meta name=\"description\" content=\"Cyklos CFM-600, une machine de pliage simple pour le traitement du papier jusqu&#039;au format A3. Facile \u00e0 mettre en place une solution pour le pliage en six types de pliag\" \/>\n<meta name=\"robots\" content=\"index, follow, max-snippet:-1, max-image-preview:large, max-video-preview:-1\" \/>\n<link rel=\"canonical\" href=\"https:\/\/www.albyco.com\/fr\/produit\/cyklos-cfm-600-plieuse\/\" \/>\n<meta property=\"og:locale\" content=\"fr_FR\" \/>\n<meta property=\"og:type\" content=\"article\" \/>\n<meta property=\"og:title\" content=\"Cyklos CFM-600 plieuse - Albyco\" \/>\n<meta property=\"og:description\" content=\"Cyklos CFM-600, une machine de pliage simple pour le traitement du papier jusqu&#039;au format A3. Facile \u00e0 mettre en place une solution pour le pliage en six types de pliag\" \/>\n<meta property=\"og:url\" content=\"https:\/\/www.albyco.com\/fr\/produit\/cyklos-cfm-600-plieuse\/\" \/>\n<meta property=\"og:site_name\" content=\"Albyco\" \/>\n<meta property=\"article:modified_time\" content=\"2021-06-17T12:35:42+00:00\" \/>\n<meta property=\"og:image\" content=\"https:\/\/www.albyco.com\/wp-content\/uploads\/2017\/07\/Albyco-CFM600.jpg\" \/>\n\t<meta property=\"og:image:width\" content=\"800\" \/>\n\t<meta property=\"og:image:height\" content=\"681\" \/>\n\t<meta property=\"og:image:type\" content=\"image\/jpeg\" \/>\n<meta name=\"twitter:card\" content=\"summary\" \/>\n<meta name=\"twitter:site\" content=\"@AlbycoNederland\" \/>\n<meta name=\"twitter:label1\" content=\"Dur\u00e9e de lecture estim\u00e9e\" \/>\n\t<meta name=\"twitter:data1\" content=\"1 minute\" \/>\n<script type=\"application\/ld+json\" class=\"yoast-schema-graph\">{\"@context\":\"https:\/\/schema.org\",\"@graph\":[{\"@type\":\"Organization\",\"@id\":\"https:\/\/www.albyco.com\/#organization\",\"name\":\"Albyco Nederland B.V.\",\"url\":\"https:\/\/www.albyco.com\/\",\"sameAs\":[\"https:\/\/www.linkedin.com\/company\/18015670\/\",\"https:\/\/www.youtube.com\/user\/AlbycoNederland\",\"https:\/\/nl.pinterest.com\/albyco\",\"https:\/\/twitter.com\/AlbycoNederland\"],\"logo\":{\"@type\":\"ImageObject\",\"@id\":\"https:\/\/www.albyco.com\/#logo\",\"inLanguage\":\"fr-FR\",\"url\":\"https:\/\/www.albyco.com\/wp-content\/uploads\/2017\/07\/albyco_logo_hd.png\",\"contentUrl\":\"https:\/\/www.albyco.com\/wp-content\/uploads\/2017\/07\/albyco_logo_hd.png\",\"width\":300,\"height\":300,\"caption\":\"Albyco Nederland B.V.\"},\"image\":{\"@id\":\"https:\/\/www.albyco.com\/#logo\"}},{\"@type\":\"WebSite\",\"@id\":\"https:\/\/www.albyco.com\/#website\",\"url\":\"https:\/\/www.albyco.com\/\",\"name\":\"Albyco\",\"description\":\"Leverancier voor nabewerking van geprinte media\",\"publisher\":{\"@id\":\"https:\/\/www.albyco.com\/#organization\"},\"potentialAction\":[{\"@type\":\"SearchAction\",\"target\":{\"@type\":\"EntryPoint\",\"urlTemplate\":\"https:\/\/www.albyco.com\/?s={search_term_string}\"},\"query-input\":\"required name=search_term_string\"}],\"inLanguage\":\"fr-FR\"},{\"@type\":\"ImageObject\",\"@id\":\"https:\/\/www.albyco.com\/fr\/produit\/cyklos-cfm-600-plieuse\/#primaryimage\",\"inLanguage\":\"fr-FR\",\"url\":\"https:\/\/www.albyco.com\/wp-content\/uploads\/2017\/07\/Albyco-CFM600.jpg\",\"contentUrl\":\"https:\/\/www.albyco.com\/wp-content\/uploads\/2017\/07\/Albyco-CFM600.jpg\",\"width\":800,\"height\":681,\"caption\":\"Albyco-CFM600 A3 vouwmachine\"},{\"@type\":\"WebPage\",\"@id\":\"https:\/\/www.albyco.com\/fr\/produit\/cyklos-cfm-600-plieuse\/#webpage\",\"url\":\"https:\/\/www.albyco.com\/fr\/produit\/cyklos-cfm-600-plieuse\/\",\"name\":\"Cyklos CFM-600 plieuse - Albyco\",\"isPartOf\":{\"@id\":\"https:\/\/www.albyco.com\/#website\"},\"primaryImageOfPage\":{\"@id\":\"https:\/\/www.albyco.com\/fr\/produit\/cyklos-cfm-600-plieuse\/#primaryimage\"},\"datePublished\":\"2017-07-06T14:20:42+00:00\",\"dateModified\":\"2021-06-17T12:35:42+00:00\",\"description\":\"Cyklos CFM-600, une machine de pliage simple pour le traitement du papier jusqu'au format A3. Facile \u00e0 mettre en place une solution pour le pliage en six types de pliag\",\"breadcrumb\":{\"@id\":\"https:\/\/www.albyco.com\/fr\/produit\/cyklos-cfm-600-plieuse\/#breadcrumb\"},\"inLanguage\":\"fr-FR\",\"potentialAction\":[{\"@type\":\"ReadAction\",\"target\":[\"https:\/\/www.albyco.com\/fr\/produit\/cyklos-cfm-600-plieuse\/\"]}]},{\"@type\":\"BreadcrumbList\",\"@id\":\"https:\/\/www.albyco.com\/fr\/produit\/cyklos-cfm-600-plieuse\/#breadcrumb\",\"itemListElement\":[{\"@type\":\"ListItem\",\"position\":1,\"name\":\"Home\",\"item\":\"https:\/\/www.albyco.com\/fr\/\"},{\"@type\":\"ListItem\",\"position\":2,\"name\":\"Les produits\",\"item\":\"https:\/\/www.albyco.com\/fr\/producten\/\"},{\"@type\":\"ListItem\",\"position\":3,\"name\":\"Cyklos CFM-600 plieuse\"}]}]}<\/script>\n<!-- \/ Yoast SEO plugin. -->","yoast_head_json":{"title":"Cyklos CFM-600 plieuse - Albyco","description":"Cyklos CFM-600, une machine de pliage simple pour le traitement du papier jusqu'au format A3. Facile \u00e0 mettre en place une solution pour le pliage en six types de pliag","robots":{"index":"index","follow":"follow","max-snippet":"max-snippet:-1","max-image-preview":"max-image-preview:large","max-video-preview":"max-video-preview:-1"},"canonical":"https:\/\/www.albyco.com\/fr\/produit\/cyklos-cfm-600-plieuse\/","og_locale":"fr_FR","og_type":"article","og_title":"Cyklos CFM-600 plieuse - Albyco","og_description":"Cyklos CFM-600, une machine de pliage simple pour le traitement du papier jusqu'au format A3. Facile \u00e0 mettre en place une solution pour le pliage en six types de pliag","og_url":"https:\/\/www.albyco.com\/fr\/produit\/cyklos-cfm-600-plieuse\/","og_site_name":"Albyco","article_modified_time":"2021-06-17T12:35:42+00:00","og_image":[{"width":800,"height":681,"url":"https:\/\/www.albyco.com\/wp-content\/uploads\/2017\/07\/Albyco-CFM600.jpg","type":"image\/jpeg"}],"twitter_card":"summary","twitter_site":"@AlbycoNederland","twitter_misc":{"Dur\u00e9e de lecture estim\u00e9e":"1 minute"},"schema":{"@context":"https:\/\/schema.org","@graph":[{"@type":"Organization","@id":"https:\/\/www.albyco.com\/#organization","name":"Albyco Nederland B.V.","url":"https:\/\/www.albyco.com\/","sameAs":["https:\/\/www.linkedin.com\/company\/18015670\/","https:\/\/www.youtube.com\/user\/AlbycoNederland","https:\/\/nl.pinterest.com\/albyco","https:\/\/twitter.com\/AlbycoNederland"],"logo":{"@type":"ImageObject","@id":"https:\/\/www.albyco.com\/#logo","inLanguage":"fr-FR","url":"https:\/\/www.albyco.com\/wp-content\/uploads\/2017\/07\/albyco_logo_hd.png","contentUrl":"https:\/\/www.albyco.com\/wp-content\/uploads\/2017\/07\/albyco_logo_hd.png","width":300,"height":300,"caption":"Albyco Nederland B.V."},"image":{"@id":"https:\/\/www.albyco.com\/#logo"}},{"@type":"WebSite","@id":"https:\/\/www.albyco.com\/#website","url":"https:\/\/www.albyco.com\/","name":"Albyco","description":"Leverancier voor nabewerking van geprinte media","publisher":{"@id":"https:\/\/www.albyco.com\/#organization"},"potentialAction":[{"@type":"SearchAction","target":{"@type":"EntryPoint","urlTemplate":"https:\/\/www.albyco.com\/?s={search_term_string}"},"query-input":"required name=search_term_string"}],"inLanguage":"fr-FR"},{"@type":"ImageObject","@id":"https:\/\/www.albyco.com\/fr\/produit\/cyklos-cfm-600-plieuse\/#primaryimage","inLanguage":"fr-FR","url":"https:\/\/www.albyco.com\/wp-content\/uploads\/2017\/07\/Albyco-CFM600.jpg","contentUrl":"https:\/\/www.albyco.com\/wp-content\/uploads\/2017\/07\/Albyco-CFM600.jpg","width":800,"height":681,"caption":"Albyco-CFM600 A3 vouwmachine"},{"@type":"WebPage","@id":"https:\/\/www.albyco.com\/fr\/produit\/cyklos-cfm-600-plieuse\/#webpage","url":"https:\/\/www.albyco.com\/fr\/produit\/cyklos-cfm-600-plieuse\/","name":"Cyklos CFM-600 plieuse - Albyco","isPartOf":{"@id":"https:\/\/www.albyco.com\/#website"},"primaryImageOfPage":{"@id":"https:\/\/www.albyco.com\/fr\/produit\/cyklos-cfm-600-plieuse\/#primaryimage"},"datePublished":"2017-07-06T14:20:42+00:00","dateModified":"2021-06-17T12:35:42+00:00","description":"Cyklos CFM-600, une machine de pliage simple pour le traitement du papier jusqu'au format A3. Facile \u00e0 mettre en place une solution pour le pliage en six types de pliag","breadcrumb":{"@id":"https:\/\/www.albyco.com\/fr\/produit\/cyklos-cfm-600-plieuse\/#breadcrumb"},"inLanguage":"fr-FR","potentialAction":[{"@type":"ReadAction","target":["https:\/\/www.albyco.com\/fr\/produit\/cyklos-cfm-600-plieuse\/"]}]},{"@type":"BreadcrumbList","@id":"https:\/\/www.albyco.com\/fr\/produit\/cyklos-cfm-600-plieuse\/#breadcrumb","itemListElement":[{"@type":"ListItem","position":1,"name":"Home","item":"https:\/\/www.albyco.com\/fr\/"},{"@type":"ListItem","position":2,"name":"Les produits","item":"https:\/\/www.albyco.com\/fr\/producten\/"},{"@type":"ListItem","position":3,"name":"Cyklos CFM-600 plieuse"}]}]}},"_links":{"self":[{"href":"https:\/\/www.albyco.com\/fr\/wp-json\/wp\/v2\/product\/9587"}],"collection":[{"href":"https:\/\/www.albyco.com\/fr\/wp-json\/wp\/v2\/product"}],"about":[{"href":"https:\/\/www.albyco.com\/fr\/wp-json\/wp\/v2\/types\/product"}],"replies":[{"embeddable":true,"href":"https:\/\/www.albyco.com\/fr\/wp-json\/wp\/v2\/comments?post=9587"}],"wp:featuredmedia":[{"embeddable":true,"href":"https:\/\/www.albyco.com\/fr\/wp-json\/wp\/v2\/media\/27749"}],"wp:attachment":[{"href":"https:\/\/www.albyco.com\/fr\/wp-json\/wp\/v2\/media?parent=9587"}],"wp:term":[{"taxonomy":"product_cat","embeddable":true,"href":"https:\/\/www.albyco.com\/fr\/wp-json\/wp\/v2\/product_cat?post=9587"},{"taxonomy":"product_tag","embeddable":true,"href":"https:\/\/www.albyco.com\/fr\/wp-json\/wp\/v2\/product_tag?post=9587"}],"curies":[{"name":"wp","href":"https:\/\/api.w.org\/{rel}","templated":true}]}}