{"id":9514,"date":"2017-07-06T16:55:16","date_gmt":"2017-07-06T14:55:16","guid":{"rendered":"https:\/\/www.albyco.com\/product\/albyco-mc-320-systeme-de-verrouillage-automatique-pour-anneaux-metallique\/"},"modified":"2021-05-20T15:27:09","modified_gmt":"2021-05-20T13:27:09","slug":"albyco-mc-320-systeme-de-verrouillage-automatique-pour-anneaux-metallique","status":"publish","type":"product","link":"https:\/\/www.albyco.com\/fr\/produit\/albyco-mc-320-systeme-de-verrouillage-automatique-pour-anneaux-metallique\/","title":{"rendered":"Albyco MC 320 fermeture d&#8217;anneaux automatique"},"content":{"rendered":"<table style=\"width: 100%; border-collapse: collapse;\" border=\"0\">\r\n<tbody>\r\n<tr>\r\n<td style=\"width: 50%;\">L` <strong>Albyco MC 320<\/strong> est une syst\u00e8me fermeture d&#8217;anneaux automatique pour anneaux metallique, une solution parfaite \u00e0 l`utilisation fr\u00e9quente de reliures m\u00e9talliques de diff\u00e9rentes dimensions. Le bloc de livre est d\u00e9coup\u00e9 \u00e0 l&#8217;aide du peigne plac\u00e9 \u00e0 l&#8217;avant de la machine pourvu d&#8217; un anneau m\u00e9tallique. En une seule op\u00e9ration, le document est d\u00e9plac\u00e9 dans la boucle. L&#8217;arri\u00e8re de la boucle<span class=\"Apple-converted-space\">\u00a0 <\/span>est \u00e9quip\u00e9 d&#8217;une bande magn\u00e9tique. Donc,<span class=\"Apple-converted-space\">\u00a0 <\/span>l`anneau m\u00e9tallique est l\u00e9g\u00e8rement retenu au cours du processus de fermeture. En appuyant sur le bouton de commande de<span class=\"Apple-converted-space\">\u00a0 <\/span>l`Albyco MC 320 ,<span class=\"Apple-converted-space\">\u00a0 <\/span>la machine affiche une lumi\u00e8re pour d\u00e9tecter le format de l`anneau m\u00e9tallique. Ensuite, la machine imprime la distance exacte n\u00e9cessaire pour l`anneau m\u00e9tallique. Parce que l&#8217;anneau<span class=\"Apple-converted-space\">\u00a0 <\/span>peut se d\u00e9placer l\u00e9g\u00e8rement sur la plaque arri\u00e8re en m\u00e9tal, avec une distance correcte, on obtient une belle, ronde reliure souhait\u00e9e.<\/td>\r\n<td style=\"width: 50%;\"><div class=\"epyt-video-wrapper\"><iframe  id=\"_ytid_14780\"  width=\"800\" height=\"450\"  data-origwidth=\"800\" data-origheight=\"450\"  data-relstop=\"1\" src=\"https:\/\/www.youtube.com\/embed\/K2H94uAW7NU?enablejsapi=1&autoplay=0&cc_load_policy=0&iv_load_policy=1&loop=0&modestbranding=0&fs=1&playsinline=1&controls=1&color=red&cc_lang_pref=&rel=0&autohide=2&theme=dark&\" class=\"__youtube_prefs__  no-lazyload\" title=\"YouTube player\"  allow=\"accelerometer; autoplay; clipboard-write; encrypted-media; gyroscope; picture-in-picture\" allowfullscreen data-no-lazy=\"1\" data-skipgform_ajax_framebjll=\"\"><\/iframe><\/div><\/td>\r\n<\/tr>\r\n<\/tbody>\r\n<\/table>\r\n<p class=\"p1\">Tout cela en quelques secondes, et avec la plus grande facilit\u00e9 d&#8217;utilisation! En raison de ces propri\u00e9t\u00e9s uniques, la machine est avant tout adapt\u00e9e<span class=\"Apple-converted-space\">\u00a0 <\/span>\u00e0 la reliure d&#8217;une vari\u00e9t\u00e9 de formats diff\u00e9rents.<span class=\"Apple-converted-space\">\u00a0 <\/span>On n`a pas \u00e0 r\u00e9gler \u00e0 chaque fois la machine, tout se fait automatiquement. De plus, la machine est une solution efficace pour la perforation rapide de plus<span class=\"Apple-converted-space\">\u00a0 <\/span>grands<span class=\"Apple-converted-space\">\u00a0 <\/span>tirages. Cette machine automatique offre un gain de temps effectif. Un autre grand avantage du Albyco MC 320 est la facilit\u00e9 exceptionnelle de fonctionnement.<\/p>\r\n<p class=\"p1\">La reliure \u00e0 anneaux m\u00e9tallique n`est pas facile \u00e0 r\u00e9aliser<span class=\"Apple-converted-space\">\u00a0 <\/span>pour tout le monde, surtout, cela demande une certaine dext\u00e9rit\u00e9. C`est pour cel\u00e0 , que<span class=\"Apple-converted-space\">\u00a0 <\/span>la<span class=\"Apple-converted-space\">\u00a0 <\/span>MC 320 est une machine id\u00e9ale. Le syst\u00e8me prend en main<span class=\"Apple-converted-space\">\u00a0 <\/span>tous les param\u00e8tres et les restrictions de l&#8217;utilisateur et effectue automatiquement les reliures \u00e0 anneaux m\u00e9talliques. L`Albyco MC 320 est adapt\u00e9e<span class=\"Apple-converted-space\">\u00a0 <\/span>pour les tailles de wire<span class=\"Apple-converted-space\">\u00a0 <\/span>de 4,8 mm \u00e0 31,5 mm. Aussi bien pour les<span class=\"Apple-converted-space\">\u00a0 <\/span>3: 1 que les 2: 1<\/p>\r\n&nbsp;\r\n\r\n<a href=\"https:\/\/www.albyco.com\/fr\/contactez-nous\/\"><img loading=\"lazy\" class=\"size-full wp-image-11223 alignleft\" src=\"https:\/\/www.albyco.com\/wp-content\/uploads\/2018\/02\/CTA-Albyco-fr-2.jpg\" alt=\"\" width=\"225\" height=\"141\" srcset=\"https:\/\/www.albyco.com\/wp-content\/uploads\/2018\/02\/CTA-Albyco-fr-2.jpg 225w, https:\/\/www.albyco.com\/wp-content\/uploads\/2018\/02\/CTA-Albyco-fr-2-100x63.jpg 100w, https:\/\/www.albyco.com\/wp-content\/uploads\/2018\/02\/CTA-Albyco-fr-2-24x15.jpg 24w, https:\/\/www.albyco.com\/wp-content\/uploads\/2018\/02\/CTA-Albyco-fr-2-36x23.jpg 36w, https:\/\/www.albyco.com\/wp-content\/uploads\/2018\/02\/CTA-Albyco-fr-2-48x30.jpg 48w\" sizes=\"(max-width: 225px) 100vw, 225px\" \/><\/a>","protected":false},"excerpt":{"rendered":"<p>L` <strong>Albyco MC 320<\/strong> est une syst\u00e8me de verrouillage automatique pour anneaux metallique, une solution parfaite \u00e0 l`utilisation fr\u00e9quente de reliures m\u00e9talliques de diff\u00e9rentes dimensions.<\/p>\n","protected":false},"featured_media":7871,"comment_status":"open","ping_status":"closed","template":"","meta":[],"product_cat":[2300,2316,2751],"product_tag":[2760,2318,2324,2805],"yoast_head":"<!-- This site is optimized with the Yoast SEO plugin v18.6 - https:\/\/yoast.com\/wordpress\/plugins\/seo\/ -->\n<title>Albyco MC 320 fermeture d&#039;anneaux automatique - Albyco<\/title>\n<meta name=\"description\" content=\"L` Albyco MC 320 est une syst\u00e8me de verrouillage automatique pour anneaux metallique, une solution parfaite \u00e0 l`utilisation fr\u00e9quente de reliures m\u00e9talliques de diff\u00e9rentes dimensions.\" \/>\n<meta name=\"robots\" content=\"index, follow, max-snippet:-1, max-image-preview:large, max-video-preview:-1\" \/>\n<link rel=\"canonical\" href=\"https:\/\/www.albyco.com\/fr\/produit\/albyco-mc-320-systeme-de-verrouillage-automatique-pour-anneaux-metallique\/\" \/>\n<meta property=\"og:locale\" content=\"fr_FR\" \/>\n<meta property=\"og:type\" content=\"article\" \/>\n<meta property=\"og:title\" content=\"Albyco MC 320 fermeture d&#039;anneaux automatique - Albyco\" \/>\n<meta property=\"og:description\" content=\"L` Albyco MC 320 est une syst\u00e8me de verrouillage automatique pour anneaux metallique, une solution parfaite \u00e0 l`utilisation fr\u00e9quente de reliures m\u00e9talliques de diff\u00e9rentes dimensions.\" \/>\n<meta property=\"og:url\" content=\"https:\/\/www.albyco.com\/fr\/produit\/albyco-mc-320-systeme-de-verrouillage-automatique-pour-anneaux-metallique\/\" \/>\n<meta property=\"og:site_name\" content=\"Albyco\" \/>\n<meta property=\"article:modified_time\" content=\"2021-05-20T13:27:09+00:00\" \/>\n<meta property=\"og:image\" content=\"https:\/\/www.albyco.com\/wp-content\/uploads\/2017\/06\/albyco-albyco-mc-320-intelligente-wiresluiter_ALBWIREMC320.jpg\" \/>\n\t<meta property=\"og:image:width\" content=\"1024\" \/>\n\t<meta property=\"og:image:height\" content=\"721\" \/>\n\t<meta property=\"og:image:type\" content=\"image\/jpeg\" \/>\n<meta name=\"twitter:card\" content=\"summary\" \/>\n<meta name=\"twitter:site\" content=\"@AlbycoNederland\" \/>\n<meta name=\"twitter:label1\" content=\"Dur\u00e9e de lecture estim\u00e9e\" \/>\n\t<meta name=\"twitter:data1\" content=\"2 minutes\" \/>\n<script type=\"application\/ld+json\" class=\"yoast-schema-graph\">{\"@context\":\"https:\/\/schema.org\",\"@graph\":[{\"@type\":\"Organization\",\"@id\":\"https:\/\/www.albyco.com\/#organization\",\"name\":\"Albyco Nederland B.V.\",\"url\":\"https:\/\/www.albyco.com\/\",\"sameAs\":[\"https:\/\/www.linkedin.com\/company\/18015670\/\",\"https:\/\/www.youtube.com\/user\/AlbycoNederland\",\"https:\/\/nl.pinterest.com\/albyco\",\"https:\/\/twitter.com\/AlbycoNederland\"],\"logo\":{\"@type\":\"ImageObject\",\"@id\":\"https:\/\/www.albyco.com\/#logo\",\"inLanguage\":\"fr-FR\",\"url\":\"https:\/\/www.albyco.com\/wp-content\/uploads\/2017\/07\/albyco_logo_hd.png\",\"contentUrl\":\"https:\/\/www.albyco.com\/wp-content\/uploads\/2017\/07\/albyco_logo_hd.png\",\"width\":300,\"height\":300,\"caption\":\"Albyco Nederland B.V.\"},\"image\":{\"@id\":\"https:\/\/www.albyco.com\/#logo\"}},{\"@type\":\"WebSite\",\"@id\":\"https:\/\/www.albyco.com\/#website\",\"url\":\"https:\/\/www.albyco.com\/\",\"name\":\"Albyco\",\"description\":\"Leverancier voor nabewerking van geprinte media\",\"publisher\":{\"@id\":\"https:\/\/www.albyco.com\/#organization\"},\"potentialAction\":[{\"@type\":\"SearchAction\",\"target\":{\"@type\":\"EntryPoint\",\"urlTemplate\":\"https:\/\/www.albyco.com\/?s={search_term_string}\"},\"query-input\":\"required name=search_term_string\"}],\"inLanguage\":\"fr-FR\"},{\"@type\":\"ImageObject\",\"@id\":\"https:\/\/www.albyco.com\/fr\/produit\/albyco-mc-320-systeme-de-verrouillage-automatique-pour-anneaux-metallique\/#primaryimage\",\"inLanguage\":\"fr-FR\",\"url\":\"https:\/\/www.albyco.com\/wp-content\/uploads\/2017\/06\/albyco-albyco-mc-320-intelligente-wiresluiter_ALBWIREMC320.jpg\",\"contentUrl\":\"https:\/\/www.albyco.com\/wp-content\/uploads\/2017\/06\/albyco-albyco-mc-320-intelligente-wiresluiter_ALBWIREMC320.jpg\",\"width\":1024,\"height\":721,\"caption\":\"Albyco MC 320 syst\u00e8me de verrouillage automatique pour anneaux metallique\"},{\"@type\":\"WebPage\",\"@id\":\"https:\/\/www.albyco.com\/fr\/produit\/albyco-mc-320-systeme-de-verrouillage-automatique-pour-anneaux-metallique\/#webpage\",\"url\":\"https:\/\/www.albyco.com\/fr\/produit\/albyco-mc-320-systeme-de-verrouillage-automatique-pour-anneaux-metallique\/\",\"name\":\"Albyco MC 320 fermeture d'anneaux automatique - Albyco\",\"isPartOf\":{\"@id\":\"https:\/\/www.albyco.com\/#website\"},\"primaryImageOfPage\":{\"@id\":\"https:\/\/www.albyco.com\/fr\/produit\/albyco-mc-320-systeme-de-verrouillage-automatique-pour-anneaux-metallique\/#primaryimage\"},\"datePublished\":\"2017-07-06T14:55:16+00:00\",\"dateModified\":\"2021-05-20T13:27:09+00:00\",\"description\":\"L` Albyco MC 320 est une syst\u00e8me de verrouillage automatique pour anneaux metallique, une solution parfaite \u00e0 l`utilisation fr\u00e9quente de reliures m\u00e9talliques de diff\u00e9rentes dimensions.\",\"breadcrumb\":{\"@id\":\"https:\/\/www.albyco.com\/fr\/produit\/albyco-mc-320-systeme-de-verrouillage-automatique-pour-anneaux-metallique\/#breadcrumb\"},\"inLanguage\":\"fr-FR\",\"potentialAction\":[{\"@type\":\"ReadAction\",\"target\":[\"https:\/\/www.albyco.com\/fr\/produit\/albyco-mc-320-systeme-de-verrouillage-automatique-pour-anneaux-metallique\/\"]}]},{\"@type\":\"BreadcrumbList\",\"@id\":\"https:\/\/www.albyco.com\/fr\/produit\/albyco-mc-320-systeme-de-verrouillage-automatique-pour-anneaux-metallique\/#breadcrumb\",\"itemListElement\":[{\"@type\":\"ListItem\",\"position\":1,\"name\":\"Home\",\"item\":\"https:\/\/www.albyco.com\/fr\/\"},{\"@type\":\"ListItem\",\"position\":2,\"name\":\"Les produits\",\"item\":\"https:\/\/www.albyco.com\/fr\/producten\/\"},{\"@type\":\"ListItem\",\"position\":3,\"name\":\"Albyco MC 320 fermeture d&#8217;anneaux automatique\"}]}]}<\/script>\n<!-- \/ Yoast SEO plugin. -->","yoast_head_json":{"title":"Albyco MC 320 fermeture d'anneaux automatique - Albyco","description":"L` Albyco MC 320 est une syst\u00e8me de verrouillage automatique pour anneaux metallique, une solution parfaite \u00e0 l`utilisation fr\u00e9quente de reliures m\u00e9talliques de diff\u00e9rentes dimensions.","robots":{"index":"index","follow":"follow","max-snippet":"max-snippet:-1","max-image-preview":"max-image-preview:large","max-video-preview":"max-video-preview:-1"},"canonical":"https:\/\/www.albyco.com\/fr\/produit\/albyco-mc-320-systeme-de-verrouillage-automatique-pour-anneaux-metallique\/","og_locale":"fr_FR","og_type":"article","og_title":"Albyco MC 320 fermeture d'anneaux automatique - Albyco","og_description":"L` Albyco MC 320 est une syst\u00e8me de verrouillage automatique pour anneaux metallique, une solution parfaite \u00e0 l`utilisation fr\u00e9quente de reliures m\u00e9talliques de diff\u00e9rentes dimensions.","og_url":"https:\/\/www.albyco.com\/fr\/produit\/albyco-mc-320-systeme-de-verrouillage-automatique-pour-anneaux-metallique\/","og_site_name":"Albyco","article_modified_time":"2021-05-20T13:27:09+00:00","og_image":[{"width":1024,"height":721,"url":"https:\/\/www.albyco.com\/wp-content\/uploads\/2017\/06\/albyco-albyco-mc-320-intelligente-wiresluiter_ALBWIREMC320.jpg","type":"image\/jpeg"}],"twitter_card":"summary","twitter_site":"@AlbycoNederland","twitter_misc":{"Dur\u00e9e de lecture estim\u00e9e":"2 minutes"},"schema":{"@context":"https:\/\/schema.org","@graph":[{"@type":"Organization","@id":"https:\/\/www.albyco.com\/#organization","name":"Albyco Nederland B.V.","url":"https:\/\/www.albyco.com\/","sameAs":["https:\/\/www.linkedin.com\/company\/18015670\/","https:\/\/www.youtube.com\/user\/AlbycoNederland","https:\/\/nl.pinterest.com\/albyco","https:\/\/twitter.com\/AlbycoNederland"],"logo":{"@type":"ImageObject","@id":"https:\/\/www.albyco.com\/#logo","inLanguage":"fr-FR","url":"https:\/\/www.albyco.com\/wp-content\/uploads\/2017\/07\/albyco_logo_hd.png","contentUrl":"https:\/\/www.albyco.com\/wp-content\/uploads\/2017\/07\/albyco_logo_hd.png","width":300,"height":300,"caption":"Albyco Nederland B.V."},"image":{"@id":"https:\/\/www.albyco.com\/#logo"}},{"@type":"WebSite","@id":"https:\/\/www.albyco.com\/#website","url":"https:\/\/www.albyco.com\/","name":"Albyco","description":"Leverancier voor nabewerking van geprinte media","publisher":{"@id":"https:\/\/www.albyco.com\/#organization"},"potentialAction":[{"@type":"SearchAction","target":{"@type":"EntryPoint","urlTemplate":"https:\/\/www.albyco.com\/?s={search_term_string}"},"query-input":"required name=search_term_string"}],"inLanguage":"fr-FR"},{"@type":"ImageObject","@id":"https:\/\/www.albyco.com\/fr\/produit\/albyco-mc-320-systeme-de-verrouillage-automatique-pour-anneaux-metallique\/#primaryimage","inLanguage":"fr-FR","url":"https:\/\/www.albyco.com\/wp-content\/uploads\/2017\/06\/albyco-albyco-mc-320-intelligente-wiresluiter_ALBWIREMC320.jpg","contentUrl":"https:\/\/www.albyco.com\/wp-content\/uploads\/2017\/06\/albyco-albyco-mc-320-intelligente-wiresluiter_ALBWIREMC320.jpg","width":1024,"height":721,"caption":"Albyco MC 320 syst\u00e8me de verrouillage automatique pour anneaux metallique"},{"@type":"WebPage","@id":"https:\/\/www.albyco.com\/fr\/produit\/albyco-mc-320-systeme-de-verrouillage-automatique-pour-anneaux-metallique\/#webpage","url":"https:\/\/www.albyco.com\/fr\/produit\/albyco-mc-320-systeme-de-verrouillage-automatique-pour-anneaux-metallique\/","name":"Albyco MC 320 fermeture d'anneaux automatique - Albyco","isPartOf":{"@id":"https:\/\/www.albyco.com\/#website"},"primaryImageOfPage":{"@id":"https:\/\/www.albyco.com\/fr\/produit\/albyco-mc-320-systeme-de-verrouillage-automatique-pour-anneaux-metallique\/#primaryimage"},"datePublished":"2017-07-06T14:55:16+00:00","dateModified":"2021-05-20T13:27:09+00:00","description":"L` Albyco MC 320 est une syst\u00e8me de verrouillage automatique pour anneaux metallique, une solution parfaite \u00e0 l`utilisation fr\u00e9quente de reliures m\u00e9talliques de diff\u00e9rentes dimensions.","breadcrumb":{"@id":"https:\/\/www.albyco.com\/fr\/produit\/albyco-mc-320-systeme-de-verrouillage-automatique-pour-anneaux-metallique\/#breadcrumb"},"inLanguage":"fr-FR","potentialAction":[{"@type":"ReadAction","target":["https:\/\/www.albyco.com\/fr\/produit\/albyco-mc-320-systeme-de-verrouillage-automatique-pour-anneaux-metallique\/"]}]},{"@type":"BreadcrumbList","@id":"https:\/\/www.albyco.com\/fr\/produit\/albyco-mc-320-systeme-de-verrouillage-automatique-pour-anneaux-metallique\/#breadcrumb","itemListElement":[{"@type":"ListItem","position":1,"name":"Home","item":"https:\/\/www.albyco.com\/fr\/"},{"@type":"ListItem","position":2,"name":"Les produits","item":"https:\/\/www.albyco.com\/fr\/producten\/"},{"@type":"ListItem","position":3,"name":"Albyco MC 320 fermeture d&#8217;anneaux automatique"}]}]}},"_links":{"self":[{"href":"https:\/\/www.albyco.com\/fr\/wp-json\/wp\/v2\/product\/9514"}],"collection":[{"href":"https:\/\/www.albyco.com\/fr\/wp-json\/wp\/v2\/product"}],"about":[{"href":"https:\/\/www.albyco.com\/fr\/wp-json\/wp\/v2\/types\/product"}],"replies":[{"embeddable":true,"href":"https:\/\/www.albyco.com\/fr\/wp-json\/wp\/v2\/comments?post=9514"}],"wp:featuredmedia":[{"embeddable":true,"href":"https:\/\/www.albyco.com\/fr\/wp-json\/wp\/v2\/media\/7871"}],"wp:attachment":[{"href":"https:\/\/www.albyco.com\/fr\/wp-json\/wp\/v2\/media?parent=9514"}],"wp:term":[{"taxonomy":"product_cat","embeddable":true,"href":"https:\/\/www.albyco.com\/fr\/wp-json\/wp\/v2\/product_cat?post=9514"},{"taxonomy":"product_tag","embeddable":true,"href":"https:\/\/www.albyco.com\/fr\/wp-json\/wp\/v2\/product_tag?post=9514"}],"curies":[{"name":"wp","href":"https:\/\/api.w.org\/{rel}","templated":true}]}}