{"id":9512,"date":"2017-07-06T20:44:52","date_gmt":"2017-07-06T18:44:52","guid":{"rendered":"https:\/\/www.albyco.com\/product\/albyco-superspeed-r10-a3-plastifieuse\/"},"modified":"2022-02-02T15:05:48","modified_gmt":"2022-02-02T14:05:48","slug":"albyco-superspeed-r10-a3-plastifieuse","status":"publish","type":"product","link":"https:\/\/www.albyco.com\/fr\/produit\/albyco-superspeed-r10-a3-plastifieuse\/","title":{"rendered":"Albyco Photopro 330 plastifieuse A3 professionnelle"},"content":{"rendered":"<table style=\"width: 100%; border-collapse: collapse;\" border=\"0\">\r\n<tbody>\r\n<tr>\r\n<td style=\"width: 100%; background-color: #ffffff;\">L` <strong>Albyco Photopro 330 pouchlaminator A3<\/strong>\u00a0est une plastifieuse professionnelle. Elle est de loin la plus rapide du march\u00e9 des plastifieuses \u00e0 pochette.<span class=\"Apple-converted-space\">\u00a0 <\/span>Une feuille A4 en seulement 4,5 secondes. Cette plastifieuse professionnelle est \u00e9quip\u00e9e<span class=\"Apple-converted-space\">\u00a0 <\/span>de 10 rouleaux de transport, six chauffants pour<span class=\"Apple-converted-space\">\u00a0 <\/span>une meilleure r\u00e9partition de la chaleur. Le nettoyage du rouleau<span class=\"Apple-converted-space\">\u00a0 <\/span>est simple, la construction de la machine est tr\u00e8s robuste. moteur durable<span class=\"Apple-converted-space\">\u00a0 <\/span>adapt\u00e9 \u00e0 une utilisation intensive.<\/td>\r\n<\/tr>\r\n<tr>\r\n<td style=\"width: 100%; background-color: #ffffff;\">Combin\u00e9e avec des pochettes Albyco, l&#8217;Albyco Photopro 330 pouchlaminator A3 sans transporteur. Comme tout plastifieuse professionnelle , l&#8217;Albyco Photopro 330 pouchlaminator A3 a la la technique de rouleaux chauffants. La machine hotrol-plastifieuse est munie de rouleaux chauff\u00e9s. Pendant le d\u00e9roulement de la plastification, au moment o\u00f9 la pochette rentre en contact avec les rouleaux et se presse<span class=\"Apple-converted-space\">\u00a0 <\/span>sur les rouleaux la pochette chauffe. Cette technique fournit des r\u00e9sultats de plastification<span class=\"Apple-converted-space\">\u00a0 <\/span>remarquablement meilleurs que les syst\u00e8mes \u00e0 plaque chaude (plaque chauffante entre les rouleaux), ce qui est particuli\u00e8rement bien visible sur les images et densit\u00e9 de surface pleine.<\/td>\r\n<\/tr>\r\n<tr>\r\n<td style=\"width: 100%; background-color: #ffffff;\">Cette machine est aussi munie d`un bouton de retour. Cette machine est \u00e9quip\u00e9e d&#8217;un bouton de release. Lorsque une<span class=\"Apple-converted-space\">\u00a0 <\/span>pochette de plastification s`introduit de travers dans la machine,<span class=\"Apple-converted-space\">\u00a0 <\/span>le bouton de release fait en sorte que la pochette reprenne la bonne direction. Pour<span class=\"Apple-converted-space\">\u00a0 <\/span>une qualit\u00e9 de plastification<span class=\"Apple-converted-space\">\u00a0 <\/span>professionnelle constante et pour un bon maintien<span class=\"Apple-converted-space\">\u00a0 <\/span>de la machine, l&#8217;entretien est n\u00e9cessaire. Le<span class=\"Apple-converted-space\">\u00a0 <\/span>principal de chaque plastification est d&#8217;utiliser de bons mat\u00e9riaux de stratification qui ne polluent pas les rouleaux de la machine avec les restes de colle.<\/td>\r\n<\/tr>\r\n<tr>\r\n<td style=\"width: 100%; background-color: #ffffff;\">Max. vitesse de laminage \u00e0 4.000 mm \/ min., 4 m\u00e8tres par minute!<\/td>\r\n<\/tr>\r\n<tr>\r\n<td style=\"width: 100%; background-color: #ffffff;\">Max. Largeur de transit 330 mm<\/td>\r\n<\/tr>\r\n<tr>\r\n<td style=\"width: 100%; background-color: #ffffff;\">Max. Epaisseur de plastification<span class=\"Apple-converted-space\">\u00a0 <\/span>2 x 250 microns \/ 3mm<\/td>\r\n<\/tr>\r\n<tr>\r\n<td style=\"width: 100%; background-color: #ffffff;\">Rouleaux chauffants<\/td>\r\n<\/tr>\r\n<tr>\r\n<td style=\"width: 100%; background-color: #ffffff;\">Contr\u00f4le de la temp\u00e9rature num\u00e9rique<\/td>\r\n<\/tr>\r\n<tr>\r\n<td style=\"width: 100%; background-color: #ffffff;\">Vitesse num\u00e9rique<\/td>\r\n<\/tr>\r\n<tr>\r\n<td style=\"width: 100%; background-color: #ffffff;\">Oui capacit\u00e9 inverse<\/td>\r\n<\/tr>\r\n<tr>\r\n<td style=\"width: 100%; background-color: #ffffff;\">Temps de pr\u00e9chauffage 5 minutes<\/td>\r\n<\/tr>\r\n<tr>\r\n<td style=\"width: 100%; background-color: #ffffff;\">Puissance 1.300 W<\/td>\r\n<\/tr>\r\n<tr>\r\n<td style=\"width: 100%; background-color: #ffffff;\">Dimensions 653 x 350 x 146 mm<\/td>\r\n<\/tr>\r\n<tr>\r\n<td style=\"width: 100%; background-color: #ffffff;\">Max. temp\u00e9rature de fonctionnement de 160 \u00b0C<\/td>\r\n<\/tr>\r\n<\/tbody>\r\n<\/table>\r\n<a href=\"https:\/\/www.albyco.com\/fr\/contactez-nous\/\"><img loading=\"lazy\" class=\"size-full wp-image-11223 alignleft\" src=\"https:\/\/www.albyco.com\/wp-content\/uploads\/2018\/02\/CTA-Albyco-fr-2.jpg\" alt=\"\" width=\"225\" height=\"141\" srcset=\"https:\/\/www.albyco.com\/wp-content\/uploads\/2018\/02\/CTA-Albyco-fr-2.jpg 225w, https:\/\/www.albyco.com\/wp-content\/uploads\/2018\/02\/CTA-Albyco-fr-2-100x63.jpg 100w, https:\/\/www.albyco.com\/wp-content\/uploads\/2018\/02\/CTA-Albyco-fr-2-24x15.jpg 24w, https:\/\/www.albyco.com\/wp-content\/uploads\/2018\/02\/CTA-Albyco-fr-2-36x23.jpg 36w, https:\/\/www.albyco.com\/wp-content\/uploads\/2018\/02\/CTA-Albyco-fr-2-48x30.jpg 48w\" sizes=\"(max-width: 225px) 100vw, 225px\" \/><\/a>","protected":false},"excerpt":{"rendered":"<p>L` <strong>Albyco Photopro 330 pouchlaminator A3<\/strong>\u00a0est une plastifieuse professionnelle. Elle est de loin la plus rapide du march\u00e9 des plastifieuses \u00e0 pochette.<span class=\"Apple-converted-space\">\u00a0 <\/span>Une feuille A4 en seulement 4,5 secondes.<\/p>\n","protected":false},"featured_media":7861,"comment_status":"open","ping_status":"closed","template":"","meta":[],"product_cat":[2300,2728,2772],"product_tag":[2734,2318,2773,2774,2775,2776,2777,2780],"yoast_head":"<!-- This site is optimized with the Yoast SEO plugin v18.6 - https:\/\/yoast.com\/wordpress\/plugins\/seo\/ -->\n<title>Albyco Photopro 330 plastifieuse A3 professionnelle - Albyco<\/title>\n<meta name=\"description\" content=\"La plastifieuse de pochettes la plus rapide au monde, peut plastifier jusqu&#039;\u00e0 4 m\u00e8tres par minute, un A4 en 4,5 secondes ! Syst\u00e8me \u00e0 10 rouleaux pour une vitesse \u00e9lev\u00e9e.\" \/>\n<meta name=\"robots\" content=\"index, follow, max-snippet:-1, max-image-preview:large, max-video-preview:-1\" \/>\n<link rel=\"canonical\" href=\"https:\/\/www.albyco.com\/fr\/produit\/albyco-superspeed-r10-a3-plastifieuse\/\" \/>\n<meta property=\"og:locale\" content=\"fr_FR\" \/>\n<meta property=\"og:type\" content=\"article\" \/>\n<meta property=\"og:title\" content=\"Albyco Photopro 330 plastifieuse A3 professionnelle - Albyco\" \/>\n<meta property=\"og:description\" content=\"La plastifieuse de pochettes la plus rapide au monde, peut plastifier jusqu&#039;\u00e0 4 m\u00e8tres par minute, un A4 en 4,5 secondes ! Syst\u00e8me \u00e0 10 rouleaux pour une vitesse \u00e9lev\u00e9e.\" \/>\n<meta property=\"og:url\" content=\"https:\/\/www.albyco.com\/fr\/produit\/albyco-superspeed-r10-a3-plastifieuse\/\" \/>\n<meta property=\"og:site_name\" content=\"Albyco\" \/>\n<meta property=\"article:modified_time\" content=\"2022-02-02T14:05:48+00:00\" \/>\n<meta property=\"og:image\" content=\"https:\/\/www.albyco.com\/wp-content\/uploads\/2017\/06\/albyco-albyco-superspeed-r10-a3-laminator_ALBSPEEDLAMR10.jpg\" \/>\n\t<meta property=\"og:image:width\" content=\"800\" \/>\n\t<meta property=\"og:image:height\" content=\"600\" \/>\n\t<meta property=\"og:image:type\" content=\"image\/jpeg\" \/>\n<meta name=\"twitter:card\" content=\"summary\" \/>\n<meta name=\"twitter:site\" content=\"@AlbycoNederland\" \/>\n<meta name=\"twitter:label1\" content=\"Dur\u00e9e de lecture estim\u00e9e\" \/>\n\t<meta name=\"twitter:data1\" content=\"2 minutes\" \/>\n<script type=\"application\/ld+json\" class=\"yoast-schema-graph\">{\"@context\":\"https:\/\/schema.org\",\"@graph\":[{\"@type\":\"Organization\",\"@id\":\"https:\/\/www.albyco.com\/#organization\",\"name\":\"Albyco Nederland B.V.\",\"url\":\"https:\/\/www.albyco.com\/\",\"sameAs\":[\"https:\/\/www.linkedin.com\/company\/18015670\/\",\"https:\/\/www.youtube.com\/user\/AlbycoNederland\",\"https:\/\/nl.pinterest.com\/albyco\",\"https:\/\/twitter.com\/AlbycoNederland\"],\"logo\":{\"@type\":\"ImageObject\",\"@id\":\"https:\/\/www.albyco.com\/#logo\",\"inLanguage\":\"fr-FR\",\"url\":\"https:\/\/www.albyco.com\/wp-content\/uploads\/2017\/07\/albyco_logo_hd.png\",\"contentUrl\":\"https:\/\/www.albyco.com\/wp-content\/uploads\/2017\/07\/albyco_logo_hd.png\",\"width\":300,\"height\":300,\"caption\":\"Albyco Nederland B.V.\"},\"image\":{\"@id\":\"https:\/\/www.albyco.com\/#logo\"}},{\"@type\":\"WebSite\",\"@id\":\"https:\/\/www.albyco.com\/#website\",\"url\":\"https:\/\/www.albyco.com\/\",\"name\":\"Albyco\",\"description\":\"Leverancier voor nabewerking van geprinte media\",\"publisher\":{\"@id\":\"https:\/\/www.albyco.com\/#organization\"},\"potentialAction\":[{\"@type\":\"SearchAction\",\"target\":{\"@type\":\"EntryPoint\",\"urlTemplate\":\"https:\/\/www.albyco.com\/?s={search_term_string}\"},\"query-input\":\"required name=search_term_string\"}],\"inLanguage\":\"fr-FR\"},{\"@type\":\"ImageObject\",\"@id\":\"https:\/\/www.albyco.com\/fr\/produit\/albyco-superspeed-r10-a3-plastifieuse\/#primaryimage\",\"inLanguage\":\"fr-FR\",\"url\":\"https:\/\/www.albyco.com\/wp-content\/uploads\/2017\/06\/albyco-albyco-superspeed-r10-a3-laminator_ALBSPEEDLAMR10.jpg\",\"contentUrl\":\"https:\/\/www.albyco.com\/wp-content\/uploads\/2017\/06\/albyco-albyco-superspeed-r10-a3-laminator_ALBSPEEDLAMR10.jpg\",\"width\":800,\"height\":600,\"caption\":\"Albyco Photopro 330 pouchlaminator A3\"},{\"@type\":\"WebPage\",\"@id\":\"https:\/\/www.albyco.com\/fr\/produit\/albyco-superspeed-r10-a3-plastifieuse\/#webpage\",\"url\":\"https:\/\/www.albyco.com\/fr\/produit\/albyco-superspeed-r10-a3-plastifieuse\/\",\"name\":\"Albyco Photopro 330 plastifieuse A3 professionnelle - Albyco\",\"isPartOf\":{\"@id\":\"https:\/\/www.albyco.com\/#website\"},\"primaryImageOfPage\":{\"@id\":\"https:\/\/www.albyco.com\/fr\/produit\/albyco-superspeed-r10-a3-plastifieuse\/#primaryimage\"},\"datePublished\":\"2017-07-06T18:44:52+00:00\",\"dateModified\":\"2022-02-02T14:05:48+00:00\",\"description\":\"La plastifieuse de pochettes la plus rapide au monde, peut plastifier jusqu'\u00e0 4 m\u00e8tres par minute, un A4 en 4,5 secondes ! Syst\u00e8me \u00e0 10 rouleaux pour une vitesse \u00e9lev\u00e9e.\",\"breadcrumb\":{\"@id\":\"https:\/\/www.albyco.com\/fr\/produit\/albyco-superspeed-r10-a3-plastifieuse\/#breadcrumb\"},\"inLanguage\":\"fr-FR\",\"potentialAction\":[{\"@type\":\"ReadAction\",\"target\":[\"https:\/\/www.albyco.com\/fr\/produit\/albyco-superspeed-r10-a3-plastifieuse\/\"]}]},{\"@type\":\"BreadcrumbList\",\"@id\":\"https:\/\/www.albyco.com\/fr\/produit\/albyco-superspeed-r10-a3-plastifieuse\/#breadcrumb\",\"itemListElement\":[{\"@type\":\"ListItem\",\"position\":1,\"name\":\"Home\",\"item\":\"https:\/\/www.albyco.com\/fr\/\"},{\"@type\":\"ListItem\",\"position\":2,\"name\":\"Les produits\",\"item\":\"https:\/\/www.albyco.com\/fr\/producten\/\"},{\"@type\":\"ListItem\",\"position\":3,\"name\":\"Albyco Photopro 330 plastifieuse A3 professionnelle\"}]}]}<\/script>\n<!-- \/ Yoast SEO plugin. -->","yoast_head_json":{"title":"Albyco Photopro 330 plastifieuse A3 professionnelle - Albyco","description":"La plastifieuse de pochettes la plus rapide au monde, peut plastifier jusqu'\u00e0 4 m\u00e8tres par minute, un A4 en 4,5 secondes ! Syst\u00e8me \u00e0 10 rouleaux pour une vitesse \u00e9lev\u00e9e.","robots":{"index":"index","follow":"follow","max-snippet":"max-snippet:-1","max-image-preview":"max-image-preview:large","max-video-preview":"max-video-preview:-1"},"canonical":"https:\/\/www.albyco.com\/fr\/produit\/albyco-superspeed-r10-a3-plastifieuse\/","og_locale":"fr_FR","og_type":"article","og_title":"Albyco Photopro 330 plastifieuse A3 professionnelle - Albyco","og_description":"La plastifieuse de pochettes la plus rapide au monde, peut plastifier jusqu'\u00e0 4 m\u00e8tres par minute, un A4 en 4,5 secondes ! Syst\u00e8me \u00e0 10 rouleaux pour une vitesse \u00e9lev\u00e9e.","og_url":"https:\/\/www.albyco.com\/fr\/produit\/albyco-superspeed-r10-a3-plastifieuse\/","og_site_name":"Albyco","article_modified_time":"2022-02-02T14:05:48+00:00","og_image":[{"width":800,"height":600,"url":"https:\/\/www.albyco.com\/wp-content\/uploads\/2017\/06\/albyco-albyco-superspeed-r10-a3-laminator_ALBSPEEDLAMR10.jpg","type":"image\/jpeg"}],"twitter_card":"summary","twitter_site":"@AlbycoNederland","twitter_misc":{"Dur\u00e9e de lecture estim\u00e9e":"2 minutes"},"schema":{"@context":"https:\/\/schema.org","@graph":[{"@type":"Organization","@id":"https:\/\/www.albyco.com\/#organization","name":"Albyco Nederland B.V.","url":"https:\/\/www.albyco.com\/","sameAs":["https:\/\/www.linkedin.com\/company\/18015670\/","https:\/\/www.youtube.com\/user\/AlbycoNederland","https:\/\/nl.pinterest.com\/albyco","https:\/\/twitter.com\/AlbycoNederland"],"logo":{"@type":"ImageObject","@id":"https:\/\/www.albyco.com\/#logo","inLanguage":"fr-FR","url":"https:\/\/www.albyco.com\/wp-content\/uploads\/2017\/07\/albyco_logo_hd.png","contentUrl":"https:\/\/www.albyco.com\/wp-content\/uploads\/2017\/07\/albyco_logo_hd.png","width":300,"height":300,"caption":"Albyco Nederland B.V."},"image":{"@id":"https:\/\/www.albyco.com\/#logo"}},{"@type":"WebSite","@id":"https:\/\/www.albyco.com\/#website","url":"https:\/\/www.albyco.com\/","name":"Albyco","description":"Leverancier voor nabewerking van geprinte media","publisher":{"@id":"https:\/\/www.albyco.com\/#organization"},"potentialAction":[{"@type":"SearchAction","target":{"@type":"EntryPoint","urlTemplate":"https:\/\/www.albyco.com\/?s={search_term_string}"},"query-input":"required name=search_term_string"}],"inLanguage":"fr-FR"},{"@type":"ImageObject","@id":"https:\/\/www.albyco.com\/fr\/produit\/albyco-superspeed-r10-a3-plastifieuse\/#primaryimage","inLanguage":"fr-FR","url":"https:\/\/www.albyco.com\/wp-content\/uploads\/2017\/06\/albyco-albyco-superspeed-r10-a3-laminator_ALBSPEEDLAMR10.jpg","contentUrl":"https:\/\/www.albyco.com\/wp-content\/uploads\/2017\/06\/albyco-albyco-superspeed-r10-a3-laminator_ALBSPEEDLAMR10.jpg","width":800,"height":600,"caption":"Albyco Photopro 330 pouchlaminator A3"},{"@type":"WebPage","@id":"https:\/\/www.albyco.com\/fr\/produit\/albyco-superspeed-r10-a3-plastifieuse\/#webpage","url":"https:\/\/www.albyco.com\/fr\/produit\/albyco-superspeed-r10-a3-plastifieuse\/","name":"Albyco Photopro 330 plastifieuse A3 professionnelle - Albyco","isPartOf":{"@id":"https:\/\/www.albyco.com\/#website"},"primaryImageOfPage":{"@id":"https:\/\/www.albyco.com\/fr\/produit\/albyco-superspeed-r10-a3-plastifieuse\/#primaryimage"},"datePublished":"2017-07-06T18:44:52+00:00","dateModified":"2022-02-02T14:05:48+00:00","description":"La plastifieuse de pochettes la plus rapide au monde, peut plastifier jusqu'\u00e0 4 m\u00e8tres par minute, un A4 en 4,5 secondes ! Syst\u00e8me \u00e0 10 rouleaux pour une vitesse \u00e9lev\u00e9e.","breadcrumb":{"@id":"https:\/\/www.albyco.com\/fr\/produit\/albyco-superspeed-r10-a3-plastifieuse\/#breadcrumb"},"inLanguage":"fr-FR","potentialAction":[{"@type":"ReadAction","target":["https:\/\/www.albyco.com\/fr\/produit\/albyco-superspeed-r10-a3-plastifieuse\/"]}]},{"@type":"BreadcrumbList","@id":"https:\/\/www.albyco.com\/fr\/produit\/albyco-superspeed-r10-a3-plastifieuse\/#breadcrumb","itemListElement":[{"@type":"ListItem","position":1,"name":"Home","item":"https:\/\/www.albyco.com\/fr\/"},{"@type":"ListItem","position":2,"name":"Les produits","item":"https:\/\/www.albyco.com\/fr\/producten\/"},{"@type":"ListItem","position":3,"name":"Albyco Photopro 330 plastifieuse A3 professionnelle"}]}]}},"_links":{"self":[{"href":"https:\/\/www.albyco.com\/fr\/wp-json\/wp\/v2\/product\/9512"}],"collection":[{"href":"https:\/\/www.albyco.com\/fr\/wp-json\/wp\/v2\/product"}],"about":[{"href":"https:\/\/www.albyco.com\/fr\/wp-json\/wp\/v2\/types\/product"}],"replies":[{"embeddable":true,"href":"https:\/\/www.albyco.com\/fr\/wp-json\/wp\/v2\/comments?post=9512"}],"wp:featuredmedia":[{"embeddable":true,"href":"https:\/\/www.albyco.com\/fr\/wp-json\/wp\/v2\/media\/7861"}],"wp:attachment":[{"href":"https:\/\/www.albyco.com\/fr\/wp-json\/wp\/v2\/media?parent=9512"}],"wp:term":[{"taxonomy":"product_cat","embeddable":true,"href":"https:\/\/www.albyco.com\/fr\/wp-json\/wp\/v2\/product_cat?post=9512"},{"taxonomy":"product_tag","embeddable":true,"href":"https:\/\/www.albyco.com\/fr\/wp-json\/wp\/v2\/product_tag?post=9512"}],"curies":[{"name":"wp","href":"https:\/\/api.w.org\/{rel}","templated":true}]}}