{"id":9504,"date":"2017-07-07T15:46:19","date_gmt":"2017-07-07T13:46:19","guid":{"rendered":"https:\/\/www.albyco.com\/product\/albyco-s-160-perforelieur-manuel\/"},"modified":"2018-02-22T16:22:53","modified_gmt":"2018-02-22T15:22:53","slug":"albyco-s-160-perforelieur-manuel","status":"publish","type":"product","link":"https:\/\/www.albyco.com\/fr\/produit\/albyco-s-160-perforelieur-manuel\/","title":{"rendered":"Albyco S-160\u00a0perforelieur manuel"},"content":{"rendered":"<p class=\"p1\">Le <strong>Albyco S-160<\/strong>,<span class=\"Apple-converted-space\">\u00a0 <\/span>combinaison efficace entre la perforation<span class=\"Apple-converted-space\">\u00a0 <\/span>et d&#8217;un syst\u00e8me de reliure<span class=\"Apple-converted-space\">\u00a0 <\/span>au moyen de 21 anneaux d&#8217;anneaux de reliure en plastique. L` Albyco S-160 perfore jusqu&#8217;\u00e0 25 feuilles de 80 gr.\/m2 et relie<span class=\"Apple-converted-space\">\u00a0 <\/span>jusqu&#8217;\u00e0 490 feuilles.Bac \u00e0 d\u00e9chets papier int\u00e9gr\u00e9 \u00e0 l`avant de la machine.. L` Albyco S-160 est munie d`une but\u00e9e pour r\u00e9glage de formats non standard de 3 \u00e0 8 mm. C`est pourquoi<span class=\"Apple-converted-space\">\u00a0 <\/span>la machine a<span class=\"Apple-converted-space\">\u00a0 <\/span>21 lames d\u00e9sactivables de perforation.. Le syst\u00e8me est donc adapt\u00e9 \u00e0 tous les types de papier diff\u00e9rent formats A4, B4, etc. Bien s\u00fbr, la machine est \u00e9galement tr\u00e8s appropri\u00e9 pour les couvertures<span class=\"Apple-converted-space\">\u00a0 <\/span>plastiques <span class=\"Apple-converted-space\">\u00a0 <\/span>de protection transparentes, mais il est recommand\u00e9 de ne pas traiter plus de deux feuilles en m\u00eame temps pour le maintien des lames sensibles de perforation.<\/p>\r\n&nbsp;\r\n\r\n<a href=\"https:\/\/www.albyco.com\/fr\/contactez-nous\/\"><img loading=\"lazy\" class=\"size-full wp-image-11223 alignleft\" src=\"https:\/\/www.albyco.com\/wp-content\/uploads\/2018\/02\/CTA-Albyco-fr-2.jpg\" alt=\"\" width=\"225\" height=\"141\" srcset=\"https:\/\/www.albyco.com\/wp-content\/uploads\/2018\/02\/CTA-Albyco-fr-2.jpg 225w, https:\/\/www.albyco.com\/wp-content\/uploads\/2018\/02\/CTA-Albyco-fr-2-100x63.jpg 100w, https:\/\/www.albyco.com\/wp-content\/uploads\/2018\/02\/CTA-Albyco-fr-2-24x15.jpg 24w, https:\/\/www.albyco.com\/wp-content\/uploads\/2018\/02\/CTA-Albyco-fr-2-36x23.jpg 36w, https:\/\/www.albyco.com\/wp-content\/uploads\/2018\/02\/CTA-Albyco-fr-2-48x30.jpg 48w\" sizes=\"(max-width: 225px) 100vw, 225px\" \/><\/a>","protected":false},"excerpt":{"rendered":"<p class=\"p1\">Perforelieur , perfore<span class=\"Apple-converted-space\">\u00a0 <\/span>jusqu&#8217;\u00e0 25 feuilles, relie jusqu`a 490 feuilles, but\u00e9e de papier r\u00e9glable, r\u00e9glable en profondeur de perforation<span class=\"Apple-converted-space\">\u00a0 <\/span>3-8mm, 21 lames de perforation d\u00e9sactivables<\/p>\n","protected":false},"featured_media":7784,"comment_status":"open","ping_status":"closed","template":"","meta":[],"product_cat":[2300,2316,2749],"product_tag":[2318,2324,2750],"yoast_head":"<!-- This site is optimized with the Yoast SEO plugin v18.6 - https:\/\/yoast.com\/wordpress\/plugins\/seo\/ -->\n<title>Albyco S-160\u00a0perforelieur manuel - Albyco<\/title>\n<meta name=\"description\" content=\"Perforelieur , perfore\u00a0 jusqu&#039;\u00e0 25 feuilles, relie jusqu`a 490 feuilles, but\u00e9e de papier r\u00e9glable, r\u00e9glable en profondeur de perforation\u00a0 3-8mm, 21 lames de perforation d\u00e9sactivables\" \/>\n<meta name=\"robots\" content=\"index, follow, max-snippet:-1, max-image-preview:large, max-video-preview:-1\" \/>\n<link rel=\"canonical\" href=\"https:\/\/www.albyco.com\/fr\/produit\/albyco-s-160-perforelieur-manuel\/\" \/>\n<meta property=\"og:locale\" content=\"fr_FR\" \/>\n<meta property=\"og:type\" content=\"article\" \/>\n<meta property=\"og:title\" content=\"Albyco S-160\u00a0perforelieur manuel - Albyco\" \/>\n<meta property=\"og:description\" content=\"Perforelieur , perfore\u00a0 jusqu&#039;\u00e0 25 feuilles, relie jusqu`a 490 feuilles, but\u00e9e de papier r\u00e9glable, r\u00e9glable en profondeur de perforation\u00a0 3-8mm, 21 lames de perforation d\u00e9sactivables\" \/>\n<meta property=\"og:url\" content=\"https:\/\/www.albyco.com\/fr\/produit\/albyco-s-160-perforelieur-manuel\/\" \/>\n<meta property=\"og:site_name\" content=\"Albyco\" \/>\n<meta property=\"article:modified_time\" content=\"2018-02-22T15:22:53+00:00\" \/>\n<meta property=\"og:image\" content=\"https:\/\/www.albyco.com\/wp-content\/uploads\/2017\/06\/albyco-albyco-s-160_ALBS160.jpg\" \/>\n\t<meta property=\"og:image:width\" content=\"400\" \/>\n\t<meta property=\"og:image:height\" content=\"400\" \/>\n\t<meta property=\"og:image:type\" content=\"image\/jpeg\" \/>\n<meta name=\"twitter:card\" content=\"summary\" \/>\n<meta name=\"twitter:site\" content=\"@AlbycoNederland\" \/>\n<meta name=\"twitter:label1\" content=\"Dur\u00e9e de lecture estim\u00e9e\" \/>\n\t<meta name=\"twitter:data1\" content=\"1 minute\" \/>\n<script type=\"application\/ld+json\" class=\"yoast-schema-graph\">{\"@context\":\"https:\/\/schema.org\",\"@graph\":[{\"@type\":\"Organization\",\"@id\":\"https:\/\/www.albyco.com\/#organization\",\"name\":\"Albyco Nederland B.V.\",\"url\":\"https:\/\/www.albyco.com\/\",\"sameAs\":[\"https:\/\/www.linkedin.com\/company\/18015670\/\",\"https:\/\/www.youtube.com\/user\/AlbycoNederland\",\"https:\/\/nl.pinterest.com\/albyco\",\"https:\/\/twitter.com\/AlbycoNederland\"],\"logo\":{\"@type\":\"ImageObject\",\"@id\":\"https:\/\/www.albyco.com\/#logo\",\"inLanguage\":\"fr-FR\",\"url\":\"https:\/\/www.albyco.com\/wp-content\/uploads\/2017\/07\/albyco_logo_hd.png\",\"contentUrl\":\"https:\/\/www.albyco.com\/wp-content\/uploads\/2017\/07\/albyco_logo_hd.png\",\"width\":300,\"height\":300,\"caption\":\"Albyco Nederland B.V.\"},\"image\":{\"@id\":\"https:\/\/www.albyco.com\/#logo\"}},{\"@type\":\"WebSite\",\"@id\":\"https:\/\/www.albyco.com\/#website\",\"url\":\"https:\/\/www.albyco.com\/\",\"name\":\"Albyco\",\"description\":\"Leverancier voor nabewerking van geprinte media\",\"publisher\":{\"@id\":\"https:\/\/www.albyco.com\/#organization\"},\"potentialAction\":[{\"@type\":\"SearchAction\",\"target\":{\"@type\":\"EntryPoint\",\"urlTemplate\":\"https:\/\/www.albyco.com\/?s={search_term_string}\"},\"query-input\":\"required name=search_term_string\"}],\"inLanguage\":\"fr-FR\"},{\"@type\":\"ImageObject\",\"@id\":\"https:\/\/www.albyco.com\/fr\/produit\/albyco-s-160-perforelieur-manuel\/#primaryimage\",\"inLanguage\":\"fr-FR\",\"url\":\"https:\/\/www.albyco.com\/wp-content\/uploads\/2017\/06\/albyco-albyco-s-160_ALBS160.jpg\",\"contentUrl\":\"https:\/\/www.albyco.com\/wp-content\/uploads\/2017\/06\/albyco-albyco-s-160_ALBS160.jpg\",\"width\":400,\"height\":400,\"caption\":\"Albyco S-160\u00a0perforelieur manuel\"},{\"@type\":\"WebPage\",\"@id\":\"https:\/\/www.albyco.com\/fr\/produit\/albyco-s-160-perforelieur-manuel\/#webpage\",\"url\":\"https:\/\/www.albyco.com\/fr\/produit\/albyco-s-160-perforelieur-manuel\/\",\"name\":\"Albyco S-160\u00a0perforelieur manuel - Albyco\",\"isPartOf\":{\"@id\":\"https:\/\/www.albyco.com\/#website\"},\"primaryImageOfPage\":{\"@id\":\"https:\/\/www.albyco.com\/fr\/produit\/albyco-s-160-perforelieur-manuel\/#primaryimage\"},\"datePublished\":\"2017-07-07T13:46:19+00:00\",\"dateModified\":\"2018-02-22T15:22:53+00:00\",\"description\":\"Perforelieur , perfore\u00a0 jusqu'\u00e0 25 feuilles, relie jusqu`a 490 feuilles, but\u00e9e de papier r\u00e9glable, r\u00e9glable en profondeur de perforation\u00a0 3-8mm, 21 lames de perforation d\u00e9sactivables\",\"breadcrumb\":{\"@id\":\"https:\/\/www.albyco.com\/fr\/produit\/albyco-s-160-perforelieur-manuel\/#breadcrumb\"},\"inLanguage\":\"fr-FR\",\"potentialAction\":[{\"@type\":\"ReadAction\",\"target\":[\"https:\/\/www.albyco.com\/fr\/produit\/albyco-s-160-perforelieur-manuel\/\"]}]},{\"@type\":\"BreadcrumbList\",\"@id\":\"https:\/\/www.albyco.com\/fr\/produit\/albyco-s-160-perforelieur-manuel\/#breadcrumb\",\"itemListElement\":[{\"@type\":\"ListItem\",\"position\":1,\"name\":\"Home\",\"item\":\"https:\/\/www.albyco.com\/fr\/\"},{\"@type\":\"ListItem\",\"position\":2,\"name\":\"Les produits\",\"item\":\"https:\/\/www.albyco.com\/fr\/producten\/\"},{\"@type\":\"ListItem\",\"position\":3,\"name\":\"Albyco S-160\u00a0perforelieur manuel\"}]}]}<\/script>\n<!-- \/ Yoast SEO plugin. -->","yoast_head_json":{"title":"Albyco S-160\u00a0perforelieur manuel - Albyco","description":"Perforelieur , perfore\u00a0 jusqu'\u00e0 25 feuilles, relie jusqu`a 490 feuilles, but\u00e9e de papier r\u00e9glable, r\u00e9glable en profondeur de perforation\u00a0 3-8mm, 21 lames de perforation d\u00e9sactivables","robots":{"index":"index","follow":"follow","max-snippet":"max-snippet:-1","max-image-preview":"max-image-preview:large","max-video-preview":"max-video-preview:-1"},"canonical":"https:\/\/www.albyco.com\/fr\/produit\/albyco-s-160-perforelieur-manuel\/","og_locale":"fr_FR","og_type":"article","og_title":"Albyco S-160\u00a0perforelieur manuel - Albyco","og_description":"Perforelieur , perfore\u00a0 jusqu'\u00e0 25 feuilles, relie jusqu`a 490 feuilles, but\u00e9e de papier r\u00e9glable, r\u00e9glable en profondeur de perforation\u00a0 3-8mm, 21 lames de perforation d\u00e9sactivables","og_url":"https:\/\/www.albyco.com\/fr\/produit\/albyco-s-160-perforelieur-manuel\/","og_site_name":"Albyco","article_modified_time":"2018-02-22T15:22:53+00:00","og_image":[{"width":400,"height":400,"url":"https:\/\/www.albyco.com\/wp-content\/uploads\/2017\/06\/albyco-albyco-s-160_ALBS160.jpg","type":"image\/jpeg"}],"twitter_card":"summary","twitter_site":"@AlbycoNederland","twitter_misc":{"Dur\u00e9e de lecture estim\u00e9e":"1 minute"},"schema":{"@context":"https:\/\/schema.org","@graph":[{"@type":"Organization","@id":"https:\/\/www.albyco.com\/#organization","name":"Albyco Nederland B.V.","url":"https:\/\/www.albyco.com\/","sameAs":["https:\/\/www.linkedin.com\/company\/18015670\/","https:\/\/www.youtube.com\/user\/AlbycoNederland","https:\/\/nl.pinterest.com\/albyco","https:\/\/twitter.com\/AlbycoNederland"],"logo":{"@type":"ImageObject","@id":"https:\/\/www.albyco.com\/#logo","inLanguage":"fr-FR","url":"https:\/\/www.albyco.com\/wp-content\/uploads\/2017\/07\/albyco_logo_hd.png","contentUrl":"https:\/\/www.albyco.com\/wp-content\/uploads\/2017\/07\/albyco_logo_hd.png","width":300,"height":300,"caption":"Albyco Nederland B.V."},"image":{"@id":"https:\/\/www.albyco.com\/#logo"}},{"@type":"WebSite","@id":"https:\/\/www.albyco.com\/#website","url":"https:\/\/www.albyco.com\/","name":"Albyco","description":"Leverancier voor nabewerking van geprinte media","publisher":{"@id":"https:\/\/www.albyco.com\/#organization"},"potentialAction":[{"@type":"SearchAction","target":{"@type":"EntryPoint","urlTemplate":"https:\/\/www.albyco.com\/?s={search_term_string}"},"query-input":"required name=search_term_string"}],"inLanguage":"fr-FR"},{"@type":"ImageObject","@id":"https:\/\/www.albyco.com\/fr\/produit\/albyco-s-160-perforelieur-manuel\/#primaryimage","inLanguage":"fr-FR","url":"https:\/\/www.albyco.com\/wp-content\/uploads\/2017\/06\/albyco-albyco-s-160_ALBS160.jpg","contentUrl":"https:\/\/www.albyco.com\/wp-content\/uploads\/2017\/06\/albyco-albyco-s-160_ALBS160.jpg","width":400,"height":400,"caption":"Albyco S-160\u00a0perforelieur manuel"},{"@type":"WebPage","@id":"https:\/\/www.albyco.com\/fr\/produit\/albyco-s-160-perforelieur-manuel\/#webpage","url":"https:\/\/www.albyco.com\/fr\/produit\/albyco-s-160-perforelieur-manuel\/","name":"Albyco S-160\u00a0perforelieur manuel - Albyco","isPartOf":{"@id":"https:\/\/www.albyco.com\/#website"},"primaryImageOfPage":{"@id":"https:\/\/www.albyco.com\/fr\/produit\/albyco-s-160-perforelieur-manuel\/#primaryimage"},"datePublished":"2017-07-07T13:46:19+00:00","dateModified":"2018-02-22T15:22:53+00:00","description":"Perforelieur , perfore\u00a0 jusqu'\u00e0 25 feuilles, relie jusqu`a 490 feuilles, but\u00e9e de papier r\u00e9glable, r\u00e9glable en profondeur de perforation\u00a0 3-8mm, 21 lames de perforation d\u00e9sactivables","breadcrumb":{"@id":"https:\/\/www.albyco.com\/fr\/produit\/albyco-s-160-perforelieur-manuel\/#breadcrumb"},"inLanguage":"fr-FR","potentialAction":[{"@type":"ReadAction","target":["https:\/\/www.albyco.com\/fr\/produit\/albyco-s-160-perforelieur-manuel\/"]}]},{"@type":"BreadcrumbList","@id":"https:\/\/www.albyco.com\/fr\/produit\/albyco-s-160-perforelieur-manuel\/#breadcrumb","itemListElement":[{"@type":"ListItem","position":1,"name":"Home","item":"https:\/\/www.albyco.com\/fr\/"},{"@type":"ListItem","position":2,"name":"Les produits","item":"https:\/\/www.albyco.com\/fr\/producten\/"},{"@type":"ListItem","position":3,"name":"Albyco S-160\u00a0perforelieur manuel"}]}]}},"_links":{"self":[{"href":"https:\/\/www.albyco.com\/fr\/wp-json\/wp\/v2\/product\/9504"}],"collection":[{"href":"https:\/\/www.albyco.com\/fr\/wp-json\/wp\/v2\/product"}],"about":[{"href":"https:\/\/www.albyco.com\/fr\/wp-json\/wp\/v2\/types\/product"}],"replies":[{"embeddable":true,"href":"https:\/\/www.albyco.com\/fr\/wp-json\/wp\/v2\/comments?post=9504"}],"wp:featuredmedia":[{"embeddable":true,"href":"https:\/\/www.albyco.com\/fr\/wp-json\/wp\/v2\/media\/7784"}],"wp:attachment":[{"href":"https:\/\/www.albyco.com\/fr\/wp-json\/wp\/v2\/media?parent=9504"}],"wp:term":[{"taxonomy":"product_cat","embeddable":true,"href":"https:\/\/www.albyco.com\/fr\/wp-json\/wp\/v2\/product_cat?post=9504"},{"taxonomy":"product_tag","embeddable":true,"href":"https:\/\/www.albyco.com\/fr\/wp-json\/wp\/v2\/product_tag?post=9504"}],"curies":[{"name":"wp","href":"https:\/\/api.w.org\/{rel}","templated":true}]}}