{"id":9498,"date":"2017-07-06T21:28:37","date_gmt":"2017-07-06T19:28:37","guid":{"rendered":"https:\/\/www.albyco.com\/product\/albyco-480-r6-laminateur-professionnel-a2\/"},"modified":"2026-01-25T16:54:44","modified_gmt":"2026-01-25T15:54:44","slug":"albyco-480-r6-laminateur-professionnel-a2","status":"publish","type":"product","link":"https:\/\/www.albyco.com\/fr\/produit\/albyco-480-r6-laminateur-professionnel-a2\/","title":{"rendered":"Albyco 480-R6 laminateur professionnel A2"},"content":{"rendered":"<p class=\"p1\">L` Albyco 480-R6 laminateur professionnel A2 est une plastifieuse \u00e0 pochettes A2 + \u00e9quip\u00e9e<span class=\"Apple-converted-space\">\u00a0 <\/span>de 6 rouleaux<span class=\"Apple-converted-space\">\u00a0 <\/span>pour un r\u00e9sultat de plastification professionnel. La machine poss\u00e8de un bo\u00eetier en acier, et un moteur r\u00e9sistant \u00e0 la chaleur, sp\u00e9cialement con\u00e7u pour une utilisation continue \u00e0 des temp\u00e9ratures tr\u00e8s \u00e9lev\u00e9es. La ventilation int\u00e9gr\u00e9 brevet\u00e9 maintient le bo\u00eetier &#8220;froid&#8221; la temp\u00e9rature est contr\u00f4l\u00e9e par un \u00e9cran LCD et de touches tactiles souples. l&#8217;Albyco 480-R6 dispose d`un syst\u00e8me de transport du document unique pour une bonne mise en place du document \u00e0 plastifier. Toutes ces caract\u00e9ristiques permettent de r\u00e9aliser parfaitement un grand nombre de pochettes \u00e0 plastifier. La largeur d`introduct l`Albyco-480 R6 fournit<span class=\"Apple-converted-space\">\u00a0 <\/span>la technique des rouleaux chauffants.<span class=\"Apple-converted-space\">\u00a0<\/span>Cette machine \u00e0 plastifier<span class=\"Apple-converted-space\">\u00a0<\/span>est munie<span class=\"Apple-converted-space\">\u00a0<\/span>de rouleaux de transport chauffants. Au cours du trajet de r\u00e9alisation, au moment o\u00f9 la pochette touche et se presse sur les rouleaux, en m\u00eame temps, la pochette devient chaude. Cette technique fournit des r\u00e9sultats de plastification<span class=\"Apple-converted-space\">\u00a0 <\/span>remarquable, mieux que les syst\u00e8mes de<span class=\"Apple-converted-space\">\u00a0<\/span>plaque chauffante (plaque chaude entre les rouleaux)<span class=\"Apple-converted-space\">\u00a0 <\/span>Cela se voit particuli\u00e8rement<span class=\"Apple-converted-space\">\u00a0 <\/span>sur les photos et sur des surfaces remplies. L` Albyco 480-R 6 est pourvu de deux rouleaux chauffants, pour un d\u00e9bit plus \u00e9lev\u00e9. Le dernier jeu de rouleaux (un total de six rouleaux) est utilis\u00e9 pour le transport et le compactage cette machine. Muni d`un bouton de release, une pochette mal ins\u00e9r\u00e9e peut \u00eatre corrig\u00e9e et remettre la pochette correctement. Pour<span class=\"Apple-converted-space\">\u00a0<\/span>une qualit\u00e9 de plastification<span class=\"Apple-converted-space\">\u00a0 <\/span>professionnelle constante et pour une<span class=\"Apple-converted-space\">\u00a0 <\/span>pr\u00e9servation de la machine, l&#8217;entretien est n\u00e9cessaire. Le<span class=\"Apple-converted-space\">\u00a0 <\/span>principal de chaque plastification<span class=\"Apple-converted-space\">\u00a0 <\/span>est d&#8217;utiliser de bons mat\u00e9riaux de stratification qui ne polluent pas les rouleaux de la machine avec les restes<span class=\"Apple-converted-space\">\u00a0 <\/span>de<span class=\"Apple-converted-space\">\u00a0 <\/span>colle. Les pochettes de plastification<span class=\"Apple-converted-space\">\u00a0 <\/span>Albyco poss\u00e8de un bon \u00e9quilibre entre l&#8217;adh\u00e9sif et de plastique, de sorte que toute<span class=\"Apple-converted-space\">\u00a0 <\/span>t\u00e2che de colle peut \u00eatre \u00e9vit\u00e9e. Dans le cas o\u00f9 il y a encore des r\u00e9sidus de colle situ\u00e9s dans<span class=\"Apple-converted-space\">\u00a0 <\/span>les rouleaux de transport.<\/p>\r\n<p class=\"p1\">ReliurePlastification fournit un agent nettoyant, Lamiclean. Lamiclean peut \u00eatre utilis\u00e9 de deux fa\u00e7ons.La m\u00e9thode standard est de passer <span class=\"Apple-converted-space\">\u00a0 <\/span>avec un chiffon imbib\u00e9 du produit en s`aidant<span class=\"Apple-converted-space\">\u00a0 <\/span>d`un morceau de carton sur les rouleaux<span class=\"Apple-converted-space\">\u00a0<\/span>de la machine, faire absorber les restes de colle par<span class=\"Apple-converted-space\">\u00a0 <\/span>le produit<span class=\"Apple-converted-space\">\u00a0<\/span>et de les r\u00e9up\u00e9rer avec le chiffon en r\u00e9cup\u00e9rant les reste. Les meilleurs r\u00e9sultats sont obtenus avec un moteur chaud. Albyco 480-R 6 . <span class=\"Apple-converted-space\">\u00a0 <\/span>Max. Largeur de plastification 480 mm<\/p>\r\n<p class=\"p1\">Max. vitesse de plastification1150 mm \/ min.\r\nMax. epaisseur de plastification 2 x 250 microns\r\nRouleaux chauffants\r\nPlage de temp\u00e9rature 0-140 \u00b0C\r\nNombre de rouleaux 6\r\nTemp\u00e9rature LCD de contr\u00f4le\r\nVitesse d&#8217;affichage \u00e0 cristaux liquides\r\nBouton de release\r\nTemps de pr\u00e9chauffage 5 min.\r\nMise en veille automatique 2 heures apr\u00e8s la derni\u00e8re op\u00e9ration\r\nAffichage du temps et de marcheOui\r\nPuissance 1200 W\r\nDimensions 651x271x130 mm\r\nPoids 22 kg<\/p>\r\n&nbsp;\r\n\r\n<a href=\"https:\/\/www.albyco.com\/fr\/contactez-nous\/\"><img loading=\"lazy\" class=\"size-full wp-image-11223 alignleft\" src=\"https:\/\/www.albyco.com\/wp-content\/uploads\/2018\/02\/CTA-Albyco-fr-2.jpg\" alt=\"\" width=\"225\" height=\"141\" srcset=\"https:\/\/www.albyco.com\/wp-content\/uploads\/2018\/02\/CTA-Albyco-fr-2.jpg 225w, https:\/\/www.albyco.com\/wp-content\/uploads\/2018\/02\/CTA-Albyco-fr-2-100x63.jpg 100w, https:\/\/www.albyco.com\/wp-content\/uploads\/2018\/02\/CTA-Albyco-fr-2-24x15.jpg 24w, https:\/\/www.albyco.com\/wp-content\/uploads\/2018\/02\/CTA-Albyco-fr-2-36x23.jpg 36w, https:\/\/www.albyco.com\/wp-content\/uploads\/2018\/02\/CTA-Albyco-fr-2-48x30.jpg 48w\" sizes=\"(max-width: 225px) 100vw, 225px\" \/><\/a>","protected":false},"excerpt":{"rendered":"<p>L` Albyco 480-R6 laminateur professionnel A2 est une plastifieuse \u00e0 pochettes A2 + \u00e9quip\u00e9e<span class=\"Apple-converted-space\">\u00a0 <\/span>de 6 rouleaux<span class=\"Apple-converted-space\">\u00a0 <\/span>pour un r\u00e9sultat de plastification professionnel.<\/p>\n","protected":false},"featured_media":7842,"comment_status":"open","ping_status":"closed","template":"","meta":[],"product_cat":[2300,2728,2772],"product_tag":[2734,2318,2773,2774,2775,2776,2777,2780],"yoast_head":"<!-- This site is optimized with the Yoast SEO plugin v18.6 - https:\/\/yoast.com\/wordpress\/plugins\/seo\/ -->\n<title>Albyco 480-R6 laminateur professionnel A2 - Albyco<\/title>\n<meta name=\"description\" content=\"L` Albyco 480-R6 laminateur professionnel A2 est une plastifieuse \u00e0 pochettes A2 + \u00e9quip\u00e9e\u00a0 de 6 rouleaux\u00a0 pour un r\u00e9sultat de plastification professionnel.\" \/>\n<meta name=\"robots\" content=\"index, follow, max-snippet:-1, max-image-preview:large, max-video-preview:-1\" \/>\n<link rel=\"canonical\" href=\"https:\/\/www.albyco.com\/fr\/produit\/albyco-480-r6-laminateur-professionnel-a2\/\" \/>\n<meta property=\"og:locale\" content=\"fr_FR\" \/>\n<meta property=\"og:type\" content=\"article\" \/>\n<meta property=\"og:title\" content=\"Albyco 480-R6 laminateur professionnel A2 - Albyco\" \/>\n<meta property=\"og:description\" content=\"L` Albyco 480-R6 laminateur professionnel A2 est une plastifieuse \u00e0 pochettes A2 + \u00e9quip\u00e9e\u00a0 de 6 rouleaux\u00a0 pour un r\u00e9sultat de plastification professionnel.\" \/>\n<meta property=\"og:url\" content=\"https:\/\/www.albyco.com\/fr\/produit\/albyco-480-r6-laminateur-professionnel-a2\/\" \/>\n<meta property=\"og:site_name\" content=\"Albyco\" \/>\n<meta property=\"article:modified_time\" content=\"2026-01-25T15:54:44+00:00\" \/>\n<meta property=\"og:image\" content=\"https:\/\/www.albyco.com\/wp-content\/uploads\/2017\/06\/albyco-albyco-480-r6-professionele-a2-laminator_ALBPHOTOPROPLUS4.jpg\" \/>\n\t<meta property=\"og:image:width\" content=\"1024\" \/>\n\t<meta property=\"og:image:height\" content=\"568\" \/>\n\t<meta property=\"og:image:type\" content=\"image\/jpeg\" \/>\n<meta name=\"twitter:card\" content=\"summary\" \/>\n<meta name=\"twitter:site\" content=\"@AlbycoNederland\" \/>\n<meta name=\"twitter:label1\" content=\"Dur\u00e9e de lecture estim\u00e9e\" \/>\n\t<meta name=\"twitter:data1\" content=\"3 minutes\" \/>\n<script type=\"application\/ld+json\" class=\"yoast-schema-graph\">{\"@context\":\"https:\/\/schema.org\",\"@graph\":[{\"@type\":\"Organization\",\"@id\":\"https:\/\/www.albyco.com\/#organization\",\"name\":\"Albyco Nederland B.V.\",\"url\":\"https:\/\/www.albyco.com\/\",\"sameAs\":[\"https:\/\/www.linkedin.com\/company\/18015670\/\",\"https:\/\/www.youtube.com\/user\/AlbycoNederland\",\"https:\/\/nl.pinterest.com\/albyco\",\"https:\/\/twitter.com\/AlbycoNederland\"],\"logo\":{\"@type\":\"ImageObject\",\"@id\":\"https:\/\/www.albyco.com\/#logo\",\"inLanguage\":\"fr-FR\",\"url\":\"https:\/\/www.albyco.com\/wp-content\/uploads\/2017\/07\/albyco_logo_hd.png\",\"contentUrl\":\"https:\/\/www.albyco.com\/wp-content\/uploads\/2017\/07\/albyco_logo_hd.png\",\"width\":300,\"height\":300,\"caption\":\"Albyco Nederland B.V.\"},\"image\":{\"@id\":\"https:\/\/www.albyco.com\/#logo\"}},{\"@type\":\"WebSite\",\"@id\":\"https:\/\/www.albyco.com\/#website\",\"url\":\"https:\/\/www.albyco.com\/\",\"name\":\"Albyco\",\"description\":\"Leverancier voor nabewerking van geprinte media\",\"publisher\":{\"@id\":\"https:\/\/www.albyco.com\/#organization\"},\"potentialAction\":[{\"@type\":\"SearchAction\",\"target\":{\"@type\":\"EntryPoint\",\"urlTemplate\":\"https:\/\/www.albyco.com\/?s={search_term_string}\"},\"query-input\":\"required name=search_term_string\"}],\"inLanguage\":\"fr-FR\"},{\"@type\":\"ImageObject\",\"@id\":\"https:\/\/www.albyco.com\/fr\/produit\/albyco-480-r6-laminateur-professionnel-a2\/#primaryimage\",\"inLanguage\":\"fr-FR\",\"url\":\"https:\/\/www.albyco.com\/wp-content\/uploads\/2017\/06\/albyco-albyco-480-r6-professionele-a2-laminator_ALBPHOTOPROPLUS4.jpg\",\"contentUrl\":\"https:\/\/www.albyco.com\/wp-content\/uploads\/2017\/06\/albyco-albyco-480-r6-professionele-a2-laminator_ALBPHOTOPROPLUS4.jpg\",\"width\":1024,\"height\":568,\"caption\":\"Albyco 480-R6 laminateur professionnel A2\"},{\"@type\":\"WebPage\",\"@id\":\"https:\/\/www.albyco.com\/fr\/produit\/albyco-480-r6-laminateur-professionnel-a2\/#webpage\",\"url\":\"https:\/\/www.albyco.com\/fr\/produit\/albyco-480-r6-laminateur-professionnel-a2\/\",\"name\":\"Albyco 480-R6 laminateur professionnel A2 - Albyco\",\"isPartOf\":{\"@id\":\"https:\/\/www.albyco.com\/#website\"},\"primaryImageOfPage\":{\"@id\":\"https:\/\/www.albyco.com\/fr\/produit\/albyco-480-r6-laminateur-professionnel-a2\/#primaryimage\"},\"datePublished\":\"2017-07-06T19:28:37+00:00\",\"dateModified\":\"2026-01-25T15:54:44+00:00\",\"description\":\"L` Albyco 480-R6 laminateur professionnel A2 est une plastifieuse \u00e0 pochettes A2 + \u00e9quip\u00e9e\u00a0 de 6 rouleaux\u00a0 pour un r\u00e9sultat de plastification professionnel.\",\"breadcrumb\":{\"@id\":\"https:\/\/www.albyco.com\/fr\/produit\/albyco-480-r6-laminateur-professionnel-a2\/#breadcrumb\"},\"inLanguage\":\"fr-FR\",\"potentialAction\":[{\"@type\":\"ReadAction\",\"target\":[\"https:\/\/www.albyco.com\/fr\/produit\/albyco-480-r6-laminateur-professionnel-a2\/\"]}]},{\"@type\":\"BreadcrumbList\",\"@id\":\"https:\/\/www.albyco.com\/fr\/produit\/albyco-480-r6-laminateur-professionnel-a2\/#breadcrumb\",\"itemListElement\":[{\"@type\":\"ListItem\",\"position\":1,\"name\":\"Home\",\"item\":\"https:\/\/www.albyco.com\/fr\/\"},{\"@type\":\"ListItem\",\"position\":2,\"name\":\"Les produits\",\"item\":\"https:\/\/www.albyco.com\/fr\/producten\/\"},{\"@type\":\"ListItem\",\"position\":3,\"name\":\"Albyco 480-R6 laminateur professionnel A2\"}]}]}<\/script>\n<!-- \/ Yoast SEO plugin. -->","yoast_head_json":{"title":"Albyco 480-R6 laminateur professionnel A2 - Albyco","description":"L` Albyco 480-R6 laminateur professionnel A2 est une plastifieuse \u00e0 pochettes A2 + \u00e9quip\u00e9e\u00a0 de 6 rouleaux\u00a0 pour un r\u00e9sultat de plastification professionnel.","robots":{"index":"index","follow":"follow","max-snippet":"max-snippet:-1","max-image-preview":"max-image-preview:large","max-video-preview":"max-video-preview:-1"},"canonical":"https:\/\/www.albyco.com\/fr\/produit\/albyco-480-r6-laminateur-professionnel-a2\/","og_locale":"fr_FR","og_type":"article","og_title":"Albyco 480-R6 laminateur professionnel A2 - Albyco","og_description":"L` Albyco 480-R6 laminateur professionnel A2 est une plastifieuse \u00e0 pochettes A2 + \u00e9quip\u00e9e\u00a0 de 6 rouleaux\u00a0 pour un r\u00e9sultat de plastification professionnel.","og_url":"https:\/\/www.albyco.com\/fr\/produit\/albyco-480-r6-laminateur-professionnel-a2\/","og_site_name":"Albyco","article_modified_time":"2026-01-25T15:54:44+00:00","og_image":[{"width":1024,"height":568,"url":"https:\/\/www.albyco.com\/wp-content\/uploads\/2017\/06\/albyco-albyco-480-r6-professionele-a2-laminator_ALBPHOTOPROPLUS4.jpg","type":"image\/jpeg"}],"twitter_card":"summary","twitter_site":"@AlbycoNederland","twitter_misc":{"Dur\u00e9e de lecture estim\u00e9e":"3 minutes"},"schema":{"@context":"https:\/\/schema.org","@graph":[{"@type":"Organization","@id":"https:\/\/www.albyco.com\/#organization","name":"Albyco Nederland B.V.","url":"https:\/\/www.albyco.com\/","sameAs":["https:\/\/www.linkedin.com\/company\/18015670\/","https:\/\/www.youtube.com\/user\/AlbycoNederland","https:\/\/nl.pinterest.com\/albyco","https:\/\/twitter.com\/AlbycoNederland"],"logo":{"@type":"ImageObject","@id":"https:\/\/www.albyco.com\/#logo","inLanguage":"fr-FR","url":"https:\/\/www.albyco.com\/wp-content\/uploads\/2017\/07\/albyco_logo_hd.png","contentUrl":"https:\/\/www.albyco.com\/wp-content\/uploads\/2017\/07\/albyco_logo_hd.png","width":300,"height":300,"caption":"Albyco Nederland B.V."},"image":{"@id":"https:\/\/www.albyco.com\/#logo"}},{"@type":"WebSite","@id":"https:\/\/www.albyco.com\/#website","url":"https:\/\/www.albyco.com\/","name":"Albyco","description":"Leverancier voor nabewerking van geprinte media","publisher":{"@id":"https:\/\/www.albyco.com\/#organization"},"potentialAction":[{"@type":"SearchAction","target":{"@type":"EntryPoint","urlTemplate":"https:\/\/www.albyco.com\/?s={search_term_string}"},"query-input":"required name=search_term_string"}],"inLanguage":"fr-FR"},{"@type":"ImageObject","@id":"https:\/\/www.albyco.com\/fr\/produit\/albyco-480-r6-laminateur-professionnel-a2\/#primaryimage","inLanguage":"fr-FR","url":"https:\/\/www.albyco.com\/wp-content\/uploads\/2017\/06\/albyco-albyco-480-r6-professionele-a2-laminator_ALBPHOTOPROPLUS4.jpg","contentUrl":"https:\/\/www.albyco.com\/wp-content\/uploads\/2017\/06\/albyco-albyco-480-r6-professionele-a2-laminator_ALBPHOTOPROPLUS4.jpg","width":1024,"height":568,"caption":"Albyco 480-R6 laminateur professionnel A2"},{"@type":"WebPage","@id":"https:\/\/www.albyco.com\/fr\/produit\/albyco-480-r6-laminateur-professionnel-a2\/#webpage","url":"https:\/\/www.albyco.com\/fr\/produit\/albyco-480-r6-laminateur-professionnel-a2\/","name":"Albyco 480-R6 laminateur professionnel A2 - Albyco","isPartOf":{"@id":"https:\/\/www.albyco.com\/#website"},"primaryImageOfPage":{"@id":"https:\/\/www.albyco.com\/fr\/produit\/albyco-480-r6-laminateur-professionnel-a2\/#primaryimage"},"datePublished":"2017-07-06T19:28:37+00:00","dateModified":"2026-01-25T15:54:44+00:00","description":"L` Albyco 480-R6 laminateur professionnel A2 est une plastifieuse \u00e0 pochettes A2 + \u00e9quip\u00e9e\u00a0 de 6 rouleaux\u00a0 pour un r\u00e9sultat de plastification professionnel.","breadcrumb":{"@id":"https:\/\/www.albyco.com\/fr\/produit\/albyco-480-r6-laminateur-professionnel-a2\/#breadcrumb"},"inLanguage":"fr-FR","potentialAction":[{"@type":"ReadAction","target":["https:\/\/www.albyco.com\/fr\/produit\/albyco-480-r6-laminateur-professionnel-a2\/"]}]},{"@type":"BreadcrumbList","@id":"https:\/\/www.albyco.com\/fr\/produit\/albyco-480-r6-laminateur-professionnel-a2\/#breadcrumb","itemListElement":[{"@type":"ListItem","position":1,"name":"Home","item":"https:\/\/www.albyco.com\/fr\/"},{"@type":"ListItem","position":2,"name":"Les produits","item":"https:\/\/www.albyco.com\/fr\/producten\/"},{"@type":"ListItem","position":3,"name":"Albyco 480-R6 laminateur professionnel A2"}]}]}},"_links":{"self":[{"href":"https:\/\/www.albyco.com\/fr\/wp-json\/wp\/v2\/product\/9498"}],"collection":[{"href":"https:\/\/www.albyco.com\/fr\/wp-json\/wp\/v2\/product"}],"about":[{"href":"https:\/\/www.albyco.com\/fr\/wp-json\/wp\/v2\/types\/product"}],"replies":[{"embeddable":true,"href":"https:\/\/www.albyco.com\/fr\/wp-json\/wp\/v2\/comments?post=9498"}],"wp:featuredmedia":[{"embeddable":true,"href":"https:\/\/www.albyco.com\/fr\/wp-json\/wp\/v2\/media\/7842"}],"wp:attachment":[{"href":"https:\/\/www.albyco.com\/fr\/wp-json\/wp\/v2\/media?parent=9498"}],"wp:term":[{"taxonomy":"product_cat","embeddable":true,"href":"https:\/\/www.albyco.com\/fr\/wp-json\/wp\/v2\/product_cat?post=9498"},{"taxonomy":"product_tag","embeddable":true,"href":"https:\/\/www.albyco.com\/fr\/wp-json\/wp\/v2\/product_tag?post=9498"}],"curies":[{"name":"wp","href":"https:\/\/api.w.org\/{rel}","templated":true}]}}