{"id":9493,"date":"2017-07-06T16:48:38","date_gmt":"2017-07-06T14:48:38","guid":{"rendered":"https:\/\/www.albyco.com\/product\/albyco-pf330-plieuse-a3\/"},"modified":"2021-06-18T09:12:16","modified_gmt":"2021-06-18T07:12:16","slug":"albyco-pf330-plieuse-a3","status":"publish","type":"product","link":"https:\/\/www.albyco.com\/fr\/produit\/albyco-pf330-plieuse-a3\/","title":{"rendered":"Albyco PF330 Plieuse A3"},"content":{"rendered":"<table style=\"width: 100%; border-collapse: collapse;\" border=\"0\">\r\n<tbody>\r\n<tr>\r\n<td style=\"width: 50%;\">Plieuse <strong>Albyco PF-330<\/strong> enti\u00e8rement automatique pour un grammage papier jusqu\u2019\u00e0 150 g\/m\u00b2. Compteur-d\u00e9compteur de feuilles avec affichage sur \u00e9cran LED. Ajustement des poches de pliages automatique avec 6 m\u00e9moire de plis. Accepte une grande vari\u00e9t\u00e9 de formats papier. Vitesse variable de 4.800 a 7.800 documents A4 \u00e0 l\u2019heure. Chargement du magasin papier de 500 feuilles avec r\u00e9ceptionne en \u00e9caille.<\/td>\r\n<td style=\"width: 50%;\"><div class=\"epyt-video-wrapper\"><iframe  id=\"_ytid_68963\"  width=\"800\" height=\"450\"  data-origwidth=\"800\" data-origheight=\"450\"  data-relstop=\"1\" src=\"https:\/\/www.youtube.com\/embed\/79f6p2p84nc?enablejsapi=1&autoplay=0&cc_load_policy=0&iv_load_policy=1&loop=0&modestbranding=0&fs=1&playsinline=1&controls=1&color=red&cc_lang_pref=&rel=0&autohide=2&theme=dark&\" class=\"__youtube_prefs__  no-lazyload\" title=\"YouTube player\"  allow=\"accelerometer; autoplay; clipboard-write; encrypted-media; gyroscope; picture-in-picture\" allowfullscreen data-no-lazy=\"1\" data-skipgform_ajax_framebjll=\"\"><\/iframe><\/div><\/td>\r\n<\/tr>\r\n<\/tbody>\r\n<\/table>\r\n<table border=\"0\">\r\n<tbody>\r\n<tr>\r\n<td><strong>Albyco PF-330<\/strong><\/td>\r\n<td><\/td>\r\n<\/tr>\r\n<tr>\r\n<td>Formats papier maximum<\/td>\r\n<td>297 x 420 mm<\/td>\r\n<\/tr>\r\n<tr>\r\n<td>Formats papier minimum<\/td>\r\n<td>129 x 182 mm<\/td>\r\n<\/tr>\r\n<tr>\r\n<td>Grammages papier<\/td>\r\n<td>45 \u00e0 135 g\/m<sup>2<\/sup>\u00a0\u2013 150g\/m<sup>2<\/sup>\u00a0en pli simple<\/td>\r\n<\/tr>\r\n<tr>\r\n<td>Type de plis<\/td>\r\n<td>6 plis pr\u00e9programm\u00e9s (En deux\/ roul\u00e9\/ zig zag \/ parall\u00e8le et les plis ajust\u00e9s par l\u2019op\u00e9rateur, plis crois\u00e9 en deux passages)<\/td>\r\n<\/tr>\r\n<tr>\r\n<td>Syst\u00e8me de pliage<\/td>\r\n<td>Par friction (3 galets) et cylindres \u2013 Sortie des feuilles en \u00e9cailles par convoyeur int\u00e9gr\u00e9, r\u00e9glage de l\u2019\u00e9querrage<\/td>\r\n<\/tr>\r\n<tr>\r\n<td>Capacit\u00e9 du magasin en papier<\/td>\r\n<td>500 feuilles en 60g\/m<sup>2<\/sup><\/td>\r\n<\/tr>\r\n<tr>\r\n<td>Vitesse variable<\/td>\r\n<td>de 4.200 \u00e0 7.800 feuilles par heure<\/td>\r\n<\/tr>\r\n<tr>\r\n<td>Compteur LED<\/td>\r\n<td>4 chiffres<\/td>\r\n<\/tr>\r\n<tr>\r\n<td>Contr\u00f4le s\u00e9curit\u00e9 LED<\/td>\r\n<td>Arr\u00eat automatique en cas de dysfonctionnement, fin de papier, magasin vide, capot ouvert.<\/td>\r\n<\/tr>\r\n<tr>\r\n<td>Dimensions H x P x L<\/td>\r\n<td>525 x 490 x 920 mm<\/td>\r\n<\/tr>\r\n<tr>\r\n<td>Poids<\/td>\r\n<td>32 Kg<\/td>\r\n<\/tr>\r\n<tr>\r\n<td>Tension<\/td>\r\n<td>230 v\/ 50Hz<\/td>\r\n<\/tr>\r\n<tr>\r\n<td>Consommation<\/td>\r\n<td>65 W<\/td>\r\n<\/tr>\r\n<\/tbody>\r\n<\/table>\r\n&nbsp;\r\n\r\n<a href=\"https:\/\/www.albyco.com\/fr\/contactez-nous\/\"><img loading=\"lazy\" class=\"size-full wp-image-11223 alignleft\" src=\"https:\/\/www.albyco.com\/wp-content\/uploads\/2018\/02\/CTA-Albyco-fr-2.jpg\" alt=\"\" width=\"225\" height=\"141\" srcset=\"https:\/\/www.albyco.com\/wp-content\/uploads\/2018\/02\/CTA-Albyco-fr-2.jpg 225w, https:\/\/www.albyco.com\/wp-content\/uploads\/2018\/02\/CTA-Albyco-fr-2-100x63.jpg 100w, https:\/\/www.albyco.com\/wp-content\/uploads\/2018\/02\/CTA-Albyco-fr-2-24x15.jpg 24w, https:\/\/www.albyco.com\/wp-content\/uploads\/2018\/02\/CTA-Albyco-fr-2-36x23.jpg 36w, https:\/\/www.albyco.com\/wp-content\/uploads\/2018\/02\/CTA-Albyco-fr-2-48x30.jpg 48w\" sizes=\"(max-width: 225px) 100vw, 225px\" \/><\/a>","protected":false},"excerpt":{"rendered":"<p class=\"p1\">La plieuse Albyco PF-330A3 est<span class=\"Apple-converted-space\">\u00a0 <\/span>enti\u00e8rement automatis\u00e9e<span class=\"Apple-converted-space\">\u00a0 <\/span>d`une vitesse de 4,200 \u00e0 7800 feuilles par heure. R\u00e9glages automatiques.<\/p>\n","protected":false},"featured_media":7882,"comment_status":"open","ping_status":"closed","template":"","meta":[],"product_cat":[2300,2301,2781],"product_tag":[2734,2318,2782,2783],"yoast_head":"<!-- This site is optimized with the Yoast SEO plugin v18.6 - https:\/\/yoast.com\/wordpress\/plugins\/seo\/ -->\n<title>Albyco PF330 Plieuse A3 - Albyco<\/title>\n<meta name=\"description\" content=\"La plieuse Albyco PF-330A3 est\u00a0 enti\u00e8rement automatis\u00e9e\u00a0 d`une vitesse de 4,200 \u00e0 7800 feuilles par heure. R\u00e9glages automatiques.\" \/>\n<meta name=\"robots\" content=\"index, follow, max-snippet:-1, max-image-preview:large, max-video-preview:-1\" \/>\n<link rel=\"canonical\" href=\"https:\/\/www.albyco.com\/fr\/produit\/albyco-pf330-plieuse-a3\/\" \/>\n<meta property=\"og:locale\" content=\"fr_FR\" \/>\n<meta property=\"og:type\" content=\"article\" \/>\n<meta property=\"og:title\" content=\"Albyco PF330 Plieuse A3 - Albyco\" \/>\n<meta property=\"og:description\" content=\"La plieuse Albyco PF-330A3 est\u00a0 enti\u00e8rement automatis\u00e9e\u00a0 d`une vitesse de 4,200 \u00e0 7800 feuilles par heure. R\u00e9glages automatiques.\" \/>\n<meta property=\"og:url\" content=\"https:\/\/www.albyco.com\/fr\/produit\/albyco-pf330-plieuse-a3\/\" \/>\n<meta property=\"og:site_name\" content=\"Albyco\" \/>\n<meta property=\"article:modified_time\" content=\"2021-06-18T07:12:16+00:00\" \/>\n<meta property=\"og:image\" content=\"https:\/\/www.albyco.com\/wp-content\/uploads\/2017\/06\/albyco-albyco-pf-330-vouwmachine_ALBPF330.jpg\" \/>\n\t<meta property=\"og:image:width\" content=\"1024\" \/>\n\t<meta property=\"og:image:height\" content=\"785\" \/>\n\t<meta property=\"og:image:type\" content=\"image\/jpeg\" \/>\n<meta name=\"twitter:card\" content=\"summary\" \/>\n<meta name=\"twitter:site\" content=\"@AlbycoNederland\" \/>\n<meta name=\"twitter:label1\" content=\"Dur\u00e9e de lecture estim\u00e9e\" \/>\n\t<meta name=\"twitter:data1\" content=\"1 minute\" \/>\n<script type=\"application\/ld+json\" class=\"yoast-schema-graph\">{\"@context\":\"https:\/\/schema.org\",\"@graph\":[{\"@type\":\"Organization\",\"@id\":\"https:\/\/www.albyco.com\/#organization\",\"name\":\"Albyco Nederland B.V.\",\"url\":\"https:\/\/www.albyco.com\/\",\"sameAs\":[\"https:\/\/www.linkedin.com\/company\/18015670\/\",\"https:\/\/www.youtube.com\/user\/AlbycoNederland\",\"https:\/\/nl.pinterest.com\/albyco\",\"https:\/\/twitter.com\/AlbycoNederland\"],\"logo\":{\"@type\":\"ImageObject\",\"@id\":\"https:\/\/www.albyco.com\/#logo\",\"inLanguage\":\"fr-FR\",\"url\":\"https:\/\/www.albyco.com\/wp-content\/uploads\/2017\/07\/albyco_logo_hd.png\",\"contentUrl\":\"https:\/\/www.albyco.com\/wp-content\/uploads\/2017\/07\/albyco_logo_hd.png\",\"width\":300,\"height\":300,\"caption\":\"Albyco Nederland B.V.\"},\"image\":{\"@id\":\"https:\/\/www.albyco.com\/#logo\"}},{\"@type\":\"WebSite\",\"@id\":\"https:\/\/www.albyco.com\/#website\",\"url\":\"https:\/\/www.albyco.com\/\",\"name\":\"Albyco\",\"description\":\"Leverancier voor nabewerking van geprinte media\",\"publisher\":{\"@id\":\"https:\/\/www.albyco.com\/#organization\"},\"potentialAction\":[{\"@type\":\"SearchAction\",\"target\":{\"@type\":\"EntryPoint\",\"urlTemplate\":\"https:\/\/www.albyco.com\/?s={search_term_string}\"},\"query-input\":\"required name=search_term_string\"}],\"inLanguage\":\"fr-FR\"},{\"@type\":\"ImageObject\",\"@id\":\"https:\/\/www.albyco.com\/fr\/produit\/albyco-pf330-plieuse-a3\/#primaryimage\",\"inLanguage\":\"fr-FR\",\"url\":\"https:\/\/www.albyco.com\/wp-content\/uploads\/2017\/06\/albyco-albyco-pf-330-vouwmachine_ALBPF330.jpg\",\"contentUrl\":\"https:\/\/www.albyco.com\/wp-content\/uploads\/2017\/06\/albyco-albyco-pf-330-vouwmachine_ALBPF330.jpg\",\"width\":1024,\"height\":785,\"caption\":\"Albyco PF330 Plieuse A3\"},{\"@type\":\"WebPage\",\"@id\":\"https:\/\/www.albyco.com\/fr\/produit\/albyco-pf330-plieuse-a3\/#webpage\",\"url\":\"https:\/\/www.albyco.com\/fr\/produit\/albyco-pf330-plieuse-a3\/\",\"name\":\"Albyco PF330 Plieuse A3 - Albyco\",\"isPartOf\":{\"@id\":\"https:\/\/www.albyco.com\/#website\"},\"primaryImageOfPage\":{\"@id\":\"https:\/\/www.albyco.com\/fr\/produit\/albyco-pf330-plieuse-a3\/#primaryimage\"},\"datePublished\":\"2017-07-06T14:48:38+00:00\",\"dateModified\":\"2021-06-18T07:12:16+00:00\",\"description\":\"La plieuse Albyco PF-330A3 est\u00a0 enti\u00e8rement automatis\u00e9e\u00a0 d`une vitesse de 4,200 \u00e0 7800 feuilles par heure. R\u00e9glages automatiques.\",\"breadcrumb\":{\"@id\":\"https:\/\/www.albyco.com\/fr\/produit\/albyco-pf330-plieuse-a3\/#breadcrumb\"},\"inLanguage\":\"fr-FR\",\"potentialAction\":[{\"@type\":\"ReadAction\",\"target\":[\"https:\/\/www.albyco.com\/fr\/produit\/albyco-pf330-plieuse-a3\/\"]}]},{\"@type\":\"BreadcrumbList\",\"@id\":\"https:\/\/www.albyco.com\/fr\/produit\/albyco-pf330-plieuse-a3\/#breadcrumb\",\"itemListElement\":[{\"@type\":\"ListItem\",\"position\":1,\"name\":\"Home\",\"item\":\"https:\/\/www.albyco.com\/fr\/\"},{\"@type\":\"ListItem\",\"position\":2,\"name\":\"Les produits\",\"item\":\"https:\/\/www.albyco.com\/fr\/producten\/\"},{\"@type\":\"ListItem\",\"position\":3,\"name\":\"Albyco PF330 Plieuse A3\"}]}]}<\/script>\n<!-- \/ Yoast SEO plugin. -->","yoast_head_json":{"title":"Albyco PF330 Plieuse A3 - Albyco","description":"La plieuse Albyco PF-330A3 est\u00a0 enti\u00e8rement automatis\u00e9e\u00a0 d`une vitesse de 4,200 \u00e0 7800 feuilles par heure. R\u00e9glages automatiques.","robots":{"index":"index","follow":"follow","max-snippet":"max-snippet:-1","max-image-preview":"max-image-preview:large","max-video-preview":"max-video-preview:-1"},"canonical":"https:\/\/www.albyco.com\/fr\/produit\/albyco-pf330-plieuse-a3\/","og_locale":"fr_FR","og_type":"article","og_title":"Albyco PF330 Plieuse A3 - Albyco","og_description":"La plieuse Albyco PF-330A3 est\u00a0 enti\u00e8rement automatis\u00e9e\u00a0 d`une vitesse de 4,200 \u00e0 7800 feuilles par heure. R\u00e9glages automatiques.","og_url":"https:\/\/www.albyco.com\/fr\/produit\/albyco-pf330-plieuse-a3\/","og_site_name":"Albyco","article_modified_time":"2021-06-18T07:12:16+00:00","og_image":[{"width":1024,"height":785,"url":"https:\/\/www.albyco.com\/wp-content\/uploads\/2017\/06\/albyco-albyco-pf-330-vouwmachine_ALBPF330.jpg","type":"image\/jpeg"}],"twitter_card":"summary","twitter_site":"@AlbycoNederland","twitter_misc":{"Dur\u00e9e de lecture estim\u00e9e":"1 minute"},"schema":{"@context":"https:\/\/schema.org","@graph":[{"@type":"Organization","@id":"https:\/\/www.albyco.com\/#organization","name":"Albyco Nederland B.V.","url":"https:\/\/www.albyco.com\/","sameAs":["https:\/\/www.linkedin.com\/company\/18015670\/","https:\/\/www.youtube.com\/user\/AlbycoNederland","https:\/\/nl.pinterest.com\/albyco","https:\/\/twitter.com\/AlbycoNederland"],"logo":{"@type":"ImageObject","@id":"https:\/\/www.albyco.com\/#logo","inLanguage":"fr-FR","url":"https:\/\/www.albyco.com\/wp-content\/uploads\/2017\/07\/albyco_logo_hd.png","contentUrl":"https:\/\/www.albyco.com\/wp-content\/uploads\/2017\/07\/albyco_logo_hd.png","width":300,"height":300,"caption":"Albyco Nederland B.V."},"image":{"@id":"https:\/\/www.albyco.com\/#logo"}},{"@type":"WebSite","@id":"https:\/\/www.albyco.com\/#website","url":"https:\/\/www.albyco.com\/","name":"Albyco","description":"Leverancier voor nabewerking van geprinte media","publisher":{"@id":"https:\/\/www.albyco.com\/#organization"},"potentialAction":[{"@type":"SearchAction","target":{"@type":"EntryPoint","urlTemplate":"https:\/\/www.albyco.com\/?s={search_term_string}"},"query-input":"required name=search_term_string"}],"inLanguage":"fr-FR"},{"@type":"ImageObject","@id":"https:\/\/www.albyco.com\/fr\/produit\/albyco-pf330-plieuse-a3\/#primaryimage","inLanguage":"fr-FR","url":"https:\/\/www.albyco.com\/wp-content\/uploads\/2017\/06\/albyco-albyco-pf-330-vouwmachine_ALBPF330.jpg","contentUrl":"https:\/\/www.albyco.com\/wp-content\/uploads\/2017\/06\/albyco-albyco-pf-330-vouwmachine_ALBPF330.jpg","width":1024,"height":785,"caption":"Albyco PF330 Plieuse A3"},{"@type":"WebPage","@id":"https:\/\/www.albyco.com\/fr\/produit\/albyco-pf330-plieuse-a3\/#webpage","url":"https:\/\/www.albyco.com\/fr\/produit\/albyco-pf330-plieuse-a3\/","name":"Albyco PF330 Plieuse A3 - Albyco","isPartOf":{"@id":"https:\/\/www.albyco.com\/#website"},"primaryImageOfPage":{"@id":"https:\/\/www.albyco.com\/fr\/produit\/albyco-pf330-plieuse-a3\/#primaryimage"},"datePublished":"2017-07-06T14:48:38+00:00","dateModified":"2021-06-18T07:12:16+00:00","description":"La plieuse Albyco PF-330A3 est\u00a0 enti\u00e8rement automatis\u00e9e\u00a0 d`une vitesse de 4,200 \u00e0 7800 feuilles par heure. R\u00e9glages automatiques.","breadcrumb":{"@id":"https:\/\/www.albyco.com\/fr\/produit\/albyco-pf330-plieuse-a3\/#breadcrumb"},"inLanguage":"fr-FR","potentialAction":[{"@type":"ReadAction","target":["https:\/\/www.albyco.com\/fr\/produit\/albyco-pf330-plieuse-a3\/"]}]},{"@type":"BreadcrumbList","@id":"https:\/\/www.albyco.com\/fr\/produit\/albyco-pf330-plieuse-a3\/#breadcrumb","itemListElement":[{"@type":"ListItem","position":1,"name":"Home","item":"https:\/\/www.albyco.com\/fr\/"},{"@type":"ListItem","position":2,"name":"Les produits","item":"https:\/\/www.albyco.com\/fr\/producten\/"},{"@type":"ListItem","position":3,"name":"Albyco PF330 Plieuse A3"}]}]}},"_links":{"self":[{"href":"https:\/\/www.albyco.com\/fr\/wp-json\/wp\/v2\/product\/9493"}],"collection":[{"href":"https:\/\/www.albyco.com\/fr\/wp-json\/wp\/v2\/product"}],"about":[{"href":"https:\/\/www.albyco.com\/fr\/wp-json\/wp\/v2\/types\/product"}],"replies":[{"embeddable":true,"href":"https:\/\/www.albyco.com\/fr\/wp-json\/wp\/v2\/comments?post=9493"}],"wp:featuredmedia":[{"embeddable":true,"href":"https:\/\/www.albyco.com\/fr\/wp-json\/wp\/v2\/media\/7882"}],"wp:attachment":[{"href":"https:\/\/www.albyco.com\/fr\/wp-json\/wp\/v2\/media?parent=9493"}],"wp:term":[{"taxonomy":"product_cat","embeddable":true,"href":"https:\/\/www.albyco.com\/fr\/wp-json\/wp\/v2\/product_cat?post=9493"},{"taxonomy":"product_tag","embeddable":true,"href":"https:\/\/www.albyco.com\/fr\/wp-json\/wp\/v2\/product_tag?post=9493"}],"curies":[{"name":"wp","href":"https:\/\/api.w.org\/{rel}","templated":true}]}}