{"id":9492,"date":"2017-06-22T15:11:27","date_gmt":"2017-06-22T13:11:27","guid":{"rendered":"https:\/\/www.albyco.com\/product\/albyco-a3he-plastifieuse-professionel-jusquau-a3\/"},"modified":"2022-02-02T15:43:27","modified_gmt":"2022-02-02T14:43:27","slug":"albyco-a3he-plastifieuse-professionel-jusquau-a3","status":"publish","type":"product","link":"https:\/\/www.albyco.com\/fr\/produit\/albyco-a3he-plastifieuse-professionel-jusquau-a3\/","title":{"rendered":"Albyco A3HE, Plastifieuse professionel jusqu&#8217;au A3"},"content":{"rendered":"<p class=\"p1\">L` Albyco A3HE, plastifieuse professionnelle, plastification \u00e0 chaud<span class=\"Apple-converted-space\">\u00a0 <\/span>\u00e9quip\u00e9 de quatre rouleaux, dont deux sont chauffants. Plastifie jusqu&#8217;au format A2,court pr\u00e9chauffage, plastifie sans transporteur . La largeur d`introduction de 490 mm de l` Albyco A2HE offre aussi la possibilit\u00e9 de plastifier simultan\u00e9ment<span class=\"Apple-converted-space\">\u00a0 <\/span>deux pochettes .Ce qui rend cette machine, int\u00e9ressante<span class=\"Apple-converted-space\">\u00a0 <\/span>pour ceux<span class=\"Apple-converted-space\">\u00a0 <\/span>qui veulent plastifier du format A2 et \u00e0 la recherche d&#8217;une solution pour les plus grans formats<span class=\"Apple-converted-space\">\u00a0 <\/span>A4 . Comme toute plastifieuse professionnelle , l`Albyco A2HE est munie du syst\u00e8me de la plastification \u00e0 chaud cad<span class=\"Apple-converted-space\">\u00a0 <\/span>elle est munie de rouleaux chauffants. Pendant le d\u00e9roulement de la plastification et au moment o\u00f9 la poche de plastification touche et se presse sur le rouleau , la housse s`\u00e9chauffe. Cette technique fournit des r\u00e9sultats<span class=\"Apple-converted-space\">\u00a0 <\/span>de plastification plus probents que les syst\u00e8mes \u00e0 plaque chaude (plaque chaude entre les rouleaux). Cela se remarque plus<span class=\"Apple-converted-space\">\u00a0 <\/span>particuli\u00e8rement sur des<span class=\"Apple-converted-space\">\u00a0 <\/span>photos ou sur des surfaces remplies. Cette machine est \u00e9quip\u00e9e d&#8217;un bouton de release. Lorsque une pochette de plastification s`introduit de travers dans la machine le bouton de release fait en sorte que la pochette reprenne la bonne direction.<\/p>\r\n<p class=\"p1\">Pour maintenir une qualit\u00e9 de plastification professionnelle constante un entretien de la machine est imp\u00e9rative. L`entretien principal de chaque plastification<span class=\"Apple-converted-space\">\u00a0 <\/span>est d&#8217;utiliser de bons mat\u00e9riaux de plastification qui ne polluent pas les rouleaux de la machine avec la colle. Les housses de plastification <span class=\"Apple-converted-space\">\u00a0 <\/span>Albyco poss\u00e8dent<span class=\"Apple-converted-space\">\u00a0 <\/span>un bon \u00e9quilibre entre l&#8217;adh\u00e9sif et le plastique, ce qui \u00e9vite les<span class=\"Apple-converted-space\">\u00a0 <\/span>tache de colle . Reliure<span class=\"Apple-converted-space\">\u00a0 <\/span>Plastification peut<span class=\"Apple-converted-space\">\u00a0 <\/span>fournir en cas de d\u00e9p\u00f4t de colle sur les rouleaux de transport un un produit nettoyant Lamiclean.<span class=\"Apple-converted-space\">\u00a0 <\/span>Lamiclean peut \u00eatre utilis\u00e9 de deux fa\u00e7ons. La m\u00e9thode standard est de passer avec un chiffon imbib\u00e9 du produit en s`aidant<span class=\"Apple-converted-space\">\u00a0<\/span>d`un morceau de carton sur les rouleaux<span class=\"Apple-converted-space\">\u00a0 <\/span>de la machine, faire absorber les restes de colle par le produit et de les r\u00e9up\u00e9rer avec le chiffon en r\u00e9cup\u00e9rant les restes de cole. Les meilleurs r\u00e9sultats de plastification \u00e0 chaud<span class=\"Apple-converted-space\">\u00a0 <\/span>sont obtenus avec la machine <span class=\"Apple-converted-space\">\u00a0<\/span>A3HE ReliurePlastification. Vitesse de plastification de 350 mm \/ min.<\/p>\r\n\r\n<table style=\"width: 100%; border-collapse: collapse;\" border=\"0\">\r\n<tbody>\r\n<tr>\r\n<td style=\"width: 11.4449%; background-color: #ffffff;\">Temps de pr\u00e9chauffage<\/td>\r\n<td style=\"width: 22.1642%; background-color: #ffffff;\">4-6 min.<\/td>\r\n<\/tr>\r\n<tr>\r\n<td style=\"width: 11.4449%; background-color: #ffffff;\">Indicateur Pr\u00eat<\/td>\r\n<td style=\"width: 22.1642%; background-color: #ffffff;\">Oui<\/td>\r\n<\/tr>\r\n<tr>\r\n<td style=\"width: 11.4449%; background-color: #ffffff;\">Largeur d&#8217;un d\u00e9bit maximal<\/td>\r\n<td style=\"width: 22.1642%; background-color: #ffffff;\">240 mm<\/td>\r\n<\/tr>\r\n<tr>\r\n<td style=\"width: 11.4449%; background-color: #ffffff;\">Plastifieuse<\/td>\r\n<td style=\"width: 22.1642%; background-color: #ffffff;\">2&#215;250 microns max.<\/td>\r\n<\/tr>\r\n<tr>\r\n<td style=\"width: 11.4449%; background-color: #ffffff;\">Temp\u00e9rature variable<\/td>\r\n<td style=\"width: 22.1642%; background-color: #ffffff;\">Oui<\/td>\r\n<\/tr>\r\n<tr>\r\n<td style=\"width: 11.4449%; background-color: #ffffff;\">Plastification<span class=\"Apple-converted-space\">\u00a0 <\/span>\u00e0 froid<\/td>\r\n<td style=\"width: 22.1642%; background-color: #ffffff;\">Oui<\/td>\r\n<\/tr>\r\n<tr>\r\n<td style=\"width: 11.4449%; background-color: #ffffff;\">Nombre de rouleaux d&#8217;alimentation<\/td>\r\n<td style=\"width: 22.1642%; background-color: #ffffff;\">4<\/td>\r\n<\/tr>\r\n<tr>\r\n<td style=\"width: 11.4449%; background-color: #ffffff;\">Capacit\u00e9 de sortie<\/td>\r\n<td style=\"width: 22.1642%; background-color: #ffffff;\">Oui<\/td>\r\n<\/tr>\r\n<\/tbody>\r\n<\/table>\r\n<a href=\"https:\/\/www.albyco.com\/fr\/contactez-nous\/\"><img loading=\"lazy\" class=\"size-full wp-image-11223 alignleft\" src=\"https:\/\/www.albyco.com\/wp-content\/uploads\/2018\/02\/CTA-Albyco-fr-2.jpg\" alt=\"\" width=\"225\" height=\"141\" srcset=\"https:\/\/www.albyco.com\/wp-content\/uploads\/2018\/02\/CTA-Albyco-fr-2.jpg 225w, https:\/\/www.albyco.com\/wp-content\/uploads\/2018\/02\/CTA-Albyco-fr-2-100x63.jpg 100w, https:\/\/www.albyco.com\/wp-content\/uploads\/2018\/02\/CTA-Albyco-fr-2-24x15.jpg 24w, https:\/\/www.albyco.com\/wp-content\/uploads\/2018\/02\/CTA-Albyco-fr-2-36x23.jpg 36w, https:\/\/www.albyco.com\/wp-content\/uploads\/2018\/02\/CTA-Albyco-fr-2-48x30.jpg 48w\" sizes=\"(max-width: 225px) 100vw, 225px\" \/><\/a>","protected":false},"excerpt":{"rendered":"<p>L` Albyco A3HE, plastifieuse professionnelle A3, plastification \u00e0 chaud<span class=\"Apple-converted-space\">\u00a0 <\/span>\u00e9quip\u00e9 de quatre rouleaux, dont deux sont chauffants.<\/p>\n","protected":false},"featured_media":7717,"comment_status":"open","ping_status":"closed","template":"","meta":[],"product_cat":[2300,2728,2772,2748],"product_tag":[2734,2318,2773,2774,2775,2776,2777,2780],"yoast_head":"<!-- This site is optimized with the Yoast SEO plugin v18.6 - https:\/\/yoast.com\/wordpress\/plugins\/seo\/ -->\n<title>Albyco A3HE, Plastifieuse professionel jusqu&#039;au A3 - Albyco<\/title>\n<meta name=\"description\" content=\"L` Albyco A3HE, plastifieuse professionnelle A3, plastification \u00e0 chaud\u00a0 \u00e9quip\u00e9 de quatre rouleaux, dont deux sont chauffants.\" \/>\n<meta name=\"robots\" content=\"index, follow, max-snippet:-1, max-image-preview:large, max-video-preview:-1\" \/>\n<link rel=\"canonical\" href=\"https:\/\/www.albyco.com\/fr\/produit\/albyco-a3he-plastifieuse-professionel-jusquau-a3\/\" \/>\n<meta property=\"og:locale\" content=\"fr_FR\" \/>\n<meta property=\"og:type\" content=\"article\" \/>\n<meta property=\"og:title\" content=\"Albyco A3HE, Plastifieuse professionel jusqu&#039;au A3 - Albyco\" \/>\n<meta property=\"og:description\" content=\"L` Albyco A3HE, plastifieuse professionnelle A3, plastification \u00e0 chaud\u00a0 \u00e9quip\u00e9 de quatre rouleaux, dont deux sont chauffants.\" \/>\n<meta property=\"og:url\" content=\"https:\/\/www.albyco.com\/fr\/produit\/albyco-a3he-plastifieuse-professionel-jusquau-a3\/\" \/>\n<meta property=\"og:site_name\" content=\"Albyco\" \/>\n<meta property=\"article:modified_time\" content=\"2022-02-02T14:43:27+00:00\" \/>\n<meta property=\"og:image\" content=\"https:\/\/www.albyco.com\/wp-content\/uploads\/2017\/06\/albyco-albyco-a3he-professionele-a3-laminator_ALBHEA3.jpg\" \/>\n\t<meta property=\"og:image:width\" content=\"400\" \/>\n\t<meta property=\"og:image:height\" content=\"400\" \/>\n\t<meta property=\"og:image:type\" content=\"image\/jpeg\" \/>\n<meta name=\"twitter:card\" content=\"summary\" \/>\n<meta name=\"twitter:site\" content=\"@AlbycoNederland\" \/>\n<meta name=\"twitter:label1\" content=\"Dur\u00e9e de lecture estim\u00e9e\" \/>\n\t<meta name=\"twitter:data1\" content=\"2 minutes\" \/>\n<script type=\"application\/ld+json\" class=\"yoast-schema-graph\">{\"@context\":\"https:\/\/schema.org\",\"@graph\":[{\"@type\":\"Organization\",\"@id\":\"https:\/\/www.albyco.com\/#organization\",\"name\":\"Albyco Nederland B.V.\",\"url\":\"https:\/\/www.albyco.com\/\",\"sameAs\":[\"https:\/\/www.linkedin.com\/company\/18015670\/\",\"https:\/\/www.youtube.com\/user\/AlbycoNederland\",\"https:\/\/nl.pinterest.com\/albyco\",\"https:\/\/twitter.com\/AlbycoNederland\"],\"logo\":{\"@type\":\"ImageObject\",\"@id\":\"https:\/\/www.albyco.com\/#logo\",\"inLanguage\":\"fr-FR\",\"url\":\"https:\/\/www.albyco.com\/wp-content\/uploads\/2017\/07\/albyco_logo_hd.png\",\"contentUrl\":\"https:\/\/www.albyco.com\/wp-content\/uploads\/2017\/07\/albyco_logo_hd.png\",\"width\":300,\"height\":300,\"caption\":\"Albyco Nederland B.V.\"},\"image\":{\"@id\":\"https:\/\/www.albyco.com\/#logo\"}},{\"@type\":\"WebSite\",\"@id\":\"https:\/\/www.albyco.com\/#website\",\"url\":\"https:\/\/www.albyco.com\/\",\"name\":\"Albyco\",\"description\":\"Leverancier voor nabewerking van geprinte media\",\"publisher\":{\"@id\":\"https:\/\/www.albyco.com\/#organization\"},\"potentialAction\":[{\"@type\":\"SearchAction\",\"target\":{\"@type\":\"EntryPoint\",\"urlTemplate\":\"https:\/\/www.albyco.com\/?s={search_term_string}\"},\"query-input\":\"required name=search_term_string\"}],\"inLanguage\":\"fr-FR\"},{\"@type\":\"ImageObject\",\"@id\":\"https:\/\/www.albyco.com\/fr\/produit\/albyco-a3he-plastifieuse-professionel-jusquau-a3\/#primaryimage\",\"inLanguage\":\"fr-FR\",\"url\":\"https:\/\/www.albyco.com\/wp-content\/uploads\/2017\/06\/albyco-albyco-a3he-professionele-a3-laminator_ALBHEA3.jpg\",\"contentUrl\":\"https:\/\/www.albyco.com\/wp-content\/uploads\/2017\/06\/albyco-albyco-a3he-professionele-a3-laminator_ALBHEA3.jpg\",\"width\":400,\"height\":400,\"caption\":\"Albyco A3HE, Plastifieuse professionel jusqu'au A3\"},{\"@type\":\"WebPage\",\"@id\":\"https:\/\/www.albyco.com\/fr\/produit\/albyco-a3he-plastifieuse-professionel-jusquau-a3\/#webpage\",\"url\":\"https:\/\/www.albyco.com\/fr\/produit\/albyco-a3he-plastifieuse-professionel-jusquau-a3\/\",\"name\":\"Albyco A3HE, Plastifieuse professionel jusqu'au A3 - Albyco\",\"isPartOf\":{\"@id\":\"https:\/\/www.albyco.com\/#website\"},\"primaryImageOfPage\":{\"@id\":\"https:\/\/www.albyco.com\/fr\/produit\/albyco-a3he-plastifieuse-professionel-jusquau-a3\/#primaryimage\"},\"datePublished\":\"2017-06-22T13:11:27+00:00\",\"dateModified\":\"2022-02-02T14:43:27+00:00\",\"description\":\"L` Albyco A3HE, plastifieuse professionnelle A3, plastification \u00e0 chaud\u00a0 \u00e9quip\u00e9 de quatre rouleaux, dont deux sont chauffants.\",\"breadcrumb\":{\"@id\":\"https:\/\/www.albyco.com\/fr\/produit\/albyco-a3he-plastifieuse-professionel-jusquau-a3\/#breadcrumb\"},\"inLanguage\":\"fr-FR\",\"potentialAction\":[{\"@type\":\"ReadAction\",\"target\":[\"https:\/\/www.albyco.com\/fr\/produit\/albyco-a3he-plastifieuse-professionel-jusquau-a3\/\"]}]},{\"@type\":\"BreadcrumbList\",\"@id\":\"https:\/\/www.albyco.com\/fr\/produit\/albyco-a3he-plastifieuse-professionel-jusquau-a3\/#breadcrumb\",\"itemListElement\":[{\"@type\":\"ListItem\",\"position\":1,\"name\":\"Home\",\"item\":\"https:\/\/www.albyco.com\/fr\/\"},{\"@type\":\"ListItem\",\"position\":2,\"name\":\"Les produits\",\"item\":\"https:\/\/www.albyco.com\/fr\/producten\/\"},{\"@type\":\"ListItem\",\"position\":3,\"name\":\"Albyco A3HE, Plastifieuse professionel jusqu&#8217;au A3\"}]}]}<\/script>\n<!-- \/ Yoast SEO plugin. -->","yoast_head_json":{"title":"Albyco A3HE, Plastifieuse professionel jusqu'au A3 - Albyco","description":"L` Albyco A3HE, plastifieuse professionnelle A3, plastification \u00e0 chaud\u00a0 \u00e9quip\u00e9 de quatre rouleaux, dont deux sont chauffants.","robots":{"index":"index","follow":"follow","max-snippet":"max-snippet:-1","max-image-preview":"max-image-preview:large","max-video-preview":"max-video-preview:-1"},"canonical":"https:\/\/www.albyco.com\/fr\/produit\/albyco-a3he-plastifieuse-professionel-jusquau-a3\/","og_locale":"fr_FR","og_type":"article","og_title":"Albyco A3HE, Plastifieuse professionel jusqu'au A3 - Albyco","og_description":"L` Albyco A3HE, plastifieuse professionnelle A3, plastification \u00e0 chaud\u00a0 \u00e9quip\u00e9 de quatre rouleaux, dont deux sont chauffants.","og_url":"https:\/\/www.albyco.com\/fr\/produit\/albyco-a3he-plastifieuse-professionel-jusquau-a3\/","og_site_name":"Albyco","article_modified_time":"2022-02-02T14:43:27+00:00","og_image":[{"width":400,"height":400,"url":"https:\/\/www.albyco.com\/wp-content\/uploads\/2017\/06\/albyco-albyco-a3he-professionele-a3-laminator_ALBHEA3.jpg","type":"image\/jpeg"}],"twitter_card":"summary","twitter_site":"@AlbycoNederland","twitter_misc":{"Dur\u00e9e de lecture estim\u00e9e":"2 minutes"},"schema":{"@context":"https:\/\/schema.org","@graph":[{"@type":"Organization","@id":"https:\/\/www.albyco.com\/#organization","name":"Albyco Nederland B.V.","url":"https:\/\/www.albyco.com\/","sameAs":["https:\/\/www.linkedin.com\/company\/18015670\/","https:\/\/www.youtube.com\/user\/AlbycoNederland","https:\/\/nl.pinterest.com\/albyco","https:\/\/twitter.com\/AlbycoNederland"],"logo":{"@type":"ImageObject","@id":"https:\/\/www.albyco.com\/#logo","inLanguage":"fr-FR","url":"https:\/\/www.albyco.com\/wp-content\/uploads\/2017\/07\/albyco_logo_hd.png","contentUrl":"https:\/\/www.albyco.com\/wp-content\/uploads\/2017\/07\/albyco_logo_hd.png","width":300,"height":300,"caption":"Albyco Nederland B.V."},"image":{"@id":"https:\/\/www.albyco.com\/#logo"}},{"@type":"WebSite","@id":"https:\/\/www.albyco.com\/#website","url":"https:\/\/www.albyco.com\/","name":"Albyco","description":"Leverancier voor nabewerking van geprinte media","publisher":{"@id":"https:\/\/www.albyco.com\/#organization"},"potentialAction":[{"@type":"SearchAction","target":{"@type":"EntryPoint","urlTemplate":"https:\/\/www.albyco.com\/?s={search_term_string}"},"query-input":"required name=search_term_string"}],"inLanguage":"fr-FR"},{"@type":"ImageObject","@id":"https:\/\/www.albyco.com\/fr\/produit\/albyco-a3he-plastifieuse-professionel-jusquau-a3\/#primaryimage","inLanguage":"fr-FR","url":"https:\/\/www.albyco.com\/wp-content\/uploads\/2017\/06\/albyco-albyco-a3he-professionele-a3-laminator_ALBHEA3.jpg","contentUrl":"https:\/\/www.albyco.com\/wp-content\/uploads\/2017\/06\/albyco-albyco-a3he-professionele-a3-laminator_ALBHEA3.jpg","width":400,"height":400,"caption":"Albyco A3HE, Plastifieuse professionel jusqu'au A3"},{"@type":"WebPage","@id":"https:\/\/www.albyco.com\/fr\/produit\/albyco-a3he-plastifieuse-professionel-jusquau-a3\/#webpage","url":"https:\/\/www.albyco.com\/fr\/produit\/albyco-a3he-plastifieuse-professionel-jusquau-a3\/","name":"Albyco A3HE, Plastifieuse professionel jusqu'au A3 - Albyco","isPartOf":{"@id":"https:\/\/www.albyco.com\/#website"},"primaryImageOfPage":{"@id":"https:\/\/www.albyco.com\/fr\/produit\/albyco-a3he-plastifieuse-professionel-jusquau-a3\/#primaryimage"},"datePublished":"2017-06-22T13:11:27+00:00","dateModified":"2022-02-02T14:43:27+00:00","description":"L` Albyco A3HE, plastifieuse professionnelle A3, plastification \u00e0 chaud\u00a0 \u00e9quip\u00e9 de quatre rouleaux, dont deux sont chauffants.","breadcrumb":{"@id":"https:\/\/www.albyco.com\/fr\/produit\/albyco-a3he-plastifieuse-professionel-jusquau-a3\/#breadcrumb"},"inLanguage":"fr-FR","potentialAction":[{"@type":"ReadAction","target":["https:\/\/www.albyco.com\/fr\/produit\/albyco-a3he-plastifieuse-professionel-jusquau-a3\/"]}]},{"@type":"BreadcrumbList","@id":"https:\/\/www.albyco.com\/fr\/produit\/albyco-a3he-plastifieuse-professionel-jusquau-a3\/#breadcrumb","itemListElement":[{"@type":"ListItem","position":1,"name":"Home","item":"https:\/\/www.albyco.com\/fr\/"},{"@type":"ListItem","position":2,"name":"Les produits","item":"https:\/\/www.albyco.com\/fr\/producten\/"},{"@type":"ListItem","position":3,"name":"Albyco A3HE, Plastifieuse professionel jusqu&#8217;au A3"}]}]}},"_links":{"self":[{"href":"https:\/\/www.albyco.com\/fr\/wp-json\/wp\/v2\/product\/9492"}],"collection":[{"href":"https:\/\/www.albyco.com\/fr\/wp-json\/wp\/v2\/product"}],"about":[{"href":"https:\/\/www.albyco.com\/fr\/wp-json\/wp\/v2\/types\/product"}],"replies":[{"embeddable":true,"href":"https:\/\/www.albyco.com\/fr\/wp-json\/wp\/v2\/comments?post=9492"}],"wp:featuredmedia":[{"embeddable":true,"href":"https:\/\/www.albyco.com\/fr\/wp-json\/wp\/v2\/media\/7717"}],"wp:attachment":[{"href":"https:\/\/www.albyco.com\/fr\/wp-json\/wp\/v2\/media?parent=9492"}],"wp:term":[{"taxonomy":"product_cat","embeddable":true,"href":"https:\/\/www.albyco.com\/fr\/wp-json\/wp\/v2\/product_cat?post=9492"},{"taxonomy":"product_tag","embeddable":true,"href":"https:\/\/www.albyco.com\/fr\/wp-json\/wp\/v2\/product_tag?post=9492"}],"curies":[{"name":"wp","href":"https:\/\/api.w.org\/{rel}","templated":true}]}}