{"id":9491,"date":"2017-07-07T16:55:51","date_gmt":"2017-07-07T14:55:51","guid":{"rendered":"https:\/\/www.albyco.com\/product\/albyco-a2he-plastifieuse-professionnelle-format-a2\/"},"modified":"2022-04-13T10:56:34","modified_gmt":"2022-04-13T08:56:34","slug":"albyco-a2he-plastifieuse-professionnelle-format-a2","status":"publish","type":"product","link":"https:\/\/www.albyco.com\/fr\/produit\/albyco-a2he-plastifieuse-professionnelle-format-a2\/","title":{"rendered":"Albyco A2HE, plastifieuse professionnelle format A2"},"content":{"rendered":"<p class=\"p1\">L`<strong>Albyco A2HE<\/strong>, plastifieuse professionnelle, plastification \u00e0 chaud<span class=\"Apple-converted-space\">\u00a0 <\/span>\u00e9quip\u00e9 de quatre rouleaux, dont deux sont chauffants. Plastifie jusqu&#8217;au format A2, court pr\u00e9chauffage, plastifie sans transporteur. La largeur d`introduction est de 490 mm. L` Albyco A2HE offre aussi la possibilit\u00e9 de plastifier simultan\u00e9ment<span class=\"Apple-converted-space\">\u00a0 <\/span>deux pochettes A4. Ce qui rend cette machine <span class=\"Apple-converted-space\">\u00a0 <\/span>int\u00e9ressante,<span class=\"Apple-converted-space\">\u00a0 <\/span>pour ceux<span class=\"Apple-converted-space\">\u00a0 <\/span>qui veulent plastifier<span class=\"Apple-converted-space\">\u00a0 <\/span>du format A2 et<span class=\"Apple-converted-space\">\u00a0<\/span>\u00e0 la recherche d&#8217;une solution pour les plus grands formats<span class=\"Apple-converted-space\">\u00a0 <\/span>A4 .<\/p>\r\n<p class=\"p1\">Comme toute plastifieuse professionnelle, l`Albyco A2HE est munie du syst\u00e8me de la plastification \u00e0 chaud cad<span class=\"Apple-converted-space\">\u00a0<\/span>elle est munie de rouleaux chauffants. Pendant le d\u00e9roulement de la plastification et au moment o\u00f9 la poche de plastification touche et se presse sur le rouleau, la housse s`\u00e9chauffe. Cette technique fournit des r\u00e9sultats<span class=\"Apple-converted-space\">\u00a0<\/span>de plastification plus probents <span class=\"Apple-converted-space\">\u00a0<\/span>que les syst\u00e8mes \u00e0 plaque chaude (plaque chaude entre les rouleaux). Cela<span class=\"Apple-converted-space\">\u00a0<\/span>se remarque plus<span class=\"Apple-converted-space\">\u00a0 <\/span>particuli\u00e8rement sur des<span class=\"Apple-converted-space\">\u00a0 <\/span>photos ou sur des surfaces remplies.<\/p>\r\n<p class=\"p1\">Cette machine est \u00e9quip\u00e9e d&#8217;un bouton de release. Lorsque une<span class=\"Apple-converted-space\">\u00a0 <\/span>pochette de plastification s`introduit de travers dans la machine le bouton de release fait en sorte que la pochette reprenne la bonne direction. Pour maintenir une qualit\u00e9 de plastification professionnelle constante un entretien de la machine est imp\u00e9rative. L`entretien principal de chaque plastification<span class=\"Apple-converted-space\">\u00a0 <\/span>est d&#8217;utiliser de bons mat\u00e9riaux de plastification qui ne polluent pas les rouleaux de la machine avec la colle.<\/p>\r\n<p class=\"p1\">Les housses de plastification Albyco poss\u00e8dent<span class=\"Apple-converted-space\">\u00a0 <\/span>un bon \u00e9quilibre entre l&#8217;adh\u00e9sif et le plastique, ce qui \u00e9vite les<span class=\"Apple-converted-space\">\u00a0 <\/span>tache de colle . ReliurePlastification peut<span class=\"Apple-converted-space\">\u00a0<\/span>fournir<span class=\"Apple-converted-space\">\u00a0<\/span>en cas de d\u00e9p\u00f4t de colle sur les rouleaux de transport un un produit nettoyant Lamiclean.<span class=\"Apple-converted-space\">\u00a0 <\/span>Lamiclean peut \u00eatre utilis\u00e9 de deux fa\u00e7ons. La m\u00e9thode standard est de passer <span class=\"Apple-converted-space\">\u00a0 <\/span>avec un chiffon imbib\u00e9 du produit en s`aidant<span class=\"Apple-converted-space\">\u00a0 <\/span>d`un morceau de carton sur les <span class=\"Apple-converted-space\">\u00a0 <\/span>les rouleaux<span class=\"Apple-converted-space\">\u00a0 <\/span>de la machine, faire absorber les restes de colle par<span class=\"Apple-converted-space\">\u00a0 <\/span>le produit<span class=\"Apple-converted-space\">\u00a0 <\/span>et de les r\u00e9up\u00e9rer avec le chiffon.en r\u00e9cup\u00e9rant les restes de cole. Les meilleurs r\u00e9sultats de plastification \u00e0 chaud<span class=\"Apple-converted-space\">\u00a0 <\/span>sont obtenus avec la machine.<\/p>\r\n\r\n<table class=\" alignleft\" border=\"0\">\r\n<tbody>\r\n<tr>\r\n<td>Temps de pr\u00e9chauffage<\/td>\r\n<td>4-6 min.<\/td>\r\n<\/tr>\r\n<tr>\r\n<td>Indicateur Pr\u00eat<\/td>\r\n<td>Oui<\/td>\r\n<\/tr>\r\n<tr>\r\n<td>Largeur d&#8217;un d\u00e9bit maximal<\/td>\r\n<td>320mm<\/td>\r\n<\/tr>\r\n<tr>\r\n<td>Pour pochette<\/td>\r\n<td>2x 250 microns<\/td>\r\n<\/tr>\r\n<tr>\r\n<td>Temp\u00e9rature variable<\/td>\r\n<td>Oui<\/td>\r\n<\/tr>\r\n<tr>\r\n<td>Laminage \u00e0 froid<\/td>\r\n<td>Oui<\/td>\r\n<\/tr>\r\n<tr>\r\n<td>Nombre de rouleaux d&#8217;alimentation<\/td>\r\n<td>4<\/td>\r\n<\/tr>\r\n<tr>\r\n<td>Capacit\u00e9 de release<\/td>\r\n<td>Oui<\/td>\r\n<\/tr>\r\n<tr>\r\n<td><\/td>\r\n<td><\/td>\r\n<\/tr>\r\n<\/tbody>\r\n<\/table>\r\n&nbsp;\r\n\r\n<a href=\"https:\/\/www.albyco.com\/fr\/contactez-nous\/\"><img loading=\"lazy\" class=\"size-full wp-image-11223 alignleft\" src=\"https:\/\/www.albyco.com\/wp-content\/uploads\/2018\/02\/CTA-Albyco-fr-2.jpg\" alt=\"\" width=\"225\" height=\"141\" srcset=\"https:\/\/www.albyco.com\/wp-content\/uploads\/2018\/02\/CTA-Albyco-fr-2.jpg 225w, https:\/\/www.albyco.com\/wp-content\/uploads\/2018\/02\/CTA-Albyco-fr-2-100x63.jpg 100w, https:\/\/www.albyco.com\/wp-content\/uploads\/2018\/02\/CTA-Albyco-fr-2-24x15.jpg 24w, https:\/\/www.albyco.com\/wp-content\/uploads\/2018\/02\/CTA-Albyco-fr-2-36x23.jpg 36w, https:\/\/www.albyco.com\/wp-content\/uploads\/2018\/02\/CTA-Albyco-fr-2-48x30.jpg 48w\" sizes=\"(max-width: 225px) 100vw, 225px\" \/><\/a>","protected":false},"excerpt":{"rendered":"<p>L`<strong>Albyco A2HE<\/strong>, plastifieuse professionnelle, plastification \u00e0 chaud<span class=\"Apple-converted-space\">\u00a0 <\/span>\u00e9quip\u00e9 de quatre rouleaux, dont deux sont chauffants.<\/p>\n","protected":false},"featured_media":7762,"comment_status":"open","ping_status":"closed","template":"","meta":[],"product_cat":[2300,2772,2748],"product_tag":[2734,2318,2773,2774,2775,2776,2777,2778,2779],"yoast_head":"<!-- This site is optimized with the Yoast SEO plugin v18.6 - https:\/\/yoast.com\/wordpress\/plugins\/seo\/ -->\n<title>Albyco A2HE, plastifieuse professionnelle format A2 - Albyco<\/title>\n<meta name=\"description\" content=\"L`Albyco A2HE, plastifieuse professionnelle, plastification \u00e0 chaud\u00a0 \u00e9quip\u00e9 de quatre rouleaux, dont deux sont chauffants.\" \/>\n<meta name=\"robots\" content=\"index, follow, max-snippet:-1, max-image-preview:large, max-video-preview:-1\" \/>\n<link rel=\"canonical\" href=\"https:\/\/www.albyco.com\/fr\/produit\/albyco-a2he-plastifieuse-professionnelle-format-a2\/\" \/>\n<meta property=\"og:locale\" content=\"fr_FR\" \/>\n<meta property=\"og:type\" content=\"article\" \/>\n<meta property=\"og:title\" content=\"Albyco A2HE, plastifieuse professionnelle format A2 - Albyco\" \/>\n<meta property=\"og:description\" content=\"L`Albyco A2HE, plastifieuse professionnelle, plastification \u00e0 chaud\u00a0 \u00e9quip\u00e9 de quatre rouleaux, dont deux sont chauffants.\" \/>\n<meta property=\"og:url\" content=\"https:\/\/www.albyco.com\/fr\/produit\/albyco-a2he-plastifieuse-professionnelle-format-a2\/\" \/>\n<meta property=\"og:site_name\" content=\"Albyco\" \/>\n<meta property=\"article:modified_time\" content=\"2022-04-13T08:56:34+00:00\" \/>\n<meta property=\"og:image\" content=\"https:\/\/www.albyco.com\/wp-content\/uploads\/2017\/06\/albyco-albyco-a2he-professionele-a2-laminator_ALBHEA2.jpg\" \/>\n\t<meta property=\"og:image:width\" content=\"600\" \/>\n\t<meta property=\"og:image:height\" content=\"600\" \/>\n\t<meta property=\"og:image:type\" content=\"image\/jpeg\" \/>\n<meta name=\"twitter:card\" content=\"summary\" \/>\n<meta name=\"twitter:site\" content=\"@AlbycoNederland\" \/>\n<meta name=\"twitter:label1\" content=\"Dur\u00e9e de lecture estim\u00e9e\" \/>\n\t<meta name=\"twitter:data1\" content=\"2 minutes\" \/>\n<script type=\"application\/ld+json\" class=\"yoast-schema-graph\">{\"@context\":\"https:\/\/schema.org\",\"@graph\":[{\"@type\":\"Organization\",\"@id\":\"https:\/\/www.albyco.com\/#organization\",\"name\":\"Albyco Nederland B.V.\",\"url\":\"https:\/\/www.albyco.com\/\",\"sameAs\":[\"https:\/\/www.linkedin.com\/company\/18015670\/\",\"https:\/\/www.youtube.com\/user\/AlbycoNederland\",\"https:\/\/nl.pinterest.com\/albyco\",\"https:\/\/twitter.com\/AlbycoNederland\"],\"logo\":{\"@type\":\"ImageObject\",\"@id\":\"https:\/\/www.albyco.com\/#logo\",\"inLanguage\":\"fr-FR\",\"url\":\"https:\/\/www.albyco.com\/wp-content\/uploads\/2017\/07\/albyco_logo_hd.png\",\"contentUrl\":\"https:\/\/www.albyco.com\/wp-content\/uploads\/2017\/07\/albyco_logo_hd.png\",\"width\":300,\"height\":300,\"caption\":\"Albyco Nederland B.V.\"},\"image\":{\"@id\":\"https:\/\/www.albyco.com\/#logo\"}},{\"@type\":\"WebSite\",\"@id\":\"https:\/\/www.albyco.com\/#website\",\"url\":\"https:\/\/www.albyco.com\/\",\"name\":\"Albyco\",\"description\":\"Leverancier voor nabewerking van geprinte media\",\"publisher\":{\"@id\":\"https:\/\/www.albyco.com\/#organization\"},\"potentialAction\":[{\"@type\":\"SearchAction\",\"target\":{\"@type\":\"EntryPoint\",\"urlTemplate\":\"https:\/\/www.albyco.com\/?s={search_term_string}\"},\"query-input\":\"required name=search_term_string\"}],\"inLanguage\":\"fr-FR\"},{\"@type\":\"ImageObject\",\"@id\":\"https:\/\/www.albyco.com\/fr\/produit\/albyco-a2he-plastifieuse-professionnelle-format-a2\/#primaryimage\",\"inLanguage\":\"fr-FR\",\"url\":\"https:\/\/www.albyco.com\/wp-content\/uploads\/2017\/06\/albyco-albyco-a2he-professionele-a2-laminator_ALBHEA2.jpg\",\"contentUrl\":\"https:\/\/www.albyco.com\/wp-content\/uploads\/2017\/06\/albyco-albyco-a2he-professionele-a2-laminator_ALBHEA2.jpg\",\"width\":600,\"height\":600,\"caption\":\"Albyco A2HE, plastifieuse professionnelle format A2\"},{\"@type\":\"WebPage\",\"@id\":\"https:\/\/www.albyco.com\/fr\/produit\/albyco-a2he-plastifieuse-professionnelle-format-a2\/#webpage\",\"url\":\"https:\/\/www.albyco.com\/fr\/produit\/albyco-a2he-plastifieuse-professionnelle-format-a2\/\",\"name\":\"Albyco A2HE, plastifieuse professionnelle format A2 - Albyco\",\"isPartOf\":{\"@id\":\"https:\/\/www.albyco.com\/#website\"},\"primaryImageOfPage\":{\"@id\":\"https:\/\/www.albyco.com\/fr\/produit\/albyco-a2he-plastifieuse-professionnelle-format-a2\/#primaryimage\"},\"datePublished\":\"2017-07-07T14:55:51+00:00\",\"dateModified\":\"2022-04-13T08:56:34+00:00\",\"description\":\"L`Albyco A2HE, plastifieuse professionnelle, plastification \u00e0 chaud\u00a0 \u00e9quip\u00e9 de quatre rouleaux, dont deux sont chauffants.\",\"breadcrumb\":{\"@id\":\"https:\/\/www.albyco.com\/fr\/produit\/albyco-a2he-plastifieuse-professionnelle-format-a2\/#breadcrumb\"},\"inLanguage\":\"fr-FR\",\"potentialAction\":[{\"@type\":\"ReadAction\",\"target\":[\"https:\/\/www.albyco.com\/fr\/produit\/albyco-a2he-plastifieuse-professionnelle-format-a2\/\"]}]},{\"@type\":\"BreadcrumbList\",\"@id\":\"https:\/\/www.albyco.com\/fr\/produit\/albyco-a2he-plastifieuse-professionnelle-format-a2\/#breadcrumb\",\"itemListElement\":[{\"@type\":\"ListItem\",\"position\":1,\"name\":\"Home\",\"item\":\"https:\/\/www.albyco.com\/fr\/\"},{\"@type\":\"ListItem\",\"position\":2,\"name\":\"Les produits\",\"item\":\"https:\/\/www.albyco.com\/fr\/producten\/\"},{\"@type\":\"ListItem\",\"position\":3,\"name\":\"Albyco A2HE, plastifieuse professionnelle format A2\"}]}]}<\/script>\n<!-- \/ Yoast SEO plugin. -->","yoast_head_json":{"title":"Albyco A2HE, plastifieuse professionnelle format A2 - Albyco","description":"L`Albyco A2HE, plastifieuse professionnelle, plastification \u00e0 chaud\u00a0 \u00e9quip\u00e9 de quatre rouleaux, dont deux sont chauffants.","robots":{"index":"index","follow":"follow","max-snippet":"max-snippet:-1","max-image-preview":"max-image-preview:large","max-video-preview":"max-video-preview:-1"},"canonical":"https:\/\/www.albyco.com\/fr\/produit\/albyco-a2he-plastifieuse-professionnelle-format-a2\/","og_locale":"fr_FR","og_type":"article","og_title":"Albyco A2HE, plastifieuse professionnelle format A2 - Albyco","og_description":"L`Albyco A2HE, plastifieuse professionnelle, plastification \u00e0 chaud\u00a0 \u00e9quip\u00e9 de quatre rouleaux, dont deux sont chauffants.","og_url":"https:\/\/www.albyco.com\/fr\/produit\/albyco-a2he-plastifieuse-professionnelle-format-a2\/","og_site_name":"Albyco","article_modified_time":"2022-04-13T08:56:34+00:00","og_image":[{"width":600,"height":600,"url":"https:\/\/www.albyco.com\/wp-content\/uploads\/2017\/06\/albyco-albyco-a2he-professionele-a2-laminator_ALBHEA2.jpg","type":"image\/jpeg"}],"twitter_card":"summary","twitter_site":"@AlbycoNederland","twitter_misc":{"Dur\u00e9e de lecture estim\u00e9e":"2 minutes"},"schema":{"@context":"https:\/\/schema.org","@graph":[{"@type":"Organization","@id":"https:\/\/www.albyco.com\/#organization","name":"Albyco Nederland B.V.","url":"https:\/\/www.albyco.com\/","sameAs":["https:\/\/www.linkedin.com\/company\/18015670\/","https:\/\/www.youtube.com\/user\/AlbycoNederland","https:\/\/nl.pinterest.com\/albyco","https:\/\/twitter.com\/AlbycoNederland"],"logo":{"@type":"ImageObject","@id":"https:\/\/www.albyco.com\/#logo","inLanguage":"fr-FR","url":"https:\/\/www.albyco.com\/wp-content\/uploads\/2017\/07\/albyco_logo_hd.png","contentUrl":"https:\/\/www.albyco.com\/wp-content\/uploads\/2017\/07\/albyco_logo_hd.png","width":300,"height":300,"caption":"Albyco Nederland B.V."},"image":{"@id":"https:\/\/www.albyco.com\/#logo"}},{"@type":"WebSite","@id":"https:\/\/www.albyco.com\/#website","url":"https:\/\/www.albyco.com\/","name":"Albyco","description":"Leverancier voor nabewerking van geprinte media","publisher":{"@id":"https:\/\/www.albyco.com\/#organization"},"potentialAction":[{"@type":"SearchAction","target":{"@type":"EntryPoint","urlTemplate":"https:\/\/www.albyco.com\/?s={search_term_string}"},"query-input":"required name=search_term_string"}],"inLanguage":"fr-FR"},{"@type":"ImageObject","@id":"https:\/\/www.albyco.com\/fr\/produit\/albyco-a2he-plastifieuse-professionnelle-format-a2\/#primaryimage","inLanguage":"fr-FR","url":"https:\/\/www.albyco.com\/wp-content\/uploads\/2017\/06\/albyco-albyco-a2he-professionele-a2-laminator_ALBHEA2.jpg","contentUrl":"https:\/\/www.albyco.com\/wp-content\/uploads\/2017\/06\/albyco-albyco-a2he-professionele-a2-laminator_ALBHEA2.jpg","width":600,"height":600,"caption":"Albyco A2HE, plastifieuse professionnelle format A2"},{"@type":"WebPage","@id":"https:\/\/www.albyco.com\/fr\/produit\/albyco-a2he-plastifieuse-professionnelle-format-a2\/#webpage","url":"https:\/\/www.albyco.com\/fr\/produit\/albyco-a2he-plastifieuse-professionnelle-format-a2\/","name":"Albyco A2HE, plastifieuse professionnelle format A2 - Albyco","isPartOf":{"@id":"https:\/\/www.albyco.com\/#website"},"primaryImageOfPage":{"@id":"https:\/\/www.albyco.com\/fr\/produit\/albyco-a2he-plastifieuse-professionnelle-format-a2\/#primaryimage"},"datePublished":"2017-07-07T14:55:51+00:00","dateModified":"2022-04-13T08:56:34+00:00","description":"L`Albyco A2HE, plastifieuse professionnelle, plastification \u00e0 chaud\u00a0 \u00e9quip\u00e9 de quatre rouleaux, dont deux sont chauffants.","breadcrumb":{"@id":"https:\/\/www.albyco.com\/fr\/produit\/albyco-a2he-plastifieuse-professionnelle-format-a2\/#breadcrumb"},"inLanguage":"fr-FR","potentialAction":[{"@type":"ReadAction","target":["https:\/\/www.albyco.com\/fr\/produit\/albyco-a2he-plastifieuse-professionnelle-format-a2\/"]}]},{"@type":"BreadcrumbList","@id":"https:\/\/www.albyco.com\/fr\/produit\/albyco-a2he-plastifieuse-professionnelle-format-a2\/#breadcrumb","itemListElement":[{"@type":"ListItem","position":1,"name":"Home","item":"https:\/\/www.albyco.com\/fr\/"},{"@type":"ListItem","position":2,"name":"Les produits","item":"https:\/\/www.albyco.com\/fr\/producten\/"},{"@type":"ListItem","position":3,"name":"Albyco A2HE, plastifieuse professionnelle format A2"}]}]}},"_links":{"self":[{"href":"https:\/\/www.albyco.com\/fr\/wp-json\/wp\/v2\/product\/9491"}],"collection":[{"href":"https:\/\/www.albyco.com\/fr\/wp-json\/wp\/v2\/product"}],"about":[{"href":"https:\/\/www.albyco.com\/fr\/wp-json\/wp\/v2\/types\/product"}],"replies":[{"embeddable":true,"href":"https:\/\/www.albyco.com\/fr\/wp-json\/wp\/v2\/comments?post=9491"}],"wp:featuredmedia":[{"embeddable":true,"href":"https:\/\/www.albyco.com\/fr\/wp-json\/wp\/v2\/media\/7762"}],"wp:attachment":[{"href":"https:\/\/www.albyco.com\/fr\/wp-json\/wp\/v2\/media?parent=9491"}],"wp:term":[{"taxonomy":"product_cat","embeddable":true,"href":"https:\/\/www.albyco.com\/fr\/wp-json\/wp\/v2\/product_cat?post=9491"},{"taxonomy":"product_tag","embeddable":true,"href":"https:\/\/www.albyco.com\/fr\/wp-json\/wp\/v2\/product_tag?post=9491"}],"curies":[{"name":"wp","href":"https:\/\/api.w.org\/{rel}","templated":true}]}}