{"id":9474,"date":"2017-07-06T21:12:03","date_gmt":"2017-07-06T19:12:03","guid":{"rendered":"https:\/\/www.albyco.com\/product\/albyco-d-600-perforateur\/"},"modified":"2018-02-22T14:47:25","modified_gmt":"2018-02-22T13:47:25","slug":"albyco-d-600-perforateur","status":"publish","type":"product","link":"https:\/\/www.albyco.com\/fr\/produit\/albyco-d-600-perforateur\/","title":{"rendered":"Albyco D-600 Perforateur"},"content":{"rendered":"<div><strong>Perforateur Albyco D600<\/strong><\/div>\r\n<ul>\r\n \t<li>Perforateur \u00e9lectrique \u00e0 outils interchangeables (vendus s\u00e9par\u00e9ment)<\/li>\r\n \t<li>Convient pour les peignes \u00e0 reliure en plastique et en m\u00e9tal<\/li>\r\n \t<li>Capacit\u00e9 max de perforation : 20 feuilles<\/li>\r\n \t<li>Poin\u00e7ons de perforation d\u00e9brayables utilis\u00e9s selon le bloc de perforation<\/li>\r\n \t<li>Bac \u00e0 d\u00e9chets\u00a0en papier<\/li>\r\n \t<li>Guide lat\u00e9ral ajustable<\/li>\r\n \t<li>Poin\u00e7ons d\u00e9brayables<\/li>\r\n \t<li>R\u00e9glage de perforation<span class=\"Apple-tab-span\">\u00a0<\/span>3-9 mm&nbsp;\r\n\r\n<a href=\"https:\/\/www.albyco.com\/fr\/contactez-nous\/\"><img loading=\"lazy\" class=\"size-full wp-image-11223 alignleft\" src=\"https:\/\/www.albyco.com\/wp-content\/uploads\/2018\/02\/CTA-Albyco-fr-2.jpg\" alt=\"\" width=\"225\" height=\"141\" srcset=\"https:\/\/www.albyco.com\/wp-content\/uploads\/2018\/02\/CTA-Albyco-fr-2.jpg 225w, https:\/\/www.albyco.com\/wp-content\/uploads\/2018\/02\/CTA-Albyco-fr-2-100x63.jpg 100w, https:\/\/www.albyco.com\/wp-content\/uploads\/2018\/02\/CTA-Albyco-fr-2-24x15.jpg 24w, https:\/\/www.albyco.com\/wp-content\/uploads\/2018\/02\/CTA-Albyco-fr-2-36x23.jpg 36w, https:\/\/www.albyco.com\/wp-content\/uploads\/2018\/02\/CTA-Albyco-fr-2-48x30.jpg 48w\" sizes=\"(max-width: 225px) 100vw, 225px\" \/><\/a><\/li>\r\n<\/ul>","protected":false},"excerpt":{"rendered":"<div>Perforateur\u00a0\u00e9lectrique Albyco D600\u00a0\u00e0 outils interchangeables (vendus s\u00e9par\u00e9ment)<\/div>\n","protected":false},"featured_media":7851,"comment_status":"open","ping_status":"closed","template":"","meta":[],"product_cat":[2300,2316,2749,2751],"product_tag":[2752,2753,2760,2318,2324,2750],"yoast_head":"<!-- This site is optimized with the Yoast SEO plugin v18.6 - https:\/\/yoast.com\/wordpress\/plugins\/seo\/ -->\n<title>Albyco D-600 Perforateur - Albyco<\/title>\n<meta name=\"description\" content=\"Perforateur\u00a0\u00e9lectrique Albyco D600\u00a0\u00e0 outils interchangeables (vendus s\u00e9par\u00e9ment)\" \/>\n<meta name=\"robots\" content=\"index, follow, max-snippet:-1, max-image-preview:large, max-video-preview:-1\" \/>\n<link rel=\"canonical\" href=\"https:\/\/www.albyco.com\/fr\/produit\/albyco-d-600-perforateur\/\" \/>\n<meta property=\"og:locale\" content=\"fr_FR\" \/>\n<meta property=\"og:type\" content=\"article\" \/>\n<meta property=\"og:title\" content=\"Albyco D-600 Perforateur - Albyco\" \/>\n<meta property=\"og:description\" content=\"Perforateur\u00a0\u00e9lectrique Albyco D600\u00a0\u00e0 outils interchangeables (vendus s\u00e9par\u00e9ment)\" \/>\n<meta property=\"og:url\" content=\"https:\/\/www.albyco.com\/fr\/produit\/albyco-d-600-perforateur\/\" \/>\n<meta property=\"og:site_name\" content=\"Albyco\" \/>\n<meta property=\"article:modified_time\" content=\"2018-02-22T13:47:25+00:00\" \/>\n<meta property=\"og:image\" content=\"https:\/\/www.albyco.com\/wp-content\/uploads\/2017\/06\/albyco-albyco-d-600_ALBD600.jpg\" \/>\n\t<meta property=\"og:image:width\" content=\"400\" \/>\n\t<meta property=\"og:image:height\" content=\"400\" \/>\n\t<meta property=\"og:image:type\" content=\"image\/jpeg\" \/>\n<meta name=\"twitter:card\" content=\"summary\" \/>\n<meta name=\"twitter:site\" content=\"@AlbycoNederland\" \/>\n<script type=\"application\/ld+json\" class=\"yoast-schema-graph\">{\"@context\":\"https:\/\/schema.org\",\"@graph\":[{\"@type\":\"Organization\",\"@id\":\"https:\/\/www.albyco.com\/#organization\",\"name\":\"Albyco Nederland B.V.\",\"url\":\"https:\/\/www.albyco.com\/\",\"sameAs\":[\"https:\/\/www.linkedin.com\/company\/18015670\/\",\"https:\/\/www.youtube.com\/user\/AlbycoNederland\",\"https:\/\/nl.pinterest.com\/albyco\",\"https:\/\/twitter.com\/AlbycoNederland\"],\"logo\":{\"@type\":\"ImageObject\",\"@id\":\"https:\/\/www.albyco.com\/#logo\",\"inLanguage\":\"fr-FR\",\"url\":\"https:\/\/www.albyco.com\/wp-content\/uploads\/2017\/07\/albyco_logo_hd.png\",\"contentUrl\":\"https:\/\/www.albyco.com\/wp-content\/uploads\/2017\/07\/albyco_logo_hd.png\",\"width\":300,\"height\":300,\"caption\":\"Albyco Nederland B.V.\"},\"image\":{\"@id\":\"https:\/\/www.albyco.com\/#logo\"}},{\"@type\":\"WebSite\",\"@id\":\"https:\/\/www.albyco.com\/#website\",\"url\":\"https:\/\/www.albyco.com\/\",\"name\":\"Albyco\",\"description\":\"Leverancier voor nabewerking van geprinte media\",\"publisher\":{\"@id\":\"https:\/\/www.albyco.com\/#organization\"},\"potentialAction\":[{\"@type\":\"SearchAction\",\"target\":{\"@type\":\"EntryPoint\",\"urlTemplate\":\"https:\/\/www.albyco.com\/?s={search_term_string}\"},\"query-input\":\"required name=search_term_string\"}],\"inLanguage\":\"fr-FR\"},{\"@type\":\"ImageObject\",\"@id\":\"https:\/\/www.albyco.com\/fr\/produit\/albyco-d-600-perforateur\/#primaryimage\",\"inLanguage\":\"fr-FR\",\"url\":\"https:\/\/www.albyco.com\/wp-content\/uploads\/2017\/06\/albyco-albyco-d-600_ALBD600.jpg\",\"contentUrl\":\"https:\/\/www.albyco.com\/wp-content\/uploads\/2017\/06\/albyco-albyco-d-600_ALBD600.jpg\",\"width\":400,\"height\":400,\"caption\":\"Albyco D-600 Perforateur\"},{\"@type\":\"WebPage\",\"@id\":\"https:\/\/www.albyco.com\/fr\/produit\/albyco-d-600-perforateur\/#webpage\",\"url\":\"https:\/\/www.albyco.com\/fr\/produit\/albyco-d-600-perforateur\/\",\"name\":\"Albyco D-600 Perforateur - Albyco\",\"isPartOf\":{\"@id\":\"https:\/\/www.albyco.com\/#website\"},\"primaryImageOfPage\":{\"@id\":\"https:\/\/www.albyco.com\/fr\/produit\/albyco-d-600-perforateur\/#primaryimage\"},\"datePublished\":\"2017-07-06T19:12:03+00:00\",\"dateModified\":\"2018-02-22T13:47:25+00:00\",\"description\":\"Perforateur\u00a0\u00e9lectrique Albyco D600\u00a0\u00e0 outils interchangeables (vendus s\u00e9par\u00e9ment)\",\"breadcrumb\":{\"@id\":\"https:\/\/www.albyco.com\/fr\/produit\/albyco-d-600-perforateur\/#breadcrumb\"},\"inLanguage\":\"fr-FR\",\"potentialAction\":[{\"@type\":\"ReadAction\",\"target\":[\"https:\/\/www.albyco.com\/fr\/produit\/albyco-d-600-perforateur\/\"]}]},{\"@type\":\"BreadcrumbList\",\"@id\":\"https:\/\/www.albyco.com\/fr\/produit\/albyco-d-600-perforateur\/#breadcrumb\",\"itemListElement\":[{\"@type\":\"ListItem\",\"position\":1,\"name\":\"Home\",\"item\":\"https:\/\/www.albyco.com\/fr\/\"},{\"@type\":\"ListItem\",\"position\":2,\"name\":\"Les produits\",\"item\":\"https:\/\/www.albyco.com\/fr\/producten\/\"},{\"@type\":\"ListItem\",\"position\":3,\"name\":\"Albyco D-600 Perforateur\"}]}]}<\/script>\n<!-- \/ Yoast SEO plugin. -->","yoast_head_json":{"title":"Albyco D-600 Perforateur - Albyco","description":"Perforateur\u00a0\u00e9lectrique Albyco D600\u00a0\u00e0 outils interchangeables (vendus s\u00e9par\u00e9ment)","robots":{"index":"index","follow":"follow","max-snippet":"max-snippet:-1","max-image-preview":"max-image-preview:large","max-video-preview":"max-video-preview:-1"},"canonical":"https:\/\/www.albyco.com\/fr\/produit\/albyco-d-600-perforateur\/","og_locale":"fr_FR","og_type":"article","og_title":"Albyco D-600 Perforateur - Albyco","og_description":"Perforateur\u00a0\u00e9lectrique Albyco D600\u00a0\u00e0 outils interchangeables (vendus s\u00e9par\u00e9ment)","og_url":"https:\/\/www.albyco.com\/fr\/produit\/albyco-d-600-perforateur\/","og_site_name":"Albyco","article_modified_time":"2018-02-22T13:47:25+00:00","og_image":[{"width":400,"height":400,"url":"https:\/\/www.albyco.com\/wp-content\/uploads\/2017\/06\/albyco-albyco-d-600_ALBD600.jpg","type":"image\/jpeg"}],"twitter_card":"summary","twitter_site":"@AlbycoNederland","schema":{"@context":"https:\/\/schema.org","@graph":[{"@type":"Organization","@id":"https:\/\/www.albyco.com\/#organization","name":"Albyco Nederland B.V.","url":"https:\/\/www.albyco.com\/","sameAs":["https:\/\/www.linkedin.com\/company\/18015670\/","https:\/\/www.youtube.com\/user\/AlbycoNederland","https:\/\/nl.pinterest.com\/albyco","https:\/\/twitter.com\/AlbycoNederland"],"logo":{"@type":"ImageObject","@id":"https:\/\/www.albyco.com\/#logo","inLanguage":"fr-FR","url":"https:\/\/www.albyco.com\/wp-content\/uploads\/2017\/07\/albyco_logo_hd.png","contentUrl":"https:\/\/www.albyco.com\/wp-content\/uploads\/2017\/07\/albyco_logo_hd.png","width":300,"height":300,"caption":"Albyco Nederland B.V."},"image":{"@id":"https:\/\/www.albyco.com\/#logo"}},{"@type":"WebSite","@id":"https:\/\/www.albyco.com\/#website","url":"https:\/\/www.albyco.com\/","name":"Albyco","description":"Leverancier voor nabewerking van geprinte media","publisher":{"@id":"https:\/\/www.albyco.com\/#organization"},"potentialAction":[{"@type":"SearchAction","target":{"@type":"EntryPoint","urlTemplate":"https:\/\/www.albyco.com\/?s={search_term_string}"},"query-input":"required name=search_term_string"}],"inLanguage":"fr-FR"},{"@type":"ImageObject","@id":"https:\/\/www.albyco.com\/fr\/produit\/albyco-d-600-perforateur\/#primaryimage","inLanguage":"fr-FR","url":"https:\/\/www.albyco.com\/wp-content\/uploads\/2017\/06\/albyco-albyco-d-600_ALBD600.jpg","contentUrl":"https:\/\/www.albyco.com\/wp-content\/uploads\/2017\/06\/albyco-albyco-d-600_ALBD600.jpg","width":400,"height":400,"caption":"Albyco D-600 Perforateur"},{"@type":"WebPage","@id":"https:\/\/www.albyco.com\/fr\/produit\/albyco-d-600-perforateur\/#webpage","url":"https:\/\/www.albyco.com\/fr\/produit\/albyco-d-600-perforateur\/","name":"Albyco D-600 Perforateur - Albyco","isPartOf":{"@id":"https:\/\/www.albyco.com\/#website"},"primaryImageOfPage":{"@id":"https:\/\/www.albyco.com\/fr\/produit\/albyco-d-600-perforateur\/#primaryimage"},"datePublished":"2017-07-06T19:12:03+00:00","dateModified":"2018-02-22T13:47:25+00:00","description":"Perforateur\u00a0\u00e9lectrique Albyco D600\u00a0\u00e0 outils interchangeables (vendus s\u00e9par\u00e9ment)","breadcrumb":{"@id":"https:\/\/www.albyco.com\/fr\/produit\/albyco-d-600-perforateur\/#breadcrumb"},"inLanguage":"fr-FR","potentialAction":[{"@type":"ReadAction","target":["https:\/\/www.albyco.com\/fr\/produit\/albyco-d-600-perforateur\/"]}]},{"@type":"BreadcrumbList","@id":"https:\/\/www.albyco.com\/fr\/produit\/albyco-d-600-perforateur\/#breadcrumb","itemListElement":[{"@type":"ListItem","position":1,"name":"Home","item":"https:\/\/www.albyco.com\/fr\/"},{"@type":"ListItem","position":2,"name":"Les produits","item":"https:\/\/www.albyco.com\/fr\/producten\/"},{"@type":"ListItem","position":3,"name":"Albyco D-600 Perforateur"}]}]}},"_links":{"self":[{"href":"https:\/\/www.albyco.com\/fr\/wp-json\/wp\/v2\/product\/9474"}],"collection":[{"href":"https:\/\/www.albyco.com\/fr\/wp-json\/wp\/v2\/product"}],"about":[{"href":"https:\/\/www.albyco.com\/fr\/wp-json\/wp\/v2\/types\/product"}],"replies":[{"embeddable":true,"href":"https:\/\/www.albyco.com\/fr\/wp-json\/wp\/v2\/comments?post=9474"}],"wp:featuredmedia":[{"embeddable":true,"href":"https:\/\/www.albyco.com\/fr\/wp-json\/wp\/v2\/media\/7851"}],"wp:attachment":[{"href":"https:\/\/www.albyco.com\/fr\/wp-json\/wp\/v2\/media?parent=9474"}],"wp:term":[{"taxonomy":"product_cat","embeddable":true,"href":"https:\/\/www.albyco.com\/fr\/wp-json\/wp\/v2\/product_cat?post=9474"},{"taxonomy":"product_tag","embeddable":true,"href":"https:\/\/www.albyco.com\/fr\/wp-json\/wp\/v2\/product_tag?post=9474"}],"curies":[{"name":"wp","href":"https:\/\/api.w.org\/{rel}","templated":true}]}}