{"id":9464,"date":"2017-07-06T14:06:40","date_gmt":"2017-07-06T12:06:40","guid":{"rendered":"https:\/\/www.albyco.com\/product\/albyco-500eu-pour-les-livres-squarefold\/"},"modified":"2021-07-09T14:15:23","modified_gmt":"2021-07-09T12:15:23","slug":"albyco-500eu-pour-les-livres-squarefold","status":"publish","type":"product","link":"https:\/\/www.albyco.com\/fr\/produit\/albyco-500eu-pour-les-livres-squarefold\/","title":{"rendered":"Albyco 500EU pour les livres\u00a0SquareFold"},"content":{"rendered":"<table style=\"width: 100%; border-collapse: collapse;\" border=\"0\">\r\n<tbody>\r\n<tr>\r\n<td style=\"width: 50%;\">La machine<span class=\"Apple-converted-space\">\u00a0 <\/span>Albyco 500EU est le premier mod\u00e8le de table \u00e0 livres pour les livres SquareFold. L`Agrafeuse plieuse plie, agrafe et presse un squarefold en une seule fois. Le processus ne prend que 12 secondes. La presse serre le petit livre agraf\u00e9 avec un dos droit parfaitement clips\u00e9.<\/td>\r\n<td style=\"width: 50%; text-align: center;\"><div class=\"epyt-video-wrapper\"><iframe  id=\"_ytid_99017\"  width=\"800\" height=\"450\"  data-origwidth=\"800\" data-origheight=\"450\"  data-relstop=\"1\" src=\"https:\/\/www.youtube.com\/embed\/sHTSo9DMEwE?enablejsapi=1&autoplay=0&cc_load_policy=0&iv_load_policy=1&loop=0&modestbranding=0&fs=1&playsinline=1&controls=1&color=red&cc_lang_pref=&rel=0&autohide=2&theme=dark&\" class=\"__youtube_prefs__  no-lazyload\" title=\"YouTube player\"  allow=\"accelerometer; autoplay; clipboard-write; encrypted-media; gyroscope; picture-in-picture\" allowfullscreen data-no-lazy=\"1\" data-skipgform_ajax_framebjll=\"\"><\/iframe><\/div><\/td>\r\n<\/tr>\r\n<\/tbody>\r\n<\/table>\r\n<p class=\"p1\">La Albyco 500 EU<span class=\"Apple-converted-space\">\u00a0<\/span>a des t\u00eates doubles standard de couture avec quatre positions pour une vari\u00e9t\u00e9 de tailles de brochure, extensible \u00e0 4 t\u00eates de couture. Les livrets<span class=\"Apple-converted-space\">\u00a0<\/span>SquareFold ont un dos droit, un grand avantage pour les papiers plus \u00e9pais. Les documents Squarefolded s`empilent facilement car ils sont plus lisses en se superposant.<span class=\"Apple-converted-space\">\u00a0<\/span>Le dos du document \u00e9tant plus rigide, il est<span class=\"Apple-converted-space\">\u00a0 <\/span>possible de placer des textes . D`une mani\u00e8re g\u00e9n\u00e9rale, ils sont vus comme produits de luxe.<\/p>\r\n<p class=\"p1\">Albyco 500EU SquareFold Formats A3&gt; A4, A4&gt; A5<\/p>\r\n<p class=\"p1\">Vitesse de pliage et d`agrafage<span class=\"Apple-converted-space\">\u00a0 <\/span>450 brochures par heure<\/p>\r\n<p class=\"p1\">Vitesse<span class=\"Apple-converted-space\">\u00a0 <\/span>pliage, agrafage, pressage 300 brochures par heure<\/p>\r\n<p class=\"p1\">L&#8217;\u00e9paisseur maximale de la couverture 220 gr \/ m2<\/p>\r\n<p class=\"p1\">Epaisseur de la reliure maximale de 25 feuilles de 80 g \/ m2<\/p>\r\n<p class=\"p1\">Contr\u00f4le automatique avec r\u00e9glage de temps<\/p>\r\n<p class=\"p1\">Fonctionnement automatique pour plier, agrafer et carr\u00e9e \u00e0 dos<\/p>\r\n<p class=\"p1\">Ecran LCD pour les r\u00e9glages<span class=\"Apple-converted-space\">\u00a0 <\/span>facilesappropri\u00e9s<\/p>\r\n<p class=\"p1\">Stock Capacit\u00e9 210 agrafes: 26\/6 ou 26 \/ 8<\/p>\r\n<p class=\"p1\">Option\u00a0t\u00eates de<span class=\"Apple-converted-space\">\u00a0 <\/span>coutures suppl\u00e9mentaires<\/p>\r\n<p class=\"p1\">Poids\u00a061 kg<\/p>\r\n<p class=\"p1\">Dimensions\u00a0565 x 416 x 466 mm<\/p>\r\n<a href=\"https:\/\/www.albyco.com\/fr\/contactez-nous\/\"><img loading=\"lazy\" class=\"size-full wp-image-11223 alignleft\" src=\"https:\/\/www.albyco.com\/wp-content\/uploads\/2018\/02\/CTA-Albyco-fr-2.jpg\" alt=\"\" width=\"225\" height=\"141\" srcset=\"https:\/\/www.albyco.com\/wp-content\/uploads\/2018\/02\/CTA-Albyco-fr-2.jpg 225w, https:\/\/www.albyco.com\/wp-content\/uploads\/2018\/02\/CTA-Albyco-fr-2-100x63.jpg 100w, https:\/\/www.albyco.com\/wp-content\/uploads\/2018\/02\/CTA-Albyco-fr-2-24x15.jpg 24w, https:\/\/www.albyco.com\/wp-content\/uploads\/2018\/02\/CTA-Albyco-fr-2-36x23.jpg 36w, https:\/\/www.albyco.com\/wp-content\/uploads\/2018\/02\/CTA-Albyco-fr-2-48x30.jpg 48w\" sizes=\"(max-width: 225px) 100vw, 225px\" \/><\/a>","protected":false},"excerpt":{"rendered":"<p>La machine<span class=\"Apple-converted-space\">\u00a0 <\/span>Albyco 500EU est le premier mod\u00e8le de table \u00e0 livres pour les livres SquareFold. L`Agrafeuse plieuse plie, agrafe et presse un squarefold en une seule fois.<\/p>\n","protected":false},"featured_media":7940,"comment_status":"open","ping_status":"closed","template":"","meta":[],"product_cat":[2300,2301,2718],"product_tag":[2719,2720,2721,2722,2723,2724,2725,2726,2727],"yoast_head":"<!-- This site is optimized with the Yoast SEO plugin v18.6 - https:\/\/yoast.com\/wordpress\/plugins\/seo\/ -->\n<title>Albyco 500EU pour les livres\u00a0SquareFold - Albyco<\/title>\n<meta name=\"description\" content=\"La machine\u00a0 Albyco 500EU est le premier mod\u00e8le de table \u00e0 livres pour les livres SquareFold. L`Agrafeuse plieuse plie, agrafe et presse un squarefold en une seule fois.\" \/>\n<meta name=\"robots\" content=\"index, follow, max-snippet:-1, max-image-preview:large, max-video-preview:-1\" \/>\n<link rel=\"canonical\" href=\"https:\/\/www.albyco.com\/fr\/produit\/albyco-500eu-pour-les-livres-squarefold\/\" \/>\n<meta property=\"og:locale\" content=\"fr_FR\" \/>\n<meta property=\"og:type\" content=\"article\" \/>\n<meta property=\"og:title\" content=\"Albyco 500EU pour les livres\u00a0SquareFold - Albyco\" \/>\n<meta property=\"og:description\" content=\"La machine\u00a0 Albyco 500EU est le premier mod\u00e8le de table \u00e0 livres pour les livres SquareFold. L`Agrafeuse plieuse plie, agrafe et presse un squarefold en une seule fois.\" \/>\n<meta property=\"og:url\" content=\"https:\/\/www.albyco.com\/fr\/produit\/albyco-500eu-pour-les-livres-squarefold\/\" \/>\n<meta property=\"og:site_name\" content=\"Albyco\" \/>\n<meta property=\"article:modified_time\" content=\"2021-07-09T12:15:23+00:00\" \/>\n<meta property=\"og:image\" content=\"https:\/\/www.albyco.com\/wp-content\/uploads\/2017\/06\/albyco-albyco-500eu-hechtvouwmachine-met-squarefold_ALB500EUSQUARE.jpg\" \/>\n\t<meta property=\"og:image:width\" content=\"800\" \/>\n\t<meta property=\"og:image:height\" content=\"800\" \/>\n\t<meta property=\"og:image:type\" content=\"image\/jpeg\" \/>\n<meta name=\"twitter:card\" content=\"summary\" \/>\n<meta name=\"twitter:site\" content=\"@AlbycoNederland\" \/>\n<meta name=\"twitter:label1\" content=\"Dur\u00e9e de lecture estim\u00e9e\" \/>\n\t<meta name=\"twitter:data1\" content=\"1 minute\" \/>\n<script type=\"application\/ld+json\" class=\"yoast-schema-graph\">{\"@context\":\"https:\/\/schema.org\",\"@graph\":[{\"@type\":\"Organization\",\"@id\":\"https:\/\/www.albyco.com\/#organization\",\"name\":\"Albyco Nederland B.V.\",\"url\":\"https:\/\/www.albyco.com\/\",\"sameAs\":[\"https:\/\/www.linkedin.com\/company\/18015670\/\",\"https:\/\/www.youtube.com\/user\/AlbycoNederland\",\"https:\/\/nl.pinterest.com\/albyco\",\"https:\/\/twitter.com\/AlbycoNederland\"],\"logo\":{\"@type\":\"ImageObject\",\"@id\":\"https:\/\/www.albyco.com\/#logo\",\"inLanguage\":\"fr-FR\",\"url\":\"https:\/\/www.albyco.com\/wp-content\/uploads\/2017\/07\/albyco_logo_hd.png\",\"contentUrl\":\"https:\/\/www.albyco.com\/wp-content\/uploads\/2017\/07\/albyco_logo_hd.png\",\"width\":300,\"height\":300,\"caption\":\"Albyco Nederland B.V.\"},\"image\":{\"@id\":\"https:\/\/www.albyco.com\/#logo\"}},{\"@type\":\"WebSite\",\"@id\":\"https:\/\/www.albyco.com\/#website\",\"url\":\"https:\/\/www.albyco.com\/\",\"name\":\"Albyco\",\"description\":\"Leverancier voor nabewerking van geprinte media\",\"publisher\":{\"@id\":\"https:\/\/www.albyco.com\/#organization\"},\"potentialAction\":[{\"@type\":\"SearchAction\",\"target\":{\"@type\":\"EntryPoint\",\"urlTemplate\":\"https:\/\/www.albyco.com\/?s={search_term_string}\"},\"query-input\":\"required name=search_term_string\"}],\"inLanguage\":\"fr-FR\"},{\"@type\":\"ImageObject\",\"@id\":\"https:\/\/www.albyco.com\/fr\/produit\/albyco-500eu-pour-les-livres-squarefold\/#primaryimage\",\"inLanguage\":\"fr-FR\",\"url\":\"https:\/\/www.albyco.com\/wp-content\/uploads\/2017\/06\/albyco-albyco-500eu-hechtvouwmachine-met-squarefold_ALB500EUSQUARE.jpg\",\"contentUrl\":\"https:\/\/www.albyco.com\/wp-content\/uploads\/2017\/06\/albyco-albyco-500eu-hechtvouwmachine-met-squarefold_ALB500EUSQUARE.jpg\",\"width\":800,\"height\":800,\"caption\":\"Albyco 500EU pour les livres\u00a0SquareFold\"},{\"@type\":\"WebPage\",\"@id\":\"https:\/\/www.albyco.com\/fr\/produit\/albyco-500eu-pour-les-livres-squarefold\/#webpage\",\"url\":\"https:\/\/www.albyco.com\/fr\/produit\/albyco-500eu-pour-les-livres-squarefold\/\",\"name\":\"Albyco 500EU pour les livres\u00a0SquareFold - Albyco\",\"isPartOf\":{\"@id\":\"https:\/\/www.albyco.com\/#website\"},\"primaryImageOfPage\":{\"@id\":\"https:\/\/www.albyco.com\/fr\/produit\/albyco-500eu-pour-les-livres-squarefold\/#primaryimage\"},\"datePublished\":\"2017-07-06T12:06:40+00:00\",\"dateModified\":\"2021-07-09T12:15:23+00:00\",\"description\":\"La machine\u00a0 Albyco 500EU est le premier mod\u00e8le de table \u00e0 livres pour les livres SquareFold. L`Agrafeuse plieuse plie, agrafe et presse un squarefold en une seule fois.\",\"breadcrumb\":{\"@id\":\"https:\/\/www.albyco.com\/fr\/produit\/albyco-500eu-pour-les-livres-squarefold\/#breadcrumb\"},\"inLanguage\":\"fr-FR\",\"potentialAction\":[{\"@type\":\"ReadAction\",\"target\":[\"https:\/\/www.albyco.com\/fr\/produit\/albyco-500eu-pour-les-livres-squarefold\/\"]}]},{\"@type\":\"BreadcrumbList\",\"@id\":\"https:\/\/www.albyco.com\/fr\/produit\/albyco-500eu-pour-les-livres-squarefold\/#breadcrumb\",\"itemListElement\":[{\"@type\":\"ListItem\",\"position\":1,\"name\":\"Home\",\"item\":\"https:\/\/www.albyco.com\/fr\/\"},{\"@type\":\"ListItem\",\"position\":2,\"name\":\"Les produits\",\"item\":\"https:\/\/www.albyco.com\/fr\/producten\/\"},{\"@type\":\"ListItem\",\"position\":3,\"name\":\"Albyco 500EU pour les livres\u00a0SquareFold\"}]}]}<\/script>\n<!-- \/ Yoast SEO plugin. -->","yoast_head_json":{"title":"Albyco 500EU pour les livres\u00a0SquareFold - Albyco","description":"La machine\u00a0 Albyco 500EU est le premier mod\u00e8le de table \u00e0 livres pour les livres SquareFold. L`Agrafeuse plieuse plie, agrafe et presse un squarefold en une seule fois.","robots":{"index":"index","follow":"follow","max-snippet":"max-snippet:-1","max-image-preview":"max-image-preview:large","max-video-preview":"max-video-preview:-1"},"canonical":"https:\/\/www.albyco.com\/fr\/produit\/albyco-500eu-pour-les-livres-squarefold\/","og_locale":"fr_FR","og_type":"article","og_title":"Albyco 500EU pour les livres\u00a0SquareFold - Albyco","og_description":"La machine\u00a0 Albyco 500EU est le premier mod\u00e8le de table \u00e0 livres pour les livres SquareFold. L`Agrafeuse plieuse plie, agrafe et presse un squarefold en une seule fois.","og_url":"https:\/\/www.albyco.com\/fr\/produit\/albyco-500eu-pour-les-livres-squarefold\/","og_site_name":"Albyco","article_modified_time":"2021-07-09T12:15:23+00:00","og_image":[{"width":800,"height":800,"url":"https:\/\/www.albyco.com\/wp-content\/uploads\/2017\/06\/albyco-albyco-500eu-hechtvouwmachine-met-squarefold_ALB500EUSQUARE.jpg","type":"image\/jpeg"}],"twitter_card":"summary","twitter_site":"@AlbycoNederland","twitter_misc":{"Dur\u00e9e de lecture estim\u00e9e":"1 minute"},"schema":{"@context":"https:\/\/schema.org","@graph":[{"@type":"Organization","@id":"https:\/\/www.albyco.com\/#organization","name":"Albyco Nederland B.V.","url":"https:\/\/www.albyco.com\/","sameAs":["https:\/\/www.linkedin.com\/company\/18015670\/","https:\/\/www.youtube.com\/user\/AlbycoNederland","https:\/\/nl.pinterest.com\/albyco","https:\/\/twitter.com\/AlbycoNederland"],"logo":{"@type":"ImageObject","@id":"https:\/\/www.albyco.com\/#logo","inLanguage":"fr-FR","url":"https:\/\/www.albyco.com\/wp-content\/uploads\/2017\/07\/albyco_logo_hd.png","contentUrl":"https:\/\/www.albyco.com\/wp-content\/uploads\/2017\/07\/albyco_logo_hd.png","width":300,"height":300,"caption":"Albyco Nederland B.V."},"image":{"@id":"https:\/\/www.albyco.com\/#logo"}},{"@type":"WebSite","@id":"https:\/\/www.albyco.com\/#website","url":"https:\/\/www.albyco.com\/","name":"Albyco","description":"Leverancier voor nabewerking van geprinte media","publisher":{"@id":"https:\/\/www.albyco.com\/#organization"},"potentialAction":[{"@type":"SearchAction","target":{"@type":"EntryPoint","urlTemplate":"https:\/\/www.albyco.com\/?s={search_term_string}"},"query-input":"required name=search_term_string"}],"inLanguage":"fr-FR"},{"@type":"ImageObject","@id":"https:\/\/www.albyco.com\/fr\/produit\/albyco-500eu-pour-les-livres-squarefold\/#primaryimage","inLanguage":"fr-FR","url":"https:\/\/www.albyco.com\/wp-content\/uploads\/2017\/06\/albyco-albyco-500eu-hechtvouwmachine-met-squarefold_ALB500EUSQUARE.jpg","contentUrl":"https:\/\/www.albyco.com\/wp-content\/uploads\/2017\/06\/albyco-albyco-500eu-hechtvouwmachine-met-squarefold_ALB500EUSQUARE.jpg","width":800,"height":800,"caption":"Albyco 500EU pour les livres\u00a0SquareFold"},{"@type":"WebPage","@id":"https:\/\/www.albyco.com\/fr\/produit\/albyco-500eu-pour-les-livres-squarefold\/#webpage","url":"https:\/\/www.albyco.com\/fr\/produit\/albyco-500eu-pour-les-livres-squarefold\/","name":"Albyco 500EU pour les livres\u00a0SquareFold - Albyco","isPartOf":{"@id":"https:\/\/www.albyco.com\/#website"},"primaryImageOfPage":{"@id":"https:\/\/www.albyco.com\/fr\/produit\/albyco-500eu-pour-les-livres-squarefold\/#primaryimage"},"datePublished":"2017-07-06T12:06:40+00:00","dateModified":"2021-07-09T12:15:23+00:00","description":"La machine\u00a0 Albyco 500EU est le premier mod\u00e8le de table \u00e0 livres pour les livres SquareFold. L`Agrafeuse plieuse plie, agrafe et presse un squarefold en une seule fois.","breadcrumb":{"@id":"https:\/\/www.albyco.com\/fr\/produit\/albyco-500eu-pour-les-livres-squarefold\/#breadcrumb"},"inLanguage":"fr-FR","potentialAction":[{"@type":"ReadAction","target":["https:\/\/www.albyco.com\/fr\/produit\/albyco-500eu-pour-les-livres-squarefold\/"]}]},{"@type":"BreadcrumbList","@id":"https:\/\/www.albyco.com\/fr\/produit\/albyco-500eu-pour-les-livres-squarefold\/#breadcrumb","itemListElement":[{"@type":"ListItem","position":1,"name":"Home","item":"https:\/\/www.albyco.com\/fr\/"},{"@type":"ListItem","position":2,"name":"Les produits","item":"https:\/\/www.albyco.com\/fr\/producten\/"},{"@type":"ListItem","position":3,"name":"Albyco 500EU pour les livres\u00a0SquareFold"}]}]}},"_links":{"self":[{"href":"https:\/\/www.albyco.com\/fr\/wp-json\/wp\/v2\/product\/9464"}],"collection":[{"href":"https:\/\/www.albyco.com\/fr\/wp-json\/wp\/v2\/product"}],"about":[{"href":"https:\/\/www.albyco.com\/fr\/wp-json\/wp\/v2\/types\/product"}],"replies":[{"embeddable":true,"href":"https:\/\/www.albyco.com\/fr\/wp-json\/wp\/v2\/comments?post=9464"}],"wp:featuredmedia":[{"embeddable":true,"href":"https:\/\/www.albyco.com\/fr\/wp-json\/wp\/v2\/media\/7940"}],"wp:attachment":[{"href":"https:\/\/www.albyco.com\/fr\/wp-json\/wp\/v2\/media?parent=9464"}],"wp:term":[{"taxonomy":"product_cat","embeddable":true,"href":"https:\/\/www.albyco.com\/fr\/wp-json\/wp\/v2\/product_cat?post=9464"},{"taxonomy":"product_tag","embeddable":true,"href":"https:\/\/www.albyco.com\/fr\/wp-json\/wp\/v2\/product_tag?post=9464"}],"curies":[{"name":"wp","href":"https:\/\/api.w.org\/{rel}","templated":true}]}}