{"id":43944,"date":"2026-03-31T14:05:10","date_gmt":"2026-04-01T09:30:20","guid":{"rendered":"https:\/\/www.albyco.com\/product\/rouleaux-de-plastification-pour-machines-thinklam-conformes-aux-bpf\/"},"modified":"2026-04-01T11:30:20","modified_gmt":"2026-04-01T09:30:20","slug":"lamineerrollen-voor-gmp-thinklam-machines-2","status":"publish","type":"product","link":"https:\/\/www.albyco.com\/fr\/produit\/lamineerrollen-voor-gmp-thinklam-machines-2\/","title":{"rendered":"Rouleaux de plastification pour machines Thinklam conformes aux BPF"},"content":{"rendered":"<strong>Rouleaux de plastification pour machines Thinklam conformes aux BPF<\/strong>\n<p class=\"p1\">Film sp\u00e9cialement con\u00e7u pour la machine enti\u00e8rement automatique GMP Thinklam, enroul\u00e9 sur des mandrins sp\u00e9ciaux, par exemple pour reconna\u00eetre l&#8217;\u00e9paisseur du film.<\/p>","protected":false},"excerpt":{"rendered":"<p><strong>Rouleaux de plastification pour machines Thinklam<\/strong><\/p>\n","protected":false},"featured_media":7666,"comment_status":"closed","ping_status":"closed","template":"","meta":[],"product_cat":[2945,3023],"product_tag":[],"yoast_head":"<!-- This site is optimized with the Yoast SEO plugin v18.6 - https:\/\/yoast.com\/wordpress\/plugins\/seo\/ -->\n<title>Rouleaux de plastification pour machines Thinklam conformes aux BPF - Albyco<\/title>\n<meta name=\"description\" content=\"Rouleaux de plastification pour machines Thinklam\" \/>\n<meta name=\"robots\" content=\"index, follow, max-snippet:-1, max-image-preview:large, max-video-preview:-1\" \/>\n<link rel=\"canonical\" href=\"https:\/\/www.albyco.com\/fr\/produit\/rouleaux-de-plastification-pour-machines-thinklam-conformes-aux-bpf\/\" \/>\n<meta property=\"og:locale\" content=\"fr_FR\" \/>\n<meta property=\"og:type\" content=\"article\" \/>\n<meta property=\"og:title\" content=\"Rouleaux de plastification pour machines Thinklam conformes aux BPF - Albyco\" \/>\n<meta property=\"og:description\" content=\"Rouleaux de plastification pour machines Thinklam\" \/>\n<meta property=\"og:url\" content=\"https:\/\/www.albyco.com\/fr\/produit\/rouleaux-de-plastification-pour-machines-thinklam-conformes-aux-bpf\/\" \/>\n<meta property=\"og:site_name\" content=\"Albyco\" \/>\n<meta property=\"og:image\" content=\"https:\/\/www.albyco.com\/wp-content\/uploads\/2017\/06\/gmp-gmp-lamineerrollen-imagecare_LR500305A0203.jpg\" \/>\n\t<meta property=\"og:image:width\" content=\"1000\" \/>\n\t<meta property=\"og:image:height\" content=\"1000\" \/>\n\t<meta property=\"og:image:type\" content=\"image\/jpeg\" \/>\n<meta name=\"twitter:card\" content=\"summary\" \/>\n<meta name=\"twitter:site\" content=\"@AlbycoNederland\" \/>\n<script type=\"application\/ld+json\" class=\"yoast-schema-graph\">{\"@context\":\"https:\/\/schema.org\",\"@graph\":[{\"@type\":\"Organization\",\"@id\":\"https:\/\/www.albyco.com\/#organization\",\"name\":\"Albyco Nederland B.V.\",\"url\":\"https:\/\/www.albyco.com\/\",\"sameAs\":[\"https:\/\/www.linkedin.com\/company\/18015670\/\",\"https:\/\/www.youtube.com\/user\/AlbycoNederland\",\"https:\/\/nl.pinterest.com\/albyco\",\"https:\/\/twitter.com\/AlbycoNederland\"],\"logo\":{\"@type\":\"ImageObject\",\"@id\":\"https:\/\/www.albyco.com\/#logo\",\"inLanguage\":\"fr-FR\",\"url\":\"https:\/\/www.albyco.com\/wp-content\/uploads\/2017\/07\/albyco_logo_hd.png\",\"contentUrl\":\"https:\/\/www.albyco.com\/wp-content\/uploads\/2017\/07\/albyco_logo_hd.png\",\"width\":300,\"height\":300,\"caption\":\"Albyco Nederland B.V.\"},\"image\":{\"@id\":\"https:\/\/www.albyco.com\/#logo\"}},{\"@type\":\"WebSite\",\"@id\":\"https:\/\/www.albyco.com\/#website\",\"url\":\"https:\/\/www.albyco.com\/\",\"name\":\"Albyco\",\"description\":\"Leverancier voor nabewerking van geprinte media\",\"publisher\":{\"@id\":\"https:\/\/www.albyco.com\/#organization\"},\"potentialAction\":[{\"@type\":\"SearchAction\",\"target\":{\"@type\":\"EntryPoint\",\"urlTemplate\":\"https:\/\/www.albyco.com\/?s={search_term_string}\"},\"query-input\":\"required name=search_term_string\"}],\"inLanguage\":\"fr-FR\"},{\"@type\":\"ImageObject\",\"@id\":\"https:\/\/www.albyco.com\/fr\/produit\/rouleaux-de-plastification-pour-machines-thinklam-conformes-aux-bpf\/#primaryimage\",\"inLanguage\":\"fr-FR\",\"url\":\"https:\/\/www.albyco.com\/wp-content\/uploads\/2017\/06\/gmp-gmp-lamineerrollen-imagecare_LR500305A0203.jpg\",\"contentUrl\":\"https:\/\/www.albyco.com\/wp-content\/uploads\/2017\/06\/gmp-gmp-lamineerrollen-imagecare_LR500305A0203.jpg\",\"width\":1000,\"height\":1000,\"caption\":\"Rouleaux de plastification pour la\u00a0plastifieuse GMP ImageCare\"},{\"@type\":\"WebPage\",\"@id\":\"https:\/\/www.albyco.com\/fr\/produit\/rouleaux-de-plastification-pour-machines-thinklam-conformes-aux-bpf\/#webpage\",\"url\":\"https:\/\/www.albyco.com\/fr\/produit\/rouleaux-de-plastification-pour-machines-thinklam-conformes-aux-bpf\/\",\"name\":\"Rouleaux de plastification pour machines Thinklam conformes aux BPF - Albyco\",\"isPartOf\":{\"@id\":\"https:\/\/www.albyco.com\/#website\"},\"primaryImageOfPage\":{\"@id\":\"https:\/\/www.albyco.com\/fr\/produit\/rouleaux-de-plastification-pour-machines-thinklam-conformes-aux-bpf\/#primaryimage\"},\"datePublished\":\"2026-04-01T09:30:20+00:00\",\"dateModified\":\"2026-04-01T09:30:20+00:00\",\"description\":\"Rouleaux de plastification pour machines Thinklam\",\"breadcrumb\":{\"@id\":\"https:\/\/www.albyco.com\/fr\/produit\/rouleaux-de-plastification-pour-machines-thinklam-conformes-aux-bpf\/#breadcrumb\"},\"inLanguage\":\"fr-FR\",\"potentialAction\":[{\"@type\":\"ReadAction\",\"target\":[\"https:\/\/www.albyco.com\/fr\/produit\/rouleaux-de-plastification-pour-machines-thinklam-conformes-aux-bpf\/\"]}]},{\"@type\":\"BreadcrumbList\",\"@id\":\"https:\/\/www.albyco.com\/fr\/produit\/rouleaux-de-plastification-pour-machines-thinklam-conformes-aux-bpf\/#breadcrumb\",\"itemListElement\":[{\"@type\":\"ListItem\",\"position\":1,\"name\":\"Home\",\"item\":\"https:\/\/www.albyco.com\/fr\/\"},{\"@type\":\"ListItem\",\"position\":2,\"name\":\"Les produits\",\"item\":\"https:\/\/www.albyco.com\/fr\/producten\/\"},{\"@type\":\"ListItem\",\"position\":3,\"name\":\"Rouleaux de plastification pour machines Thinklam conformes aux BPF\"}]}]}<\/script>\n<!-- \/ Yoast SEO plugin. -->","yoast_head_json":{"title":"Rouleaux de plastification pour machines Thinklam conformes aux BPF - Albyco","description":"Rouleaux de plastification pour machines Thinklam","robots":{"index":"index","follow":"follow","max-snippet":"max-snippet:-1","max-image-preview":"max-image-preview:large","max-video-preview":"max-video-preview:-1"},"canonical":"https:\/\/www.albyco.com\/fr\/produit\/rouleaux-de-plastification-pour-machines-thinklam-conformes-aux-bpf\/","og_locale":"fr_FR","og_type":"article","og_title":"Rouleaux de plastification pour machines Thinklam conformes aux BPF - Albyco","og_description":"Rouleaux de plastification pour machines Thinklam","og_url":"https:\/\/www.albyco.com\/fr\/produit\/rouleaux-de-plastification-pour-machines-thinklam-conformes-aux-bpf\/","og_site_name":"Albyco","og_image":[{"width":1000,"height":1000,"url":"https:\/\/www.albyco.com\/wp-content\/uploads\/2017\/06\/gmp-gmp-lamineerrollen-imagecare_LR500305A0203.jpg","type":"image\/jpeg"}],"twitter_card":"summary","twitter_site":"@AlbycoNederland","schema":{"@context":"https:\/\/schema.org","@graph":[{"@type":"Organization","@id":"https:\/\/www.albyco.com\/#organization","name":"Albyco Nederland B.V.","url":"https:\/\/www.albyco.com\/","sameAs":["https:\/\/www.linkedin.com\/company\/18015670\/","https:\/\/www.youtube.com\/user\/AlbycoNederland","https:\/\/nl.pinterest.com\/albyco","https:\/\/twitter.com\/AlbycoNederland"],"logo":{"@type":"ImageObject","@id":"https:\/\/www.albyco.com\/#logo","inLanguage":"fr-FR","url":"https:\/\/www.albyco.com\/wp-content\/uploads\/2017\/07\/albyco_logo_hd.png","contentUrl":"https:\/\/www.albyco.com\/wp-content\/uploads\/2017\/07\/albyco_logo_hd.png","width":300,"height":300,"caption":"Albyco Nederland B.V."},"image":{"@id":"https:\/\/www.albyco.com\/#logo"}},{"@type":"WebSite","@id":"https:\/\/www.albyco.com\/#website","url":"https:\/\/www.albyco.com\/","name":"Albyco","description":"Leverancier voor nabewerking van geprinte media","publisher":{"@id":"https:\/\/www.albyco.com\/#organization"},"potentialAction":[{"@type":"SearchAction","target":{"@type":"EntryPoint","urlTemplate":"https:\/\/www.albyco.com\/?s={search_term_string}"},"query-input":"required name=search_term_string"}],"inLanguage":"fr-FR"},{"@type":"ImageObject","@id":"https:\/\/www.albyco.com\/fr\/produit\/rouleaux-de-plastification-pour-machines-thinklam-conformes-aux-bpf\/#primaryimage","inLanguage":"fr-FR","url":"https:\/\/www.albyco.com\/wp-content\/uploads\/2017\/06\/gmp-gmp-lamineerrollen-imagecare_LR500305A0203.jpg","contentUrl":"https:\/\/www.albyco.com\/wp-content\/uploads\/2017\/06\/gmp-gmp-lamineerrollen-imagecare_LR500305A0203.jpg","width":1000,"height":1000,"caption":"Rouleaux de plastification pour la\u00a0plastifieuse GMP ImageCare"},{"@type":"WebPage","@id":"https:\/\/www.albyco.com\/fr\/produit\/rouleaux-de-plastification-pour-machines-thinklam-conformes-aux-bpf\/#webpage","url":"https:\/\/www.albyco.com\/fr\/produit\/rouleaux-de-plastification-pour-machines-thinklam-conformes-aux-bpf\/","name":"Rouleaux de plastification pour machines Thinklam conformes aux BPF - Albyco","isPartOf":{"@id":"https:\/\/www.albyco.com\/#website"},"primaryImageOfPage":{"@id":"https:\/\/www.albyco.com\/fr\/produit\/rouleaux-de-plastification-pour-machines-thinklam-conformes-aux-bpf\/#primaryimage"},"datePublished":"2026-04-01T09:30:20+00:00","dateModified":"2026-04-01T09:30:20+00:00","description":"Rouleaux de plastification pour machines Thinklam","breadcrumb":{"@id":"https:\/\/www.albyco.com\/fr\/produit\/rouleaux-de-plastification-pour-machines-thinklam-conformes-aux-bpf\/#breadcrumb"},"inLanguage":"fr-FR","potentialAction":[{"@type":"ReadAction","target":["https:\/\/www.albyco.com\/fr\/produit\/rouleaux-de-plastification-pour-machines-thinklam-conformes-aux-bpf\/"]}]},{"@type":"BreadcrumbList","@id":"https:\/\/www.albyco.com\/fr\/produit\/rouleaux-de-plastification-pour-machines-thinklam-conformes-aux-bpf\/#breadcrumb","itemListElement":[{"@type":"ListItem","position":1,"name":"Home","item":"https:\/\/www.albyco.com\/fr\/"},{"@type":"ListItem","position":2,"name":"Les produits","item":"https:\/\/www.albyco.com\/fr\/producten\/"},{"@type":"ListItem","position":3,"name":"Rouleaux de plastification pour machines Thinklam conformes aux BPF"}]}]}},"_links":{"self":[{"href":"https:\/\/www.albyco.com\/fr\/wp-json\/wp\/v2\/product\/43944"}],"collection":[{"href":"https:\/\/www.albyco.com\/fr\/wp-json\/wp\/v2\/product"}],"about":[{"href":"https:\/\/www.albyco.com\/fr\/wp-json\/wp\/v2\/types\/product"}],"replies":[{"embeddable":true,"href":"https:\/\/www.albyco.com\/fr\/wp-json\/wp\/v2\/comments?post=43944"}],"wp:featuredmedia":[{"embeddable":true,"href":"https:\/\/www.albyco.com\/fr\/wp-json\/wp\/v2\/media\/7666"}],"wp:attachment":[{"href":"https:\/\/www.albyco.com\/fr\/wp-json\/wp\/v2\/media?parent=43944"}],"wp:term":[{"taxonomy":"product_cat","embeddable":true,"href":"https:\/\/www.albyco.com\/fr\/wp-json\/wp\/v2\/product_cat?post=43944"},{"taxonomy":"product_tag","embeddable":true,"href":"https:\/\/www.albyco.com\/fr\/wp-json\/wp\/v2\/product_tag?post=43944"}],"curies":[{"name":"wp","href":"https:\/\/api.w.org\/{rel}","templated":true}]}}