{"id":43583,"date":"2025-11-19T15:17:48","date_gmt":"2026-02-26T10:55:09","guid":{"rendered":"https:\/\/www.albyco.com\/?post_type=product&#038;p=43583"},"modified":"2026-02-26T13:14:10","modified_gmt":"2026-02-26T12:14:10","slug":"albyco-c-73-massicot-electrique","status":"publish","type":"product","link":"https:\/\/www.albyco.com\/fr\/produit\/albyco-c-73-massicot-electrique\/","title":{"rendered":"Albyco C 73 \u2013 Massicot \u00e9lectrique"},"content":{"rendered":"<table style=\"width: 100%; border-collapse: collapse;\" border=\"0\">\r\n<tbody>\r\n<tr>\r\n<td style=\"width: 50%;\">\n\n<strong>La solution id\u00e9ale pour tous les flux de production<\/strong>\r\n\r\nL&#8217;Albyco C 73 est une massicot \u00e9lectrique robuste, parfaite pour les professionnels exigeant pr\u00e9cision et efficacit\u00e9. Avec une longueur de coupe de 73 cm et une hauteur de pile de 10 cm, associ\u00e9es \u00e0 un \u00e9cran tactile intuitif, cette machine offre des performances optimales dans tous les environnements de production.<\/td>\r\n<td style=\"width: 50%; text-align: center;\"><div class=\"epyt-video-wrapper\"><iframe  id=\"_ytid_88775\"  width=\"800\" height=\"450\"  data-origwidth=\"800\" data-origheight=\"450\"  data-relstop=\"1\" src=\"https:\/\/www.youtube.com\/embed\/zxdT15wYzRs\">https:\/\/www.youtube.com\/watch?enablejsapi=1&autoplay=0&cc_load_policy=0&iv_load_policy=1&loop=0&modestbranding=0&fs=1&playsinline=1&controls=1&color=red&cc_lang_pref=&rel=0&autohide=2&theme=dark&\" class=\"__youtube_prefs__  no-lazyload\" title=\"YouTube player\"  allow=\"accelerometer; autoplay; clipboard-write; encrypted-media; gyroscope; picture-in-picture\" allowfullscreen data-no-lazy=\"1\" data-skipgform_ajax_framebjll=\"\"><\/iframe><\/div><\/td>\r\n<\/tr>\r\n<\/tbody>\r\n<\/table>\r\n<strong>Caract\u00e9ristiques principales :<\/strong>\r\n<table style=\"width: 100%; border-collapse: collapse;\" border=\"0\">\r\n<tbody>\r\n<tr>\r\n<td style=\"width: 100%; background-color: #ffffff;\">L&#8217;Albyco C 73 est \u00e9quip\u00e9e d&#8217;un \u00e9cran LCD couleur de 7 pouces avec pav\u00e9 tactile, permettant de configurer et d&#8217;enregistrer jusqu&#8217;\u00e0 100 programmes, chacun comportant jusqu&#8217;\u00e0 100 \u00e9tapes. La machine dispose d&#8217;un entra\u00eenement de lame \u00e9lectrom\u00e9canique et d&#8217;une barre de pression avec r\u00e9gulation de pression, ainsi que d&#8217;une but\u00e9e arri\u00e8re \u00e9lectrom\u00e9canique pour un positionnement pr\u00e9cis. L&#8217;indicateur de ligne de coupe laser garantit des d\u00e9coupes parfaitement align\u00e9es, tandis qu&#8217;une table \u00e0 air (en option) permet de traiter le recto et le verso du support. Le micro-r\u00e9glage manuel de la but\u00e9e arri\u00e8re assure une pr\u00e9cision maximale, et la p\u00e9dale facilite le pr\u00e9-pressage.<\/td>\r\n<\/tr>\r\n<tr>\r\n<td style=\"width: 100%; background-color: #ffffff;\">L&#8217;Albyco C 73 offre des fonctions de s\u00e9curit\u00e9 compl\u00e8tes telles que la protection par ligne de lumi\u00e8re infrarouge, la surveillance de la position de la lame et un verrouillage de s\u00e9curit\u00e9. De plus, la machine est livr\u00e9e de s\u00e9rie avec une protection de barre de pression, id\u00e9ale pour travailler avec des papiers d\u00e9licats.<\/td>\r\n<\/tr>\r\n<\/tbody>\r\n<\/table>\r\n&nbsp;\r\n<table style=\"width: 100%; border-collapse: collapse;\" border=\"0\">\r\n<tbody>\r\n<tr style=\"height: 355px;\">\r\n<td style=\"width: 50%; height: 355px;\">\r\n<h3 data-start=\"1585\" data-end=\"1643\"><span style=\"font-size: 16px; font-weight: 400;\">Fonctionnalit\u00e9s du programme pour une efficacit\u00e9 maximale<\/span><\/h3>\r\n<p data-start=\"1644\" data-end=\"1802\">L&#8217;Albyco C 73 est \u00e9quip\u00e9e d&#8217;un panneau de commande couleur IHM industriel de 7 pouces et d&#8217;un logiciel sp\u00e9cial permettant de configurer et d&#8217;enregistrer facilement les programmes.:<\/p>\r\n\r\n<ul data-start=\"1803\" data-end=\"2271\">\r\n \t<li data-start=\"1803\" data-end=\"1837\">Pr\u00e9cision jusqu&#8217;\u00e0 0,01 mm<\/li>\r\n \t<li data-start=\"1803\" data-end=\"1837\">Cr\u00e9ation de programmes selon le principe \u00ab\u00a0d\u00e9coupe \u2013 m\u00e9morisation de la mesure\u00a0\u00bb<\/li>\r\n \t<li data-start=\"1803\" data-end=\"1837\">M\u00e9moire de 100 programmes, chacun comportant 100 \u00e9tapes<\/li>\r\n \t<li data-start=\"1803\" data-end=\"1837\">Programme sp\u00e9cial pour la d\u00e9coupe de bandes et de cartes de visite<\/li>\r\n \t<li data-start=\"1803\" data-end=\"1837\">D\u00e9bit d&#8217;air programmable par \u00e9tape<\/li>\r\n \t<li data-start=\"1803\" data-end=\"1837\">Fonction calculatrice et compteur de coupes avec remise \u00e0 z\u00e9ro<\/li>\r\n \t<li data-start=\"1803\" data-end=\"1837\">Fonction d&#8217;autodiagnostic pour un fonctionnement optimal des \u00e9l\u00e9ments de la machine<\/li>\r\n \t<li data-start=\"1803\" data-end=\"1837\">Activation de la table \u00e0 air et du mode de changement de lame par programme<\/li>\r\n<\/ul>\r\n<\/td>\r\n<td style=\"width: 50%; text-align: center; height: 355px;\">L&#8217;Albyco C 73 combine pr\u00e9cision, s\u00e9curit\u00e9 et facilit\u00e9 d&#8217;utilisation dans une machine professionnelle, id\u00e9ale pour les imprimeurs, les centres de reprographie et autres environnements de production o\u00f9 qualit\u00e9 et rapidit\u00e9 vont de pair.<\/td>\r\n<\/tr>\r\n<\/tbody>\r\n<\/table>\r\n&nbsp;\r\n\r\n<a href=\"https:\/\/www.albyco.com\/fr\/contactez-nous\/\"><img loading=\"lazy\" class=\"alignnone size-full wp-image-11217\" src=\"https:\/\/www.albyco.com\/wp-content\/uploads\/2018\/02\/CTA-Albyco-fr.jpg\" alt=\"\" width=\"225\" height=\"141\" srcset=\"https:\/\/www.albyco.com\/wp-content\/uploads\/2018\/02\/CTA-Albyco-fr.jpg 225w, https:\/\/www.albyco.com\/wp-content\/uploads\/2018\/02\/CTA-Albyco-fr-100x63.jpg 100w, https:\/\/www.albyco.com\/wp-content\/uploads\/2018\/02\/CTA-Albyco-fr-24x15.jpg 24w, https:\/\/www.albyco.com\/wp-content\/uploads\/2018\/02\/CTA-Albyco-fr-36x23.jpg 36w, https:\/\/www.albyco.com\/wp-content\/uploads\/2018\/02\/CTA-Albyco-fr-48x30.jpg 48w\" sizes=\"(max-width: 225px) 100vw, 225px\" \/><\/a>","protected":false},"excerpt":{"rendered":"<p>L&#8217;Albyco C 73 est une massicot \u00e9lectrique robuste, parfaite pour les professionnels exigeant pr\u00e9cision et efficacit\u00e9. Avec une longueur de coupe de 73 cm et une hauteur de pile de 10 cm, associ\u00e9es \u00e0 un \u00e9cran tactile intuitif, cette machine offre des performances optimales dans tous les environnements de production.<\/p>\n","protected":false},"featured_media":43342,"comment_status":"closed","ping_status":"closed","template":"","meta":[],"product_cat":[2300,2303],"product_tag":[],"yoast_head":"<!-- This site is optimized with the Yoast SEO plugin v18.6 - https:\/\/yoast.com\/wordpress\/plugins\/seo\/ -->\n<title>Albyco C 73 \u2013 Massicot \u00e9lectrique - Albyco<\/title>\n<meta name=\"description\" content=\"L&#039;Albyco C 73 est une massicot \u00e9lectrique robuste, parfaite pour les professionnels exigeant pr\u00e9cision et efficacit\u00e9. Avec une longueur de coupe de 73 cm et une hauteur de pile de 10 cm, associ\u00e9es \u00e0 un \u00e9cran tactile intuitif, cette machine offre des performances optimales dans tous les environnements de production.\" \/>\n<meta name=\"robots\" content=\"index, follow, max-snippet:-1, max-image-preview:large, max-video-preview:-1\" \/>\n<link rel=\"canonical\" href=\"https:\/\/www.albyco.com\/fr\/produit\/albyco-c-73-massicot-electrique\/\" \/>\n<meta property=\"og:locale\" content=\"fr_FR\" \/>\n<meta property=\"og:type\" content=\"article\" \/>\n<meta property=\"og:title\" content=\"Albyco C 73 \u2013 Massicot \u00e9lectrique - Albyco\" \/>\n<meta property=\"og:description\" content=\"L&#039;Albyco C 73 est une massicot \u00e9lectrique robuste, parfaite pour les professionnels exigeant pr\u00e9cision et efficacit\u00e9. Avec une longueur de coupe de 73 cm et une hauteur de pile de 10 cm, associ\u00e9es \u00e0 un \u00e9cran tactile intuitif, cette machine offre des performances optimales dans tous les environnements de production.\" \/>\n<meta property=\"og:url\" content=\"https:\/\/www.albyco.com\/fr\/produit\/albyco-c-73-massicot-electrique\/\" \/>\n<meta property=\"og:site_name\" content=\"Albyco\" \/>\n<meta property=\"article:modified_time\" content=\"2026-02-26T12:14:10+00:00\" \/>\n<meta property=\"og:image\" content=\"https:\/\/www.albyco.com\/wp-content\/uploads\/2025\/11\/G73E_side-view-scaled.jpg\" \/>\n\t<meta property=\"og:image:width\" content=\"2560\" \/>\n\t<meta property=\"og:image:height\" content=\"2079\" \/>\n\t<meta property=\"og:image:type\" content=\"image\/jpeg\" \/>\n<meta name=\"twitter:card\" content=\"summary\" \/>\n<meta name=\"twitter:site\" content=\"@AlbycoNederland\" \/>\n<meta name=\"twitter:label1\" content=\"Dur\u00e9e de lecture estim\u00e9e\" \/>\n\t<meta name=\"twitter:data1\" content=\"2 minutes\" \/>\n<script type=\"application\/ld+json\" class=\"yoast-schema-graph\">{\"@context\":\"https:\/\/schema.org\",\"@graph\":[{\"@type\":\"Organization\",\"@id\":\"https:\/\/www.albyco.com\/#organization\",\"name\":\"Albyco Nederland B.V.\",\"url\":\"https:\/\/www.albyco.com\/\",\"sameAs\":[\"https:\/\/www.linkedin.com\/company\/18015670\/\",\"https:\/\/www.youtube.com\/user\/AlbycoNederland\",\"https:\/\/nl.pinterest.com\/albyco\",\"https:\/\/twitter.com\/AlbycoNederland\"],\"logo\":{\"@type\":\"ImageObject\",\"@id\":\"https:\/\/www.albyco.com\/#logo\",\"inLanguage\":\"fr-FR\",\"url\":\"https:\/\/www.albyco.com\/wp-content\/uploads\/2017\/07\/albyco_logo_hd.png\",\"contentUrl\":\"https:\/\/www.albyco.com\/wp-content\/uploads\/2017\/07\/albyco_logo_hd.png\",\"width\":300,\"height\":300,\"caption\":\"Albyco Nederland B.V.\"},\"image\":{\"@id\":\"https:\/\/www.albyco.com\/#logo\"}},{\"@type\":\"WebSite\",\"@id\":\"https:\/\/www.albyco.com\/#website\",\"url\":\"https:\/\/www.albyco.com\/\",\"name\":\"Albyco\",\"description\":\"Leverancier voor nabewerking van geprinte media\",\"publisher\":{\"@id\":\"https:\/\/www.albyco.com\/#organization\"},\"potentialAction\":[{\"@type\":\"SearchAction\",\"target\":{\"@type\":\"EntryPoint\",\"urlTemplate\":\"https:\/\/www.albyco.com\/?s={search_term_string}\"},\"query-input\":\"required name=search_term_string\"}],\"inLanguage\":\"fr-FR\"},{\"@type\":\"ImageObject\",\"@id\":\"https:\/\/www.albyco.com\/fr\/produit\/albyco-c-73-massicot-electrique\/#primaryimage\",\"inLanguage\":\"fr-FR\",\"url\":\"https:\/\/www.albyco.com\/wp-content\/uploads\/2025\/11\/G73E_side-view-scaled.jpg\",\"contentUrl\":\"https:\/\/www.albyco.com\/wp-content\/uploads\/2025\/11\/G73E_side-view-scaled.jpg\",\"width\":2560,\"height\":2079},{\"@type\":\"WebPage\",\"@id\":\"https:\/\/www.albyco.com\/fr\/produit\/albyco-c-73-massicot-electrique\/#webpage\",\"url\":\"https:\/\/www.albyco.com\/fr\/produit\/albyco-c-73-massicot-electrique\/\",\"name\":\"Albyco C 73 \u2013 Massicot \u00e9lectrique - Albyco\",\"isPartOf\":{\"@id\":\"https:\/\/www.albyco.com\/#website\"},\"primaryImageOfPage\":{\"@id\":\"https:\/\/www.albyco.com\/fr\/produit\/albyco-c-73-massicot-electrique\/#primaryimage\"},\"datePublished\":\"2026-02-26T10:55:09+00:00\",\"dateModified\":\"2026-02-26T12:14:10+00:00\",\"description\":\"L'Albyco C 73 est une massicot \u00e9lectrique robuste, parfaite pour les professionnels exigeant pr\u00e9cision et efficacit\u00e9. Avec une longueur de coupe de 73 cm et une hauteur de pile de 10 cm, associ\u00e9es \u00e0 un \u00e9cran tactile intuitif, cette machine offre des performances optimales dans tous les environnements de production.\",\"breadcrumb\":{\"@id\":\"https:\/\/www.albyco.com\/fr\/produit\/albyco-c-73-massicot-electrique\/#breadcrumb\"},\"inLanguage\":\"fr-FR\",\"potentialAction\":[{\"@type\":\"ReadAction\",\"target\":[\"https:\/\/www.albyco.com\/fr\/produit\/albyco-c-73-massicot-electrique\/\"]}]},{\"@type\":\"BreadcrumbList\",\"@id\":\"https:\/\/www.albyco.com\/fr\/produit\/albyco-c-73-massicot-electrique\/#breadcrumb\",\"itemListElement\":[{\"@type\":\"ListItem\",\"position\":1,\"name\":\"Home\",\"item\":\"https:\/\/www.albyco.com\/fr\/\"},{\"@type\":\"ListItem\",\"position\":2,\"name\":\"Les produits\",\"item\":\"https:\/\/www.albyco.com\/fr\/producten\/\"},{\"@type\":\"ListItem\",\"position\":3,\"name\":\"Albyco C 73 \u2013 Massicot \u00e9lectrique\"}]}]}<\/script>\n<!-- \/ Yoast SEO plugin. -->","yoast_head_json":{"title":"Albyco C 73 \u2013 Massicot \u00e9lectrique - Albyco","description":"L'Albyco C 73 est une massicot \u00e9lectrique robuste, parfaite pour les professionnels exigeant pr\u00e9cision et efficacit\u00e9. Avec une longueur de coupe de 73 cm et une hauteur de pile de 10 cm, associ\u00e9es \u00e0 un \u00e9cran tactile intuitif, cette machine offre des performances optimales dans tous les environnements de production.","robots":{"index":"index","follow":"follow","max-snippet":"max-snippet:-1","max-image-preview":"max-image-preview:large","max-video-preview":"max-video-preview:-1"},"canonical":"https:\/\/www.albyco.com\/fr\/produit\/albyco-c-73-massicot-electrique\/","og_locale":"fr_FR","og_type":"article","og_title":"Albyco C 73 \u2013 Massicot \u00e9lectrique - Albyco","og_description":"L'Albyco C 73 est une massicot \u00e9lectrique robuste, parfaite pour les professionnels exigeant pr\u00e9cision et efficacit\u00e9. Avec une longueur de coupe de 73 cm et une hauteur de pile de 10 cm, associ\u00e9es \u00e0 un \u00e9cran tactile intuitif, cette machine offre des performances optimales dans tous les environnements de production.","og_url":"https:\/\/www.albyco.com\/fr\/produit\/albyco-c-73-massicot-electrique\/","og_site_name":"Albyco","article_modified_time":"2026-02-26T12:14:10+00:00","og_image":[{"width":2560,"height":2079,"url":"https:\/\/www.albyco.com\/wp-content\/uploads\/2025\/11\/G73E_side-view-scaled.jpg","type":"image\/jpeg"}],"twitter_card":"summary","twitter_site":"@AlbycoNederland","twitter_misc":{"Dur\u00e9e de lecture estim\u00e9e":"2 minutes"},"schema":{"@context":"https:\/\/schema.org","@graph":[{"@type":"Organization","@id":"https:\/\/www.albyco.com\/#organization","name":"Albyco Nederland B.V.","url":"https:\/\/www.albyco.com\/","sameAs":["https:\/\/www.linkedin.com\/company\/18015670\/","https:\/\/www.youtube.com\/user\/AlbycoNederland","https:\/\/nl.pinterest.com\/albyco","https:\/\/twitter.com\/AlbycoNederland"],"logo":{"@type":"ImageObject","@id":"https:\/\/www.albyco.com\/#logo","inLanguage":"fr-FR","url":"https:\/\/www.albyco.com\/wp-content\/uploads\/2017\/07\/albyco_logo_hd.png","contentUrl":"https:\/\/www.albyco.com\/wp-content\/uploads\/2017\/07\/albyco_logo_hd.png","width":300,"height":300,"caption":"Albyco Nederland B.V."},"image":{"@id":"https:\/\/www.albyco.com\/#logo"}},{"@type":"WebSite","@id":"https:\/\/www.albyco.com\/#website","url":"https:\/\/www.albyco.com\/","name":"Albyco","description":"Leverancier voor nabewerking van geprinte media","publisher":{"@id":"https:\/\/www.albyco.com\/#organization"},"potentialAction":[{"@type":"SearchAction","target":{"@type":"EntryPoint","urlTemplate":"https:\/\/www.albyco.com\/?s={search_term_string}"},"query-input":"required name=search_term_string"}],"inLanguage":"fr-FR"},{"@type":"ImageObject","@id":"https:\/\/www.albyco.com\/fr\/produit\/albyco-c-73-massicot-electrique\/#primaryimage","inLanguage":"fr-FR","url":"https:\/\/www.albyco.com\/wp-content\/uploads\/2025\/11\/G73E_side-view-scaled.jpg","contentUrl":"https:\/\/www.albyco.com\/wp-content\/uploads\/2025\/11\/G73E_side-view-scaled.jpg","width":2560,"height":2079},{"@type":"WebPage","@id":"https:\/\/www.albyco.com\/fr\/produit\/albyco-c-73-massicot-electrique\/#webpage","url":"https:\/\/www.albyco.com\/fr\/produit\/albyco-c-73-massicot-electrique\/","name":"Albyco C 73 \u2013 Massicot \u00e9lectrique - Albyco","isPartOf":{"@id":"https:\/\/www.albyco.com\/#website"},"primaryImageOfPage":{"@id":"https:\/\/www.albyco.com\/fr\/produit\/albyco-c-73-massicot-electrique\/#primaryimage"},"datePublished":"2026-02-26T10:55:09+00:00","dateModified":"2026-02-26T12:14:10+00:00","description":"L'Albyco C 73 est une massicot \u00e9lectrique robuste, parfaite pour les professionnels exigeant pr\u00e9cision et efficacit\u00e9. Avec une longueur de coupe de 73 cm et une hauteur de pile de 10 cm, associ\u00e9es \u00e0 un \u00e9cran tactile intuitif, cette machine offre des performances optimales dans tous les environnements de production.","breadcrumb":{"@id":"https:\/\/www.albyco.com\/fr\/produit\/albyco-c-73-massicot-electrique\/#breadcrumb"},"inLanguage":"fr-FR","potentialAction":[{"@type":"ReadAction","target":["https:\/\/www.albyco.com\/fr\/produit\/albyco-c-73-massicot-electrique\/"]}]},{"@type":"BreadcrumbList","@id":"https:\/\/www.albyco.com\/fr\/produit\/albyco-c-73-massicot-electrique\/#breadcrumb","itemListElement":[{"@type":"ListItem","position":1,"name":"Home","item":"https:\/\/www.albyco.com\/fr\/"},{"@type":"ListItem","position":2,"name":"Les produits","item":"https:\/\/www.albyco.com\/fr\/producten\/"},{"@type":"ListItem","position":3,"name":"Albyco C 73 \u2013 Massicot \u00e9lectrique"}]}]}},"_links":{"self":[{"href":"https:\/\/www.albyco.com\/fr\/wp-json\/wp\/v2\/product\/43583"}],"collection":[{"href":"https:\/\/www.albyco.com\/fr\/wp-json\/wp\/v2\/product"}],"about":[{"href":"https:\/\/www.albyco.com\/fr\/wp-json\/wp\/v2\/types\/product"}],"replies":[{"embeddable":true,"href":"https:\/\/www.albyco.com\/fr\/wp-json\/wp\/v2\/comments?post=43583"}],"wp:featuredmedia":[{"embeddable":true,"href":"https:\/\/www.albyco.com\/fr\/wp-json\/wp\/v2\/media\/43342"}],"wp:attachment":[{"href":"https:\/\/www.albyco.com\/fr\/wp-json\/wp\/v2\/media?parent=43583"}],"wp:term":[{"taxonomy":"product_cat","embeddable":true,"href":"https:\/\/www.albyco.com\/fr\/wp-json\/wp\/v2\/product_cat?post=43583"},{"taxonomy":"product_tag","embeddable":true,"href":"https:\/\/www.albyco.com\/fr\/wp-json\/wp\/v2\/product_tag?post=43583"}],"curies":[{"name":"wp","href":"https:\/\/api.w.org\/{rel}","templated":true}]}}