{"id":43578,"date":"2025-11-07T09:51:50","date_gmt":"2026-02-26T10:04:21","guid":{"rendered":"https:\/\/www.albyco.com\/?post_type=product&#038;p=43578"},"modified":"2026-02-26T13:12:12","modified_gmt":"2026-02-26T12:12:12","slug":"massicot-electrique-albyco-c52","status":"publish","type":"product","link":"https:\/\/www.albyco.com\/fr\/produit\/massicot-electrique-albyco-c52\/","title":{"rendered":"Massicot \u00e9lectrique Albyco C52"},"content":{"rendered":"<table style=\"width: 100%; border-collapse: collapse;\" border=\"0\">\r\n<tbody>\r\n<tr>\r\n<td style=\"width: 50%;\"><strong>L&#8217;Albyco C52<\/strong> est une massicot \u00e9lectrique d&#8217;une longueur de coupe maximale de 52 cm et d&#8217;une hauteur de coupe maximale de 80 mm. Elle se pilote via un \u00e9cran tactile et un automate programmable. La lame, la barre de pression et la but\u00e9e arri\u00e8re sont \u00e0 entra\u00eenement \u00e9lectrom\u00e9canique. L&#8217;Albyco C52 est \u00e9quip\u00e9e d&#8217;un syst\u00e8me de s\u00e9curit\u00e9 par ligne lumineuse, une solution id\u00e9ale pour les flux de production num\u00e9riques.<\/td>\r\n<td style=\"width: 50%; text-align: center;\"><div class=\"epyt-video-wrapper\"><iframe  id=\"_ytid_71370\"  width=\"800\" height=\"450\"  data-origwidth=\"800\" data-origheight=\"450\"  data-relstop=\"1\" src=\"https:\/\/www.youtube.com\/embed\/N0nLmGXrVXA?enablejsapi=1&autoplay=0&cc_load_policy=0&iv_load_policy=1&loop=0&modestbranding=0&fs=1&playsinline=1&controls=1&color=red&cc_lang_pref=&rel=0&autohide=2&theme=dark&\" class=\"__youtube_prefs__  no-lazyload\" title=\"YouTube player\"  allow=\"accelerometer; autoplay; clipboard-write; encrypted-media; gyroscope; picture-in-picture\" allowfullscreen data-no-lazy=\"1\" data-skipgform_ajax_framebjll=\"\"><\/iframe><\/div><\/td>\r\n<\/tr>\r\n<\/tbody>\r\n<\/table>\r\n<strong>Caract\u00e9ristiques principales :<\/strong>\r\n<table style=\"width: 100%; border-collapse: collapse;\" border=\"0\">\r\n<tbody>\r\n<tr>\r\n<td style=\"width: 100%; background-color: #ffffff;\">\u2022 Coupe jusqu&#8217;\u00e0 520 mm de large x 520 mm de profondeur<\/td>\r\n<\/tr>\r\n<tr>\r\n<td style=\"width: 100%; background-color: #ffffff;\">\u2022 Haute pr\u00e9cision de coupe : 0,1 mm avec une hauteur de coupe maximale de 80 mm<\/td>\r\n<\/tr>\r\n<tr>\r\n<td style=\"width: 100%; background-color: #ffffff;\">\u2022 Hauteur de coupe minimale de 25 mm (avec protection de la barre de pression de 40 mm de s\u00e9rie)<\/td>\r\n<\/tr>\r\n<tr>\r\n<td style=\"width: 100%; background-color: #ffffff;\">\u2022 \u00c9cran tactile programmable et commande par automate programmable (PLC)<\/td>\r\n<\/tr>\r\n<tr>\r\n<td style=\"width: 100%; background-color: #ffffff;\">\u2022 Lame, barre de pression et but\u00e9e arri\u00e8re \u00e9lectrom\u00e9caniques<\/td>\r\n<\/tr>\r\n<tr>\r\n<td style=\"width: 100%; background-color: #ffffff;\">\u2022 Pression de pression r\u00e9glable depuis l&#8217;\u00e9cran tactile<\/td>\r\n<\/tr>\r\n<tr>\r\n<td style=\"width: 100%; background-color: #ffffff;\">\u2022 Indicateur optique de ligne de coupe<\/td>\r\n<\/tr>\r\n<tr>\r\n<td style=\"width: 100%; background-color: #ffffff;\">\u2022 Plan de travail rev\u00eatu de peinture en poudre<\/td>\r\n<\/tr>\r\n<tr>\r\n<td style=\"width: 100%; background-color: #ffffff;\">\u2022 Molette manuelle suppl\u00e9mentaire pour le r\u00e9glage microm\u00e9trique de la but\u00e9e arri\u00e8re<\/td>\r\n<\/tr>\r\n<tr>\r\n<td style=\"width: 100%; background-color: #ffffff;\">\u2022 Protection de la ligne de coupe par simple pression, double commande simultan\u00e9e, enti\u00e8rement conforme aux normes CE<\/td>\r\n<\/tr>\r\n<tr>\r\n<td style=\"width: 100%; background-color: #ffffff;\">\u2022 Tables lat\u00e9rales disponibles en option<\/td>\r\n<\/tr>\r\n<\/tbody>\r\n<\/table>\r\n&nbsp;\r\n<table style=\"width: 100%; border-collapse: collapse;\" border=\"0\">\r\n<tbody>\r\n<tr>\r\n<td style=\"width: 29.3364%; background-color: #ffffff;\"><strong>Autres sp\u00e9cifications :<\/strong><\/td>\r\n<td style=\"width: 49.5344%; background-color: #ffffff;\"><\/td>\r\n<\/tr>\r\n<tr>\r\n<td style=\"width: 29.3364%; background-color: #ffffff;\"><strong>Largeur de coupe<\/strong><\/td>\r\n<td style=\"width: 49.5344%; background-color: #ffffff;\">Jusqu&#8217;\u00e0 520 mm<\/td>\r\n<\/tr>\r\n<tr>\r\n<td style=\"width: 29.3364%; background-color: #ffffff;\"><strong>Profondeur de coupe, distance maximale \u00e0 la but\u00e9e arri\u00e8re<\/strong><\/td>\r\n<td style=\"width: 49.5344%; background-color: #ffffff;\">520 mm<\/td>\r\n<\/tr>\r\n<tr>\r\n<td style=\"width: 29.3364%; background-color: #ffffff;\"><strong>Hauteur de coupe<\/strong><\/td>\r\n<td style=\"width: 49.5344%; background-color: #ffffff;\">Jusqu&#8217;\u00e0 80 mm<\/td>\r\n<\/tr>\r\n<tr>\r\n<td style=\"width: 29.3364%; background-color: #ffffff;\"><strong>Coupe la plus courte<\/strong><\/td>\r\n<td style=\"width: 49.5344%; background-color: #ffffff;\">22 mm sans protection contre la pression\r\n40 mm avec protection contre la pression<\/td>\r\n<\/tr>\r\n<tr>\r\n<td style=\"width: 29.3364%; background-color: #ffffff;\"><strong>Longueur du plan de travail jusqu&#8217;\u00e0 la lame<\/strong><\/td>\r\n<td style=\"width: 49.5344%; background-color: #ffffff;\">460 mm<\/td>\r\n<\/tr>\r\n<tr>\r\n<td style=\"width: 29.3364%; background-color: #ffffff;\"><strong>Pr\u00e9cision de coupe<\/strong><\/td>\r\n<td style=\"width: 49.5344%; background-color: #ffffff;\">0,1 mm<\/td>\r\n<\/tr>\r\n<tr>\r\n<td style=\"width: 29.3364%; background-color: #ffffff;\"><strong>Entra\u00eenement au couteau<\/strong><\/td>\r\n<td style=\"width: 49.5344%; background-color: #ffffff;\">Electrom\u00e9canique<\/td>\r\n<\/tr>\r\n<tr>\r\n<td style=\"width: 29.3364%; background-color: #ffffff;\"><strong>Barre d&#8217;appui<\/strong><\/td>\r\n<td style=\"width: 49.5344%; background-color: #ffffff;\">Electrom\u00e9canique<\/td>\r\n<\/tr>\r\n<tr>\r\n<td style=\"width: 29.3364%; background-color: #ffffff;\"><strong>Construction arri\u00e8re<\/strong><\/td>\r\n<td style=\"width: 49.5344%; background-color: #ffffff;\">Electrom\u00e9canique 57 mm\/s<\/td>\r\n<\/tr>\r\n<tr>\r\n<td style=\"width: 29.3364%; background-color: #ffffff;\"><strong>Poids<\/strong><\/td>\r\n<td style=\"width: 49.5344%; background-color: #ffffff;\">280 kg (310 kg avec les tables d&#8217;appoint)<\/td>\r\n<\/tr>\r\n<tr>\r\n<td style=\"width: 29.3364%; background-color: #ffffff;\"><strong>Dimensions sans les tables d&#8217;appoint<\/strong><\/td>\r\n<td style=\"width: 49.5344%; background-color: #ffffff;\">1260 x 880 x 1260 mm<\/td>\r\n<\/tr>\r\n<tr>\r\n<td style=\"width: 29.3364%; background-color: #ffffff;\"><strong>Dimensions avec tables d&#8217;appoint<\/strong><\/td>\r\n<td style=\"width: 49.5344%; background-color: #ffffff;\">1260 x 1580 x 1260 mm<\/td>\r\n<\/tr>\r\n<tr>\r\n<td style=\"width: 29.3364%; background-color: #ffffff;\"><strong>S\u00e9curit\u00e9<\/strong><\/td>\r\n<td style=\"width: 49.5344%; background-color: #ffffff;\">\n\n\u2022 Protection par ligne de lumi\u00e8re infrarouge au-dessus de la table avant\r\n\r\n\u2022 Couvercle de s\u00e9curit\u00e9 arri\u00e8re\r\n\r\n\u2022 Interrupteur principal\r\n\r\n\u2022 Commande \u00e9lectronique \u00e0 deux mains\r\n\r\n\u2022 Retour automatique de la lame et du levier de pression depuis n&#8217;importe quelle position<\/td>\r\n<\/tr>\r\n<tr>\r\n<td style=\"width: 29.3364%; background-color: #ffffff;\"><strong>Alimentation \u00e9lectrique<\/strong><\/td>\r\n<td style=\"width: 49.5344%; background-color: #ffffff;\">230 V, 50 Hz, 20 A<\/td>\r\n<\/tr>\r\n<tr>\r\n<td style=\"width: 29.3364%; background-color: #ffffff;\"><strong>Tables d&#8217;appoint<\/strong><\/td>\r\n<td style=\"width: 49.5344%; background-color: #ffffff;\">En option, chaque 350 x 400 mm<\/td>\r\n<\/tr>\r\n<tr>\r\n<td style=\"width: 29.3364%; background-color: #ffffff;\"><strong>Table \u00e0 air<\/strong><\/td>\r\n<td style=\"width: 49.5344%; background-color: #ffffff;\">Pas disponible<\/td>\r\n<\/tr>\r\n<\/tbody>\r\n<\/table>\r\n<img loading=\"lazy\" class=\"alignnone size-full wp-image-11222\" src=\"https:\/\/www.albyco.com\/wp-content\/uploads\/2018\/02\/CTA-Albyco-fr-1.jpg\" alt=\"\" width=\"225\" height=\"141\" \/>\r\n\r\n&nbsp;\r\n\r\n&nbsp;","protected":false},"excerpt":{"rendered":"<p><strong>L&#8217;Albyco C52<\/strong> est une massicot \u00e9lectrique d&#8217;une longueur de coupe maximale de 52 cm et d&#8217;une hauteur de coupe maximale de 80 mm. Elle se pilote via un \u00e9cran tactile et un automate programmable.<\/p>\n","protected":false},"featured_media":43300,"comment_status":"open","ping_status":"closed","template":"","meta":[],"product_cat":[2300,2301,2302,2303],"product_tag":[2318,2305,2425,2306,2307,2308,2309],"yoast_head":"<!-- This site is optimized with the Yoast SEO plugin v18.6 - https:\/\/yoast.com\/wordpress\/plugins\/seo\/ -->\n<title>Massicot \u00e9lectrique Albyco C52 - Albyco<\/title>\n<meta name=\"description\" content=\"L&#039;Albyco C52 est une massicot \u00e9lectrique d&#039;une longueur de coupe maximale de 52 cm et d&#039;une hauteur de coupe maximale de 80 mm. Elle se pilote via un \u00e9cran tactile et un automate programmable.\" \/>\n<meta name=\"robots\" content=\"index, follow, max-snippet:-1, max-image-preview:large, max-video-preview:-1\" \/>\n<link rel=\"canonical\" href=\"https:\/\/www.albyco.com\/fr\/produit\/massicot-electrique-albyco-c52\/\" \/>\n<meta property=\"og:locale\" content=\"fr_FR\" \/>\n<meta property=\"og:type\" content=\"article\" \/>\n<meta property=\"og:title\" content=\"Massicot \u00e9lectrique Albyco C52 - Albyco\" \/>\n<meta property=\"og:description\" content=\"L&#039;Albyco C52 est une massicot \u00e9lectrique d&#039;une longueur de coupe maximale de 52 cm et d&#039;une hauteur de coupe maximale de 80 mm. Elle se pilote via un \u00e9cran tactile et un automate programmable.\" \/>\n<meta property=\"og:url\" content=\"https:\/\/www.albyco.com\/fr\/produit\/massicot-electrique-albyco-c52\/\" \/>\n<meta property=\"og:site_name\" content=\"Albyco\" \/>\n<meta property=\"article:modified_time\" content=\"2026-02-26T12:12:12+00:00\" \/>\n<meta property=\"og:image\" content=\"https:\/\/www.albyco.com\/wp-content\/uploads\/2025\/11\/web-Albyco-C52-met-zijtafels.jpg\" \/>\n\t<meta property=\"og:image:width\" content=\"2000\" \/>\n\t<meta property=\"og:image:height\" content=\"1912\" \/>\n\t<meta property=\"og:image:type\" content=\"image\/jpeg\" \/>\n<meta name=\"twitter:card\" content=\"summary\" \/>\n<meta name=\"twitter:site\" content=\"@AlbycoNederland\" \/>\n<meta name=\"twitter:label1\" content=\"Dur\u00e9e de lecture estim\u00e9e\" \/>\n\t<meta name=\"twitter:data1\" content=\"2 minutes\" \/>\n<script type=\"application\/ld+json\" class=\"yoast-schema-graph\">{\"@context\":\"https:\/\/schema.org\",\"@graph\":[{\"@type\":\"Organization\",\"@id\":\"https:\/\/www.albyco.com\/#organization\",\"name\":\"Albyco Nederland B.V.\",\"url\":\"https:\/\/www.albyco.com\/\",\"sameAs\":[\"https:\/\/www.linkedin.com\/company\/18015670\/\",\"https:\/\/www.youtube.com\/user\/AlbycoNederland\",\"https:\/\/nl.pinterest.com\/albyco\",\"https:\/\/twitter.com\/AlbycoNederland\"],\"logo\":{\"@type\":\"ImageObject\",\"@id\":\"https:\/\/www.albyco.com\/#logo\",\"inLanguage\":\"fr-FR\",\"url\":\"https:\/\/www.albyco.com\/wp-content\/uploads\/2017\/07\/albyco_logo_hd.png\",\"contentUrl\":\"https:\/\/www.albyco.com\/wp-content\/uploads\/2017\/07\/albyco_logo_hd.png\",\"width\":300,\"height\":300,\"caption\":\"Albyco Nederland B.V.\"},\"image\":{\"@id\":\"https:\/\/www.albyco.com\/#logo\"}},{\"@type\":\"WebSite\",\"@id\":\"https:\/\/www.albyco.com\/#website\",\"url\":\"https:\/\/www.albyco.com\/\",\"name\":\"Albyco\",\"description\":\"Leverancier voor nabewerking van geprinte media\",\"publisher\":{\"@id\":\"https:\/\/www.albyco.com\/#organization\"},\"potentialAction\":[{\"@type\":\"SearchAction\",\"target\":{\"@type\":\"EntryPoint\",\"urlTemplate\":\"https:\/\/www.albyco.com\/?s={search_term_string}\"},\"query-input\":\"required name=search_term_string\"}],\"inLanguage\":\"fr-FR\"},{\"@type\":\"ImageObject\",\"@id\":\"https:\/\/www.albyco.com\/fr\/produit\/massicot-electrique-albyco-c52\/#primaryimage\",\"inLanguage\":\"fr-FR\",\"url\":\"https:\/\/www.albyco.com\/wp-content\/uploads\/2025\/11\/web-Albyco-C52-met-zijtafels.jpg\",\"contentUrl\":\"https:\/\/www.albyco.com\/wp-content\/uploads\/2025\/11\/web-Albyco-C52-met-zijtafels.jpg\",\"width\":2000,\"height\":1912,\"caption\":\"Albyco C52, elektrische stapelsnijder met zijtafels\"},{\"@type\":\"WebPage\",\"@id\":\"https:\/\/www.albyco.com\/fr\/produit\/massicot-electrique-albyco-c52\/#webpage\",\"url\":\"https:\/\/www.albyco.com\/fr\/produit\/massicot-electrique-albyco-c52\/\",\"name\":\"Massicot \u00e9lectrique Albyco C52 - Albyco\",\"isPartOf\":{\"@id\":\"https:\/\/www.albyco.com\/#website\"},\"primaryImageOfPage\":{\"@id\":\"https:\/\/www.albyco.com\/fr\/produit\/massicot-electrique-albyco-c52\/#primaryimage\"},\"datePublished\":\"2026-02-26T10:04:21+00:00\",\"dateModified\":\"2026-02-26T12:12:12+00:00\",\"description\":\"L'Albyco C52 est une massicot \u00e9lectrique d'une longueur de coupe maximale de 52 cm et d'une hauteur de coupe maximale de 80 mm. Elle se pilote via un \u00e9cran tactile et un automate programmable.\",\"breadcrumb\":{\"@id\":\"https:\/\/www.albyco.com\/fr\/produit\/massicot-electrique-albyco-c52\/#breadcrumb\"},\"inLanguage\":\"fr-FR\",\"potentialAction\":[{\"@type\":\"ReadAction\",\"target\":[\"https:\/\/www.albyco.com\/fr\/produit\/massicot-electrique-albyco-c52\/\"]}]},{\"@type\":\"BreadcrumbList\",\"@id\":\"https:\/\/www.albyco.com\/fr\/produit\/massicot-electrique-albyco-c52\/#breadcrumb\",\"itemListElement\":[{\"@type\":\"ListItem\",\"position\":1,\"name\":\"Home\",\"item\":\"https:\/\/www.albyco.com\/fr\/\"},{\"@type\":\"ListItem\",\"position\":2,\"name\":\"Les produits\",\"item\":\"https:\/\/www.albyco.com\/fr\/producten\/\"},{\"@type\":\"ListItem\",\"position\":3,\"name\":\"Massicot \u00e9lectrique Albyco C52\"}]}]}<\/script>\n<!-- \/ Yoast SEO plugin. -->","yoast_head_json":{"title":"Massicot \u00e9lectrique Albyco C52 - Albyco","description":"L'Albyco C52 est une massicot \u00e9lectrique d'une longueur de coupe maximale de 52 cm et d'une hauteur de coupe maximale de 80 mm. Elle se pilote via un \u00e9cran tactile et un automate programmable.","robots":{"index":"index","follow":"follow","max-snippet":"max-snippet:-1","max-image-preview":"max-image-preview:large","max-video-preview":"max-video-preview:-1"},"canonical":"https:\/\/www.albyco.com\/fr\/produit\/massicot-electrique-albyco-c52\/","og_locale":"fr_FR","og_type":"article","og_title":"Massicot \u00e9lectrique Albyco C52 - Albyco","og_description":"L'Albyco C52 est une massicot \u00e9lectrique d'une longueur de coupe maximale de 52 cm et d'une hauteur de coupe maximale de 80 mm. Elle se pilote via un \u00e9cran tactile et un automate programmable.","og_url":"https:\/\/www.albyco.com\/fr\/produit\/massicot-electrique-albyco-c52\/","og_site_name":"Albyco","article_modified_time":"2026-02-26T12:12:12+00:00","og_image":[{"width":2000,"height":1912,"url":"https:\/\/www.albyco.com\/wp-content\/uploads\/2025\/11\/web-Albyco-C52-met-zijtafels.jpg","type":"image\/jpeg"}],"twitter_card":"summary","twitter_site":"@AlbycoNederland","twitter_misc":{"Dur\u00e9e de lecture estim\u00e9e":"2 minutes"},"schema":{"@context":"https:\/\/schema.org","@graph":[{"@type":"Organization","@id":"https:\/\/www.albyco.com\/#organization","name":"Albyco Nederland B.V.","url":"https:\/\/www.albyco.com\/","sameAs":["https:\/\/www.linkedin.com\/company\/18015670\/","https:\/\/www.youtube.com\/user\/AlbycoNederland","https:\/\/nl.pinterest.com\/albyco","https:\/\/twitter.com\/AlbycoNederland"],"logo":{"@type":"ImageObject","@id":"https:\/\/www.albyco.com\/#logo","inLanguage":"fr-FR","url":"https:\/\/www.albyco.com\/wp-content\/uploads\/2017\/07\/albyco_logo_hd.png","contentUrl":"https:\/\/www.albyco.com\/wp-content\/uploads\/2017\/07\/albyco_logo_hd.png","width":300,"height":300,"caption":"Albyco Nederland B.V."},"image":{"@id":"https:\/\/www.albyco.com\/#logo"}},{"@type":"WebSite","@id":"https:\/\/www.albyco.com\/#website","url":"https:\/\/www.albyco.com\/","name":"Albyco","description":"Leverancier voor nabewerking van geprinte media","publisher":{"@id":"https:\/\/www.albyco.com\/#organization"},"potentialAction":[{"@type":"SearchAction","target":{"@type":"EntryPoint","urlTemplate":"https:\/\/www.albyco.com\/?s={search_term_string}"},"query-input":"required name=search_term_string"}],"inLanguage":"fr-FR"},{"@type":"ImageObject","@id":"https:\/\/www.albyco.com\/fr\/produit\/massicot-electrique-albyco-c52\/#primaryimage","inLanguage":"fr-FR","url":"https:\/\/www.albyco.com\/wp-content\/uploads\/2025\/11\/web-Albyco-C52-met-zijtafels.jpg","contentUrl":"https:\/\/www.albyco.com\/wp-content\/uploads\/2025\/11\/web-Albyco-C52-met-zijtafels.jpg","width":2000,"height":1912,"caption":"Albyco C52, elektrische stapelsnijder met zijtafels"},{"@type":"WebPage","@id":"https:\/\/www.albyco.com\/fr\/produit\/massicot-electrique-albyco-c52\/#webpage","url":"https:\/\/www.albyco.com\/fr\/produit\/massicot-electrique-albyco-c52\/","name":"Massicot \u00e9lectrique Albyco C52 - Albyco","isPartOf":{"@id":"https:\/\/www.albyco.com\/#website"},"primaryImageOfPage":{"@id":"https:\/\/www.albyco.com\/fr\/produit\/massicot-electrique-albyco-c52\/#primaryimage"},"datePublished":"2026-02-26T10:04:21+00:00","dateModified":"2026-02-26T12:12:12+00:00","description":"L'Albyco C52 est une massicot \u00e9lectrique d'une longueur de coupe maximale de 52 cm et d'une hauteur de coupe maximale de 80 mm. Elle se pilote via un \u00e9cran tactile et un automate programmable.","breadcrumb":{"@id":"https:\/\/www.albyco.com\/fr\/produit\/massicot-electrique-albyco-c52\/#breadcrumb"},"inLanguage":"fr-FR","potentialAction":[{"@type":"ReadAction","target":["https:\/\/www.albyco.com\/fr\/produit\/massicot-electrique-albyco-c52\/"]}]},{"@type":"BreadcrumbList","@id":"https:\/\/www.albyco.com\/fr\/produit\/massicot-electrique-albyco-c52\/#breadcrumb","itemListElement":[{"@type":"ListItem","position":1,"name":"Home","item":"https:\/\/www.albyco.com\/fr\/"},{"@type":"ListItem","position":2,"name":"Les produits","item":"https:\/\/www.albyco.com\/fr\/producten\/"},{"@type":"ListItem","position":3,"name":"Massicot \u00e9lectrique Albyco C52"}]}]}},"_links":{"self":[{"href":"https:\/\/www.albyco.com\/fr\/wp-json\/wp\/v2\/product\/43578"}],"collection":[{"href":"https:\/\/www.albyco.com\/fr\/wp-json\/wp\/v2\/product"}],"about":[{"href":"https:\/\/www.albyco.com\/fr\/wp-json\/wp\/v2\/types\/product"}],"replies":[{"embeddable":true,"href":"https:\/\/www.albyco.com\/fr\/wp-json\/wp\/v2\/comments?post=43578"}],"wp:featuredmedia":[{"embeddable":true,"href":"https:\/\/www.albyco.com\/fr\/wp-json\/wp\/v2\/media\/43300"}],"wp:attachment":[{"href":"https:\/\/www.albyco.com\/fr\/wp-json\/wp\/v2\/media?parent=43578"}],"wp:term":[{"taxonomy":"product_cat","embeddable":true,"href":"https:\/\/www.albyco.com\/fr\/wp-json\/wp\/v2\/product_cat?post=43578"},{"taxonomy":"product_tag","embeddable":true,"href":"https:\/\/www.albyco.com\/fr\/wp-json\/wp\/v2\/product_tag?post=43578"}],"curies":[{"name":"wp","href":"https:\/\/api.w.org\/{rel}","templated":true}]}}