{"id":43573,"date":"2025-11-20T14:20:04","date_gmt":"2026-02-26T08:17:31","guid":{"rendered":"https:\/\/www.albyco.com\/?post_type=product&#038;p=43573"},"modified":"2026-02-26T13:12:44","modified_gmt":"2026-02-26T12:12:44","slug":"massicotte-hydraulique-albyco-c52-h","status":"publish","type":"product","link":"https:\/\/www.albyco.com\/fr\/produit\/massicotte-hydraulique-albyco-c52-h\/","title":{"rendered":"Massicotte hydraulique Albyco C52 H"},"content":{"rendered":"<table style=\"width: 100%; border-collapse: collapse;\" border=\"0\">\r\n<tbody>\r\n<tr>\r\n<td style=\"width: 50%;\">\n\n<strong>La solution id\u00e9ale pour le flux de travail num\u00e9rique.<\/strong>\r\n\r\nL&#8217;Albyco C52H est une guillotine hydraulique puissante avec une largeur de coupe de 520 mm, une pr\u00e9cision de 0,1 mm et des fonctions de s\u00e9curit\u00e9 avanc\u00e9es.<\/td>\r\n<td style=\"width: 50%; text-align: center;\"><div class=\"epyt-video-wrapper\"><iframe  id=\"_ytid_26909\"  width=\"800\" height=\"450\"  data-origwidth=\"800\" data-origheight=\"450\"  data-relstop=\"1\" src=\"https:\/\/www.youtube.com\/embed\/mkQ6u-RESXw?enablejsapi=1&autoplay=0&cc_load_policy=0&iv_load_policy=1&loop=0&modestbranding=0&fs=1&playsinline=1&controls=1&color=red&cc_lang_pref=&rel=0&autohide=2&theme=dark&\" class=\"__youtube_prefs__  no-lazyload\" title=\"YouTube player\"  allow=\"accelerometer; autoplay; clipboard-write; encrypted-media; gyroscope; picture-in-picture\" allowfullscreen data-no-lazy=\"1\" data-skipgform_ajax_framebjll=\"\"><\/iframe><\/div><\/td>\r\n<\/tr>\r\n<\/tbody>\r\n<\/table>\r\n<strong>Caract\u00e9ristiques principales :<\/strong>\r\n<table style=\"width: 100%; border-collapse: collapse;\" border=\"0\">\r\n<tbody>\r\n<tr>\r\n<td style=\"width: 100%; background-color: #ffffff;\">Cette massicot hydraulique \u00e0 commande par automate programmable est con\u00e7ue pour une puissance, une pr\u00e9cision et une fiabilit\u00e9 maximales. Avec une large plage de coupe de 520 mm de large et 520 mm de profondeur, elle traite sans effort des piles de papier jusqu&#8217;\u00e0 80 mm de hauteur, avec une pr\u00e9cision de 0,1 mm. Elle permet m\u00eame des coupes tr\u00e8s courtes de 22 mm, tandis que la but\u00e9e de coupe standard atteint 40 mm.<\/td>\r\n<\/tr>\r\n<tr>\r\n<td style=\"width: 100%; background-color: #ffffff;\">La p\u00e9dale m\u00e9canique permet d&#8217;appuyer sans couper, et le panneau avant ergonomique offre un r\u00e9glage de la pression pr\u00e9cis et continu. Le plateau en acier inoxydable garantit un espace de travail durable et r\u00e9sistant \u00e0 l&#8217;usure, tandis que la ligne de coupe rouge lumineuse assure une visibilit\u00e9 optimale et une s\u00e9curit\u00e9 de travail maximale.<\/td>\r\n<\/tr>\r\n<tr>\r\n<td style=\"width: 100%; background-color: #ffffff;\">L&#8217;Albyco C52 H \u2013 avec ou sans tables lat\u00e9rales \u2013 allie simplicit\u00e9 d&#8217;utilisation et contr\u00f4le extr\u00eamement pr\u00e9cis et intelligent. Son pav\u00e9 tactile programmable de 7 pouces peut m\u00e9moriser jusqu&#8217;\u00e0 100 programmes, chacun comportant jusqu&#8217;\u00e0 100 \u00e9tapes. La machine fonctionne avec une pr\u00e9cision de 0,01 mm et permet de cr\u00e9er facilement des programmes en les d\u00e9coupant et en les enregistrant instantan\u00e9ment.<\/td>\r\n<\/tr>\r\n<tr>\r\n<td style=\"width: 100%; background-color: #ffffff;\">Pour les t\u00e2ches fr\u00e9quentes, comme la d\u00e9coupe de cartes de visite, un programme simplifi\u00e9 est disponible. Le programme d&#8217;\u00e9jection peut \u00eatre activ\u00e9 \u00e0 tout moment et, gr\u00e2ce \u00e0 la calculatrice int\u00e9gr\u00e9e, des calculs rapides peuvent \u00eatre effectu\u00e9s directement sur l&#8217;\u00e9cran. L&#8217;interface affiche \u00e9galement l&#8217;heure et la date, comptabilise le nombre de d\u00e9coupes et propose un syst\u00e8me d&#8217;autodiagnostic qui surveille en permanence le fonctionnement de tous les capteurs.<\/td>\r\n<\/tr>\r\n<tr>\r\n<td style=\"width: 100%; background-color: #ffffff;\">L&#8217;Albyco C52 H dispose \u00e9galement d&#8217;un mode sp\u00e9cial pour le remplacement s\u00e9curis\u00e9 des lames et est enti\u00e8rement multilingue, garantissant ainsi une utilisation claire et accessible \u00e0 tous les utilisateurs.<\/td>\r\n<\/tr>\r\n<\/tbody>\r\n<\/table>\r\n<table style=\"width: 100%; border-collapse: collapse;\" border=\"0\">\r\n<tbody>\r\n<tr>\r\n<td style=\"width: 32.305%; background-color: #ffffff;\"><strong>Largeur de coupe<\/strong><\/td>\r\n<td style=\"width: 55.9953%; background-color: #ffffff;\">Jusqu&#8217;\u00e0 520 mm<\/td>\r\n<\/tr>\r\n<tr>\r\n<td style=\"width: 32.305%; background-color: #ffffff;\"><strong>Profondeur de coupe maximale (distance jusqu&#8217;\u00e0 la but\u00e9e arri\u00e8re)<\/strong><\/td>\r\n<td style=\"width: 55.9953%; background-color: #ffffff;\">520 mm<\/td>\r\n<\/tr>\r\n<tr>\r\n<td style=\"width: 32.305%; background-color: #ffffff;\"><strong>Hauteur de coupe<\/strong><\/td>\r\n<td style=\"width: 55.9953%; background-color: #ffffff;\">Jusqu&#8217;\u00e0 80 mm<\/td>\r\n<\/tr>\r\n<tr>\r\n<td style=\"width: 32.305%; background-color: #ffffff;\"><strong>Coupe la plus courte<\/strong><\/td>\r\n<td style=\"width: 55.9953%; background-color: #ffffff;\">22 mm sans protection contre la pression \/ 40 mm avec protection contre la pression<\/td>\r\n<\/tr>\r\n<tr>\r\n<td style=\"width: 32.305%; background-color: #ffffff;\"><strong>Longueur du plan de travail jusqu&#8217;\u00e0 la lame<\/strong><\/td>\r\n<td style=\"width: 55.9953%; background-color: #ffffff;\">460 mm<\/td>\r\n<\/tr>\r\n<tr>\r\n<td style=\"width: 32.305%; background-color: #ffffff;\"><strong>Pr\u00e9cision de coupe<\/strong><\/td>\r\n<td style=\"width: 55.9953%; background-color: #ffffff;\">0,1 mm<\/td>\r\n<\/tr>\r\n<tr>\r\n<td style=\"width: 32.305%; background-color: #ffffff;\"><strong>Entra\u00eenement de la lame<\/strong><\/td>\r\n<td style=\"width: 55.9953%; background-color: #ffffff;\">Hydraulique<\/td>\r\n<\/tr>\r\n<tr>\r\n<td style=\"width: 32.305%; background-color: #ffffff;\"><strong>Barre d&#8217;appui<\/strong><\/td>\r\n<td style=\"width: 55.9953%; background-color: #ffffff;\">Hydraulique<\/td>\r\n<\/tr>\r\n<tr>\r\n<td style=\"width: 32.305%; background-color: #ffffff;\"><strong>Jauge arri\u00e8re<\/strong><\/td>\r\n<td style=\"width: 55.9953%; background-color: #ffffff;\">Electromechanical, 57 mm\/s<\/td>\r\n<\/tr>\r\n<tr>\r\n<td style=\"width: 32.305%; background-color: #ffffff;\"><strong>Alimentation \u00e9lectrique<\/strong><\/td>\r\n<td style=\"width: 55.9953%; background-color: #ffffff;\">230 V, 50 Hz, 16 A<\/td>\r\n<\/tr>\r\n<\/tbody>\r\n<\/table>\r\n<strong>Dimensions, s\u00e9curit\u00e9 et options<\/strong>\r\n<table style=\"width: 100%; border-collapse: collapse;\" border=\"0\">\r\n<tbody>\r\n<tr>\r\n<td style=\"width: 36.6705%; background-color: #ffffff;\"><strong>Poids<\/strong><\/td>\r\n<td style=\"width: 63.3295%; background-color: #ffffff;\">350 kg (380 kg avec les tables d&#8217;appoint)<\/td>\r\n<\/tr>\r\n<tr>\r\n<td style=\"width: 36.6705%; background-color: #ffffff;\"><strong>Dimensions sans les tables d&#8217;appoint<\/strong><\/td>\r\n<td style=\"width: 63.3295%; background-color: #ffffff;\">863 \u00d7 1230 \u00d7 1244 mm<\/td>\r\n<\/tr>\r\n<tr>\r\n<td style=\"width: 36.6705%; background-color: #ffffff;\"><strong>Dimensions avec tables d&#8217;appoint<\/strong><\/td>\r\n<td style=\"width: 63.3295%; background-color: #ffffff;\">1230 \u00d7 1533 \u00d7 1244 mm<\/td>\r\n<\/tr>\r\n<tr>\r\n<td style=\"width: 36.6705%; background-color: #ffffff;\"><strong>Dispositifs de s\u00e9curit\u00e9<\/strong><\/td>\r\n<td style=\"width: 63.3295%; background-color: #ffffff;\">Protection par ligne de lumi\u00e8re infrarouge, couvercle de s\u00e9curit\u00e9 arri\u00e8re, interrupteur principal, commande \u00e9lectronique \u00e0 deux mains, retour automatique de la lame et de la barre de pression.<\/td>\r\n<\/tr>\r\n<tr>\r\n<td style=\"width: 36.6705%; background-color: #ffffff;\"><strong>Tables d&#8217;appoint<\/strong><\/td>\r\n<td style=\"width: 63.3295%; background-color: #ffffff;\">En option, chaque 350 \u00d7 400 mm<\/td>\r\n<\/tr>\r\n<tr>\r\n<td style=\"width: 36.6705%; background-color: #ffffff;\"><strong>Table \u00e0 air<\/strong><\/td>\r\n<td style=\"width: 63.3295%; background-color: #ffffff;\">Facultatif<\/td>\r\n<\/tr>\r\n<\/tbody>\r\n<\/table>\r\n<a href=\"https:\/\/www.albyco.com\/fr\/contactez-nous\/\"><img loading=\"lazy\" class=\"alignnone size-full wp-image-11217\" src=\"https:\/\/www.albyco.com\/wp-content\/uploads\/2018\/02\/CTA-Albyco-fr.jpg\" alt=\"\" width=\"225\" height=\"141\" srcset=\"https:\/\/www.albyco.com\/wp-content\/uploads\/2018\/02\/CTA-Albyco-fr.jpg 225w, https:\/\/www.albyco.com\/wp-content\/uploads\/2018\/02\/CTA-Albyco-fr-100x63.jpg 100w, https:\/\/www.albyco.com\/wp-content\/uploads\/2018\/02\/CTA-Albyco-fr-24x15.jpg 24w, https:\/\/www.albyco.com\/wp-content\/uploads\/2018\/02\/CTA-Albyco-fr-36x23.jpg 36w, https:\/\/www.albyco.com\/wp-content\/uploads\/2018\/02\/CTA-Albyco-fr-48x30.jpg 48w\" sizes=\"(max-width: 225px) 100vw, 225px\" \/><\/a>","protected":false},"excerpt":{"rendered":"<table style=\"width: 100%; border-collapse: collapse;\" border=\"0\">\n<tbody>\n<tr>\n<td style=\"width: 50%;\"><strong>La solution id\u00e9ale pour le flux de travail num\u00e9rique.<\/strong><\/p>\n<p>L&#8217;Albyco C52H est une guillotine hydraulique puissante avec une largeur de coupe de 520 mm, une pr\u00e9cision de 0,1 mm et des fonctions de s\u00e9curit\u00e9 avanc\u00e9es.<\/td>\n<\/tr>\n<\/tbody>\n<\/table>\n","protected":false},"featured_media":43384,"comment_status":"closed","ping_status":"closed","template":"","meta":[],"product_cat":[2300,4124],"product_tag":[],"yoast_head":"<!-- This site is optimized with the Yoast SEO plugin v18.6 - https:\/\/yoast.com\/wordpress\/plugins\/seo\/ -->\n<title>Massicotte hydraulique Albyco C52 H - Albyco<\/title>\n<meta name=\"description\" content=\"La solution id\u00e9ale pour le flux de travail num\u00e9rique.  L&#039;Albyco C52H est une guillotine hydraulique puissante avec une largeur de coupe de 520 mm, une pr\u00e9cision de 0,1 mm et des fonctions de s\u00e9curit\u00e9 avanc\u00e9es.\" \/>\n<meta name=\"robots\" content=\"index, follow, max-snippet:-1, max-image-preview:large, max-video-preview:-1\" \/>\n<link rel=\"canonical\" href=\"https:\/\/www.albyco.com\/fr\/produit\/massicotte-hydraulique-albyco-c52-h\/\" \/>\n<meta property=\"og:locale\" content=\"fr_FR\" \/>\n<meta property=\"og:type\" content=\"article\" \/>\n<meta property=\"og:title\" content=\"Massicotte hydraulique Albyco C52 H - Albyco\" \/>\n<meta property=\"og:description\" content=\"La solution id\u00e9ale pour le flux de travail num\u00e9rique.  L&#039;Albyco C52H est une guillotine hydraulique puissante avec une largeur de coupe de 520 mm, une pr\u00e9cision de 0,1 mm et des fonctions de s\u00e9curit\u00e9 avanc\u00e9es.\" \/>\n<meta property=\"og:url\" content=\"https:\/\/www.albyco.com\/fr\/produit\/massicotte-hydraulique-albyco-c52-h\/\" \/>\n<meta property=\"og:site_name\" content=\"Albyco\" \/>\n<meta property=\"article:modified_time\" content=\"2026-02-26T12:12:44+00:00\" \/>\n<meta property=\"og:image\" content=\"https:\/\/www.albyco.com\/wp-content\/uploads\/2025\/11\/G52H-zonder-zijtafels-scaled.jpg\" \/>\n\t<meta property=\"og:image:width\" content=\"2560\" \/>\n\t<meta property=\"og:image:height\" content=\"2560\" \/>\n\t<meta property=\"og:image:type\" content=\"image\/jpeg\" \/>\n<meta name=\"twitter:card\" content=\"summary\" \/>\n<meta name=\"twitter:site\" content=\"@AlbycoNederland\" \/>\n<meta name=\"twitter:label1\" content=\"Dur\u00e9e de lecture estim\u00e9e\" \/>\n\t<meta name=\"twitter:data1\" content=\"2 minutes\" \/>\n<script type=\"application\/ld+json\" class=\"yoast-schema-graph\">{\"@context\":\"https:\/\/schema.org\",\"@graph\":[{\"@type\":\"Organization\",\"@id\":\"https:\/\/www.albyco.com\/#organization\",\"name\":\"Albyco Nederland B.V.\",\"url\":\"https:\/\/www.albyco.com\/\",\"sameAs\":[\"https:\/\/www.linkedin.com\/company\/18015670\/\",\"https:\/\/www.youtube.com\/user\/AlbycoNederland\",\"https:\/\/nl.pinterest.com\/albyco\",\"https:\/\/twitter.com\/AlbycoNederland\"],\"logo\":{\"@type\":\"ImageObject\",\"@id\":\"https:\/\/www.albyco.com\/#logo\",\"inLanguage\":\"fr-FR\",\"url\":\"https:\/\/www.albyco.com\/wp-content\/uploads\/2017\/07\/albyco_logo_hd.png\",\"contentUrl\":\"https:\/\/www.albyco.com\/wp-content\/uploads\/2017\/07\/albyco_logo_hd.png\",\"width\":300,\"height\":300,\"caption\":\"Albyco Nederland B.V.\"},\"image\":{\"@id\":\"https:\/\/www.albyco.com\/#logo\"}},{\"@type\":\"WebSite\",\"@id\":\"https:\/\/www.albyco.com\/#website\",\"url\":\"https:\/\/www.albyco.com\/\",\"name\":\"Albyco\",\"description\":\"Leverancier voor nabewerking van geprinte media\",\"publisher\":{\"@id\":\"https:\/\/www.albyco.com\/#organization\"},\"potentialAction\":[{\"@type\":\"SearchAction\",\"target\":{\"@type\":\"EntryPoint\",\"urlTemplate\":\"https:\/\/www.albyco.com\/?s={search_term_string}\"},\"query-input\":\"required name=search_term_string\"}],\"inLanguage\":\"fr-FR\"},{\"@type\":\"ImageObject\",\"@id\":\"https:\/\/www.albyco.com\/fr\/produit\/massicotte-hydraulique-albyco-c52-h\/#primaryimage\",\"inLanguage\":\"fr-FR\",\"url\":\"https:\/\/www.albyco.com\/wp-content\/uploads\/2025\/11\/G52H-zonder-zijtafels-scaled.jpg\",\"contentUrl\":\"https:\/\/www.albyco.com\/wp-content\/uploads\/2025\/11\/G52H-zonder-zijtafels-scaled.jpg\",\"width\":2560,\"height\":2560},{\"@type\":\"WebPage\",\"@id\":\"https:\/\/www.albyco.com\/fr\/produit\/massicotte-hydraulique-albyco-c52-h\/#webpage\",\"url\":\"https:\/\/www.albyco.com\/fr\/produit\/massicotte-hydraulique-albyco-c52-h\/\",\"name\":\"Massicotte hydraulique Albyco C52 H - Albyco\",\"isPartOf\":{\"@id\":\"https:\/\/www.albyco.com\/#website\"},\"primaryImageOfPage\":{\"@id\":\"https:\/\/www.albyco.com\/fr\/produit\/massicotte-hydraulique-albyco-c52-h\/#primaryimage\"},\"datePublished\":\"2026-02-26T08:17:31+00:00\",\"dateModified\":\"2026-02-26T12:12:44+00:00\",\"description\":\"La solution id\u00e9ale pour le flux de travail num\u00e9rique. L'Albyco C52H est une guillotine hydraulique puissante avec une largeur de coupe de 520 mm, une pr\u00e9cision de 0,1 mm et des fonctions de s\u00e9curit\u00e9 avanc\u00e9es.\",\"breadcrumb\":{\"@id\":\"https:\/\/www.albyco.com\/fr\/produit\/massicotte-hydraulique-albyco-c52-h\/#breadcrumb\"},\"inLanguage\":\"fr-FR\",\"potentialAction\":[{\"@type\":\"ReadAction\",\"target\":[\"https:\/\/www.albyco.com\/fr\/produit\/massicotte-hydraulique-albyco-c52-h\/\"]}]},{\"@type\":\"BreadcrumbList\",\"@id\":\"https:\/\/www.albyco.com\/fr\/produit\/massicotte-hydraulique-albyco-c52-h\/#breadcrumb\",\"itemListElement\":[{\"@type\":\"ListItem\",\"position\":1,\"name\":\"Home\",\"item\":\"https:\/\/www.albyco.com\/fr\/\"},{\"@type\":\"ListItem\",\"position\":2,\"name\":\"Les produits\",\"item\":\"https:\/\/www.albyco.com\/fr\/producten\/\"},{\"@type\":\"ListItem\",\"position\":3,\"name\":\"Massicotte hydraulique Albyco C52 H\"}]}]}<\/script>\n<!-- \/ Yoast SEO plugin. -->","yoast_head_json":{"title":"Massicotte hydraulique Albyco C52 H - Albyco","description":"La solution id\u00e9ale pour le flux de travail num\u00e9rique.  L'Albyco C52H est une guillotine hydraulique puissante avec une largeur de coupe de 520 mm, une pr\u00e9cision de 0,1 mm et des fonctions de s\u00e9curit\u00e9 avanc\u00e9es.","robots":{"index":"index","follow":"follow","max-snippet":"max-snippet:-1","max-image-preview":"max-image-preview:large","max-video-preview":"max-video-preview:-1"},"canonical":"https:\/\/www.albyco.com\/fr\/produit\/massicotte-hydraulique-albyco-c52-h\/","og_locale":"fr_FR","og_type":"article","og_title":"Massicotte hydraulique Albyco C52 H - Albyco","og_description":"La solution id\u00e9ale pour le flux de travail num\u00e9rique.  L'Albyco C52H est une guillotine hydraulique puissante avec une largeur de coupe de 520 mm, une pr\u00e9cision de 0,1 mm et des fonctions de s\u00e9curit\u00e9 avanc\u00e9es.","og_url":"https:\/\/www.albyco.com\/fr\/produit\/massicotte-hydraulique-albyco-c52-h\/","og_site_name":"Albyco","article_modified_time":"2026-02-26T12:12:44+00:00","og_image":[{"width":2560,"height":2560,"url":"https:\/\/www.albyco.com\/wp-content\/uploads\/2025\/11\/G52H-zonder-zijtafels-scaled.jpg","type":"image\/jpeg"}],"twitter_card":"summary","twitter_site":"@AlbycoNederland","twitter_misc":{"Dur\u00e9e de lecture estim\u00e9e":"2 minutes"},"schema":{"@context":"https:\/\/schema.org","@graph":[{"@type":"Organization","@id":"https:\/\/www.albyco.com\/#organization","name":"Albyco Nederland B.V.","url":"https:\/\/www.albyco.com\/","sameAs":["https:\/\/www.linkedin.com\/company\/18015670\/","https:\/\/www.youtube.com\/user\/AlbycoNederland","https:\/\/nl.pinterest.com\/albyco","https:\/\/twitter.com\/AlbycoNederland"],"logo":{"@type":"ImageObject","@id":"https:\/\/www.albyco.com\/#logo","inLanguage":"fr-FR","url":"https:\/\/www.albyco.com\/wp-content\/uploads\/2017\/07\/albyco_logo_hd.png","contentUrl":"https:\/\/www.albyco.com\/wp-content\/uploads\/2017\/07\/albyco_logo_hd.png","width":300,"height":300,"caption":"Albyco Nederland B.V."},"image":{"@id":"https:\/\/www.albyco.com\/#logo"}},{"@type":"WebSite","@id":"https:\/\/www.albyco.com\/#website","url":"https:\/\/www.albyco.com\/","name":"Albyco","description":"Leverancier voor nabewerking van geprinte media","publisher":{"@id":"https:\/\/www.albyco.com\/#organization"},"potentialAction":[{"@type":"SearchAction","target":{"@type":"EntryPoint","urlTemplate":"https:\/\/www.albyco.com\/?s={search_term_string}"},"query-input":"required name=search_term_string"}],"inLanguage":"fr-FR"},{"@type":"ImageObject","@id":"https:\/\/www.albyco.com\/fr\/produit\/massicotte-hydraulique-albyco-c52-h\/#primaryimage","inLanguage":"fr-FR","url":"https:\/\/www.albyco.com\/wp-content\/uploads\/2025\/11\/G52H-zonder-zijtafels-scaled.jpg","contentUrl":"https:\/\/www.albyco.com\/wp-content\/uploads\/2025\/11\/G52H-zonder-zijtafels-scaled.jpg","width":2560,"height":2560},{"@type":"WebPage","@id":"https:\/\/www.albyco.com\/fr\/produit\/massicotte-hydraulique-albyco-c52-h\/#webpage","url":"https:\/\/www.albyco.com\/fr\/produit\/massicotte-hydraulique-albyco-c52-h\/","name":"Massicotte hydraulique Albyco C52 H - Albyco","isPartOf":{"@id":"https:\/\/www.albyco.com\/#website"},"primaryImageOfPage":{"@id":"https:\/\/www.albyco.com\/fr\/produit\/massicotte-hydraulique-albyco-c52-h\/#primaryimage"},"datePublished":"2026-02-26T08:17:31+00:00","dateModified":"2026-02-26T12:12:44+00:00","description":"La solution id\u00e9ale pour le flux de travail num\u00e9rique. L'Albyco C52H est une guillotine hydraulique puissante avec une largeur de coupe de 520 mm, une pr\u00e9cision de 0,1 mm et des fonctions de s\u00e9curit\u00e9 avanc\u00e9es.","breadcrumb":{"@id":"https:\/\/www.albyco.com\/fr\/produit\/massicotte-hydraulique-albyco-c52-h\/#breadcrumb"},"inLanguage":"fr-FR","potentialAction":[{"@type":"ReadAction","target":["https:\/\/www.albyco.com\/fr\/produit\/massicotte-hydraulique-albyco-c52-h\/"]}]},{"@type":"BreadcrumbList","@id":"https:\/\/www.albyco.com\/fr\/produit\/massicotte-hydraulique-albyco-c52-h\/#breadcrumb","itemListElement":[{"@type":"ListItem","position":1,"name":"Home","item":"https:\/\/www.albyco.com\/fr\/"},{"@type":"ListItem","position":2,"name":"Les produits","item":"https:\/\/www.albyco.com\/fr\/producten\/"},{"@type":"ListItem","position":3,"name":"Massicotte hydraulique Albyco C52 H"}]}]}},"_links":{"self":[{"href":"https:\/\/www.albyco.com\/fr\/wp-json\/wp\/v2\/product\/43573"}],"collection":[{"href":"https:\/\/www.albyco.com\/fr\/wp-json\/wp\/v2\/product"}],"about":[{"href":"https:\/\/www.albyco.com\/fr\/wp-json\/wp\/v2\/types\/product"}],"replies":[{"embeddable":true,"href":"https:\/\/www.albyco.com\/fr\/wp-json\/wp\/v2\/comments?post=43573"}],"wp:featuredmedia":[{"embeddable":true,"href":"https:\/\/www.albyco.com\/fr\/wp-json\/wp\/v2\/media\/43384"}],"wp:attachment":[{"href":"https:\/\/www.albyco.com\/fr\/wp-json\/wp\/v2\/media?parent=43573"}],"wp:term":[{"taxonomy":"product_cat","embeddable":true,"href":"https:\/\/www.albyco.com\/fr\/wp-json\/wp\/v2\/product_cat?post=43573"},{"taxonomy":"product_tag","embeddable":true,"href":"https:\/\/www.albyco.com\/fr\/wp-json\/wp\/v2\/product_tag?post=43573"}],"curies":[{"name":"wp","href":"https:\/\/api.w.org\/{rel}","templated":true}]}}