{"id":37805,"date":"2023-01-20T13:59:52","date_gmt":"2023-02-01T14:57:59","guid":{"rendered":"https:\/\/www.albyco.com\/product\/cyklos-ecr-40-machine-a-coin-rond\/"},"modified":"2023-02-01T15:57:59","modified_gmt":"2023-02-01T14:57:59","slug":"cyklos-ecr-40-machine-a-coin-rond-electrique","status":"publish","type":"product","link":"https:\/\/www.albyco.com\/fr\/produit\/cyklos-ecr-40-machine-a-coin-rond-electrique\/","title":{"rendered":"Cyklos ECR 40 machine \u00e0 coin rond"},"content":{"rendered":"<strong>Cyklos ECR 40 machine \u00e0 coin rond<\/strong>\n\nUne machine \u00e9lectrique \u00e0 angle rond, combin\u00e9e \u00e0 un poin\u00e7onnage \u00e0 poign\u00e9e de pouce. L\u2019ECR 40 est bas\u00e9 sur le <a href=\"https:\/\/www.albyco.com\/product\/cyklos-ccr40-handmatig-rondhoeksysteem\/\">CCR-40<\/a>, la version manuelle r\u00e9ussie de cette machine. Cyklos a am\u00e9lior\u00e9 cette version \u00e9lectrique en ajoutant un couteau \u00e0 vis sp\u00e9cialement con\u00e7u, qui est utilis\u00e9 dans la production de calendriers. Le syst\u00e8me est livr\u00e9 sans lames! (Rayon 4, 6, 9, 12, 18 mm et lame droite 28 mm).\n<table rules=\"none\">\n<tbody>\n<tr align=\"left\">\n<td style=\"width: 277px;\"><strong>Largeur de travail\n<\/strong><\/td>\n<td style=\"width: 10px;\"><\/td>\n<td style=\"width: 271px;\">520 mm<\/td>\n<\/tr>\n<tr align=\"left\">\n<td style=\"width: 277px;\"><strong>Rayon de la lame\n<\/strong><\/td>\n<td style=\"width: 10px;\"><\/td>\n<td style=\"width: 271px;\">4, 6, 9, 12, 18 mm Lame droite 28 mm pour des angles de 45\u00b0<\/td>\n<\/tr>\n<tr align=\"left\">\n<td style=\"width: 277px;\"><strong>Hauteur d\u2019empilement<\/strong><\/td>\n<td style=\"width: 10px;\"><\/td>\n<td style=\"width: 271px;\">40 mm (coins arrondis)\n10 mm (poin\u00e7ons calendaires)<\/td>\n<\/tr>\n<tr align=\"left\">\n<td style=\"width: 277px;\"><strong>Formats de papier<\/strong><\/td>\n<td style=\"width: 10px;\"><\/td>\n<td style=\"width: 271px;\">85 x 55 mm (carte de visite) \/ SRA 3<\/td>\n<\/tr>\n<tr align=\"left\">\n<td style=\"width: 277px;\"><strong>Largeur max. du calendrier\n<\/strong><\/td>\n<td style=\"width: 10px;\"><\/td>\n<td style=\"width: 271px;\">500 mm<\/td>\n<\/tr>\n<tr align=\"left\">\n<td style=\"width: 277px;\"><strong>Taille<\/strong><\/td>\n<td style=\"width: 10px;\"><\/td>\n<td style=\"width: 271px;\">570 x 965 x 385 mm<\/td>\n<\/tr>\n<tr align=\"left\">\n<td style=\"width: 277px;\"><strong>Poids<\/strong><\/td>\n<td style=\"width: 10px;\"><\/td>\n<td style=\"width: 271px;\">54 kg<\/td>\n<\/tr>\n<\/tbody>\n<\/table>\nPrix couteaux individuels \u20ac 275,- (hors TVA)","protected":false},"excerpt":{"rendered":"<p><strong>Cyklos ECR 40 machine \u00e0 coin rond \u00e9lectrique<\/strong><\/p>\n<p>Une machine \u00e9lectrique \u00e0 angle rond, combin\u00e9e \u00e0 un poin\u00e7onnage \u00e0 poign\u00e9e de pouce. L\u2019ECR 40 est bas\u00e9 sur le <a href=\"https:\/\/www.albyco.com\/product\/cyklos-ccr40-handmatig-rondhoeksysteem\/\">CCR-40<\/a>, la version manuelle r\u00e9ussie de cette machine.<\/p>\n","protected":false},"featured_media":37736,"comment_status":"closed","ping_status":"closed","template":"","meta":[],"product_cat":[2300,2785],"product_tag":[],"yoast_head":"<!-- This site is optimized with the Yoast SEO plugin v18.6 - https:\/\/yoast.com\/wordpress\/plugins\/seo\/ -->\n<title>Cyklos ECR 40 machine \u00e0 coin rond - Albyco<\/title>\n<meta name=\"description\" content=\"Cyklos ECR 40 machine \u00e0 coin rond \u00e9lectrique Une machine \u00e9lectrique \u00e0 angle rond, combin\u00e9e \u00e0 un poin\u00e7onnage \u00e0 poign\u00e9e de pouce. L\u2019ECR 40 est bas\u00e9 sur le CCR-40, la version manuelle r\u00e9ussie de cette machine.\" \/>\n<meta name=\"robots\" content=\"index, follow, max-snippet:-1, max-image-preview:large, max-video-preview:-1\" \/>\n<link rel=\"canonical\" href=\"https:\/\/www.albyco.com\/fr\/produit\/cyklos-ecr-40-machine-a-coin-rond-electrique\/\" \/>\n<meta property=\"og:locale\" content=\"fr_FR\" \/>\n<meta property=\"og:type\" content=\"article\" \/>\n<meta property=\"og:title\" content=\"Cyklos ECR 40 machine \u00e0 coin rond - Albyco\" \/>\n<meta property=\"og:description\" content=\"Cyklos ECR 40 machine \u00e0 coin rond \u00e9lectrique Une machine \u00e9lectrique \u00e0 angle rond, combin\u00e9e \u00e0 un poin\u00e7onnage \u00e0 poign\u00e9e de pouce. L\u2019ECR 40 est bas\u00e9 sur le CCR-40, la version manuelle r\u00e9ussie de cette machine.\" \/>\n<meta property=\"og:url\" content=\"https:\/\/www.albyco.com\/fr\/produit\/cyklos-ecr-40-machine-a-coin-rond-electrique\/\" \/>\n<meta property=\"og:site_name\" content=\"Albyco\" \/>\n<meta property=\"og:image\" content=\"https:\/\/www.albyco.com\/wp-content\/uploads\/2023\/01\/Cyklos-ECR-40-rondhoeker-1.jpg\" \/>\n\t<meta property=\"og:image:width\" content=\"800\" \/>\n\t<meta property=\"og:image:height\" content=\"533\" \/>\n\t<meta property=\"og:image:type\" content=\"image\/jpeg\" \/>\n<meta name=\"twitter:card\" content=\"summary\" \/>\n<meta name=\"twitter:site\" content=\"@AlbycoNederland\" \/>\n<meta name=\"twitter:label1\" content=\"Dur\u00e9e de lecture estim\u00e9e\" \/>\n\t<meta name=\"twitter:data1\" content=\"1 minute\" \/>\n<script type=\"application\/ld+json\" class=\"yoast-schema-graph\">{\"@context\":\"https:\/\/schema.org\",\"@graph\":[{\"@type\":\"Organization\",\"@id\":\"https:\/\/www.albyco.com\/#organization\",\"name\":\"Albyco Nederland B.V.\",\"url\":\"https:\/\/www.albyco.com\/\",\"sameAs\":[\"https:\/\/www.linkedin.com\/company\/18015670\/\",\"https:\/\/www.youtube.com\/user\/AlbycoNederland\",\"https:\/\/nl.pinterest.com\/albyco\",\"https:\/\/twitter.com\/AlbycoNederland\"],\"logo\":{\"@type\":\"ImageObject\",\"@id\":\"https:\/\/www.albyco.com\/#logo\",\"inLanguage\":\"fr-FR\",\"url\":\"https:\/\/www.albyco.com\/wp-content\/uploads\/2017\/07\/albyco_logo_hd.png\",\"contentUrl\":\"https:\/\/www.albyco.com\/wp-content\/uploads\/2017\/07\/albyco_logo_hd.png\",\"width\":300,\"height\":300,\"caption\":\"Albyco Nederland B.V.\"},\"image\":{\"@id\":\"https:\/\/www.albyco.com\/#logo\"}},{\"@type\":\"WebSite\",\"@id\":\"https:\/\/www.albyco.com\/#website\",\"url\":\"https:\/\/www.albyco.com\/\",\"name\":\"Albyco\",\"description\":\"Leverancier voor nabewerking van geprinte media\",\"publisher\":{\"@id\":\"https:\/\/www.albyco.com\/#organization\"},\"potentialAction\":[{\"@type\":\"SearchAction\",\"target\":{\"@type\":\"EntryPoint\",\"urlTemplate\":\"https:\/\/www.albyco.com\/?s={search_term_string}\"},\"query-input\":\"required name=search_term_string\"}],\"inLanguage\":\"fr-FR\"},{\"@type\":\"ImageObject\",\"@id\":\"https:\/\/www.albyco.com\/fr\/produit\/cyklos-ecr-40-machine-a-coin-rond-electrique\/#primaryimage\",\"inLanguage\":\"fr-FR\",\"url\":\"https:\/\/www.albyco.com\/wp-content\/uploads\/2023\/01\/Cyklos-ECR-40-rondhoeker-1.jpg\",\"contentUrl\":\"https:\/\/www.albyco.com\/wp-content\/uploads\/2023\/01\/Cyklos-ECR-40-rondhoeker-1.jpg\",\"width\":800,\"height\":533},{\"@type\":\"WebPage\",\"@id\":\"https:\/\/www.albyco.com\/fr\/produit\/cyklos-ecr-40-machine-a-coin-rond-electrique\/#webpage\",\"url\":\"https:\/\/www.albyco.com\/fr\/produit\/cyklos-ecr-40-machine-a-coin-rond-electrique\/\",\"name\":\"Cyklos ECR 40 machine \u00e0 coin rond - Albyco\",\"isPartOf\":{\"@id\":\"https:\/\/www.albyco.com\/#website\"},\"primaryImageOfPage\":{\"@id\":\"https:\/\/www.albyco.com\/fr\/produit\/cyklos-ecr-40-machine-a-coin-rond-electrique\/#primaryimage\"},\"datePublished\":\"2023-02-01T14:57:59+00:00\",\"dateModified\":\"2023-02-01T14:57:59+00:00\",\"description\":\"Cyklos ECR 40 machine \u00e0 coin rond \u00e9lectrique Une machine \u00e9lectrique \u00e0 angle rond, combin\u00e9e \u00e0 un poin\u00e7onnage \u00e0 poign\u00e9e de pouce. L\u2019ECR 40 est bas\u00e9 sur le CCR-40, la version manuelle r\u00e9ussie de cette machine.\",\"breadcrumb\":{\"@id\":\"https:\/\/www.albyco.com\/fr\/produit\/cyklos-ecr-40-machine-a-coin-rond-electrique\/#breadcrumb\"},\"inLanguage\":\"fr-FR\",\"potentialAction\":[{\"@type\":\"ReadAction\",\"target\":[\"https:\/\/www.albyco.com\/fr\/produit\/cyklos-ecr-40-machine-a-coin-rond-electrique\/\"]}]},{\"@type\":\"BreadcrumbList\",\"@id\":\"https:\/\/www.albyco.com\/fr\/produit\/cyklos-ecr-40-machine-a-coin-rond-electrique\/#breadcrumb\",\"itemListElement\":[{\"@type\":\"ListItem\",\"position\":1,\"name\":\"Home\",\"item\":\"https:\/\/www.albyco.com\/fr\/\"},{\"@type\":\"ListItem\",\"position\":2,\"name\":\"Les produits\",\"item\":\"https:\/\/www.albyco.com\/fr\/producten\/\"},{\"@type\":\"ListItem\",\"position\":3,\"name\":\"Cyklos ECR 40 machine \u00e0 coin rond\"}]}]}<\/script>\n<!-- \/ Yoast SEO plugin. -->","yoast_head_json":{"title":"Cyklos ECR 40 machine \u00e0 coin rond - Albyco","description":"Cyklos ECR 40 machine \u00e0 coin rond \u00e9lectrique Une machine \u00e9lectrique \u00e0 angle rond, combin\u00e9e \u00e0 un poin\u00e7onnage \u00e0 poign\u00e9e de pouce. L\u2019ECR 40 est bas\u00e9 sur le CCR-40, la version manuelle r\u00e9ussie de cette machine.","robots":{"index":"index","follow":"follow","max-snippet":"max-snippet:-1","max-image-preview":"max-image-preview:large","max-video-preview":"max-video-preview:-1"},"canonical":"https:\/\/www.albyco.com\/fr\/produit\/cyklos-ecr-40-machine-a-coin-rond-electrique\/","og_locale":"fr_FR","og_type":"article","og_title":"Cyklos ECR 40 machine \u00e0 coin rond - Albyco","og_description":"Cyklos ECR 40 machine \u00e0 coin rond \u00e9lectrique Une machine \u00e9lectrique \u00e0 angle rond, combin\u00e9e \u00e0 un poin\u00e7onnage \u00e0 poign\u00e9e de pouce. L\u2019ECR 40 est bas\u00e9 sur le CCR-40, la version manuelle r\u00e9ussie de cette machine.","og_url":"https:\/\/www.albyco.com\/fr\/produit\/cyklos-ecr-40-machine-a-coin-rond-electrique\/","og_site_name":"Albyco","og_image":[{"width":800,"height":533,"url":"https:\/\/www.albyco.com\/wp-content\/uploads\/2023\/01\/Cyklos-ECR-40-rondhoeker-1.jpg","type":"image\/jpeg"}],"twitter_card":"summary","twitter_site":"@AlbycoNederland","twitter_misc":{"Dur\u00e9e de lecture estim\u00e9e":"1 minute"},"schema":{"@context":"https:\/\/schema.org","@graph":[{"@type":"Organization","@id":"https:\/\/www.albyco.com\/#organization","name":"Albyco Nederland B.V.","url":"https:\/\/www.albyco.com\/","sameAs":["https:\/\/www.linkedin.com\/company\/18015670\/","https:\/\/www.youtube.com\/user\/AlbycoNederland","https:\/\/nl.pinterest.com\/albyco","https:\/\/twitter.com\/AlbycoNederland"],"logo":{"@type":"ImageObject","@id":"https:\/\/www.albyco.com\/#logo","inLanguage":"fr-FR","url":"https:\/\/www.albyco.com\/wp-content\/uploads\/2017\/07\/albyco_logo_hd.png","contentUrl":"https:\/\/www.albyco.com\/wp-content\/uploads\/2017\/07\/albyco_logo_hd.png","width":300,"height":300,"caption":"Albyco Nederland B.V."},"image":{"@id":"https:\/\/www.albyco.com\/#logo"}},{"@type":"WebSite","@id":"https:\/\/www.albyco.com\/#website","url":"https:\/\/www.albyco.com\/","name":"Albyco","description":"Leverancier voor nabewerking van geprinte media","publisher":{"@id":"https:\/\/www.albyco.com\/#organization"},"potentialAction":[{"@type":"SearchAction","target":{"@type":"EntryPoint","urlTemplate":"https:\/\/www.albyco.com\/?s={search_term_string}"},"query-input":"required name=search_term_string"}],"inLanguage":"fr-FR"},{"@type":"ImageObject","@id":"https:\/\/www.albyco.com\/fr\/produit\/cyklos-ecr-40-machine-a-coin-rond-electrique\/#primaryimage","inLanguage":"fr-FR","url":"https:\/\/www.albyco.com\/wp-content\/uploads\/2023\/01\/Cyklos-ECR-40-rondhoeker-1.jpg","contentUrl":"https:\/\/www.albyco.com\/wp-content\/uploads\/2023\/01\/Cyklos-ECR-40-rondhoeker-1.jpg","width":800,"height":533},{"@type":"WebPage","@id":"https:\/\/www.albyco.com\/fr\/produit\/cyklos-ecr-40-machine-a-coin-rond-electrique\/#webpage","url":"https:\/\/www.albyco.com\/fr\/produit\/cyklos-ecr-40-machine-a-coin-rond-electrique\/","name":"Cyklos ECR 40 machine \u00e0 coin rond - Albyco","isPartOf":{"@id":"https:\/\/www.albyco.com\/#website"},"primaryImageOfPage":{"@id":"https:\/\/www.albyco.com\/fr\/produit\/cyklos-ecr-40-machine-a-coin-rond-electrique\/#primaryimage"},"datePublished":"2023-02-01T14:57:59+00:00","dateModified":"2023-02-01T14:57:59+00:00","description":"Cyklos ECR 40 machine \u00e0 coin rond \u00e9lectrique Une machine \u00e9lectrique \u00e0 angle rond, combin\u00e9e \u00e0 un poin\u00e7onnage \u00e0 poign\u00e9e de pouce. L\u2019ECR 40 est bas\u00e9 sur le CCR-40, la version manuelle r\u00e9ussie de cette machine.","breadcrumb":{"@id":"https:\/\/www.albyco.com\/fr\/produit\/cyklos-ecr-40-machine-a-coin-rond-electrique\/#breadcrumb"},"inLanguage":"fr-FR","potentialAction":[{"@type":"ReadAction","target":["https:\/\/www.albyco.com\/fr\/produit\/cyklos-ecr-40-machine-a-coin-rond-electrique\/"]}]},{"@type":"BreadcrumbList","@id":"https:\/\/www.albyco.com\/fr\/produit\/cyklos-ecr-40-machine-a-coin-rond-electrique\/#breadcrumb","itemListElement":[{"@type":"ListItem","position":1,"name":"Home","item":"https:\/\/www.albyco.com\/fr\/"},{"@type":"ListItem","position":2,"name":"Les produits","item":"https:\/\/www.albyco.com\/fr\/producten\/"},{"@type":"ListItem","position":3,"name":"Cyklos ECR 40 machine \u00e0 coin rond"}]}]}},"_links":{"self":[{"href":"https:\/\/www.albyco.com\/fr\/wp-json\/wp\/v2\/product\/37805"}],"collection":[{"href":"https:\/\/www.albyco.com\/fr\/wp-json\/wp\/v2\/product"}],"about":[{"href":"https:\/\/www.albyco.com\/fr\/wp-json\/wp\/v2\/types\/product"}],"replies":[{"embeddable":true,"href":"https:\/\/www.albyco.com\/fr\/wp-json\/wp\/v2\/comments?post=37805"}],"wp:featuredmedia":[{"embeddable":true,"href":"https:\/\/www.albyco.com\/fr\/wp-json\/wp\/v2\/media\/37736"}],"wp:attachment":[{"href":"https:\/\/www.albyco.com\/fr\/wp-json\/wp\/v2\/media?parent=37805"}],"wp:term":[{"taxonomy":"product_cat","embeddable":true,"href":"https:\/\/www.albyco.com\/fr\/wp-json\/wp\/v2\/product_cat?post=37805"},{"taxonomy":"product_tag","embeddable":true,"href":"https:\/\/www.albyco.com\/fr\/wp-json\/wp\/v2\/product_tag?post=37805"}],"curies":[{"name":"wp","href":"https:\/\/api.w.org\/{rel}","templated":true}]}}