{"id":35979,"date":"2017-07-06T08:52:58","date_gmt":"2017-07-06T06:52:58","guid":{"rendered":"https:\/\/www.albyco.com\/product\/gmp-eurolam-q-idh-540-pelliculeuse-pod-systeme-de-plastification-insertion-automatique\/"},"modified":"2022-02-08T09:00:52","modified_gmt":"2022-02-08T08:00:52","slug":"gmp-eurolam-q-idh-540-pelliculeuse-pod-systeme-de-plastification-insertion-automatique","status":"publish","type":"product","link":"https:\/\/www.albyco.com\/fr\/produit\/gmp-eurolam-q-idh-540-pelliculeuse-pod-systeme-de-plastification-insertion-automatique\/","title":{"rendered":"GMP EUROLAM Q-IDH 540, pelliculeuse ( POD-) syst\u00e8me de plastification, insertion automatique"},"content":{"rendered":"<table style=\"width: 100%; border-collapse: collapse;\" border=\"0\">\r\n<tbody>\r\n<tr>\r\n<td style=\"width: 50%;\">\r\n<p class=\"product_title entry-title\"><strong>GMP EUROLAM Q-IDH 540<\/strong><strong>, pelliculeuse ( POD-) syst\u00e8me de plastification, insertion automatique<\/strong><\/p>\r\n<p class=\"p1\">GMP Eurolam Q-IDH-540 est une pelliculeuse tr\u00e8s efficace pour votre impression num\u00e9rique. La machine a un temps de chauffe tr\u00e8s court, seulement de 7 min, et a besoin de peu d\u2019espace. La machine est \u00e9quip\u00e9e d\u2019un syst\u00e8me de chauffage par induction. Par cela la machine est rapide et est tres pr\u00e9cise pour sa\u00a0 temp\u00e9rature de fonctionnement . Combin\u00e9e avec une pression pneumatique\u00a0 cette machine GMP fournit une haute qualit\u00e9 constante de traitement. Le GMP Eurolam Q-IDH-540 est en outre \u00e9quip\u00e9 d\u2019un dispositif d\u2019alimentation en courant avec une\u00a0 vitesse maximale de 6000 feuilles par heure, 30 m\/min.\u00a0 La machine traite les feuilles jusqu`\u00e1 540x800mm. La pelliculeuse POD est contr\u00f4l\u00e9 par un syst\u00e8me PLC fiable et robuste. Avec l` utilisation d` un sp\u00e9cial panneau d` acc\u00e9s, la pelliculeuse est facile d`entretien.<\/p>\r\n<\/td>\r\n<td style=\"width: 50%; text-align: center;\"><div class=\"epyt-video-wrapper\"><iframe  id=\"_ytid_42223\"  width=\"800\" height=\"450\"  data-origwidth=\"800\" data-origheight=\"450\"  data-relstop=\"1\" src=\"https:\/\/www.youtube.com\/embed\/gih2OkTDLUg?enablejsapi=1&autoplay=0&cc_load_policy=0&iv_load_policy=1&loop=0&modestbranding=0&fs=1&playsinline=1&controls=1&color=red&cc_lang_pref=&rel=0&autohide=2&theme=dark&\" class=\"__youtube_prefs__  no-lazyload\" title=\"YouTube player\"  allow=\"accelerometer; autoplay; clipboard-write; encrypted-media; gyroscope; picture-in-picture\" allowfullscreen data-no-lazy=\"1\" data-skipgform_ajax_framebjll=\"\"><\/iframe><\/div><\/td>\r\n<\/tr>\r\n<\/tbody>\r\n<\/table>\r\n&nbsp;","protected":false},"excerpt":{"rendered":"<p><strong>GMP EUROLAM Q-IDH 540<\/strong><strong>, pelliculeuse ( POD-) syst\u00e8me de plastification, insertion automatique<\/strong><\/p>\n","protected":false},"featured_media":23565,"comment_status":"open","ping_status":"closed","template":"","meta":[],"product_cat":[2300,2728,2842],"product_tag":[2843,2844,2845,2846,2847,2848,2849,2323,2850,2851,2730],"yoast_head":"<!-- This site is optimized with the Yoast SEO plugin v18.6 - https:\/\/yoast.com\/wordpress\/plugins\/seo\/ -->\n<title>GMP EUROLAM Q-IDH 540, pelliculeuse ( POD-) syst\u00e8me de plastification, insertion automatique<\/title>\n<meta name=\"description\" content=\"GMP EUROLAM Q-IDH 540, pelliculeuse ( POD-) syst\u00e8me de plastification, insertion automatique\" \/>\n<meta name=\"robots\" content=\"index, follow, max-snippet:-1, max-image-preview:large, max-video-preview:-1\" \/>\n<link rel=\"canonical\" href=\"https:\/\/www.albyco.com\/fr\/produit\/gmp-eurolam-q-idh-540-pelliculeuse-pod-systeme-de-plastification-insertion-automatique\/\" \/>\n<meta property=\"og:locale\" content=\"fr_FR\" \/>\n<meta property=\"og:type\" content=\"article\" \/>\n<meta property=\"og:title\" content=\"GMP EUROLAM Q-IDH 540, pelliculeuse ( POD-) syst\u00e8me de plastification, insertion automatique\" \/>\n<meta property=\"og:description\" content=\"GMP EUROLAM Q-IDH 540, pelliculeuse ( POD-) syst\u00e8me de plastification, insertion automatique\" \/>\n<meta property=\"og:url\" content=\"https:\/\/www.albyco.com\/fr\/produit\/gmp-eurolam-q-idh-540-pelliculeuse-pod-systeme-de-plastification-insertion-automatique\/\" \/>\n<meta property=\"og:site_name\" content=\"Albyco\" \/>\n<meta property=\"article:modified_time\" content=\"2022-02-08T08:00:52+00:00\" \/>\n<meta property=\"og:image\" content=\"https:\/\/www.albyco.com\/wp-content\/uploads\/2017\/07\/GMP-EUROLAM-Q-IDH540-SERIES-1.jpg\" \/>\n\t<meta property=\"og:image:width\" content=\"997\" \/>\n\t<meta property=\"og:image:height\" content=\"751\" \/>\n\t<meta property=\"og:image:type\" content=\"image\/jpeg\" \/>\n<meta name=\"twitter:card\" content=\"summary\" \/>\n<meta name=\"twitter:site\" content=\"@AlbycoNederland\" \/>\n<meta name=\"twitter:label1\" content=\"Dur\u00e9e de lecture estim\u00e9e\" \/>\n\t<meta name=\"twitter:data1\" content=\"1 minute\" \/>\n<script type=\"application\/ld+json\" class=\"yoast-schema-graph\">{\"@context\":\"https:\/\/schema.org\",\"@graph\":[{\"@type\":\"Organization\",\"@id\":\"https:\/\/www.albyco.com\/#organization\",\"name\":\"Albyco Nederland B.V.\",\"url\":\"https:\/\/www.albyco.com\/\",\"sameAs\":[\"https:\/\/www.linkedin.com\/company\/18015670\/\",\"https:\/\/www.youtube.com\/user\/AlbycoNederland\",\"https:\/\/nl.pinterest.com\/albyco\",\"https:\/\/twitter.com\/AlbycoNederland\"],\"logo\":{\"@type\":\"ImageObject\",\"@id\":\"https:\/\/www.albyco.com\/#logo\",\"inLanguage\":\"fr-FR\",\"url\":\"https:\/\/www.albyco.com\/wp-content\/uploads\/2017\/07\/albyco_logo_hd.png\",\"contentUrl\":\"https:\/\/www.albyco.com\/wp-content\/uploads\/2017\/07\/albyco_logo_hd.png\",\"width\":300,\"height\":300,\"caption\":\"Albyco Nederland B.V.\"},\"image\":{\"@id\":\"https:\/\/www.albyco.com\/#logo\"}},{\"@type\":\"WebSite\",\"@id\":\"https:\/\/www.albyco.com\/#website\",\"url\":\"https:\/\/www.albyco.com\/\",\"name\":\"Albyco\",\"description\":\"Leverancier voor nabewerking van geprinte media\",\"publisher\":{\"@id\":\"https:\/\/www.albyco.com\/#organization\"},\"potentialAction\":[{\"@type\":\"SearchAction\",\"target\":{\"@type\":\"EntryPoint\",\"urlTemplate\":\"https:\/\/www.albyco.com\/?s={search_term_string}\"},\"query-input\":\"required name=search_term_string\"}],\"inLanguage\":\"fr-FR\"},{\"@type\":\"ImageObject\",\"@id\":\"https:\/\/www.albyco.com\/fr\/produit\/gmp-eurolam-q-idh-540-pelliculeuse-pod-systeme-de-plastification-insertion-automatique\/#primaryimage\",\"inLanguage\":\"fr-FR\",\"url\":\"https:\/\/www.albyco.com\/wp-content\/uploads\/2017\/07\/GMP-EUROLAM-Q-IDH540-SERIES-1.jpg\",\"contentUrl\":\"https:\/\/www.albyco.com\/wp-content\/uploads\/2017\/07\/GMP-EUROLAM-Q-IDH540-SERIES-1.jpg\",\"width\":997,\"height\":751},{\"@type\":\"WebPage\",\"@id\":\"https:\/\/www.albyco.com\/fr\/produit\/gmp-eurolam-q-idh-540-pelliculeuse-pod-systeme-de-plastification-insertion-automatique\/#webpage\",\"url\":\"https:\/\/www.albyco.com\/fr\/produit\/gmp-eurolam-q-idh-540-pelliculeuse-pod-systeme-de-plastification-insertion-automatique\/\",\"name\":\"GMP EUROLAM Q-IDH 540, pelliculeuse ( POD-) syst\u00e8me de plastification, insertion automatique\",\"isPartOf\":{\"@id\":\"https:\/\/www.albyco.com\/#website\"},\"primaryImageOfPage\":{\"@id\":\"https:\/\/www.albyco.com\/fr\/produit\/gmp-eurolam-q-idh-540-pelliculeuse-pod-systeme-de-plastification-insertion-automatique\/#primaryimage\"},\"datePublished\":\"2017-07-06T06:52:58+00:00\",\"dateModified\":\"2022-02-08T08:00:52+00:00\",\"description\":\"GMP EUROLAM Q-IDH 540, pelliculeuse ( POD-) syst\u00e8me de plastification, insertion automatique\",\"breadcrumb\":{\"@id\":\"https:\/\/www.albyco.com\/fr\/produit\/gmp-eurolam-q-idh-540-pelliculeuse-pod-systeme-de-plastification-insertion-automatique\/#breadcrumb\"},\"inLanguage\":\"fr-FR\",\"potentialAction\":[{\"@type\":\"ReadAction\",\"target\":[\"https:\/\/www.albyco.com\/fr\/produit\/gmp-eurolam-q-idh-540-pelliculeuse-pod-systeme-de-plastification-insertion-automatique\/\"]}]},{\"@type\":\"BreadcrumbList\",\"@id\":\"https:\/\/www.albyco.com\/fr\/produit\/gmp-eurolam-q-idh-540-pelliculeuse-pod-systeme-de-plastification-insertion-automatique\/#breadcrumb\",\"itemListElement\":[{\"@type\":\"ListItem\",\"position\":1,\"name\":\"Home\",\"item\":\"https:\/\/www.albyco.com\/fr\/\"},{\"@type\":\"ListItem\",\"position\":2,\"name\":\"Les produits\",\"item\":\"https:\/\/www.albyco.com\/fr\/producten\/\"},{\"@type\":\"ListItem\",\"position\":3,\"name\":\"GMP EUROLAM Q-IDH 540, pelliculeuse ( POD-) syst\u00e8me de plastification, insertion automatique\"}]}]}<\/script>\n<!-- \/ Yoast SEO plugin. -->","yoast_head_json":{"title":"GMP EUROLAM Q-IDH 540, pelliculeuse ( POD-) syst\u00e8me de plastification, insertion automatique","description":"GMP EUROLAM Q-IDH 540, pelliculeuse ( POD-) syst\u00e8me de plastification, insertion automatique","robots":{"index":"index","follow":"follow","max-snippet":"max-snippet:-1","max-image-preview":"max-image-preview:large","max-video-preview":"max-video-preview:-1"},"canonical":"https:\/\/www.albyco.com\/fr\/produit\/gmp-eurolam-q-idh-540-pelliculeuse-pod-systeme-de-plastification-insertion-automatique\/","og_locale":"fr_FR","og_type":"article","og_title":"GMP EUROLAM Q-IDH 540, pelliculeuse ( POD-) syst\u00e8me de plastification, insertion automatique","og_description":"GMP EUROLAM Q-IDH 540, pelliculeuse ( POD-) syst\u00e8me de plastification, insertion automatique","og_url":"https:\/\/www.albyco.com\/fr\/produit\/gmp-eurolam-q-idh-540-pelliculeuse-pod-systeme-de-plastification-insertion-automatique\/","og_site_name":"Albyco","article_modified_time":"2022-02-08T08:00:52+00:00","og_image":[{"width":997,"height":751,"url":"https:\/\/www.albyco.com\/wp-content\/uploads\/2017\/07\/GMP-EUROLAM-Q-IDH540-SERIES-1.jpg","type":"image\/jpeg"}],"twitter_card":"summary","twitter_site":"@AlbycoNederland","twitter_misc":{"Dur\u00e9e de lecture estim\u00e9e":"1 minute"},"schema":{"@context":"https:\/\/schema.org","@graph":[{"@type":"Organization","@id":"https:\/\/www.albyco.com\/#organization","name":"Albyco Nederland B.V.","url":"https:\/\/www.albyco.com\/","sameAs":["https:\/\/www.linkedin.com\/company\/18015670\/","https:\/\/www.youtube.com\/user\/AlbycoNederland","https:\/\/nl.pinterest.com\/albyco","https:\/\/twitter.com\/AlbycoNederland"],"logo":{"@type":"ImageObject","@id":"https:\/\/www.albyco.com\/#logo","inLanguage":"fr-FR","url":"https:\/\/www.albyco.com\/wp-content\/uploads\/2017\/07\/albyco_logo_hd.png","contentUrl":"https:\/\/www.albyco.com\/wp-content\/uploads\/2017\/07\/albyco_logo_hd.png","width":300,"height":300,"caption":"Albyco Nederland B.V."},"image":{"@id":"https:\/\/www.albyco.com\/#logo"}},{"@type":"WebSite","@id":"https:\/\/www.albyco.com\/#website","url":"https:\/\/www.albyco.com\/","name":"Albyco","description":"Leverancier voor nabewerking van geprinte media","publisher":{"@id":"https:\/\/www.albyco.com\/#organization"},"potentialAction":[{"@type":"SearchAction","target":{"@type":"EntryPoint","urlTemplate":"https:\/\/www.albyco.com\/?s={search_term_string}"},"query-input":"required name=search_term_string"}],"inLanguage":"fr-FR"},{"@type":"ImageObject","@id":"https:\/\/www.albyco.com\/fr\/produit\/gmp-eurolam-q-idh-540-pelliculeuse-pod-systeme-de-plastification-insertion-automatique\/#primaryimage","inLanguage":"fr-FR","url":"https:\/\/www.albyco.com\/wp-content\/uploads\/2017\/07\/GMP-EUROLAM-Q-IDH540-SERIES-1.jpg","contentUrl":"https:\/\/www.albyco.com\/wp-content\/uploads\/2017\/07\/GMP-EUROLAM-Q-IDH540-SERIES-1.jpg","width":997,"height":751},{"@type":"WebPage","@id":"https:\/\/www.albyco.com\/fr\/produit\/gmp-eurolam-q-idh-540-pelliculeuse-pod-systeme-de-plastification-insertion-automatique\/#webpage","url":"https:\/\/www.albyco.com\/fr\/produit\/gmp-eurolam-q-idh-540-pelliculeuse-pod-systeme-de-plastification-insertion-automatique\/","name":"GMP EUROLAM Q-IDH 540, pelliculeuse ( POD-) syst\u00e8me de plastification, insertion automatique","isPartOf":{"@id":"https:\/\/www.albyco.com\/#website"},"primaryImageOfPage":{"@id":"https:\/\/www.albyco.com\/fr\/produit\/gmp-eurolam-q-idh-540-pelliculeuse-pod-systeme-de-plastification-insertion-automatique\/#primaryimage"},"datePublished":"2017-07-06T06:52:58+00:00","dateModified":"2022-02-08T08:00:52+00:00","description":"GMP EUROLAM Q-IDH 540, pelliculeuse ( POD-) syst\u00e8me de plastification, insertion automatique","breadcrumb":{"@id":"https:\/\/www.albyco.com\/fr\/produit\/gmp-eurolam-q-idh-540-pelliculeuse-pod-systeme-de-plastification-insertion-automatique\/#breadcrumb"},"inLanguage":"fr-FR","potentialAction":[{"@type":"ReadAction","target":["https:\/\/www.albyco.com\/fr\/produit\/gmp-eurolam-q-idh-540-pelliculeuse-pod-systeme-de-plastification-insertion-automatique\/"]}]},{"@type":"BreadcrumbList","@id":"https:\/\/www.albyco.com\/fr\/produit\/gmp-eurolam-q-idh-540-pelliculeuse-pod-systeme-de-plastification-insertion-automatique\/#breadcrumb","itemListElement":[{"@type":"ListItem","position":1,"name":"Home","item":"https:\/\/www.albyco.com\/fr\/"},{"@type":"ListItem","position":2,"name":"Les produits","item":"https:\/\/www.albyco.com\/fr\/producten\/"},{"@type":"ListItem","position":3,"name":"GMP EUROLAM Q-IDH 540, pelliculeuse ( POD-) syst\u00e8me de plastification, insertion automatique"}]}]}},"_links":{"self":[{"href":"https:\/\/www.albyco.com\/fr\/wp-json\/wp\/v2\/product\/35979"}],"collection":[{"href":"https:\/\/www.albyco.com\/fr\/wp-json\/wp\/v2\/product"}],"about":[{"href":"https:\/\/www.albyco.com\/fr\/wp-json\/wp\/v2\/types\/product"}],"replies":[{"embeddable":true,"href":"https:\/\/www.albyco.com\/fr\/wp-json\/wp\/v2\/comments?post=35979"}],"wp:featuredmedia":[{"embeddable":true,"href":"https:\/\/www.albyco.com\/fr\/wp-json\/wp\/v2\/media\/23565"}],"wp:attachment":[{"href":"https:\/\/www.albyco.com\/fr\/wp-json\/wp\/v2\/media?parent=35979"}],"wp:term":[{"taxonomy":"product_cat","embeddable":true,"href":"https:\/\/www.albyco.com\/fr\/wp-json\/wp\/v2\/product_cat?post=35979"},{"taxonomy":"product_tag","embeddable":true,"href":"https:\/\/www.albyco.com\/fr\/wp-json\/wp\/v2\/product_tag?post=35979"}],"curies":[{"name":"wp","href":"https:\/\/api.w.org\/{rel}","templated":true}]}}