{"id":35754,"date":"2021-11-02T13:32:37","date_gmt":"2021-11-02T12:32:37","guid":{"rendered":"https:\/\/www.albyco.com\/product\/neolt-laylam-1650-plastifieuse-a-rouleaux\/"},"modified":"2021-11-02T13:32:37","modified_gmt":"2021-11-02T12:32:37","slug":"neolt-laylam-1650-plastifieuse-a-rouleaux","status":"publish","type":"product","link":"https:\/\/www.albyco.com\/fr\/produit\/neolt-laylam-1650-plastifieuse-a-rouleaux\/","title":{"rendered":"Neolt Laylam 1650 plastifieuse \u00e0 rouleaux"},"content":{"rendered":"Le Neolt LayLam 165 a une largeur de stratification maximale de 1650 mm et une \u00e9paisseur de stratification maximale de 30 mm. Compar\u00e9e \u00e0 la pression normale du rouleau \u00e9lectrique, la pression pneumatique est sup\u00e9rieure. Celle-ci est r\u00e9glable en continu, tout comme la vitesse de plastification, ce qui rend la plastification encore plus facile.\r\n\r\nLa s\u00e9rie Laylam est con\u00e7ue et construite pour une grande vari\u00e9t\u00e9 d&#8217;applications telles qu&#8217;une large gamme d&#8217;applications d&#8217;affichage et de signalisation. La machine est \u00e9quip\u00e9e d&#8217;une capacit\u00e9 d&#8217;inversion et la vitesse de plastification maximale est de 6 m\u00e8tres par minute.\r\n\r\nEquip\u00e9 d&#8217;une p\u00e9dale.\r\nOptions\u00a0:\r\nDimensions : l 215 x p 45 x h 140 cm\r\n<p class=\"p1\">Largeur de travail max : 1 650 mm<\/p>\r\n<p class=\"p1\">Vitesse max : 6 m\/min.<\/p>\r\n<p class=\"p1\">\u00c9paisseur maximale de laminage : 30 mm<\/p>\r\n<p class=\"p1\">Profondeur de la table : 450 mm<\/p>\r\n<p class=\"p1\">Hauteur de la table de travail : 920 mm<\/p>\r\n<p class=\"p1\">Poids de la machine : 200 kg<\/p>\r\n<p class=\"p1\">Consommation \u00e9lectrique : Max. 7.5A &#8211; 1800W<\/p>","protected":false},"excerpt":{"rendered":"<p>Le Neolt LayLam 165 a une largeur de stratification maximale de 1650 mm et une \u00e9paisseur de stratification maximale de 30 mm.<\/p>\n","protected":false},"featured_media":35521,"comment_status":"closed","ping_status":"closed","template":"","meta":[],"product_cat":[2300,2855,2856,2789,3770],"product_tag":[],"yoast_head":"<!-- This site is optimized with the Yoast SEO plugin v18.6 - https:\/\/yoast.com\/wordpress\/plugins\/seo\/ -->\n<title>Neolt Laylam 1650 plastifieuse \u00e0 rouleaux - Albyco<\/title>\n<meta name=\"description\" content=\"Le Neolt LayLam 165 a une largeur de stratification maximale de 1650 mm et une \u00e9paisseur de stratification maximale de 30 mm.\" \/>\n<meta name=\"robots\" content=\"index, follow, max-snippet:-1, max-image-preview:large, max-video-preview:-1\" \/>\n<link rel=\"canonical\" href=\"https:\/\/www.albyco.com\/fr\/produit\/neolt-laylam-1650-plastifieuse-a-rouleaux\/\" \/>\n<meta property=\"og:locale\" content=\"fr_FR\" \/>\n<meta property=\"og:type\" content=\"article\" \/>\n<meta property=\"og:title\" content=\"Neolt Laylam 1650 plastifieuse \u00e0 rouleaux - Albyco\" \/>\n<meta property=\"og:description\" content=\"Le Neolt LayLam 165 a une largeur de stratification maximale de 1650 mm et une \u00e9paisseur de stratification maximale de 30 mm.\" \/>\n<meta property=\"og:url\" content=\"https:\/\/www.albyco.com\/fr\/produit\/neolt-laylam-1650-plastifieuse-a-rouleaux\/\" \/>\n<meta property=\"og:site_name\" content=\"Albyco\" \/>\n<meta property=\"og:image\" content=\"https:\/\/www.albyco.com\/wp-content\/uploads\/2021\/11\/Neolt-LayLam-1650.jpg\" \/>\n\t<meta property=\"og:image:width\" content=\"1200\" \/>\n\t<meta property=\"og:image:height\" content=\"1103\" \/>\n\t<meta property=\"og:image:type\" content=\"image\/jpeg\" \/>\n<meta name=\"twitter:card\" content=\"summary\" \/>\n<meta name=\"twitter:site\" content=\"@AlbycoNederland\" \/>\n<meta name=\"twitter:label1\" content=\"Dur\u00e9e de lecture estim\u00e9e\" \/>\n\t<meta name=\"twitter:data1\" content=\"1 minute\" \/>\n<script type=\"application\/ld+json\" class=\"yoast-schema-graph\">{\"@context\":\"https:\/\/schema.org\",\"@graph\":[{\"@type\":\"Organization\",\"@id\":\"https:\/\/www.albyco.com\/#organization\",\"name\":\"Albyco Nederland B.V.\",\"url\":\"https:\/\/www.albyco.com\/\",\"sameAs\":[\"https:\/\/www.linkedin.com\/company\/18015670\/\",\"https:\/\/www.youtube.com\/user\/AlbycoNederland\",\"https:\/\/nl.pinterest.com\/albyco\",\"https:\/\/twitter.com\/AlbycoNederland\"],\"logo\":{\"@type\":\"ImageObject\",\"@id\":\"https:\/\/www.albyco.com\/#logo\",\"inLanguage\":\"fr-FR\",\"url\":\"https:\/\/www.albyco.com\/wp-content\/uploads\/2017\/07\/albyco_logo_hd.png\",\"contentUrl\":\"https:\/\/www.albyco.com\/wp-content\/uploads\/2017\/07\/albyco_logo_hd.png\",\"width\":300,\"height\":300,\"caption\":\"Albyco Nederland B.V.\"},\"image\":{\"@id\":\"https:\/\/www.albyco.com\/#logo\"}},{\"@type\":\"WebSite\",\"@id\":\"https:\/\/www.albyco.com\/#website\",\"url\":\"https:\/\/www.albyco.com\/\",\"name\":\"Albyco\",\"description\":\"Leverancier voor nabewerking van geprinte media\",\"publisher\":{\"@id\":\"https:\/\/www.albyco.com\/#organization\"},\"potentialAction\":[{\"@type\":\"SearchAction\",\"target\":{\"@type\":\"EntryPoint\",\"urlTemplate\":\"https:\/\/www.albyco.com\/?s={search_term_string}\"},\"query-input\":\"required name=search_term_string\"}],\"inLanguage\":\"fr-FR\"},{\"@type\":\"ImageObject\",\"@id\":\"https:\/\/www.albyco.com\/fr\/produit\/neolt-laylam-1650-plastifieuse-a-rouleaux\/#primaryimage\",\"inLanguage\":\"fr-FR\",\"url\":\"https:\/\/www.albyco.com\/wp-content\/uploads\/2021\/11\/Neolt-LayLam-1650.jpg\",\"contentUrl\":\"https:\/\/www.albyco.com\/wp-content\/uploads\/2021\/11\/Neolt-LayLam-1650.jpg\",\"width\":1200,\"height\":1103,\"caption\":\"NEOLT LAYLAM 1650 Plastifieuse \u00e0 rouleaux pneumatique\"},{\"@type\":\"WebPage\",\"@id\":\"https:\/\/www.albyco.com\/fr\/produit\/neolt-laylam-1650-plastifieuse-a-rouleaux\/#webpage\",\"url\":\"https:\/\/www.albyco.com\/fr\/produit\/neolt-laylam-1650-plastifieuse-a-rouleaux\/\",\"name\":\"Neolt Laylam 1650 plastifieuse \u00e0 rouleaux - Albyco\",\"isPartOf\":{\"@id\":\"https:\/\/www.albyco.com\/#website\"},\"primaryImageOfPage\":{\"@id\":\"https:\/\/www.albyco.com\/fr\/produit\/neolt-laylam-1650-plastifieuse-a-rouleaux\/#primaryimage\"},\"datePublished\":\"2021-11-02T12:32:37+00:00\",\"dateModified\":\"2021-11-02T12:32:37+00:00\",\"description\":\"Le Neolt LayLam 165 a une largeur de stratification maximale de 1650 mm et une \u00e9paisseur de stratification maximale de 30 mm.\",\"breadcrumb\":{\"@id\":\"https:\/\/www.albyco.com\/fr\/produit\/neolt-laylam-1650-plastifieuse-a-rouleaux\/#breadcrumb\"},\"inLanguage\":\"fr-FR\",\"potentialAction\":[{\"@type\":\"ReadAction\",\"target\":[\"https:\/\/www.albyco.com\/fr\/produit\/neolt-laylam-1650-plastifieuse-a-rouleaux\/\"]}]},{\"@type\":\"BreadcrumbList\",\"@id\":\"https:\/\/www.albyco.com\/fr\/produit\/neolt-laylam-1650-plastifieuse-a-rouleaux\/#breadcrumb\",\"itemListElement\":[{\"@type\":\"ListItem\",\"position\":1,\"name\":\"Home\",\"item\":\"https:\/\/www.albyco.com\/fr\/\"},{\"@type\":\"ListItem\",\"position\":2,\"name\":\"Les produits\",\"item\":\"https:\/\/www.albyco.com\/fr\/producten\/\"},{\"@type\":\"ListItem\",\"position\":3,\"name\":\"Neolt Laylam 1650 plastifieuse \u00e0 rouleaux\"}]}]}<\/script>\n<!-- \/ Yoast SEO plugin. -->","yoast_head_json":{"title":"Neolt Laylam 1650 plastifieuse \u00e0 rouleaux - Albyco","description":"Le Neolt LayLam 165 a une largeur de stratification maximale de 1650 mm et une \u00e9paisseur de stratification maximale de 30 mm.","robots":{"index":"index","follow":"follow","max-snippet":"max-snippet:-1","max-image-preview":"max-image-preview:large","max-video-preview":"max-video-preview:-1"},"canonical":"https:\/\/www.albyco.com\/fr\/produit\/neolt-laylam-1650-plastifieuse-a-rouleaux\/","og_locale":"fr_FR","og_type":"article","og_title":"Neolt Laylam 1650 plastifieuse \u00e0 rouleaux - Albyco","og_description":"Le Neolt LayLam 165 a une largeur de stratification maximale de 1650 mm et une \u00e9paisseur de stratification maximale de 30 mm.","og_url":"https:\/\/www.albyco.com\/fr\/produit\/neolt-laylam-1650-plastifieuse-a-rouleaux\/","og_site_name":"Albyco","og_image":[{"width":1200,"height":1103,"url":"https:\/\/www.albyco.com\/wp-content\/uploads\/2021\/11\/Neolt-LayLam-1650.jpg","type":"image\/jpeg"}],"twitter_card":"summary","twitter_site":"@AlbycoNederland","twitter_misc":{"Dur\u00e9e de lecture estim\u00e9e":"1 minute"},"schema":{"@context":"https:\/\/schema.org","@graph":[{"@type":"Organization","@id":"https:\/\/www.albyco.com\/#organization","name":"Albyco Nederland B.V.","url":"https:\/\/www.albyco.com\/","sameAs":["https:\/\/www.linkedin.com\/company\/18015670\/","https:\/\/www.youtube.com\/user\/AlbycoNederland","https:\/\/nl.pinterest.com\/albyco","https:\/\/twitter.com\/AlbycoNederland"],"logo":{"@type":"ImageObject","@id":"https:\/\/www.albyco.com\/#logo","inLanguage":"fr-FR","url":"https:\/\/www.albyco.com\/wp-content\/uploads\/2017\/07\/albyco_logo_hd.png","contentUrl":"https:\/\/www.albyco.com\/wp-content\/uploads\/2017\/07\/albyco_logo_hd.png","width":300,"height":300,"caption":"Albyco Nederland B.V."},"image":{"@id":"https:\/\/www.albyco.com\/#logo"}},{"@type":"WebSite","@id":"https:\/\/www.albyco.com\/#website","url":"https:\/\/www.albyco.com\/","name":"Albyco","description":"Leverancier voor nabewerking van geprinte media","publisher":{"@id":"https:\/\/www.albyco.com\/#organization"},"potentialAction":[{"@type":"SearchAction","target":{"@type":"EntryPoint","urlTemplate":"https:\/\/www.albyco.com\/?s={search_term_string}"},"query-input":"required name=search_term_string"}],"inLanguage":"fr-FR"},{"@type":"ImageObject","@id":"https:\/\/www.albyco.com\/fr\/produit\/neolt-laylam-1650-plastifieuse-a-rouleaux\/#primaryimage","inLanguage":"fr-FR","url":"https:\/\/www.albyco.com\/wp-content\/uploads\/2021\/11\/Neolt-LayLam-1650.jpg","contentUrl":"https:\/\/www.albyco.com\/wp-content\/uploads\/2021\/11\/Neolt-LayLam-1650.jpg","width":1200,"height":1103,"caption":"NEOLT LAYLAM 1650 Plastifieuse \u00e0 rouleaux pneumatique"},{"@type":"WebPage","@id":"https:\/\/www.albyco.com\/fr\/produit\/neolt-laylam-1650-plastifieuse-a-rouleaux\/#webpage","url":"https:\/\/www.albyco.com\/fr\/produit\/neolt-laylam-1650-plastifieuse-a-rouleaux\/","name":"Neolt Laylam 1650 plastifieuse \u00e0 rouleaux - Albyco","isPartOf":{"@id":"https:\/\/www.albyco.com\/#website"},"primaryImageOfPage":{"@id":"https:\/\/www.albyco.com\/fr\/produit\/neolt-laylam-1650-plastifieuse-a-rouleaux\/#primaryimage"},"datePublished":"2021-11-02T12:32:37+00:00","dateModified":"2021-11-02T12:32:37+00:00","description":"Le Neolt LayLam 165 a une largeur de stratification maximale de 1650 mm et une \u00e9paisseur de stratification maximale de 30 mm.","breadcrumb":{"@id":"https:\/\/www.albyco.com\/fr\/produit\/neolt-laylam-1650-plastifieuse-a-rouleaux\/#breadcrumb"},"inLanguage":"fr-FR","potentialAction":[{"@type":"ReadAction","target":["https:\/\/www.albyco.com\/fr\/produit\/neolt-laylam-1650-plastifieuse-a-rouleaux\/"]}]},{"@type":"BreadcrumbList","@id":"https:\/\/www.albyco.com\/fr\/produit\/neolt-laylam-1650-plastifieuse-a-rouleaux\/#breadcrumb","itemListElement":[{"@type":"ListItem","position":1,"name":"Home","item":"https:\/\/www.albyco.com\/fr\/"},{"@type":"ListItem","position":2,"name":"Les produits","item":"https:\/\/www.albyco.com\/fr\/producten\/"},{"@type":"ListItem","position":3,"name":"Neolt Laylam 1650 plastifieuse \u00e0 rouleaux"}]}]}},"_links":{"self":[{"href":"https:\/\/www.albyco.com\/fr\/wp-json\/wp\/v2\/product\/35754"}],"collection":[{"href":"https:\/\/www.albyco.com\/fr\/wp-json\/wp\/v2\/product"}],"about":[{"href":"https:\/\/www.albyco.com\/fr\/wp-json\/wp\/v2\/types\/product"}],"replies":[{"embeddable":true,"href":"https:\/\/www.albyco.com\/fr\/wp-json\/wp\/v2\/comments?post=35754"}],"wp:featuredmedia":[{"embeddable":true,"href":"https:\/\/www.albyco.com\/fr\/wp-json\/wp\/v2\/media\/35521"}],"wp:attachment":[{"href":"https:\/\/www.albyco.com\/fr\/wp-json\/wp\/v2\/media?parent=35754"}],"wp:term":[{"taxonomy":"product_cat","embeddable":true,"href":"https:\/\/www.albyco.com\/fr\/wp-json\/wp\/v2\/product_cat?post=35754"},{"taxonomy":"product_tag","embeddable":true,"href":"https:\/\/www.albyco.com\/fr\/wp-json\/wp\/v2\/product_tag?post=35754"}],"curies":[{"name":"wp","href":"https:\/\/api.w.org\/{rel}","templated":true}]}}