{"id":35216,"date":"2021-10-01T15:34:28","date_gmt":"2021-10-01T13:34:34","guid":{"rendered":"https:\/\/www.albyco.com\/?post_type=product&#038;p=35216"},"modified":"2021-12-20T13:56:56","modified_gmt":"2021-12-20T12:56:56","slug":"albyco-ultrapunch-perforateur-professionnel-blocs-interchangeables","status":"publish","type":"product","link":"https:\/\/www.albyco.com\/fr\/produit\/albyco-ultrapunch-perforateur-professionnel-blocs-interchangeables\/","title":{"rendered":"Albyco UltraPunch Perforateur professionnel, blocs interchangeables"},"content":{"rendered":"La nouvelle perforatrice de bureau ultra-robuste Albyco UltraPunch perfore jusqu&#8217;\u00e0 35 feuilles ! Gr\u00e2ce \u00e0 l&#8217;utilisation de blocs de perforation rapidement \u00e9changeables (en option), cette centrale peut \u00eatre utilis\u00e9e de mani\u00e8re tr\u00e8s flexible. Coup de poing avec la p\u00e9dale ou automatiquement avec le capteur clip-on.\r\n\r\nPoin\u00e7onneuse \u00e9lectrique professionnelle pouvant \u00eatre utilis\u00e9e en combinaison avec blocs de perforation interchangeables pour reliure en plastique et fil (3:1 et 2:1). Construction robuste tout en m\u00e9tal, p\u00e9dale et micro-interrupteur. Capacit\u00e9 de perforation \u00e9lev\u00e9e : fil 3:1 35 feuilles\/80 gr\/m2 !\r\n\r\nChangement de bloc facile, fente de perforation ouverte pour les plus grands formats de papier. Lames de poin\u00e7onnage commutables, p\u00e9dales et commandes par capteur. Profondeur de poin\u00e7onnage r\u00e9glable.","protected":false},"excerpt":{"rendered":"<p>La nouvelle perforatrice de bureau ultra-robuste Albyco UltraPunch perfore jusqu&#8217;\u00e0 35 feuilles !<\/p>\n","protected":false},"featured_media":35204,"comment_status":"closed","ping_status":"closed","template":"","meta":[],"product_cat":[2300,2316,2749,2751],"product_tag":[2840,2814,2318,2771,3433],"yoast_head":"<!-- This site is optimized with the Yoast SEO plugin v18.6 - https:\/\/yoast.com\/wordpress\/plugins\/seo\/ -->\n<title>Albyco UltraPunch Perforateur professionnel, blocs interchangeables - Albyco<\/title>\n<meta name=\"description\" content=\"Perforateur professionnel avec des blocs interchangeables\" \/>\n<meta name=\"robots\" content=\"index, follow, max-snippet:-1, max-image-preview:large, max-video-preview:-1\" \/>\n<link rel=\"canonical\" href=\"https:\/\/www.albyco.com\/fr\/produit\/albyco-ultrapunch-perforateur-professionnel-blocs-interchangeables\/\" \/>\n<meta property=\"og:locale\" content=\"fr_FR\" \/>\n<meta property=\"og:type\" content=\"article\" \/>\n<meta property=\"og:title\" content=\"Albyco UltraPunch Perforateur professionnel, blocs interchangeables - Albyco\" \/>\n<meta property=\"og:description\" content=\"Perforateur professionnel avec des blocs interchangeables\" \/>\n<meta property=\"og:url\" content=\"https:\/\/www.albyco.com\/fr\/produit\/albyco-ultrapunch-perforateur-professionnel-blocs-interchangeables\/\" \/>\n<meta property=\"og:site_name\" content=\"Albyco\" \/>\n<meta property=\"article:modified_time\" content=\"2021-12-20T12:56:56+00:00\" \/>\n<meta property=\"og:image\" content=\"https:\/\/www.albyco.com\/wp-content\/uploads\/2021\/10\/Albyco-Ultrapunch.jpg\" \/>\n\t<meta property=\"og:image:width\" content=\"1121\" \/>\n\t<meta property=\"og:image:height\" content=\"539\" \/>\n\t<meta property=\"og:image:type\" content=\"image\/jpeg\" \/>\n<meta name=\"twitter:card\" content=\"summary\" \/>\n<meta name=\"twitter:site\" content=\"@AlbycoNederland\" \/>\n<meta name=\"twitter:label1\" content=\"Dur\u00e9e de lecture estim\u00e9e\" \/>\n\t<meta name=\"twitter:data1\" content=\"1 minute\" \/>\n<script type=\"application\/ld+json\" class=\"yoast-schema-graph\">{\"@context\":\"https:\/\/schema.org\",\"@graph\":[{\"@type\":\"Organization\",\"@id\":\"https:\/\/www.albyco.com\/#organization\",\"name\":\"Albyco Nederland B.V.\",\"url\":\"https:\/\/www.albyco.com\/\",\"sameAs\":[\"https:\/\/www.linkedin.com\/company\/18015670\/\",\"https:\/\/www.youtube.com\/user\/AlbycoNederland\",\"https:\/\/nl.pinterest.com\/albyco\",\"https:\/\/twitter.com\/AlbycoNederland\"],\"logo\":{\"@type\":\"ImageObject\",\"@id\":\"https:\/\/www.albyco.com\/#logo\",\"inLanguage\":\"fr-FR\",\"url\":\"https:\/\/www.albyco.com\/wp-content\/uploads\/2017\/07\/albyco_logo_hd.png\",\"contentUrl\":\"https:\/\/www.albyco.com\/wp-content\/uploads\/2017\/07\/albyco_logo_hd.png\",\"width\":300,\"height\":300,\"caption\":\"Albyco Nederland B.V.\"},\"image\":{\"@id\":\"https:\/\/www.albyco.com\/#logo\"}},{\"@type\":\"WebSite\",\"@id\":\"https:\/\/www.albyco.com\/#website\",\"url\":\"https:\/\/www.albyco.com\/\",\"name\":\"Albyco\",\"description\":\"Leverancier voor nabewerking van geprinte media\",\"publisher\":{\"@id\":\"https:\/\/www.albyco.com\/#organization\"},\"potentialAction\":[{\"@type\":\"SearchAction\",\"target\":{\"@type\":\"EntryPoint\",\"urlTemplate\":\"https:\/\/www.albyco.com\/?s={search_term_string}\"},\"query-input\":\"required name=search_term_string\"}],\"inLanguage\":\"fr-FR\"},{\"@type\":\"ImageObject\",\"@id\":\"https:\/\/www.albyco.com\/fr\/produit\/albyco-ultrapunch-perforateur-professionnel-blocs-interchangeables\/#primaryimage\",\"inLanguage\":\"fr-FR\",\"url\":\"https:\/\/www.albyco.com\/wp-content\/uploads\/2021\/10\/Albyco-Ultrapunch.jpg\",\"contentUrl\":\"https:\/\/www.albyco.com\/wp-content\/uploads\/2021\/10\/Albyco-Ultrapunch.jpg\",\"width\":1121,\"height\":539,\"caption\":\"Perforateur professionnel Albyco Ultrapunch, blocs interchangeables\"},{\"@type\":\"WebPage\",\"@id\":\"https:\/\/www.albyco.com\/fr\/produit\/albyco-ultrapunch-perforateur-professionnel-blocs-interchangeables\/#webpage\",\"url\":\"https:\/\/www.albyco.com\/fr\/produit\/albyco-ultrapunch-perforateur-professionnel-blocs-interchangeables\/\",\"name\":\"Albyco UltraPunch Perforateur professionnel, blocs interchangeables - Albyco\",\"isPartOf\":{\"@id\":\"https:\/\/www.albyco.com\/#website\"},\"primaryImageOfPage\":{\"@id\":\"https:\/\/www.albyco.com\/fr\/produit\/albyco-ultrapunch-perforateur-professionnel-blocs-interchangeables\/#primaryimage\"},\"datePublished\":\"2021-10-01T13:34:34+00:00\",\"dateModified\":\"2021-12-20T12:56:56+00:00\",\"description\":\"Perforateur professionnel avec des blocs interchangeables\",\"breadcrumb\":{\"@id\":\"https:\/\/www.albyco.com\/fr\/produit\/albyco-ultrapunch-perforateur-professionnel-blocs-interchangeables\/#breadcrumb\"},\"inLanguage\":\"fr-FR\",\"potentialAction\":[{\"@type\":\"ReadAction\",\"target\":[\"https:\/\/www.albyco.com\/fr\/produit\/albyco-ultrapunch-perforateur-professionnel-blocs-interchangeables\/\"]}]},{\"@type\":\"BreadcrumbList\",\"@id\":\"https:\/\/www.albyco.com\/fr\/produit\/albyco-ultrapunch-perforateur-professionnel-blocs-interchangeables\/#breadcrumb\",\"itemListElement\":[{\"@type\":\"ListItem\",\"position\":1,\"name\":\"Home\",\"item\":\"https:\/\/www.albyco.com\/fr\/\"},{\"@type\":\"ListItem\",\"position\":2,\"name\":\"Les produits\",\"item\":\"https:\/\/www.albyco.com\/fr\/producten\/\"},{\"@type\":\"ListItem\",\"position\":3,\"name\":\"Albyco UltraPunch Perforateur professionnel, blocs interchangeables\"}]}]}<\/script>\n<!-- \/ Yoast SEO plugin. -->","yoast_head_json":{"title":"Albyco UltraPunch Perforateur professionnel, blocs interchangeables - Albyco","description":"Perforateur professionnel avec des blocs interchangeables","robots":{"index":"index","follow":"follow","max-snippet":"max-snippet:-1","max-image-preview":"max-image-preview:large","max-video-preview":"max-video-preview:-1"},"canonical":"https:\/\/www.albyco.com\/fr\/produit\/albyco-ultrapunch-perforateur-professionnel-blocs-interchangeables\/","og_locale":"fr_FR","og_type":"article","og_title":"Albyco UltraPunch Perforateur professionnel, blocs interchangeables - Albyco","og_description":"Perforateur professionnel avec des blocs interchangeables","og_url":"https:\/\/www.albyco.com\/fr\/produit\/albyco-ultrapunch-perforateur-professionnel-blocs-interchangeables\/","og_site_name":"Albyco","article_modified_time":"2021-12-20T12:56:56+00:00","og_image":[{"width":1121,"height":539,"url":"https:\/\/www.albyco.com\/wp-content\/uploads\/2021\/10\/Albyco-Ultrapunch.jpg","type":"image\/jpeg"}],"twitter_card":"summary","twitter_site":"@AlbycoNederland","twitter_misc":{"Dur\u00e9e de lecture estim\u00e9e":"1 minute"},"schema":{"@context":"https:\/\/schema.org","@graph":[{"@type":"Organization","@id":"https:\/\/www.albyco.com\/#organization","name":"Albyco Nederland B.V.","url":"https:\/\/www.albyco.com\/","sameAs":["https:\/\/www.linkedin.com\/company\/18015670\/","https:\/\/www.youtube.com\/user\/AlbycoNederland","https:\/\/nl.pinterest.com\/albyco","https:\/\/twitter.com\/AlbycoNederland"],"logo":{"@type":"ImageObject","@id":"https:\/\/www.albyco.com\/#logo","inLanguage":"fr-FR","url":"https:\/\/www.albyco.com\/wp-content\/uploads\/2017\/07\/albyco_logo_hd.png","contentUrl":"https:\/\/www.albyco.com\/wp-content\/uploads\/2017\/07\/albyco_logo_hd.png","width":300,"height":300,"caption":"Albyco Nederland B.V."},"image":{"@id":"https:\/\/www.albyco.com\/#logo"}},{"@type":"WebSite","@id":"https:\/\/www.albyco.com\/#website","url":"https:\/\/www.albyco.com\/","name":"Albyco","description":"Leverancier voor nabewerking van geprinte media","publisher":{"@id":"https:\/\/www.albyco.com\/#organization"},"potentialAction":[{"@type":"SearchAction","target":{"@type":"EntryPoint","urlTemplate":"https:\/\/www.albyco.com\/?s={search_term_string}"},"query-input":"required name=search_term_string"}],"inLanguage":"fr-FR"},{"@type":"ImageObject","@id":"https:\/\/www.albyco.com\/fr\/produit\/albyco-ultrapunch-perforateur-professionnel-blocs-interchangeables\/#primaryimage","inLanguage":"fr-FR","url":"https:\/\/www.albyco.com\/wp-content\/uploads\/2021\/10\/Albyco-Ultrapunch.jpg","contentUrl":"https:\/\/www.albyco.com\/wp-content\/uploads\/2021\/10\/Albyco-Ultrapunch.jpg","width":1121,"height":539,"caption":"Perforateur professionnel Albyco Ultrapunch, blocs interchangeables"},{"@type":"WebPage","@id":"https:\/\/www.albyco.com\/fr\/produit\/albyco-ultrapunch-perforateur-professionnel-blocs-interchangeables\/#webpage","url":"https:\/\/www.albyco.com\/fr\/produit\/albyco-ultrapunch-perforateur-professionnel-blocs-interchangeables\/","name":"Albyco UltraPunch Perforateur professionnel, blocs interchangeables - Albyco","isPartOf":{"@id":"https:\/\/www.albyco.com\/#website"},"primaryImageOfPage":{"@id":"https:\/\/www.albyco.com\/fr\/produit\/albyco-ultrapunch-perforateur-professionnel-blocs-interchangeables\/#primaryimage"},"datePublished":"2021-10-01T13:34:34+00:00","dateModified":"2021-12-20T12:56:56+00:00","description":"Perforateur professionnel avec des blocs interchangeables","breadcrumb":{"@id":"https:\/\/www.albyco.com\/fr\/produit\/albyco-ultrapunch-perforateur-professionnel-blocs-interchangeables\/#breadcrumb"},"inLanguage":"fr-FR","potentialAction":[{"@type":"ReadAction","target":["https:\/\/www.albyco.com\/fr\/produit\/albyco-ultrapunch-perforateur-professionnel-blocs-interchangeables\/"]}]},{"@type":"BreadcrumbList","@id":"https:\/\/www.albyco.com\/fr\/produit\/albyco-ultrapunch-perforateur-professionnel-blocs-interchangeables\/#breadcrumb","itemListElement":[{"@type":"ListItem","position":1,"name":"Home","item":"https:\/\/www.albyco.com\/fr\/"},{"@type":"ListItem","position":2,"name":"Les produits","item":"https:\/\/www.albyco.com\/fr\/producten\/"},{"@type":"ListItem","position":3,"name":"Albyco UltraPunch Perforateur professionnel, blocs interchangeables"}]}]}},"_links":{"self":[{"href":"https:\/\/www.albyco.com\/fr\/wp-json\/wp\/v2\/product\/35216"}],"collection":[{"href":"https:\/\/www.albyco.com\/fr\/wp-json\/wp\/v2\/product"}],"about":[{"href":"https:\/\/www.albyco.com\/fr\/wp-json\/wp\/v2\/types\/product"}],"replies":[{"embeddable":true,"href":"https:\/\/www.albyco.com\/fr\/wp-json\/wp\/v2\/comments?post=35216"}],"wp:featuredmedia":[{"embeddable":true,"href":"https:\/\/www.albyco.com\/fr\/wp-json\/wp\/v2\/media\/35204"}],"wp:attachment":[{"href":"https:\/\/www.albyco.com\/fr\/wp-json\/wp\/v2\/media?parent=35216"}],"wp:term":[{"taxonomy":"product_cat","embeddable":true,"href":"https:\/\/www.albyco.com\/fr\/wp-json\/wp\/v2\/product_cat?post=35216"},{"taxonomy":"product_tag","embeddable":true,"href":"https:\/\/www.albyco.com\/fr\/wp-json\/wp\/v2\/product_tag?post=35216"}],"curies":[{"name":"wp","href":"https:\/\/api.w.org\/{rel}","templated":true}]}}