{"id":34174,"date":"2017-07-06T10:15:04","date_gmt":"2017-07-06T08:15:04","guid":{"rendered":"https:\/\/www.albyco.com\/product\/gmp-display-64-combi-plastifieuse-en-continu\/"},"modified":"2017-07-06T10:15:04","modified_gmt":"2017-07-06T08:15:04","slug":"gmp-display-64-combi-plastifieuse-en-continu","status":"publish","type":"product","link":"https:\/\/www.albyco.com\/fr\/produit\/gmp-display-64-combi-plastifieuse-en-continu\/","title":{"rendered":"GMP Display 64-Combi, plastifieuse en continu"},"content":{"rendered":"<div>\r\n<table style=\"width: 100%; border-collapse: collapse;\" border=\"0\">\r\n<tbody>\r\n<tr>\r\n<td style=\"width: 50%;\">\r\n<p class=\"p1\">La\u00a0<strong>GMP 64-s\u00e9rie Combi<\/strong> a \u00e9t\u00e9 con\u00e7ue pour un syst\u00e8me de plastification efficace \u00e0 la fois pour le graphisme que pour le environnement de signe. Cette machine convient pour la plastification, le collage et le montage demat\u00e9riaux sensibles \u00e0 la pression. La pression de rouleau et la distance sont r\u00e9glables. La machine offre un\u00a0 support thermique pour la plastification \u00e0 froid(PVC), de sorte que la colle froide s`\u00e9coule mieux et plus rapidement sur le papier.<\/p>\r\n<\/td>\r\n<td style=\"width: 50%; text-align: center;\"><div class=\"epyt-video-wrapper\"><iframe  id=\"_ytid_97284\"  width=\"800\" height=\"450\"  data-origwidth=\"800\" data-origheight=\"450\"  data-relstop=\"1\" src=\"https:\/\/www.youtube.com\/embed\/pp_qkPlp1fg?enablejsapi=1&autoplay=0&cc_load_policy=0&iv_load_policy=1&loop=0&modestbranding=0&fs=1&playsinline=1&controls=1&color=red&cc_lang_pref=&rel=0&autohide=2&theme=dark&\" class=\"__youtube_prefs__  no-lazyload\" title=\"YouTube player\"  allow=\"accelerometer; autoplay; clipboard-write; encrypted-media; gyroscope; picture-in-picture\" allowfullscreen data-no-lazy=\"1\" data-skipgform_ajax_framebjll=\"\"><\/iframe><\/div><\/td>\r\n<\/tr>\r\n<\/tbody>\r\n<\/table>\r\n<\/div>\r\n<p class=\"p1\">Vitesse maximale de plastification 5 m\/min.<\/p>\r\n<p class=\"p1\">Largeur maximale de plastification 1600 mm<\/p>\r\n<p class=\"p1\">Epaisseurs de film\u00a025 -500 microns<\/p>\r\n<p class=\"p1\">Epaisseur de papier<span class=\"Apple-tab-span\">\u00a0<\/span>80 g\/m<sup>2<\/sup>\u00a0\u2013 500 g\/m<sup>2<\/sup><\/p>\r\n<p class=\"p1\">Montage\u00a0jusqu`\u00e0 50 mm<\/p>\r\n<p class=\"p1\">Diam\u00e8tre rouleau<span class=\"Apple-tab-span\">\u00a0<\/span>100 mm<\/p>\r\n<p class=\"p1\">Consommation<span class=\"Apple-tab-span\">\u00a0<\/span>2500 W\/10,6 A<\/p>\r\n<p class=\"p1\">Temps de pr\u00e9chauffe\u00a025 min.<\/p>\r\n&nbsp;","protected":false},"excerpt":{"rendered":"<p>La\u00a0<strong>GMP 64-s\u00e9rie Combi<\/strong> a \u00e9t\u00e9 con\u00e7ue pour un syst\u00e8me de plastification efficace \u00e0 la fois pour le graphisme que pour le environnement de signe.<\/p>\n","protected":false},"featured_media":7970,"comment_status":"open","ping_status":"closed","template":"","meta":[],"product_cat":[2300,2728,2856,3770],"product_tag":[2731,2780,2857,2730,2858],"yoast_head":"<!-- This site is optimized with the Yoast SEO plugin v18.6 - https:\/\/yoast.com\/wordpress\/plugins\/seo\/ -->\n<title>GMP Display 64-Combi, plastifieuse en continu - Albyco<\/title>\n<meta name=\"description\" content=\"La\u00a0GMP 64-s\u00e9rie Combi a \u00e9t\u00e9 con\u00e7ue pour un syst\u00e8me de plastification efficace \u00e0 la fois pour le graphisme que pour le environnement de signe.\" \/>\n<meta name=\"robots\" content=\"index, follow, max-snippet:-1, max-image-preview:large, max-video-preview:-1\" \/>\n<link rel=\"canonical\" href=\"https:\/\/www.albyco.com\/fr\/produit\/gmp-display-64-combi-plastifieuse-en-continu\/\" \/>\n<meta property=\"og:locale\" content=\"fr_FR\" \/>\n<meta property=\"og:type\" content=\"article\" \/>\n<meta property=\"og:title\" content=\"GMP Display 64-Combi, plastifieuse en continu - Albyco\" \/>\n<meta property=\"og:description\" content=\"La\u00a0GMP 64-s\u00e9rie Combi a \u00e9t\u00e9 con\u00e7ue pour un syst\u00e8me de plastification efficace \u00e0 la fois pour le graphisme que pour le environnement de signe.\" \/>\n<meta property=\"og:url\" content=\"https:\/\/www.albyco.com\/fr\/produit\/gmp-display-64-combi-plastifieuse-en-continu\/\" \/>\n<meta property=\"og:site_name\" content=\"Albyco\" \/>\n<meta property=\"og:image\" content=\"https:\/\/www.albyco.com\/wp-content\/uploads\/2017\/06\/gmp-gmp-display-64-combi_GMPDISPLAY64COM.jpg\" \/>\n\t<meta property=\"og:image:width\" content=\"400\" \/>\n\t<meta property=\"og:image:height\" content=\"400\" \/>\n\t<meta property=\"og:image:type\" content=\"image\/jpeg\" \/>\n<meta name=\"twitter:card\" content=\"summary\" \/>\n<meta name=\"twitter:site\" content=\"@AlbycoNederland\" \/>\n<meta name=\"twitter:label1\" content=\"Dur\u00e9e de lecture estim\u00e9e\" \/>\n\t<meta name=\"twitter:data1\" content=\"1 minute\" \/>\n<script type=\"application\/ld+json\" class=\"yoast-schema-graph\">{\"@context\":\"https:\/\/schema.org\",\"@graph\":[{\"@type\":\"Organization\",\"@id\":\"https:\/\/www.albyco.com\/#organization\",\"name\":\"Albyco Nederland B.V.\",\"url\":\"https:\/\/www.albyco.com\/\",\"sameAs\":[\"https:\/\/www.linkedin.com\/company\/18015670\/\",\"https:\/\/www.youtube.com\/user\/AlbycoNederland\",\"https:\/\/nl.pinterest.com\/albyco\",\"https:\/\/twitter.com\/AlbycoNederland\"],\"logo\":{\"@type\":\"ImageObject\",\"@id\":\"https:\/\/www.albyco.com\/#logo\",\"inLanguage\":\"fr-FR\",\"url\":\"https:\/\/www.albyco.com\/wp-content\/uploads\/2017\/07\/albyco_logo_hd.png\",\"contentUrl\":\"https:\/\/www.albyco.com\/wp-content\/uploads\/2017\/07\/albyco_logo_hd.png\",\"width\":300,\"height\":300,\"caption\":\"Albyco Nederland B.V.\"},\"image\":{\"@id\":\"https:\/\/www.albyco.com\/#logo\"}},{\"@type\":\"WebSite\",\"@id\":\"https:\/\/www.albyco.com\/#website\",\"url\":\"https:\/\/www.albyco.com\/\",\"name\":\"Albyco\",\"description\":\"Leverancier voor nabewerking van geprinte media\",\"publisher\":{\"@id\":\"https:\/\/www.albyco.com\/#organization\"},\"potentialAction\":[{\"@type\":\"SearchAction\",\"target\":{\"@type\":\"EntryPoint\",\"urlTemplate\":\"https:\/\/www.albyco.com\/?s={search_term_string}\"},\"query-input\":\"required name=search_term_string\"}],\"inLanguage\":\"fr-FR\"},{\"@type\":\"ImageObject\",\"@id\":\"https:\/\/www.albyco.com\/fr\/produit\/gmp-display-64-combi-plastifieuse-en-continu\/#primaryimage\",\"inLanguage\":\"fr-FR\",\"url\":\"https:\/\/www.albyco.com\/wp-content\/uploads\/2017\/06\/gmp-gmp-display-64-combi_GMPDISPLAY64COM.jpg\",\"contentUrl\":\"https:\/\/www.albyco.com\/wp-content\/uploads\/2017\/06\/gmp-gmp-display-64-combi_GMPDISPLAY64COM.jpg\",\"width\":400,\"height\":400,\"caption\":\"GMP Display 64-Combi, plastifieuse en continu\"},{\"@type\":\"WebPage\",\"@id\":\"https:\/\/www.albyco.com\/fr\/produit\/gmp-display-64-combi-plastifieuse-en-continu\/#webpage\",\"url\":\"https:\/\/www.albyco.com\/fr\/produit\/gmp-display-64-combi-plastifieuse-en-continu\/\",\"name\":\"GMP Display 64-Combi, plastifieuse en continu - Albyco\",\"isPartOf\":{\"@id\":\"https:\/\/www.albyco.com\/#website\"},\"primaryImageOfPage\":{\"@id\":\"https:\/\/www.albyco.com\/fr\/produit\/gmp-display-64-combi-plastifieuse-en-continu\/#primaryimage\"},\"datePublished\":\"2017-07-06T08:15:04+00:00\",\"dateModified\":\"2017-07-06T08:15:04+00:00\",\"description\":\"La\u00a0GMP 64-s\u00e9rie Combi a \u00e9t\u00e9 con\u00e7ue pour un syst\u00e8me de plastification efficace \u00e0 la fois pour le graphisme que pour le environnement de signe.\",\"breadcrumb\":{\"@id\":\"https:\/\/www.albyco.com\/fr\/produit\/gmp-display-64-combi-plastifieuse-en-continu\/#breadcrumb\"},\"inLanguage\":\"fr-FR\",\"potentialAction\":[{\"@type\":\"ReadAction\",\"target\":[\"https:\/\/www.albyco.com\/fr\/produit\/gmp-display-64-combi-plastifieuse-en-continu\/\"]}]},{\"@type\":\"BreadcrumbList\",\"@id\":\"https:\/\/www.albyco.com\/fr\/produit\/gmp-display-64-combi-plastifieuse-en-continu\/#breadcrumb\",\"itemListElement\":[{\"@type\":\"ListItem\",\"position\":1,\"name\":\"Home\",\"item\":\"https:\/\/www.albyco.com\/fr\/\"},{\"@type\":\"ListItem\",\"position\":2,\"name\":\"Les produits\",\"item\":\"https:\/\/www.albyco.com\/fr\/producten\/\"},{\"@type\":\"ListItem\",\"position\":3,\"name\":\"GMP Display 64-Combi, plastifieuse en continu\"}]}]}<\/script>\n<!-- \/ Yoast SEO plugin. -->","yoast_head_json":{"title":"GMP Display 64-Combi, plastifieuse en continu - Albyco","description":"La\u00a0GMP 64-s\u00e9rie Combi a \u00e9t\u00e9 con\u00e7ue pour un syst\u00e8me de plastification efficace \u00e0 la fois pour le graphisme que pour le environnement de signe.","robots":{"index":"index","follow":"follow","max-snippet":"max-snippet:-1","max-image-preview":"max-image-preview:large","max-video-preview":"max-video-preview:-1"},"canonical":"https:\/\/www.albyco.com\/fr\/produit\/gmp-display-64-combi-plastifieuse-en-continu\/","og_locale":"fr_FR","og_type":"article","og_title":"GMP Display 64-Combi, plastifieuse en continu - Albyco","og_description":"La\u00a0GMP 64-s\u00e9rie Combi a \u00e9t\u00e9 con\u00e7ue pour un syst\u00e8me de plastification efficace \u00e0 la fois pour le graphisme que pour le environnement de signe.","og_url":"https:\/\/www.albyco.com\/fr\/produit\/gmp-display-64-combi-plastifieuse-en-continu\/","og_site_name":"Albyco","og_image":[{"width":400,"height":400,"url":"https:\/\/www.albyco.com\/wp-content\/uploads\/2017\/06\/gmp-gmp-display-64-combi_GMPDISPLAY64COM.jpg","type":"image\/jpeg"}],"twitter_card":"summary","twitter_site":"@AlbycoNederland","twitter_misc":{"Dur\u00e9e de lecture estim\u00e9e":"1 minute"},"schema":{"@context":"https:\/\/schema.org","@graph":[{"@type":"Organization","@id":"https:\/\/www.albyco.com\/#organization","name":"Albyco Nederland B.V.","url":"https:\/\/www.albyco.com\/","sameAs":["https:\/\/www.linkedin.com\/company\/18015670\/","https:\/\/www.youtube.com\/user\/AlbycoNederland","https:\/\/nl.pinterest.com\/albyco","https:\/\/twitter.com\/AlbycoNederland"],"logo":{"@type":"ImageObject","@id":"https:\/\/www.albyco.com\/#logo","inLanguage":"fr-FR","url":"https:\/\/www.albyco.com\/wp-content\/uploads\/2017\/07\/albyco_logo_hd.png","contentUrl":"https:\/\/www.albyco.com\/wp-content\/uploads\/2017\/07\/albyco_logo_hd.png","width":300,"height":300,"caption":"Albyco Nederland B.V."},"image":{"@id":"https:\/\/www.albyco.com\/#logo"}},{"@type":"WebSite","@id":"https:\/\/www.albyco.com\/#website","url":"https:\/\/www.albyco.com\/","name":"Albyco","description":"Leverancier voor nabewerking van geprinte media","publisher":{"@id":"https:\/\/www.albyco.com\/#organization"},"potentialAction":[{"@type":"SearchAction","target":{"@type":"EntryPoint","urlTemplate":"https:\/\/www.albyco.com\/?s={search_term_string}"},"query-input":"required name=search_term_string"}],"inLanguage":"fr-FR"},{"@type":"ImageObject","@id":"https:\/\/www.albyco.com\/fr\/produit\/gmp-display-64-combi-plastifieuse-en-continu\/#primaryimage","inLanguage":"fr-FR","url":"https:\/\/www.albyco.com\/wp-content\/uploads\/2017\/06\/gmp-gmp-display-64-combi_GMPDISPLAY64COM.jpg","contentUrl":"https:\/\/www.albyco.com\/wp-content\/uploads\/2017\/06\/gmp-gmp-display-64-combi_GMPDISPLAY64COM.jpg","width":400,"height":400,"caption":"GMP Display 64-Combi, plastifieuse en continu"},{"@type":"WebPage","@id":"https:\/\/www.albyco.com\/fr\/produit\/gmp-display-64-combi-plastifieuse-en-continu\/#webpage","url":"https:\/\/www.albyco.com\/fr\/produit\/gmp-display-64-combi-plastifieuse-en-continu\/","name":"GMP Display 64-Combi, plastifieuse en continu - Albyco","isPartOf":{"@id":"https:\/\/www.albyco.com\/#website"},"primaryImageOfPage":{"@id":"https:\/\/www.albyco.com\/fr\/produit\/gmp-display-64-combi-plastifieuse-en-continu\/#primaryimage"},"datePublished":"2017-07-06T08:15:04+00:00","dateModified":"2017-07-06T08:15:04+00:00","description":"La\u00a0GMP 64-s\u00e9rie Combi a \u00e9t\u00e9 con\u00e7ue pour un syst\u00e8me de plastification efficace \u00e0 la fois pour le graphisme que pour le environnement de signe.","breadcrumb":{"@id":"https:\/\/www.albyco.com\/fr\/produit\/gmp-display-64-combi-plastifieuse-en-continu\/#breadcrumb"},"inLanguage":"fr-FR","potentialAction":[{"@type":"ReadAction","target":["https:\/\/www.albyco.com\/fr\/produit\/gmp-display-64-combi-plastifieuse-en-continu\/"]}]},{"@type":"BreadcrumbList","@id":"https:\/\/www.albyco.com\/fr\/produit\/gmp-display-64-combi-plastifieuse-en-continu\/#breadcrumb","itemListElement":[{"@type":"ListItem","position":1,"name":"Home","item":"https:\/\/www.albyco.com\/fr\/"},{"@type":"ListItem","position":2,"name":"Les produits","item":"https:\/\/www.albyco.com\/fr\/producten\/"},{"@type":"ListItem","position":3,"name":"GMP Display 64-Combi, plastifieuse en continu"}]}]}},"_links":{"self":[{"href":"https:\/\/www.albyco.com\/fr\/wp-json\/wp\/v2\/product\/34174"}],"collection":[{"href":"https:\/\/www.albyco.com\/fr\/wp-json\/wp\/v2\/product"}],"about":[{"href":"https:\/\/www.albyco.com\/fr\/wp-json\/wp\/v2\/types\/product"}],"replies":[{"embeddable":true,"href":"https:\/\/www.albyco.com\/fr\/wp-json\/wp\/v2\/comments?post=34174"}],"wp:featuredmedia":[{"embeddable":true,"href":"https:\/\/www.albyco.com\/fr\/wp-json\/wp\/v2\/media\/7970"}],"wp:attachment":[{"href":"https:\/\/www.albyco.com\/fr\/wp-json\/wp\/v2\/media?parent=34174"}],"wp:term":[{"taxonomy":"product_cat","embeddable":true,"href":"https:\/\/www.albyco.com\/fr\/wp-json\/wp\/v2\/product_cat?post=34174"},{"taxonomy":"product_tag","embeddable":true,"href":"https:\/\/www.albyco.com\/fr\/wp-json\/wp\/v2\/product_tag?post=34174"}],"curies":[{"name":"wp","href":"https:\/\/api.w.org\/{rel}","templated":true}]}}