{"id":34159,"date":"2017-07-06T11:20:23","date_gmt":"2017-07-06T09:20:23","guid":{"rendered":"https:\/\/www.albyco.com\/product\/gmp-excelam-q1100-rs-1600-rs\/"},"modified":"2017-07-06T11:20:23","modified_gmt":"2017-07-06T09:20:23","slug":"gmp-excelam-q1100-rs-1600-rs","status":"publish","type":"product","link":"https:\/\/www.albyco.com\/fr\/produit\/gmp-excelam-q1100-rs-1600-rs\/","title":{"rendered":"GMP Excelam Q1100 RS\/1600 RS, machine \u00e0 plastifier \u00e0 chaud et \u00e0 froid larg"},"content":{"rendered":"<div>\r\n\r\nMachine \u00e0 plastifier \u00e0 chaud ou \u00e0 froid.\r\nLaize maximum de travail: 1100 mm (1670 mm)\r\n\r\nMontage sur support d une \u00e9paisseur maximum du 13 mm.\r\n\r\nContr\u00f4le de la temp\u00e9rature par \u00e9cran LCD, r\u00e9glable de 0 \u00e0 150\u00b0C.\r\nEnrouleur inclus.\r\nR\u00e9glage s\u00e9par\u00e9 de temp\u00e9rature en haut et en bas.\r\nTechnologie de chauffage par infra-rouge.\r\nNeuf r\u00e9glage standards en m\u00e9moire.\r\n\r\n<\/div>\r\n<table style=\"width: 654px;\" border=\"0\">\r\n<thead>\r\n<tr>\r\n<td style=\"width: 182px;\"><strong>GMP Excelam<\/strong><\/td>\r\n<td style=\"width: 236px;\"><strong>1100 RS<\/strong><\/td>\r\n<th style=\"text-align: left; width: 236px;\">1670 RS<\/th>\r\n<\/tr>\r\n<tr class=\"bgGray\">\r\n<td class=\"boldTd\" style=\"width: 182px;\">Vitesse de lamination<\/td>\r\n<td style=\"width: 236px;\">3m\/min<\/td>\r\n<th style=\"text-align: left; width: 236px;\">3m\/min<\/th>\r\n<\/tr>\r\n<\/thead>\r\n<tbody>\r\n<tr>\r\n<td class=\"boldTd\" style=\"width: 182px;\">Largeur de travail<\/td>\r\n<td style=\"width: 236px;\">1100 mm<\/td>\r\n<td style=\"width: 236px;\">1670 mm<\/td>\r\n<\/tr>\r\n<tr class=\"bgGray\">\r\n<td class=\"boldTd\" style=\"width: 182px;\">\u00c9paisseur du film<\/td>\r\n<td style=\"width: 236px;\">32 \u00e0 250\u00b5.<\/td>\r\n<td style=\"width: 236px;\">25 \u00e0 500 \u00b5.<\/td>\r\n<\/tr>\r\n<tr>\r\n<td class=\"boldTd\" style=\"width: 182px;\">Dimension de la machine<\/td>\r\n<td style=\"width: 236px;\">1500x710x1250mm<\/td>\r\n<td style=\"width: 236px;\">2000 x 710 x 1250 mm<\/td>\r\n<\/tr>\r\n<tr class=\"bgGray\">\r\n<td class=\"boldTd\" style=\"width: 182px;\">Alimentation<\/td>\r\n<td style=\"width: 236px;\">220-240V \/ 50-60Hz<\/td>\r\n<td style=\"width: 236px;\">220-240V \/ 50-60Hz<\/td>\r\n<\/tr>\r\n<tr>\r\n<td class=\"boldTd\" style=\"width: 182px;\">Consommation<\/td>\r\n<td style=\"width: 236px;\">3300 W, 15 A<\/td>\r\n<td style=\"width: 236px;\">3300 W, 15 A<\/td>\r\n<\/tr>\r\n<tr class=\"bgGray\">\r\n<td class=\"boldTd\" style=\"width: 182px;\">Poids<\/td>\r\n<td style=\"width: 236px;\">193 kg<\/td>\r\n<td style=\"width: 236px;\">249 kg<\/td>\r\n<\/tr>\r\n<\/tbody>\r\n<\/table>\r\n&nbsp;","protected":false},"excerpt":{"rendered":"<p>Machine \u00e0 plastifier \u00e0 chaud ou \u00e0 froid.<br \/>\nLaize maximum de travail: 1100 mm (1670 mm)<\/p>\n","protected":false},"featured_media":7960,"comment_status":"open","ping_status":"closed","template":"","meta":[],"product_cat":[2300,2728,2855],"product_tag":[2731,2780,2857,2730,2858],"yoast_head":"<!-- This site is optimized with the Yoast SEO plugin v18.6 - https:\/\/yoast.com\/wordpress\/plugins\/seo\/ -->\n<title>GMP Excelam Q1100 RS\/1600 RS, machine \u00e0 plastifier \u00e0 chaud et \u00e0 froid larg - Albyco<\/title>\n<meta name=\"description\" content=\"Machine \u00e0 plastifier \u00e0 chaud ou \u00e0 froid. Laize maximum de travail: 1100 mm (1670 mm)\" \/>\n<meta name=\"robots\" content=\"index, follow, max-snippet:-1, max-image-preview:large, max-video-preview:-1\" \/>\n<link rel=\"canonical\" href=\"https:\/\/www.albyco.com\/fr\/produit\/gmp-excelam-q1100-rs-1600-rs\/\" \/>\n<meta property=\"og:locale\" content=\"fr_FR\" \/>\n<meta property=\"og:type\" content=\"article\" \/>\n<meta property=\"og:title\" content=\"GMP Excelam Q1100 RS\/1600 RS, machine \u00e0 plastifier \u00e0 chaud et \u00e0 froid larg - Albyco\" \/>\n<meta property=\"og:description\" content=\"Machine \u00e0 plastifier \u00e0 chaud ou \u00e0 froid. Laize maximum de travail: 1100 mm (1670 mm)\" \/>\n<meta property=\"og:url\" content=\"https:\/\/www.albyco.com\/fr\/produit\/gmp-excelam-q1100-rs-1600-rs\/\" \/>\n<meta property=\"og:site_name\" content=\"Albyco\" \/>\n<meta property=\"og:image\" content=\"https:\/\/www.albyco.com\/wp-content\/uploads\/2017\/06\/gmp-gmp-excelam-q1100rs-en-q1670rs_GMPEXQ1670RS.jpg\" \/>\n\t<meta property=\"og:image:width\" content=\"400\" \/>\n\t<meta property=\"og:image:height\" content=\"400\" \/>\n\t<meta property=\"og:image:type\" content=\"image\/jpeg\" \/>\n<meta name=\"twitter:card\" content=\"summary\" \/>\n<meta name=\"twitter:site\" content=\"@AlbycoNederland\" \/>\n<meta name=\"twitter:label1\" content=\"Dur\u00e9e de lecture estim\u00e9e\" \/>\n\t<meta name=\"twitter:data1\" content=\"1 minute\" \/>\n<script type=\"application\/ld+json\" class=\"yoast-schema-graph\">{\"@context\":\"https:\/\/schema.org\",\"@graph\":[{\"@type\":\"Organization\",\"@id\":\"https:\/\/www.albyco.com\/#organization\",\"name\":\"Albyco Nederland B.V.\",\"url\":\"https:\/\/www.albyco.com\/\",\"sameAs\":[\"https:\/\/www.linkedin.com\/company\/18015670\/\",\"https:\/\/www.youtube.com\/user\/AlbycoNederland\",\"https:\/\/nl.pinterest.com\/albyco\",\"https:\/\/twitter.com\/AlbycoNederland\"],\"logo\":{\"@type\":\"ImageObject\",\"@id\":\"https:\/\/www.albyco.com\/#logo\",\"inLanguage\":\"fr-FR\",\"url\":\"https:\/\/www.albyco.com\/wp-content\/uploads\/2017\/07\/albyco_logo_hd.png\",\"contentUrl\":\"https:\/\/www.albyco.com\/wp-content\/uploads\/2017\/07\/albyco_logo_hd.png\",\"width\":300,\"height\":300,\"caption\":\"Albyco Nederland B.V.\"},\"image\":{\"@id\":\"https:\/\/www.albyco.com\/#logo\"}},{\"@type\":\"WebSite\",\"@id\":\"https:\/\/www.albyco.com\/#website\",\"url\":\"https:\/\/www.albyco.com\/\",\"name\":\"Albyco\",\"description\":\"Leverancier voor nabewerking van geprinte media\",\"publisher\":{\"@id\":\"https:\/\/www.albyco.com\/#organization\"},\"potentialAction\":[{\"@type\":\"SearchAction\",\"target\":{\"@type\":\"EntryPoint\",\"urlTemplate\":\"https:\/\/www.albyco.com\/?s={search_term_string}\"},\"query-input\":\"required name=search_term_string\"}],\"inLanguage\":\"fr-FR\"},{\"@type\":\"ImageObject\",\"@id\":\"https:\/\/www.albyco.com\/fr\/produit\/gmp-excelam-q1100-rs-1600-rs\/#primaryimage\",\"inLanguage\":\"fr-FR\",\"url\":\"https:\/\/www.albyco.com\/wp-content\/uploads\/2017\/06\/gmp-gmp-excelam-q1100rs-en-q1670rs_GMPEXQ1670RS.jpg\",\"contentUrl\":\"https:\/\/www.albyco.com\/wp-content\/uploads\/2017\/06\/gmp-gmp-excelam-q1100rs-en-q1670rs_GMPEXQ1670RS.jpg\",\"width\":400,\"height\":400,\"caption\":\"GMP Excelam Q1100RS et Q1670RS, plastification et collage jusqu`\u00e0 13 mm\"},{\"@type\":\"WebPage\",\"@id\":\"https:\/\/www.albyco.com\/fr\/produit\/gmp-excelam-q1100-rs-1600-rs\/#webpage\",\"url\":\"https:\/\/www.albyco.com\/fr\/produit\/gmp-excelam-q1100-rs-1600-rs\/\",\"name\":\"GMP Excelam Q1100 RS\/1600 RS, machine \u00e0 plastifier \u00e0 chaud et \u00e0 froid larg - Albyco\",\"isPartOf\":{\"@id\":\"https:\/\/www.albyco.com\/#website\"},\"primaryImageOfPage\":{\"@id\":\"https:\/\/www.albyco.com\/fr\/produit\/gmp-excelam-q1100-rs-1600-rs\/#primaryimage\"},\"datePublished\":\"2017-07-06T09:20:23+00:00\",\"dateModified\":\"2017-07-06T09:20:23+00:00\",\"description\":\"Machine \u00e0 plastifier \u00e0 chaud ou \u00e0 froid. Laize maximum de travail: 1100 mm (1670 mm)\",\"breadcrumb\":{\"@id\":\"https:\/\/www.albyco.com\/fr\/produit\/gmp-excelam-q1100-rs-1600-rs\/#breadcrumb\"},\"inLanguage\":\"fr-FR\",\"potentialAction\":[{\"@type\":\"ReadAction\",\"target\":[\"https:\/\/www.albyco.com\/fr\/produit\/gmp-excelam-q1100-rs-1600-rs\/\"]}]},{\"@type\":\"BreadcrumbList\",\"@id\":\"https:\/\/www.albyco.com\/fr\/produit\/gmp-excelam-q1100-rs-1600-rs\/#breadcrumb\",\"itemListElement\":[{\"@type\":\"ListItem\",\"position\":1,\"name\":\"Home\",\"item\":\"https:\/\/www.albyco.com\/fr\/\"},{\"@type\":\"ListItem\",\"position\":2,\"name\":\"Les produits\",\"item\":\"https:\/\/www.albyco.com\/fr\/producten\/\"},{\"@type\":\"ListItem\",\"position\":3,\"name\":\"GMP Excelam Q1100 RS\/1600 RS, machine \u00e0 plastifier \u00e0 chaud et \u00e0 froid larg\"}]}]}<\/script>\n<!-- \/ Yoast SEO plugin. -->","yoast_head_json":{"title":"GMP Excelam Q1100 RS\/1600 RS, machine \u00e0 plastifier \u00e0 chaud et \u00e0 froid larg - Albyco","description":"Machine \u00e0 plastifier \u00e0 chaud ou \u00e0 froid. Laize maximum de travail: 1100 mm (1670 mm)","robots":{"index":"index","follow":"follow","max-snippet":"max-snippet:-1","max-image-preview":"max-image-preview:large","max-video-preview":"max-video-preview:-1"},"canonical":"https:\/\/www.albyco.com\/fr\/produit\/gmp-excelam-q1100-rs-1600-rs\/","og_locale":"fr_FR","og_type":"article","og_title":"GMP Excelam Q1100 RS\/1600 RS, machine \u00e0 plastifier \u00e0 chaud et \u00e0 froid larg - Albyco","og_description":"Machine \u00e0 plastifier \u00e0 chaud ou \u00e0 froid. Laize maximum de travail: 1100 mm (1670 mm)","og_url":"https:\/\/www.albyco.com\/fr\/produit\/gmp-excelam-q1100-rs-1600-rs\/","og_site_name":"Albyco","og_image":[{"width":400,"height":400,"url":"https:\/\/www.albyco.com\/wp-content\/uploads\/2017\/06\/gmp-gmp-excelam-q1100rs-en-q1670rs_GMPEXQ1670RS.jpg","type":"image\/jpeg"}],"twitter_card":"summary","twitter_site":"@AlbycoNederland","twitter_misc":{"Dur\u00e9e de lecture estim\u00e9e":"1 minute"},"schema":{"@context":"https:\/\/schema.org","@graph":[{"@type":"Organization","@id":"https:\/\/www.albyco.com\/#organization","name":"Albyco Nederland B.V.","url":"https:\/\/www.albyco.com\/","sameAs":["https:\/\/www.linkedin.com\/company\/18015670\/","https:\/\/www.youtube.com\/user\/AlbycoNederland","https:\/\/nl.pinterest.com\/albyco","https:\/\/twitter.com\/AlbycoNederland"],"logo":{"@type":"ImageObject","@id":"https:\/\/www.albyco.com\/#logo","inLanguage":"fr-FR","url":"https:\/\/www.albyco.com\/wp-content\/uploads\/2017\/07\/albyco_logo_hd.png","contentUrl":"https:\/\/www.albyco.com\/wp-content\/uploads\/2017\/07\/albyco_logo_hd.png","width":300,"height":300,"caption":"Albyco Nederland B.V."},"image":{"@id":"https:\/\/www.albyco.com\/#logo"}},{"@type":"WebSite","@id":"https:\/\/www.albyco.com\/#website","url":"https:\/\/www.albyco.com\/","name":"Albyco","description":"Leverancier voor nabewerking van geprinte media","publisher":{"@id":"https:\/\/www.albyco.com\/#organization"},"potentialAction":[{"@type":"SearchAction","target":{"@type":"EntryPoint","urlTemplate":"https:\/\/www.albyco.com\/?s={search_term_string}"},"query-input":"required name=search_term_string"}],"inLanguage":"fr-FR"},{"@type":"ImageObject","@id":"https:\/\/www.albyco.com\/fr\/produit\/gmp-excelam-q1100-rs-1600-rs\/#primaryimage","inLanguage":"fr-FR","url":"https:\/\/www.albyco.com\/wp-content\/uploads\/2017\/06\/gmp-gmp-excelam-q1100rs-en-q1670rs_GMPEXQ1670RS.jpg","contentUrl":"https:\/\/www.albyco.com\/wp-content\/uploads\/2017\/06\/gmp-gmp-excelam-q1100rs-en-q1670rs_GMPEXQ1670RS.jpg","width":400,"height":400,"caption":"GMP Excelam Q1100RS et Q1670RS, plastification et collage jusqu`\u00e0 13 mm"},{"@type":"WebPage","@id":"https:\/\/www.albyco.com\/fr\/produit\/gmp-excelam-q1100-rs-1600-rs\/#webpage","url":"https:\/\/www.albyco.com\/fr\/produit\/gmp-excelam-q1100-rs-1600-rs\/","name":"GMP Excelam Q1100 RS\/1600 RS, machine \u00e0 plastifier \u00e0 chaud et \u00e0 froid larg - Albyco","isPartOf":{"@id":"https:\/\/www.albyco.com\/#website"},"primaryImageOfPage":{"@id":"https:\/\/www.albyco.com\/fr\/produit\/gmp-excelam-q1100-rs-1600-rs\/#primaryimage"},"datePublished":"2017-07-06T09:20:23+00:00","dateModified":"2017-07-06T09:20:23+00:00","description":"Machine \u00e0 plastifier \u00e0 chaud ou \u00e0 froid. Laize maximum de travail: 1100 mm (1670 mm)","breadcrumb":{"@id":"https:\/\/www.albyco.com\/fr\/produit\/gmp-excelam-q1100-rs-1600-rs\/#breadcrumb"},"inLanguage":"fr-FR","potentialAction":[{"@type":"ReadAction","target":["https:\/\/www.albyco.com\/fr\/produit\/gmp-excelam-q1100-rs-1600-rs\/"]}]},{"@type":"BreadcrumbList","@id":"https:\/\/www.albyco.com\/fr\/produit\/gmp-excelam-q1100-rs-1600-rs\/#breadcrumb","itemListElement":[{"@type":"ListItem","position":1,"name":"Home","item":"https:\/\/www.albyco.com\/fr\/"},{"@type":"ListItem","position":2,"name":"Les produits","item":"https:\/\/www.albyco.com\/fr\/producten\/"},{"@type":"ListItem","position":3,"name":"GMP Excelam Q1100 RS\/1600 RS, machine \u00e0 plastifier \u00e0 chaud et \u00e0 froid larg"}]}]}},"_links":{"self":[{"href":"https:\/\/www.albyco.com\/fr\/wp-json\/wp\/v2\/product\/34159"}],"collection":[{"href":"https:\/\/www.albyco.com\/fr\/wp-json\/wp\/v2\/product"}],"about":[{"href":"https:\/\/www.albyco.com\/fr\/wp-json\/wp\/v2\/types\/product"}],"replies":[{"embeddable":true,"href":"https:\/\/www.albyco.com\/fr\/wp-json\/wp\/v2\/comments?post=34159"}],"wp:featuredmedia":[{"embeddable":true,"href":"https:\/\/www.albyco.com\/fr\/wp-json\/wp\/v2\/media\/7960"}],"wp:attachment":[{"href":"https:\/\/www.albyco.com\/fr\/wp-json\/wp\/v2\/media?parent=34159"}],"wp:term":[{"taxonomy":"product_cat","embeddable":true,"href":"https:\/\/www.albyco.com\/fr\/wp-json\/wp\/v2\/product_cat?post=34159"},{"taxonomy":"product_tag","embeddable":true,"href":"https:\/\/www.albyco.com\/fr\/wp-json\/wp\/v2\/product_tag?post=34159"}],"curies":[{"name":"wp","href":"https:\/\/api.w.org\/{rel}","templated":true}]}}