{"id":34144,"date":"2019-09-30T11:12:10","date_gmt":"2019-09-30T09:12:10","guid":{"rendered":"https:\/\/www.albyco.com\/product\/gmp-qsleek-380-idh-voegt-3d-folie-toe-aan-duplo-dusense-spot-uv-coating\/"},"modified":"2023-05-17T01:14:14","modified_gmt":"2023-05-16T23:14:14","slug":"gmp-qsleek-380-idh-voegt-3d-folie-toe-aan-duplo-dusense-spot-uv-coating","status":"publish","type":"product","link":"https:\/\/www.albyco.com\/fr\/produit\/gmp-qsleek-380-idh-voegt-3d-folie-toe-aan-duplo-dusense-spot-uv-coating\/","title":{"rendered":"GMP QSleek 380 IDH ajoute une feuille 3D \u00e0 Duplo DuSense spot UV enrobage"},"content":{"rendered":"<table style=\"width: 100%; border-collapse: collapse;\" border=\"0\">\r\n<tbody>\r\n<tr>\r\n<td style=\"width: 50%;\">La <strong>GMP QSleek 380 IDH<\/strong> est une machine semi-automatique pour film 3D, d\u00e9velopp\u00e9e en \u00e9troite collaboration entre Albyco, Duplo et GMP. Le GMP Q-Sleek ajoute une feuille 3D au rev\u00eatement UV ponctuel Duplo DuSense. Fonctionne parfaitement avec les films de plastification sp\u00e9cialement con\u00e7us et les films 3D de diff\u00e9rentes couleurs !<\/td>\r\n<td style=\"width: 50%; text-align: center;\"><div class=\"epyt-video-wrapper\"><iframe  id=\"_ytid_76452\"  width=\"800\" height=\"450\"  data-origwidth=\"800\" data-origheight=\"450\"  data-relstop=\"1\" src=\"https:\/\/www.youtube.com\/embed\/QyZTgU71Lcc?enablejsapi=1&autoplay=0&cc_load_policy=0&iv_load_policy=1&loop=0&modestbranding=0&fs=1&playsinline=1&controls=1&color=red&cc_lang_pref=&rel=0&autohide=2&theme=dark&\" class=\"__youtube_prefs__  no-lazyload\" title=\"YouTube player\"  allow=\"accelerometer; autoplay; clipboard-write; encrypted-media; gyroscope; picture-in-picture\" allowfullscreen data-no-lazy=\"1\" data-skipgform_ajax_framebjll=\"\"><\/iframe><\/div><\/td>\r\n<\/tr>\r\n<\/tbody>\r\n<\/table>\r\n<table style=\"width: 80%; border-collapse: collapse; background-color: #ffffff; border-color: #ffffff;\" border=\"0\">\r\n<tbody>\r\n<tr>\r\n<td style=\"width: 100%; background-color: #ffffff;\"><strong>R\u00e9sultats de foil parfaits :<\/strong>\r\nLe QSleek 380IDH poss\u00e8de le syst\u00e8me de chauffage embarqu\u00e9 le plus fiable disponible sur le march\u00e9. Le syst\u00e8me install\u00e9 dans le QSleek 380 IDH est un chauffage par induction. La condition la plus importante pour une adh\u00e9rence parfaite de la feuille m\u00e9tallique \u00e0 la peinture DuSense est de maintenir une temp\u00e9rature de fonctionnement tr\u00e8s stable. Le chauffage par induction est un moyen tr\u00e8s rapide de fournir du chauffage.\r\nLa surface de roulement est mesur\u00e9e en continu avec un capteur de chaleur de tr\u00e8s haute qualit\u00e9. Si la temp\u00e9rature baisse m\u00eame l\u00e9g\u00e8rement, le chauffage par induction garantit que la surface est chauff\u00e9e \u00e0 la temp\u00e9rature souhait\u00e9e de la mani\u00e8re la plus rapide possible. Les caloducs distribuent l&#8217;\u00e9nergie existante dans le serpentin de chaque c\u00f4t\u00e9 du serpentin, il n&#8217;y aura donc pas de perte d&#8217;\u00e9nergie, mais la chaleur sera r\u00e9partie uniform\u00e9ment sur la surface du serpentin.<\/td>\r\n<\/tr>\r\n<tr>\r\n<td style=\"width: 100%; background-color: #ffffff;\"><strong>Caoutchouc :\r\n<\/strong>Le rouleau chauffant lui-m\u00eame est recouvert d&#8217;un caoutchouc de silicone sp\u00e9cialement formul\u00e9 pour suivre parfaitement les hauts et les bas de la surface rev\u00eatue. Le d\u00e9fi est de suivre non seulement la couverture de 20 microns du vernis DuSense, mais aussi les endroits recouverts de 80 microns ou m\u00eame plus. Il n&#8217;y a pas de diff\u00e9rence si vous souhaitez fournir des lignes d\u00e9taill\u00e9es avec du papier d&#8217;aluminium ou des surfaces solides, le caoutchouc suit exactement.<\/td>\r\n<\/tr>\r\n<tr>\r\n<td style=\"width: 100%; background-color: #ffffff;\"><strong>Refroidissement :\r\n<\/strong>Plusieurs parties d\u00e9licates de la machine elle-m\u00eame, ainsi que les substrats vernis avec DuSense 3D, sont sensibles \u00e0 la chaleur (fluctuation) et doivent rester \u00e0 une temp\u00e9rature stable. Afin de refroidir les pi\u00e8ces de la machine qui peuvent chauffer, plusieurs ventilateurs sont install\u00e9s pour refroidir avec l&#8217;air de l&#8217;environnement.<\/td>\r\n<\/tr>\r\n<tr>\r\n<td style=\"width: 100%; background-color: #ffffff;\"><strong>Feuille 3D :\r\n<\/strong>Le film <strong>Albyco 3D<\/strong> est con\u00e7u avec une \u00e9lasticit\u00e9 ultra \u00e9lev\u00e9e. Afin de couvrir les rev\u00eatements 3D de grande hauteur de haut en bas, il est important de pouvoir plier le film autant que n\u00e9cessaire sans d\u00e9chirer la surface.\r\nLe film 3D adh\u00e8re \u00e0 tout type de polym\u00e8re, y compris le toner \/ E-ink. Il est donc fortement recommand\u00e9 d&#8217;utiliser un film de plastification avant de peindre avec DuSense. Une fois lamin\u00e9, le film 3D ne collera qu&#8217;au vernis DuSense<\/td>\r\n<\/tr>\r\n<tr>\r\n<td style=\"width: 100%; background-color: #ffffff;\"><strong>Semi-automatique :<\/strong>\r\nLe Qsleek est \u00e9quip\u00e9 d&#8217;une table d&#8217;alimentation manuelle. Cela signifie que chaque feuille doit \u00eatre plac\u00e9e s\u00e9par\u00e9ment sur la table. Les courroies d&#8217;alimentation aligneront les feuilles contre le palier au niveau de l&#8217;ouverture d&#8217;alimentation. La machine alimente les feuilles dans le QSleek au meilleur moment. Il existe des options pour installer un chargeur externe avec capteur devant la table d&#8217;alimentation pour garantir que les feuilles sur la table sont aliment\u00e9es exactement au bon moment.<\/td>\r\n<\/tr>\r\n<tr>\r\n<td style=\"width: 100%; background-color: #ffffff;\"><strong>Syst\u00e8me d&#8217;entr\u00e9e\u00a0:<\/strong>\r\nPour alimenter en permanence le papier dans la machine, le syst\u00e8me d&#8217;alimentation innovant de GMP est install\u00e9. Contrairement \u00e0 une plastifieuse o\u00f9 les feuilles doivent \u00eatre aliment\u00e9es en chevauchement, les papiers de la QSleek sont aliment\u00e9s avec une ouverture d&#8217;environ 20 mm. Ceci a \u00e9t\u00e9 choisi pour emp\u00eacher les rouleaux de rebondir et ainsi d&#8217;endommager le rev\u00eatement au d\u00e9but de chaque bord du papier.<\/td>\r\n<\/tr>\r\n<tr>\r\n<td style=\"width: 100%; background-color: #ffffff;\"><strong>Pression des rouleaux r\u00e9glable\u00a0:<\/strong>\r\nSelon l&#8217;\u00e9paisseur du mat\u00e9riau, une pression plus ou moins \u00e9lev\u00e9e des rouleaux est requise. La pression est facilement r\u00e9glable en continu. Des vannes de pression de haute qualit\u00e9 sont install\u00e9es dans la machine et peuvent fournir encore plus de pression que possible.<\/td>\r\n<\/tr>\r\n<tr>\r\n<td style=\"width: 100%; background-color: #ffffff;\"><strong>Compresseur :\r\n<\/strong>Le QSleek est livr\u00e9 avec un compresseur haute capacit\u00e9 capable de pressuriser autant d&#8217;air que n\u00e9cessaire. Avec le raccord rapide, il est \u00e9galement possible d&#8217;utiliser le syst\u00e8me d&#8217;air comprim\u00e9 interne de l&#8217;environnement d&#8217;exploitation. Assurez-vous que l&#8217;air est sec avant d&#8217;entrer dans le QSleek en raison des zones sensibles \u00e0 l&#8217;humidit\u00e9.<\/td>\r\n<\/tr>\r\n<tr>\r\n<td style=\"width: 100%; background-color: #ffffff;\"><strong>\u00c9cran tactile :\r\n<\/strong>Les principales fonctions de la machine sont contr\u00f4l\u00e9es \u00e0 partir d&#8217;un \u00e9cran tactile. Il affiche la temp\u00e9rature actuelle et peut \u00eatre facilement r\u00e9gl\u00e9. Mont\u00e9 sur le c\u00f4t\u00e9 alimentation de la machine, c&#8217;est la position id\u00e9ale pour modifier les param\u00e8tres pendant un travail.<\/td>\r\n<\/tr>\r\n<tr>\r\n<td style=\"width: 100%; background-color: #ffffff;\"><strong>Syst\u00e8me en porte-\u00e0-faux\u00a0:<\/strong>\r\nLe changement des rouleaux de film 3D est facilit\u00e9 gr\u00e2ce au syst\u00e8me en porte-\u00e0-faux. Les axes sur lesquels les rouleaux sont mont\u00e9s sont fix\u00e9s du c\u00f4t\u00e9 de l&#8217;utilisateur, ce qui rend le changement de rouleau aussi simple qu&#8217;un simple glissement du rouleau en place.<\/td>\r\n<\/tr>\r\n<\/tbody>\r\n<\/table>\r\n<table style=\"width: 54.9427%; border-collapse: collapse;\" border=\"0\">\r\n<tbody>\r\n<tr style=\"height: 24px;\">\r\n<td style=\"width: 33.0229%; height: 1px;\"><strong>GMP QSleek 380 IDH<\/strong><\/td>\r\n<td style=\"width: 21.9198%; height: 1px;\"><\/td>\r\n<\/tr>\r\n<tr style=\"height: 59px;\">\r\n<td style=\"width: 33.0229%; height: 1px;\">Table d&#8217;alimentation r\u00e9glable<\/td>\r\n<td style=\"width: 21.9198%; height: 1px;\">\r\n<p class=\"p1\">0<sup>0<\/sup>, 5<sup>0<\/sup> &amp; 10<sup>0<\/sup><\/p>\r\n<\/td>\r\n<\/tr>\r\n<tr style=\"height: 56px;\">\r\n<td style=\"width: 33.0229%; height: 1px;\">La vitesse<\/td>\r\n<td style=\"width: 21.9198%; height: 1px;\">\r\n<p class=\"p1\">1 mtr\/min<span class=\"Apple-converted-space\">\u00a0 <\/span>&#8211; 10 m\/min<\/p>\r\n<\/td>\r\n<\/tr>\r\n<tr style=\"height: 56px;\">\r\n<td style=\"width: 33.0229%; height: 1px;\">Max. format de feuille<\/td>\r\n<td style=\"width: 21.9198%; height: 1px;\">\r\n<p class=\"p1\">380 x 700<\/p>\r\n<\/td>\r\n<\/tr>\r\n<tr style=\"height: 23px;\">\r\n<td style=\"width: 33.0229%; height: 1px;\">Film recommand\u00e9<\/td>\r\n<td style=\"width: 21.9198%; height: 1px;\">\r\n<p class=\"p1\">Albyco 3D Foil<\/p>\r\n<\/td>\r\n<\/tr>\r\n<tr style=\"height: 24px;\">\r\n<td style=\"width: 33.0229%; height: 1px;\">\u00c9paisseurs de papier<\/td>\r\n<td style=\"width: 21.9198%; height: 1px;\">\r\n<p class=\"p1\">120 &#8211; 400 g\/m\u00b2<span style=\"font-family: inherit; font-size: inherit;\">\u00a0<\/span><\/p>\r\n<\/td>\r\n<\/tr>\r\n<tr style=\"height: 24px;\">\r\n<td style=\"width: 33.0229%; height: 1px;\">Connexion \u00e9lectrique et consommation<\/td>\r\n<td style=\"width: 21.9198%; height: 1px;\">\r\n<p class=\"p1\">AC 220~240V, 50\/60Hz, 16 A<span style=\"font-family: inherit; font-size: inherit;\">\u00a0<\/span><\/p>\r\n<\/td>\r\n<\/tr>\r\n<tr style=\"height: 24px;\">\r\n<td style=\"width: 33.0229%; height: 1px;\">Temps de pr\u00e9chauffage<\/td>\r\n<td style=\"width: 21.9198%; height: 1px;\">\r\n<p class=\"p1\">10 min.<span style=\"font-family: inherit; font-size: inherit;\">\u00a0<\/span><\/p>\r\n<\/td>\r\n<\/tr>\r\n<tr style=\"height: 24px;\">\r\n<td style=\"width: 33.0229%; height: 1px;\">Syst\u00e8me de chauffage<\/td>\r\n<td style=\"width: 21.9198%; height: 1px;\">Induction<\/td>\r\n<\/tr>\r\n<tr style=\"height: 24px;\">\r\n<td style=\"width: 33.0229%; height: 1px;\">Temp\u00e9rature de fonctionnement<\/td>\r\n<td style=\"width: 21.9198%; height: 1px;\">\u00a0115\u00ba C &#8211; 145\u00ba C<\/td>\r\n<\/tr>\r\n<tr style=\"height: 24px;\">\r\n<td style=\"width: 33.0229%; height: 1px;\">Param\u00e8tres<\/td>\r\n<td style=\"width: 21.9198%; height: 1px;\">Par \u00e9cran tactile<\/td>\r\n<\/tr>\r\n<tr style=\"height: 24px;\">\r\n<td style=\"width: 33.0229%; height: 1px;\">Afficher<\/td>\r\n<td style=\"width: 21.9198%; height: 1px;\">LCD<\/td>\r\n<\/tr>\r\n<tr style=\"height: 24px;\">\r\n<td style=\"width: 33.0229%; height: 1px;\">Pression des rouleaux<\/td>\r\n<td style=\"width: 21.9198%; height: 1px;\">Pneumatique<\/td>\r\n<\/tr>\r\n<tr style=\"height: 24px;\">\r\n<td style=\"width: 33.0229%; height: 1px;\">Noyau de rouleau<\/td>\r\n<td style=\"width: 21.9198%; height: 1px;\">\r\n<p class=\"p1\">77 mm, 3\u201d<\/p>\r\n<\/td>\r\n<\/tr>\r\n<tr style=\"height: 24px;\">\r\n<td style=\"width: 33.0229%; height: 1px;\">Capteur de temp\u00e9rature<\/td>\r\n<td style=\"width: 21.9198%; height: 1px;\">Externe<\/td>\r\n<\/tr>\r\n<tr style=\"height: 24px;\">\r\n<td style=\"width: 33.0229%; height: 1px;\">Poids<\/td>\r\n<td style=\"width: 21.9198%; height: 1px;\">240 kg<\/td>\r\n<\/tr>\r\n<tr style=\"height: 56px;\">\r\n<td style=\"width: 33.0229%; height: 1px;\">Dimensions en mm<\/td>\r\n<td style=\"width: 21.9198%; height: 1px;\">\r\n<p class=\"p1\">1700 x 720 x 1350<\/p>\r\n<\/td>\r\n<\/tr>\r\n<\/tbody>\r\n<\/table>\r\n&nbsp;\r\n\r\n&nbsp;","protected":false},"excerpt":{"rendered":"<table style=\"width: 100%; border-collapse: collapse;\" border=\"0\">\n<tbody>\n<tr>\n<td style=\"width: 50%;\">La <strong>GMP QSleek 380 IDH<\/strong> est une machine semi-automatique pour film 3D, d\u00e9velopp\u00e9e en \u00e9troite collaboration entre Albyco, Duplo et GMP.<\/td>\n<\/tr>\n<\/tbody>\n<\/table>\n","protected":false},"featured_media":25999,"comment_status":"open","ping_status":"closed","template":"","meta":[],"product_cat":[2300,3986],"product_tag":[2845,4354,2846,2847,2851,2730],"yoast_head":"<!-- This site is optimized with the Yoast SEO plugin v18.6 - https:\/\/yoast.com\/wordpress\/plugins\/seo\/ -->\n<title>GMP QSleek 380 IDH ajoute une feuille 3D \u00e0 Duplo DuSense spot UV enrobage - Albyco<\/title>\n<meta name=\"description\" content=\"La GMP QSleek 380 IDH est une machine semi-automatique pour film 3D, d\u00e9velopp\u00e9e en \u00e9troite collaboration entre Albyco, Duplo et GMP.\" \/>\n<meta name=\"robots\" content=\"index, follow, max-snippet:-1, max-image-preview:large, max-video-preview:-1\" \/>\n<link rel=\"canonical\" href=\"https:\/\/www.albyco.com\/fr\/produit\/gmp-qsleek-380-idh-voegt-3d-folie-toe-aan-duplo-dusense-spot-uv-coating\/\" \/>\n<meta property=\"og:locale\" content=\"fr_FR\" \/>\n<meta property=\"og:type\" content=\"article\" \/>\n<meta property=\"og:title\" content=\"GMP QSleek 380 IDH ajoute une feuille 3D \u00e0 Duplo DuSense spot UV enrobage - Albyco\" \/>\n<meta property=\"og:description\" content=\"La GMP QSleek 380 IDH est une machine semi-automatique pour film 3D, d\u00e9velopp\u00e9e en \u00e9troite collaboration entre Albyco, Duplo et GMP.\" \/>\n<meta property=\"og:url\" content=\"https:\/\/www.albyco.com\/fr\/produit\/gmp-qsleek-380-idh-voegt-3d-folie-toe-aan-duplo-dusense-spot-uv-coating\/\" \/>\n<meta property=\"og:site_name\" content=\"Albyco\" \/>\n<meta property=\"article:modified_time\" content=\"2023-05-16T23:14:14+00:00\" \/>\n<meta property=\"og:image\" content=\"https:\/\/www.albyco.com\/wp-content\/uploads\/2019\/09\/GMP-Q-Sleek-380F-IDH-Pattern-FRONT.jpg\" \/>\n\t<meta property=\"og:image:width\" content=\"1200\" \/>\n\t<meta property=\"og:image:height\" content=\"1600\" \/>\n\t<meta property=\"og:image:type\" content=\"image\/jpeg\" \/>\n<meta name=\"twitter:card\" content=\"summary\" \/>\n<meta name=\"twitter:site\" content=\"@AlbycoNederland\" \/>\n<meta name=\"twitter:label1\" content=\"Dur\u00e9e de lecture estim\u00e9e\" \/>\n\t<meta name=\"twitter:data1\" content=\"5 minutes\" \/>\n<script type=\"application\/ld+json\" class=\"yoast-schema-graph\">{\"@context\":\"https:\/\/schema.org\",\"@graph\":[{\"@type\":\"Organization\",\"@id\":\"https:\/\/www.albyco.com\/#organization\",\"name\":\"Albyco Nederland B.V.\",\"url\":\"https:\/\/www.albyco.com\/\",\"sameAs\":[\"https:\/\/www.linkedin.com\/company\/18015670\/\",\"https:\/\/www.youtube.com\/user\/AlbycoNederland\",\"https:\/\/nl.pinterest.com\/albyco\",\"https:\/\/twitter.com\/AlbycoNederland\"],\"logo\":{\"@type\":\"ImageObject\",\"@id\":\"https:\/\/www.albyco.com\/#logo\",\"inLanguage\":\"fr-FR\",\"url\":\"https:\/\/www.albyco.com\/wp-content\/uploads\/2017\/07\/albyco_logo_hd.png\",\"contentUrl\":\"https:\/\/www.albyco.com\/wp-content\/uploads\/2017\/07\/albyco_logo_hd.png\",\"width\":300,\"height\":300,\"caption\":\"Albyco Nederland B.V.\"},\"image\":{\"@id\":\"https:\/\/www.albyco.com\/#logo\"}},{\"@type\":\"WebSite\",\"@id\":\"https:\/\/www.albyco.com\/#website\",\"url\":\"https:\/\/www.albyco.com\/\",\"name\":\"Albyco\",\"description\":\"Leverancier voor nabewerking van geprinte media\",\"publisher\":{\"@id\":\"https:\/\/www.albyco.com\/#organization\"},\"potentialAction\":[{\"@type\":\"SearchAction\",\"target\":{\"@type\":\"EntryPoint\",\"urlTemplate\":\"https:\/\/www.albyco.com\/?s={search_term_string}\"},\"query-input\":\"required name=search_term_string\"}],\"inLanguage\":\"fr-FR\"},{\"@type\":\"ImageObject\",\"@id\":\"https:\/\/www.albyco.com\/fr\/produit\/gmp-qsleek-380-idh-voegt-3d-folie-toe-aan-duplo-dusense-spot-uv-coating\/#primaryimage\",\"inLanguage\":\"fr-FR\",\"url\":\"https:\/\/www.albyco.com\/wp-content\/uploads\/2019\/09\/GMP-Q-Sleek-380F-IDH-Pattern-FRONT.jpg\",\"contentUrl\":\"https:\/\/www.albyco.com\/wp-content\/uploads\/2019\/09\/GMP-Q-Sleek-380F-IDH-Pattern-FRONT.jpg\",\"width\":1200,\"height\":1600,\"caption\":\"GMP-Q-Sleek-380F-IDH\"},{\"@type\":\"WebPage\",\"@id\":\"https:\/\/www.albyco.com\/fr\/produit\/gmp-qsleek-380-idh-voegt-3d-folie-toe-aan-duplo-dusense-spot-uv-coating\/#webpage\",\"url\":\"https:\/\/www.albyco.com\/fr\/produit\/gmp-qsleek-380-idh-voegt-3d-folie-toe-aan-duplo-dusense-spot-uv-coating\/\",\"name\":\"GMP QSleek 380 IDH ajoute une feuille 3D \u00e0 Duplo DuSense spot UV enrobage - Albyco\",\"isPartOf\":{\"@id\":\"https:\/\/www.albyco.com\/#website\"},\"primaryImageOfPage\":{\"@id\":\"https:\/\/www.albyco.com\/fr\/produit\/gmp-qsleek-380-idh-voegt-3d-folie-toe-aan-duplo-dusense-spot-uv-coating\/#primaryimage\"},\"datePublished\":\"2019-09-30T09:12:10+00:00\",\"dateModified\":\"2023-05-16T23:14:14+00:00\",\"description\":\"La GMP QSleek 380 IDH est une machine semi-automatique pour film 3D, d\u00e9velopp\u00e9e en \u00e9troite collaboration entre Albyco, Duplo et GMP.\",\"breadcrumb\":{\"@id\":\"https:\/\/www.albyco.com\/fr\/produit\/gmp-qsleek-380-idh-voegt-3d-folie-toe-aan-duplo-dusense-spot-uv-coating\/#breadcrumb\"},\"inLanguage\":\"fr-FR\",\"potentialAction\":[{\"@type\":\"ReadAction\",\"target\":[\"https:\/\/www.albyco.com\/fr\/produit\/gmp-qsleek-380-idh-voegt-3d-folie-toe-aan-duplo-dusense-spot-uv-coating\/\"]}]},{\"@type\":\"BreadcrumbList\",\"@id\":\"https:\/\/www.albyco.com\/fr\/produit\/gmp-qsleek-380-idh-voegt-3d-folie-toe-aan-duplo-dusense-spot-uv-coating\/#breadcrumb\",\"itemListElement\":[{\"@type\":\"ListItem\",\"position\":1,\"name\":\"Home\",\"item\":\"https:\/\/www.albyco.com\/fr\/\"},{\"@type\":\"ListItem\",\"position\":2,\"name\":\"Les produits\",\"item\":\"https:\/\/www.albyco.com\/fr\/producten\/\"},{\"@type\":\"ListItem\",\"position\":3,\"name\":\"GMP QSleek 380 IDH ajoute une feuille 3D \u00e0 Duplo DuSense spot UV enrobage\"}]}]}<\/script>\n<!-- \/ Yoast SEO plugin. -->","yoast_head_json":{"title":"GMP QSleek 380 IDH ajoute une feuille 3D \u00e0 Duplo DuSense spot UV enrobage - Albyco","description":"La GMP QSleek 380 IDH est une machine semi-automatique pour film 3D, d\u00e9velopp\u00e9e en \u00e9troite collaboration entre Albyco, Duplo et GMP.","robots":{"index":"index","follow":"follow","max-snippet":"max-snippet:-1","max-image-preview":"max-image-preview:large","max-video-preview":"max-video-preview:-1"},"canonical":"https:\/\/www.albyco.com\/fr\/produit\/gmp-qsleek-380-idh-voegt-3d-folie-toe-aan-duplo-dusense-spot-uv-coating\/","og_locale":"fr_FR","og_type":"article","og_title":"GMP QSleek 380 IDH ajoute une feuille 3D \u00e0 Duplo DuSense spot UV enrobage - Albyco","og_description":"La GMP QSleek 380 IDH est une machine semi-automatique pour film 3D, d\u00e9velopp\u00e9e en \u00e9troite collaboration entre Albyco, Duplo et GMP.","og_url":"https:\/\/www.albyco.com\/fr\/produit\/gmp-qsleek-380-idh-voegt-3d-folie-toe-aan-duplo-dusense-spot-uv-coating\/","og_site_name":"Albyco","article_modified_time":"2023-05-16T23:14:14+00:00","og_image":[{"width":1200,"height":1600,"url":"https:\/\/www.albyco.com\/wp-content\/uploads\/2019\/09\/GMP-Q-Sleek-380F-IDH-Pattern-FRONT.jpg","type":"image\/jpeg"}],"twitter_card":"summary","twitter_site":"@AlbycoNederland","twitter_misc":{"Dur\u00e9e de lecture estim\u00e9e":"5 minutes"},"schema":{"@context":"https:\/\/schema.org","@graph":[{"@type":"Organization","@id":"https:\/\/www.albyco.com\/#organization","name":"Albyco Nederland B.V.","url":"https:\/\/www.albyco.com\/","sameAs":["https:\/\/www.linkedin.com\/company\/18015670\/","https:\/\/www.youtube.com\/user\/AlbycoNederland","https:\/\/nl.pinterest.com\/albyco","https:\/\/twitter.com\/AlbycoNederland"],"logo":{"@type":"ImageObject","@id":"https:\/\/www.albyco.com\/#logo","inLanguage":"fr-FR","url":"https:\/\/www.albyco.com\/wp-content\/uploads\/2017\/07\/albyco_logo_hd.png","contentUrl":"https:\/\/www.albyco.com\/wp-content\/uploads\/2017\/07\/albyco_logo_hd.png","width":300,"height":300,"caption":"Albyco Nederland B.V."},"image":{"@id":"https:\/\/www.albyco.com\/#logo"}},{"@type":"WebSite","@id":"https:\/\/www.albyco.com\/#website","url":"https:\/\/www.albyco.com\/","name":"Albyco","description":"Leverancier voor nabewerking van geprinte media","publisher":{"@id":"https:\/\/www.albyco.com\/#organization"},"potentialAction":[{"@type":"SearchAction","target":{"@type":"EntryPoint","urlTemplate":"https:\/\/www.albyco.com\/?s={search_term_string}"},"query-input":"required name=search_term_string"}],"inLanguage":"fr-FR"},{"@type":"ImageObject","@id":"https:\/\/www.albyco.com\/fr\/produit\/gmp-qsleek-380-idh-voegt-3d-folie-toe-aan-duplo-dusense-spot-uv-coating\/#primaryimage","inLanguage":"fr-FR","url":"https:\/\/www.albyco.com\/wp-content\/uploads\/2019\/09\/GMP-Q-Sleek-380F-IDH-Pattern-FRONT.jpg","contentUrl":"https:\/\/www.albyco.com\/wp-content\/uploads\/2019\/09\/GMP-Q-Sleek-380F-IDH-Pattern-FRONT.jpg","width":1200,"height":1600,"caption":"GMP-Q-Sleek-380F-IDH"},{"@type":"WebPage","@id":"https:\/\/www.albyco.com\/fr\/produit\/gmp-qsleek-380-idh-voegt-3d-folie-toe-aan-duplo-dusense-spot-uv-coating\/#webpage","url":"https:\/\/www.albyco.com\/fr\/produit\/gmp-qsleek-380-idh-voegt-3d-folie-toe-aan-duplo-dusense-spot-uv-coating\/","name":"GMP QSleek 380 IDH ajoute une feuille 3D \u00e0 Duplo DuSense spot UV enrobage - Albyco","isPartOf":{"@id":"https:\/\/www.albyco.com\/#website"},"primaryImageOfPage":{"@id":"https:\/\/www.albyco.com\/fr\/produit\/gmp-qsleek-380-idh-voegt-3d-folie-toe-aan-duplo-dusense-spot-uv-coating\/#primaryimage"},"datePublished":"2019-09-30T09:12:10+00:00","dateModified":"2023-05-16T23:14:14+00:00","description":"La GMP QSleek 380 IDH est une machine semi-automatique pour film 3D, d\u00e9velopp\u00e9e en \u00e9troite collaboration entre Albyco, Duplo et GMP.","breadcrumb":{"@id":"https:\/\/www.albyco.com\/fr\/produit\/gmp-qsleek-380-idh-voegt-3d-folie-toe-aan-duplo-dusense-spot-uv-coating\/#breadcrumb"},"inLanguage":"fr-FR","potentialAction":[{"@type":"ReadAction","target":["https:\/\/www.albyco.com\/fr\/produit\/gmp-qsleek-380-idh-voegt-3d-folie-toe-aan-duplo-dusense-spot-uv-coating\/"]}]},{"@type":"BreadcrumbList","@id":"https:\/\/www.albyco.com\/fr\/produit\/gmp-qsleek-380-idh-voegt-3d-folie-toe-aan-duplo-dusense-spot-uv-coating\/#breadcrumb","itemListElement":[{"@type":"ListItem","position":1,"name":"Home","item":"https:\/\/www.albyco.com\/fr\/"},{"@type":"ListItem","position":2,"name":"Les produits","item":"https:\/\/www.albyco.com\/fr\/producten\/"},{"@type":"ListItem","position":3,"name":"GMP QSleek 380 IDH ajoute une feuille 3D \u00e0 Duplo DuSense spot UV enrobage"}]}]}},"_links":{"self":[{"href":"https:\/\/www.albyco.com\/fr\/wp-json\/wp\/v2\/product\/34144"}],"collection":[{"href":"https:\/\/www.albyco.com\/fr\/wp-json\/wp\/v2\/product"}],"about":[{"href":"https:\/\/www.albyco.com\/fr\/wp-json\/wp\/v2\/types\/product"}],"replies":[{"embeddable":true,"href":"https:\/\/www.albyco.com\/fr\/wp-json\/wp\/v2\/comments?post=34144"}],"wp:featuredmedia":[{"embeddable":true,"href":"https:\/\/www.albyco.com\/fr\/wp-json\/wp\/v2\/media\/25999"}],"wp:attachment":[{"href":"https:\/\/www.albyco.com\/fr\/wp-json\/wp\/v2\/media?parent=34144"}],"wp:term":[{"taxonomy":"product_cat","embeddable":true,"href":"https:\/\/www.albyco.com\/fr\/wp-json\/wp\/v2\/product_cat?post=34144"},{"taxonomy":"product_tag","embeddable":true,"href":"https:\/\/www.albyco.com\/fr\/wp-json\/wp\/v2\/product_tag?post=34144"}],"curies":[{"name":"wp","href":"https:\/\/api.w.org\/{rel}","templated":true}]}}