{"id":34142,"date":"2017-07-06T09:27:00","date_gmt":"2017-07-06T07:27:00","guid":{"rendered":"https:\/\/www.albyco.com\/product\/gmp-qtopic-380-auto-pelliculeuse-automatique\/"},"modified":"2024-03-29T10:15:11","modified_gmt":"2024-03-29T09:15:11","slug":"gmp-qtopic-380-auto-pelliculeuse-automatique","status":"publish","type":"product","link":"https:\/\/www.albyco.com\/fr\/produit\/gmp-qtopic-380-auto-pelliculeuse-automatique\/","title":{"rendered":"GMP QTopic-380 Auto, Pelliculeuse automatique"},"content":{"rendered":"<table style=\"width: 100%; border-collapse: collapse;\" border=\"0\">\r\n<tbody>\r\n<tr>\r\n<td style=\"width: 50%;\"><strong>GMP QTopic-380 Auto<\/strong>, pelliculeuse automatique, ultra compact et \u00e9cologique avec une grande vari\u00e9t\u00e9 de films pour bureaux et copy shops.<\/td>\r\n<td style=\"width: 50%; text-align: center;\"><div class=\"epyt-video-wrapper\"><iframe  id=\"_ytid_61511\"  width=\"800\" height=\"450\"  data-origwidth=\"800\" data-origheight=\"450\"  data-relstop=\"1\" src=\"https:\/\/www.youtube.com\/embed\/qc1sX3LhgQM?enablejsapi=1&autoplay=0&cc_load_policy=0&iv_load_policy=1&loop=0&modestbranding=0&fs=1&playsinline=1&controls=1&color=red&cc_lang_pref=&rel=0&autohide=2&theme=dark&\" class=\"__youtube_prefs__  no-lazyload\" title=\"YouTube player\"  allow=\"accelerometer; autoplay; clipboard-write; encrypted-media; gyroscope; picture-in-picture\" allowfullscreen data-no-lazy=\"1\" data-skipgform_ajax_framebjll=\"\"><\/iframe><\/div><\/td>\r\n<\/tr>\r\n<\/tbody>\r\n<\/table>\r\nLa pelliculeuse multifonction et ultracompacte Qtopic-380 Auto avec une insertion automatique est devenue un outil incontournable dans la finition cr\u00e9ative \u00e0 la demande avec le pelliculage et Sleeking.\r\n\r\nLe pelliculage est parfait avec une grande vari\u00e9t\u00e9 de films (Polynex, Nylonex, Perfex) destin\u00e9 au bureaux et copy shop et elle int\u00e8gre un syst\u00e8me de coupe automatique en sortie. Il est possible de r\u00e9gler la tension et le decurling depuis un Ecran de commande tactile\r\n\r\nLe transfert rep\u00e9r\u00e9 sur toner de vernis simple ou holographique, de foils de dorure, argent, bleu, rouge, vert et blanc. Avec des films pour impression digitale en finition brillant, mat, silk feel et silk feel noir, les applications sont illimit\u00e9es: protection et mise en valeur de couvertures de livres, emballages, cartes de visite, \u00e9tiquettes, faire-part de naissance, menus, invitations, cartes de voeux, etc&#8230;\r\n<p class=\"p1\"><b>GMP Q Topic-380 Auto<\/b><\/p>\r\n\r\n<table class=\"caracTable\">\r\n<tbody>\r\n<tr class=\"bgGray\">\r\n<td class=\"boldTd\">&#8211; Dimensions<\/td>\r\n<td>72x1700x1350mm<\/td>\r\n<\/tr>\r\n<tr>\r\n<td class=\"boldTd\">&#8211; Vitesse<\/td>\r\n<td>1,5 &#8211;&gt; 10m\/min<\/td>\r\n<\/tr>\r\n<tr class=\"bgGray\">\r\n<td class=\"boldTd\">&#8211; Taille papier<\/td>\r\n<td>Min 180 x 210mm, Max 380 x 500mm<\/td>\r\n<\/tr>\r\n<tr>\r\n<td class=\"boldTd\">&#8211; Sleeking<\/td>\r\n<td>Brillant, mat, hologramme, m\u00e9tallique<\/td>\r\n<\/tr>\r\n<tr class=\"bgGray\">\r\n<td class=\"boldTd\">&#8211; Grammage papier<\/td>\r\n<td>de 120 \u00e0 350g\/m\u00b2<\/td>\r\n<\/tr>\r\n<tr>\r\n<td class=\"boldTd\">&#8211; Puissance<\/td>\r\n<td>220~240V, 50\/60Hz, 12A<\/td>\r\n<\/tr>\r\n<tr class=\"bgGray\">\r\n<td class=\"boldTd\">&#8211; Consommation<\/td>\r\n<td>2,8Kw<\/td>\r\n<\/tr>\r\n<tr>\r\n<td class=\"boldTd\">&#8211; Pr\u00e9chauffage<\/td>\r\n<td>5 minutes<\/td>\r\n<\/tr>\r\n<tr class=\"bgGray\">\r\n<td class=\"boldTd\">&#8211; Syst\u00e8me de chauffage<\/td>\r\n<td>Infra-rouge<\/td>\r\n<\/tr>\r\n<tr>\r\n<td class=\"boldTd\">&#8211; Temp\u00e9rature<\/td>\r\n<td>Max 150\u00b0C<\/td>\r\n<\/tr>\r\n<tr class=\"bgGray\">\r\n<td class=\"boldTd\">&#8211; Contr\u00f4le vitesse<\/td>\r\n<td>Via \u00e9cran tactile<\/td>\r\n<\/tr>\r\n<tr>\r\n<td class=\"boldTd\">&#8211; Contr\u00f4le temp\u00e9rature<\/td>\r\n<td>Via \u00e9cran tactile<\/td>\r\n<\/tr>\r\n<tr class=\"bgGray\">\r\n<td class=\"boldTd\">&#8211; Ecran de contr\u00f4le<\/td>\r\n<td>LCD<\/td>\r\n<\/tr>\r\n<tr>\r\n<td class=\"boldTd\">&#8211; Pression<\/td>\r\n<td>Pneumatique<\/td>\r\n<\/tr>\r\n<tr class=\"bgGray\">\r\n<td class=\"boldTd\">&#8211; Compresseur<\/td>\r\n<td>2HP, 120l\/min<\/td>\r\n<\/tr>\r\n<\/tbody>\r\n<\/table>\r\n<strong>Options:<\/strong>\r\n\r\n&#8211; Rouleaux de gauffrage :\r\n&#8211; Texture fine\r\n&#8211; Texture cuir\r\n&#8211; Sparkler\r\n&#8211; Soft touch\r\n&#8211; Texture tissu","protected":false},"excerpt":{"rendered":"<p><strong>GMP QTopic-380 Auto<\/strong>, pelliculeuse automatique, ultra compact et \u00e9cologique avec une grande vari\u00e9t\u00e9 de films pour bureaux et copy shops.<\/p>\n","protected":false},"featured_media":7986,"comment_status":"open","ping_status":"closed","template":"","meta":[],"product_cat":[2300,2728,3986,2842],"product_tag":[2843,2844,2845,2846,2847,2848,2849,2323,2850,2851,2730],"yoast_head":"<!-- This site is optimized with the Yoast SEO plugin v18.6 - https:\/\/yoast.com\/wordpress\/plugins\/seo\/ -->\n<title>GMP QTopic-380 Auto, Pelliculeuse automatique - Albyco<\/title>\n<meta name=\"description\" content=\"GMP QTopic-380 Auto, pelliculeuse automatique, ultra compact et \u00e9cologique avec une grande vari\u00e9t\u00e9 de films pour bureaux et copy shops.\" \/>\n<meta name=\"robots\" content=\"index, follow, max-snippet:-1, max-image-preview:large, max-video-preview:-1\" \/>\n<link rel=\"canonical\" href=\"https:\/\/www.albyco.com\/fr\/produit\/gmp-qtopic-380-auto-pelliculeuse-automatique\/\" \/>\n<meta property=\"og:locale\" content=\"fr_FR\" \/>\n<meta property=\"og:type\" content=\"article\" \/>\n<meta property=\"og:title\" content=\"GMP QTopic-380 Auto, Pelliculeuse automatique - Albyco\" \/>\n<meta property=\"og:description\" content=\"GMP QTopic-380 Auto, pelliculeuse automatique, ultra compact et \u00e9cologique avec une grande vari\u00e9t\u00e9 de films pour bureaux et copy shops.\" \/>\n<meta property=\"og:url\" content=\"https:\/\/www.albyco.com\/fr\/produit\/gmp-qtopic-380-auto-pelliculeuse-automatique\/\" \/>\n<meta property=\"og:site_name\" content=\"Albyco\" \/>\n<meta property=\"article:modified_time\" content=\"2024-03-29T09:15:11+00:00\" \/>\n<meta property=\"og:image\" content=\"https:\/\/www.albyco.com\/wp-content\/uploads\/2017\/06\/gmp-gmp-qtopic-380-auto_GMPQTOPIC380AUTO.jpg\" \/>\n\t<meta property=\"og:image:width\" content=\"930\" \/>\n\t<meta property=\"og:image:height\" content=\"1024\" \/>\n\t<meta property=\"og:image:type\" content=\"image\/jpeg\" \/>\n<meta name=\"twitter:card\" content=\"summary\" \/>\n<meta name=\"twitter:site\" content=\"@AlbycoNederland\" \/>\n<meta name=\"twitter:label1\" content=\"Dur\u00e9e de lecture estim\u00e9e\" \/>\n\t<meta name=\"twitter:data1\" content=\"1 minute\" \/>\n<script type=\"application\/ld+json\" class=\"yoast-schema-graph\">{\"@context\":\"https:\/\/schema.org\",\"@graph\":[{\"@type\":\"Organization\",\"@id\":\"https:\/\/www.albyco.com\/#organization\",\"name\":\"Albyco Nederland B.V.\",\"url\":\"https:\/\/www.albyco.com\/\",\"sameAs\":[\"https:\/\/www.linkedin.com\/company\/18015670\/\",\"https:\/\/www.youtube.com\/user\/AlbycoNederland\",\"https:\/\/nl.pinterest.com\/albyco\",\"https:\/\/twitter.com\/AlbycoNederland\"],\"logo\":{\"@type\":\"ImageObject\",\"@id\":\"https:\/\/www.albyco.com\/#logo\",\"inLanguage\":\"fr-FR\",\"url\":\"https:\/\/www.albyco.com\/wp-content\/uploads\/2017\/07\/albyco_logo_hd.png\",\"contentUrl\":\"https:\/\/www.albyco.com\/wp-content\/uploads\/2017\/07\/albyco_logo_hd.png\",\"width\":300,\"height\":300,\"caption\":\"Albyco Nederland B.V.\"},\"image\":{\"@id\":\"https:\/\/www.albyco.com\/#logo\"}},{\"@type\":\"WebSite\",\"@id\":\"https:\/\/www.albyco.com\/#website\",\"url\":\"https:\/\/www.albyco.com\/\",\"name\":\"Albyco\",\"description\":\"Leverancier voor nabewerking van geprinte media\",\"publisher\":{\"@id\":\"https:\/\/www.albyco.com\/#organization\"},\"potentialAction\":[{\"@type\":\"SearchAction\",\"target\":{\"@type\":\"EntryPoint\",\"urlTemplate\":\"https:\/\/www.albyco.com\/?s={search_term_string}\"},\"query-input\":\"required name=search_term_string\"}],\"inLanguage\":\"fr-FR\"},{\"@type\":\"ImageObject\",\"@id\":\"https:\/\/www.albyco.com\/fr\/produit\/gmp-qtopic-380-auto-pelliculeuse-automatique\/#primaryimage\",\"inLanguage\":\"fr-FR\",\"url\":\"https:\/\/www.albyco.com\/wp-content\/uploads\/2017\/06\/gmp-gmp-qtopic-380-auto_GMPQTOPIC380AUTO.jpg\",\"contentUrl\":\"https:\/\/www.albyco.com\/wp-content\/uploads\/2017\/06\/gmp-gmp-qtopic-380-auto_GMPQTOPIC380AUTO.jpg\",\"width\":930,\"height\":1024,\"caption\":\"GMP QTopic-380 Auto, Pelliculeuse automatique\"},{\"@type\":\"WebPage\",\"@id\":\"https:\/\/www.albyco.com\/fr\/produit\/gmp-qtopic-380-auto-pelliculeuse-automatique\/#webpage\",\"url\":\"https:\/\/www.albyco.com\/fr\/produit\/gmp-qtopic-380-auto-pelliculeuse-automatique\/\",\"name\":\"GMP QTopic-380 Auto, Pelliculeuse automatique - Albyco\",\"isPartOf\":{\"@id\":\"https:\/\/www.albyco.com\/#website\"},\"primaryImageOfPage\":{\"@id\":\"https:\/\/www.albyco.com\/fr\/produit\/gmp-qtopic-380-auto-pelliculeuse-automatique\/#primaryimage\"},\"datePublished\":\"2017-07-06T07:27:00+00:00\",\"dateModified\":\"2024-03-29T09:15:11+00:00\",\"description\":\"GMP QTopic-380 Auto, pelliculeuse automatique, ultra compact et \u00e9cologique avec une grande vari\u00e9t\u00e9 de films pour bureaux et copy shops.\",\"breadcrumb\":{\"@id\":\"https:\/\/www.albyco.com\/fr\/produit\/gmp-qtopic-380-auto-pelliculeuse-automatique\/#breadcrumb\"},\"inLanguage\":\"fr-FR\",\"potentialAction\":[{\"@type\":\"ReadAction\",\"target\":[\"https:\/\/www.albyco.com\/fr\/produit\/gmp-qtopic-380-auto-pelliculeuse-automatique\/\"]}]},{\"@type\":\"BreadcrumbList\",\"@id\":\"https:\/\/www.albyco.com\/fr\/produit\/gmp-qtopic-380-auto-pelliculeuse-automatique\/#breadcrumb\",\"itemListElement\":[{\"@type\":\"ListItem\",\"position\":1,\"name\":\"Home\",\"item\":\"https:\/\/www.albyco.com\/fr\/\"},{\"@type\":\"ListItem\",\"position\":2,\"name\":\"Les produits\",\"item\":\"https:\/\/www.albyco.com\/fr\/producten\/\"},{\"@type\":\"ListItem\",\"position\":3,\"name\":\"GMP QTopic-380 Auto, Pelliculeuse automatique\"}]}]}<\/script>\n<!-- \/ Yoast SEO plugin. -->","yoast_head_json":{"title":"GMP QTopic-380 Auto, Pelliculeuse automatique - Albyco","description":"GMP QTopic-380 Auto, pelliculeuse automatique, ultra compact et \u00e9cologique avec une grande vari\u00e9t\u00e9 de films pour bureaux et copy shops.","robots":{"index":"index","follow":"follow","max-snippet":"max-snippet:-1","max-image-preview":"max-image-preview:large","max-video-preview":"max-video-preview:-1"},"canonical":"https:\/\/www.albyco.com\/fr\/produit\/gmp-qtopic-380-auto-pelliculeuse-automatique\/","og_locale":"fr_FR","og_type":"article","og_title":"GMP QTopic-380 Auto, Pelliculeuse automatique - Albyco","og_description":"GMP QTopic-380 Auto, pelliculeuse automatique, ultra compact et \u00e9cologique avec une grande vari\u00e9t\u00e9 de films pour bureaux et copy shops.","og_url":"https:\/\/www.albyco.com\/fr\/produit\/gmp-qtopic-380-auto-pelliculeuse-automatique\/","og_site_name":"Albyco","article_modified_time":"2024-03-29T09:15:11+00:00","og_image":[{"width":930,"height":1024,"url":"https:\/\/www.albyco.com\/wp-content\/uploads\/2017\/06\/gmp-gmp-qtopic-380-auto_GMPQTOPIC380AUTO.jpg","type":"image\/jpeg"}],"twitter_card":"summary","twitter_site":"@AlbycoNederland","twitter_misc":{"Dur\u00e9e de lecture estim\u00e9e":"1 minute"},"schema":{"@context":"https:\/\/schema.org","@graph":[{"@type":"Organization","@id":"https:\/\/www.albyco.com\/#organization","name":"Albyco Nederland B.V.","url":"https:\/\/www.albyco.com\/","sameAs":["https:\/\/www.linkedin.com\/company\/18015670\/","https:\/\/www.youtube.com\/user\/AlbycoNederland","https:\/\/nl.pinterest.com\/albyco","https:\/\/twitter.com\/AlbycoNederland"],"logo":{"@type":"ImageObject","@id":"https:\/\/www.albyco.com\/#logo","inLanguage":"fr-FR","url":"https:\/\/www.albyco.com\/wp-content\/uploads\/2017\/07\/albyco_logo_hd.png","contentUrl":"https:\/\/www.albyco.com\/wp-content\/uploads\/2017\/07\/albyco_logo_hd.png","width":300,"height":300,"caption":"Albyco Nederland B.V."},"image":{"@id":"https:\/\/www.albyco.com\/#logo"}},{"@type":"WebSite","@id":"https:\/\/www.albyco.com\/#website","url":"https:\/\/www.albyco.com\/","name":"Albyco","description":"Leverancier voor nabewerking van geprinte media","publisher":{"@id":"https:\/\/www.albyco.com\/#organization"},"potentialAction":[{"@type":"SearchAction","target":{"@type":"EntryPoint","urlTemplate":"https:\/\/www.albyco.com\/?s={search_term_string}"},"query-input":"required name=search_term_string"}],"inLanguage":"fr-FR"},{"@type":"ImageObject","@id":"https:\/\/www.albyco.com\/fr\/produit\/gmp-qtopic-380-auto-pelliculeuse-automatique\/#primaryimage","inLanguage":"fr-FR","url":"https:\/\/www.albyco.com\/wp-content\/uploads\/2017\/06\/gmp-gmp-qtopic-380-auto_GMPQTOPIC380AUTO.jpg","contentUrl":"https:\/\/www.albyco.com\/wp-content\/uploads\/2017\/06\/gmp-gmp-qtopic-380-auto_GMPQTOPIC380AUTO.jpg","width":930,"height":1024,"caption":"GMP QTopic-380 Auto, Pelliculeuse automatique"},{"@type":"WebPage","@id":"https:\/\/www.albyco.com\/fr\/produit\/gmp-qtopic-380-auto-pelliculeuse-automatique\/#webpage","url":"https:\/\/www.albyco.com\/fr\/produit\/gmp-qtopic-380-auto-pelliculeuse-automatique\/","name":"GMP QTopic-380 Auto, Pelliculeuse automatique - Albyco","isPartOf":{"@id":"https:\/\/www.albyco.com\/#website"},"primaryImageOfPage":{"@id":"https:\/\/www.albyco.com\/fr\/produit\/gmp-qtopic-380-auto-pelliculeuse-automatique\/#primaryimage"},"datePublished":"2017-07-06T07:27:00+00:00","dateModified":"2024-03-29T09:15:11+00:00","description":"GMP QTopic-380 Auto, pelliculeuse automatique, ultra compact et \u00e9cologique avec une grande vari\u00e9t\u00e9 de films pour bureaux et copy shops.","breadcrumb":{"@id":"https:\/\/www.albyco.com\/fr\/produit\/gmp-qtopic-380-auto-pelliculeuse-automatique\/#breadcrumb"},"inLanguage":"fr-FR","potentialAction":[{"@type":"ReadAction","target":["https:\/\/www.albyco.com\/fr\/produit\/gmp-qtopic-380-auto-pelliculeuse-automatique\/"]}]},{"@type":"BreadcrumbList","@id":"https:\/\/www.albyco.com\/fr\/produit\/gmp-qtopic-380-auto-pelliculeuse-automatique\/#breadcrumb","itemListElement":[{"@type":"ListItem","position":1,"name":"Home","item":"https:\/\/www.albyco.com\/fr\/"},{"@type":"ListItem","position":2,"name":"Les produits","item":"https:\/\/www.albyco.com\/fr\/producten\/"},{"@type":"ListItem","position":3,"name":"GMP QTopic-380 Auto, Pelliculeuse automatique"}]}]}},"_links":{"self":[{"href":"https:\/\/www.albyco.com\/fr\/wp-json\/wp\/v2\/product\/34142"}],"collection":[{"href":"https:\/\/www.albyco.com\/fr\/wp-json\/wp\/v2\/product"}],"about":[{"href":"https:\/\/www.albyco.com\/fr\/wp-json\/wp\/v2\/types\/product"}],"replies":[{"embeddable":true,"href":"https:\/\/www.albyco.com\/fr\/wp-json\/wp\/v2\/comments?post=34142"}],"wp:featuredmedia":[{"embeddable":true,"href":"https:\/\/www.albyco.com\/fr\/wp-json\/wp\/v2\/media\/7986"}],"wp:attachment":[{"href":"https:\/\/www.albyco.com\/fr\/wp-json\/wp\/v2\/media?parent=34142"}],"wp:term":[{"taxonomy":"product_cat","embeddable":true,"href":"https:\/\/www.albyco.com\/fr\/wp-json\/wp\/v2\/product_cat?post=34142"},{"taxonomy":"product_tag","embeddable":true,"href":"https:\/\/www.albyco.com\/fr\/wp-json\/wp\/v2\/product_tag?post=34142"}],"curies":[{"name":"wp","href":"https:\/\/api.w.org\/{rel}","templated":true}]}}