{"id":34140,"date":"2017-07-06T09:33:17","date_gmt":"2017-07-06T07:33:17","guid":{"rendered":"https:\/\/www.albyco.com\/product\/gmp-protopic-iii-540-plus-enkelzijdig-pod-rollamineerapparaat\/"},"modified":"2021-08-09T11:11:06","modified_gmt":"2021-08-09T09:11:06","slug":"gmp-protopic-iii-540-plus-enkelzijdig-pod-rollamineerapparaat","status":"publish","type":"product","link":"https:\/\/www.albyco.com\/fr\/produit\/gmp-protopic-iii-540-plus-enkelzijdig-pod-rollamineerapparaat\/","title":{"rendered":"GMP Protopic III Plus 540 pour pelliculer, vernir et dorer sur des formats allant jusqu&#8217;au A2"},"content":{"rendered":"<table style=\"width: 100%; border-collapse: collapse;\" border=\"0\">\r\n<tbody>\r\n<tr>\r\n<td style=\"width: 50%;\">Pelliculeuse semi-automatique <strong>GMP Protopic III Plus 540<\/strong> pour pelliculer, vernir et dorer sur des formats allant jusqu&#8217;au A2 (format max. de 540 x 800 mm).<\/td>\r\n<td style=\"width: 50%; text-align: center;\"><div class=\"epyt-video-wrapper\"><iframe  id=\"_ytid_19743\"  width=\"800\" height=\"450\"  data-origwidth=\"800\" data-origheight=\"450\"  data-relstop=\"1\" src=\"https:\/\/www.youtube.com\/embed\/ONZ_73K9nTw?enablejsapi=1&autoplay=0&cc_load_policy=0&iv_load_policy=1&loop=0&modestbranding=0&fs=1&playsinline=1&controls=1&color=red&cc_lang_pref=&rel=0&autohide=2&theme=dark&\" class=\"__youtube_prefs__  no-lazyload\" title=\"YouTube player\"  allow=\"accelerometer; autoplay; clipboard-write; encrypted-media; gyroscope; picture-in-picture\" allowfullscreen data-no-lazy=\"1\" data-skipgform_ajax_framebjll=\"\"><\/iframe><\/div><\/td>\r\n<\/tr>\r\n<\/tbody>\r\n<\/table>\r\n<table style=\"width: 100%; border-collapse: collapse;\" border=\"0\">\r\n<tbody>\r\n<tr>\r\n<td style=\"width: 49.0963%; background-color: #ffffff;\">La pelliculeuse Protopic III Plus 540 est une machine de pelliculage grande s\u00e9rie facile d&#8217;utilisation avec son interface tactile pour pelliculer, d\u00e9poser du film, vernir et dorer. Une machine avec une cadence \u00e9lev\u00e9e pour r\u00e9aliser des travaux grand format (jusqu&#8217;au A2) de tout type.<\/td>\r\n<td style=\"width: 52.4427%; background-color: #ffffff;\"><\/td>\r\n<\/tr>\r\n<tr>\r\n<td style=\"width: 49.0963%; background-color: #ffffff;\">La Protopic III Plus 540 est une machine robuste sp\u00e9cialement con\u00e7ue pour les travaux intensifs. elle vous offre une productivit\u00e9 et une libert\u00e9 de cr\u00e9ation dans le design et la finition de vos supports de travail et de communication. Sa table d&#8217;alimentation semi-automatique est rabattable pour gagner de la place lorsque la machine n&#8217;est pas utilis\u00e9e.<\/td>\r\n<td style=\"width: 52.4427%; background-color: #ffffff;\"><\/td>\r\n<\/tr>\r\n<tr>\r\n<td style=\"width: 49.0963%; background-color: #ffffff;\">Un pelliculage parfait dans toutes les conditions, sur tous les supports, espacement entre les feuilles ajustable selon vos contraintes. La temp\u00e9rature (max. 150\u00b0C) et la vitesse (max. 10m\/min) sont \u00e9galement ajustable rapidement depuis l&#8217;interface tactile de la machine et ce m\u00eame durant le cycle de pelliculage.<\/td>\r\n<td style=\"width: 52.4427%; background-color: #ffffff;\"><\/td>\r\n<\/tr>\r\n<tr>\r\n<td style=\"width: 49.0963%; background-color: #ffffff;\">La Protopic III Plus 540 est \u00e9quip\u00e9e d&#8217;une barre d&#8217;anti-curling pour une sortie parfaitement plane, des rouleaux de pression pour une tenue parfaite de vos films et d&#8217;un syst\u00e8me de coupe par micro-perforation pour s\u00e9parer les supports en sortie.<\/td>\r\n<td style=\"width: 52.4427%; background-color: #ffffff;\"><\/td>\r\n<\/tr>\r\n<tr>\r\n<td style=\"width: 49.0963%;\"><\/td>\r\n<td style=\"width: 52.4427%; background-color: #ffffff;\"><\/td>\r\n<\/tr>\r\n<tr class=\"bgGray\">\r\n<td style=\"width: 101.539%;\" colspan=\"2\">Pelliculeuse simple ou double face<\/td>\r\n<\/tr>\r\n<tr>\r\n<td style=\"width: 101.539%;\" colspan=\"2\">Vernisseuse (brillant, mat, s\u00e9lectif, dorure, hologramme)<\/td>\r\n<\/tr>\r\n<tr class=\"bgGray\">\r\n<td class=\"boldTd\" style=\"width: 49.0963%;\">Taille max. de papier<\/td>\r\n<td style=\"width: 52.4427%;\">540 x 800 mm (format A2 max.)<\/td>\r\n<\/tr>\r\n<tr>\r\n<td class=\"boldTd\" style=\"width: 49.0963%;\">Grammage papier<\/td>\r\n<td style=\"width: 52.4427%;\">120~350 g\/m\u00b2<\/td>\r\n<\/tr>\r\n<tr class=\"bgGray\">\r\n<td class=\"boldTd\" style=\"width: 49.0963%;\">Hauteur papier du feeder<\/td>\r\n<td style=\"width: 52.4427%;\">350 mm<\/td>\r\n<\/tr>\r\n<tr>\r\n<td class=\"boldTd\" style=\"width: 49.0963%;\">Mandrin<\/td>\r\n<td style=\"width: 52.4427%;\">77 mm<\/td>\r\n<\/tr>\r\n<tr class=\"bgGray\">\r\n<td class=\"boldTd\" style=\"width: 49.0963%;\">Vitesse ajustable<\/td>\r\n<td style=\"width: 52.4427%;\">max. 10m \/ minute<\/td>\r\n<\/tr>\r\n<tr>\r\n<td class=\"boldTd\" style=\"width: 49.0963%;\">Temp\u00e9rature ajustable<\/td>\r\n<td style=\"width: 52.4427%;\">max. 150\u00b0C<\/td>\r\n<\/tr>\r\n<tr class=\"bgGray\">\r\n<td class=\"boldTd\" style=\"width: 49.0963%;\">Contr\u00f4le de la temp.<\/td>\r\n<td style=\"width: 52.4427%;\">Via l&#8217;\u00e9cran tactile<\/td>\r\n<\/tr>\r\n<tr>\r\n<td class=\"boldTd\" style=\"width: 49.0963%;\">Contr\u00f4le de la vitesse<\/td>\r\n<td style=\"width: 52.4427%;\">Via l&#8217;\u00e9cran tactile<\/td>\r\n<\/tr>\r\n<tr class=\"bgGray\">\r\n<td class=\"boldTd\" style=\"width: 49.0963%;\">Type de films<\/td>\r\n<td style=\"width: 52.4427%;\">Nylonex, Polynex, Perfex<\/td>\r\n<\/tr>\r\n<tr>\r\n<td class=\"boldTd\" style=\"width: 49.0963%;\">Pr\u00e9chauffage<\/td>\r\n<td style=\"width: 52.4427%;\">7 minutes<\/td>\r\n<\/tr>\r\n<tr class=\"bgGray\">\r\n<td class=\"boldTd\" style=\"width: 49.0963%;\">Pression<\/td>\r\n<td style=\"width: 52.4427%;\">Cylindre pneumatique<\/td>\r\n<\/tr>\r\n<tr>\r\n<td class=\"boldTd\" style=\"width: 49.0963%;\">Compresseur d&#8217;air<\/td>\r\n<td style=\"width: 52.4427%;\">1HP<\/td>\r\n<\/tr>\r\n<tr class=\"bgGray\">\r\n<td class=\"boldTd\" style=\"width: 49.0963%;\">Pompe d&#8217;aspiration<\/td>\r\n<td style=\"width: 52.4427%;\">89L\/minute<\/td>\r\n<\/tr>\r\n<tr>\r\n<td class=\"boldTd\" style=\"width: 49.0963%;\">Alimentation \u00e9lectrique<\/td>\r\n<td style=\"width: 52.4427%;\">220~240V, 50\/60Hz, 16A<\/td>\r\n<\/tr>\r\n<tr class=\"bgGray\">\r\n<td class=\"boldTd\" style=\"width: 49.0963%;\">Consommation<\/td>\r\n<td style=\"width: 52.4427%;\">3.45kW<\/td>\r\n<\/tr>\r\n<tr>\r\n<td class=\"boldTd\" style=\"width: 49.0963%;\">Dimensions (L, P, H)<\/td>\r\n<td style=\"width: 52.4427%;\"><\/td>\r\n<\/tr>\r\n<\/tbody>\r\n<\/table>\r\n<table class=\"t1\" cellspacing=\"0\" cellpadding=\"0\">\r\n<tbody>\r\n<tr>\r\n<td class=\"td1\" valign=\"top\"><strong>Options:<\/strong><\/td>\r\n<td class=\"td2\" valign=\"top\"><\/td>\r\n<\/tr>\r\n<tr>\r\n<td class=\"td1\" valign=\"top\">\r\n<ul class=\"optProduit\">\r\n \t<li>&#8211; Double lamination, version Protopic III Plus 540DUAL<\/li>\r\n \t<li>&#8211; Rouleau d&#8217;embossage pour applications de texture<\/li>\r\n<\/ul>\r\n<\/td>\r\n<td class=\"td2\" valign=\"top\"><\/td>\r\n<\/tr>\r\n<\/tbody>\r\n<\/table>\r\n&nbsp;\r\n\r\n&nbsp;","protected":false},"excerpt":{"rendered":"<p>Pelliculeuse semi-automatique <strong>GMP Protopic III Plus 540<\/strong> pour pelliculer, vernir et dorer sur des formats allant jusqu&#8217;au A2 (format max. de 540 x 800 mm).<\/p>\n","protected":false},"featured_media":23576,"comment_status":"open","ping_status":"closed","template":"","meta":[],"product_cat":[2300,2728,3986,2842],"product_tag":[2843,2844,2845,2846,2847,2848,2849,2323,2850,2851,2730],"yoast_head":"<!-- This site is optimized with the Yoast SEO plugin v18.6 - https:\/\/yoast.com\/wordpress\/plugins\/seo\/ -->\n<title>GMP Protopic III Plus 540 pour pelliculer, vernir et dorer sur des formats allant jusqu&#039;au A2 - Albyco<\/title>\n<meta name=\"description\" content=\"Pelliculeuse semi-automatique GMP Protopic III Plus 540 pour pelliculer, vernir et dorer sur des formats allant jusqu&#039;au A2 (format max. de 540 x 800 mm).\" \/>\n<meta name=\"robots\" content=\"index, follow, max-snippet:-1, max-image-preview:large, max-video-preview:-1\" \/>\n<link rel=\"canonical\" href=\"https:\/\/www.albyco.com\/fr\/produit\/gmp-protopic-iii-540-plus-enkelzijdig-pod-rollamineerapparaat\/\" \/>\n<meta property=\"og:locale\" content=\"fr_FR\" \/>\n<meta property=\"og:type\" content=\"article\" \/>\n<meta property=\"og:title\" content=\"GMP Protopic III Plus 540 pour pelliculer, vernir et dorer sur des formats allant jusqu&#039;au A2 - Albyco\" \/>\n<meta property=\"og:description\" content=\"Pelliculeuse semi-automatique GMP Protopic III Plus 540 pour pelliculer, vernir et dorer sur des formats allant jusqu&#039;au A2 (format max. de 540 x 800 mm).\" \/>\n<meta property=\"og:url\" content=\"https:\/\/www.albyco.com\/fr\/produit\/gmp-protopic-iii-540-plus-enkelzijdig-pod-rollamineerapparaat\/\" \/>\n<meta property=\"og:site_name\" content=\"Albyco\" \/>\n<meta property=\"article:modified_time\" content=\"2021-08-09T09:11:06+00:00\" \/>\n<meta property=\"og:image\" content=\"https:\/\/www.albyco.com\/wp-content\/uploads\/2017\/07\/GMP-Protopic-III-540-plus.jpg\" \/>\n\t<meta property=\"og:image:width\" content=\"2000\" \/>\n\t<meta property=\"og:image:height\" content=\"2000\" \/>\n\t<meta property=\"og:image:type\" content=\"image\/jpeg\" \/>\n<meta name=\"twitter:card\" content=\"summary\" \/>\n<meta name=\"twitter:site\" content=\"@AlbycoNederland\" \/>\n<meta name=\"twitter:label1\" content=\"Dur\u00e9e de lecture estim\u00e9e\" \/>\n\t<meta name=\"twitter:data1\" content=\"2 minutes\" \/>\n<script type=\"application\/ld+json\" class=\"yoast-schema-graph\">{\"@context\":\"https:\/\/schema.org\",\"@graph\":[{\"@type\":\"Organization\",\"@id\":\"https:\/\/www.albyco.com\/#organization\",\"name\":\"Albyco Nederland B.V.\",\"url\":\"https:\/\/www.albyco.com\/\",\"sameAs\":[\"https:\/\/www.linkedin.com\/company\/18015670\/\",\"https:\/\/www.youtube.com\/user\/AlbycoNederland\",\"https:\/\/nl.pinterest.com\/albyco\",\"https:\/\/twitter.com\/AlbycoNederland\"],\"logo\":{\"@type\":\"ImageObject\",\"@id\":\"https:\/\/www.albyco.com\/#logo\",\"inLanguage\":\"fr-FR\",\"url\":\"https:\/\/www.albyco.com\/wp-content\/uploads\/2017\/07\/albyco_logo_hd.png\",\"contentUrl\":\"https:\/\/www.albyco.com\/wp-content\/uploads\/2017\/07\/albyco_logo_hd.png\",\"width\":300,\"height\":300,\"caption\":\"Albyco Nederland B.V.\"},\"image\":{\"@id\":\"https:\/\/www.albyco.com\/#logo\"}},{\"@type\":\"WebSite\",\"@id\":\"https:\/\/www.albyco.com\/#website\",\"url\":\"https:\/\/www.albyco.com\/\",\"name\":\"Albyco\",\"description\":\"Leverancier voor nabewerking van geprinte media\",\"publisher\":{\"@id\":\"https:\/\/www.albyco.com\/#organization\"},\"potentialAction\":[{\"@type\":\"SearchAction\",\"target\":{\"@type\":\"EntryPoint\",\"urlTemplate\":\"https:\/\/www.albyco.com\/?s={search_term_string}\"},\"query-input\":\"required name=search_term_string\"}],\"inLanguage\":\"fr-FR\"},{\"@type\":\"ImageObject\",\"@id\":\"https:\/\/www.albyco.com\/fr\/produit\/gmp-protopic-iii-540-plus-enkelzijdig-pod-rollamineerapparaat\/#primaryimage\",\"inLanguage\":\"fr-FR\",\"url\":\"https:\/\/www.albyco.com\/wp-content\/uploads\/2017\/07\/GMP-Protopic-III-540-plus.jpg\",\"contentUrl\":\"https:\/\/www.albyco.com\/wp-content\/uploads\/2017\/07\/GMP-Protopic-III-540-plus.jpg\",\"width\":2000,\"height\":2000},{\"@type\":\"WebPage\",\"@id\":\"https:\/\/www.albyco.com\/fr\/produit\/gmp-protopic-iii-540-plus-enkelzijdig-pod-rollamineerapparaat\/#webpage\",\"url\":\"https:\/\/www.albyco.com\/fr\/produit\/gmp-protopic-iii-540-plus-enkelzijdig-pod-rollamineerapparaat\/\",\"name\":\"GMP Protopic III Plus 540 pour pelliculer, vernir et dorer sur des formats allant jusqu'au A2 - Albyco\",\"isPartOf\":{\"@id\":\"https:\/\/www.albyco.com\/#website\"},\"primaryImageOfPage\":{\"@id\":\"https:\/\/www.albyco.com\/fr\/produit\/gmp-protopic-iii-540-plus-enkelzijdig-pod-rollamineerapparaat\/#primaryimage\"},\"datePublished\":\"2017-07-06T07:33:17+00:00\",\"dateModified\":\"2021-08-09T09:11:06+00:00\",\"description\":\"Pelliculeuse semi-automatique GMP Protopic III Plus 540 pour pelliculer, vernir et dorer sur des formats allant jusqu'au A2 (format max. de 540 x 800 mm).\",\"breadcrumb\":{\"@id\":\"https:\/\/www.albyco.com\/fr\/produit\/gmp-protopic-iii-540-plus-enkelzijdig-pod-rollamineerapparaat\/#breadcrumb\"},\"inLanguage\":\"fr-FR\",\"potentialAction\":[{\"@type\":\"ReadAction\",\"target\":[\"https:\/\/www.albyco.com\/fr\/produit\/gmp-protopic-iii-540-plus-enkelzijdig-pod-rollamineerapparaat\/\"]}]},{\"@type\":\"BreadcrumbList\",\"@id\":\"https:\/\/www.albyco.com\/fr\/produit\/gmp-protopic-iii-540-plus-enkelzijdig-pod-rollamineerapparaat\/#breadcrumb\",\"itemListElement\":[{\"@type\":\"ListItem\",\"position\":1,\"name\":\"Home\",\"item\":\"https:\/\/www.albyco.com\/fr\/\"},{\"@type\":\"ListItem\",\"position\":2,\"name\":\"Les produits\",\"item\":\"https:\/\/www.albyco.com\/fr\/producten\/\"},{\"@type\":\"ListItem\",\"position\":3,\"name\":\"GMP Protopic III Plus 540 pour pelliculer, vernir et dorer sur des formats allant jusqu&#8217;au A2\"}]}]}<\/script>\n<!-- \/ Yoast SEO plugin. -->","yoast_head_json":{"title":"GMP Protopic III Plus 540 pour pelliculer, vernir et dorer sur des formats allant jusqu'au A2 - Albyco","description":"Pelliculeuse semi-automatique GMP Protopic III Plus 540 pour pelliculer, vernir et dorer sur des formats allant jusqu'au A2 (format max. de 540 x 800 mm).","robots":{"index":"index","follow":"follow","max-snippet":"max-snippet:-1","max-image-preview":"max-image-preview:large","max-video-preview":"max-video-preview:-1"},"canonical":"https:\/\/www.albyco.com\/fr\/produit\/gmp-protopic-iii-540-plus-enkelzijdig-pod-rollamineerapparaat\/","og_locale":"fr_FR","og_type":"article","og_title":"GMP Protopic III Plus 540 pour pelliculer, vernir et dorer sur des formats allant jusqu'au A2 - Albyco","og_description":"Pelliculeuse semi-automatique GMP Protopic III Plus 540 pour pelliculer, vernir et dorer sur des formats allant jusqu'au A2 (format max. de 540 x 800 mm).","og_url":"https:\/\/www.albyco.com\/fr\/produit\/gmp-protopic-iii-540-plus-enkelzijdig-pod-rollamineerapparaat\/","og_site_name":"Albyco","article_modified_time":"2021-08-09T09:11:06+00:00","og_image":[{"width":2000,"height":2000,"url":"https:\/\/www.albyco.com\/wp-content\/uploads\/2017\/07\/GMP-Protopic-III-540-plus.jpg","type":"image\/jpeg"}],"twitter_card":"summary","twitter_site":"@AlbycoNederland","twitter_misc":{"Dur\u00e9e de lecture estim\u00e9e":"2 minutes"},"schema":{"@context":"https:\/\/schema.org","@graph":[{"@type":"Organization","@id":"https:\/\/www.albyco.com\/#organization","name":"Albyco Nederland B.V.","url":"https:\/\/www.albyco.com\/","sameAs":["https:\/\/www.linkedin.com\/company\/18015670\/","https:\/\/www.youtube.com\/user\/AlbycoNederland","https:\/\/nl.pinterest.com\/albyco","https:\/\/twitter.com\/AlbycoNederland"],"logo":{"@type":"ImageObject","@id":"https:\/\/www.albyco.com\/#logo","inLanguage":"fr-FR","url":"https:\/\/www.albyco.com\/wp-content\/uploads\/2017\/07\/albyco_logo_hd.png","contentUrl":"https:\/\/www.albyco.com\/wp-content\/uploads\/2017\/07\/albyco_logo_hd.png","width":300,"height":300,"caption":"Albyco Nederland B.V."},"image":{"@id":"https:\/\/www.albyco.com\/#logo"}},{"@type":"WebSite","@id":"https:\/\/www.albyco.com\/#website","url":"https:\/\/www.albyco.com\/","name":"Albyco","description":"Leverancier voor nabewerking van geprinte media","publisher":{"@id":"https:\/\/www.albyco.com\/#organization"},"potentialAction":[{"@type":"SearchAction","target":{"@type":"EntryPoint","urlTemplate":"https:\/\/www.albyco.com\/?s={search_term_string}"},"query-input":"required name=search_term_string"}],"inLanguage":"fr-FR"},{"@type":"ImageObject","@id":"https:\/\/www.albyco.com\/fr\/produit\/gmp-protopic-iii-540-plus-enkelzijdig-pod-rollamineerapparaat\/#primaryimage","inLanguage":"fr-FR","url":"https:\/\/www.albyco.com\/wp-content\/uploads\/2017\/07\/GMP-Protopic-III-540-plus.jpg","contentUrl":"https:\/\/www.albyco.com\/wp-content\/uploads\/2017\/07\/GMP-Protopic-III-540-plus.jpg","width":2000,"height":2000},{"@type":"WebPage","@id":"https:\/\/www.albyco.com\/fr\/produit\/gmp-protopic-iii-540-plus-enkelzijdig-pod-rollamineerapparaat\/#webpage","url":"https:\/\/www.albyco.com\/fr\/produit\/gmp-protopic-iii-540-plus-enkelzijdig-pod-rollamineerapparaat\/","name":"GMP Protopic III Plus 540 pour pelliculer, vernir et dorer sur des formats allant jusqu'au A2 - Albyco","isPartOf":{"@id":"https:\/\/www.albyco.com\/#website"},"primaryImageOfPage":{"@id":"https:\/\/www.albyco.com\/fr\/produit\/gmp-protopic-iii-540-plus-enkelzijdig-pod-rollamineerapparaat\/#primaryimage"},"datePublished":"2017-07-06T07:33:17+00:00","dateModified":"2021-08-09T09:11:06+00:00","description":"Pelliculeuse semi-automatique GMP Protopic III Plus 540 pour pelliculer, vernir et dorer sur des formats allant jusqu'au A2 (format max. de 540 x 800 mm).","breadcrumb":{"@id":"https:\/\/www.albyco.com\/fr\/produit\/gmp-protopic-iii-540-plus-enkelzijdig-pod-rollamineerapparaat\/#breadcrumb"},"inLanguage":"fr-FR","potentialAction":[{"@type":"ReadAction","target":["https:\/\/www.albyco.com\/fr\/produit\/gmp-protopic-iii-540-plus-enkelzijdig-pod-rollamineerapparaat\/"]}]},{"@type":"BreadcrumbList","@id":"https:\/\/www.albyco.com\/fr\/produit\/gmp-protopic-iii-540-plus-enkelzijdig-pod-rollamineerapparaat\/#breadcrumb","itemListElement":[{"@type":"ListItem","position":1,"name":"Home","item":"https:\/\/www.albyco.com\/fr\/"},{"@type":"ListItem","position":2,"name":"Les produits","item":"https:\/\/www.albyco.com\/fr\/producten\/"},{"@type":"ListItem","position":3,"name":"GMP Protopic III Plus 540 pour pelliculer, vernir et dorer sur des formats allant jusqu&#8217;au A2"}]}]}},"_links":{"self":[{"href":"https:\/\/www.albyco.com\/fr\/wp-json\/wp\/v2\/product\/34140"}],"collection":[{"href":"https:\/\/www.albyco.com\/fr\/wp-json\/wp\/v2\/product"}],"about":[{"href":"https:\/\/www.albyco.com\/fr\/wp-json\/wp\/v2\/types\/product"}],"replies":[{"embeddable":true,"href":"https:\/\/www.albyco.com\/fr\/wp-json\/wp\/v2\/comments?post=34140"}],"wp:featuredmedia":[{"embeddable":true,"href":"https:\/\/www.albyco.com\/fr\/wp-json\/wp\/v2\/media\/23576"}],"wp:attachment":[{"href":"https:\/\/www.albyco.com\/fr\/wp-json\/wp\/v2\/media?parent=34140"}],"wp:term":[{"taxonomy":"product_cat","embeddable":true,"href":"https:\/\/www.albyco.com\/fr\/wp-json\/wp\/v2\/product_cat?post=34140"},{"taxonomy":"product_tag","embeddable":true,"href":"https:\/\/www.albyco.com\/fr\/wp-json\/wp\/v2\/product_tag?post=34140"}],"curies":[{"name":"wp","href":"https:\/\/api.w.org\/{rel}","templated":true}]}}