{"id":34137,"date":"2017-07-06T10:19:54","date_gmt":"2017-07-06T08:19:54","guid":{"rendered":"https:\/\/www.albyco.com\/product\/gmp-qtopic-380f-enkelzijdig-pod-rollamineersysteem\/"},"modified":"2026-04-26T06:19:45","modified_gmt":"2026-04-26T04:19:45","slug":"albyco-lamifoil-380-pelliculeuse-semi-automatique","status":"publish","type":"product","link":"https:\/\/www.albyco.com\/fr\/produit\/albyco-lamifoil-380-pelliculeuse-semi-automatique\/","title":{"rendered":"Albyco Lamifoil 380, Pelliculeuse semi-automatique"},"content":{"rendered":"<table style=\"width: 100%; border-collapse: collapse;\" border=\"0\">\r\n<tbody>\r\n<tr>\r\n<td style=\"width: 50%;\">\n\nPelliculeuse semi-automatique, ultra compacte (avec table de travail rabattable) et \u00e9cologique avec une grande vari\u00e9t\u00e9 de films pour bureaux et copy shops.\r\n\r\nLa pelliculeuse multifonction et ultra-compacte <strong>Albyco Lamifoil 380<\/strong>\u00a0avec une insertion semi-automatique est devenue un outil incontournable dans la finition cr\u00e9ative \u00e0 la demande avec le pelliculage et Sleeking. Profitez de sa table rabattable pour gagner en espace lorsque vous n&#8217;utilisez pas la pelliculeuse.<\/td>\r\n<td style=\"width: 50%; text-align: center;\"><\/td>\r\n<\/tr>\r\n<\/tbody>\r\n<\/table>\r\n<table style=\"width: 100%; border-collapse: collapse;\" border=\"0\">\r\n<tbody>\r\n<tr>\r\n<td style=\"width: 100%; background-color: #ffffff;\">\n\nLe pelliculage est parfait avec une grande vari\u00e9t\u00e9 de films (Polynex, Nylonex, Perfex) destin\u00e9 au bureaux et copy shop et elle int\u00e8gre un syst\u00e8me de coupe automatique en sortie. Il est possible de r\u00e9gler la tension et le decurling depuis un \u00e9cran de commande tactile\r\n\r\nLe transfert rep\u00e9r\u00e9 sur toner de vernis simple ou holographique, de foils de dorure, argent, bleu, rouge, vert et blanc. Avec des films pour impression digitale en finition brillant, mat, silk feel et silk feel noir, les applications sont illimit\u00e9es: protection et mise en valeur de couvertures de livres, emballages, cartes de visite, \u00e9tiquettes, faire-part de naissance, menus, invitations, cartes de voeux, etc.<\/td>\r\n<\/tr>\r\n<\/tbody>\r\n<\/table>\r\n<p class=\"p1\"><strong>Albyco Lamifoil 380<\/strong><\/p>\r\n\r\n<table class=\"table table-striped table-bordered\">\r\n<tbody>\r\n<tr>\r\n<td>&#8211; Dimensions<\/td>\r\n<td>720x900x1350mm (table pli\u00e9e)<\/td>\r\n<\/tr>\r\n<tr>\r\n<td>&#8211; Vitesse<\/td>\r\n<td>1,5 &#8211;&gt; 10m\/min<\/td>\r\n<\/tr>\r\n<tr>\r\n<td>&#8211; Taille papier<\/td>\r\n<td>Min 180 x 210mm, Max 380 x 500mm<\/td>\r\n<\/tr>\r\n<tr>\r\n<td>&#8211; Sleeking<\/td>\r\n<td>Brillant, mat, hologramme, m\u00e9tallique<\/td>\r\n<\/tr>\r\n<tr>\r\n<td>&#8211; Grammage papier<\/td>\r\n<td>de 120 \u00e0 350g\/m\u00b2<\/td>\r\n<\/tr>\r\n<tr>\r\n<td>&#8211; Puissance<\/td>\r\n<td>220~240V, 50\/60Hz, 9A<\/td>\r\n<\/tr>\r\n<tr>\r\n<td>&#8211; Consommation<\/td>\r\n<td>2000 W<\/td>\r\n<\/tr>\r\n<tr>\r\n<td>&#8211; Pr\u00e9chauffage<\/td>\r\n<td>5 minutes<\/td>\r\n<\/tr>\r\n<tr>\r\n<td>&#8211; Syst\u00e8me de chauffage<\/td>\r\n<td>Infra-rouge<\/td>\r\n<\/tr>\r\n<tr>\r\n<td>&#8211; Temp\u00e9rature<\/td>\r\n<td>Max 135\u00b0C<\/td>\r\n<\/tr>\r\n<tr>\r\n<td>&#8211; Contr\u00f4le vitesse<\/td>\r\n<td>Via \u00e9cran tactile<\/td>\r\n<\/tr>\r\n<tr>\r\n<td>&#8211; Contr\u00f4le temp\u00e9rature<\/td>\r\n<td>Via \u00e9cran tactile<\/td>\r\n<\/tr>\r\n<tr>\r\n<td>&#8211; Ecran de contr\u00f4le<\/td>\r\n<td>LCD<\/td>\r\n<\/tr>\r\n<tr>\r\n<td>&#8211; Pression<\/td>\r\n<td>Pneumatique<\/td>\r\n<\/tr>\r\n<tr>\r\n<td>&#8211; Compresseur<\/td>\r\n<td>1HP, 89l\/min<\/td>\r\n<\/tr>\r\n<\/tbody>\r\n<\/table>\r\n&nbsp;\r\n\r\n&nbsp;","protected":false},"excerpt":{"rendered":"<p>Albyco Lamifoil 380, Pelliculeuse semi-automatique<\/p>\n","protected":false},"featured_media":42479,"comment_status":"open","ping_status":"closed","template":"","meta":[],"product_cat":[2300,2728,3986,2842],"product_tag":[2843,2844,2318,2845,2846,2847,2848,2849,2323,2850,2851,2730],"yoast_head":"<!-- This site is optimized with the Yoast SEO plugin v18.6 - https:\/\/yoast.com\/wordpress\/plugins\/seo\/ -->\n<title>Albyco Lamifoil 380, Pelliculeuse semi-automatique - Albyco<\/title>\n<meta name=\"description\" content=\"Albyco Lamifoil 380, Pelliculeuse semi-automatique\" \/>\n<meta name=\"robots\" content=\"index, follow, max-snippet:-1, max-image-preview:large, max-video-preview:-1\" \/>\n<link rel=\"canonical\" href=\"https:\/\/www.albyco.com\/fr\/produit\/albyco-lamifoil-380-pelliculeuse-semi-automatique\/\" \/>\n<meta property=\"og:locale\" content=\"fr_FR\" \/>\n<meta property=\"og:type\" content=\"article\" \/>\n<meta property=\"og:title\" content=\"Albyco Lamifoil 380, Pelliculeuse semi-automatique - Albyco\" \/>\n<meta property=\"og:description\" content=\"Albyco Lamifoil 380, Pelliculeuse semi-automatique\" \/>\n<meta property=\"og:url\" content=\"https:\/\/www.albyco.com\/fr\/produit\/albyco-lamifoil-380-pelliculeuse-semi-automatique\/\" \/>\n<meta property=\"og:site_name\" content=\"Albyco\" \/>\n<meta property=\"article:modified_time\" content=\"2026-04-26T04:19:45+00:00\" \/>\n<meta property=\"og:image\" content=\"https:\/\/www.albyco.com\/wp-content\/uploads\/2017\/07\/Albyco-Lamifoil-380-top-vert2.jpg\" \/>\n\t<meta property=\"og:image:width\" content=\"750\" \/>\n\t<meta property=\"og:image:height\" content=\"686\" \/>\n\t<meta property=\"og:image:type\" content=\"image\/jpeg\" \/>\n<meta name=\"twitter:card\" content=\"summary\" \/>\n<meta name=\"twitter:site\" content=\"@AlbycoNederland\" \/>\n<meta name=\"twitter:label1\" content=\"Dur\u00e9e de lecture estim\u00e9e\" \/>\n\t<meta name=\"twitter:data1\" content=\"1 minute\" \/>\n<script type=\"application\/ld+json\" class=\"yoast-schema-graph\">{\"@context\":\"https:\/\/schema.org\",\"@graph\":[{\"@type\":\"Organization\",\"@id\":\"https:\/\/www.albyco.com\/#organization\",\"name\":\"Albyco Nederland B.V.\",\"url\":\"https:\/\/www.albyco.com\/\",\"sameAs\":[\"https:\/\/www.linkedin.com\/company\/18015670\/\",\"https:\/\/www.youtube.com\/user\/AlbycoNederland\",\"https:\/\/nl.pinterest.com\/albyco\",\"https:\/\/twitter.com\/AlbycoNederland\"],\"logo\":{\"@type\":\"ImageObject\",\"@id\":\"https:\/\/www.albyco.com\/#logo\",\"inLanguage\":\"fr-FR\",\"url\":\"https:\/\/www.albyco.com\/wp-content\/uploads\/2017\/07\/albyco_logo_hd.png\",\"contentUrl\":\"https:\/\/www.albyco.com\/wp-content\/uploads\/2017\/07\/albyco_logo_hd.png\",\"width\":300,\"height\":300,\"caption\":\"Albyco Nederland B.V.\"},\"image\":{\"@id\":\"https:\/\/www.albyco.com\/#logo\"}},{\"@type\":\"WebSite\",\"@id\":\"https:\/\/www.albyco.com\/#website\",\"url\":\"https:\/\/www.albyco.com\/\",\"name\":\"Albyco\",\"description\":\"Leverancier voor nabewerking van geprinte media\",\"publisher\":{\"@id\":\"https:\/\/www.albyco.com\/#organization\"},\"potentialAction\":[{\"@type\":\"SearchAction\",\"target\":{\"@type\":\"EntryPoint\",\"urlTemplate\":\"https:\/\/www.albyco.com\/?s={search_term_string}\"},\"query-input\":\"required name=search_term_string\"}],\"inLanguage\":\"fr-FR\"},{\"@type\":\"ImageObject\",\"@id\":\"https:\/\/www.albyco.com\/fr\/produit\/albyco-lamifoil-380-pelliculeuse-semi-automatique\/#primaryimage\",\"inLanguage\":\"fr-FR\",\"url\":\"https:\/\/www.albyco.com\/wp-content\/uploads\/2017\/07\/Albyco-Lamifoil-380-top-vert2.jpg\",\"contentUrl\":\"https:\/\/www.albyco.com\/wp-content\/uploads\/2017\/07\/Albyco-Lamifoil-380-top-vert2.jpg\",\"width\":750,\"height\":686,\"caption\":\"Albyco-Lamifoil-380\"},{\"@type\":\"WebPage\",\"@id\":\"https:\/\/www.albyco.com\/fr\/produit\/albyco-lamifoil-380-pelliculeuse-semi-automatique\/#webpage\",\"url\":\"https:\/\/www.albyco.com\/fr\/produit\/albyco-lamifoil-380-pelliculeuse-semi-automatique\/\",\"name\":\"Albyco Lamifoil 380, Pelliculeuse semi-automatique - Albyco\",\"isPartOf\":{\"@id\":\"https:\/\/www.albyco.com\/#website\"},\"primaryImageOfPage\":{\"@id\":\"https:\/\/www.albyco.com\/fr\/produit\/albyco-lamifoil-380-pelliculeuse-semi-automatique\/#primaryimage\"},\"datePublished\":\"2017-07-06T08:19:54+00:00\",\"dateModified\":\"2026-04-26T04:19:45+00:00\",\"description\":\"Albyco Lamifoil 380, Pelliculeuse semi-automatique\",\"breadcrumb\":{\"@id\":\"https:\/\/www.albyco.com\/fr\/produit\/albyco-lamifoil-380-pelliculeuse-semi-automatique\/#breadcrumb\"},\"inLanguage\":\"fr-FR\",\"potentialAction\":[{\"@type\":\"ReadAction\",\"target\":[\"https:\/\/www.albyco.com\/fr\/produit\/albyco-lamifoil-380-pelliculeuse-semi-automatique\/\"]}]},{\"@type\":\"BreadcrumbList\",\"@id\":\"https:\/\/www.albyco.com\/fr\/produit\/albyco-lamifoil-380-pelliculeuse-semi-automatique\/#breadcrumb\",\"itemListElement\":[{\"@type\":\"ListItem\",\"position\":1,\"name\":\"Home\",\"item\":\"https:\/\/www.albyco.com\/fr\/\"},{\"@type\":\"ListItem\",\"position\":2,\"name\":\"Les produits\",\"item\":\"https:\/\/www.albyco.com\/fr\/producten\/\"},{\"@type\":\"ListItem\",\"position\":3,\"name\":\"Albyco Lamifoil 380, Pelliculeuse semi-automatique\"}]}]}<\/script>\n<!-- \/ Yoast SEO plugin. -->","yoast_head_json":{"title":"Albyco Lamifoil 380, Pelliculeuse semi-automatique - Albyco","description":"Albyco Lamifoil 380, Pelliculeuse semi-automatique","robots":{"index":"index","follow":"follow","max-snippet":"max-snippet:-1","max-image-preview":"max-image-preview:large","max-video-preview":"max-video-preview:-1"},"canonical":"https:\/\/www.albyco.com\/fr\/produit\/albyco-lamifoil-380-pelliculeuse-semi-automatique\/","og_locale":"fr_FR","og_type":"article","og_title":"Albyco Lamifoil 380, Pelliculeuse semi-automatique - Albyco","og_description":"Albyco Lamifoil 380, Pelliculeuse semi-automatique","og_url":"https:\/\/www.albyco.com\/fr\/produit\/albyco-lamifoil-380-pelliculeuse-semi-automatique\/","og_site_name":"Albyco","article_modified_time":"2026-04-26T04:19:45+00:00","og_image":[{"width":750,"height":686,"url":"https:\/\/www.albyco.com\/wp-content\/uploads\/2017\/07\/Albyco-Lamifoil-380-top-vert2.jpg","type":"image\/jpeg"}],"twitter_card":"summary","twitter_site":"@AlbycoNederland","twitter_misc":{"Dur\u00e9e de lecture estim\u00e9e":"1 minute"},"schema":{"@context":"https:\/\/schema.org","@graph":[{"@type":"Organization","@id":"https:\/\/www.albyco.com\/#organization","name":"Albyco Nederland B.V.","url":"https:\/\/www.albyco.com\/","sameAs":["https:\/\/www.linkedin.com\/company\/18015670\/","https:\/\/www.youtube.com\/user\/AlbycoNederland","https:\/\/nl.pinterest.com\/albyco","https:\/\/twitter.com\/AlbycoNederland"],"logo":{"@type":"ImageObject","@id":"https:\/\/www.albyco.com\/#logo","inLanguage":"fr-FR","url":"https:\/\/www.albyco.com\/wp-content\/uploads\/2017\/07\/albyco_logo_hd.png","contentUrl":"https:\/\/www.albyco.com\/wp-content\/uploads\/2017\/07\/albyco_logo_hd.png","width":300,"height":300,"caption":"Albyco Nederland B.V."},"image":{"@id":"https:\/\/www.albyco.com\/#logo"}},{"@type":"WebSite","@id":"https:\/\/www.albyco.com\/#website","url":"https:\/\/www.albyco.com\/","name":"Albyco","description":"Leverancier voor nabewerking van geprinte media","publisher":{"@id":"https:\/\/www.albyco.com\/#organization"},"potentialAction":[{"@type":"SearchAction","target":{"@type":"EntryPoint","urlTemplate":"https:\/\/www.albyco.com\/?s={search_term_string}"},"query-input":"required name=search_term_string"}],"inLanguage":"fr-FR"},{"@type":"ImageObject","@id":"https:\/\/www.albyco.com\/fr\/produit\/albyco-lamifoil-380-pelliculeuse-semi-automatique\/#primaryimage","inLanguage":"fr-FR","url":"https:\/\/www.albyco.com\/wp-content\/uploads\/2017\/07\/Albyco-Lamifoil-380-top-vert2.jpg","contentUrl":"https:\/\/www.albyco.com\/wp-content\/uploads\/2017\/07\/Albyco-Lamifoil-380-top-vert2.jpg","width":750,"height":686,"caption":"Albyco-Lamifoil-380"},{"@type":"WebPage","@id":"https:\/\/www.albyco.com\/fr\/produit\/albyco-lamifoil-380-pelliculeuse-semi-automatique\/#webpage","url":"https:\/\/www.albyco.com\/fr\/produit\/albyco-lamifoil-380-pelliculeuse-semi-automatique\/","name":"Albyco Lamifoil 380, Pelliculeuse semi-automatique - Albyco","isPartOf":{"@id":"https:\/\/www.albyco.com\/#website"},"primaryImageOfPage":{"@id":"https:\/\/www.albyco.com\/fr\/produit\/albyco-lamifoil-380-pelliculeuse-semi-automatique\/#primaryimage"},"datePublished":"2017-07-06T08:19:54+00:00","dateModified":"2026-04-26T04:19:45+00:00","description":"Albyco Lamifoil 380, Pelliculeuse semi-automatique","breadcrumb":{"@id":"https:\/\/www.albyco.com\/fr\/produit\/albyco-lamifoil-380-pelliculeuse-semi-automatique\/#breadcrumb"},"inLanguage":"fr-FR","potentialAction":[{"@type":"ReadAction","target":["https:\/\/www.albyco.com\/fr\/produit\/albyco-lamifoil-380-pelliculeuse-semi-automatique\/"]}]},{"@type":"BreadcrumbList","@id":"https:\/\/www.albyco.com\/fr\/produit\/albyco-lamifoil-380-pelliculeuse-semi-automatique\/#breadcrumb","itemListElement":[{"@type":"ListItem","position":1,"name":"Home","item":"https:\/\/www.albyco.com\/fr\/"},{"@type":"ListItem","position":2,"name":"Les produits","item":"https:\/\/www.albyco.com\/fr\/producten\/"},{"@type":"ListItem","position":3,"name":"Albyco Lamifoil 380, Pelliculeuse semi-automatique"}]}]}},"_links":{"self":[{"href":"https:\/\/www.albyco.com\/fr\/wp-json\/wp\/v2\/product\/34137"}],"collection":[{"href":"https:\/\/www.albyco.com\/fr\/wp-json\/wp\/v2\/product"}],"about":[{"href":"https:\/\/www.albyco.com\/fr\/wp-json\/wp\/v2\/types\/product"}],"replies":[{"embeddable":true,"href":"https:\/\/www.albyco.com\/fr\/wp-json\/wp\/v2\/comments?post=34137"}],"wp:featuredmedia":[{"embeddable":true,"href":"https:\/\/www.albyco.com\/fr\/wp-json\/wp\/v2\/media\/42479"}],"wp:attachment":[{"href":"https:\/\/www.albyco.com\/fr\/wp-json\/wp\/v2\/media?parent=34137"}],"wp:term":[{"taxonomy":"product_cat","embeddable":true,"href":"https:\/\/www.albyco.com\/fr\/wp-json\/wp\/v2\/product_cat?post=34137"},{"taxonomy":"product_tag","embeddable":true,"href":"https:\/\/www.albyco.com\/fr\/wp-json\/wp\/v2\/product_tag?post=34137"}],"curies":[{"name":"wp","href":"https:\/\/api.w.org\/{rel}","templated":true}]}}