{"id":34136,"date":"2017-07-07T11:35:28","date_gmt":"2017-07-07T09:35:28","guid":{"rendered":"https:\/\/www.albyco.com\/product\/gmp-pioneer-idh-5500-plus-enkelzijdig-pod-rollamineersysteem\/"},"modified":"2017-07-07T11:35:28","modified_gmt":"2017-07-07T09:35:28","slug":"gmp-pioneer-idh-5500-plus-enkelzijdig-pod-rollamineersysteem","status":"publish","type":"product","link":"https:\/\/www.albyco.com\/fr\/produit\/gmp-pioneer-idh-5500-plus-enkelzijdig-pod-rollamineersysteem\/","title":{"rendered":"GMP Pioneer IDH 5500 Plus, syst\u00e8me de laminage en rouleau simple face (POD)"},"content":{"rendered":"<table style=\"width: 100%; border-collapse: collapse;\" border=\"0\">\r\n<tbody>\r\n<tr>\r\n<td style=\"width: 50%;\">\n\nLe GMP Pioneer IDH 5500 Plus est un syst\u00e8me de plastification simple face \u00e0 haut volume, une solution de finition solide pour l&#8217;impression num\u00e9rique et offset avec une technologie de pointe.\r\n\r\nLa machine est \u00e9quip\u00e9e de rouleaux chauff\u00e9s par induction pour un contr\u00f4le de temp\u00e9rature extr\u00eamement pr\u00e9cis. Le chargeur de flux \u00e0 grande vitesse offre une vitesse allant jusqu&#8217;\u00e0 6 000 feuilles\/h. Apr\u00e8s plastification, les feuilles plastifi\u00e9es sont automatiquement empil\u00e9es (avec empileur en option). Toutes les fonctions \u00e9lectroniques sont contr\u00f4l\u00e9es par un automate LS, un servomoteur et un pilote. La machine dispose d&#8217;un \u00e9cran tactile ergonomique pour toutes les fonctions critiques, de la configuration au suivi des travaux, pour une sortie de qualit\u00e9 sup\u00e9rieure. Le syst\u00e8me convient \u00e0 la plastification simple face dans la production en s\u00e9rie d&#8217;impressions offset et num\u00e9riques avec une vitesse de plastification maximale allant jusqu&#8217;\u00e0 40 m\/min. Fonctionnement simple et machine de production la plus compacte. Convient pour la production par lots de petites quantit\u00e9s de diff\u00e9rents substrats.<\/td>\r\n<td style=\"width: 50%; text-align: center;\"><div class=\"epyt-video-wrapper\"><iframe  id=\"_ytid_37499\"  width=\"800\" height=\"450\"  data-origwidth=\"800\" data-origheight=\"450\"  data-relstop=\"1\" src=\"https:\/\/www.youtube.com\/embed\/xX7ksyAehlY?enablejsapi=1&autoplay=0&cc_load_policy=0&iv_load_policy=1&loop=0&modestbranding=0&fs=1&playsinline=1&controls=1&color=red&cc_lang_pref=&rel=0&autohide=2&theme=dark&\" class=\"__youtube_prefs__  no-lazyload\" title=\"YouTube player\"  allow=\"accelerometer; autoplay; clipboard-write; encrypted-media; gyroscope; picture-in-picture\" allowfullscreen data-no-lazy=\"1\" data-skipgform_ajax_framebjll=\"\"><\/iframe><\/div><\/td>\r\n<\/tr>\r\n<tr>\r\n<td style=\"width: 50%;\" colspan=\"2\">La s\u00e9rie GMP Pioneer est \u00e9quip\u00e9e de s\u00e9rie d&#8217;un chauffage par induction. C&#8217;est un point tr\u00e8s important, car le Pioneer IDH 5500 Plus pour la plastification simple face offre une vitesse de traitement de 40 m\/min. Une temp\u00e9rature tr\u00e8s constante est tr\u00e8s importante dans ces tirages car seule une diff\u00e9rence de quelques degr\u00e9s est d\u00e9j\u00e0 visible dans le travail contrecoll\u00e9. L&#8217;imprimeur qui doit traiter \u00e0 la fois des travaux num\u00e9riques et des travaux offset (jusqu&#8217;\u00e0 55&#215;70) en gros tirages trouvera la solution id\u00e9ale pour son travail dans le Pioneer 5500.<\/td>\r\n<\/tr>\r\n<\/tbody>\r\n<\/table>\r\n<table style=\"width: 61.1032%; border-collapse: collapse;\" border=\"0\">\r\n<tbody>\r\n<tr>\r\n<td style=\"width: 20.5744%;\"><strong>GMP Pioneer IDH 5500 Plus<\/strong><\/td>\r\n<td style=\"width: 40.5288%;\"><\/td>\r\n<\/tr>\r\n<tr>\r\n<td style=\"width: 20.5744%;\">Dimensions de la plastifieuse (LxLxH)<\/td>\r\n<td style=\"width: 40.5288%;\">1.160 x 3.650 x 1.340 mm<\/td>\r\n<\/tr>\r\n<tr>\r\n<td style=\"width: 20.5744%;\">Max. vitesse de plastification<\/td>\r\n<td style=\"width: 40.5288%;\">40 m\/min<\/td>\r\n<\/tr>\r\n<tr>\r\n<td style=\"width: 20.5744%;\">Max. vitesse d&#8217;entr\u00e9e<\/td>\r\n<td style=\"width: 40.5288%;\">6.000 vellen per uur<\/td>\r\n<\/tr>\r\n<tr>\r\n<td style=\"width: 20.5744%;\">Max. Taille de la feuille<\/td>\r\n<td style=\"width: 40.5288%;\">550 mm (B) x 700 mm (L)<\/td>\r\n<\/tr>\r\n<tr>\r\n<td style=\"width: 20.5744%;\">Min. Taille de la feuille<\/td>\r\n<td style=\"width: 40.5288%;\">210 mm (B) x 250 mm (L)<\/td>\r\n<\/tr>\r\n<tr>\r\n<td style=\"width: 20.5744%;\">\u00c9paisseurs de substrat<\/td>\r\n<td style=\"width: 40.5288%;\">120 ~ 400 g\/m\u00b2<\/td>\r\n<\/tr>\r\n<tr>\r\n<td style=\"width: 20.5744%;\">Saisir la hauteur de chargement max.<\/td>\r\n<td style=\"width: 40.5288%;\">480 mm<\/td>\r\n<\/tr>\r\n<tr>\r\n<td style=\"width: 20.5744%;\">Films de plastification<\/td>\r\n<td style=\"width: 40.5288%;\">Polynex, Nylonex, Perfex<\/td>\r\n<\/tr>\r\n<tr>\r\n<td style=\"width: 20.5744%;\">Diam\u00e8tre du rouleau avant<\/td>\r\n<td style=\"width: 40.5288%;\">Au dessus : 214 mm \/ Sous : 200 mm<\/td>\r\n<\/tr>\r\n<tr>\r\n<td style=\"width: 20.5744%;\">Diam\u00e8tre des rouleaux arri\u00e8re<\/td>\r\n<td style=\"width: 40.5288%;\">80 mm<\/td>\r\n<\/tr>\r\n<tr>\r\n<td style=\"width: 20.5744%;\">Display<\/td>\r\n<td style=\"width: 40.5288%;\">LCD<\/td>\r\n<\/tr>\r\n<tr>\r\n<td style=\"width: 20.5744%;\">Connexion \u00e9lectrique<\/td>\r\n<td style=\"width: 40.5288%;\">AC 380~400V, 3 phases, 50\/60Hz<\/td>\r\n<\/tr>\r\n<tr>\r\n<td style=\"width: 20.5744%;\">Consommation d&#8217;\u00e9nergie<\/td>\r\n<td style=\"width: 40.5288%;\">13 kW<\/td>\r\n<\/tr>\r\n<tr>\r\n<td style=\"width: 20.5744%;\">Temps de pr\u00e9chauffage<\/td>\r\n<td style=\"width: 40.5288%;\">10 min.<\/td>\r\n<\/tr>\r\n<tr>\r\n<td style=\"width: 20.5744%;\">Syst\u00e8me de chauffage<\/td>\r\n<td style=\"width: 40.5288%;\">Induction<\/td>\r\n<\/tr>\r\n<tr>\r\n<td style=\"width: 20.5744%;\">Contr\u00f4le de la temp\u00e9rature<\/td>\r\n<td style=\"width: 40.5288%;\">PID Control<\/td>\r\n<\/tr>\r\n<tr>\r\n<td style=\"width: 20.5744%;\">Max. temp\u00e9rature de fonctionnement<\/td>\r\n<td style=\"width: 40.5288%;\">140 \u00b0C<\/td>\r\n<\/tr>\r\n<tr>\r\n<td style=\"width: 20.5744%;\">Syst\u00e8me op\u00e9rateur<\/td>\r\n<td style=\"width: 40.5288%;\">LS PLC (Programmable Logic Controller)<\/td>\r\n<\/tr>\r\n<tr>\r\n<td style=\"width: 20.5744%;\">Moteur de sabot<\/td>\r\n<td style=\"width: 40.5288%;\">HiGen 1.0 kW\u00a0Servo Motor met Servo Driver<\/td>\r\n<\/tr>\r\n<tr>\r\n<td style=\"width: 20.5744%;\">Facturer le moteur HiGen 0.4kw<\/td>\r\n<td style=\"width: 40.5288%;\">Servo Motor avec Servo Driver<\/td>\r\n<\/tr>\r\n<tr>\r\n<td style=\"width: 20.5744%;\">Tegendruk<\/td>\r\n<td style=\"width: 40.5288%;\">Cylindre pneumatique<\/td>\r\n<\/tr>\r\n<tr>\r\n<td style=\"width: 20.5744%;\">Noyau de film<\/td>\r\n<td style=\"width: 40.5288%;\">Air Shaft (3\u201d)<\/td>\r\n<\/tr>\r\n<tr>\r\n<td style=\"width: 20.5744%;\">Syst\u00e8me de refroidissement<\/td>\r\n<td style=\"width: 40.5288%;\">Refroidissement par air avec ventilateur<\/td>\r\n<\/tr>\r\n<tr>\r\n<td style=\"width: 20.5744%;\">Saisir<\/td>\r\n<td style=\"width: 40.5288%;\">GMP Alimentateur de flux synchronis\u00e9<\/td>\r\n<\/tr>\r\n<tr>\r\n<td style=\"width: 20.5744%;\">Poids<\/td>\r\n<td style=\"width: 40.5288%;\">1.100 kg<\/td>\r\n<\/tr>\r\n<tr>\r\n<td style=\"width: 20.5744%;\">Couper<\/td>\r\n<td style=\"width: 40.5288%;\">Burst Cutting avec couteau et perforateur<\/td>\r\n<\/tr>\r\n<tr>\r\n<td style=\"width: 20.5744%;\">Options<\/td>\r\n<td style=\"width: 40.5288%;\">Rouleaux de gaufrage, syst\u00e8me de chauffage de l&#8217;eau, syst\u00e8me d&#8217;enroulement Micronex, rouleau de contre-pression en silicone<\/td>\r\n<\/tr>\r\n<\/tbody>\r\n<\/table>\r\n&nbsp;","protected":false},"excerpt":{"rendered":"<p>GMP Pioneer IDH 5500 Plus, syst\u00e8me de laminage en rouleau simple face (POD)<\/p>\n","protected":false},"featured_media":23604,"comment_status":"closed","ping_status":"closed","template":"","meta":[],"product_cat":[2300,2728,2842],"product_tag":[2843,2844,2845,2846,2847,2848,2849,2323,2850,2851,2730],"yoast_head":"<!-- This site is optimized with the Yoast SEO plugin v18.6 - https:\/\/yoast.com\/wordpress\/plugins\/seo\/ -->\n<title>GMP Pioneer IDH 5500 Plus, syst\u00e8me de laminage en rouleau simple face (POD) - Albyco<\/title>\n<meta name=\"description\" content=\"GMP Pioneer IDH 5500 Plus, syst\u00e8me de laminage en rouleau simple face (POD)\" \/>\n<meta name=\"robots\" content=\"index, follow, max-snippet:-1, max-image-preview:large, max-video-preview:-1\" \/>\n<link rel=\"canonical\" href=\"https:\/\/www.albyco.com\/fr\/produit\/gmp-pioneer-idh-5500-plus-enkelzijdig-pod-rollamineersysteem\/\" \/>\n<meta property=\"og:locale\" content=\"fr_FR\" \/>\n<meta property=\"og:type\" content=\"article\" \/>\n<meta property=\"og:title\" content=\"GMP Pioneer IDH 5500 Plus, syst\u00e8me de laminage en rouleau simple face (POD) - Albyco\" \/>\n<meta property=\"og:description\" content=\"GMP Pioneer IDH 5500 Plus, syst\u00e8me de laminage en rouleau simple face (POD)\" \/>\n<meta property=\"og:url\" content=\"https:\/\/www.albyco.com\/fr\/produit\/gmp-pioneer-idh-5500-plus-enkelzijdig-pod-rollamineersysteem\/\" \/>\n<meta property=\"og:site_name\" content=\"Albyco\" \/>\n<meta property=\"og:image\" content=\"https:\/\/www.albyco.com\/wp-content\/uploads\/2017\/07\/PIONEER-IDH-5500-PLUS.jpg\" \/>\n\t<meta property=\"og:image:width\" content=\"2000\" \/>\n\t<meta property=\"og:image:height\" content=\"1000\" \/>\n\t<meta property=\"og:image:type\" content=\"image\/jpeg\" \/>\n<meta name=\"twitter:card\" content=\"summary\" \/>\n<meta name=\"twitter:site\" content=\"@AlbycoNederland\" \/>\n<meta name=\"twitter:label1\" content=\"Dur\u00e9e de lecture estim\u00e9e\" \/>\n\t<meta name=\"twitter:data1\" content=\"2 minutes\" \/>\n<script type=\"application\/ld+json\" class=\"yoast-schema-graph\">{\"@context\":\"https:\/\/schema.org\",\"@graph\":[{\"@type\":\"Organization\",\"@id\":\"https:\/\/www.albyco.com\/#organization\",\"name\":\"Albyco Nederland B.V.\",\"url\":\"https:\/\/www.albyco.com\/\",\"sameAs\":[\"https:\/\/www.linkedin.com\/company\/18015670\/\",\"https:\/\/www.youtube.com\/user\/AlbycoNederland\",\"https:\/\/nl.pinterest.com\/albyco\",\"https:\/\/twitter.com\/AlbycoNederland\"],\"logo\":{\"@type\":\"ImageObject\",\"@id\":\"https:\/\/www.albyco.com\/#logo\",\"inLanguage\":\"fr-FR\",\"url\":\"https:\/\/www.albyco.com\/wp-content\/uploads\/2017\/07\/albyco_logo_hd.png\",\"contentUrl\":\"https:\/\/www.albyco.com\/wp-content\/uploads\/2017\/07\/albyco_logo_hd.png\",\"width\":300,\"height\":300,\"caption\":\"Albyco Nederland B.V.\"},\"image\":{\"@id\":\"https:\/\/www.albyco.com\/#logo\"}},{\"@type\":\"WebSite\",\"@id\":\"https:\/\/www.albyco.com\/#website\",\"url\":\"https:\/\/www.albyco.com\/\",\"name\":\"Albyco\",\"description\":\"Leverancier voor nabewerking van geprinte media\",\"publisher\":{\"@id\":\"https:\/\/www.albyco.com\/#organization\"},\"potentialAction\":[{\"@type\":\"SearchAction\",\"target\":{\"@type\":\"EntryPoint\",\"urlTemplate\":\"https:\/\/www.albyco.com\/?s={search_term_string}\"},\"query-input\":\"required name=search_term_string\"}],\"inLanguage\":\"fr-FR\"},{\"@type\":\"ImageObject\",\"@id\":\"https:\/\/www.albyco.com\/fr\/produit\/gmp-pioneer-idh-5500-plus-enkelzijdig-pod-rollamineersysteem\/#primaryimage\",\"inLanguage\":\"fr-FR\",\"url\":\"https:\/\/www.albyco.com\/wp-content\/uploads\/2017\/07\/PIONEER-IDH-5500-PLUS.jpg\",\"contentUrl\":\"https:\/\/www.albyco.com\/wp-content\/uploads\/2017\/07\/PIONEER-IDH-5500-PLUS.jpg\",\"width\":2000,\"height\":1000},{\"@type\":\"WebPage\",\"@id\":\"https:\/\/www.albyco.com\/fr\/produit\/gmp-pioneer-idh-5500-plus-enkelzijdig-pod-rollamineersysteem\/#webpage\",\"url\":\"https:\/\/www.albyco.com\/fr\/produit\/gmp-pioneer-idh-5500-plus-enkelzijdig-pod-rollamineersysteem\/\",\"name\":\"GMP Pioneer IDH 5500 Plus, syst\u00e8me de laminage en rouleau simple face (POD) - Albyco\",\"isPartOf\":{\"@id\":\"https:\/\/www.albyco.com\/#website\"},\"primaryImageOfPage\":{\"@id\":\"https:\/\/www.albyco.com\/fr\/produit\/gmp-pioneer-idh-5500-plus-enkelzijdig-pod-rollamineersysteem\/#primaryimage\"},\"datePublished\":\"2017-07-07T09:35:28+00:00\",\"dateModified\":\"2017-07-07T09:35:28+00:00\",\"description\":\"GMP Pioneer IDH 5500 Plus, syst\u00e8me de laminage en rouleau simple face (POD)\",\"breadcrumb\":{\"@id\":\"https:\/\/www.albyco.com\/fr\/produit\/gmp-pioneer-idh-5500-plus-enkelzijdig-pod-rollamineersysteem\/#breadcrumb\"},\"inLanguage\":\"fr-FR\",\"potentialAction\":[{\"@type\":\"ReadAction\",\"target\":[\"https:\/\/www.albyco.com\/fr\/produit\/gmp-pioneer-idh-5500-plus-enkelzijdig-pod-rollamineersysteem\/\"]}]},{\"@type\":\"BreadcrumbList\",\"@id\":\"https:\/\/www.albyco.com\/fr\/produit\/gmp-pioneer-idh-5500-plus-enkelzijdig-pod-rollamineersysteem\/#breadcrumb\",\"itemListElement\":[{\"@type\":\"ListItem\",\"position\":1,\"name\":\"Home\",\"item\":\"https:\/\/www.albyco.com\/fr\/\"},{\"@type\":\"ListItem\",\"position\":2,\"name\":\"Les produits\",\"item\":\"https:\/\/www.albyco.com\/fr\/producten\/\"},{\"@type\":\"ListItem\",\"position\":3,\"name\":\"GMP Pioneer IDH 5500 Plus, syst\u00e8me de laminage en rouleau simple face (POD)\"}]}]}<\/script>\n<!-- \/ Yoast SEO plugin. -->","yoast_head_json":{"title":"GMP Pioneer IDH 5500 Plus, syst\u00e8me de laminage en rouleau simple face (POD) - Albyco","description":"GMP Pioneer IDH 5500 Plus, syst\u00e8me de laminage en rouleau simple face (POD)","robots":{"index":"index","follow":"follow","max-snippet":"max-snippet:-1","max-image-preview":"max-image-preview:large","max-video-preview":"max-video-preview:-1"},"canonical":"https:\/\/www.albyco.com\/fr\/produit\/gmp-pioneer-idh-5500-plus-enkelzijdig-pod-rollamineersysteem\/","og_locale":"fr_FR","og_type":"article","og_title":"GMP Pioneer IDH 5500 Plus, syst\u00e8me de laminage en rouleau simple face (POD) - Albyco","og_description":"GMP Pioneer IDH 5500 Plus, syst\u00e8me de laminage en rouleau simple face (POD)","og_url":"https:\/\/www.albyco.com\/fr\/produit\/gmp-pioneer-idh-5500-plus-enkelzijdig-pod-rollamineersysteem\/","og_site_name":"Albyco","og_image":[{"width":2000,"height":1000,"url":"https:\/\/www.albyco.com\/wp-content\/uploads\/2017\/07\/PIONEER-IDH-5500-PLUS.jpg","type":"image\/jpeg"}],"twitter_card":"summary","twitter_site":"@AlbycoNederland","twitter_misc":{"Dur\u00e9e de lecture estim\u00e9e":"2 minutes"},"schema":{"@context":"https:\/\/schema.org","@graph":[{"@type":"Organization","@id":"https:\/\/www.albyco.com\/#organization","name":"Albyco Nederland B.V.","url":"https:\/\/www.albyco.com\/","sameAs":["https:\/\/www.linkedin.com\/company\/18015670\/","https:\/\/www.youtube.com\/user\/AlbycoNederland","https:\/\/nl.pinterest.com\/albyco","https:\/\/twitter.com\/AlbycoNederland"],"logo":{"@type":"ImageObject","@id":"https:\/\/www.albyco.com\/#logo","inLanguage":"fr-FR","url":"https:\/\/www.albyco.com\/wp-content\/uploads\/2017\/07\/albyco_logo_hd.png","contentUrl":"https:\/\/www.albyco.com\/wp-content\/uploads\/2017\/07\/albyco_logo_hd.png","width":300,"height":300,"caption":"Albyco Nederland B.V."},"image":{"@id":"https:\/\/www.albyco.com\/#logo"}},{"@type":"WebSite","@id":"https:\/\/www.albyco.com\/#website","url":"https:\/\/www.albyco.com\/","name":"Albyco","description":"Leverancier voor nabewerking van geprinte media","publisher":{"@id":"https:\/\/www.albyco.com\/#organization"},"potentialAction":[{"@type":"SearchAction","target":{"@type":"EntryPoint","urlTemplate":"https:\/\/www.albyco.com\/?s={search_term_string}"},"query-input":"required name=search_term_string"}],"inLanguage":"fr-FR"},{"@type":"ImageObject","@id":"https:\/\/www.albyco.com\/fr\/produit\/gmp-pioneer-idh-5500-plus-enkelzijdig-pod-rollamineersysteem\/#primaryimage","inLanguage":"fr-FR","url":"https:\/\/www.albyco.com\/wp-content\/uploads\/2017\/07\/PIONEER-IDH-5500-PLUS.jpg","contentUrl":"https:\/\/www.albyco.com\/wp-content\/uploads\/2017\/07\/PIONEER-IDH-5500-PLUS.jpg","width":2000,"height":1000},{"@type":"WebPage","@id":"https:\/\/www.albyco.com\/fr\/produit\/gmp-pioneer-idh-5500-plus-enkelzijdig-pod-rollamineersysteem\/#webpage","url":"https:\/\/www.albyco.com\/fr\/produit\/gmp-pioneer-idh-5500-plus-enkelzijdig-pod-rollamineersysteem\/","name":"GMP Pioneer IDH 5500 Plus, syst\u00e8me de laminage en rouleau simple face (POD) - Albyco","isPartOf":{"@id":"https:\/\/www.albyco.com\/#website"},"primaryImageOfPage":{"@id":"https:\/\/www.albyco.com\/fr\/produit\/gmp-pioneer-idh-5500-plus-enkelzijdig-pod-rollamineersysteem\/#primaryimage"},"datePublished":"2017-07-07T09:35:28+00:00","dateModified":"2017-07-07T09:35:28+00:00","description":"GMP Pioneer IDH 5500 Plus, syst\u00e8me de laminage en rouleau simple face (POD)","breadcrumb":{"@id":"https:\/\/www.albyco.com\/fr\/produit\/gmp-pioneer-idh-5500-plus-enkelzijdig-pod-rollamineersysteem\/#breadcrumb"},"inLanguage":"fr-FR","potentialAction":[{"@type":"ReadAction","target":["https:\/\/www.albyco.com\/fr\/produit\/gmp-pioneer-idh-5500-plus-enkelzijdig-pod-rollamineersysteem\/"]}]},{"@type":"BreadcrumbList","@id":"https:\/\/www.albyco.com\/fr\/produit\/gmp-pioneer-idh-5500-plus-enkelzijdig-pod-rollamineersysteem\/#breadcrumb","itemListElement":[{"@type":"ListItem","position":1,"name":"Home","item":"https:\/\/www.albyco.com\/fr\/"},{"@type":"ListItem","position":2,"name":"Les produits","item":"https:\/\/www.albyco.com\/fr\/producten\/"},{"@type":"ListItem","position":3,"name":"GMP Pioneer IDH 5500 Plus, syst\u00e8me de laminage en rouleau simple face (POD)"}]}]}},"_links":{"self":[{"href":"https:\/\/www.albyco.com\/fr\/wp-json\/wp\/v2\/product\/34136"}],"collection":[{"href":"https:\/\/www.albyco.com\/fr\/wp-json\/wp\/v2\/product"}],"about":[{"href":"https:\/\/www.albyco.com\/fr\/wp-json\/wp\/v2\/types\/product"}],"replies":[{"embeddable":true,"href":"https:\/\/www.albyco.com\/fr\/wp-json\/wp\/v2\/comments?post=34136"}],"wp:featuredmedia":[{"embeddable":true,"href":"https:\/\/www.albyco.com\/fr\/wp-json\/wp\/v2\/media\/23604"}],"wp:attachment":[{"href":"https:\/\/www.albyco.com\/fr\/wp-json\/wp\/v2\/media?parent=34136"}],"wp:term":[{"taxonomy":"product_cat","embeddable":true,"href":"https:\/\/www.albyco.com\/fr\/wp-json\/wp\/v2\/product_cat?post=34136"},{"taxonomy":"product_tag","embeddable":true,"href":"https:\/\/www.albyco.com\/fr\/wp-json\/wp\/v2\/product_tag?post=34136"}],"curies":[{"name":"wp","href":"https:\/\/api.w.org\/{rel}","templated":true}]}}