{"id":34135,"date":"2017-07-07T11:48:45","date_gmt":"2017-07-07T09:48:45","guid":{"rendered":"https:\/\/www.albyco.com\/product\/gmp-excel-topic-380-sleek-half-automatische-desktop-rollaminator-speciaal-ingericht-voor-sleeken\/"},"modified":"2017-07-07T11:48:45","modified_gmt":"2017-07-07T09:48:45","slug":"gmp-excel-topic-380-sleek-half-automatische-desktop-rollaminator-speciaal-ingericht-voor-sleeken","status":"publish","type":"product","link":"https:\/\/www.albyco.com\/fr\/produit\/gmp-excel-topic-380-sleek-half-automatische-desktop-rollaminator-speciaal-ingericht-voor-sleeken\/","title":{"rendered":"GMP Excel Topic-380 Sleek, plastifieuse semi-automatique de bureau sp\u00e9cialement \u00e9quip\u00e9e pour lissage"},"content":{"rendered":"<table style=\"width: 100%; border-collapse: collapse;\" border=\"0\">\r\n<tbody>\r\n<tr>\r\n<td style=\"width: 50%;\"><strong>GMP Excel Topic-380 Sleek<\/strong>, plastifieuse de bureau semi-automatique sp\u00e9cialement con\u00e7ue pour le lissage. Rouleaux en acier super lisses pour une brillance optimale. Contr\u00f4le de temp\u00e9rature rapide et pr\u00e9cis. Fonctionne sans compresseur, rendant la machine plus silencieuse et plus agr\u00e9able \u00e0 utiliser. R\u00e9glage automatique de l&#8217;\u00e9cart entre les t\u00f4les (Automatic Gap control), pour une productivit\u00e9 encore plus \u00e9lev\u00e9e.<\/td>\r\n<td style=\"width: 50%; text-align: center;\"><div class=\"epyt-video-wrapper\"><iframe  id=\"_ytid_57340\"  width=\"800\" height=\"450\"  data-origwidth=\"800\" data-origheight=\"450\"  data-relstop=\"1\" src=\"https:\/\/www.youtube.com\/embed\/KDWaVOCLc1g?enablejsapi=1&autoplay=0&cc_load_policy=0&iv_load_policy=1&loop=0&modestbranding=0&fs=1&playsinline=1&controls=1&color=red&cc_lang_pref=&rel=0&autohide=2&theme=dark&\" class=\"__youtube_prefs__  no-lazyload\" title=\"YouTube player\"  allow=\"accelerometer; autoplay; clipboard-write; encrypted-media; gyroscope; picture-in-picture\" allowfullscreen data-no-lazy=\"1\" data-skipgform_ajax_framebjll=\"\"><\/iframe><\/div><\/td>\r\n<\/tr>\r\n<\/tbody>\r\n<\/table>\r\n<strong>Lisser<\/strong>\r\n\r\nLe GMP QTopic 380 est id\u00e9al pour le lissage. Le lissage est une op\u00e9ration dans laquelle le vernis par points et l&#8217;estampage \u00e0 chaud peuvent \u00eatre appliqu\u00e9s en combinaison avec des imprimantes \u00e0 toner \u00e0 l&#8217;aide d&#8217;un syst\u00e8me de laminage \u00e0 rouleau simple face. Des imprim\u00e9s spectaculaires peuvent \u00eatre produits de mani\u00e8re simple avec cette technique. M\u00e9tallisation, application d&#8217;hologramme, UV, vernis spot, brillant et mat sont les options qui peuvent \u00eatre utilis\u00e9es. Publicit\u00e9 exclusive, billets d&#8217;entr\u00e9e, cartes de visite de luxe peuvent d\u00e9sormais \u00eatre produits en interne. Sleeken ajoute une dimension suppl\u00e9mentaire aux cartes de visite, aux brochures sur papier glac\u00e9 ou aux emballages de luxe.\r\n<table style=\"width: 50.2865%; border-collapse: collapse; background-color: #ffffff;\" border=\"0\">\r\n<tbody>\r\n<tr>\r\n<td style=\"width: 100%; background-color: #ffffff;\">\u2022 Avec cam\u00e9ra pour contr\u00f4leur de distance papier automatique<\/td>\r\n<\/tr>\r\n<tr>\r\n<td style=\"width: 100%; background-color: #ffffff;\">\u2022\u00a0Rouleaux en m\u00e9tal super polis &#8211; Stratification haute brillance<\/td>\r\n<\/tr>\r\n<tr>\r\n<td style=\"width: 100%; background-color: #ffffff;\">\u2022 Rouleaux chauds pour emp\u00eacher l&#8217;argenture et fournir une stratification \u00e0 haute adh\u00e9rence<\/td>\r\n<\/tr>\r\n<tr>\r\n<td style=\"width: 100%; background-color: #ffffff;\">\u2022 Contr\u00f4le de temp\u00e9rature rapide et pr\u00e9cis<\/td>\r\n<\/tr>\r\n<tr>\r\n<td style=\"width: 100%; background-color: #ffffff;\">\u2022 \u00c9quip\u00e9 d&#8217;une barre de redressement sp\u00e9ciale pour prot\u00e9ger les deux c\u00f4t\u00e9s d&#8217;impression<\/td>\r\n<\/tr>\r\n<tr>\r\n<td style=\"width: 100%; background-color: #ffffff;\">\u2022 Syst\u00e8me de perforation sup\u00e9rieur et en ligne &#8211; R\u00e9sultats d&#8217;\u00e9clatement parfaits<\/td>\r\n<\/tr>\r\n<tr>\r\n<td style=\"width: 100%; background-color: #ffffff;\">\u2022 Utilisation d&#8217;un film GMP Thermalami\u00ae respectueux de l&#8217;environnement<\/td>\r\n<\/tr>\r\n<\/tbody>\r\n<\/table>\r\n<table style=\"width: 100%; border-collapse: collapse;\" border=\"0\">\r\n<tbody>\r\n<tr>\r\n<td style=\"width: 12.0434%;\"><strong>GMP Excel Topic-380 Sleek<\/strong><\/td>\r\n<td style=\"width: 15.5353%;\"><\/td>\r\n<\/tr>\r\n<tr>\r\n<td style=\"width: 12.0434%;\">Dimensions en mm<\/td>\r\n<td style=\"width: 15.5353%;\">700 (Larg.) x 630 (Long.) x 560 (Haut.)<\/td>\r\n<\/tr>\r\n<tr>\r\n<td style=\"width: 12.0434%;\">Vitesse de plastification<\/td>\r\n<td style=\"width: 15.5353%;\">1 m\/min ~ 7 m\/min<\/td>\r\n<\/tr>\r\n<tr>\r\n<td style=\"width: 12.0434%;\">Taille de papier<\/td>\r\n<td style=\"width: 15.5353%;\">Min. 180 (B) x 230 mm (L)\r\nMax. 380 (B) x 800 mm (L)<\/td>\r\n<\/tr>\r\n<tr>\r\n<td style=\"width: 12.0434%;\">Films de plastification<\/td>\r\n<td style=\"width: 15.5353%;\">Simple face :\r\n\u2022 Polynex (20~43 micron)\r\n\u2022 Perfex (25 micron)\r\n\u2022 Nylonex (27~44 micron)\r\n\u2022 Micronex (6~10 micron), briller, mat, hologramme\r\n\u2022 Sleeking brillant, mat, hologramme, m\u00e9tallis\u00e9<\/td>\r\n<\/tr>\r\n<tr>\r\n<td style=\"width: 12.0434%;\">\u00c9paisseurs de substrat<\/td>\r\n<td style=\"width: 15.5353%;\">120~350 g\/m\u00b2<\/td>\r\n<\/tr>\r\n<tr>\r\n<td style=\"width: 12.0434%;\">Diam\u00e8tre 1er jeu de rouleaux<\/td>\r\n<td style=\"width: 15.5353%;\">Au dessus : Chrome brillant \u00f8 80 mm\r\nSous: Silicone \u00f8 80 mm<\/td>\r\n<\/tr>\r\n<tr>\r\n<td style=\"width: 12.0434%;\">Diam\u00e8tre<\/td>\r\n<td style=\"width: 15.5353%;\">Rouleaux arri\u00e8re : Silicone \u00f8 55 mm<\/td>\r\n<\/tr>\r\n<tr>\r\n<td style=\"width: 12.0434%;\">Connexion \u00e9lectrique et consommation<\/td>\r\n<td style=\"width: 15.5353%;\">AC 220~240V, 50\/60Hz, 7 A, 1,5 kW<\/td>\r\n<\/tr>\r\n<tr>\r\n<td style=\"width: 12.0434%;\">Temps de pr\u00e9chauffage<\/td>\r\n<td style=\"width: 15.5353%;\">5 minutes<\/td>\r\n<\/tr>\r\n<tr>\r\n<td style=\"width: 12.0434%;\">Technique de chauffage<\/td>\r\n<td style=\"width: 15.5353%;\">Infrarood<\/td>\r\n<\/tr>\r\n<tr>\r\n<td style=\"width: 12.0434%;\">Lamineertemperatuur<\/td>\r\n<td style=\"width: 15.5353%;\">Max. 150 \u00b0C<\/td>\r\n<\/tr>\r\n<tr>\r\n<td style=\"width: 12.0434%;\">Param\u00e8tres de temp\u00e9rature et de vitesse<\/td>\r\n<td style=\"width: 15.5353%;\">Jog Dial<\/td>\r\n<\/tr>\r\n<tr>\r\n<td style=\"width: 12.0434%;\">Display<\/td>\r\n<td style=\"width: 15.5353%;\">LCD<\/td>\r\n<\/tr>\r\n<tr>\r\n<td style=\"width: 12.0434%;\">Pression des rouleaux<\/td>\r\n<td style=\"width: 15.5353%;\">Manuellement<\/td>\r\n<\/tr>\r\n<tr>\r\n<td style=\"width: 12.0434%;\">Noyau de rouleau<\/td>\r\n<td style=\"width: 15.5353%;\">\u00f8 77 mm, 3\u201d<\/td>\r\n<\/tr>\r\n<tr>\r\n<td style=\"width: 12.0434%;\">Capteur de temp\u00e9rature<\/td>\r\n<td style=\"width: 15.5353%;\">Capteur de thermocouple dans le bo\u00eetier du rouleau de laminage<\/td>\r\n<\/tr>\r\n<\/tbody>\r\n<\/table>\r\n&nbsp;","protected":false},"excerpt":{"rendered":"<table style=\"width: 100%; border-collapse: collapse;\" border=\"0\">\n<tbody>\n<tr>\n<td style=\"width: 50%;\"><strong>GMP Excel Topic-380 Sleek<\/strong>, plastifieuse de bureau semi-automatique sp\u00e9cialement con\u00e7ue pour le lissage<\/td>\n<\/tr>\n<\/tbody>\n<\/table>\n","protected":false},"featured_media":7576,"comment_status":"closed","ping_status":"closed","template":"","meta":[],"product_cat":[2300,2728,3986,2842],"product_tag":[2843,2844,2845,2846,2847,2848,2849,2323,2850,2851,2730],"yoast_head":"<!-- This site is optimized with the Yoast SEO plugin v18.6 - https:\/\/yoast.com\/wordpress\/plugins\/seo\/ -->\n<title>GMP Excel Topic-380 Sleek, plastifieuse semi-automatique de bureau sp\u00e9cialement \u00e9quip\u00e9e pour lissage - Albyco<\/title>\n<meta name=\"description\" content=\"GMP Excel Topic-380 Sleek, plastifieuse de bureau semi-automatique sp\u00e9cialement con\u00e7ue pour le lissage\" \/>\n<meta name=\"robots\" content=\"index, follow, max-snippet:-1, max-image-preview:large, max-video-preview:-1\" \/>\n<link rel=\"canonical\" href=\"https:\/\/www.albyco.com\/fr\/produit\/gmp-excel-topic-380-sleek-half-automatische-desktop-rollaminator-speciaal-ingericht-voor-sleeken\/\" \/>\n<meta property=\"og:locale\" content=\"fr_FR\" \/>\n<meta property=\"og:type\" content=\"article\" \/>\n<meta property=\"og:title\" content=\"GMP Excel Topic-380 Sleek, plastifieuse semi-automatique de bureau sp\u00e9cialement \u00e9quip\u00e9e pour lissage - Albyco\" \/>\n<meta property=\"og:description\" content=\"GMP Excel Topic-380 Sleek, plastifieuse de bureau semi-automatique sp\u00e9cialement con\u00e7ue pour le lissage\" \/>\n<meta property=\"og:url\" content=\"https:\/\/www.albyco.com\/fr\/produit\/gmp-excel-topic-380-sleek-half-automatische-desktop-rollaminator-speciaal-ingericht-voor-sleeken\/\" \/>\n<meta property=\"og:site_name\" content=\"Albyco\" \/>\n<meta property=\"og:image\" content=\"https:\/\/www.albyco.com\/wp-content\/uploads\/2017\/06\/gmp-gmp-excel-topic-380-sleek_GMPXLTP380SLK.jpg\" \/>\n\t<meta property=\"og:image:width\" content=\"800\" \/>\n\t<meta property=\"og:image:height\" content=\"584\" \/>\n\t<meta property=\"og:image:type\" content=\"image\/jpeg\" \/>\n<meta name=\"twitter:card\" content=\"summary\" \/>\n<meta name=\"twitter:site\" content=\"@AlbycoNederland\" \/>\n<meta name=\"twitter:label1\" content=\"Dur\u00e9e de lecture estim\u00e9e\" \/>\n\t<meta name=\"twitter:data1\" content=\"2 minutes\" \/>\n<script type=\"application\/ld+json\" class=\"yoast-schema-graph\">{\"@context\":\"https:\/\/schema.org\",\"@graph\":[{\"@type\":\"Organization\",\"@id\":\"https:\/\/www.albyco.com\/#organization\",\"name\":\"Albyco Nederland B.V.\",\"url\":\"https:\/\/www.albyco.com\/\",\"sameAs\":[\"https:\/\/www.linkedin.com\/company\/18015670\/\",\"https:\/\/www.youtube.com\/user\/AlbycoNederland\",\"https:\/\/nl.pinterest.com\/albyco\",\"https:\/\/twitter.com\/AlbycoNederland\"],\"logo\":{\"@type\":\"ImageObject\",\"@id\":\"https:\/\/www.albyco.com\/#logo\",\"inLanguage\":\"fr-FR\",\"url\":\"https:\/\/www.albyco.com\/wp-content\/uploads\/2017\/07\/albyco_logo_hd.png\",\"contentUrl\":\"https:\/\/www.albyco.com\/wp-content\/uploads\/2017\/07\/albyco_logo_hd.png\",\"width\":300,\"height\":300,\"caption\":\"Albyco Nederland B.V.\"},\"image\":{\"@id\":\"https:\/\/www.albyco.com\/#logo\"}},{\"@type\":\"WebSite\",\"@id\":\"https:\/\/www.albyco.com\/#website\",\"url\":\"https:\/\/www.albyco.com\/\",\"name\":\"Albyco\",\"description\":\"Leverancier voor nabewerking van geprinte media\",\"publisher\":{\"@id\":\"https:\/\/www.albyco.com\/#organization\"},\"potentialAction\":[{\"@type\":\"SearchAction\",\"target\":{\"@type\":\"EntryPoint\",\"urlTemplate\":\"https:\/\/www.albyco.com\/?s={search_term_string}\"},\"query-input\":\"required name=search_term_string\"}],\"inLanguage\":\"fr-FR\"},{\"@type\":\"ImageObject\",\"@id\":\"https:\/\/www.albyco.com\/fr\/produit\/gmp-excel-topic-380-sleek-half-automatische-desktop-rollaminator-speciaal-ingericht-voor-sleeken\/#primaryimage\",\"inLanguage\":\"fr-FR\",\"url\":\"https:\/\/www.albyco.com\/wp-content\/uploads\/2017\/06\/gmp-gmp-excel-topic-380-sleek_GMPXLTP380SLK.jpg\",\"contentUrl\":\"https:\/\/www.albyco.com\/wp-content\/uploads\/2017\/06\/gmp-gmp-excel-topic-380-sleek_GMPXLTP380SLK.jpg\",\"width\":800,\"height\":584,\"caption\":\"GMP Excel Topic-380 Sleek\"},{\"@type\":\"WebPage\",\"@id\":\"https:\/\/www.albyco.com\/fr\/produit\/gmp-excel-topic-380-sleek-half-automatische-desktop-rollaminator-speciaal-ingericht-voor-sleeken\/#webpage\",\"url\":\"https:\/\/www.albyco.com\/fr\/produit\/gmp-excel-topic-380-sleek-half-automatische-desktop-rollaminator-speciaal-ingericht-voor-sleeken\/\",\"name\":\"GMP Excel Topic-380 Sleek, plastifieuse semi-automatique de bureau sp\u00e9cialement \u00e9quip\u00e9e pour lissage - Albyco\",\"isPartOf\":{\"@id\":\"https:\/\/www.albyco.com\/#website\"},\"primaryImageOfPage\":{\"@id\":\"https:\/\/www.albyco.com\/fr\/produit\/gmp-excel-topic-380-sleek-half-automatische-desktop-rollaminator-speciaal-ingericht-voor-sleeken\/#primaryimage\"},\"datePublished\":\"2017-07-07T09:48:45+00:00\",\"dateModified\":\"2017-07-07T09:48:45+00:00\",\"description\":\"GMP Excel Topic-380 Sleek, plastifieuse de bureau semi-automatique sp\u00e9cialement con\u00e7ue pour le lissage\",\"breadcrumb\":{\"@id\":\"https:\/\/www.albyco.com\/fr\/produit\/gmp-excel-topic-380-sleek-half-automatische-desktop-rollaminator-speciaal-ingericht-voor-sleeken\/#breadcrumb\"},\"inLanguage\":\"fr-FR\",\"potentialAction\":[{\"@type\":\"ReadAction\",\"target\":[\"https:\/\/www.albyco.com\/fr\/produit\/gmp-excel-topic-380-sleek-half-automatische-desktop-rollaminator-speciaal-ingericht-voor-sleeken\/\"]}]},{\"@type\":\"BreadcrumbList\",\"@id\":\"https:\/\/www.albyco.com\/fr\/produit\/gmp-excel-topic-380-sleek-half-automatische-desktop-rollaminator-speciaal-ingericht-voor-sleeken\/#breadcrumb\",\"itemListElement\":[{\"@type\":\"ListItem\",\"position\":1,\"name\":\"Home\",\"item\":\"https:\/\/www.albyco.com\/fr\/\"},{\"@type\":\"ListItem\",\"position\":2,\"name\":\"Les produits\",\"item\":\"https:\/\/www.albyco.com\/fr\/producten\/\"},{\"@type\":\"ListItem\",\"position\":3,\"name\":\"GMP Excel Topic-380 Sleek, plastifieuse semi-automatique de bureau sp\u00e9cialement \u00e9quip\u00e9e pour lissage\"}]}]}<\/script>\n<!-- \/ Yoast SEO plugin. -->","yoast_head_json":{"title":"GMP Excel Topic-380 Sleek, plastifieuse semi-automatique de bureau sp\u00e9cialement \u00e9quip\u00e9e pour lissage - Albyco","description":"GMP Excel Topic-380 Sleek, plastifieuse de bureau semi-automatique sp\u00e9cialement con\u00e7ue pour le lissage","robots":{"index":"index","follow":"follow","max-snippet":"max-snippet:-1","max-image-preview":"max-image-preview:large","max-video-preview":"max-video-preview:-1"},"canonical":"https:\/\/www.albyco.com\/fr\/produit\/gmp-excel-topic-380-sleek-half-automatische-desktop-rollaminator-speciaal-ingericht-voor-sleeken\/","og_locale":"fr_FR","og_type":"article","og_title":"GMP Excel Topic-380 Sleek, plastifieuse semi-automatique de bureau sp\u00e9cialement \u00e9quip\u00e9e pour lissage - Albyco","og_description":"GMP Excel Topic-380 Sleek, plastifieuse de bureau semi-automatique sp\u00e9cialement con\u00e7ue pour le lissage","og_url":"https:\/\/www.albyco.com\/fr\/produit\/gmp-excel-topic-380-sleek-half-automatische-desktop-rollaminator-speciaal-ingericht-voor-sleeken\/","og_site_name":"Albyco","og_image":[{"width":800,"height":584,"url":"https:\/\/www.albyco.com\/wp-content\/uploads\/2017\/06\/gmp-gmp-excel-topic-380-sleek_GMPXLTP380SLK.jpg","type":"image\/jpeg"}],"twitter_card":"summary","twitter_site":"@AlbycoNederland","twitter_misc":{"Dur\u00e9e de lecture estim\u00e9e":"2 minutes"},"schema":{"@context":"https:\/\/schema.org","@graph":[{"@type":"Organization","@id":"https:\/\/www.albyco.com\/#organization","name":"Albyco Nederland B.V.","url":"https:\/\/www.albyco.com\/","sameAs":["https:\/\/www.linkedin.com\/company\/18015670\/","https:\/\/www.youtube.com\/user\/AlbycoNederland","https:\/\/nl.pinterest.com\/albyco","https:\/\/twitter.com\/AlbycoNederland"],"logo":{"@type":"ImageObject","@id":"https:\/\/www.albyco.com\/#logo","inLanguage":"fr-FR","url":"https:\/\/www.albyco.com\/wp-content\/uploads\/2017\/07\/albyco_logo_hd.png","contentUrl":"https:\/\/www.albyco.com\/wp-content\/uploads\/2017\/07\/albyco_logo_hd.png","width":300,"height":300,"caption":"Albyco Nederland B.V."},"image":{"@id":"https:\/\/www.albyco.com\/#logo"}},{"@type":"WebSite","@id":"https:\/\/www.albyco.com\/#website","url":"https:\/\/www.albyco.com\/","name":"Albyco","description":"Leverancier voor nabewerking van geprinte media","publisher":{"@id":"https:\/\/www.albyco.com\/#organization"},"potentialAction":[{"@type":"SearchAction","target":{"@type":"EntryPoint","urlTemplate":"https:\/\/www.albyco.com\/?s={search_term_string}"},"query-input":"required name=search_term_string"}],"inLanguage":"fr-FR"},{"@type":"ImageObject","@id":"https:\/\/www.albyco.com\/fr\/produit\/gmp-excel-topic-380-sleek-half-automatische-desktop-rollaminator-speciaal-ingericht-voor-sleeken\/#primaryimage","inLanguage":"fr-FR","url":"https:\/\/www.albyco.com\/wp-content\/uploads\/2017\/06\/gmp-gmp-excel-topic-380-sleek_GMPXLTP380SLK.jpg","contentUrl":"https:\/\/www.albyco.com\/wp-content\/uploads\/2017\/06\/gmp-gmp-excel-topic-380-sleek_GMPXLTP380SLK.jpg","width":800,"height":584,"caption":"GMP Excel Topic-380 Sleek"},{"@type":"WebPage","@id":"https:\/\/www.albyco.com\/fr\/produit\/gmp-excel-topic-380-sleek-half-automatische-desktop-rollaminator-speciaal-ingericht-voor-sleeken\/#webpage","url":"https:\/\/www.albyco.com\/fr\/produit\/gmp-excel-topic-380-sleek-half-automatische-desktop-rollaminator-speciaal-ingericht-voor-sleeken\/","name":"GMP Excel Topic-380 Sleek, plastifieuse semi-automatique de bureau sp\u00e9cialement \u00e9quip\u00e9e pour lissage - Albyco","isPartOf":{"@id":"https:\/\/www.albyco.com\/#website"},"primaryImageOfPage":{"@id":"https:\/\/www.albyco.com\/fr\/produit\/gmp-excel-topic-380-sleek-half-automatische-desktop-rollaminator-speciaal-ingericht-voor-sleeken\/#primaryimage"},"datePublished":"2017-07-07T09:48:45+00:00","dateModified":"2017-07-07T09:48:45+00:00","description":"GMP Excel Topic-380 Sleek, plastifieuse de bureau semi-automatique sp\u00e9cialement con\u00e7ue pour le lissage","breadcrumb":{"@id":"https:\/\/www.albyco.com\/fr\/produit\/gmp-excel-topic-380-sleek-half-automatische-desktop-rollaminator-speciaal-ingericht-voor-sleeken\/#breadcrumb"},"inLanguage":"fr-FR","potentialAction":[{"@type":"ReadAction","target":["https:\/\/www.albyco.com\/fr\/produit\/gmp-excel-topic-380-sleek-half-automatische-desktop-rollaminator-speciaal-ingericht-voor-sleeken\/"]}]},{"@type":"BreadcrumbList","@id":"https:\/\/www.albyco.com\/fr\/produit\/gmp-excel-topic-380-sleek-half-automatische-desktop-rollaminator-speciaal-ingericht-voor-sleeken\/#breadcrumb","itemListElement":[{"@type":"ListItem","position":1,"name":"Home","item":"https:\/\/www.albyco.com\/fr\/"},{"@type":"ListItem","position":2,"name":"Les produits","item":"https:\/\/www.albyco.com\/fr\/producten\/"},{"@type":"ListItem","position":3,"name":"GMP Excel Topic-380 Sleek, plastifieuse semi-automatique de bureau sp\u00e9cialement \u00e9quip\u00e9e pour lissage"}]}]}},"_links":{"self":[{"href":"https:\/\/www.albyco.com\/fr\/wp-json\/wp\/v2\/product\/34135"}],"collection":[{"href":"https:\/\/www.albyco.com\/fr\/wp-json\/wp\/v2\/product"}],"about":[{"href":"https:\/\/www.albyco.com\/fr\/wp-json\/wp\/v2\/types\/product"}],"replies":[{"embeddable":true,"href":"https:\/\/www.albyco.com\/fr\/wp-json\/wp\/v2\/comments?post=34135"}],"wp:featuredmedia":[{"embeddable":true,"href":"https:\/\/www.albyco.com\/fr\/wp-json\/wp\/v2\/media\/7576"}],"wp:attachment":[{"href":"https:\/\/www.albyco.com\/fr\/wp-json\/wp\/v2\/media?parent=34135"}],"wp:term":[{"taxonomy":"product_cat","embeddable":true,"href":"https:\/\/www.albyco.com\/fr\/wp-json\/wp\/v2\/product_cat?post=34135"},{"taxonomy":"product_tag","embeddable":true,"href":"https:\/\/www.albyco.com\/fr\/wp-json\/wp\/v2\/product_tag?post=34135"}],"curies":[{"name":"wp","href":"https:\/\/api.w.org\/{rel}","templated":true}]}}