{"id":34101,"date":"2017-07-06T09:33:49","date_gmt":"2017-07-06T07:33:49","guid":{"rendered":"https:\/\/www.albyco.com\/product\/ideal-5009-pour-la-destruction-de-grandes-quantites-de-papier-ou-de-classeurs-complets\/"},"modified":"2017-07-06T09:33:49","modified_gmt":"2017-07-06T07:33:49","slug":"ideal-5009-pour-la-destruction-de-grandes-quantites-de-papier-ou-de-classeurs-complets","status":"publish","type":"product","link":"https:\/\/www.albyco.com\/fr\/produit\/ideal-5009-pour-la-destruction-de-grandes-quantites-de-papier-ou-de-classeurs-complets\/","title":{"rendered":"Ideal 5009 pour la destruction de grandes quantit\u00e9s de papier ou de classeurs complets."},"content":{"rendered":"<table style=\"width: 100%; border-collapse: collapse;\" border=\"0\">\r\n<tbody>\r\n<tr>\r\n<td style=\"width: 50%;\"><strong style=\"font-family: inherit; font-size: inherit;\">Destructeurs forte capacit\u00e9 Ideal 5009\r\n<\/strong>\r\n<h3><strong>Panneau \u00e0 touches.<\/strong><\/h3>\r\n<p class=\"txt2\">Clavier \u00e0 commande ergonomique avec touches pour marche \/ arr\u00eat \/ retour et symboles lumineux visualisant les diff\u00e9rents \u00e9tats de fonctionnement du destructeur.<\/p>\r\n<\/td>\r\n<td style=\"width: 50%; text-align: center;\"><div class=\"epyt-video-wrapper\"><iframe  id=\"_ytid_23242\"  width=\"800\" height=\"450\"  data-origwidth=\"800\" data-origheight=\"450\"  data-relstop=\"1\" src=\"https:\/\/www.youtube.com\/embed\/LkVllQnmKCc?enablejsapi=1&autoplay=0&cc_load_policy=0&iv_load_policy=1&loop=0&modestbranding=0&fs=1&playsinline=1&controls=1&color=red&cc_lang_pref=&rel=0&autohide=2&theme=dark&\" class=\"__youtube_prefs__  no-lazyload\" title=\"YouTube player\"  allow=\"accelerometer; autoplay; clipboard-write; encrypted-media; gyroscope; picture-in-picture\" allowfullscreen data-no-lazy=\"1\" data-skipgform_ajax_framebjll=\"\"><\/iframe><\/div><\/td>\r\n<\/tr>\r\n<\/tbody>\r\n<\/table>\r\n<table style=\"width: 100%; border-collapse: collapse;\" border=\"0\">\r\n<tbody>\r\n<tr>\r\n<td style=\"width: 100%; background-color: #ffffff;\">\r\n<h3><strong>Bloc de coupe robuste.<\/strong><\/h3>\r\n<p class=\"txt2\">Le bloc de coupe robuste d\u00e9truit facilement des classeurs entiers, m\u00e9canisme inclus &#8211; m\u00eame en fonctionnement continu.<\/p>\r\n<\/td>\r\n<\/tr>\r\n<tr>\r\n<td style=\"width: 100%; background-color: #ffffff;\">\r\n<h3><strong>Lubrification centralis\u00e9e.<\/strong><\/h3>\r\n<p class=\"txt2\">Le dispositif de lubrification du bloc de coupe fait partie de l\u2019\u00e9quipement standard.<\/p>\r\n<\/td>\r\n<\/tr>\r\n<tr>\r\n<td style=\"width: 100%; background-color: #ffffff;\">\r\n<h3><strong>Chariot de r\u00e9ception.<\/strong><\/h3>\r\n<p class=\"txt2\">Le chariot, livr\u00e9 d\u2019origine, se retire facilement, gr\u00e2ce \u00e0 la porte arri\u00e8re du destructeur.<\/p>\r\n<\/td>\r\n<\/tr>\r\n<tr>\r\n<td style=\"width: 100%; background-color: #ffffff;\">\r\n<h3><strong>Bande de transport.<\/strong><\/h3>\r\n<p class=\"txt2\">Gr\u00e2ce au syst\u00e8me d\u2019\u00e9vacuation des d\u00e9chets avec bande de transport, il y a la possibilit\u00e9 de doubler la capacit\u00e9 moyenne de destruction (le destructeur n\u2019\u00e9tant plus immobilis\u00e9 lors du changement des sacs plastiques).<\/p>\r\n<\/td>\r\n<\/tr>\r\n<tr>\r\n<td style=\"width: 100%; background-color: #ffffff;\">\r\n<div class=\"emotion--element col-1 row-1 start-col-1 start-row-1 col-xs-12 start-col-xs-1 row-xs-2 start-row-xs-98 col-s-12 start-col-s-1 row-s-2 start-row-s-98 col-m-12 start-col-m-1 row-m-2 start-row-m-98 col-l-3 start-col-l-1 row-l-3 start-row-l-78 col-xl-3 start-col-xl-1 row-xl-3 start-row-xl-78\">\r\n<div class=\"emotion--html\">\r\n<div class=\"html--content\">\r\n<p class=\"txt2\"><strong>Dimensions<\/strong>\r\n<strong>Poids<\/strong><\/p>\r\n\r\n<\/div>\r\n<\/div>\r\n<\/div>\r\n<div class=\"emotion--element col-1 row-1 start-col-1 start-row-1 col-xs-6 start-col-xs-1 row-xs-3 start-row-xs-100 col-s-6 start-col-s-1 row-s-3 start-row-s-100 col-m-6 start-col-m-1 row-m-3 start-row-m-100 col-l-3 start-col-l-4 row-l-4 start-row-l-78 col-xl-3 start-col-xl-4 row-xl-4 start-row-xl-78\">\r\n<div class=\"emotion--html\">\r\n<div class=\"html--content\">\r\n<p class=\"txt3\"><strong>Ideal 5009<\/strong>\r\nHauteur: 1714 mm\r\nLargeur: 1036 mm\r\nProfondeur: 2170 mm\r\nPoids: 1130 kg<\/p>\r\n\r\n<\/div>\r\n<\/div>\r\n<\/div><\/td>\r\n<\/tr>\r\n<tr>\r\n<td style=\"width: 100%; background-color: #ffffff;\">\r\n<div class=\"emotion--element col-1 row-1 start-col-1 start-row-1 col-xs-12 start-col-xs-1 row-xs-2 start-row-xs-104 col-s-12 start-col-s-1 row-s-2 start-row-s-104 col-m-12 start-col-m-1 row-m-2 start-row-m-104 col-l-3 start-col-l-1 row-l-2 start-row-l-89 col-xl-3 start-col-xl-1 row-xl-2 start-row-xl-89\">\r\n<div class=\"emotion--html\">\r\n<div class=\"html--content\">\r\n<p class=\"txt2\"><strong>Largeur de coupe<\/strong>\r\n<strong>Niveau de s\u00e9curit\u00e9<\/strong><\/p>\r\n\r\n<\/div>\r\n<\/div>\r\n<\/div>\r\n<div class=\"emotion--element col-1 row-1 start-col-1 start-row-1 col-xs-6 start-col-xs-1 row-xs-2 start-row-xs-106 col-s-6 start-col-s-1 row-s-2 start-row-s-106 col-m-6 start-col-m-1 row-m-2 start-row-m-106 col-l-3 start-col-l-4 row-l-3 start-row-l-89 col-xl-3 start-col-xl-4 row-xl-3 start-row-xl-89\">\r\n<div class=\"emotion--html\">\r\n<div class=\"html--content\">\r\n<p class=\"txt3\"><strong>5009-2 CC<\/strong> 8 x 40-80 mm\r\ncoupe crois\u00e9e\r\nP-2<\/p>\r\n\r\n<\/div>\r\n<\/div>\r\n<\/div>\r\n<div class=\"emotion--element col-1 row-1 start-col-1 start-row-1 col-xs-6 start-col-xs-7 row-xs-2 start-row-xs-106 col-s-6 start-col-s-7 row-s-2 start-row-s-106 col-m-6 start-col-m-7 row-m-2 start-row-m-106 col-l-3 start-col-l-7 row-l-3 start-row-l-89 col-xl-3 start-col-xl-7 row-xl-3 start-row-xl-89\">\r\n<div class=\"emotion--html\">\r\n<div class=\"html--content\">\r\n<p class=\"txt3\"><strong>5009-3 CC<\/strong> 6 x 50 mm\r\ncoupe crois\u00e9e\r\nP-3<\/p>\r\n\r\n<\/div>\r\n<\/div>\r\n<\/div><\/td>\r\n<\/tr>\r\n<tr>\r\n<td style=\"width: 100%; background-color: #ffffff;\">\r\n<div class=\"emotion--element col-1 row-1 start-col-1 start-row-1 col-xs-9 start-col-xs-1 row-xs-1 start-row-xs-110 col-s-9 start-col-s-1 row-s-1 start-row-s-110 col-m-9 start-col-m-1 row-m-1 start-row-m-110 col-l-3 start-col-l-1 row-l-2 start-row-l-94 col-xl-3 start-col-xl-1 row-xl-2 start-row-xl-94\">\r\n<div class=\"emotion--html\">\r\n<div class=\"html--content\">\r\n<p class=\"txt2\"><strong>Capacit\u00e9 en feuilles<\/strong><\/p>\r\n\r\n<\/div>\r\n<\/div>\r\n<\/div>\r\n<div class=\"emotion--element col-1 row-1 start-col-1 start-row-1 col-xs-6 start-col-xs-1 row-xs-4 start-row-xs-111 col-s-6 start-col-s-1 row-s-4 start-row-s-111 col-m-6 start-col-m-1 row-m-4 start-row-m-111 col-l-3 start-col-l-4 row-l-4 start-row-l-94 col-xl-3 start-col-xl-4 row-xl-4 start-row-xl-94\">\r\n<div class=\"emotion--html\">\r\n<div class=\"html--content\">\r\n<p class=\"txt3\">5009-2 CC 8 x 40-80 mm\r\n600-700\u00a0 (70 g\/m\u00b2)\r\n500-600\u00a0 (80 g\/m\u00b2)\r\nAccepte \u00e9galement:\r\n<img class=\"ls-is-cached js--loaded\" src=\"https:\/\/www.ideal.de\/media\/image\/e7\/fd\/1e\/bueroklammer.png\" alt=\"kreditkarte\" data-src=\"https:\/\/www.ideal.de\/media\/image\/e7\/fd\/1e\/bueroklammer.png\" \/>\u00a0<img class=\"ls-is-cached js--loaded\" src=\"https:\/\/www.ideal.de\/media\/image\/31\/97\/40\/Diskette.jpg\" alt=\"kreditkarte\" data-src=\"https:\/\/www.ideal.de\/media\/image\/31\/97\/40\/Diskette.jpg\" \/>\u00a0<img class=\"ls-is-cached js--loaded\" src=\"https:\/\/www.ideal.de\/media\/image\/a5\/15\/ec\/ordner.png\" alt=\"kreditkarte\" data-src=\"https:\/\/www.ideal.de\/media\/image\/a5\/15\/ec\/ordner.png\" \/><\/p>\r\n\r\n<\/div>\r\n<\/div>\r\n<\/div>\r\n<div class=\"emotion--element col-1 row-1 start-col-1 start-row-1 col-xs-6 start-col-xs-7 row-xs-4 start-row-xs-111 col-s-6 start-col-s-7 row-s-4 start-row-s-111 col-m-6 start-col-m-7 row-m-4 start-row-m-111 col-l-3 start-col-l-7 row-l-4 start-row-l-94 col-xl-3 start-col-xl-7 row-xl-4 start-row-xl-94\">\r\n<div class=\"emotion--html\">\r\n<div class=\"html--content\">\r\n<p class=\"txt3\">5009-3 CC 6 x 50 mm\r\n300-400\u00a0 (70 g\/m\u00b2)\r\n250-350\u00a0 (80 g\/m\u00b2)\r\nAccepte \u00e9galement:\r\n<img class=\"ls-is-cached js--loaded\" src=\"https:\/\/www.ideal.de\/media\/image\/e7\/fd\/1e\/bueroklammer.png\" alt=\"kreditkarte\" data-src=\"https:\/\/www.ideal.de\/media\/image\/e7\/fd\/1e\/bueroklammer.png\" \/>\u00a0<img class=\"ls-is-cached js--loaded\" src=\"https:\/\/www.ideal.de\/media\/image\/31\/97\/40\/Diskette.jpg\" alt=\"kreditkarte\" data-src=\"https:\/\/www.ideal.de\/media\/image\/31\/97\/40\/Diskette.jpg\" \/>\u00a0<img class=\"ls-is-cached js--loaded\" src=\"https:\/\/www.ideal.de\/media\/image\/a5\/15\/ec\/ordner.png\" alt=\"kreditkarte\" data-src=\"https:\/\/www.ideal.de\/media\/image\/a5\/15\/ec\/ordner.png\" \/><\/p>\r\n\r\n<\/div>\r\n<\/div>\r\n<\/div><\/td>\r\n<\/tr>\r\n<\/tbody>\r\n<\/table>\r\n&nbsp;","protected":false},"excerpt":{"rendered":"<p>Ideal 5009 pour la destruction de grandes quantit\u00e9s de papier ou de classeurs complets.<\/p>\n","protected":false},"featured_media":7984,"comment_status":"open","ping_status":"closed","template":"","meta":[],"product_cat":[2300,2301,4131],"product_tag":[4135,4169,4136,4137,4138,4139,4140,4141,4142,4143,4132,4133,4134,4168],"yoast_head":"<!-- This site is optimized with the Yoast SEO plugin v18.6 - https:\/\/yoast.com\/wordpress\/plugins\/seo\/ -->\n<title>Ideal 5009 pour la destruction de grandes quantit\u00e9s de papier ou de classeurs complets. - Albyco<\/title>\n<meta name=\"description\" content=\"Ideal 5009 pour la destruction de grandes quantit\u00e9s de papier ou de classeurs complets.\" \/>\n<meta name=\"robots\" content=\"index, follow, max-snippet:-1, max-image-preview:large, max-video-preview:-1\" \/>\n<link rel=\"canonical\" href=\"https:\/\/www.albyco.com\/fr\/produit\/ideal-5009-pour-la-destruction-de-grandes-quantites-de-papier-ou-de-classeurs-complets\/\" \/>\n<meta property=\"og:locale\" content=\"fr_FR\" \/>\n<meta property=\"og:type\" content=\"article\" \/>\n<meta property=\"og:title\" content=\"Ideal 5009 pour la destruction de grandes quantit\u00e9s de papier ou de classeurs complets. - Albyco\" \/>\n<meta property=\"og:description\" content=\"Ideal 5009 pour la destruction de grandes quantit\u00e9s de papier ou de classeurs complets.\" \/>\n<meta property=\"og:url\" content=\"https:\/\/www.albyco.com\/fr\/produit\/ideal-5009-pour-la-destruction-de-grandes-quantites-de-papier-ou-de-classeurs-complets\/\" \/>\n<meta property=\"og:site_name\" content=\"Albyco\" \/>\n<meta property=\"og:image\" content=\"https:\/\/www.albyco.com\/wp-content\/uploads\/2017\/06\/ebaideal-ideal-5009-papierversnipperaar_IDEAL5009C23.jpg\" \/>\n\t<meta property=\"og:image:width\" content=\"914\" \/>\n\t<meta property=\"og:image:height\" content=\"1009\" \/>\n\t<meta property=\"og:image:type\" content=\"image\/jpeg\" \/>\n<meta name=\"twitter:card\" content=\"summary\" \/>\n<meta name=\"twitter:site\" content=\"@AlbycoNederland\" \/>\n<meta name=\"twitter:label1\" content=\"Dur\u00e9e de lecture estim\u00e9e\" \/>\n\t<meta name=\"twitter:data1\" content=\"1 minute\" \/>\n<script type=\"application\/ld+json\" class=\"yoast-schema-graph\">{\"@context\":\"https:\/\/schema.org\",\"@graph\":[{\"@type\":\"Organization\",\"@id\":\"https:\/\/www.albyco.com\/#organization\",\"name\":\"Albyco Nederland B.V.\",\"url\":\"https:\/\/www.albyco.com\/\",\"sameAs\":[\"https:\/\/www.linkedin.com\/company\/18015670\/\",\"https:\/\/www.youtube.com\/user\/AlbycoNederland\",\"https:\/\/nl.pinterest.com\/albyco\",\"https:\/\/twitter.com\/AlbycoNederland\"],\"logo\":{\"@type\":\"ImageObject\",\"@id\":\"https:\/\/www.albyco.com\/#logo\",\"inLanguage\":\"fr-FR\",\"url\":\"https:\/\/www.albyco.com\/wp-content\/uploads\/2017\/07\/albyco_logo_hd.png\",\"contentUrl\":\"https:\/\/www.albyco.com\/wp-content\/uploads\/2017\/07\/albyco_logo_hd.png\",\"width\":300,\"height\":300,\"caption\":\"Albyco Nederland B.V.\"},\"image\":{\"@id\":\"https:\/\/www.albyco.com\/#logo\"}},{\"@type\":\"WebSite\",\"@id\":\"https:\/\/www.albyco.com\/#website\",\"url\":\"https:\/\/www.albyco.com\/\",\"name\":\"Albyco\",\"description\":\"Leverancier voor nabewerking van geprinte media\",\"publisher\":{\"@id\":\"https:\/\/www.albyco.com\/#organization\"},\"potentialAction\":[{\"@type\":\"SearchAction\",\"target\":{\"@type\":\"EntryPoint\",\"urlTemplate\":\"https:\/\/www.albyco.com\/?s={search_term_string}\"},\"query-input\":\"required name=search_term_string\"}],\"inLanguage\":\"fr-FR\"},{\"@type\":\"ImageObject\",\"@id\":\"https:\/\/www.albyco.com\/fr\/produit\/ideal-5009-pour-la-destruction-de-grandes-quantites-de-papier-ou-de-classeurs-complets\/#primaryimage\",\"inLanguage\":\"fr-FR\",\"url\":\"https:\/\/www.albyco.com\/wp-content\/uploads\/2017\/06\/ebaideal-ideal-5009-papierversnipperaar_IDEAL5009C23.jpg\",\"contentUrl\":\"https:\/\/www.albyco.com\/wp-content\/uploads\/2017\/06\/ebaideal-ideal-5009-papierversnipperaar_IDEAL5009C23.jpg\",\"width\":914,\"height\":1009,\"caption\":\"Destructeurs forte capacit\u00e9 Ideal 5009\"},{\"@type\":\"WebPage\",\"@id\":\"https:\/\/www.albyco.com\/fr\/produit\/ideal-5009-pour-la-destruction-de-grandes-quantites-de-papier-ou-de-classeurs-complets\/#webpage\",\"url\":\"https:\/\/www.albyco.com\/fr\/produit\/ideal-5009-pour-la-destruction-de-grandes-quantites-de-papier-ou-de-classeurs-complets\/\",\"name\":\"Ideal 5009 pour la destruction de grandes quantit\u00e9s de papier ou de classeurs complets. - Albyco\",\"isPartOf\":{\"@id\":\"https:\/\/www.albyco.com\/#website\"},\"primaryImageOfPage\":{\"@id\":\"https:\/\/www.albyco.com\/fr\/produit\/ideal-5009-pour-la-destruction-de-grandes-quantites-de-papier-ou-de-classeurs-complets\/#primaryimage\"},\"datePublished\":\"2017-07-06T07:33:49+00:00\",\"dateModified\":\"2017-07-06T07:33:49+00:00\",\"description\":\"Ideal 5009 pour la destruction de grandes quantit\u00e9s de papier ou de classeurs complets.\",\"breadcrumb\":{\"@id\":\"https:\/\/www.albyco.com\/fr\/produit\/ideal-5009-pour-la-destruction-de-grandes-quantites-de-papier-ou-de-classeurs-complets\/#breadcrumb\"},\"inLanguage\":\"fr-FR\",\"potentialAction\":[{\"@type\":\"ReadAction\",\"target\":[\"https:\/\/www.albyco.com\/fr\/produit\/ideal-5009-pour-la-destruction-de-grandes-quantites-de-papier-ou-de-classeurs-complets\/\"]}]},{\"@type\":\"BreadcrumbList\",\"@id\":\"https:\/\/www.albyco.com\/fr\/produit\/ideal-5009-pour-la-destruction-de-grandes-quantites-de-papier-ou-de-classeurs-complets\/#breadcrumb\",\"itemListElement\":[{\"@type\":\"ListItem\",\"position\":1,\"name\":\"Home\",\"item\":\"https:\/\/www.albyco.com\/fr\/\"},{\"@type\":\"ListItem\",\"position\":2,\"name\":\"Les produits\",\"item\":\"https:\/\/www.albyco.com\/fr\/producten\/\"},{\"@type\":\"ListItem\",\"position\":3,\"name\":\"Ideal 5009 pour la destruction de grandes quantit\u00e9s de papier ou de classeurs complets.\"}]}]}<\/script>\n<!-- \/ Yoast SEO plugin. -->","yoast_head_json":{"title":"Ideal 5009 pour la destruction de grandes quantit\u00e9s de papier ou de classeurs complets. - Albyco","description":"Ideal 5009 pour la destruction de grandes quantit\u00e9s de papier ou de classeurs complets.","robots":{"index":"index","follow":"follow","max-snippet":"max-snippet:-1","max-image-preview":"max-image-preview:large","max-video-preview":"max-video-preview:-1"},"canonical":"https:\/\/www.albyco.com\/fr\/produit\/ideal-5009-pour-la-destruction-de-grandes-quantites-de-papier-ou-de-classeurs-complets\/","og_locale":"fr_FR","og_type":"article","og_title":"Ideal 5009 pour la destruction de grandes quantit\u00e9s de papier ou de classeurs complets. - Albyco","og_description":"Ideal 5009 pour la destruction de grandes quantit\u00e9s de papier ou de classeurs complets.","og_url":"https:\/\/www.albyco.com\/fr\/produit\/ideal-5009-pour-la-destruction-de-grandes-quantites-de-papier-ou-de-classeurs-complets\/","og_site_name":"Albyco","og_image":[{"width":914,"height":1009,"url":"https:\/\/www.albyco.com\/wp-content\/uploads\/2017\/06\/ebaideal-ideal-5009-papierversnipperaar_IDEAL5009C23.jpg","type":"image\/jpeg"}],"twitter_card":"summary","twitter_site":"@AlbycoNederland","twitter_misc":{"Dur\u00e9e de lecture estim\u00e9e":"1 minute"},"schema":{"@context":"https:\/\/schema.org","@graph":[{"@type":"Organization","@id":"https:\/\/www.albyco.com\/#organization","name":"Albyco Nederland B.V.","url":"https:\/\/www.albyco.com\/","sameAs":["https:\/\/www.linkedin.com\/company\/18015670\/","https:\/\/www.youtube.com\/user\/AlbycoNederland","https:\/\/nl.pinterest.com\/albyco","https:\/\/twitter.com\/AlbycoNederland"],"logo":{"@type":"ImageObject","@id":"https:\/\/www.albyco.com\/#logo","inLanguage":"fr-FR","url":"https:\/\/www.albyco.com\/wp-content\/uploads\/2017\/07\/albyco_logo_hd.png","contentUrl":"https:\/\/www.albyco.com\/wp-content\/uploads\/2017\/07\/albyco_logo_hd.png","width":300,"height":300,"caption":"Albyco Nederland B.V."},"image":{"@id":"https:\/\/www.albyco.com\/#logo"}},{"@type":"WebSite","@id":"https:\/\/www.albyco.com\/#website","url":"https:\/\/www.albyco.com\/","name":"Albyco","description":"Leverancier voor nabewerking van geprinte media","publisher":{"@id":"https:\/\/www.albyco.com\/#organization"},"potentialAction":[{"@type":"SearchAction","target":{"@type":"EntryPoint","urlTemplate":"https:\/\/www.albyco.com\/?s={search_term_string}"},"query-input":"required name=search_term_string"}],"inLanguage":"fr-FR"},{"@type":"ImageObject","@id":"https:\/\/www.albyco.com\/fr\/produit\/ideal-5009-pour-la-destruction-de-grandes-quantites-de-papier-ou-de-classeurs-complets\/#primaryimage","inLanguage":"fr-FR","url":"https:\/\/www.albyco.com\/wp-content\/uploads\/2017\/06\/ebaideal-ideal-5009-papierversnipperaar_IDEAL5009C23.jpg","contentUrl":"https:\/\/www.albyco.com\/wp-content\/uploads\/2017\/06\/ebaideal-ideal-5009-papierversnipperaar_IDEAL5009C23.jpg","width":914,"height":1009,"caption":"Destructeurs forte capacit\u00e9 Ideal 5009"},{"@type":"WebPage","@id":"https:\/\/www.albyco.com\/fr\/produit\/ideal-5009-pour-la-destruction-de-grandes-quantites-de-papier-ou-de-classeurs-complets\/#webpage","url":"https:\/\/www.albyco.com\/fr\/produit\/ideal-5009-pour-la-destruction-de-grandes-quantites-de-papier-ou-de-classeurs-complets\/","name":"Ideal 5009 pour la destruction de grandes quantit\u00e9s de papier ou de classeurs complets. - Albyco","isPartOf":{"@id":"https:\/\/www.albyco.com\/#website"},"primaryImageOfPage":{"@id":"https:\/\/www.albyco.com\/fr\/produit\/ideal-5009-pour-la-destruction-de-grandes-quantites-de-papier-ou-de-classeurs-complets\/#primaryimage"},"datePublished":"2017-07-06T07:33:49+00:00","dateModified":"2017-07-06T07:33:49+00:00","description":"Ideal 5009 pour la destruction de grandes quantit\u00e9s de papier ou de classeurs complets.","breadcrumb":{"@id":"https:\/\/www.albyco.com\/fr\/produit\/ideal-5009-pour-la-destruction-de-grandes-quantites-de-papier-ou-de-classeurs-complets\/#breadcrumb"},"inLanguage":"fr-FR","potentialAction":[{"@type":"ReadAction","target":["https:\/\/www.albyco.com\/fr\/produit\/ideal-5009-pour-la-destruction-de-grandes-quantites-de-papier-ou-de-classeurs-complets\/"]}]},{"@type":"BreadcrumbList","@id":"https:\/\/www.albyco.com\/fr\/produit\/ideal-5009-pour-la-destruction-de-grandes-quantites-de-papier-ou-de-classeurs-complets\/#breadcrumb","itemListElement":[{"@type":"ListItem","position":1,"name":"Home","item":"https:\/\/www.albyco.com\/fr\/"},{"@type":"ListItem","position":2,"name":"Les produits","item":"https:\/\/www.albyco.com\/fr\/producten\/"},{"@type":"ListItem","position":3,"name":"Ideal 5009 pour la destruction de grandes quantit\u00e9s de papier ou de classeurs complets."}]}]}},"_links":{"self":[{"href":"https:\/\/www.albyco.com\/fr\/wp-json\/wp\/v2\/product\/34101"}],"collection":[{"href":"https:\/\/www.albyco.com\/fr\/wp-json\/wp\/v2\/product"}],"about":[{"href":"https:\/\/www.albyco.com\/fr\/wp-json\/wp\/v2\/types\/product"}],"replies":[{"embeddable":true,"href":"https:\/\/www.albyco.com\/fr\/wp-json\/wp\/v2\/comments?post=34101"}],"wp:featuredmedia":[{"embeddable":true,"href":"https:\/\/www.albyco.com\/fr\/wp-json\/wp\/v2\/media\/7984"}],"wp:attachment":[{"href":"https:\/\/www.albyco.com\/fr\/wp-json\/wp\/v2\/media?parent=34101"}],"wp:term":[{"taxonomy":"product_cat","embeddable":true,"href":"https:\/\/www.albyco.com\/fr\/wp-json\/wp\/v2\/product_cat?post=34101"},{"taxonomy":"product_tag","embeddable":true,"href":"https:\/\/www.albyco.com\/fr\/wp-json\/wp\/v2\/product_tag?post=34101"}],"curies":[{"name":"wp","href":"https:\/\/api.w.org\/{rel}","templated":true}]}}