{"id":34032,"date":"2017-07-06T16:42:20","date_gmt":"2017-07-06T14:42:20","guid":{"rendered":"https:\/\/www.albyco.com\/product\/destructeur-de-documents-hsm-pure-830\/"},"modified":"2017-07-06T16:42:20","modified_gmt":"2017-07-06T14:42:20","slug":"destructeur-de-documents-hsm-pure-830","status":"publish","type":"product","link":"https:\/\/www.albyco.com\/fr\/produit\/destructeur-de-documents-hsm-pure-830\/","title":{"rendered":"Destructeur de documents HSM Pure 830"},"content":{"rendered":"<table style=\"width: 100%; border-collapse: collapse;\" border=\"0\">\r\n<tbody>\r\n<tr>\r\n<td style=\"width: 50%;\">\r\n<h2>Destructeur de documents HSM Pure 830<\/h2>\r\n<div class=\"product--description\">\r\n\r\nLe destructeur de document particuli\u00e8rement puissant pour un service entier. L&#8217;entra\u00eenement offre un haut degr\u00e9 d&#8217;efficacit\u00e9 pour une performance accrue de coupe en fonctionnement continu. Le puissant cylindre de coupe pour de grandes quantit\u00e9s de papier est impressionnant en raison de son haut rendement de coupe.\r\n\r\n<\/div>\r\n<div class=\"product--properties panel\">\r\n<div class=\"product--properties-option block-group\">\r\n<div class=\"product--properties-option-content block\">Les mat\u00e9riaux haut de gamme et l&#8217;assurance d&#8217;une qualit\u00e9 \u00ab Made in Germany \u00bb vous garantissent la s\u00e9curit\u00e9 et la long\u00e9vit\u00e9 des produits.<\/div>\r\n<\/div>\r\n<\/div><\/td>\r\n<td style=\"width: 50%; text-align: center;\"><div class=\"epyt-video-wrapper\"><iframe  id=\"_ytid_82752\"  width=\"800\" height=\"450\"  data-origwidth=\"800\" data-origheight=\"450\"  data-relstop=\"1\" src=\"https:\/\/www.youtube.com\/embed\/9HPpO0v_muE?enablejsapi=1&autoplay=0&cc_load_policy=0&iv_load_policy=1&loop=0&modestbranding=0&fs=1&playsinline=1&controls=1&color=red&cc_lang_pref=&rel=0&autohide=2&theme=dark&\" class=\"__youtube_prefs__  no-lazyload\" title=\"YouTube player\"  allow=\"accelerometer; autoplay; clipboard-write; encrypted-media; gyroscope; picture-in-picture\" allowfullscreen data-no-lazy=\"1\" data-skipgform_ajax_framebjll=\"\"><\/iframe><\/div><\/td>\r\n<\/tr>\r\n<\/tbody>\r\n<\/table>\r\nLes cylindres de coupe en acier tremp\u00e9 durci par induction sont r\u00e9sistants contre les agrafes et trombones et garantissent une dur\u00e9e de vie \u00e9lev\u00e9e. Ils b\u00e9n\u00e9ficient d&#8217;une garantie \u00e0 vie. Le moteur puissant garantit une performance de coupe \u00e9lev\u00e9e et un fonctionnement continu en toute s\u00e9curit\u00e9. Via la fonction automatique de correction de bourrage papier, le syst\u00e8me reconna\u00eet automatiquement et rapidement si trop de papier a \u00e9t\u00e9 ins\u00e9r\u00e9. La machine se met en marche arri\u00e8re ou augmente la puissance temporairement afin de retirer le papier. Le syst\u00e8me de gestion intelligent permet d&#8217;\u00e9conomiser l&#8217;\u00e9nergie en mode veille et arr\u00eate automatiquement le destructeur de documents lorsqu&#8217;il n&#8217;est pas utilis\u00e9. Une l\u00e9g\u00e8re pression sur l&#8217;\u00e9l\u00e9ment de s\u00e9curit\u00e9 emp\u00eache une insertion involontaire et stoppe imm\u00e9diatement l&#8217;alimentation en papier. Une cellule photo\u00e9lectrique int\u00e9gr\u00e9e d\u00e9marre automatiquement l&#8217;appareil lorsque vous introduisez un document et l&#8217;\u00e9teint une fois que celui-ci est d\u00e9truit. Le destructeur de documents peut \u00eatre facilement d\u00e9plac\u00e9 car il est mont\u00e9 sur roulettes. L&#8217;utilisation d&#8217;un sac de r\u00e9ception s\u00e9par\u00e9 permet un tri \u00e9cologique des mat\u00e9riaux d\u00e9truits. Le mode de fonctionnement silencieux r\u00e9duit le niveau sonore sur le lieu de travail. Le destructeur de documents est dot\u00e9 d&#8217;une armoire basse en bois robuste avec un angle d&#8217;ouverture de porte extra large. Apr\u00e8s ouverture de la porte, le sac de r\u00e9ception r\u00e9utilisable et amovible s&#8217;enl\u00e8ve et se vide facilement. La machine s&#8217;\u00e9teindra automatiquement s&#8217;il est indiqu\u00e9 sur l&#8217;\u00e9cran que la corbeille est pleine. La couleur blanche ajoute une dimension intemporelle \u00e0 l&#8217;appareil.\r\n<div>\r\n<table border=\"0\">\r\n<tbody>\r\n<tr>\r\n<td><strong>HSM Pure 830<\/strong><\/td>\r\n<td><strong>3,9 mm<\/strong><\/td>\r\n<td><b>4,5 x 30 mm<\/b><\/td>\r\n<\/tr>\r\n<tr>\r\n<td>M\u00e9thode de destruction<\/td>\r\n<td>Bandes<\/td>\r\n<td>Particules<\/td>\r\n<\/tr>\r\n<tr>\r\n<td>\r\n<p class=\"p1\">Niveau de s\u00e9curit\u00e9 (DIN66399)<\/p>\r\n<\/td>\r\n<td>\r\n<p class=\"p1\">E-2, O-2, P-2, T-2<\/p>\r\n<\/td>\r\n<td>\r\n<p class=\"p1\">E-3, F-1, O-3, P-4, T-4<\/p>\r\n<\/td>\r\n<\/tr>\r\n<tr>\r\n<td>Convient \u00e0<\/td>\r\n<td>Papier, cd\/dvd&#8217;s, cartes de cr\u00e9dit<\/td>\r\n<td>Papier, cd\/dvd&#8217;s, cartes de cr\u00e9dit, film<\/td>\r\n<\/tr>\r\n<tr>\r\n<td>Largeur de coupe<\/td>\r\n<td>3,9 mm<\/td>\r\n<td>4,5 mm<\/td>\r\n<\/tr>\r\n<tr>\r\n<td>Longueur de coupe<\/td>\r\n<td>&#8211;<\/td>\r\n<td>30 mm<\/td>\r\n<\/tr>\r\n<tr>\r\n<td>\r\n<p class=\"p1\">Capacit\u00e9 de coupe (80g\/m\u00b2)<\/p>\r\n<\/td>\r\n<td>40 &#8211; 42 feuilles<\/td>\r\n<td>31 &#8211; 33 feuilles<\/td>\r\n<\/tr>\r\n<tr>\r\n<td>Largeur d&#8217;entr\u00e9e<\/td>\r\n<td>330 mm<\/td>\r\n<td>330 mm<\/td>\r\n<\/tr>\r\n<tr>\r\n<td>Volume de collecte<\/td>\r\n<td>150 l<\/td>\r\n<td>150 l<\/td>\r\n<\/tr>\r\n<tr>\r\n<td>Vitesse de coupe<\/td>\r\n<td>110 mm\/s<\/td>\r\n<td>110 mm\/s<\/td>\r\n<\/tr>\r\n<tr>\r\n<td>\r\n<p class=\"p1\">Niveau sonore (sans charge)<\/p>\r\n<\/td>\r\n<td>\r\n<p class=\"p1\">60 &#8211; 62 dB<\/p>\r\n<\/td>\r\n<td>60 -62 dB<\/td>\r\n<\/tr>\r\n<tr>\r\n<td>Consommation d&#8217;\u00e9nergie<\/td>\r\n<td>2100 W<\/td>\r\n<td>2100 W<\/td>\r\n<\/tr>\r\n<tr>\r\n<td>P x L x H en mm<\/td>\r\n<td>548 x 579 x 953<\/td>\r\n<td>548 x 579 x 953<\/td>\r\n<\/tr>\r\n<tr>\r\n<td>Poids<\/td>\r\n<td>70,8 kg<\/td>\r\n<td>77, 05 kg<\/td>\r\n<\/tr>\r\n<tr>\r\n<td>Couleur<\/td>\r\n<td>anthracite\/blanc<\/td>\r\n<td>anthracite\/blanc<\/td>\r\n<\/tr>\r\n<\/tbody>\r\n<\/table>\r\n<p class=\"bodytext\">La s\u00e9rie innovante de destructeurs de papier HSM Pure n&#8217;est pas seulement le summum de la fiabilit\u00e9 gr\u00e2ce \u00e0 une qualit\u00e9 \u00e9prouv\u00e9e &#8220;Made in Germany&#8221; et une technologie de construction solide, mais convainc \u00e9galement par son design moderne intemporel et sa manipulation facile.\r\nUne connexion optimale entre la tradition et le pr\u00e9sent &#8211; en tant qu&#8217;appareil compact \u00e0 c\u00f4t\u00e9 du lieu de travail ou en tant que destructeur de donn\u00e9es ax\u00e9 sur les performances pour des groupes entiers d&#8217;utilisateurs et dans des services.\r\nLes destructeurs de papier de la s\u00e9rie HSM Pure sont des partenaires parfaits pour la s\u00e9curit\u00e9 des donn\u00e9es.<\/p>\r\n\r\n<\/div>","protected":false},"excerpt":{"rendered":"<p>Destructeur de papier HSM Pure 830, destructeur \/ destructeur compact, coupe jusqu&#8217;\u00e0 42 feuilles, 2 mod\u00e8les de coupe, niveau de s\u00e9curit\u00e9 P-2 \u00e0 P-4, volume de collecte 150 l. Commandez votre broyeur en ligne !<\/p>\n","protected":false},"featured_media":7885,"comment_status":"open","ping_status":"closed","template":"","meta":[],"product_cat":[4177,2300,2301,4131],"product_tag":[4135,4169,4136,4137,4138,4139,4140,4141,4142,4143,4132,4133,4134,4168],"yoast_head":"<!-- This site is optimized with the Yoast SEO plugin v18.6 - https:\/\/yoast.com\/wordpress\/plugins\/seo\/ -->\n<title>Destructeur de documents HSM Pure 830 - Albyco<\/title>\n<meta name=\"description\" content=\"Destructeur de papier HSM Pure 830, destructeur \/ destructeur compact, coupe jusqu&#039;\u00e0 42 feuilles, 2 mod\u00e8les de coupe, niveau de s\u00e9curit\u00e9 P-2 \u00e0 P-4, volume de collecte 150 l. Commandez votre broyeur en ligne !\" \/>\n<meta name=\"robots\" content=\"index, follow, max-snippet:-1, max-image-preview:large, max-video-preview:-1\" \/>\n<link rel=\"canonical\" href=\"https:\/\/www.albyco.com\/fr\/produit\/destructeur-de-documents-hsm-pure-830\/\" \/>\n<meta property=\"og:locale\" content=\"fr_FR\" \/>\n<meta property=\"og:type\" content=\"article\" \/>\n<meta property=\"og:title\" content=\"Destructeur de documents HSM Pure 830 - Albyco\" \/>\n<meta property=\"og:description\" content=\"Destructeur de papier HSM Pure 830, destructeur \/ destructeur compact, coupe jusqu&#039;\u00e0 42 feuilles, 2 mod\u00e8les de coupe, niveau de s\u00e9curit\u00e9 P-2 \u00e0 P-4, volume de collecte 150 l. Commandez votre broyeur en ligne !\" \/>\n<meta property=\"og:url\" content=\"https:\/\/www.albyco.com\/fr\/produit\/destructeur-de-documents-hsm-pure-830\/\" \/>\n<meta property=\"og:site_name\" content=\"Albyco\" \/>\n<meta property=\"og:image\" content=\"https:\/\/www.albyco.com\/wp-content\/uploads\/2017\/06\/hsm-hsm-pure-830-papierversnipperaar_HSM830S2.jpg\" \/>\n\t<meta property=\"og:image:width\" content=\"543\" \/>\n\t<meta property=\"og:image:height\" content=\"800\" \/>\n\t<meta property=\"og:image:type\" content=\"image\/jpeg\" \/>\n<meta name=\"twitter:card\" content=\"summary\" \/>\n<meta name=\"twitter:site\" content=\"@AlbycoNederland\" \/>\n<meta name=\"twitter:label1\" content=\"Dur\u00e9e de lecture estim\u00e9e\" \/>\n\t<meta name=\"twitter:data1\" content=\"3 minutes\" \/>\n<script type=\"application\/ld+json\" class=\"yoast-schema-graph\">{\"@context\":\"https:\/\/schema.org\",\"@graph\":[{\"@type\":\"Organization\",\"@id\":\"https:\/\/www.albyco.com\/#organization\",\"name\":\"Albyco Nederland B.V.\",\"url\":\"https:\/\/www.albyco.com\/\",\"sameAs\":[\"https:\/\/www.linkedin.com\/company\/18015670\/\",\"https:\/\/www.youtube.com\/user\/AlbycoNederland\",\"https:\/\/nl.pinterest.com\/albyco\",\"https:\/\/twitter.com\/AlbycoNederland\"],\"logo\":{\"@type\":\"ImageObject\",\"@id\":\"https:\/\/www.albyco.com\/#logo\",\"inLanguage\":\"fr-FR\",\"url\":\"https:\/\/www.albyco.com\/wp-content\/uploads\/2017\/07\/albyco_logo_hd.png\",\"contentUrl\":\"https:\/\/www.albyco.com\/wp-content\/uploads\/2017\/07\/albyco_logo_hd.png\",\"width\":300,\"height\":300,\"caption\":\"Albyco Nederland B.V.\"},\"image\":{\"@id\":\"https:\/\/www.albyco.com\/#logo\"}},{\"@type\":\"WebSite\",\"@id\":\"https:\/\/www.albyco.com\/#website\",\"url\":\"https:\/\/www.albyco.com\/\",\"name\":\"Albyco\",\"description\":\"Leverancier voor nabewerking van geprinte media\",\"publisher\":{\"@id\":\"https:\/\/www.albyco.com\/#organization\"},\"potentialAction\":[{\"@type\":\"SearchAction\",\"target\":{\"@type\":\"EntryPoint\",\"urlTemplate\":\"https:\/\/www.albyco.com\/?s={search_term_string}\"},\"query-input\":\"required name=search_term_string\"}],\"inLanguage\":\"fr-FR\"},{\"@type\":\"ImageObject\",\"@id\":\"https:\/\/www.albyco.com\/fr\/produit\/destructeur-de-documents-hsm-pure-830\/#primaryimage\",\"inLanguage\":\"fr-FR\",\"url\":\"https:\/\/www.albyco.com\/wp-content\/uploads\/2017\/06\/hsm-hsm-pure-830-papierversnipperaar_HSM830S2.jpg\",\"contentUrl\":\"https:\/\/www.albyco.com\/wp-content\/uploads\/2017\/06\/hsm-hsm-pure-830-papierversnipperaar_HSM830S2.jpg\",\"width\":543,\"height\":800,\"caption\":\"HSM Pure 830\"},{\"@type\":\"WebPage\",\"@id\":\"https:\/\/www.albyco.com\/fr\/produit\/destructeur-de-documents-hsm-pure-830\/#webpage\",\"url\":\"https:\/\/www.albyco.com\/fr\/produit\/destructeur-de-documents-hsm-pure-830\/\",\"name\":\"Destructeur de documents HSM Pure 830 - Albyco\",\"isPartOf\":{\"@id\":\"https:\/\/www.albyco.com\/#website\"},\"primaryImageOfPage\":{\"@id\":\"https:\/\/www.albyco.com\/fr\/produit\/destructeur-de-documents-hsm-pure-830\/#primaryimage\"},\"datePublished\":\"2017-07-06T14:42:20+00:00\",\"dateModified\":\"2017-07-06T14:42:20+00:00\",\"description\":\"Destructeur de papier HSM Pure 830, destructeur \/ destructeur compact, coupe jusqu'\u00e0 42 feuilles, 2 mod\u00e8les de coupe, niveau de s\u00e9curit\u00e9 P-2 \u00e0 P-4, volume de collecte 150 l. Commandez votre broyeur en ligne !\",\"breadcrumb\":{\"@id\":\"https:\/\/www.albyco.com\/fr\/produit\/destructeur-de-documents-hsm-pure-830\/#breadcrumb\"},\"inLanguage\":\"fr-FR\",\"potentialAction\":[{\"@type\":\"ReadAction\",\"target\":[\"https:\/\/www.albyco.com\/fr\/produit\/destructeur-de-documents-hsm-pure-830\/\"]}]},{\"@type\":\"BreadcrumbList\",\"@id\":\"https:\/\/www.albyco.com\/fr\/produit\/destructeur-de-documents-hsm-pure-830\/#breadcrumb\",\"itemListElement\":[{\"@type\":\"ListItem\",\"position\":1,\"name\":\"Home\",\"item\":\"https:\/\/www.albyco.com\/fr\/\"},{\"@type\":\"ListItem\",\"position\":2,\"name\":\"Les produits\",\"item\":\"https:\/\/www.albyco.com\/fr\/producten\/\"},{\"@type\":\"ListItem\",\"position\":3,\"name\":\"Destructeur de documents HSM Pure 830\"}]}]}<\/script>\n<!-- \/ Yoast SEO plugin. -->","yoast_head_json":{"title":"Destructeur de documents HSM Pure 830 - Albyco","description":"Destructeur de papier HSM Pure 830, destructeur \/ destructeur compact, coupe jusqu'\u00e0 42 feuilles, 2 mod\u00e8les de coupe, niveau de s\u00e9curit\u00e9 P-2 \u00e0 P-4, volume de collecte 150 l. Commandez votre broyeur en ligne !","robots":{"index":"index","follow":"follow","max-snippet":"max-snippet:-1","max-image-preview":"max-image-preview:large","max-video-preview":"max-video-preview:-1"},"canonical":"https:\/\/www.albyco.com\/fr\/produit\/destructeur-de-documents-hsm-pure-830\/","og_locale":"fr_FR","og_type":"article","og_title":"Destructeur de documents HSM Pure 830 - Albyco","og_description":"Destructeur de papier HSM Pure 830, destructeur \/ destructeur compact, coupe jusqu'\u00e0 42 feuilles, 2 mod\u00e8les de coupe, niveau de s\u00e9curit\u00e9 P-2 \u00e0 P-4, volume de collecte 150 l. Commandez votre broyeur en ligne !","og_url":"https:\/\/www.albyco.com\/fr\/produit\/destructeur-de-documents-hsm-pure-830\/","og_site_name":"Albyco","og_image":[{"width":543,"height":800,"url":"https:\/\/www.albyco.com\/wp-content\/uploads\/2017\/06\/hsm-hsm-pure-830-papierversnipperaar_HSM830S2.jpg","type":"image\/jpeg"}],"twitter_card":"summary","twitter_site":"@AlbycoNederland","twitter_misc":{"Dur\u00e9e de lecture estim\u00e9e":"3 minutes"},"schema":{"@context":"https:\/\/schema.org","@graph":[{"@type":"Organization","@id":"https:\/\/www.albyco.com\/#organization","name":"Albyco Nederland B.V.","url":"https:\/\/www.albyco.com\/","sameAs":["https:\/\/www.linkedin.com\/company\/18015670\/","https:\/\/www.youtube.com\/user\/AlbycoNederland","https:\/\/nl.pinterest.com\/albyco","https:\/\/twitter.com\/AlbycoNederland"],"logo":{"@type":"ImageObject","@id":"https:\/\/www.albyco.com\/#logo","inLanguage":"fr-FR","url":"https:\/\/www.albyco.com\/wp-content\/uploads\/2017\/07\/albyco_logo_hd.png","contentUrl":"https:\/\/www.albyco.com\/wp-content\/uploads\/2017\/07\/albyco_logo_hd.png","width":300,"height":300,"caption":"Albyco Nederland B.V."},"image":{"@id":"https:\/\/www.albyco.com\/#logo"}},{"@type":"WebSite","@id":"https:\/\/www.albyco.com\/#website","url":"https:\/\/www.albyco.com\/","name":"Albyco","description":"Leverancier voor nabewerking van geprinte media","publisher":{"@id":"https:\/\/www.albyco.com\/#organization"},"potentialAction":[{"@type":"SearchAction","target":{"@type":"EntryPoint","urlTemplate":"https:\/\/www.albyco.com\/?s={search_term_string}"},"query-input":"required name=search_term_string"}],"inLanguage":"fr-FR"},{"@type":"ImageObject","@id":"https:\/\/www.albyco.com\/fr\/produit\/destructeur-de-documents-hsm-pure-830\/#primaryimage","inLanguage":"fr-FR","url":"https:\/\/www.albyco.com\/wp-content\/uploads\/2017\/06\/hsm-hsm-pure-830-papierversnipperaar_HSM830S2.jpg","contentUrl":"https:\/\/www.albyco.com\/wp-content\/uploads\/2017\/06\/hsm-hsm-pure-830-papierversnipperaar_HSM830S2.jpg","width":543,"height":800,"caption":"HSM Pure 830"},{"@type":"WebPage","@id":"https:\/\/www.albyco.com\/fr\/produit\/destructeur-de-documents-hsm-pure-830\/#webpage","url":"https:\/\/www.albyco.com\/fr\/produit\/destructeur-de-documents-hsm-pure-830\/","name":"Destructeur de documents HSM Pure 830 - Albyco","isPartOf":{"@id":"https:\/\/www.albyco.com\/#website"},"primaryImageOfPage":{"@id":"https:\/\/www.albyco.com\/fr\/produit\/destructeur-de-documents-hsm-pure-830\/#primaryimage"},"datePublished":"2017-07-06T14:42:20+00:00","dateModified":"2017-07-06T14:42:20+00:00","description":"Destructeur de papier HSM Pure 830, destructeur \/ destructeur compact, coupe jusqu'\u00e0 42 feuilles, 2 mod\u00e8les de coupe, niveau de s\u00e9curit\u00e9 P-2 \u00e0 P-4, volume de collecte 150 l. Commandez votre broyeur en ligne !","breadcrumb":{"@id":"https:\/\/www.albyco.com\/fr\/produit\/destructeur-de-documents-hsm-pure-830\/#breadcrumb"},"inLanguage":"fr-FR","potentialAction":[{"@type":"ReadAction","target":["https:\/\/www.albyco.com\/fr\/produit\/destructeur-de-documents-hsm-pure-830\/"]}]},{"@type":"BreadcrumbList","@id":"https:\/\/www.albyco.com\/fr\/produit\/destructeur-de-documents-hsm-pure-830\/#breadcrumb","itemListElement":[{"@type":"ListItem","position":1,"name":"Home","item":"https:\/\/www.albyco.com\/fr\/"},{"@type":"ListItem","position":2,"name":"Les produits","item":"https:\/\/www.albyco.com\/fr\/producten\/"},{"@type":"ListItem","position":3,"name":"Destructeur de documents HSM Pure 830"}]}]}},"_links":{"self":[{"href":"https:\/\/www.albyco.com\/fr\/wp-json\/wp\/v2\/product\/34032"}],"collection":[{"href":"https:\/\/www.albyco.com\/fr\/wp-json\/wp\/v2\/product"}],"about":[{"href":"https:\/\/www.albyco.com\/fr\/wp-json\/wp\/v2\/types\/product"}],"replies":[{"embeddable":true,"href":"https:\/\/www.albyco.com\/fr\/wp-json\/wp\/v2\/comments?post=34032"}],"wp:featuredmedia":[{"embeddable":true,"href":"https:\/\/www.albyco.com\/fr\/wp-json\/wp\/v2\/media\/7885"}],"wp:attachment":[{"href":"https:\/\/www.albyco.com\/fr\/wp-json\/wp\/v2\/media?parent=34032"}],"wp:term":[{"taxonomy":"product_cat","embeddable":true,"href":"https:\/\/www.albyco.com\/fr\/wp-json\/wp\/v2\/product_cat?post=34032"},{"taxonomy":"product_tag","embeddable":true,"href":"https:\/\/www.albyco.com\/fr\/wp-json\/wp\/v2\/product_tag?post=34032"}],"curies":[{"name":"wp","href":"https:\/\/api.w.org\/{rel}","templated":true}]}}