{"id":33761,"date":"2017-07-06T20:59:00","date_gmt":"2017-07-06T18:59:00","guid":{"rendered":"https:\/\/www.albyco.com\/product\/destructeur-de-documents-hsm-securio-af150-avec-autofeed\/"},"modified":"2017-07-06T20:59:00","modified_gmt":"2017-07-06T18:59:00","slug":"destructeur-de-documents-hsm-securio-af150-avec-autofeed","status":"publish","type":"product","link":"https:\/\/www.albyco.com\/fr\/produit\/destructeur-de-documents-hsm-securio-af150-avec-autofeed\/","title":{"rendered":"Destructeur de documents HSM SECURIO AF150 avec autofeed"},"content":{"rendered":"<table style=\"width: 100%; border-collapse: collapse;\" border=\"0\">\r\n<tbody>\r\n<tr>\r\n<td style=\"width: 50%;\">Destructeur de documents <strong>HSM SECURIO AF150<\/strong> avec autofeed.\r\n<div class=\"product--description\">\r\n\r\nLa destruction s\u00fbre et confortable des donn\u00e9es sur le lieu de travail. Le destructeur de documents avec insertion automatique du papier d\u00e9truit sans probl\u00e8me et en un rien de temps des liasses de papier jusqu&#8217;\u00e0 150 feuilles ou des feuilles individuelles.\r\n\r\n<\/div>\r\n<div class=\"product--properties panel\">\r\n<div class=\"product--properties-option block-group\">\r\n<div class=\"product--properties-option-content block\">Les mat\u00e9riaux haut de gamme et l&#8217;assurance d&#8217;une qualit\u00e9 \u00ab Made in Germany \u00bb vous garantissent la s\u00e9curit\u00e9 et la long\u00e9vit\u00e9 des produits.<\/div>\r\n<\/div>\r\n<\/div><\/td>\r\n<td style=\"width: 50%; text-align: center;\"><div class=\"epyt-video-wrapper\"><iframe  id=\"_ytid_80498\"  width=\"800\" height=\"450\"  data-origwidth=\"800\" data-origheight=\"450\"  data-relstop=\"1\" src=\"https:\/\/www.youtube.com\/embed\/ryVMbocdWYc?enablejsapi=1&autoplay=0&cc_load_policy=0&iv_load_policy=1&loop=0&modestbranding=0&fs=1&playsinline=1&controls=1&color=red&cc_lang_pref=&rel=0&autohide=2&theme=dark&\" class=\"__youtube_prefs__  no-lazyload\" title=\"YouTube player\"  allow=\"accelerometer; autoplay; clipboard-write; encrypted-media; gyroscope; picture-in-picture\" allowfullscreen data-no-lazy=\"1\" data-skipgform_ajax_framebjll=\"\"><\/iframe><\/div><\/td>\r\n<\/tr>\r\n<\/tbody>\r\n<\/table>\r\nLes cylindres de coupe en acier tremp\u00e9 durci par induction sont r\u00e9sistants contre les agrafes et trombones et garantissent une dur\u00e9e de vie \u00e9lev\u00e9e. Ils b\u00e9n\u00e9ficient d&#8217;une garantie \u00e0 vie. Le moteur puissant garantit une performance de coupe \u00e9lev\u00e9e et un fonctionnement continu en toute s\u00e9curit\u00e9. Double fonction astucieuse : Lors du traitement automatique des liasses de papier, possibilit\u00e9 d&#8217;ins\u00e9rer simultan\u00e9ment du papier manuellement. Le destructeur de documents avec la fonction autofeed poss\u00e8de des rouleaux entra\u00eeneurs et rouleaux d&#8217;alimentation dot\u00e9s de la Technologie Nanogrip qui garantissent une insertion fiable des liasses de papier feuille par feuille. Destruction rapide, efficace et ais\u00e9e des liasses de papier. Consommation d\u00b4\u00e9nergie en courant particuli\u00e8rement faible de 0,1 W en mode veille gr\u00e2ce au syst\u00e8me intelligent de gestion d&#8217;\u00e9conomie d&#8217;\u00e9nergie EcoSmart. Le destructeur de documents HSM a \u00e9t\u00e9 r\u00e9compens\u00e9 par la certification de l&#8217;Ange bleu pour sa faible consommation d&#8217;\u00e9nergie, sa construction r\u00e9sistante et l&#8217;utilisation de mat\u00e9riaux respectueux de l&#8217;environnement. L&#8217;insertion du papier avec protection contre la surcharge r\u00e9duit les risques de bourrage papier et maintient un rendement de coupe \u00e9lev\u00e9. Le mode de fonctionnement silencieux r\u00e9duit le niveau sonore sur le lieu de travail. Le destructeur de documents peut \u00eatre facilement d\u00e9plac\u00e9 car il est mont\u00e9 sur roulettes. \u00c9l\u00e9ment multifonctionnel pour une utilisation intuitive du destructeur de documents. Une cellule photo\u00e9lectrique int\u00e9gr\u00e9e d\u00e9marre automatiquement l&#8217;appareil lors de l&#8217;insertion manuelle du papier. Le collecteur s&#8217;enl\u00e8ve et se vide facilement. La machine s&#8217;\u00e9teindra automatiquement s&#8217;il est indiqu\u00e9 sur l&#8217;\u00e9cran que la corbeille est pleine. Le niveau de remplissage peut \u00e0 tout moment \u00eatre contr\u00f4l\u00e9 \u00e0 travers la fen\u00eatre de visualisation. L&#8217;utilisation d&#8217;un sac de r\u00e9ception s\u00e9par\u00e9 permet un tri homog\u00e8ne des mat\u00e9riaux d\u00e9truits.","protected":false},"excerpt":{"rendered":"<p>Destructeur de documents <strong>HSM SECURIO AF150<\/strong> avec autofeed.<\/p>\n<div class=\"product--description\">\n<p>La destruction s\u00fbre et confortable des donn\u00e9es sur le lieu de travail. Le destructeur de documents avec insertion automatique du papier d\u00e9truit sans probl\u00e8me et en un rien de temps des liasses de papier jusqu&#8217;\u00e0 150 feuilles ou des feuilles individuelles.<\/p>\n<\/div>\n","protected":false},"featured_media":26367,"comment_status":"open","ping_status":"closed","template":"","meta":[],"product_cat":[4177,2300,2301,4131],"product_tag":[4135,4169,4136,4137,4138,4139,4140,4141,4142,4143,4132,4133,4134,4168],"yoast_head":"<!-- This site is optimized with the Yoast SEO plugin v18.6 - https:\/\/yoast.com\/wordpress\/plugins\/seo\/ -->\n<title>Destructeur de documents HSM SECURIO AF150 avec autofeed - Albyco<\/title>\n<meta name=\"description\" content=\"Destructeur de documents HSM SECURIO AF150 avec autofeed.   La destruction s\u00fbre et confortable des donn\u00e9es sur le lieu de travail. Le destructeur de documents avec insertion automatique du papier d\u00e9truit sans probl\u00e8me et en un rien de temps des liasses de papier jusqu&#039;\u00e0 150 feuilles ou des feuilles individuelles.\" \/>\n<meta name=\"robots\" content=\"index, follow, max-snippet:-1, max-image-preview:large, max-video-preview:-1\" \/>\n<link rel=\"canonical\" href=\"https:\/\/www.albyco.com\/fr\/produit\/destructeur-de-documents-hsm-securio-af150-avec-autofeed\/\" \/>\n<meta property=\"og:locale\" content=\"fr_FR\" \/>\n<meta property=\"og:type\" content=\"article\" \/>\n<meta property=\"og:title\" content=\"Destructeur de documents HSM SECURIO AF150 avec autofeed - Albyco\" \/>\n<meta property=\"og:description\" content=\"Destructeur de documents HSM SECURIO AF150 avec autofeed.   La destruction s\u00fbre et confortable des donn\u00e9es sur le lieu de travail. Le destructeur de documents avec insertion automatique du papier d\u00e9truit sans probl\u00e8me et en un rien de temps des liasses de papier jusqu&#039;\u00e0 150 feuilles ou des feuilles individuelles.\" \/>\n<meta property=\"og:url\" content=\"https:\/\/www.albyco.com\/fr\/produit\/destructeur-de-documents-hsm-securio-af150-avec-autofeed\/\" \/>\n<meta property=\"og:site_name\" content=\"Albyco\" \/>\n<meta property=\"og:image\" content=\"https:\/\/www.albyco.com\/wp-content\/uploads\/2017\/07\/HSM-SECURIO-AF150-P1-PNG.png\" \/>\n\t<meta property=\"og:image:width\" content=\"636\" \/>\n\t<meta property=\"og:image:height\" content=\"543\" \/>\n\t<meta property=\"og:image:type\" content=\"image\/png\" \/>\n<meta name=\"twitter:card\" content=\"summary\" \/>\n<meta name=\"twitter:site\" content=\"@AlbycoNederland\" \/>\n<meta name=\"twitter:label1\" content=\"Dur\u00e9e de lecture estim\u00e9e\" \/>\n\t<meta name=\"twitter:data1\" content=\"2 minutes\" \/>\n<script type=\"application\/ld+json\" class=\"yoast-schema-graph\">{\"@context\":\"https:\/\/schema.org\",\"@graph\":[{\"@type\":\"Organization\",\"@id\":\"https:\/\/www.albyco.com\/#organization\",\"name\":\"Albyco Nederland B.V.\",\"url\":\"https:\/\/www.albyco.com\/\",\"sameAs\":[\"https:\/\/www.linkedin.com\/company\/18015670\/\",\"https:\/\/www.youtube.com\/user\/AlbycoNederland\",\"https:\/\/nl.pinterest.com\/albyco\",\"https:\/\/twitter.com\/AlbycoNederland\"],\"logo\":{\"@type\":\"ImageObject\",\"@id\":\"https:\/\/www.albyco.com\/#logo\",\"inLanguage\":\"fr-FR\",\"url\":\"https:\/\/www.albyco.com\/wp-content\/uploads\/2017\/07\/albyco_logo_hd.png\",\"contentUrl\":\"https:\/\/www.albyco.com\/wp-content\/uploads\/2017\/07\/albyco_logo_hd.png\",\"width\":300,\"height\":300,\"caption\":\"Albyco Nederland B.V.\"},\"image\":{\"@id\":\"https:\/\/www.albyco.com\/#logo\"}},{\"@type\":\"WebSite\",\"@id\":\"https:\/\/www.albyco.com\/#website\",\"url\":\"https:\/\/www.albyco.com\/\",\"name\":\"Albyco\",\"description\":\"Leverancier voor nabewerking van geprinte media\",\"publisher\":{\"@id\":\"https:\/\/www.albyco.com\/#organization\"},\"potentialAction\":[{\"@type\":\"SearchAction\",\"target\":{\"@type\":\"EntryPoint\",\"urlTemplate\":\"https:\/\/www.albyco.com\/?s={search_term_string}\"},\"query-input\":\"required name=search_term_string\"}],\"inLanguage\":\"fr-FR\"},{\"@type\":\"ImageObject\",\"@id\":\"https:\/\/www.albyco.com\/fr\/produit\/destructeur-de-documents-hsm-securio-af150-avec-autofeed\/#primaryimage\",\"inLanguage\":\"fr-FR\",\"url\":\"https:\/\/www.albyco.com\/wp-content\/uploads\/2017\/07\/HSM-SECURIO-AF150-P1-PNG.png\",\"contentUrl\":\"https:\/\/www.albyco.com\/wp-content\/uploads\/2017\/07\/HSM-SECURIO-AF150-P1-PNG.png\",\"width\":636,\"height\":543,\"caption\":\"Destructeur de documents HSM SECURIO AF150 avec autofeed\"},{\"@type\":\"WebPage\",\"@id\":\"https:\/\/www.albyco.com\/fr\/produit\/destructeur-de-documents-hsm-securio-af150-avec-autofeed\/#webpage\",\"url\":\"https:\/\/www.albyco.com\/fr\/produit\/destructeur-de-documents-hsm-securio-af150-avec-autofeed\/\",\"name\":\"Destructeur de documents HSM SECURIO AF150 avec autofeed - Albyco\",\"isPartOf\":{\"@id\":\"https:\/\/www.albyco.com\/#website\"},\"primaryImageOfPage\":{\"@id\":\"https:\/\/www.albyco.com\/fr\/produit\/destructeur-de-documents-hsm-securio-af150-avec-autofeed\/#primaryimage\"},\"datePublished\":\"2017-07-06T18:59:00+00:00\",\"dateModified\":\"2017-07-06T18:59:00+00:00\",\"description\":\"Destructeur de documents HSM SECURIO AF150 avec autofeed. La destruction s\u00fbre et confortable des donn\u00e9es sur le lieu de travail. Le destructeur de documents avec insertion automatique du papier d\u00e9truit sans probl\u00e8me et en un rien de temps des liasses de papier jusqu'\u00e0 150 feuilles ou des feuilles individuelles.\",\"breadcrumb\":{\"@id\":\"https:\/\/www.albyco.com\/fr\/produit\/destructeur-de-documents-hsm-securio-af150-avec-autofeed\/#breadcrumb\"},\"inLanguage\":\"fr-FR\",\"potentialAction\":[{\"@type\":\"ReadAction\",\"target\":[\"https:\/\/www.albyco.com\/fr\/produit\/destructeur-de-documents-hsm-securio-af150-avec-autofeed\/\"]}]},{\"@type\":\"BreadcrumbList\",\"@id\":\"https:\/\/www.albyco.com\/fr\/produit\/destructeur-de-documents-hsm-securio-af150-avec-autofeed\/#breadcrumb\",\"itemListElement\":[{\"@type\":\"ListItem\",\"position\":1,\"name\":\"Home\",\"item\":\"https:\/\/www.albyco.com\/fr\/\"},{\"@type\":\"ListItem\",\"position\":2,\"name\":\"Les produits\",\"item\":\"https:\/\/www.albyco.com\/fr\/producten\/\"},{\"@type\":\"ListItem\",\"position\":3,\"name\":\"Destructeur de documents HSM SECURIO AF150 avec autofeed\"}]}]}<\/script>\n<!-- \/ Yoast SEO plugin. -->","yoast_head_json":{"title":"Destructeur de documents HSM SECURIO AF150 avec autofeed - Albyco","description":"Destructeur de documents HSM SECURIO AF150 avec autofeed.   La destruction s\u00fbre et confortable des donn\u00e9es sur le lieu de travail. Le destructeur de documents avec insertion automatique du papier d\u00e9truit sans probl\u00e8me et en un rien de temps des liasses de papier jusqu'\u00e0 150 feuilles ou des feuilles individuelles.","robots":{"index":"index","follow":"follow","max-snippet":"max-snippet:-1","max-image-preview":"max-image-preview:large","max-video-preview":"max-video-preview:-1"},"canonical":"https:\/\/www.albyco.com\/fr\/produit\/destructeur-de-documents-hsm-securio-af150-avec-autofeed\/","og_locale":"fr_FR","og_type":"article","og_title":"Destructeur de documents HSM SECURIO AF150 avec autofeed - Albyco","og_description":"Destructeur de documents HSM SECURIO AF150 avec autofeed.   La destruction s\u00fbre et confortable des donn\u00e9es sur le lieu de travail. Le destructeur de documents avec insertion automatique du papier d\u00e9truit sans probl\u00e8me et en un rien de temps des liasses de papier jusqu'\u00e0 150 feuilles ou des feuilles individuelles.","og_url":"https:\/\/www.albyco.com\/fr\/produit\/destructeur-de-documents-hsm-securio-af150-avec-autofeed\/","og_site_name":"Albyco","og_image":[{"width":636,"height":543,"url":"https:\/\/www.albyco.com\/wp-content\/uploads\/2017\/07\/HSM-SECURIO-AF150-P1-PNG.png","type":"image\/png"}],"twitter_card":"summary","twitter_site":"@AlbycoNederland","twitter_misc":{"Dur\u00e9e de lecture estim\u00e9e":"2 minutes"},"schema":{"@context":"https:\/\/schema.org","@graph":[{"@type":"Organization","@id":"https:\/\/www.albyco.com\/#organization","name":"Albyco Nederland B.V.","url":"https:\/\/www.albyco.com\/","sameAs":["https:\/\/www.linkedin.com\/company\/18015670\/","https:\/\/www.youtube.com\/user\/AlbycoNederland","https:\/\/nl.pinterest.com\/albyco","https:\/\/twitter.com\/AlbycoNederland"],"logo":{"@type":"ImageObject","@id":"https:\/\/www.albyco.com\/#logo","inLanguage":"fr-FR","url":"https:\/\/www.albyco.com\/wp-content\/uploads\/2017\/07\/albyco_logo_hd.png","contentUrl":"https:\/\/www.albyco.com\/wp-content\/uploads\/2017\/07\/albyco_logo_hd.png","width":300,"height":300,"caption":"Albyco Nederland B.V."},"image":{"@id":"https:\/\/www.albyco.com\/#logo"}},{"@type":"WebSite","@id":"https:\/\/www.albyco.com\/#website","url":"https:\/\/www.albyco.com\/","name":"Albyco","description":"Leverancier voor nabewerking van geprinte media","publisher":{"@id":"https:\/\/www.albyco.com\/#organization"},"potentialAction":[{"@type":"SearchAction","target":{"@type":"EntryPoint","urlTemplate":"https:\/\/www.albyco.com\/?s={search_term_string}"},"query-input":"required name=search_term_string"}],"inLanguage":"fr-FR"},{"@type":"ImageObject","@id":"https:\/\/www.albyco.com\/fr\/produit\/destructeur-de-documents-hsm-securio-af150-avec-autofeed\/#primaryimage","inLanguage":"fr-FR","url":"https:\/\/www.albyco.com\/wp-content\/uploads\/2017\/07\/HSM-SECURIO-AF150-P1-PNG.png","contentUrl":"https:\/\/www.albyco.com\/wp-content\/uploads\/2017\/07\/HSM-SECURIO-AF150-P1-PNG.png","width":636,"height":543,"caption":"Destructeur de documents HSM SECURIO AF150 avec autofeed"},{"@type":"WebPage","@id":"https:\/\/www.albyco.com\/fr\/produit\/destructeur-de-documents-hsm-securio-af150-avec-autofeed\/#webpage","url":"https:\/\/www.albyco.com\/fr\/produit\/destructeur-de-documents-hsm-securio-af150-avec-autofeed\/","name":"Destructeur de documents HSM SECURIO AF150 avec autofeed - Albyco","isPartOf":{"@id":"https:\/\/www.albyco.com\/#website"},"primaryImageOfPage":{"@id":"https:\/\/www.albyco.com\/fr\/produit\/destructeur-de-documents-hsm-securio-af150-avec-autofeed\/#primaryimage"},"datePublished":"2017-07-06T18:59:00+00:00","dateModified":"2017-07-06T18:59:00+00:00","description":"Destructeur de documents HSM SECURIO AF150 avec autofeed. La destruction s\u00fbre et confortable des donn\u00e9es sur le lieu de travail. Le destructeur de documents avec insertion automatique du papier d\u00e9truit sans probl\u00e8me et en un rien de temps des liasses de papier jusqu'\u00e0 150 feuilles ou des feuilles individuelles.","breadcrumb":{"@id":"https:\/\/www.albyco.com\/fr\/produit\/destructeur-de-documents-hsm-securio-af150-avec-autofeed\/#breadcrumb"},"inLanguage":"fr-FR","potentialAction":[{"@type":"ReadAction","target":["https:\/\/www.albyco.com\/fr\/produit\/destructeur-de-documents-hsm-securio-af150-avec-autofeed\/"]}]},{"@type":"BreadcrumbList","@id":"https:\/\/www.albyco.com\/fr\/produit\/destructeur-de-documents-hsm-securio-af150-avec-autofeed\/#breadcrumb","itemListElement":[{"@type":"ListItem","position":1,"name":"Home","item":"https:\/\/www.albyco.com\/fr\/"},{"@type":"ListItem","position":2,"name":"Les produits","item":"https:\/\/www.albyco.com\/fr\/producten\/"},{"@type":"ListItem","position":3,"name":"Destructeur de documents HSM SECURIO AF150 avec autofeed"}]}]}},"_links":{"self":[{"href":"https:\/\/www.albyco.com\/fr\/wp-json\/wp\/v2\/product\/33761"}],"collection":[{"href":"https:\/\/www.albyco.com\/fr\/wp-json\/wp\/v2\/product"}],"about":[{"href":"https:\/\/www.albyco.com\/fr\/wp-json\/wp\/v2\/types\/product"}],"replies":[{"embeddable":true,"href":"https:\/\/www.albyco.com\/fr\/wp-json\/wp\/v2\/comments?post=33761"}],"wp:featuredmedia":[{"embeddable":true,"href":"https:\/\/www.albyco.com\/fr\/wp-json\/wp\/v2\/media\/26367"}],"wp:attachment":[{"href":"https:\/\/www.albyco.com\/fr\/wp-json\/wp\/v2\/media?parent=33761"}],"wp:term":[{"taxonomy":"product_cat","embeddable":true,"href":"https:\/\/www.albyco.com\/fr\/wp-json\/wp\/v2\/product_cat?post=33761"},{"taxonomy":"product_tag","embeddable":true,"href":"https:\/\/www.albyco.com\/fr\/wp-json\/wp\/v2\/product_tag?post=33761"}],"curies":[{"name":"wp","href":"https:\/\/api.w.org\/{rel}","templated":true}]}}