{"id":33743,"date":"2017-07-07T13:21:51","date_gmt":"2017-07-07T11:21:51","guid":{"rendered":"https:\/\/www.albyco.com\/product\/ideal-2445-papierversnipperaar\/"},"modified":"2017-07-07T13:21:51","modified_gmt":"2017-07-07T11:21:51","slug":"ideal-2445-papierversnipperaar","status":"publish","type":"product","link":"https:\/\/www.albyco.com\/fr\/produit\/ideal-2445-papierversnipperaar\/","title":{"rendered":"Destructeur individuel IDEAL 2445"},"content":{"rendered":"<table style=\"width: 100%; border-collapse: collapse;\" border=\"0\">\r\n<tbody>\r\n<tr>\r\n<td style=\"width: 50%;\">Destructeur de papier id\u00e9al 2445, facile \u00e0 utiliser et puissant destructeur de papier de bureau.<\/td>\r\n<td style=\"width: 50%;\"><div class=\"epyt-video-wrapper\"><iframe  id=\"_ytid_74217\"  width=\"800\" height=\"450\"  data-origwidth=\"800\" data-origheight=\"450\"  data-relstop=\"1\" src=\"https:\/\/www.youtube.com\/embed\/gcOgIGOUQhE?enablejsapi=1&autoplay=0&cc_load_policy=0&iv_load_policy=1&loop=0&modestbranding=0&fs=1&playsinline=1&controls=1&color=red&cc_lang_pref=&rel=0&autohide=2&theme=dark&\" class=\"__youtube_prefs__  no-lazyload\" title=\"YouTube player\"  allow=\"accelerometer; autoplay; clipboard-write; encrypted-media; gyroscope; picture-in-picture\" allowfullscreen data-no-lazy=\"1\" data-skipgform_ajax_framebjll=\"\"><\/iframe><\/div><\/td>\r\n<\/tr>\r\n<\/tbody>\r\n<\/table>\r\n<table style=\"width: 100%; border-collapse: collapse;\" border=\"0\">\r\n<tbody>\r\n<tr style=\"height: 24px;\">\r\n<td style=\"width: 100%; background-color: #ffffff; height: 24px;\">\r\n<h3><strong>Plus de s\u00e9curit\u00e9.<\/strong><\/h3>\r\n<p class=\"txt2\">Le volet de s\u00e9curit\u00e9 au niveau de l\u2019ouverture emp\u00eache les doigts, cravates ou autres objets d\u2019entrer en contact avec les cylindres de coupe.<\/p>\r\n<\/td>\r\n<\/tr>\r\n<tr style=\"height: 24px;\">\r\n<td style=\"width: 100%; background-color: #ffffff; height: 24px;\">\r\n<h3><strong>EASY-SWITCH.<\/strong><\/h3>\r\n<p class=\"txt2\">Utilisation intuitive: commande EASY-SWITCH avec \u00adguidage de l\u2019utilisateur gr\u00e2ce \u00e0 des codes couleurs et des symboles \u00adlumineux<\/p>\r\n<\/td>\r\n<\/tr>\r\n<tr style=\"height: 24px;\">\r\n<td style=\"width: 100%; background-color: #ffffff; height: 24px;\">\r\n<h3><strong>SSC \u2013 smart shred control.<\/strong><\/h3>\r\n<p class=\"txt2\">D\u00e9truire est un plaisir : le syst\u00e8me SSC indique la capacit\u00e9 utilis\u00e9e lors de la destruction. Si le smiley s\u2018allume en vert, tout est en ordre. Lorsque le smiley clignote en rouge, le destructeur a atteint les limites de sa capacit\u00e9.<\/p>\r\n<\/td>\r\n<\/tr>\r\n<tr style=\"height: 24px;\">\r\n<td style=\"width: 100%; background-color: #ffffff; height: 24px;\">\r\n<h3><strong>R\u00c9CEPTACLE FAVORABLE<\/strong><\/h3>\r\n<p class=\"txt2\">Le destructeur de documents est \u00e9quip\u00e9 d\u2019un r\u00e9ceptacle l\u00e9ger, qui peut \u00eatre utilis\u00e9 avec ou sans sacs plastiques jetables.<\/p>\r\n<\/td>\r\n<\/tr>\r\n<tr style=\"height: 24px;\">\r\n<td style=\"width: 100%; background-color: #ffffff; height: 24px;\">\r\n<h3><strong>Fonctions automatiques.<\/strong><\/h3>\r\n<p class=\"txt2\">Test\u00e9e et fiable: commande \u00e9lectronique pour les diff\u00e9rentes fonctions automatiques et le mode \u00e9conomie d\u2018\u00e9nergie.<\/p>\r\n<\/td>\r\n<\/tr>\r\n<tr style=\"height: 24px;\">\r\n<td style=\"width: 100%; background-color: #ffffff; height: 24px;\">\r\n<div class=\"dig-pub--text\">\r\n<h3 class=\"digital-publishing-fluid-text-76\">L&#8217;arbre couteau.<\/h3>\r\n<\/div>\r\n<div class=\"dig-pub--text\">\r\n<p class=\"digital-publishing-fluid-text-77\">Depuis plus de 60 ans, un objectif d\u00e9clar\u00e9 de Krug &amp; Priester est la production de machines d\u2019un haut niveau de qualit\u00e9 et de long\u00e9vit\u00e9. Convaincus de ce haut niveau de qualit\u00e9 des couteaux en acier tremp\u00e9 sp\u00e9cial qui sont les pi\u00e8ces les plus sollicit\u00e9es des destructeurs, nous avons appliqu\u00e9 une garantie \u00e0 vie sur la casse de ces couteaux.<\/p>\r\n\r\n<\/div><\/td>\r\n<\/tr>\r\n<tr style=\"height: 24px;\">\r\n<td style=\"width: 100%; background-color: #ffffff; height: 24px;\">\r\n<div class=\"emotion--element col-1 row-1 start-col-1 start-row-1 col-xs-12 start-col-xs-1 row-xs-2 start-row-xs-134 col-s-12 start-col-s-1 row-s-2 start-row-s-134 col-m-12 start-col-m-1 row-m-2 start-row-m-134 col-l-3 start-col-l-1 row-l-3 start-row-l-104 col-xl-3 start-col-xl-1 row-xl-3 start-row-xl-104\">\r\n<div class=\"emotion--html\">\r\n<div class=\"html--content\">\r\n<p class=\"txt2\"><strong>Dimensions<\/strong>\r\n<strong>Poids<\/strong><\/p>\r\n\r\n<\/div>\r\n<\/div>\r\n<\/div>\r\n<div class=\"emotion--element col-1 row-1 start-col-1 start-row-1 col-xs-6 start-col-xs-1 row-xs-3 start-row-xs-136 col-s-6 start-col-s-1 row-s-3 start-row-s-136 col-m-6 start-col-m-1 row-m-3 start-row-m-136 col-l-3 start-col-l-4 row-l-4 start-row-l-104 col-xl-3 start-col-xl-4 row-xl-4 start-row-xl-104\">\r\n<div class=\"emotion--html\">\r\n<div class=\"html--content\">\r\n<p class=\"txt3\">2445\r\nHauteur: 635 mm\r\nLargeur: 395 mm\r\nProfondeur: 291 mm\r\nPoids: 21 kg<\/p>\r\n\r\n<\/div>\r\n<\/div>\r\n<\/div><\/td>\r\n<\/tr>\r\n<tr style=\"height: 24px;\">\r\n<td style=\"width: 100%; background-color: #ffffff; height: 24px;\">\r\n<div class=\"emotion--element col-1 row-1 start-col-1 start-row-1 col-xs-12 start-col-xs-1 row-xs-2 start-row-xs-140 col-s-12 start-col-s-1 row-s-2 start-row-s-140 col-m-12 start-col-m-1 row-m-2 start-row-m-140 col-l-3 start-col-l-1 row-l-2 start-row-l-115 col-xl-3 start-col-xl-1 row-xl-2 start-row-xl-115\">\r\n<div class=\"emotion--html\">\r\n<div class=\"html--content\">\r\n<p class=\"txt2\"><strong>Largeur de coupe<\/strong>\r\n<strong>Niveau de s\u00e9curit\u00e9<\/strong><\/p>\r\n\r\n<\/div>\r\n<\/div>\r\n<\/div>\r\n<div class=\"emotion--element col-1 row-1 start-col-1 start-row-1 col-xs-6 start-col-xs-1 row-xs-2 start-row-xs-142 col-s-6 start-col-s-1 row-s-2 start-row-s-142 col-m-6 start-col-m-1 row-m-2 start-row-m-142 col-l-3 start-col-l-4 row-l-3 start-row-l-115 col-xl-3 start-col-xl-4 row-xl-3 start-row-xl-115\">\r\n<div class=\"emotion--html\">\r\n<div class=\"html--content\">\r\n<p class=\"txt3\">2445 4 mm\r\ncoupe fibres\r\nP-2<\/p>\r\n\r\n<\/div>\r\n<\/div>\r\n<\/div>\r\n<div class=\"emotion--element col-1 row-1 start-col-1 start-row-1 col-xs-6 start-col-xs-7 row-xs-2 start-row-xs-142 col-s-6 start-col-s-7 row-s-2 start-row-s-142 col-m-6 start-col-m-7 row-m-2 start-row-m-142 col-l-3 start-col-l-7 row-l-3 start-row-l-115 col-xl-3 start-col-xl-7 row-xl-3 start-row-xl-115\">\r\n<div class=\"emotion--html\">\r\n<div class=\"html--content\">\r\n<p class=\"txt3\">2445 CC 4 x 40 mm\r\ncoupe crois\u00e9e\r\nP-4<\/p>\r\n\r\n<\/div>\r\n<\/div>\r\n<\/div>\r\n<div class=\"emotion--element col-1 row-1 start-col-1 start-row-1 col-xs-6 start-col-xs-1 row-xs-2 start-row-xs-144 col-s-6 start-col-s-1 row-s-2 start-row-s-144 col-m-6 start-col-m-1 row-m-2 start-row-m-144 col-l-3 start-col-l-10 row-l-3 start-row-l-115 col-xl-3 start-col-xl-10 row-xl-3 start-row-xl-115\">\r\n<div class=\"emotion--html\">\r\n<div class=\"html--content\">\r\n<p class=\"txt3\">2445 CC 2 x 15 mm\r\ncoupe crois\u00e9e\r\nP-5<\/p>\r\n\r\n<div class=\"emotion--element col-1 row-1 start-col-1 start-row-1 col-xs-6 start-col-xs-7 row-xs-2 start-row-xs-144 col-s-6 start-col-s-7 row-s-2 start-row-s-144 col-m-6 start-col-m-7 row-m-2 start-row-m-144 col-l-3 start-col-l-4 row-l-3 start-row-l-118 col-xl-3 start-col-xl-4 row-xl-3 start-row-xl-118\">\r\n<div class=\"emotion--html\">\r\n<div class=\"html--content\">\r\n<p class=\"txt3\">2445 MC 0,8 x 12 mm\r\ncoupe micro\r\nP-6<\/p>\r\n\r\n<\/div>\r\n<\/div>\r\n<\/div>\r\n<div class=\"emotion--element col-1 row-1 start-col-1 start-row-1 col-xs-6 start-col-xs-1 row-xs-2 start-row-xs-146 col-s-6 start-col-s-1 row-s-2 start-row-s-146 col-m-6 start-col-m-1 row-m-2 start-row-m-146 col-l-3 start-col-l-7 row-l-3 start-row-l-118 col-xl-3 start-col-xl-7 row-xl-3 start-row-xl-118\">\r\n<div class=\"emotion--html\">\r\n<div class=\"html--content\">\r\n<p class=\"txt3\">2445 SMC 0,8 x 5 mm\r\nsuper micro coupe\r\nP-7<\/p>\r\n\r\n<\/div>\r\n<\/div>\r\n<\/div>\r\n<\/div>\r\n<\/div>\r\n<\/div><\/td>\r\n<\/tr>\r\n<tr style=\"height: 24px;\">\r\n<td style=\"width: 100%; background-color: #ffffff; height: 24px;\">\r\n<div class=\"emotion--element col-1 row-1 start-col-1 start-row-1 col-xs-9 start-col-xs-1 row-xs-1 start-row-xs-151 col-s-9 start-col-s-1 row-s-1 start-row-s-151 col-m-9 start-col-m-1 row-m-1 start-row-m-151 col-l-3 start-col-l-1 row-l-2 start-row-l-123 col-xl-3 start-col-xl-1 row-xl-2 start-row-xl-123\">\r\n<div class=\"emotion--html\">\r\n<div class=\"html--content\">\r\n<p class=\"txt2\"><strong>Capacit\u00e9 en feuilles<\/strong><\/p>\r\n\r\n<\/div>\r\n<\/div>\r\n<\/div>\r\n<div class=\"emotion--element col-1 row-1 start-col-1 start-row-1 col-xs-6 start-col-xs-1 row-xs-4 start-row-xs-152 col-s-6 start-col-s-1 row-s-4 start-row-s-152 col-m-6 start-col-m-1 row-m-4 start-row-m-152 col-l-3 start-col-l-4 row-l-4 start-row-l-123 col-xl-3 start-col-xl-4 row-xl-4 start-row-xl-123\">\r\n<div class=\"emotion--html\">\r\n<div class=\"html--content\">\r\n<p class=\"txt3\">2445 4 mm\r\n19-21\u00a0 (70 g\/m\u00b2)\r\n16-18\u00a0 (80 g\/m\u00b2)\r\nAccepte \u00e9galement:\r\n<img src=\"https:\/\/www.ideal.de\/media\/image\/e7\/fd\/1e\/bueroklammer.png\" alt=\"bueroklammer\" \/>\u00a0<img src=\"https:\/\/www.ideal.de\/media\/image\/25\/5b\/cf\/kreditkarte.png\" alt=\"kreditkarte\" \/><\/p>\r\n\r\n<\/div>\r\n<\/div>\r\n<\/div>\r\n<div class=\"emotion--element col-1 row-1 start-col-1 start-row-1 col-xs-6 start-col-xs-7 row-xs-4 start-row-xs-152 col-s-6 start-col-s-7 row-s-4 start-row-s-152 col-m-6 start-col-m-7 row-m-4 start-row-m-152 col-l-3 start-col-l-7 row-l-4 start-row-l-123 col-xl-3 start-col-xl-7 row-xl-4 start-row-xl-123\">\r\n<div class=\"emotion--html\">\r\n<div class=\"html--content\">\r\n<p class=\"txt3\">2445 CC 4 x 40 mm\r\n13-15\u00a0 (70 g\/m\u00b2)\r\n11-13\u00a0 (80 g\/m\u00b2)\r\nAccepte \u00e9galement :\r\n<img src=\"https:\/\/www.ideal.de\/media\/image\/e7\/fd\/1e\/bueroklammer.png\" alt=\"bueroklammer\" \/>\u00a0<img src=\"https:\/\/www.ideal.de\/media\/image\/25\/5b\/cf\/kreditkarte.png\" alt=\"kreditkarte\" \/><\/p>\r\n\r\n<\/div>\r\n<\/div>\r\n<\/div>\r\n<div class=\"emotion--element col-1 row-1 start-col-1 start-row-1 col-xs-6 start-col-xs-1 row-xs-4 start-row-xs-156 col-s-6 start-col-s-1 row-s-4 start-row-s-156 col-m-6 start-col-m-1 row-m-4 start-row-m-156 col-l-3 start-col-l-10 row-l-4 start-row-l-123 col-xl-3 start-col-xl-10 row-xl-4 start-row-xl-123\">\r\n<div class=\"emotion--html\">\r\n<div class=\"html--content\">\r\n<p class=\"txt3\">2445 CC 2 x 15 mm\r\n10-12\u00a0 (70 g\/m\u00b2)\r\n8-10\u00a0 (80 g\/m\u00b2)\r\nAccepte \u00e9galement :\r\n<img src=\"https:\/\/www.ideal.de\/media\/image\/e7\/fd\/1e\/bueroklammer.png\" alt=\"bueroklammer\" \/>\u00a0<img src=\"https:\/\/www.ideal.de\/media\/image\/25\/5b\/cf\/kreditkarte.png\" alt=\"kreditkarte\" \/><\/p>\r\n\r\n<div class=\"emotion--element col-1 row-1 start-col-1 start-row-1 col-xs-6 start-col-xs-7 row-xs-4 start-row-xs-156 col-s-6 start-col-s-7 row-s-4 start-row-s-156 col-m-6 start-col-m-7 row-m-4 start-row-m-156 col-l-3 start-col-l-4 row-l-4 start-row-l-127 col-xl-3 start-col-xl-4 row-xl-4 start-row-xl-127\">\r\n<div class=\"emotion--html\">\r\n<div class=\"html--content\">\r\n<p class=\"txt3\">2445 MC 0,8 x 12 mm\r\n4-6\u00a0 (70 g\/m\u00b2)\r\n3-5\u00a0 (80 g\/m\u00b2)<\/p>\r\n\r\n<\/div>\r\n<\/div>\r\n<\/div>\r\n<div class=\"emotion--element col-1 row-1 start-col-1 start-row-1 col-xs-6 start-col-xs-1 row-xs-4 start-row-xs-160 col-s-6 start-col-s-1 row-s-4 start-row-s-160 col-m-6 start-col-m-1 row-m-4 start-row-m-160 col-l-3 start-col-l-7 row-l-4 start-row-l-127 col-xl-3 start-col-xl-7 row-xl-4 start-row-xl-127\">\r\n<div class=\"emotion--html\">\r\n<div class=\"html--content\">\r\n<p class=\"txt3\">2445 SMC 0,8 x 5 mm\r\n4-5\u00a0 (70 g\/m\u00b2)\r\n3-4\u00a0 (80 g\/m\u00b2)<\/p>\r\n\r\n<\/div>\r\n<\/div>\r\n<\/div>\r\n<\/div>\r\n<\/div>\r\n<\/div><\/td>\r\n<\/tr>\r\n<tr style=\"height: 24px;\">\r\n<td style=\"width: 100%; background-color: #ffffff; height: 24px;\"><\/td>\r\n<\/tr>\r\n<\/tbody>\r\n<\/table>\n<br \/>","protected":false},"excerpt":{"rendered":"<p>Destructeur de papier id\u00e9al 2445, facile \u00e0 utiliser et puissant destructeur de papier de bureau.<\/p>\n","protected":false},"featured_media":7808,"comment_status":"open","ping_status":"closed","template":"","meta":[],"product_cat":[2300,2301,4131],"product_tag":[4135,4136,4137,4138,4139,4140,4141,4142,4143,4144,2744,4132,4133,4134],"yoast_head":"<!-- This site is optimized with the Yoast SEO plugin v18.6 - https:\/\/yoast.com\/wordpress\/plugins\/seo\/ -->\n<title>Destructeur individuel IDEAL 2445 - Albyco<\/title>\n<meta name=\"description\" content=\"Destructeur de papier id\u00e9al 2445, facile \u00e0 utiliser et puissant destructeur de papier de bureau.\" \/>\n<meta name=\"robots\" content=\"index, follow, max-snippet:-1, max-image-preview:large, max-video-preview:-1\" \/>\n<link rel=\"canonical\" href=\"https:\/\/www.albyco.com\/fr\/produit\/ideal-2445-papierversnipperaar\/\" \/>\n<meta property=\"og:locale\" content=\"fr_FR\" \/>\n<meta property=\"og:type\" content=\"article\" \/>\n<meta property=\"og:title\" content=\"Destructeur individuel IDEAL 2445 - Albyco\" \/>\n<meta property=\"og:description\" content=\"Destructeur de papier id\u00e9al 2445, facile \u00e0 utiliser et puissant destructeur de papier de bureau.\" \/>\n<meta property=\"og:url\" content=\"https:\/\/www.albyco.com\/fr\/produit\/ideal-2445-papierversnipperaar\/\" \/>\n<meta property=\"og:site_name\" content=\"Albyco\" \/>\n<meta property=\"og:image\" content=\"https:\/\/www.albyco.com\/wp-content\/uploads\/2017\/06\/ebaideal-ideal-2445-papierversnipperaar_IDEAL2445S3.jpg\" \/>\n\t<meta property=\"og:image:width\" content=\"614\" \/>\n\t<meta property=\"og:image:height\" content=\"963\" \/>\n\t<meta property=\"og:image:type\" content=\"image\/jpeg\" \/>\n<meta name=\"twitter:card\" content=\"summary\" \/>\n<meta name=\"twitter:site\" content=\"@AlbycoNederland\" \/>\n<meta name=\"twitter:label1\" content=\"Dur\u00e9e de lecture estim\u00e9e\" \/>\n\t<meta name=\"twitter:data1\" content=\"2 minutes\" \/>\n<script type=\"application\/ld+json\" class=\"yoast-schema-graph\">{\"@context\":\"https:\/\/schema.org\",\"@graph\":[{\"@type\":\"Organization\",\"@id\":\"https:\/\/www.albyco.com\/#organization\",\"name\":\"Albyco Nederland B.V.\",\"url\":\"https:\/\/www.albyco.com\/\",\"sameAs\":[\"https:\/\/www.linkedin.com\/company\/18015670\/\",\"https:\/\/www.youtube.com\/user\/AlbycoNederland\",\"https:\/\/nl.pinterest.com\/albyco\",\"https:\/\/twitter.com\/AlbycoNederland\"],\"logo\":{\"@type\":\"ImageObject\",\"@id\":\"https:\/\/www.albyco.com\/#logo\",\"inLanguage\":\"fr-FR\",\"url\":\"https:\/\/www.albyco.com\/wp-content\/uploads\/2017\/07\/albyco_logo_hd.png\",\"contentUrl\":\"https:\/\/www.albyco.com\/wp-content\/uploads\/2017\/07\/albyco_logo_hd.png\",\"width\":300,\"height\":300,\"caption\":\"Albyco Nederland B.V.\"},\"image\":{\"@id\":\"https:\/\/www.albyco.com\/#logo\"}},{\"@type\":\"WebSite\",\"@id\":\"https:\/\/www.albyco.com\/#website\",\"url\":\"https:\/\/www.albyco.com\/\",\"name\":\"Albyco\",\"description\":\"Leverancier voor nabewerking van geprinte media\",\"publisher\":{\"@id\":\"https:\/\/www.albyco.com\/#organization\"},\"potentialAction\":[{\"@type\":\"SearchAction\",\"target\":{\"@type\":\"EntryPoint\",\"urlTemplate\":\"https:\/\/www.albyco.com\/?s={search_term_string}\"},\"query-input\":\"required name=search_term_string\"}],\"inLanguage\":\"fr-FR\"},{\"@type\":\"ImageObject\",\"@id\":\"https:\/\/www.albyco.com\/fr\/produit\/ideal-2445-papierversnipperaar\/#primaryimage\",\"inLanguage\":\"fr-FR\",\"url\":\"https:\/\/www.albyco.com\/wp-content\/uploads\/2017\/06\/ebaideal-ideal-2445-papierversnipperaar_IDEAL2445S3.jpg\",\"contentUrl\":\"https:\/\/www.albyco.com\/wp-content\/uploads\/2017\/06\/ebaideal-ideal-2445-papierversnipperaar_IDEAL2445S3.jpg\",\"width\":614,\"height\":963,\"caption\":\"Destructeur individuel IDEAL 2445\"},{\"@type\":\"WebPage\",\"@id\":\"https:\/\/www.albyco.com\/fr\/produit\/ideal-2445-papierversnipperaar\/#webpage\",\"url\":\"https:\/\/www.albyco.com\/fr\/produit\/ideal-2445-papierversnipperaar\/\",\"name\":\"Destructeur individuel IDEAL 2445 - Albyco\",\"isPartOf\":{\"@id\":\"https:\/\/www.albyco.com\/#website\"},\"primaryImageOfPage\":{\"@id\":\"https:\/\/www.albyco.com\/fr\/produit\/ideal-2445-papierversnipperaar\/#primaryimage\"},\"datePublished\":\"2017-07-07T11:21:51+00:00\",\"dateModified\":\"2017-07-07T11:21:51+00:00\",\"description\":\"Destructeur de papier id\u00e9al 2445, facile \u00e0 utiliser et puissant destructeur de papier de bureau.\",\"breadcrumb\":{\"@id\":\"https:\/\/www.albyco.com\/fr\/produit\/ideal-2445-papierversnipperaar\/#breadcrumb\"},\"inLanguage\":\"fr-FR\",\"potentialAction\":[{\"@type\":\"ReadAction\",\"target\":[\"https:\/\/www.albyco.com\/fr\/produit\/ideal-2445-papierversnipperaar\/\"]}]},{\"@type\":\"BreadcrumbList\",\"@id\":\"https:\/\/www.albyco.com\/fr\/produit\/ideal-2445-papierversnipperaar\/#breadcrumb\",\"itemListElement\":[{\"@type\":\"ListItem\",\"position\":1,\"name\":\"Home\",\"item\":\"https:\/\/www.albyco.com\/fr\/\"},{\"@type\":\"ListItem\",\"position\":2,\"name\":\"Les produits\",\"item\":\"https:\/\/www.albyco.com\/fr\/producten\/\"},{\"@type\":\"ListItem\",\"position\":3,\"name\":\"Destructeur individuel IDEAL 2445\"}]}]}<\/script>\n<!-- \/ Yoast SEO plugin. -->","yoast_head_json":{"title":"Destructeur individuel IDEAL 2445 - Albyco","description":"Destructeur de papier id\u00e9al 2445, facile \u00e0 utiliser et puissant destructeur de papier de bureau.","robots":{"index":"index","follow":"follow","max-snippet":"max-snippet:-1","max-image-preview":"max-image-preview:large","max-video-preview":"max-video-preview:-1"},"canonical":"https:\/\/www.albyco.com\/fr\/produit\/ideal-2445-papierversnipperaar\/","og_locale":"fr_FR","og_type":"article","og_title":"Destructeur individuel IDEAL 2445 - Albyco","og_description":"Destructeur de papier id\u00e9al 2445, facile \u00e0 utiliser et puissant destructeur de papier de bureau.","og_url":"https:\/\/www.albyco.com\/fr\/produit\/ideal-2445-papierversnipperaar\/","og_site_name":"Albyco","og_image":[{"width":614,"height":963,"url":"https:\/\/www.albyco.com\/wp-content\/uploads\/2017\/06\/ebaideal-ideal-2445-papierversnipperaar_IDEAL2445S3.jpg","type":"image\/jpeg"}],"twitter_card":"summary","twitter_site":"@AlbycoNederland","twitter_misc":{"Dur\u00e9e de lecture estim\u00e9e":"2 minutes"},"schema":{"@context":"https:\/\/schema.org","@graph":[{"@type":"Organization","@id":"https:\/\/www.albyco.com\/#organization","name":"Albyco Nederland B.V.","url":"https:\/\/www.albyco.com\/","sameAs":["https:\/\/www.linkedin.com\/company\/18015670\/","https:\/\/www.youtube.com\/user\/AlbycoNederland","https:\/\/nl.pinterest.com\/albyco","https:\/\/twitter.com\/AlbycoNederland"],"logo":{"@type":"ImageObject","@id":"https:\/\/www.albyco.com\/#logo","inLanguage":"fr-FR","url":"https:\/\/www.albyco.com\/wp-content\/uploads\/2017\/07\/albyco_logo_hd.png","contentUrl":"https:\/\/www.albyco.com\/wp-content\/uploads\/2017\/07\/albyco_logo_hd.png","width":300,"height":300,"caption":"Albyco Nederland B.V."},"image":{"@id":"https:\/\/www.albyco.com\/#logo"}},{"@type":"WebSite","@id":"https:\/\/www.albyco.com\/#website","url":"https:\/\/www.albyco.com\/","name":"Albyco","description":"Leverancier voor nabewerking van geprinte media","publisher":{"@id":"https:\/\/www.albyco.com\/#organization"},"potentialAction":[{"@type":"SearchAction","target":{"@type":"EntryPoint","urlTemplate":"https:\/\/www.albyco.com\/?s={search_term_string}"},"query-input":"required name=search_term_string"}],"inLanguage":"fr-FR"},{"@type":"ImageObject","@id":"https:\/\/www.albyco.com\/fr\/produit\/ideal-2445-papierversnipperaar\/#primaryimage","inLanguage":"fr-FR","url":"https:\/\/www.albyco.com\/wp-content\/uploads\/2017\/06\/ebaideal-ideal-2445-papierversnipperaar_IDEAL2445S3.jpg","contentUrl":"https:\/\/www.albyco.com\/wp-content\/uploads\/2017\/06\/ebaideal-ideal-2445-papierversnipperaar_IDEAL2445S3.jpg","width":614,"height":963,"caption":"Destructeur individuel IDEAL 2445"},{"@type":"WebPage","@id":"https:\/\/www.albyco.com\/fr\/produit\/ideal-2445-papierversnipperaar\/#webpage","url":"https:\/\/www.albyco.com\/fr\/produit\/ideal-2445-papierversnipperaar\/","name":"Destructeur individuel IDEAL 2445 - Albyco","isPartOf":{"@id":"https:\/\/www.albyco.com\/#website"},"primaryImageOfPage":{"@id":"https:\/\/www.albyco.com\/fr\/produit\/ideal-2445-papierversnipperaar\/#primaryimage"},"datePublished":"2017-07-07T11:21:51+00:00","dateModified":"2017-07-07T11:21:51+00:00","description":"Destructeur de papier id\u00e9al 2445, facile \u00e0 utiliser et puissant destructeur de papier de bureau.","breadcrumb":{"@id":"https:\/\/www.albyco.com\/fr\/produit\/ideal-2445-papierversnipperaar\/#breadcrumb"},"inLanguage":"fr-FR","potentialAction":[{"@type":"ReadAction","target":["https:\/\/www.albyco.com\/fr\/produit\/ideal-2445-papierversnipperaar\/"]}]},{"@type":"BreadcrumbList","@id":"https:\/\/www.albyco.com\/fr\/produit\/ideal-2445-papierversnipperaar\/#breadcrumb","itemListElement":[{"@type":"ListItem","position":1,"name":"Home","item":"https:\/\/www.albyco.com\/fr\/"},{"@type":"ListItem","position":2,"name":"Les produits","item":"https:\/\/www.albyco.com\/fr\/producten\/"},{"@type":"ListItem","position":3,"name":"Destructeur individuel IDEAL 2445"}]}]}},"_links":{"self":[{"href":"https:\/\/www.albyco.com\/fr\/wp-json\/wp\/v2\/product\/33743"}],"collection":[{"href":"https:\/\/www.albyco.com\/fr\/wp-json\/wp\/v2\/product"}],"about":[{"href":"https:\/\/www.albyco.com\/fr\/wp-json\/wp\/v2\/types\/product"}],"replies":[{"embeddable":true,"href":"https:\/\/www.albyco.com\/fr\/wp-json\/wp\/v2\/comments?post=33743"}],"wp:featuredmedia":[{"embeddable":true,"href":"https:\/\/www.albyco.com\/fr\/wp-json\/wp\/v2\/media\/7808"}],"wp:attachment":[{"href":"https:\/\/www.albyco.com\/fr\/wp-json\/wp\/v2\/media?parent=33743"}],"wp:term":[{"taxonomy":"product_cat","embeddable":true,"href":"https:\/\/www.albyco.com\/fr\/wp-json\/wp\/v2\/product_cat?post=33743"},{"taxonomy":"product_tag","embeddable":true,"href":"https:\/\/www.albyco.com\/fr\/wp-json\/wp\/v2\/product_tag?post=33743"}],"curies":[{"name":"wp","href":"https:\/\/api.w.org\/{rel}","templated":true}]}}