{"id":33707,"date":"2018-08-21T15:32:16","date_gmt":"2018-08-21T13:32:16","guid":{"rendered":"https:\/\/www.albyco.com\/product\/maasicot-hydraulique-ideal-7260\/"},"modified":"2022-02-09T14:03:22","modified_gmt":"2022-02-09T13:03:22","slug":"maasicot-hydraulique-ideal-7260","status":"publish","type":"product","link":"https:\/\/www.albyco.com\/fr\/produit\/maasicot-hydraulique-ideal-7260\/","title":{"rendered":"Massicot hydraulique Ideal 7260"},"content":{"rendered":"<table style=\"width: 100%; border-collapse: collapse;\" border=\"0\">\r\n<tbody>\r\n<tr>\r\n<td style=\"width: 50%; background-color: #ffffff;\">Un massicot industriel aux \u00e9quipements complets, pour une longueur de coupe de 720 mm et une \u00e9paiseur de coupe de 80 mm (1000 feuilles 70g).<\/td>\r\n<td style=\"width: 50%; background-color: #ffffff; text-align: right;\"><div class=\"epyt-video-wrapper\"><iframe  id=\"_ytid_27694\"  width=\"800\" height=\"450\"  data-origwidth=\"800\" data-origheight=\"450\"  data-relstop=\"1\" src=\"https:\/\/www.youtube.com\/embed\/2aOA5mQplW8?enablejsapi=1&autoplay=0&cc_load_policy=0&iv_load_policy=1&loop=0&modestbranding=0&fs=1&playsinline=1&controls=1&color=red&cc_lang_pref=&rel=0&autohide=2&theme=dark&\" class=\"__youtube_prefs__  no-lazyload\" title=\"YouTube player\"  allow=\"accelerometer; autoplay; clipboard-write; encrypted-media; gyroscope; picture-in-picture\" allowfullscreen data-no-lazy=\"1\" data-skipgform_ajax_framebjll=\"\"><\/iframe><\/div><\/td>\r\n<\/tr>\r\n<tr>\r\n<td style=\"width: 50%; background-color: #ffffff;\" colspan=\"2\">\n\nLe massicot Ideal 7260 est un massicot professionnel disposant d&#8217;une presse hydraulique.\r\n\r\nUn large \u00e9cran de commande \u00e9lectronique permet de r\u00e9gler avec une grande pr\u00e9cision et facilit\u00e9 le d\u00e9placement de la but\u00e9e arri\u00e8re. Ce m\u00eame \u00e9cran vous permet de la m\u00e9morisation de 99 programmes.<\/td>\r\n<\/tr>\r\n<tr>\r\n<td style=\"width: 50%; background-color: #ffffff;\" colspan=\"2\">Le massicot dispose de tables soufflantes \u00e0 l&#8217;avant et \u00e0 l&#8217;arri\u00e8re pour faciliter le d\u00e9placement de vos piles de documents.<\/td>\r\n<\/tr>\r\n<tr>\r\n<td style=\"width: 50%; background-color: #ffffff;\" colspan=\"2\">Comme tous les massicots Ideal, ce mod\u00e8le b\u00e9n\u00e9ficie de nombreux dispositifs de s\u00e9curit\u00e9 S.C.S. (Syst\u00e8me de Coupe S\u00e9curis\u00e9) :<\/td>\r\n<\/tr>\r\n<tr>\r\n<td style=\"width: 50%; background-color: #ffffff;\">\r\n<table style=\"width: 100%; border-collapse: collapse;\" border=\"0\">\r\n<tbody>\r\n<tr>\r\n<td style=\"width: 100%; background-color: #ffffff;\">&#8211; Cellules photo\u00e9lectriques \u00e0 l&#8217;avant pour la d\u00e9tection de toute pr\u00e9sence<\/td>\r\n<\/tr>\r\n<tr>\r\n<td style=\"width: 100%; background-color: #ffffff;\">&#8211; Interrupteur principal cadenassable et contacteur \u00e0 cl\u00e9<\/td>\r\n<\/tr>\r\n<tr>\r\n<td style=\"width: 100%; background-color: #ffffff;\">&#8211; Dispositifs s\u00e9curis\u00e9s pour le changement de la lame et de la r\u00e9glette<\/td>\r\n<\/tr>\r\n<tr>\r\n<td style=\"width: 100%; background-color: #ffffff;\">&#8211; Commande bi-manuelle temporis\u00e9e anti-r\u00e9p\u00e9titive avec d\u00e9clenchement s\u00e9par\u00e9 pour la descente de la lame et de la presse&#8230;<\/td>\r\n<\/tr>\r\n<\/tbody>\r\n<\/table>\r\n<\/td>\r\n<td style=\"width: 50%; background-color: #ffffff;\"><\/td>\r\n<\/tr>\r\n<tr>\r\n<td style=\"width: 50%; background-color: #ffffff;\">Autres particularit\u00e9s :<\/td>\r\n<td style=\"width: 50%; background-color: #ffffff;\"><\/td>\r\n<\/tr>\r\n<tr>\r\n<td style=\"width: 50%; background-color: #ffffff;\" colspan=\"2\">&#8211; Pression automatique par r\u00e9glage progressif<\/td>\r\n<\/tr>\r\n<tr>\r\n<td style=\"width: 50%; background-color: #ffffff;\">&#8211; Mat\u00e9rialisation optique de la ligne de coupe par LED<\/td>\r\n<td style=\"width: 50%; background-color: #ffffff;\"><\/td>\r\n<\/tr>\r\n<tr>\r\n<td style=\"width: 50%; background-color: #ffffff;\" colspan=\"2\">&#8211; Presse hydraulique et entra\u00eenement \u00e9lectro-m\u00e9canique de la lame<\/td>\r\n<\/tr>\r\n<tr>\r\n<td style=\"width: 50%; background-color: #ffffff;\" colspan=\"2\">&#8211; Affichage digital des dimensions en mm\/pouces<\/td>\r\n<\/tr>\r\n<tr>\r\n<td style=\"width: 50%; background-color: #ffffff;\" colspan=\"2\">&#8211; Platine de presse de s\u00e9rie<\/td>\r\n<\/tr>\r\n<tr>\r\n<td style=\"width: 50%; background-color: #ffffff;\" colspan=\"2\">&#8211; Descente de presse au pied pour le rep\u00e9rage ou le maintien des piles de documents avant la coupe<\/td>\r\n<\/tr>\r\n<tr>\r\n<td style=\"width: 50%; background-color: #ffffff;\" colspan=\"2\">&#8211; Lame de qualit\u00e9 sup\u00e9rieure en acier HSS<\/td>\r\n<\/tr>\r\n<tr>\r\n<td style=\"width: 50%; background-color: #ffffff;\" colspan=\"2\">&#8211; Porte lame tout en acier avec glissi\u00e8res r\u00e9glables<\/td>\r\n<\/tr>\r\n<tr>\r\n<td style=\"width: 50%; background-color: #ffffff;\" colspan=\"2\">&#8211; Entrainement \u00e9lectro-m\u00e9canique de la lame et de la presse<\/td>\r\n<\/tr>\r\n<tr>\r\n<td style=\"width: 50%; background-color: #ffffff;\" colspan=\"2\">&#8211; Porte lame tout en acier avec glissi\u00e8res r\u00e9glables<\/td>\r\n<\/tr>\r\n<tr>\r\n<td style=\"width: 50%; background-color: #ffffff;\" colspan=\"2\">&#8211; Pr\u00e9cision de coupe de l&#8217;appareil : 1\/10 mm<\/td>\r\n<\/tr>\r\n<tr>\r\n<td style=\"width: 50%; background-color: #ffffff;\" colspan=\"2\">Ce massicot est livr\u00e9 avec une version de d\u00e9monstration de 21 jour du logiciel VisionCut qui permet :<\/td>\r\n<\/tr>\r\n<tr>\r\n<td style=\"width: 50%; background-color: #ffffff;\" colspan=\"2\">&#8211; de visualiser sur votre ordinateur chaque \u00e9tape de vos processus de coupe<\/td>\r\n<\/tr>\r\n<tr>\r\n<td style=\"width: 50%; background-color: #ffffff;\" colspan=\"2\">&#8211; d&#8217;optimiser la programmation et l&#8217;archivage de vos travaux<\/td>\r\n<\/tr>\r\n<tr>\r\n<td style=\"width: 50%; background-color: #ffffff;\" colspan=\"2\">&#8211; d&#8217;obtenir un rendement optimal gr\u00e2ce \u00e0 ses diff\u00e9rents modes de fonctionnement (offline ou online).<\/td>\r\n<\/tr>\r\n<tr class=\"bgGray\">\r\n<td class=\"boldTd\" style=\"width: 50%;\">Longueur de coupe<\/td>\r\n<td style=\"width: 50%;\">720 mm<\/td>\r\n<\/tr>\r\n<tr>\r\n<td class=\"boldTd\" style=\"width: 50%;\">Capacit\u00e9 de coupe maximale<\/td>\r\n<td style=\"width: 50%;\">80 mm<\/td>\r\n<\/tr>\r\n<tr class=\"bgGray\">\r\n<td class=\"boldTd\" style=\"width: 50%;\">Capacit\u00e9 de coupe maximale avec platine de presse<\/td>\r\n<td style=\"width: 50%;\">78 mm<\/td>\r\n<\/tr>\r\n<tr>\r\n<td class=\"boldTd\" style=\"width: 50%;\">Coupe minimale<\/td>\r\n<td style=\"width: 50%;\">20 mm<\/td>\r\n<\/tr>\r\n<tr class=\"bgGray\">\r\n<td class=\"boldTd\" style=\"width: 50%;\">Coupe minimale avec platine de presse<\/td>\r\n<td style=\"width: 50%;\">90 mm<\/td>\r\n<\/tr>\r\n<tr>\r\n<td class=\"boldTd\" style=\"width: 50%;\">Profondeur de table<\/td>\r\n<td style=\"width: 50%;\">720 mm<\/td>\r\n<\/tr>\r\n<tr class=\"bgGray\">\r\n<td class=\"boldTd\" style=\"width: 50%;\">Alimentation<\/td>\r\n<td style=\"width: 50%;\">400 Volt \/ 50 Hz<\/td>\r\n<\/tr>\r\n<tr>\r\n<td class=\"boldTd\" style=\"width: 50%;\">Puissance du moteur (consommation)<\/td>\r\n<td style=\"width: 50%;\">1,5 kW<\/td>\r\n<\/tr>\r\n<tr class=\"bgGray\">\r\n<td class=\"boldTd\" style=\"width: 50%;\">Dimensions<\/td>\r\n<td style=\"width: 50%;\">H 1335 x L 1305 x P 1540 mm<\/td>\r\n<\/tr>\r\n<tr>\r\n<td class=\"boldTd\" style=\"width: 50%;\">Poids<\/td>\r\n<td style=\"width: 50%;\">620 kg<\/td>\r\n<\/tr>\r\n<tr class=\"bgGray\">\r\n<td class=\"boldTd\" style=\"width: 50%;\">Coloris<\/td>\r\n<td style=\"width: 50%;\">gris clair.<\/td>\r\n<\/tr>\r\n<\/tbody>\r\n<\/table>\r\n&nbsp;","protected":false},"excerpt":{"rendered":"<p>Un massicot industriel aux \u00e9quipements complets, pour une longueur de coupe de 720 mm et une \u00e9paiseur de coupe de 80 mm<\/p>\n","protected":false},"featured_media":7979,"comment_status":"open","ping_status":"closed","template":"","meta":[],"product_cat":[2300,2301,2302,4124],"product_tag":[2425,2306,2743,2307,2308,4123,2309],"yoast_head":"<!-- This site is optimized with the Yoast SEO plugin v18.6 - https:\/\/yoast.com\/wordpress\/plugins\/seo\/ -->\n<title>Massicot hydraulique Ideal 7260<\/title>\n<meta name=\"description\" content=\"Un massicot industriel aux \u00e9quipements complets, pour une longueur de coupe de 720 mm et une \u00e9paiseur de coupe de 80 mm\" \/>\n<meta name=\"robots\" content=\"index, follow, max-snippet:-1, max-image-preview:large, max-video-preview:-1\" \/>\n<link rel=\"canonical\" href=\"https:\/\/www.albyco.com\/fr\/produit\/maasicot-hydraulique-ideal-7260\/\" \/>\n<meta property=\"og:locale\" content=\"fr_FR\" \/>\n<meta property=\"og:type\" content=\"article\" \/>\n<meta property=\"og:title\" content=\"Massicot hydraulique Ideal 7260\" \/>\n<meta property=\"og:description\" content=\"Un massicot industriel aux \u00e9quipements complets, pour une longueur de coupe de 720 mm et une \u00e9paiseur de coupe de 80 mm\" \/>\n<meta property=\"og:url\" content=\"https:\/\/www.albyco.com\/fr\/produit\/maasicot-hydraulique-ideal-7260\/\" \/>\n<meta property=\"og:site_name\" content=\"Albyco\" \/>\n<meta property=\"article:modified_time\" content=\"2022-02-09T13:03:22+00:00\" \/>\n<meta property=\"og:image\" content=\"https:\/\/www.albyco.com\/wp-content\/uploads\/2017\/06\/ebaideal-ebaideal-7260-hydraulische-stapelsnijmachine_IDEAL7260LT.jpg\" \/>\n\t<meta property=\"og:image:width\" content=\"540\" \/>\n\t<meta property=\"og:image:height\" content=\"530\" \/>\n\t<meta property=\"og:image:type\" content=\"image\/jpeg\" \/>\n<meta name=\"twitter:card\" content=\"summary\" \/>\n<meta name=\"twitter:site\" content=\"@AlbycoNederland\" \/>\n<meta name=\"twitter:label1\" content=\"Dur\u00e9e de lecture estim\u00e9e\" \/>\n\t<meta name=\"twitter:data1\" content=\"2 minutes\" \/>\n<script type=\"application\/ld+json\" class=\"yoast-schema-graph\">{\"@context\":\"https:\/\/schema.org\",\"@graph\":[{\"@type\":\"Organization\",\"@id\":\"https:\/\/www.albyco.com\/#organization\",\"name\":\"Albyco Nederland B.V.\",\"url\":\"https:\/\/www.albyco.com\/\",\"sameAs\":[\"https:\/\/www.linkedin.com\/company\/18015670\/\",\"https:\/\/www.youtube.com\/user\/AlbycoNederland\",\"https:\/\/nl.pinterest.com\/albyco\",\"https:\/\/twitter.com\/AlbycoNederland\"],\"logo\":{\"@type\":\"ImageObject\",\"@id\":\"https:\/\/www.albyco.com\/#logo\",\"inLanguage\":\"fr-FR\",\"url\":\"https:\/\/www.albyco.com\/wp-content\/uploads\/2017\/07\/albyco_logo_hd.png\",\"contentUrl\":\"https:\/\/www.albyco.com\/wp-content\/uploads\/2017\/07\/albyco_logo_hd.png\",\"width\":300,\"height\":300,\"caption\":\"Albyco Nederland B.V.\"},\"image\":{\"@id\":\"https:\/\/www.albyco.com\/#logo\"}},{\"@type\":\"WebSite\",\"@id\":\"https:\/\/www.albyco.com\/#website\",\"url\":\"https:\/\/www.albyco.com\/\",\"name\":\"Albyco\",\"description\":\"Leverancier voor nabewerking van geprinte media\",\"publisher\":{\"@id\":\"https:\/\/www.albyco.com\/#organization\"},\"potentialAction\":[{\"@type\":\"SearchAction\",\"target\":{\"@type\":\"EntryPoint\",\"urlTemplate\":\"https:\/\/www.albyco.com\/?s={search_term_string}\"},\"query-input\":\"required name=search_term_string\"}],\"inLanguage\":\"fr-FR\"},{\"@type\":\"ImageObject\",\"@id\":\"https:\/\/www.albyco.com\/fr\/produit\/maasicot-hydraulique-ideal-7260\/#primaryimage\",\"inLanguage\":\"fr-FR\",\"url\":\"https:\/\/www.albyco.com\/wp-content\/uploads\/2017\/06\/ebaideal-ebaideal-7260-hydraulische-stapelsnijmachine_IDEAL7260LT.jpg\",\"contentUrl\":\"https:\/\/www.albyco.com\/wp-content\/uploads\/2017\/06\/ebaideal-ebaideal-7260-hydraulische-stapelsnijmachine_IDEAL7260LT.jpg\",\"width\":540,\"height\":530,\"caption\":\"Massicot hydraulique Ideal 7260\"},{\"@type\":\"WebPage\",\"@id\":\"https:\/\/www.albyco.com\/fr\/produit\/maasicot-hydraulique-ideal-7260\/#webpage\",\"url\":\"https:\/\/www.albyco.com\/fr\/produit\/maasicot-hydraulique-ideal-7260\/\",\"name\":\"Massicot hydraulique Ideal 7260\",\"isPartOf\":{\"@id\":\"https:\/\/www.albyco.com\/#website\"},\"primaryImageOfPage\":{\"@id\":\"https:\/\/www.albyco.com\/fr\/produit\/maasicot-hydraulique-ideal-7260\/#primaryimage\"},\"datePublished\":\"2018-08-21T13:32:16+00:00\",\"dateModified\":\"2022-02-09T13:03:22+00:00\",\"description\":\"Un massicot industriel aux \u00e9quipements complets, pour une longueur de coupe de 720 mm et une \u00e9paiseur de coupe de 80 mm\",\"breadcrumb\":{\"@id\":\"https:\/\/www.albyco.com\/fr\/produit\/maasicot-hydraulique-ideal-7260\/#breadcrumb\"},\"inLanguage\":\"fr-FR\",\"potentialAction\":[{\"@type\":\"ReadAction\",\"target\":[\"https:\/\/www.albyco.com\/fr\/produit\/maasicot-hydraulique-ideal-7260\/\"]}]},{\"@type\":\"BreadcrumbList\",\"@id\":\"https:\/\/www.albyco.com\/fr\/produit\/maasicot-hydraulique-ideal-7260\/#breadcrumb\",\"itemListElement\":[{\"@type\":\"ListItem\",\"position\":1,\"name\":\"Home\",\"item\":\"https:\/\/www.albyco.com\/fr\/\"},{\"@type\":\"ListItem\",\"position\":2,\"name\":\"Les produits\",\"item\":\"https:\/\/www.albyco.com\/fr\/producten\/\"},{\"@type\":\"ListItem\",\"position\":3,\"name\":\"Massicot hydraulique Ideal 7260\"}]}]}<\/script>\n<!-- \/ Yoast SEO plugin. -->","yoast_head_json":{"title":"Massicot hydraulique Ideal 7260","description":"Un massicot industriel aux \u00e9quipements complets, pour une longueur de coupe de 720 mm et une \u00e9paiseur de coupe de 80 mm","robots":{"index":"index","follow":"follow","max-snippet":"max-snippet:-1","max-image-preview":"max-image-preview:large","max-video-preview":"max-video-preview:-1"},"canonical":"https:\/\/www.albyco.com\/fr\/produit\/maasicot-hydraulique-ideal-7260\/","og_locale":"fr_FR","og_type":"article","og_title":"Massicot hydraulique Ideal 7260","og_description":"Un massicot industriel aux \u00e9quipements complets, pour une longueur de coupe de 720 mm et une \u00e9paiseur de coupe de 80 mm","og_url":"https:\/\/www.albyco.com\/fr\/produit\/maasicot-hydraulique-ideal-7260\/","og_site_name":"Albyco","article_modified_time":"2022-02-09T13:03:22+00:00","og_image":[{"width":540,"height":530,"url":"https:\/\/www.albyco.com\/wp-content\/uploads\/2017\/06\/ebaideal-ebaideal-7260-hydraulische-stapelsnijmachine_IDEAL7260LT.jpg","type":"image\/jpeg"}],"twitter_card":"summary","twitter_site":"@AlbycoNederland","twitter_misc":{"Dur\u00e9e de lecture estim\u00e9e":"2 minutes"},"schema":{"@context":"https:\/\/schema.org","@graph":[{"@type":"Organization","@id":"https:\/\/www.albyco.com\/#organization","name":"Albyco Nederland B.V.","url":"https:\/\/www.albyco.com\/","sameAs":["https:\/\/www.linkedin.com\/company\/18015670\/","https:\/\/www.youtube.com\/user\/AlbycoNederland","https:\/\/nl.pinterest.com\/albyco","https:\/\/twitter.com\/AlbycoNederland"],"logo":{"@type":"ImageObject","@id":"https:\/\/www.albyco.com\/#logo","inLanguage":"fr-FR","url":"https:\/\/www.albyco.com\/wp-content\/uploads\/2017\/07\/albyco_logo_hd.png","contentUrl":"https:\/\/www.albyco.com\/wp-content\/uploads\/2017\/07\/albyco_logo_hd.png","width":300,"height":300,"caption":"Albyco Nederland B.V."},"image":{"@id":"https:\/\/www.albyco.com\/#logo"}},{"@type":"WebSite","@id":"https:\/\/www.albyco.com\/#website","url":"https:\/\/www.albyco.com\/","name":"Albyco","description":"Leverancier voor nabewerking van geprinte media","publisher":{"@id":"https:\/\/www.albyco.com\/#organization"},"potentialAction":[{"@type":"SearchAction","target":{"@type":"EntryPoint","urlTemplate":"https:\/\/www.albyco.com\/?s={search_term_string}"},"query-input":"required name=search_term_string"}],"inLanguage":"fr-FR"},{"@type":"ImageObject","@id":"https:\/\/www.albyco.com\/fr\/produit\/maasicot-hydraulique-ideal-7260\/#primaryimage","inLanguage":"fr-FR","url":"https:\/\/www.albyco.com\/wp-content\/uploads\/2017\/06\/ebaideal-ebaideal-7260-hydraulische-stapelsnijmachine_IDEAL7260LT.jpg","contentUrl":"https:\/\/www.albyco.com\/wp-content\/uploads\/2017\/06\/ebaideal-ebaideal-7260-hydraulische-stapelsnijmachine_IDEAL7260LT.jpg","width":540,"height":530,"caption":"Massicot hydraulique Ideal 7260"},{"@type":"WebPage","@id":"https:\/\/www.albyco.com\/fr\/produit\/maasicot-hydraulique-ideal-7260\/#webpage","url":"https:\/\/www.albyco.com\/fr\/produit\/maasicot-hydraulique-ideal-7260\/","name":"Massicot hydraulique Ideal 7260","isPartOf":{"@id":"https:\/\/www.albyco.com\/#website"},"primaryImageOfPage":{"@id":"https:\/\/www.albyco.com\/fr\/produit\/maasicot-hydraulique-ideal-7260\/#primaryimage"},"datePublished":"2018-08-21T13:32:16+00:00","dateModified":"2022-02-09T13:03:22+00:00","description":"Un massicot industriel aux \u00e9quipements complets, pour une longueur de coupe de 720 mm et une \u00e9paiseur de coupe de 80 mm","breadcrumb":{"@id":"https:\/\/www.albyco.com\/fr\/produit\/maasicot-hydraulique-ideal-7260\/#breadcrumb"},"inLanguage":"fr-FR","potentialAction":[{"@type":"ReadAction","target":["https:\/\/www.albyco.com\/fr\/produit\/maasicot-hydraulique-ideal-7260\/"]}]},{"@type":"BreadcrumbList","@id":"https:\/\/www.albyco.com\/fr\/produit\/maasicot-hydraulique-ideal-7260\/#breadcrumb","itemListElement":[{"@type":"ListItem","position":1,"name":"Home","item":"https:\/\/www.albyco.com\/fr\/"},{"@type":"ListItem","position":2,"name":"Les produits","item":"https:\/\/www.albyco.com\/fr\/producten\/"},{"@type":"ListItem","position":3,"name":"Massicot hydraulique Ideal 7260"}]}]}},"_links":{"self":[{"href":"https:\/\/www.albyco.com\/fr\/wp-json\/wp\/v2\/product\/33707"}],"collection":[{"href":"https:\/\/www.albyco.com\/fr\/wp-json\/wp\/v2\/product"}],"about":[{"href":"https:\/\/www.albyco.com\/fr\/wp-json\/wp\/v2\/types\/product"}],"replies":[{"embeddable":true,"href":"https:\/\/www.albyco.com\/fr\/wp-json\/wp\/v2\/comments?post=33707"}],"wp:featuredmedia":[{"embeddable":true,"href":"https:\/\/www.albyco.com\/fr\/wp-json\/wp\/v2\/media\/7979"}],"wp:attachment":[{"href":"https:\/\/www.albyco.com\/fr\/wp-json\/wp\/v2\/media?parent=33707"}],"wp:term":[{"taxonomy":"product_cat","embeddable":true,"href":"https:\/\/www.albyco.com\/fr\/wp-json\/wp\/v2\/product_cat?post=33707"},{"taxonomy":"product_tag","embeddable":true,"href":"https:\/\/www.albyco.com\/fr\/wp-json\/wp\/v2\/product_tag?post=33707"}],"curies":[{"name":"wp","href":"https:\/\/api.w.org\/{rel}","templated":true}]}}