{"id":33698,"date":"2018-08-21T14:34:12","date_gmt":"2018-08-21T12:34:12","guid":{"rendered":"https:\/\/www.albyco.com\/product\/ideal-5560-massicot-hydraulique\/"},"modified":"2021-07-06T15:05:23","modified_gmt":"2021-07-06T13:05:23","slug":"ideal-5560-massicot-hydraulique","status":"publish","type":"product","link":"https:\/\/www.albyco.com\/fr\/produit\/ideal-5560-massicot-hydraulique\/","title":{"rendered":"Ideal 5560 Massicot hydraulique"},"content":{"rendered":"<table style=\"width: 100%; border-collapse: collapse;\" border=\"0\">\r\n<tbody>\r\n<tr>\r\n<td style=\"width: 50%; background-color: #ffffff;\">Ideal 5560, massicot hydraulique programmable \u00e0 execution automatique d\u2019une largeur de coupe 550 mm et sur une \u00e9paisseur de 950 feuilles.<\/td>\r\n<td style=\"width: 50%; background-color: #ffffff;\"><div class=\"epyt-video-wrapper\"><iframe  id=\"_ytid_53953\"  width=\"800\" height=\"450\"  data-origwidth=\"800\" data-origheight=\"450\"  data-relstop=\"1\" src=\"https:\/\/www.youtube.com\/embed\/2aOA5mQplW8?enablejsapi=1&autoplay=0&cc_load_policy=0&iv_load_policy=1&loop=0&modestbranding=0&fs=1&playsinline=1&controls=1&color=red&cc_lang_pref=&rel=0&autohide=2&theme=dark&\" class=\"__youtube_prefs__  no-lazyload\" title=\"YouTube player\"  allow=\"accelerometer; autoplay; clipboard-write; encrypted-media; gyroscope; picture-in-picture\" allowfullscreen data-no-lazy=\"1\" data-skipgform_ajax_framebjll=\"\"><\/iframe><\/div><\/td>\r\n<\/tr>\r\n<tr>\r\n<td style=\"width: 50%; background-color: #ffffff;\">De par leurs performances et \u00e9quipements, les mod\u00e8les hydrauliques Ideal 5560 s&#8217;av\u00e8rent indispensables comme massicots de pr\u00e9cision\r\ndans une imprimerie int\u00e9gr\u00e9e, un service pr\u00e9presse, un copy-shop ou comme massicot d&#8217;appoint dans une imprimerie professionnelle.<\/td>\r\n<td style=\"width: 50%; background-color: #ffffff;\"><\/td>\r\n<\/tr>\r\n<tr>\r\n<td style=\"width: 50%; background-color: #ffffff;\">Dispositifs de s\u00e9curit\u00e9 : S.C.S. (Syst\u00e8me de Coupe S\u00e9curis\u00e9) barrage immat\u00e9riel par cellules photo-\u00e9lectriques sur la table avant\r\ncarter de protection transparent sur la table arri\u00e8re interrupteur principal cadenassable\r\ncommande bi-manuelle temporis\u00e9e anti-r\u00e9p\u00e9titive commande basse tension 24V\r\nsyst\u00e8me d&#8217;entra\u00eenement brevet\u00e9 retour automatique de la lame et de la presse de n&#8217;importe quelle position frein \u00e0 disque pour l&#8217;arr\u00eat instantan\u00e9 de la lame remplacement ais\u00e9 de la lame et de la r\u00e9glette, sans d\u00e9monter les carters dispositif de changement de lame prot\u00e9geant le tranchant r\u00e9glage de profondeur de lame par l&#8217;ext\u00e9rieur cale de taquage.<\/td>\r\n<td style=\"width: 50%; background-color: #ffffff;\"><\/td>\r\n<\/tr>\r\n<tr>\r\n<td style=\"width: 50%; background-color: #ffffff;\">Commande \u00e9lectronique programmable EP\r\nR\u00e9glage au 1\/10 mm de la position de la but\u00e9e arri\u00e8re. Entra\u00eenement hydraulique des presse et lame. Pression r\u00e9glable de 200 \u00e0 1100 daN, avec affichage Mat\u00e9rialisation optique de la ligne de coupe (LED). Ch\u00e2ssis et table arri\u00e8re en fonte. Descente de presse au pied pour le rep\u00e9rage ou le maintien de la pile avant la coupe. Lame en acier de qualit\u00e9 HSS.\r\nMassicot mont\u00e9 sur roulettes\r\nPlatine de presse de s\u00e9rie\r\nTables lat\u00e9rales en option\r\nConforme aux normes de s\u00e9curit\u00e9 europ\u00e9ennes CE.<\/td>\r\n<td style=\"width: 50%; background-color: #ffffff;\"><\/td>\r\n<\/tr>\r\n<tr>\r\n<td style=\"width: 50%; background-color: #ffffff;\">Commande le d\u00e9placement de la but\u00e9e arri\u00e8re:\r\nAffichage digital des dimensions en cm ou pouces clavier 10 touches, 9 programmes de 9 positions chacun, avec possibilit\u00e9 de 9 coupes r\u00e9p\u00e9titives au sein d&#8217;une position\r\nauto-diagnostic au d\u00e9marrage avec affichage de l&#8217;erreur.Conforme aux normes CE.<\/td>\r\n<td style=\"width: 50%; background-color: #ffffff;\"><\/td>\r\n<\/tr>\r\n<tr class=\"bgGray\">\r\n<td class=\"boldTd\" style=\"width: 50%; background-color: #ffffff;\">Longueur de coupe<\/td>\r\n<td style=\"width: 50%; background-color: #ffffff;\">550 mm<\/td>\r\n<\/tr>\r\n<tr>\r\n<td class=\"boldTd\" style=\"width: 50%; background-color: #ffffff;\">Capacit\u00e9 de coupe<\/td>\r\n<td style=\"width: 50%; background-color: #ffffff;\">92*\/95 mm<\/td>\r\n<\/tr>\r\n<tr class=\"bgGray\">\r\n<td class=\"boldTd\" style=\"width: 50%; background-color: #ffffff;\">Coupe minimale<\/td>\r\n<td style=\"width: 50%; background-color: #ffffff;\">32 mm\/60 mm*<\/td>\r\n<\/tr>\r\n<tr>\r\n<td class=\"boldTd\" style=\"width: 50%; background-color: #ffffff;\">Profondeur de la table avant\/arri\u00e8re<\/td>\r\n<td style=\"width: 50%; background-color: #ffffff;\">460\/570 mm<\/td>\r\n<\/tr>\r\n<tr class=\"bgGray\">\r\n<td class=\"boldTd\" style=\"width: 50%; background-color: #ffffff;\">Dimensions<\/td>\r\n<td style=\"width: 50%; background-color: #ffffff;\">H 1370 x L 1070\/1630** x P 1400 mm<\/td>\r\n<\/tr>\r\n<tr>\r\n<td class=\"boldTd\" style=\"width: 50%; background-color: #ffffff;\">Alimentation \u00e9lectrique<\/td>\r\n<td style=\"width: 50%; background-color: #ffffff;\">230 V \/ 50Hz<\/td>\r\n<\/tr>\r\n<tr class=\"bgGray\">\r\n<td class=\"boldTd\" style=\"width: 50%; background-color: #ffffff;\">Puissance totale des moteurs<\/td>\r\n<td style=\"width: 50%; background-color: #ffffff;\">1,5 kW<\/td>\r\n<\/tr>\r\n<tr>\r\n<td class=\"boldTd\" style=\"width: 50%; background-color: #ffffff;\">Poids<\/td>\r\n<td style=\"width: 50%; background-color: #ffffff;\">350 kg<\/td>\r\n<\/tr>\r\n<tr class=\"bgGray\">\r\n<td class=\"boldTd\" style=\"width: 50%; background-color: #ffffff;\">Coloris<\/td>\r\n<td style=\"width: 50%; background-color: #ffffff;\">gris clair<\/td>\r\n<\/tr>\r\n<\/tbody>\r\n<\/table>\r\n&nbsp;","protected":false},"excerpt":{"rendered":"<table style=\"width: 100%; border-collapse: collapse;\" border=\"0\">\n<tbody>\n<tr>\n<td style=\"width: 50%; background-color: #ffffff;\">Ideal 5560, massicot hydraulique programmable \u00e0 execution automatique d\u2019une largeur de coupe 550 mm et sur une \u00e9paisseur de 950 feuilles.<\/td>\n<\/tr>\n<\/tbody>\n<\/table>\n","protected":false},"featured_media":7964,"comment_status":"open","ping_status":"closed","template":"","meta":[],"product_cat":[2300,2302,4124],"product_tag":[2425,2306,2743,2307,2308,4123,2309],"yoast_head":"<!-- This site is optimized with the Yoast SEO plugin v18.6 - https:\/\/yoast.com\/wordpress\/plugins\/seo\/ -->\n<title>Ideal 5560 Massicot hydraulique<\/title>\n<meta name=\"description\" content=\"Ideal 5560, massicot hydraulique programmable \u00e0 execution automatique d\u2019une largeur de coupe 550 mm et sur une \u00e9paisseur de 950 feuilles.\" \/>\n<meta name=\"robots\" content=\"index, follow, max-snippet:-1, max-image-preview:large, max-video-preview:-1\" \/>\n<link rel=\"canonical\" href=\"https:\/\/www.albyco.com\/fr\/produit\/ideal-5560-massicot-hydraulique\/\" \/>\n<meta property=\"og:locale\" content=\"fr_FR\" \/>\n<meta property=\"og:type\" content=\"article\" \/>\n<meta property=\"og:title\" content=\"Ideal 5560 Massicot hydraulique\" \/>\n<meta property=\"og:description\" content=\"Ideal 5560, massicot hydraulique programmable \u00e0 execution automatique d\u2019une largeur de coupe 550 mm et sur une \u00e9paisseur de 950 feuilles.\" \/>\n<meta property=\"og:url\" content=\"https:\/\/www.albyco.com\/fr\/produit\/ideal-5560-massicot-hydraulique\/\" \/>\n<meta property=\"og:site_name\" content=\"Albyco\" \/>\n<meta property=\"article:modified_time\" content=\"2021-07-06T13:05:23+00:00\" \/>\n<meta property=\"og:image\" content=\"https:\/\/www.albyco.com\/wp-content\/uploads\/2017\/06\/ebaideal-ebaideal-5560-stapelsnijmachine_IDEAL5560.jpg\" \/>\n\t<meta property=\"og:image:width\" content=\"474\" \/>\n\t<meta property=\"og:image:height\" content=\"610\" \/>\n\t<meta property=\"og:image:type\" content=\"image\/jpeg\" \/>\n<meta name=\"twitter:card\" content=\"summary\" \/>\n<meta name=\"twitter:site\" content=\"@AlbycoNederland\" \/>\n<meta name=\"twitter:label1\" content=\"Dur\u00e9e de lecture estim\u00e9e\" \/>\n\t<meta name=\"twitter:data1\" content=\"2 minutes\" \/>\n<script type=\"application\/ld+json\" class=\"yoast-schema-graph\">{\"@context\":\"https:\/\/schema.org\",\"@graph\":[{\"@type\":\"Organization\",\"@id\":\"https:\/\/www.albyco.com\/#organization\",\"name\":\"Albyco Nederland B.V.\",\"url\":\"https:\/\/www.albyco.com\/\",\"sameAs\":[\"https:\/\/www.linkedin.com\/company\/18015670\/\",\"https:\/\/www.youtube.com\/user\/AlbycoNederland\",\"https:\/\/nl.pinterest.com\/albyco\",\"https:\/\/twitter.com\/AlbycoNederland\"],\"logo\":{\"@type\":\"ImageObject\",\"@id\":\"https:\/\/www.albyco.com\/#logo\",\"inLanguage\":\"fr-FR\",\"url\":\"https:\/\/www.albyco.com\/wp-content\/uploads\/2017\/07\/albyco_logo_hd.png\",\"contentUrl\":\"https:\/\/www.albyco.com\/wp-content\/uploads\/2017\/07\/albyco_logo_hd.png\",\"width\":300,\"height\":300,\"caption\":\"Albyco Nederland B.V.\"},\"image\":{\"@id\":\"https:\/\/www.albyco.com\/#logo\"}},{\"@type\":\"WebSite\",\"@id\":\"https:\/\/www.albyco.com\/#website\",\"url\":\"https:\/\/www.albyco.com\/\",\"name\":\"Albyco\",\"description\":\"Leverancier voor nabewerking van geprinte media\",\"publisher\":{\"@id\":\"https:\/\/www.albyco.com\/#organization\"},\"potentialAction\":[{\"@type\":\"SearchAction\",\"target\":{\"@type\":\"EntryPoint\",\"urlTemplate\":\"https:\/\/www.albyco.com\/?s={search_term_string}\"},\"query-input\":\"required name=search_term_string\"}],\"inLanguage\":\"fr-FR\"},{\"@type\":\"ImageObject\",\"@id\":\"https:\/\/www.albyco.com\/fr\/produit\/ideal-5560-massicot-hydraulique\/#primaryimage\",\"inLanguage\":\"fr-FR\",\"url\":\"https:\/\/www.albyco.com\/wp-content\/uploads\/2017\/06\/ebaideal-ebaideal-5560-stapelsnijmachine_IDEAL5560.jpg\",\"contentUrl\":\"https:\/\/www.albyco.com\/wp-content\/uploads\/2017\/06\/ebaideal-ebaideal-5560-stapelsnijmachine_IDEAL5560.jpg\",\"width\":474,\"height\":610,\"caption\":\"Ideal 5560 Massicot hydraulique\"},{\"@type\":\"WebPage\",\"@id\":\"https:\/\/www.albyco.com\/fr\/produit\/ideal-5560-massicot-hydraulique\/#webpage\",\"url\":\"https:\/\/www.albyco.com\/fr\/produit\/ideal-5560-massicot-hydraulique\/\",\"name\":\"Ideal 5560 Massicot hydraulique\",\"isPartOf\":{\"@id\":\"https:\/\/www.albyco.com\/#website\"},\"primaryImageOfPage\":{\"@id\":\"https:\/\/www.albyco.com\/fr\/produit\/ideal-5560-massicot-hydraulique\/#primaryimage\"},\"datePublished\":\"2018-08-21T12:34:12+00:00\",\"dateModified\":\"2021-07-06T13:05:23+00:00\",\"description\":\"Ideal 5560, massicot hydraulique programmable \u00e0 execution automatique d\u2019une largeur de coupe 550 mm et sur une \u00e9paisseur de 950 feuilles.\",\"breadcrumb\":{\"@id\":\"https:\/\/www.albyco.com\/fr\/produit\/ideal-5560-massicot-hydraulique\/#breadcrumb\"},\"inLanguage\":\"fr-FR\",\"potentialAction\":[{\"@type\":\"ReadAction\",\"target\":[\"https:\/\/www.albyco.com\/fr\/produit\/ideal-5560-massicot-hydraulique\/\"]}]},{\"@type\":\"BreadcrumbList\",\"@id\":\"https:\/\/www.albyco.com\/fr\/produit\/ideal-5560-massicot-hydraulique\/#breadcrumb\",\"itemListElement\":[{\"@type\":\"ListItem\",\"position\":1,\"name\":\"Home\",\"item\":\"https:\/\/www.albyco.com\/fr\/\"},{\"@type\":\"ListItem\",\"position\":2,\"name\":\"Les produits\",\"item\":\"https:\/\/www.albyco.com\/fr\/producten\/\"},{\"@type\":\"ListItem\",\"position\":3,\"name\":\"Ideal 5560 Massicot hydraulique\"}]}]}<\/script>\n<!-- \/ Yoast SEO plugin. -->","yoast_head_json":{"title":"Ideal 5560 Massicot hydraulique","description":"Ideal 5560, massicot hydraulique programmable \u00e0 execution automatique d\u2019une largeur de coupe 550 mm et sur une \u00e9paisseur de 950 feuilles.","robots":{"index":"index","follow":"follow","max-snippet":"max-snippet:-1","max-image-preview":"max-image-preview:large","max-video-preview":"max-video-preview:-1"},"canonical":"https:\/\/www.albyco.com\/fr\/produit\/ideal-5560-massicot-hydraulique\/","og_locale":"fr_FR","og_type":"article","og_title":"Ideal 5560 Massicot hydraulique","og_description":"Ideal 5560, massicot hydraulique programmable \u00e0 execution automatique d\u2019une largeur de coupe 550 mm et sur une \u00e9paisseur de 950 feuilles.","og_url":"https:\/\/www.albyco.com\/fr\/produit\/ideal-5560-massicot-hydraulique\/","og_site_name":"Albyco","article_modified_time":"2021-07-06T13:05:23+00:00","og_image":[{"width":474,"height":610,"url":"https:\/\/www.albyco.com\/wp-content\/uploads\/2017\/06\/ebaideal-ebaideal-5560-stapelsnijmachine_IDEAL5560.jpg","type":"image\/jpeg"}],"twitter_card":"summary","twitter_site":"@AlbycoNederland","twitter_misc":{"Dur\u00e9e de lecture estim\u00e9e":"2 minutes"},"schema":{"@context":"https:\/\/schema.org","@graph":[{"@type":"Organization","@id":"https:\/\/www.albyco.com\/#organization","name":"Albyco Nederland B.V.","url":"https:\/\/www.albyco.com\/","sameAs":["https:\/\/www.linkedin.com\/company\/18015670\/","https:\/\/www.youtube.com\/user\/AlbycoNederland","https:\/\/nl.pinterest.com\/albyco","https:\/\/twitter.com\/AlbycoNederland"],"logo":{"@type":"ImageObject","@id":"https:\/\/www.albyco.com\/#logo","inLanguage":"fr-FR","url":"https:\/\/www.albyco.com\/wp-content\/uploads\/2017\/07\/albyco_logo_hd.png","contentUrl":"https:\/\/www.albyco.com\/wp-content\/uploads\/2017\/07\/albyco_logo_hd.png","width":300,"height":300,"caption":"Albyco Nederland B.V."},"image":{"@id":"https:\/\/www.albyco.com\/#logo"}},{"@type":"WebSite","@id":"https:\/\/www.albyco.com\/#website","url":"https:\/\/www.albyco.com\/","name":"Albyco","description":"Leverancier voor nabewerking van geprinte media","publisher":{"@id":"https:\/\/www.albyco.com\/#organization"},"potentialAction":[{"@type":"SearchAction","target":{"@type":"EntryPoint","urlTemplate":"https:\/\/www.albyco.com\/?s={search_term_string}"},"query-input":"required name=search_term_string"}],"inLanguage":"fr-FR"},{"@type":"ImageObject","@id":"https:\/\/www.albyco.com\/fr\/produit\/ideal-5560-massicot-hydraulique\/#primaryimage","inLanguage":"fr-FR","url":"https:\/\/www.albyco.com\/wp-content\/uploads\/2017\/06\/ebaideal-ebaideal-5560-stapelsnijmachine_IDEAL5560.jpg","contentUrl":"https:\/\/www.albyco.com\/wp-content\/uploads\/2017\/06\/ebaideal-ebaideal-5560-stapelsnijmachine_IDEAL5560.jpg","width":474,"height":610,"caption":"Ideal 5560 Massicot hydraulique"},{"@type":"WebPage","@id":"https:\/\/www.albyco.com\/fr\/produit\/ideal-5560-massicot-hydraulique\/#webpage","url":"https:\/\/www.albyco.com\/fr\/produit\/ideal-5560-massicot-hydraulique\/","name":"Ideal 5560 Massicot hydraulique","isPartOf":{"@id":"https:\/\/www.albyco.com\/#website"},"primaryImageOfPage":{"@id":"https:\/\/www.albyco.com\/fr\/produit\/ideal-5560-massicot-hydraulique\/#primaryimage"},"datePublished":"2018-08-21T12:34:12+00:00","dateModified":"2021-07-06T13:05:23+00:00","description":"Ideal 5560, massicot hydraulique programmable \u00e0 execution automatique d\u2019une largeur de coupe 550 mm et sur une \u00e9paisseur de 950 feuilles.","breadcrumb":{"@id":"https:\/\/www.albyco.com\/fr\/produit\/ideal-5560-massicot-hydraulique\/#breadcrumb"},"inLanguage":"fr-FR","potentialAction":[{"@type":"ReadAction","target":["https:\/\/www.albyco.com\/fr\/produit\/ideal-5560-massicot-hydraulique\/"]}]},{"@type":"BreadcrumbList","@id":"https:\/\/www.albyco.com\/fr\/produit\/ideal-5560-massicot-hydraulique\/#breadcrumb","itemListElement":[{"@type":"ListItem","position":1,"name":"Home","item":"https:\/\/www.albyco.com\/fr\/"},{"@type":"ListItem","position":2,"name":"Les produits","item":"https:\/\/www.albyco.com\/fr\/producten\/"},{"@type":"ListItem","position":3,"name":"Ideal 5560 Massicot hydraulique"}]}]}},"_links":{"self":[{"href":"https:\/\/www.albyco.com\/fr\/wp-json\/wp\/v2\/product\/33698"}],"collection":[{"href":"https:\/\/www.albyco.com\/fr\/wp-json\/wp\/v2\/product"}],"about":[{"href":"https:\/\/www.albyco.com\/fr\/wp-json\/wp\/v2\/types\/product"}],"replies":[{"embeddable":true,"href":"https:\/\/www.albyco.com\/fr\/wp-json\/wp\/v2\/comments?post=33698"}],"wp:featuredmedia":[{"embeddable":true,"href":"https:\/\/www.albyco.com\/fr\/wp-json\/wp\/v2\/media\/7964"}],"wp:attachment":[{"href":"https:\/\/www.albyco.com\/fr\/wp-json\/wp\/v2\/media?parent=33698"}],"wp:term":[{"taxonomy":"product_cat","embeddable":true,"href":"https:\/\/www.albyco.com\/fr\/wp-json\/wp\/v2\/product_cat?post=33698"},{"taxonomy":"product_tag","embeddable":true,"href":"https:\/\/www.albyco.com\/fr\/wp-json\/wp\/v2\/product_tag?post=33698"}],"curies":[{"name":"wp","href":"https:\/\/api.w.org\/{rel}","templated":true}]}}