{"id":33697,"date":"2018-08-21T15:21:12","date_gmt":"2018-08-21T13:21:12","guid":{"rendered":"https:\/\/www.albyco.com\/product\/ideal-5560-lt-massicot-hydraulique-de-precision\/"},"modified":"2018-08-21T15:21:12","modified_gmt":"2018-08-21T13:21:12","slug":"ideal-5560-lt-massicot-hydraulique-de-precision","status":"publish","type":"product","link":"https:\/\/www.albyco.com\/fr\/produit\/ideal-5560-lt-massicot-hydraulique-de-precision\/","title":{"rendered":"Ideal 5560 LT Massicot hydraulique de pr\u00e9cision"},"content":{"rendered":"<table style=\"width: 100%; border-collapse: collapse;\" border=\"0\">\r\n<tbody>\r\n<tr>\r\n<td style=\"width: 50%;\">Massicot hydraulique de pr\u00e9cision avec barrage immat\u00e9riel sur la table avant, \u00e9cran de commande tactile, dispositif de pression r\u00e9glable et EASY-CUT.<\/td>\r\n<td style=\"width: 50%; text-align: center;\"><div class=\"epyt-video-wrapper\"><iframe  id=\"_ytid_18811\"  width=\"800\" height=\"450\"  data-origwidth=\"800\" data-origheight=\"450\"  data-relstop=\"1\" src=\"https:\/\/www.youtube.com\/embed\/2aOA5mQplW8?enablejsapi=1&autoplay=0&cc_load_policy=0&iv_load_policy=1&loop=0&modestbranding=0&fs=1&playsinline=1&controls=1&color=red&cc_lang_pref=&rel=0&autohide=2&theme=dark&\" class=\"__youtube_prefs__  no-lazyload\" title=\"YouTube player\"  allow=\"accelerometer; autoplay; clipboard-write; encrypted-media; gyroscope; picture-in-picture\" allowfullscreen data-no-lazy=\"1\" data-skipgform_ajax_framebjll=\"\"><\/iframe><\/div><\/td>\r\n<\/tr>\r\n<\/tbody>\r\n<\/table>\r\n<table style=\"width: 100%; border-collapse: collapse;\" border=\"0\">\r\n<tbody>\r\n<tr>\r\n<td style=\"width: 100%; background-color: #ffffff;\">\r\n<h3><strong>Barrage immat\u00e9riel.<\/strong><\/h3>\r\n<p class=\"txt2\">Le barrage immat\u00e9riel par cellules photo-\u00e9lectrique sur la table avant garanti un travail rationnel en toute s\u00e9curit\u00e9.<\/p>\r\n<\/td>\r\n<\/tr>\r\n<tr>\r\n<td style=\"width: 100%; background-color: #ffffff;\">\r\n<h3><strong>Bouton molet\u00e9 \u00e9lectronique.<\/strong><\/h3>\r\n<p class=\"txt2\">Bouton molet\u00e9 \u00e9lectronique pour un d\u00e9placement \u00e0 vitesse variable, de \u2018lent\u2019 \u00e0 \u2018rapide\u2019 de la but\u00e9e arri\u00e8re.<\/p>\r\n\r\n<h3><strong>EASY-CUT : commande bi-manuelle.<\/strong><\/h3>\r\n<p class=\"txt2\">Le nouveau dispositif brevet\u00e9 EASY-CUT est une commande bi-manuelle avec action simultan\u00e9e sur les deux manettes pour le d\u00e9clenchement de la lame.<\/p>\r\n\r\n<h3><strong>Confort d\u2018utilisation : \u00e9cran tactile.<\/strong><\/h3>\r\n<p class=\"txt2\">\u00c9cran de commande tactile multi-langues avec formats DIN A6 \u00e0 A3 pr\u00e9-programm\u00e9s, possibilit\u00e9 d\u2018enregistrer 99 programmes de 99 positions chacun et d\u2018enregistrer des coupes r\u00e9p\u00e9titives.<\/p>\r\n\r\n<h3><strong>Remplacement s\u00e9curis\u00e9 de la lame.<\/strong><\/h3>\r\n<p class=\"txt2\">Remplacement ais\u00e9 de la lame par l\u2019avant sans d\u00e9monter les carters, gr\u00e2ce au dispositif avec protection du tranchant.<\/p>\r\n\r\n<div class=\"emotion--element col-1 row-1 start-col-1 start-row-1 col-xs-6 start-col-xs-1 row-xs-4 start-row-xs-115 col-s-6 start-col-s-1 row-s-4 start-row-s-115 col-m-6 start-col-m-1 row-m-4 start-row-m-115 col-l-3 start-col-l-1 row-l-4 start-row-l-91 col-xl-3 start-col-xl-1 row-xl-4 start-row-xl-91\">\r\n<div class=\"emotion--html\">\r\n<div class=\"html--content\">\r\n<p class=\"txt2\"><strong>Dimensions\/<\/strong><strong>Poids<\/strong><\/p>\r\n\r\n<\/div>\r\n<\/div>\r\n<\/div>\r\n<div class=\"emotion--element col-1 row-1 start-col-1 start-row-1 col-xs-6 start-col-xs-7 row-xs-6 start-row-xs-115 col-s-6 start-col-s-7 row-s-6 start-row-s-115 col-m-6 start-col-m-7 row-m-6 start-row-m-115 col-l-3 start-col-l-4 row-l-7 start-row-l-91 col-xl-3 start-col-xl-4 row-xl-7 start-row-xl-91\">\r\n<div class=\"emotion--html\">\r\n<div class=\"html--content\">\r\n<p class=\"txt3\">Hauteur: 1370 mm\r\nLargeur: 1070 mm\r\nProfondeur: 1400 mm\r\nPoids: 369 kg\r\n\r\nLargeur avec tables lat\u00e9rales: 1630 mm\r\nPoids avec tables lat\u00e9rales: 386 kg<\/p>\r\n\r\n<div class=\"emotion--element col-1 row-1 start-col-1 start-row-1 col-xs-6 start-col-xs-1 row-xs-3 start-row-xs-123 col-s-6 start-col-s-1 row-s-3 start-row-s-123 col-m-6 start-col-m-1 row-m-3 start-row-m-123 col-l-3 start-col-l-1 row-l-3 start-row-l-102 col-xl-3 start-col-xl-1 row-xl-3 start-row-xl-102\">\r\n<div class=\"emotion--html\">\r\n<div class=\"html--content\">\r\n<p class=\"txt2\"><strong>Longueur de coupe 550 mm\r\nCapacit\u00e9 de coupe maximale 95 mm\r\n<\/strong><strong style=\"font-family: inherit; font-size: inherit;\">Coupe minimale 32 mm<\/strong><\/p>\r\n\r\n<\/div>\r\n<\/div>\r\n<\/div>\r\n<div class=\"emotion--element col-1 row-1 start-col-1 start-row-1 col-xs-6 start-col-xs-7 row-xs-3 start-row-xs-123 col-s-6 start-col-s-7 row-s-3 start-row-s-123 col-m-6 start-col-m-7 row-m-3 start-row-m-123 col-l-3 start-col-l-4 row-l-3 start-row-l-102 col-xl-3 start-col-xl-4 row-xl-3 start-row-xl-102\">\r\n<div class=\"emotion--html\">\r\n<div class=\"html--content\">\r\n<p class=\"txt3\"><strong style=\"font-family: inherit; font-size: inherit;\">Profondeur de table 570 mm<\/strong><\/p>\r\n\r\n<\/div>\r\n<\/div>\r\n<\/div>\r\n<\/div>\r\n<\/div>\r\n<\/div><\/td>\r\n<\/tr>\r\n<\/tbody>\r\n<\/table>\r\n&nbsp;","protected":false},"excerpt":{"rendered":"<p>Massicot hydraulique de pr\u00e9cision avec barrage immat\u00e9riel sur la table avant, \u00e9cran de commande tactile, dispositif de pression r\u00e9glable et EASY-CUT.<\/p>\n","protected":false},"featured_media":7972,"comment_status":"open","ping_status":"closed","template":"","meta":[],"product_cat":[2300,2301,2302,4124],"product_tag":[2425,2306,2743,2307,2308,4123,2309],"yoast_head":"<!-- This site is optimized with the Yoast SEO plugin v18.6 - https:\/\/yoast.com\/wordpress\/plugins\/seo\/ -->\n<title>Ideal 5560 LT Massicot hydraulique de pr\u00e9cision<\/title>\n<meta name=\"description\" content=\"Ideal 5560 LT Massicot hydraulique de pr\u00e9cision\" \/>\n<meta name=\"robots\" content=\"index, follow, max-snippet:-1, max-image-preview:large, max-video-preview:-1\" \/>\n<link rel=\"canonical\" href=\"https:\/\/www.albyco.com\/fr\/produit\/ideal-5560-lt-massicot-hydraulique-de-precision\/\" \/>\n<meta property=\"og:locale\" content=\"fr_FR\" \/>\n<meta property=\"og:type\" content=\"article\" \/>\n<meta property=\"og:title\" content=\"Ideal 5560 LT Massicot hydraulique de pr\u00e9cision\" \/>\n<meta property=\"og:description\" content=\"Ideal 5560 LT Massicot hydraulique de pr\u00e9cision\" \/>\n<meta property=\"og:url\" content=\"https:\/\/www.albyco.com\/fr\/produit\/ideal-5560-lt-massicot-hydraulique-de-precision\/\" \/>\n<meta property=\"og:site_name\" content=\"Albyco\" \/>\n<meta property=\"og:image\" content=\"https:\/\/www.albyco.com\/wp-content\/uploads\/2017\/06\/ebaideal-ebaideal-5560-lt-stapelsnijder_IDEAL5560LT.jpg\" \/>\n\t<meta property=\"og:image:width\" content=\"474\" \/>\n\t<meta property=\"og:image:height\" content=\"610\" \/>\n\t<meta property=\"og:image:type\" content=\"image\/jpeg\" \/>\n<meta name=\"twitter:card\" content=\"summary\" \/>\n<meta name=\"twitter:site\" content=\"@AlbycoNederland\" \/>\n<meta name=\"twitter:label1\" content=\"Dur\u00e9e de lecture estim\u00e9e\" \/>\n\t<meta name=\"twitter:data1\" content=\"1 minute\" \/>\n<script type=\"application\/ld+json\" class=\"yoast-schema-graph\">{\"@context\":\"https:\/\/schema.org\",\"@graph\":[{\"@type\":\"Organization\",\"@id\":\"https:\/\/www.albyco.com\/#organization\",\"name\":\"Albyco Nederland B.V.\",\"url\":\"https:\/\/www.albyco.com\/\",\"sameAs\":[\"https:\/\/www.linkedin.com\/company\/18015670\/\",\"https:\/\/www.youtube.com\/user\/AlbycoNederland\",\"https:\/\/nl.pinterest.com\/albyco\",\"https:\/\/twitter.com\/AlbycoNederland\"],\"logo\":{\"@type\":\"ImageObject\",\"@id\":\"https:\/\/www.albyco.com\/#logo\",\"inLanguage\":\"fr-FR\",\"url\":\"https:\/\/www.albyco.com\/wp-content\/uploads\/2017\/07\/albyco_logo_hd.png\",\"contentUrl\":\"https:\/\/www.albyco.com\/wp-content\/uploads\/2017\/07\/albyco_logo_hd.png\",\"width\":300,\"height\":300,\"caption\":\"Albyco Nederland B.V.\"},\"image\":{\"@id\":\"https:\/\/www.albyco.com\/#logo\"}},{\"@type\":\"WebSite\",\"@id\":\"https:\/\/www.albyco.com\/#website\",\"url\":\"https:\/\/www.albyco.com\/\",\"name\":\"Albyco\",\"description\":\"Leverancier voor nabewerking van geprinte media\",\"publisher\":{\"@id\":\"https:\/\/www.albyco.com\/#organization\"},\"potentialAction\":[{\"@type\":\"SearchAction\",\"target\":{\"@type\":\"EntryPoint\",\"urlTemplate\":\"https:\/\/www.albyco.com\/?s={search_term_string}\"},\"query-input\":\"required name=search_term_string\"}],\"inLanguage\":\"fr-FR\"},{\"@type\":\"ImageObject\",\"@id\":\"https:\/\/www.albyco.com\/fr\/produit\/ideal-5560-lt-massicot-hydraulique-de-precision\/#primaryimage\",\"inLanguage\":\"fr-FR\",\"url\":\"https:\/\/www.albyco.com\/wp-content\/uploads\/2017\/06\/ebaideal-ebaideal-5560-lt-stapelsnijder_IDEAL5560LT.jpg\",\"contentUrl\":\"https:\/\/www.albyco.com\/wp-content\/uploads\/2017\/06\/ebaideal-ebaideal-5560-lt-stapelsnijder_IDEAL5560LT.jpg\",\"width\":474,\"height\":610,\"caption\":\"Ideal 5560 LT Massicot hydraulique de pr\u00e9cision\"},{\"@type\":\"WebPage\",\"@id\":\"https:\/\/www.albyco.com\/fr\/produit\/ideal-5560-lt-massicot-hydraulique-de-precision\/#webpage\",\"url\":\"https:\/\/www.albyco.com\/fr\/produit\/ideal-5560-lt-massicot-hydraulique-de-precision\/\",\"name\":\"Ideal 5560 LT Massicot hydraulique de pr\u00e9cision\",\"isPartOf\":{\"@id\":\"https:\/\/www.albyco.com\/#website\"},\"primaryImageOfPage\":{\"@id\":\"https:\/\/www.albyco.com\/fr\/produit\/ideal-5560-lt-massicot-hydraulique-de-precision\/#primaryimage\"},\"datePublished\":\"2018-08-21T13:21:12+00:00\",\"dateModified\":\"2018-08-21T13:21:12+00:00\",\"description\":\"Ideal 5560 LT Massicot hydraulique de pr\u00e9cision\",\"breadcrumb\":{\"@id\":\"https:\/\/www.albyco.com\/fr\/produit\/ideal-5560-lt-massicot-hydraulique-de-precision\/#breadcrumb\"},\"inLanguage\":\"fr-FR\",\"potentialAction\":[{\"@type\":\"ReadAction\",\"target\":[\"https:\/\/www.albyco.com\/fr\/produit\/ideal-5560-lt-massicot-hydraulique-de-precision\/\"]}]},{\"@type\":\"BreadcrumbList\",\"@id\":\"https:\/\/www.albyco.com\/fr\/produit\/ideal-5560-lt-massicot-hydraulique-de-precision\/#breadcrumb\",\"itemListElement\":[{\"@type\":\"ListItem\",\"position\":1,\"name\":\"Home\",\"item\":\"https:\/\/www.albyco.com\/fr\/\"},{\"@type\":\"ListItem\",\"position\":2,\"name\":\"Les produits\",\"item\":\"https:\/\/www.albyco.com\/fr\/producten\/\"},{\"@type\":\"ListItem\",\"position\":3,\"name\":\"Ideal 5560 LT Massicot hydraulique de pr\u00e9cision\"}]}]}<\/script>\n<!-- \/ Yoast SEO plugin. -->","yoast_head_json":{"title":"Ideal 5560 LT Massicot hydraulique de pr\u00e9cision","description":"Ideal 5560 LT Massicot hydraulique de pr\u00e9cision","robots":{"index":"index","follow":"follow","max-snippet":"max-snippet:-1","max-image-preview":"max-image-preview:large","max-video-preview":"max-video-preview:-1"},"canonical":"https:\/\/www.albyco.com\/fr\/produit\/ideal-5560-lt-massicot-hydraulique-de-precision\/","og_locale":"fr_FR","og_type":"article","og_title":"Ideal 5560 LT Massicot hydraulique de pr\u00e9cision","og_description":"Ideal 5560 LT Massicot hydraulique de pr\u00e9cision","og_url":"https:\/\/www.albyco.com\/fr\/produit\/ideal-5560-lt-massicot-hydraulique-de-precision\/","og_site_name":"Albyco","og_image":[{"width":474,"height":610,"url":"https:\/\/www.albyco.com\/wp-content\/uploads\/2017\/06\/ebaideal-ebaideal-5560-lt-stapelsnijder_IDEAL5560LT.jpg","type":"image\/jpeg"}],"twitter_card":"summary","twitter_site":"@AlbycoNederland","twitter_misc":{"Dur\u00e9e de lecture estim\u00e9e":"1 minute"},"schema":{"@context":"https:\/\/schema.org","@graph":[{"@type":"Organization","@id":"https:\/\/www.albyco.com\/#organization","name":"Albyco Nederland B.V.","url":"https:\/\/www.albyco.com\/","sameAs":["https:\/\/www.linkedin.com\/company\/18015670\/","https:\/\/www.youtube.com\/user\/AlbycoNederland","https:\/\/nl.pinterest.com\/albyco","https:\/\/twitter.com\/AlbycoNederland"],"logo":{"@type":"ImageObject","@id":"https:\/\/www.albyco.com\/#logo","inLanguage":"fr-FR","url":"https:\/\/www.albyco.com\/wp-content\/uploads\/2017\/07\/albyco_logo_hd.png","contentUrl":"https:\/\/www.albyco.com\/wp-content\/uploads\/2017\/07\/albyco_logo_hd.png","width":300,"height":300,"caption":"Albyco Nederland B.V."},"image":{"@id":"https:\/\/www.albyco.com\/#logo"}},{"@type":"WebSite","@id":"https:\/\/www.albyco.com\/#website","url":"https:\/\/www.albyco.com\/","name":"Albyco","description":"Leverancier voor nabewerking van geprinte media","publisher":{"@id":"https:\/\/www.albyco.com\/#organization"},"potentialAction":[{"@type":"SearchAction","target":{"@type":"EntryPoint","urlTemplate":"https:\/\/www.albyco.com\/?s={search_term_string}"},"query-input":"required name=search_term_string"}],"inLanguage":"fr-FR"},{"@type":"ImageObject","@id":"https:\/\/www.albyco.com\/fr\/produit\/ideal-5560-lt-massicot-hydraulique-de-precision\/#primaryimage","inLanguage":"fr-FR","url":"https:\/\/www.albyco.com\/wp-content\/uploads\/2017\/06\/ebaideal-ebaideal-5560-lt-stapelsnijder_IDEAL5560LT.jpg","contentUrl":"https:\/\/www.albyco.com\/wp-content\/uploads\/2017\/06\/ebaideal-ebaideal-5560-lt-stapelsnijder_IDEAL5560LT.jpg","width":474,"height":610,"caption":"Ideal 5560 LT Massicot hydraulique de pr\u00e9cision"},{"@type":"WebPage","@id":"https:\/\/www.albyco.com\/fr\/produit\/ideal-5560-lt-massicot-hydraulique-de-precision\/#webpage","url":"https:\/\/www.albyco.com\/fr\/produit\/ideal-5560-lt-massicot-hydraulique-de-precision\/","name":"Ideal 5560 LT Massicot hydraulique de pr\u00e9cision","isPartOf":{"@id":"https:\/\/www.albyco.com\/#website"},"primaryImageOfPage":{"@id":"https:\/\/www.albyco.com\/fr\/produit\/ideal-5560-lt-massicot-hydraulique-de-precision\/#primaryimage"},"datePublished":"2018-08-21T13:21:12+00:00","dateModified":"2018-08-21T13:21:12+00:00","description":"Ideal 5560 LT Massicot hydraulique de pr\u00e9cision","breadcrumb":{"@id":"https:\/\/www.albyco.com\/fr\/produit\/ideal-5560-lt-massicot-hydraulique-de-precision\/#breadcrumb"},"inLanguage":"fr-FR","potentialAction":[{"@type":"ReadAction","target":["https:\/\/www.albyco.com\/fr\/produit\/ideal-5560-lt-massicot-hydraulique-de-precision\/"]}]},{"@type":"BreadcrumbList","@id":"https:\/\/www.albyco.com\/fr\/produit\/ideal-5560-lt-massicot-hydraulique-de-precision\/#breadcrumb","itemListElement":[{"@type":"ListItem","position":1,"name":"Home","item":"https:\/\/www.albyco.com\/fr\/"},{"@type":"ListItem","position":2,"name":"Les produits","item":"https:\/\/www.albyco.com\/fr\/producten\/"},{"@type":"ListItem","position":3,"name":"Ideal 5560 LT Massicot hydraulique de pr\u00e9cision"}]}]}},"_links":{"self":[{"href":"https:\/\/www.albyco.com\/fr\/wp-json\/wp\/v2\/product\/33697"}],"collection":[{"href":"https:\/\/www.albyco.com\/fr\/wp-json\/wp\/v2\/product"}],"about":[{"href":"https:\/\/www.albyco.com\/fr\/wp-json\/wp\/v2\/types\/product"}],"replies":[{"embeddable":true,"href":"https:\/\/www.albyco.com\/fr\/wp-json\/wp\/v2\/comments?post=33697"}],"wp:featuredmedia":[{"embeddable":true,"href":"https:\/\/www.albyco.com\/fr\/wp-json\/wp\/v2\/media\/7972"}],"wp:attachment":[{"href":"https:\/\/www.albyco.com\/fr\/wp-json\/wp\/v2\/media?parent=33697"}],"wp:term":[{"taxonomy":"product_cat","embeddable":true,"href":"https:\/\/www.albyco.com\/fr\/wp-json\/wp\/v2\/product_cat?post=33697"},{"taxonomy":"product_tag","embeddable":true,"href":"https:\/\/www.albyco.com\/fr\/wp-json\/wp\/v2\/product_tag?post=33697"}],"curies":[{"name":"wp","href":"https:\/\/api.w.org\/{rel}","templated":true}]}}