{"id":33694,"date":"2021-06-23T15:40:47","date_gmt":"2021-06-23T13:40:47","guid":{"rendered":"https:\/\/www.albyco.com\/product\/ideal-56-next-generation-programmable-powered-guillotine\/"},"modified":"2021-07-06T15:21:33","modified_gmt":"2021-07-06T13:21:33","slug":"ideal-56-next-generation-programmable-powered-guillotine","status":"publish","type":"product","link":"https:\/\/www.albyco.com\/fr\/produit\/ideal-56-next-generation-programmable-powered-guillotine\/","title":{"rendered":"Ideal 56, Massicot hydraulique, programmable de nouvelle g\u00e9n\u00e9ration"},"content":{"rendered":"<table style=\"width: 656px; background-color: #ffffff;\" border=\"0\">\r\n<tbody>\r\n<tr>\r\n<td style=\"background-color: #ffffff; width: 600px;\">Massicot hydraulique IDEAL THE 56 programmable de nouvelle g\u00e9n\u00e9ration pour le fa\u00e7onnage et la d\u00e9coupe du papier avec une efficacit\u00e9 et une productivit\u00e9 accrues. Avec barrage immat\u00e9riel par cellules pour la s\u00e9curit\u00e9 de l&#8217;op\u00e9rateur et presse hydraulique pou<\/td>\r\n<td style=\"background-color: #ffffff; width: 400px;\"><div class=\"epyt-video-wrapper\"><iframe  id=\"_ytid_33062\"  width=\"800\" height=\"450\"  data-origwidth=\"800\" data-origheight=\"450\"  data-relstop=\"1\" src=\"https:\/\/www.youtube.com\/embed\/7yc4DBd04kw?enablejsapi=1&autoplay=0&cc_load_policy=0&iv_load_policy=1&loop=0&modestbranding=0&fs=1&playsinline=1&controls=1&color=red&cc_lang_pref=&rel=0&autohide=2&theme=dark&\" class=\"__youtube_prefs__  no-lazyload\" title=\"YouTube player\"  allow=\"accelerometer; autoplay; clipboard-write; encrypted-media; gyroscope; picture-in-picture\" allowfullscreen data-no-lazy=\"1\" data-skipgform_ajax_framebjll=\"\"><\/iframe><\/div><\/td>\r\n<\/tr>\r\n<tr>\r\n<td style=\"background-color: #ffffff; width: 600px;\">Le massicot hydraulique IDEAL THE 56 programmable de nouvelle g\u00e9n\u00e9ration pour le fa\u00e7onnage et la d\u00e9coupe du papier avec une efficacit\u00e9 et une productivit\u00e9 accrues. Avec barrage immat\u00e9riel par cellules pour la s\u00e9curit\u00e9 de l&#8217;op\u00e9rateur et presse hydraulique pour une pr\u00e9cision maximale de coupe sur de larges \u00e9paisseurs jusqu&#8217;\u00e0 80 mm.<\/td>\r\n<td style=\"background-color: #ffffff; width: 400px;\"><\/td>\r\n<\/tr>\r\n<tr>\r\n<td style=\"background-color: #ffffff; width: 600px;\">L&#8217;entra\u00eenement hydraulique de pr\u00e9cision est non seulement pr\u00e9cis, mais aussi tr\u00e8s pratique : la pression de serrage est r\u00e9glable en continu et programmable par touche. Le r\u00e9glage manuel fin de la but\u00e9e arri\u00e8re assure une pr\u00e9cision maximale ? facile \u00e0 utiliser gr\u00e2ce \u00e0 l&#8217;\u00e9l\u00e9ment de commande ergonomique situ\u00e9 \u00e0 l&#8217;avant de la machine. La lame est elle entra\u00een\u00e9e par un syst\u00e8me \u00e9lectro-m\u00e9canique pr\u00e9cis et r\u00e9actif \u00e0 vos commandes.<\/td>\r\n<td style=\"width: 45px; background-color: #ffffff;\">\r\n<h1 class=\"headline--large\" style=\"text-align: center;\">LE 56\r\nPuissante performance<\/h1>\r\n<p class=\"txt2\" style=\"text-align: center;\"><em>Red\u00e9finir le guillotinage efficace : LE 56 est si intelligent que vous n&#8217;\u00eates plus oblig\u00e9 de choisir entre pr\u00e9cision et productivit\u00e9.<\/em><\/p>\r\n<\/td>\r\n<\/tr>\r\n<tr>\r\n<td style=\"background-color: #ffffff; width: 600px;\">\r\n<p class=\"txt2\">D\u00e9clenchement bi-manuel de la coupe, pratique et s\u00fbr \u00e0 l&#8217;aide des boutons d&#8217;activation EASY-TOUCH avec r\u00e9tro-\u00e9clairage int\u00e9gr\u00e9 indiquant l&#8217;\u00e9tat de fonctionnement. Totalement transparent : les diff\u00e9rentes \u00e9tapes du programme de coupe en cours sont affich\u00e9es de fa\u00e7on cons\u00e9cutive. Chaque \u00e9tape est num\u00e9rot\u00e9e et modifiable individuellement.<\/p>\r\n<\/td>\r\n<td style=\"width: 45px; background-color: #ffffff;\"><\/td>\r\n<\/tr>\r\n<tr>\r\n<td style=\"background-color: #ffffff; width: 600px;\">L&#8217;interface utilisateur est claire et fonctionnelle avec un affichage intelligemment divis\u00e9 sur deux parties afin d&#8217;avoir toutes les informations \u00e0 tout moment. Interface intuitive et fonctionnelle similaire \u00e0 une tablette et \u00e9cran principal intelligemment dispos\u00e9 pour une saisie claire de vos dimensions et cotes de coupe dans l&#8217;\u00e9laboration de vos programmes et t\u00e2ches quotidiennes. L&#8217;inclinaison r\u00e9glable de l&#8217;\u00e9cran permet de s&#8217;adapter \u00e0 la taille de l&#8217;utilisateur et aux conditions d&#8217;\u00e9clairage.<\/td>\r\n<td style=\"width: 45px; background-color: #ffffff;\"><\/td>\r\n<\/tr>\r\n<tr>\r\n<td style=\"background-color: #ffffff; width: 600px;\">\r\n<div class=\"descProduit\">\r\n\r\nS\u00e9curit\u00e9 maximale et confort de coupe pour l&#8217;utilisateur : barrage immat\u00e9riel par cellules photo-\u00e9lectriques sur la table avant avec indication de l&#8217;\u00e9tat (rouge\/vert) sur l&#8217;\u00e9cran et activation bi-manuelle de la descente de la lame par boutons pour une coupe totalement s\u00e9curis\u00e9e.\r\n\r\n<\/div><\/td>\r\n<td style=\"width: 45px; background-color: #ffffff;\"><\/td>\r\n<\/tr>\r\n<tr class=\"bgGray\">\r\n<td class=\"boldTd\" style=\"background-color: #ffffff; width: 600px;\">Largeur de coupe<\/td>\r\n<td style=\"width: 45px; background-color: #ffffff;\">560 mm<\/td>\r\n<\/tr>\r\n<tr>\r\n<td class=\"boldTd\" style=\"background-color: #ffffff; width: 600px;\">Capacit\u00e9 de coupe<\/td>\r\n<td style=\"width: 45px; background-color: #ffffff;\">80 mm<\/td>\r\n<\/tr>\r\n<tr class=\"bgGray\">\r\n<td class=\"boldTd\" style=\"background-color: #ffffff; width: 600px;\">Coupe minimale<\/td>\r\n<td style=\"width: 45px; background-color: #ffffff;\">15 mm<\/td>\r\n<\/tr>\r\n<tr>\r\n<td class=\"boldTd\" style=\"background-color: #ffffff; width: 600px;\">Profondeur de table<\/td>\r\n<td style=\"width: 45px; background-color: #ffffff;\">560 mm<\/td>\r\n<\/tr>\r\n<tr class=\"bgGray\">\r\n<td class=\"boldTd\" style=\"background-color: #ffffff; width: 600px;\">Presse hydraulique<\/td>\r\n<td style=\"width: 45px; background-color: #ffffff;\">programmable<\/td>\r\n<\/tr>\r\n<tr>\r\n<td class=\"boldTd\" style=\"background-color: #ffffff; width: 600px;\">Pression de serrage min.<\/td>\r\n<td style=\"width: 45px; background-color: #ffffff;\">250 daN<\/td>\r\n<\/tr>\r\n<tr class=\"bgGray\">\r\n<td class=\"boldTd\" style=\"width: 734px; background-color: #ffffff;\">Pression de serrage max.<\/td>\r\n<td style=\"width: 45px; background-color: #ffffff;\">1000 daN<\/td>\r\n<\/tr>\r\n<tr>\r\n<td class=\"boldTd\" style=\"width: 734px; background-color: #ffffff;\">Vitesse de la but\u00e9e arri\u00e8re<\/td>\r\n<td style=\"width: 45px; background-color: #ffffff;\">jusqu&#8217;\u00e0 10 cm \/ seconde<\/td>\r\n<\/tr>\r\n<tr class=\"bgGray\">\r\n<td class=\"boldTd\" style=\"width: 734px; background-color: #ffffff;\">Interface<\/td>\r\n<td style=\"width: 45px; background-color: #ffffff;\">\u00e9cran tactile 15.6&#8243;<\/td>\r\n<\/tr>\r\n<tr>\r\n<td class=\"boldTd\" style=\"width: 734px; background-color: #ffffff;\">\u00c9cran tactile<\/td>\r\n<td style=\"width: 45px; background-color: #ffffff;\">1366 x 768 pixels multipoint<\/td>\r\n<\/tr>\r\n<tr class=\"bgGray\">\r\n<td class=\"boldTd\" style=\"width: 734px; background-color: #ffffff;\">Connectiques<\/td>\r\n<td style=\"width: 45px; background-color: #ffffff;\">LAN et USB<\/td>\r\n<\/tr>\r\n<tr>\r\n<td class=\"boldTd\" style=\"width: 734px; background-color: #ffffff;\">Alimentation \u00e9lectrique<\/td>\r\n<td style=\"width: 45px; background-color: #ffffff;\">230 V \/ 50 Hz<\/td>\r\n<\/tr>\r\n<tr class=\"bgGray\">\r\n<td class=\"boldTd\" style=\"width: 734px; background-color: #ffffff;\">Dimensions<\/td>\r\n<td style=\"width: 45px; background-color: #ffffff;\">1523 x 979 x 1211 mm<\/td>\r\n<\/tr>\r\n<tr>\r\n<td class=\"boldTd\" style=\"width: 734px; background-color: #ffffff;\">Poids<\/td>\r\n<td style=\"width: 45px; background-color: #ffffff;\">303 kg<\/td>\r\n<\/tr>\r\n<\/tbody>\r\n<\/table>\r\n&nbsp;","protected":false},"excerpt":{"rendered":"<p>Ideal &#8216;The 56&#8217;, next-generation programmable powered guillotine \u2013 for increased efficiency and productivity by working smarter. With IR light beam safety curtain and hydraulic clamp drive.<\/p>\n","protected":false},"featured_media":33625,"comment_status":"open","ping_status":"closed","template":"","meta":[],"product_cat":[2300,2301,2302,4124],"product_tag":[2425,2306,2743,2307,2308,4123,2309],"yoast_head":"<!-- This site is optimized with the Yoast SEO plugin v18.6 - https:\/\/yoast.com\/wordpress\/plugins\/seo\/ -->\n<title>Ideal 56, Massicot hydraulique, programmable de nouvelle g\u00e9n\u00e9ration - Albyco<\/title>\n<meta name=\"description\" content=\"Ideal &#039;The 56&#039;, next-generation programmable powered guillotine \u2013 for increased efficiency and productivity by working smarter. With IR light beam safety curtain and hydraulic clamp drive.\" \/>\n<meta name=\"robots\" content=\"index, follow, max-snippet:-1, max-image-preview:large, max-video-preview:-1\" \/>\n<link rel=\"canonical\" href=\"https:\/\/www.albyco.com\/fr\/produit\/ideal-56-next-generation-programmable-powered-guillotine\/\" \/>\n<meta property=\"og:locale\" content=\"fr_FR\" \/>\n<meta property=\"og:type\" content=\"article\" \/>\n<meta property=\"og:title\" content=\"Ideal 56, Massicot hydraulique, programmable de nouvelle g\u00e9n\u00e9ration - Albyco\" \/>\n<meta property=\"og:description\" content=\"Ideal &#039;The 56&#039;, next-generation programmable powered guillotine \u2013 for increased efficiency and productivity by working smarter. With IR light beam safety curtain and hydraulic clamp drive.\" \/>\n<meta property=\"og:url\" content=\"https:\/\/www.albyco.com\/fr\/produit\/ideal-56-next-generation-programmable-powered-guillotine\/\" \/>\n<meta property=\"og:site_name\" content=\"Albyco\" \/>\n<meta property=\"article:modified_time\" content=\"2021-07-06T13:21:33+00:00\" \/>\n<meta property=\"og:image\" content=\"https:\/\/www.albyco.com\/wp-content\/uploads\/2021\/06\/Ideal-56-1.jpg\" \/>\n\t<meta property=\"og:image:width\" content=\"998\" \/>\n\t<meta property=\"og:image:height\" content=\"805\" \/>\n\t<meta property=\"og:image:type\" content=\"image\/jpeg\" \/>\n<meta name=\"twitter:card\" content=\"summary\" \/>\n<meta name=\"twitter:site\" content=\"@AlbycoNederland\" \/>\n<meta name=\"twitter:label1\" content=\"Dur\u00e9e de lecture estim\u00e9e\" \/>\n\t<meta name=\"twitter:data1\" content=\"2 minutes\" \/>\n<script type=\"application\/ld+json\" class=\"yoast-schema-graph\">{\"@context\":\"https:\/\/schema.org\",\"@graph\":[{\"@type\":\"Organization\",\"@id\":\"https:\/\/www.albyco.com\/#organization\",\"name\":\"Albyco Nederland B.V.\",\"url\":\"https:\/\/www.albyco.com\/\",\"sameAs\":[\"https:\/\/www.linkedin.com\/company\/18015670\/\",\"https:\/\/www.youtube.com\/user\/AlbycoNederland\",\"https:\/\/nl.pinterest.com\/albyco\",\"https:\/\/twitter.com\/AlbycoNederland\"],\"logo\":{\"@type\":\"ImageObject\",\"@id\":\"https:\/\/www.albyco.com\/#logo\",\"inLanguage\":\"fr-FR\",\"url\":\"https:\/\/www.albyco.com\/wp-content\/uploads\/2017\/07\/albyco_logo_hd.png\",\"contentUrl\":\"https:\/\/www.albyco.com\/wp-content\/uploads\/2017\/07\/albyco_logo_hd.png\",\"width\":300,\"height\":300,\"caption\":\"Albyco Nederland B.V.\"},\"image\":{\"@id\":\"https:\/\/www.albyco.com\/#logo\"}},{\"@type\":\"WebSite\",\"@id\":\"https:\/\/www.albyco.com\/#website\",\"url\":\"https:\/\/www.albyco.com\/\",\"name\":\"Albyco\",\"description\":\"Leverancier voor nabewerking van geprinte media\",\"publisher\":{\"@id\":\"https:\/\/www.albyco.com\/#organization\"},\"potentialAction\":[{\"@type\":\"SearchAction\",\"target\":{\"@type\":\"EntryPoint\",\"urlTemplate\":\"https:\/\/www.albyco.com\/?s={search_term_string}\"},\"query-input\":\"required name=search_term_string\"}],\"inLanguage\":\"fr-FR\"},{\"@type\":\"ImageObject\",\"@id\":\"https:\/\/www.albyco.com\/fr\/produit\/ideal-56-next-generation-programmable-powered-guillotine\/#primaryimage\",\"inLanguage\":\"fr-FR\",\"url\":\"https:\/\/www.albyco.com\/wp-content\/uploads\/2021\/06\/Ideal-56-1.jpg\",\"contentUrl\":\"https:\/\/www.albyco.com\/wp-content\/uploads\/2021\/06\/Ideal-56-1.jpg\",\"width\":998,\"height\":805,\"caption\":\"Ideal 56, Massicot hydraulique, programmable de nouvelle g\u00e9n\u00e9ration\"},{\"@type\":\"WebPage\",\"@id\":\"https:\/\/www.albyco.com\/fr\/produit\/ideal-56-next-generation-programmable-powered-guillotine\/#webpage\",\"url\":\"https:\/\/www.albyco.com\/fr\/produit\/ideal-56-next-generation-programmable-powered-guillotine\/\",\"name\":\"Ideal 56, Massicot hydraulique, programmable de nouvelle g\u00e9n\u00e9ration - Albyco\",\"isPartOf\":{\"@id\":\"https:\/\/www.albyco.com\/#website\"},\"primaryImageOfPage\":{\"@id\":\"https:\/\/www.albyco.com\/fr\/produit\/ideal-56-next-generation-programmable-powered-guillotine\/#primaryimage\"},\"datePublished\":\"2021-06-23T13:40:47+00:00\",\"dateModified\":\"2021-07-06T13:21:33+00:00\",\"description\":\"Ideal 'The 56', next-generation programmable powered guillotine \u2013 for increased efficiency and productivity by working smarter. With IR light beam safety curtain and hydraulic clamp drive.\",\"breadcrumb\":{\"@id\":\"https:\/\/www.albyco.com\/fr\/produit\/ideal-56-next-generation-programmable-powered-guillotine\/#breadcrumb\"},\"inLanguage\":\"fr-FR\",\"potentialAction\":[{\"@type\":\"ReadAction\",\"target\":[\"https:\/\/www.albyco.com\/fr\/produit\/ideal-56-next-generation-programmable-powered-guillotine\/\"]}]},{\"@type\":\"BreadcrumbList\",\"@id\":\"https:\/\/www.albyco.com\/fr\/produit\/ideal-56-next-generation-programmable-powered-guillotine\/#breadcrumb\",\"itemListElement\":[{\"@type\":\"ListItem\",\"position\":1,\"name\":\"Home\",\"item\":\"https:\/\/www.albyco.com\/fr\/\"},{\"@type\":\"ListItem\",\"position\":2,\"name\":\"Les produits\",\"item\":\"https:\/\/www.albyco.com\/fr\/producten\/\"},{\"@type\":\"ListItem\",\"position\":3,\"name\":\"Ideal 56, Massicot hydraulique, programmable de nouvelle g\u00e9n\u00e9ration\"}]}]}<\/script>\n<!-- \/ Yoast SEO plugin. -->","yoast_head_json":{"title":"Ideal 56, Massicot hydraulique, programmable de nouvelle g\u00e9n\u00e9ration - Albyco","description":"Ideal 'The 56', next-generation programmable powered guillotine \u2013 for increased efficiency and productivity by working smarter. With IR light beam safety curtain and hydraulic clamp drive.","robots":{"index":"index","follow":"follow","max-snippet":"max-snippet:-1","max-image-preview":"max-image-preview:large","max-video-preview":"max-video-preview:-1"},"canonical":"https:\/\/www.albyco.com\/fr\/produit\/ideal-56-next-generation-programmable-powered-guillotine\/","og_locale":"fr_FR","og_type":"article","og_title":"Ideal 56, Massicot hydraulique, programmable de nouvelle g\u00e9n\u00e9ration - Albyco","og_description":"Ideal 'The 56', next-generation programmable powered guillotine \u2013 for increased efficiency and productivity by working smarter. With IR light beam safety curtain and hydraulic clamp drive.","og_url":"https:\/\/www.albyco.com\/fr\/produit\/ideal-56-next-generation-programmable-powered-guillotine\/","og_site_name":"Albyco","article_modified_time":"2021-07-06T13:21:33+00:00","og_image":[{"width":998,"height":805,"url":"https:\/\/www.albyco.com\/wp-content\/uploads\/2021\/06\/Ideal-56-1.jpg","type":"image\/jpeg"}],"twitter_card":"summary","twitter_site":"@AlbycoNederland","twitter_misc":{"Dur\u00e9e de lecture estim\u00e9e":"2 minutes"},"schema":{"@context":"https:\/\/schema.org","@graph":[{"@type":"Organization","@id":"https:\/\/www.albyco.com\/#organization","name":"Albyco Nederland B.V.","url":"https:\/\/www.albyco.com\/","sameAs":["https:\/\/www.linkedin.com\/company\/18015670\/","https:\/\/www.youtube.com\/user\/AlbycoNederland","https:\/\/nl.pinterest.com\/albyco","https:\/\/twitter.com\/AlbycoNederland"],"logo":{"@type":"ImageObject","@id":"https:\/\/www.albyco.com\/#logo","inLanguage":"fr-FR","url":"https:\/\/www.albyco.com\/wp-content\/uploads\/2017\/07\/albyco_logo_hd.png","contentUrl":"https:\/\/www.albyco.com\/wp-content\/uploads\/2017\/07\/albyco_logo_hd.png","width":300,"height":300,"caption":"Albyco Nederland B.V."},"image":{"@id":"https:\/\/www.albyco.com\/#logo"}},{"@type":"WebSite","@id":"https:\/\/www.albyco.com\/#website","url":"https:\/\/www.albyco.com\/","name":"Albyco","description":"Leverancier voor nabewerking van geprinte media","publisher":{"@id":"https:\/\/www.albyco.com\/#organization"},"potentialAction":[{"@type":"SearchAction","target":{"@type":"EntryPoint","urlTemplate":"https:\/\/www.albyco.com\/?s={search_term_string}"},"query-input":"required name=search_term_string"}],"inLanguage":"fr-FR"},{"@type":"ImageObject","@id":"https:\/\/www.albyco.com\/fr\/produit\/ideal-56-next-generation-programmable-powered-guillotine\/#primaryimage","inLanguage":"fr-FR","url":"https:\/\/www.albyco.com\/wp-content\/uploads\/2021\/06\/Ideal-56-1.jpg","contentUrl":"https:\/\/www.albyco.com\/wp-content\/uploads\/2021\/06\/Ideal-56-1.jpg","width":998,"height":805,"caption":"Ideal 56, Massicot hydraulique, programmable de nouvelle g\u00e9n\u00e9ration"},{"@type":"WebPage","@id":"https:\/\/www.albyco.com\/fr\/produit\/ideal-56-next-generation-programmable-powered-guillotine\/#webpage","url":"https:\/\/www.albyco.com\/fr\/produit\/ideal-56-next-generation-programmable-powered-guillotine\/","name":"Ideal 56, Massicot hydraulique, programmable de nouvelle g\u00e9n\u00e9ration - Albyco","isPartOf":{"@id":"https:\/\/www.albyco.com\/#website"},"primaryImageOfPage":{"@id":"https:\/\/www.albyco.com\/fr\/produit\/ideal-56-next-generation-programmable-powered-guillotine\/#primaryimage"},"datePublished":"2021-06-23T13:40:47+00:00","dateModified":"2021-07-06T13:21:33+00:00","description":"Ideal 'The 56', next-generation programmable powered guillotine \u2013 for increased efficiency and productivity by working smarter. With IR light beam safety curtain and hydraulic clamp drive.","breadcrumb":{"@id":"https:\/\/www.albyco.com\/fr\/produit\/ideal-56-next-generation-programmable-powered-guillotine\/#breadcrumb"},"inLanguage":"fr-FR","potentialAction":[{"@type":"ReadAction","target":["https:\/\/www.albyco.com\/fr\/produit\/ideal-56-next-generation-programmable-powered-guillotine\/"]}]},{"@type":"BreadcrumbList","@id":"https:\/\/www.albyco.com\/fr\/produit\/ideal-56-next-generation-programmable-powered-guillotine\/#breadcrumb","itemListElement":[{"@type":"ListItem","position":1,"name":"Home","item":"https:\/\/www.albyco.com\/fr\/"},{"@type":"ListItem","position":2,"name":"Les produits","item":"https:\/\/www.albyco.com\/fr\/producten\/"},{"@type":"ListItem","position":3,"name":"Ideal 56, Massicot hydraulique, programmable de nouvelle g\u00e9n\u00e9ration"}]}]}},"_links":{"self":[{"href":"https:\/\/www.albyco.com\/fr\/wp-json\/wp\/v2\/product\/33694"}],"collection":[{"href":"https:\/\/www.albyco.com\/fr\/wp-json\/wp\/v2\/product"}],"about":[{"href":"https:\/\/www.albyco.com\/fr\/wp-json\/wp\/v2\/types\/product"}],"replies":[{"embeddable":true,"href":"https:\/\/www.albyco.com\/fr\/wp-json\/wp\/v2\/comments?post=33694"}],"wp:featuredmedia":[{"embeddable":true,"href":"https:\/\/www.albyco.com\/fr\/wp-json\/wp\/v2\/media\/33625"}],"wp:attachment":[{"href":"https:\/\/www.albyco.com\/fr\/wp-json\/wp\/v2\/media?parent=33694"}],"wp:term":[{"taxonomy":"product_cat","embeddable":true,"href":"https:\/\/www.albyco.com\/fr\/wp-json\/wp\/v2\/product_cat?post=33694"},{"taxonomy":"product_tag","embeddable":true,"href":"https:\/\/www.albyco.com\/fr\/wp-json\/wp\/v2\/product_tag?post=33694"}],"curies":[{"name":"wp","href":"https:\/\/api.w.org\/{rel}","templated":true}]}}