{"id":33692,"date":"2018-08-21T14:26:03","date_gmt":"2018-08-21T12:26:03","guid":{"rendered":"https:\/\/www.albyco.com\/product\/ideal-6660-massicot-electrique\/"},"modified":"2021-12-26T09:33:11","modified_gmt":"2021-12-26T08:33:11","slug":"ideal-6660-massicot-electrique","status":"publish","type":"product","link":"https:\/\/www.albyco.com\/fr\/produit\/ideal-6660-massicot-electrique\/","title":{"rendered":"Ideal 6660 massicot \u00e9lectrique"},"content":{"rendered":"<table style=\"width: 100%; border-collapse: collapse;\" border=\"0\">\r\n<tbody>\r\n<tr>\r\n<td style=\"width: 50%; background-color: #ffffff;\">Ideal 6660 massicot \u00e9lectrique est identique au mod\u00e8le Ideal 6655, sans carter de protection avant qui est remplac\u00e9 par un barrage immat\u00e9riel par cellules photo\u00e9lectriques. Comme son mod\u00e8le &#8220;standard&#8221; le massicot Ideal 6655, ce massicot permet la coupe de documents jusqu&#8217;\u00e0 650 mm de largeur et 80 mm d&#8217;\u00e9paisseur.<\/td>\r\n<td style=\"width: 50%; background-color: #ffffff;\">\r\n<table style=\"width: 100%; border-collapse: collapse;\" border=\"0\">\r\n<tbody>\r\n<tr>\r\n<td style=\"width: 50%; text-align: center;\"><div class=\"epyt-video-wrapper\"><iframe  id=\"_ytid_30518\"  width=\"800\" height=\"450\"  data-origwidth=\"800\" data-origheight=\"450\"  data-relstop=\"1\" src=\"https:\/\/www.youtube.com\/embed\/J1b4ly9YXd4?enablejsapi=1&autoplay=0&cc_load_policy=0&iv_load_policy=1&loop=0&modestbranding=0&fs=1&playsinline=1&controls=1&color=red&cc_lang_pref=&rel=0&autohide=2&theme=dark&\" class=\"__youtube_prefs__  no-lazyload\" title=\"YouTube player\"  allow=\"accelerometer; autoplay; clipboard-write; encrypted-media; gyroscope; picture-in-picture\" allowfullscreen data-no-lazy=\"1\" data-skipgform_ajax_framebjll=\"\"><\/iframe><\/div><\/td>\r\n<\/tr>\r\n<\/tbody>\r\n<\/table>\r\n<div class=\"cc\"><\/div><\/td>\r\n<\/tr>\r\n<tr>\r\n<td style=\"width: 50%; background-color: #ffffff;\" colspan=\"2\">Le carter de protection avant est remplac\u00e9 par une d\u00e9tection de pr\u00e9sence par cellules photo\u00e9lectriques.<\/td>\r\n<\/tr>\r\n<tr>\r\n<td style=\"width: 50%; background-color: #ffffff;\" colspan=\"2\">Ses autres dispositifs de s\u00e9curit\u00e9 (Syst\u00e8me de Coupe S\u00e9curis\u00e9) vous permettront un usage de l&#8217;appareil en toute s\u00e9curit\u00e9 :\r\n<table style=\"width: 100%; border-collapse: collapse;\" border=\"0\">\r\n<tbody>\r\n<tr>\r\n<td style=\"width: 100%; background-color: #ffffff;\">&#8211; Commande bi-manuelle EASY-CUT<\/td>\r\n<\/tr>\r\n<tr>\r\n<td style=\"width: 100%; background-color: #ffffff;\">&#8211; Carters de protection transparents \u00e0 l&#8217;arri\u00e8re<\/td>\r\n<\/tr>\r\n<tr>\r\n<td style=\"width: 100%; background-color: #ffffff;\">&#8211; Interrupteur principal cadenassable et contacteur \u00e0 cl\u00e9<\/td>\r\n<\/tr>\r\n<tr>\r\n<td style=\"width: 100%; background-color: #ffffff;\">&#8211; Dispositifs s\u00e9curis\u00e9s pour le changement de la lame et de la r\u00e9glette<\/td>\r\n<\/tr>\r\n<\/tbody>\r\n<\/table>\r\nAutres caract\u00e9ristiques et \u00e9quipements de l&#8217;appareil :<\/td>\r\n<\/tr>\r\n<tr>\r\n<td style=\"width: 50%; background-color: #ffffff;\" colspan=\"2\">&#8211; Commande \u00e9lectronique programmable (m\u00e9moire de 99 programmes) avec \u00e9cran tactile multilingue pour un r\u00e9glage facile de la but\u00e9e arri\u00e8re<\/td>\r\n<\/tr>\r\n<tr>\r\n<td style=\"width: 50%; background-color: #ffffff;\" colspan=\"2\">&#8211; Affichage digital des dimensions en mm\/pouces<\/td>\r\n<\/tr>\r\n<tr>\r\n<td style=\"width: 50%; background-color: #ffffff;\" colspan=\"2\">&#8211; Pression automatique pour une productivit\u00e9 accrue<\/td>\r\n<\/tr>\r\n<tr>\r\n<td style=\"width: 50%; background-color: #ffffff;\" colspan=\"2\">&#8211; Lame de qualit\u00e9 sup\u00e9rieure en acier<\/td>\r\n<\/tr>\r\n<tr>\r\n<td style=\"width: 50%; background-color: #ffffff;\" colspan=\"2\">&#8211; Entra\u00eenement \u00e9lectro-m\u00e9canique de la lame et de la presse<\/td>\r\n<\/tr>\r\n<tr>\r\n<td style=\"width: 50%; background-color: #ffffff;\" colspan=\"2\">&#8211; Porte lame tout en acier avec glissi\u00e8res r\u00e9glables<\/td>\r\n<\/tr>\r\n<tr>\r\n<td style=\"background-color: #ffffff;\" colspan=\"2\">&#8211; Porte outils pratique sur la table arri\u00e8re<\/td>\r\n<\/tr>\r\n<tr>\r\n<td style=\"width: 50%; background-color: #ffffff;\" colspan=\"2\">&#8211; Mat\u00e9rialisation optique de la ligne de coupe par LEDs<\/td>\r\n<\/tr>\r\n<\/tbody>\r\n<\/table>\r\n<table class=\"caracTable\">\r\n<tbody>\r\n<tr class=\"bgGray\">\r\n<td class=\"boldTd\" style=\"background-color: #ffffff;\">Longueur de coupe<\/td>\r\n<td style=\"background-color: #ffffff;\">650 mm<\/td>\r\n<\/tr>\r\n<tr>\r\n<td class=\"boldTd\" style=\"background-color: #ffffff;\">Capacit\u00e9 de coupe maximale<\/td>\r\n<td style=\"background-color: #ffffff;\">80 mm<\/td>\r\n<\/tr>\r\n<tr class=\"bgGray\">\r\n<td class=\"boldTd\" style=\"background-color: #ffffff;\">Coupe minimale<\/td>\r\n<td style=\"background-color: #ffffff;\">25 mm<\/td>\r\n<\/tr>\r\n<tr>\r\n<td class=\"boldTd\" style=\"background-color: #ffffff;\">Profondeur de table<\/td>\r\n<td style=\"background-color: #ffffff;\">610 mm<\/td>\r\n<\/tr>\r\n<tr class=\"bgGray\">\r\n<td class=\"boldTd\" style=\"background-color: #ffffff;\">Alimentation<\/td>\r\n<td style=\"background-color: #ffffff;\">230 Volt \/ 50 Hz<\/td>\r\n<\/tr>\r\n<tr>\r\n<td class=\"boldTd\" style=\"background-color: #ffffff;\">Puissance du moteur (consommation)<\/td>\r\n<td style=\"background-color: #ffffff;\">1,42 kW<\/td>\r\n<\/tr>\r\n<tr class=\"bgGray\">\r\n<td class=\"boldTd\" style=\"background-color: #ffffff;\">Dimensions<\/td>\r\n<td style=\"background-color: #ffffff;\">H 1290 x L 992 x P 1220 mm<\/td>\r\n<\/tr>\r\n<tr>\r\n<td class=\"boldTd\" style=\"background-color: #ffffff;\">Dimensions avec tables lat\u00e9rales<\/td>\r\n<td style=\"background-color: #ffffff;\">H 1290 x L 1565 x P 1220 mm<\/td>\r\n<\/tr>\r\n<tr class=\"bgGray\">\r\n<td class=\"boldTd\" style=\"background-color: #ffffff;\">Poids<\/td>\r\n<td style=\"background-color: #ffffff;\">312 kg<\/td>\r\n<\/tr>\r\n<tr>\r\n<td class=\"boldTd\" style=\"background-color: #ffffff;\">Poids avec tables lat\u00e9rales<\/td>\r\n<td style=\"background-color: #ffffff;\">321 kg<\/td>\r\n<\/tr>\r\n<\/tbody>\r\n<\/table>\r\n&nbsp;","protected":false},"excerpt":{"rendered":"<table style=\"width: 100%; border-collapse: collapse;\" border=\"0\">\n<tbody>\n<tr>\n<td style=\"width: 50%; background-color: #ffffff;\">Ideal 6660 massicot \u00e9lectrique est identique au mod\u00e8le Ideal 6655, sans carter de protection avant qui est remplac\u00e9 par un barrage immat\u00e9riel par cellules photo\u00e9lectriques.<\/td>\n<\/tr>\n<\/tbody>\n<\/table>\n","protected":false},"featured_media":7954,"comment_status":"open","ping_status":"closed","template":"","meta":[],"product_cat":[2300,2301,2302,2303],"product_tag":[2886,2305,2425,2306,2743,2307,2308,4123,2309],"yoast_head":"<!-- This site is optimized with the Yoast SEO plugin v18.6 - https:\/\/yoast.com\/wordpress\/plugins\/seo\/ -->\n<title>Ideal 6660 massicot \u00e9lectrique<\/title>\n<meta name=\"description\" content=\"Ideal 6660 massicot \u00e9lectrique est identique au mod\u00e8le Ideal 6655, sans carter de protection avant qui est remplac\u00e9 par un barrage immat\u00e9riel par cellules photo\u00e9lectriques. Comme son mod\u00e8le &quot;standard&quot; le massicot Ideal 6655, ce massicot permet la coupe de documents jusqu&#039;\u00e0 650 mm de largeur et 80 mm d&#039;\u00e9paisseur.\" \/>\n<meta name=\"robots\" content=\"index, follow, max-snippet:-1, max-image-preview:large, max-video-preview:-1\" \/>\n<link rel=\"canonical\" href=\"https:\/\/www.albyco.com\/fr\/produit\/ideal-6660-massicot-electrique\/\" \/>\n<meta property=\"og:locale\" content=\"fr_FR\" \/>\n<meta property=\"og:type\" content=\"article\" \/>\n<meta property=\"og:title\" content=\"Ideal 6660 massicot \u00e9lectrique\" \/>\n<meta property=\"og:description\" content=\"Ideal 6660 massicot \u00e9lectrique est identique au mod\u00e8le Ideal 6655, sans carter de protection avant qui est remplac\u00e9 par un barrage immat\u00e9riel par cellules photo\u00e9lectriques. Comme son mod\u00e8le &quot;standard&quot; le massicot Ideal 6655, ce massicot permet la coupe de documents jusqu&#039;\u00e0 650 mm de largeur et 80 mm d&#039;\u00e9paisseur.\" \/>\n<meta property=\"og:url\" content=\"https:\/\/www.albyco.com\/fr\/produit\/ideal-6660-massicot-electrique\/\" \/>\n<meta property=\"og:site_name\" content=\"Albyco\" \/>\n<meta property=\"article:modified_time\" content=\"2021-12-26T08:33:11+00:00\" \/>\n<meta property=\"og:image\" content=\"https:\/\/www.albyco.com\/wp-content\/uploads\/2017\/06\/ebaideal-ebaideal-6660-stapelsnijder_IDEAL6660.jpg\" \/>\n\t<meta property=\"og:image:width\" content=\"487\" \/>\n\t<meta property=\"og:image:height\" content=\"610\" \/>\n\t<meta property=\"og:image:type\" content=\"image\/jpeg\" \/>\n<meta name=\"twitter:card\" content=\"summary\" \/>\n<meta name=\"twitter:site\" content=\"@AlbycoNederland\" \/>\n<meta name=\"twitter:label1\" content=\"Dur\u00e9e de lecture estim\u00e9e\" \/>\n\t<meta name=\"twitter:data1\" content=\"1 minute\" \/>\n<script type=\"application\/ld+json\" class=\"yoast-schema-graph\">{\"@context\":\"https:\/\/schema.org\",\"@graph\":[{\"@type\":\"Organization\",\"@id\":\"https:\/\/www.albyco.com\/#organization\",\"name\":\"Albyco Nederland B.V.\",\"url\":\"https:\/\/www.albyco.com\/\",\"sameAs\":[\"https:\/\/www.linkedin.com\/company\/18015670\/\",\"https:\/\/www.youtube.com\/user\/AlbycoNederland\",\"https:\/\/nl.pinterest.com\/albyco\",\"https:\/\/twitter.com\/AlbycoNederland\"],\"logo\":{\"@type\":\"ImageObject\",\"@id\":\"https:\/\/www.albyco.com\/#logo\",\"inLanguage\":\"fr-FR\",\"url\":\"https:\/\/www.albyco.com\/wp-content\/uploads\/2017\/07\/albyco_logo_hd.png\",\"contentUrl\":\"https:\/\/www.albyco.com\/wp-content\/uploads\/2017\/07\/albyco_logo_hd.png\",\"width\":300,\"height\":300,\"caption\":\"Albyco Nederland B.V.\"},\"image\":{\"@id\":\"https:\/\/www.albyco.com\/#logo\"}},{\"@type\":\"WebSite\",\"@id\":\"https:\/\/www.albyco.com\/#website\",\"url\":\"https:\/\/www.albyco.com\/\",\"name\":\"Albyco\",\"description\":\"Leverancier voor nabewerking van geprinte media\",\"publisher\":{\"@id\":\"https:\/\/www.albyco.com\/#organization\"},\"potentialAction\":[{\"@type\":\"SearchAction\",\"target\":{\"@type\":\"EntryPoint\",\"urlTemplate\":\"https:\/\/www.albyco.com\/?s={search_term_string}\"},\"query-input\":\"required name=search_term_string\"}],\"inLanguage\":\"fr-FR\"},{\"@type\":\"ImageObject\",\"@id\":\"https:\/\/www.albyco.com\/fr\/produit\/ideal-6660-massicot-electrique\/#primaryimage\",\"inLanguage\":\"fr-FR\",\"url\":\"https:\/\/www.albyco.com\/wp-content\/uploads\/2017\/06\/ebaideal-ebaideal-6660-stapelsnijder_IDEAL6660.jpg\",\"contentUrl\":\"https:\/\/www.albyco.com\/wp-content\/uploads\/2017\/06\/ebaideal-ebaideal-6660-stapelsnijder_IDEAL6660.jpg\",\"width\":487,\"height\":610,\"caption\":\"Ideal 6660 massicot \u00e9lectrique\"},{\"@type\":\"WebPage\",\"@id\":\"https:\/\/www.albyco.com\/fr\/produit\/ideal-6660-massicot-electrique\/#webpage\",\"url\":\"https:\/\/www.albyco.com\/fr\/produit\/ideal-6660-massicot-electrique\/\",\"name\":\"Ideal 6660 massicot \u00e9lectrique\",\"isPartOf\":{\"@id\":\"https:\/\/www.albyco.com\/#website\"},\"primaryImageOfPage\":{\"@id\":\"https:\/\/www.albyco.com\/fr\/produit\/ideal-6660-massicot-electrique\/#primaryimage\"},\"datePublished\":\"2018-08-21T12:26:03+00:00\",\"dateModified\":\"2021-12-26T08:33:11+00:00\",\"description\":\"Ideal 6660 massicot \u00e9lectrique est identique au mod\u00e8le Ideal 6655, sans carter de protection avant qui est remplac\u00e9 par un barrage immat\u00e9riel par cellules photo\u00e9lectriques. Comme son mod\u00e8le \\\"standard\\\" le massicot Ideal 6655, ce massicot permet la coupe de documents jusqu'\u00e0 650 mm de largeur et 80 mm d'\u00e9paisseur.\",\"breadcrumb\":{\"@id\":\"https:\/\/www.albyco.com\/fr\/produit\/ideal-6660-massicot-electrique\/#breadcrumb\"},\"inLanguage\":\"fr-FR\",\"potentialAction\":[{\"@type\":\"ReadAction\",\"target\":[\"https:\/\/www.albyco.com\/fr\/produit\/ideal-6660-massicot-electrique\/\"]}]},{\"@type\":\"BreadcrumbList\",\"@id\":\"https:\/\/www.albyco.com\/fr\/produit\/ideal-6660-massicot-electrique\/#breadcrumb\",\"itemListElement\":[{\"@type\":\"ListItem\",\"position\":1,\"name\":\"Home\",\"item\":\"https:\/\/www.albyco.com\/fr\/\"},{\"@type\":\"ListItem\",\"position\":2,\"name\":\"Les produits\",\"item\":\"https:\/\/www.albyco.com\/fr\/producten\/\"},{\"@type\":\"ListItem\",\"position\":3,\"name\":\"Ideal 6660 massicot \u00e9lectrique\"}]}]}<\/script>\n<!-- \/ Yoast SEO plugin. -->","yoast_head_json":{"title":"Ideal 6660 massicot \u00e9lectrique","description":"Ideal 6660 massicot \u00e9lectrique est identique au mod\u00e8le Ideal 6655, sans carter de protection avant qui est remplac\u00e9 par un barrage immat\u00e9riel par cellules photo\u00e9lectriques. Comme son mod\u00e8le \"standard\" le massicot Ideal 6655, ce massicot permet la coupe de documents jusqu'\u00e0 650 mm de largeur et 80 mm d'\u00e9paisseur.","robots":{"index":"index","follow":"follow","max-snippet":"max-snippet:-1","max-image-preview":"max-image-preview:large","max-video-preview":"max-video-preview:-1"},"canonical":"https:\/\/www.albyco.com\/fr\/produit\/ideal-6660-massicot-electrique\/","og_locale":"fr_FR","og_type":"article","og_title":"Ideal 6660 massicot \u00e9lectrique","og_description":"Ideal 6660 massicot \u00e9lectrique est identique au mod\u00e8le Ideal 6655, sans carter de protection avant qui est remplac\u00e9 par un barrage immat\u00e9riel par cellules photo\u00e9lectriques. Comme son mod\u00e8le \"standard\" le massicot Ideal 6655, ce massicot permet la coupe de documents jusqu'\u00e0 650 mm de largeur et 80 mm d'\u00e9paisseur.","og_url":"https:\/\/www.albyco.com\/fr\/produit\/ideal-6660-massicot-electrique\/","og_site_name":"Albyco","article_modified_time":"2021-12-26T08:33:11+00:00","og_image":[{"width":487,"height":610,"url":"https:\/\/www.albyco.com\/wp-content\/uploads\/2017\/06\/ebaideal-ebaideal-6660-stapelsnijder_IDEAL6660.jpg","type":"image\/jpeg"}],"twitter_card":"summary","twitter_site":"@AlbycoNederland","twitter_misc":{"Dur\u00e9e de lecture estim\u00e9e":"1 minute"},"schema":{"@context":"https:\/\/schema.org","@graph":[{"@type":"Organization","@id":"https:\/\/www.albyco.com\/#organization","name":"Albyco Nederland B.V.","url":"https:\/\/www.albyco.com\/","sameAs":["https:\/\/www.linkedin.com\/company\/18015670\/","https:\/\/www.youtube.com\/user\/AlbycoNederland","https:\/\/nl.pinterest.com\/albyco","https:\/\/twitter.com\/AlbycoNederland"],"logo":{"@type":"ImageObject","@id":"https:\/\/www.albyco.com\/#logo","inLanguage":"fr-FR","url":"https:\/\/www.albyco.com\/wp-content\/uploads\/2017\/07\/albyco_logo_hd.png","contentUrl":"https:\/\/www.albyco.com\/wp-content\/uploads\/2017\/07\/albyco_logo_hd.png","width":300,"height":300,"caption":"Albyco Nederland B.V."},"image":{"@id":"https:\/\/www.albyco.com\/#logo"}},{"@type":"WebSite","@id":"https:\/\/www.albyco.com\/#website","url":"https:\/\/www.albyco.com\/","name":"Albyco","description":"Leverancier voor nabewerking van geprinte media","publisher":{"@id":"https:\/\/www.albyco.com\/#organization"},"potentialAction":[{"@type":"SearchAction","target":{"@type":"EntryPoint","urlTemplate":"https:\/\/www.albyco.com\/?s={search_term_string}"},"query-input":"required name=search_term_string"}],"inLanguage":"fr-FR"},{"@type":"ImageObject","@id":"https:\/\/www.albyco.com\/fr\/produit\/ideal-6660-massicot-electrique\/#primaryimage","inLanguage":"fr-FR","url":"https:\/\/www.albyco.com\/wp-content\/uploads\/2017\/06\/ebaideal-ebaideal-6660-stapelsnijder_IDEAL6660.jpg","contentUrl":"https:\/\/www.albyco.com\/wp-content\/uploads\/2017\/06\/ebaideal-ebaideal-6660-stapelsnijder_IDEAL6660.jpg","width":487,"height":610,"caption":"Ideal 6660 massicot \u00e9lectrique"},{"@type":"WebPage","@id":"https:\/\/www.albyco.com\/fr\/produit\/ideal-6660-massicot-electrique\/#webpage","url":"https:\/\/www.albyco.com\/fr\/produit\/ideal-6660-massicot-electrique\/","name":"Ideal 6660 massicot \u00e9lectrique","isPartOf":{"@id":"https:\/\/www.albyco.com\/#website"},"primaryImageOfPage":{"@id":"https:\/\/www.albyco.com\/fr\/produit\/ideal-6660-massicot-electrique\/#primaryimage"},"datePublished":"2018-08-21T12:26:03+00:00","dateModified":"2021-12-26T08:33:11+00:00","description":"Ideal 6660 massicot \u00e9lectrique est identique au mod\u00e8le Ideal 6655, sans carter de protection avant qui est remplac\u00e9 par un barrage immat\u00e9riel par cellules photo\u00e9lectriques. Comme son mod\u00e8le \"standard\" le massicot Ideal 6655, ce massicot permet la coupe de documents jusqu'\u00e0 650 mm de largeur et 80 mm d'\u00e9paisseur.","breadcrumb":{"@id":"https:\/\/www.albyco.com\/fr\/produit\/ideal-6660-massicot-electrique\/#breadcrumb"},"inLanguage":"fr-FR","potentialAction":[{"@type":"ReadAction","target":["https:\/\/www.albyco.com\/fr\/produit\/ideal-6660-massicot-electrique\/"]}]},{"@type":"BreadcrumbList","@id":"https:\/\/www.albyco.com\/fr\/produit\/ideal-6660-massicot-electrique\/#breadcrumb","itemListElement":[{"@type":"ListItem","position":1,"name":"Home","item":"https:\/\/www.albyco.com\/fr\/"},{"@type":"ListItem","position":2,"name":"Les produits","item":"https:\/\/www.albyco.com\/fr\/producten\/"},{"@type":"ListItem","position":3,"name":"Ideal 6660 massicot \u00e9lectrique"}]}]}},"_links":{"self":[{"href":"https:\/\/www.albyco.com\/fr\/wp-json\/wp\/v2\/product\/33692"}],"collection":[{"href":"https:\/\/www.albyco.com\/fr\/wp-json\/wp\/v2\/product"}],"about":[{"href":"https:\/\/www.albyco.com\/fr\/wp-json\/wp\/v2\/types\/product"}],"replies":[{"embeddable":true,"href":"https:\/\/www.albyco.com\/fr\/wp-json\/wp\/v2\/comments?post=33692"}],"wp:featuredmedia":[{"embeddable":true,"href":"https:\/\/www.albyco.com\/fr\/wp-json\/wp\/v2\/media\/7954"}],"wp:attachment":[{"href":"https:\/\/www.albyco.com\/fr\/wp-json\/wp\/v2\/media?parent=33692"}],"wp:term":[{"taxonomy":"product_cat","embeddable":true,"href":"https:\/\/www.albyco.com\/fr\/wp-json\/wp\/v2\/product_cat?post=33692"},{"taxonomy":"product_tag","embeddable":true,"href":"https:\/\/www.albyco.com\/fr\/wp-json\/wp\/v2\/product_tag?post=33692"}],"curies":[{"name":"wp","href":"https:\/\/api.w.org\/{rel}","templated":true}]}}