{"id":33690,"date":"2018-08-21T14:03:20","date_gmt":"2018-08-21T12:03:20","guid":{"rendered":"https:\/\/www.albyco.com\/product\/ideal-5260-massicot-eleq\/"},"modified":"2018-08-21T14:03:20","modified_gmt":"2018-08-21T12:03:20","slug":"ideal-5260-massicot-eleq","status":"publish","type":"product","link":"https:\/\/www.albyco.com\/fr\/produit\/ideal-5260-massicot-eleq\/","title":{"rendered":"Ideal 5260 massicot \u00e9lectrique"},"content":{"rendered":"<table style=\"width: 100%; border-collapse: collapse;\" border=\"0\">\r\n<tbody>\r\n<tr>\r\n<td style=\"width: 50%;\"><strong>Ideal 5260<\/strong> massicot \u00e9lectrique pour l&#8217;impression num\u00e9rique avec touchpad et le pare-lumi\u00e8re \u00e0 la table avant<\/td>\r\n<td style=\"width: 50%;\"><div class=\"epyt-video-wrapper\"><iframe  id=\"_ytid_61189\"  width=\"800\" height=\"450\"  data-origwidth=\"800\" data-origheight=\"450\"  data-relstop=\"1\" src=\"https:\/\/www.youtube.com\/embed\/J1b4ly9YXd4?enablejsapi=1&autoplay=0&cc_load_policy=0&iv_load_policy=1&loop=0&modestbranding=0&fs=1&playsinline=1&controls=1&color=red&cc_lang_pref=&rel=0&autohide=2&theme=dark&\" class=\"__youtube_prefs__  no-lazyload\" title=\"YouTube player\"  allow=\"accelerometer; autoplay; clipboard-write; encrypted-media; gyroscope; picture-in-picture\" allowfullscreen data-no-lazy=\"1\" data-skipgform_ajax_framebjll=\"\"><\/iframe><\/div><\/td>\r\n<\/tr>\r\n<tr>\r\n<td style=\"width: 50%;\"><strong>Travail s\u00e9curitaire et efficace<\/strong><\/td>\r\n<td style=\"width: 50%;\"><\/td>\r\n<\/tr>\r\n<tr>\r\n<td style=\"width: 50%;\" colspan=\"2\">Barri\u00e8re lumineuse infrarouge : Un travail efficace et fiable, la barri\u00e8re lumineuse sur la table avant. La couverture de s\u00e9curit\u00e9 transparente sur la table arri\u00e8re assure une s\u00e9curit\u00e9 optimale.<\/td>\r\n<\/tr>\r\n<tr>\r\n<td style=\"width: 50%;\"><strong>Nouveau contr\u00f4le<\/strong><\/td>\r\n<td style=\"width: 50%;\"><\/td>\r\n<\/tr>\r\n<tr>\r\n<td style=\"width: 50%;\" colspan=\"2\">Easy_Cut : Lame et serrer les deux positions des deux novatrice et brevet\u00e9e d&#8217;exploitation de mani\u00e8re ind\u00e9pendante ou \u00eatre d\u00e9plac\u00e9 gemeisam. La commande bi-manuelle avec contr\u00f4le de concurrence est garantie.<\/td>\r\n<\/tr>\r\n<tr>\r\n<td style=\"width: 50%;\"><strong>Contr\u00f4le moderne<\/strong><\/td>\r\n<td style=\"width: 50%;\"><\/td>\r\n<\/tr>\r\n<tr>\r\n<td style=\"width: 50%;\" colspan=\"2\">Touchpad : Extr\u00eamement pratique et facile \u00e0 utiliser: module de contr\u00f4le \u00e9lectronique de la but\u00e9e arri\u00e8re \u00e9lectrique avec pav\u00e9 tactile multilingue. 99 programmes avec jusqu&#8217;\u00e0 99 \u00e9tapes peuvent \u00eatre stock\u00e9s. Aussi utile: les tailles pr\u00e9-programm\u00e9s DIN et la m\u00e9moire automatique pour coupes r\u00e9p\u00e9titives.<\/td>\r\n<\/tr>\r\n<tr>\r\n<td style=\"width: 50%;\"><strong>Manuellement et avec pr\u00e9cision<\/strong><\/td>\r\n<td style=\"width: 50%;\"><\/td>\r\n<\/tr>\r\n<tr>\r\n<td style=\"width: 50%;\" colspan=\"2\">Manivelle \u00e9lectronique : Manivelle \u00e9lectronique pour le positionnement de retour jauge manuelle avec commande de vitesse infiniment variable (de tr\u00e8s lente \u00e0 tr\u00e8s rapide).<\/td>\r\n<\/tr>\r\n<tr>\r\n<td style=\"width: 50%;\"><strong>Voyez o\u00f9 vous coupez<\/strong><\/td>\r\n<td style=\"width: 50%;\"><\/td>\r\n<\/tr>\r\n<tr>\r\n<td style=\"width: 50%;\" colspan=\"2\">Ligne de coupe optique : La ligne de coupe optique brillante, durable LED indique l&#8217;endroit o\u00f9 la coupe sera effectu\u00e9e et permet d&#8217;aligner pr\u00e9cis\u00e9ment les marques de coupe pour des coupes pr\u00e9cises.\r\nPositionnement pr\u00e9cis : Deux but\u00e9es lat\u00e9rales sur tables avant et arri\u00e8re et la but\u00e9e arri\u00e8re pr\u00e9cis permettant un positionnement exact m\u00eame pour papier de petite taille.<\/td>\r\n<\/tr>\r\n<tr>\r\n<td style=\"width: 50%;\"><strong>Changement de lame<\/strong><\/td>\r\n<td style=\"width: 50%;\"><\/td>\r\n<\/tr>\r\n<tr>\r\n<td style=\"width: 50%;\" colspan=\"2\">Simple et s\u00e9curitaire : Les dispositifs \u00ab SCS \u00bb permettent l&#8217;entretien des massicots tel que le changement de lame, en toute s\u00e9curit\u00e9. Les carters n&#8217;ont pas besoin d&#8217;\u00eatre d\u00e9mont\u00e9s. Il est ais\u00e9 de remplacer rapidement la lame en toute s\u00e9curit\u00e9, gr\u00e2ce \u00e0 un dispositif prot\u00e9geant son tranchant et \u00e0 un accrochage sur le porte-lame (pour la lame non encore fix\u00e9e par vis).<\/td>\r\n<\/tr>\r\n<tr>\r\n<td style=\"width: 50%;\"><strong>D\u00e9tail pratique<\/strong><\/td>\r\n<td style=\"width: 50%;\"><\/td>\r\n<\/tr>\r\n<tr>\r\n<td style=\"width: 50%;\" colspan=\"2\">Porte-outil amovible : Pour le remplacement de la lame et l&#8217;entretien de l&#8217;outil dont vous avez besoin est \u00e0 port\u00e9e de main disponibles sur la machine.<\/td>\r\n<\/tr>\r\n<tr>\r\n<td style=\"width: 50%;\"><strong>Composants de haute qualit\u00e9<\/strong><\/td>\r\n<td style=\"width: 50%;\"><\/td>\r\n<\/tr>\r\n<tr>\r\n<td style=\"width: 50%;\" colspan=\"2\">Qualit\u00e9 dans tous les d\u00e9tails : Tous les composants de nos machines de coupe, des lames affutables en acier de Solingen, jusqu&#8217;au b\u00e2ti enti\u00e8rement m\u00e9tallique de nos produits, recouvert de poudre \u00e9cologique, se caract\u00e9risent par leur grande qualit\u00e9 et leur int\u00e9gration dans l&#8217;environnement en pr\u00e9servant les ressources.<\/td>\r\n<\/tr>\r\n<tr>\r\n<td style=\"width: 50%;\"><strong>Syst\u00e8me de Coupe S\u00e9curis\u00e9e<\/strong><\/td>\r\n<td style=\"width: 50%;\"><\/td>\r\n<\/tr>\r\n<tr>\r\n<td style=\"width: 50%;\" colspan=\"2\">Les \u00e9l\u00e9ments \u00ab SCS \u00bb veillent \u00e0 votre s\u00e9curit\u00e9 pendant la coupe et l&#8217;entretien des massicots IDEAL. L&#8217;\u00e9l\u00e9ment central du \u00ab SCS \u00bb, commun \u00e0 tous les massicots, sont les carters de protection sur les tables avant et arri\u00e8re.Les massicots de bureau sont \u00e9quip\u00e9s, sur la table avant, de carters de protection pivotants, qui se verrouillent m\u00e9caniquement ou \u00e9lectriquement lors de la coupe. Les mod\u00e8les plus grands sont \u00e9quip\u00e9s d&#8217;un barrage immat\u00e9riel par cellules photo-\u00e9lectriques pour une utilisation optimale et s\u00e9curis\u00e9e. Le cycle de coupe est automatiquement interrompu d\u00e8s l&#8217;introduction d&#8217;un corps \u00e9tranger dans la zone des cellules, ou lors de l&#8217;ouverture du capot avant \u0096 arr\u00eat instantan\u00e9 de la lame gr\u00e2ce \u00e0 un frein \u00e0 disque et le retour automatique de la lame est activ\u00e9. Dispositifs de s\u00e9curit\u00e9 \u00ab SCS \u00bb additionnels pour les massicots \u00e9lectriques : syst\u00e8me d&#8217;entra\u00eenement brevet\u00e9 IDEAL, une commande basse tension de 24 V, un interrupteur principal cadenassable, contacteur \u00e0 cl\u00e9 et une commande bi-manuelle temporis\u00e9e anti-r\u00e9p\u00e9titive. Sur les massicots manuels, il faut d\u00e9verrouiller le verrou de s\u00e9curit\u00e9 du levier de coupe. Cette manipulation oblige une utilisation bi-manuelle et permet ainsi une meilleure s\u00e9curit\u00e9 lors de la coupe. Les dispositifs \u00ab SCS \u00bb permettent l&#8217;entretien des massicots tel que le changement de lame ou de r\u00e9glettes, en toute s\u00e9curit\u00e9. Les carters n&#8217;ont pas besoin d&#8217;\u00eatre d\u00e9mont\u00e9s. Il est ais\u00e9 de remplacer rapidement la lame en toute s\u00e9curit\u00e9, gr\u00e2ce \u00e0 un dispositif prot\u00e9geant son tranchant et \u00e0 un accrochage sur le porte-lame (pour la lame non encore fix\u00e9e par vis). Il est \u00e9galement simple et rapide de changer en toute s\u00e9curit\u00e9 la r\u00e9glette par le c\u00f4t\u00e9. Les massicots IDEAL r\u00e9pondent aux normes europ\u00e9ennes \u00ab CE \u00bb, \u00ab GS \u00bb ainsi qu&#8217;\u00e0 l&#8217;approbation \u00ab UL \u00bb d\u00e9livr\u00e9es par des institutions internationales de renom. Le syst\u00e8me de coupe s\u00e9curis\u00e9e \u00ab SCS \u00bb d\u00e9velopp\u00e9 par IDEAL est dans le droit chemin des directives internationales en mati\u00e8re de s\u00e9curit\u00e9.<\/td>\r\n<\/tr>\r\n<tr class=\"bgGray\">\r\n<td class=\"boldTd\" style=\"width: 50%; background-color: #ffffff;\">Longueur de coupe<\/td>\r\n<td style=\"width: 50%; background-color: #ffffff;\">520 mm<\/td>\r\n<\/tr>\r\n<tr>\r\n<td class=\"boldTd\" style=\"width: 50%; background-color: #ffffff;\">Capacit\u00e9 de coupe maximale<\/td>\r\n<td style=\"width: 50%; background-color: #ffffff;\">80 mm<\/td>\r\n<\/tr>\r\n<tr class=\"bgGray\">\r\n<td class=\"boldTd\" style=\"width: 50%; background-color: #ffffff;\">Coupe minimale<\/td>\r\n<td style=\"width: 50%; background-color: #ffffff;\">35 mm<\/td>\r\n<\/tr>\r\n<tr>\r\n<td class=\"boldTd\" style=\"width: 50%; background-color: #ffffff;\">Profondeur de table<\/td>\r\n<td style=\"width: 50%; background-color: #ffffff;\">520 mm<\/td>\r\n<\/tr>\r\n<tr class=\"bgGray\">\r\n<td class=\"boldTd\" style=\"width: 50%; background-color: #ffffff;\">Alimentation (d\u2019autres voltages disponibles sur demande)<\/td>\r\n<td style=\"width: 50%; background-color: #ffffff;\">230 Volt \/ 50 Hz \/ 1~ (d\u2019autres voltages disponibles sur demande)<\/td>\r\n<\/tr>\r\n<tr>\r\n<td class=\"boldTd\" style=\"width: 50%; background-color: #ffffff;\">Puissance du moteur (consommation)<\/td>\r\n<td style=\"width: 50%; background-color: #ffffff;\">1,42 kW<\/td>\r\n<\/tr>\r\n<tr class=\"bgGray\">\r\n<td class=\"boldTd\" style=\"width: 50%; background-color: #ffffff;\">Dimensions<\/td>\r\n<td style=\"width: 50%; background-color: #ffffff;\">H 1293 x L 860 x P 1126 mm<\/td>\r\n<\/tr>\r\n<tr>\r\n<td class=\"boldTd\" style=\"width: 50%; background-color: #ffffff;\">Dimensions avec tables lat\u00e9rales<\/td>\r\n<td style=\"width: 50%; background-color: #ffffff;\">H 1293 x L 1436 x P 988 mm<\/td>\r\n<\/tr>\r\n<tr class=\"bgGray\">\r\n<td class=\"boldTd\" style=\"width: 50%; background-color: #ffffff;\">Poids<\/td>\r\n<td style=\"width: 50%; background-color: #ffffff;\">241 kg<\/td>\r\n<\/tr>\r\n<tr>\r\n<td class=\"boldTd\" style=\"width: 50%; background-color: #ffffff;\">Poids avec tables lat\u00e9rales<\/td>\r\n<td style=\"width: 50%; background-color: #ffffff;\">250 kg<\/td>\r\n<\/tr>\r\n<\/tbody>\r\n<\/table>\n<br \/>","protected":false},"excerpt":{"rendered":"<p><strong>Ideal 5260<\/strong> massicot \u00e9lectrique pour l&#8217;impression num\u00e9rique avec touchpad et le pare-lumi\u00e8re \u00e0 la table avant<\/p>\n","protected":false},"featured_media":7951,"comment_status":"open","ping_status":"closed","template":"","meta":[],"product_cat":[2300,2301,2302,2303],"product_tag":[2886,2305,2425,2306,2743,2307,2308,2309],"yoast_head":"<!-- This site is optimized with the Yoast SEO plugin v18.6 - https:\/\/yoast.com\/wordpress\/plugins\/seo\/ -->\n<title>Ideal 5260 massicot \u00e9lectrique<\/title>\n<meta name=\"description\" content=\"Ideal 5260 massicot \u00e9lectrique pour l&#039;impression num\u00e9rique avec touchpad et le pare-lumi\u00e8re \u00e0 la table avant\" \/>\n<meta name=\"robots\" content=\"index, follow, max-snippet:-1, max-image-preview:large, max-video-preview:-1\" \/>\n<link rel=\"canonical\" href=\"https:\/\/www.albyco.com\/fr\/produit\/ideal-5260-massicot-eleq\/\" \/>\n<meta property=\"og:locale\" content=\"fr_FR\" \/>\n<meta property=\"og:type\" content=\"article\" \/>\n<meta property=\"og:title\" content=\"Ideal 5260 massicot \u00e9lectrique\" \/>\n<meta property=\"og:description\" content=\"Ideal 5260 massicot \u00e9lectrique pour l&#039;impression num\u00e9rique avec touchpad et le pare-lumi\u00e8re \u00e0 la table avant\" \/>\n<meta property=\"og:url\" content=\"https:\/\/www.albyco.com\/fr\/produit\/ideal-5260-massicot-eleq\/\" \/>\n<meta property=\"og:site_name\" content=\"Albyco\" \/>\n<meta property=\"og:image\" content=\"https:\/\/www.albyco.com\/wp-content\/uploads\/2017\/06\/ebaideal-ebaideal-5260-stapelsnijmachine_IDEAL5260.jpg\" \/>\n\t<meta property=\"og:image:width\" content=\"414\" \/>\n\t<meta property=\"og:image:height\" content=\"610\" \/>\n\t<meta property=\"og:image:type\" content=\"image\/jpeg\" \/>\n<meta name=\"twitter:card\" content=\"summary\" \/>\n<meta name=\"twitter:site\" content=\"@AlbycoNederland\" \/>\n<meta name=\"twitter:label1\" content=\"Dur\u00e9e de lecture estim\u00e9e\" \/>\n\t<meta name=\"twitter:data1\" content=\"4 minutes\" \/>\n<script type=\"application\/ld+json\" class=\"yoast-schema-graph\">{\"@context\":\"https:\/\/schema.org\",\"@graph\":[{\"@type\":\"Organization\",\"@id\":\"https:\/\/www.albyco.com\/#organization\",\"name\":\"Albyco Nederland B.V.\",\"url\":\"https:\/\/www.albyco.com\/\",\"sameAs\":[\"https:\/\/www.linkedin.com\/company\/18015670\/\",\"https:\/\/www.youtube.com\/user\/AlbycoNederland\",\"https:\/\/nl.pinterest.com\/albyco\",\"https:\/\/twitter.com\/AlbycoNederland\"],\"logo\":{\"@type\":\"ImageObject\",\"@id\":\"https:\/\/www.albyco.com\/#logo\",\"inLanguage\":\"fr-FR\",\"url\":\"https:\/\/www.albyco.com\/wp-content\/uploads\/2017\/07\/albyco_logo_hd.png\",\"contentUrl\":\"https:\/\/www.albyco.com\/wp-content\/uploads\/2017\/07\/albyco_logo_hd.png\",\"width\":300,\"height\":300,\"caption\":\"Albyco Nederland B.V.\"},\"image\":{\"@id\":\"https:\/\/www.albyco.com\/#logo\"}},{\"@type\":\"WebSite\",\"@id\":\"https:\/\/www.albyco.com\/#website\",\"url\":\"https:\/\/www.albyco.com\/\",\"name\":\"Albyco\",\"description\":\"Leverancier voor nabewerking van geprinte media\",\"publisher\":{\"@id\":\"https:\/\/www.albyco.com\/#organization\"},\"potentialAction\":[{\"@type\":\"SearchAction\",\"target\":{\"@type\":\"EntryPoint\",\"urlTemplate\":\"https:\/\/www.albyco.com\/?s={search_term_string}\"},\"query-input\":\"required name=search_term_string\"}],\"inLanguage\":\"fr-FR\"},{\"@type\":\"ImageObject\",\"@id\":\"https:\/\/www.albyco.com\/fr\/produit\/ideal-5260-massicot-eleq\/#primaryimage\",\"inLanguage\":\"fr-FR\",\"url\":\"https:\/\/www.albyco.com\/wp-content\/uploads\/2017\/06\/ebaideal-ebaideal-5260-stapelsnijmachine_IDEAL5260.jpg\",\"contentUrl\":\"https:\/\/www.albyco.com\/wp-content\/uploads\/2017\/06\/ebaideal-ebaideal-5260-stapelsnijmachine_IDEAL5260.jpg\",\"width\":414,\"height\":610,\"caption\":\"Ideal 5260 massicot \u00e9lectrique\"},{\"@type\":\"WebPage\",\"@id\":\"https:\/\/www.albyco.com\/fr\/produit\/ideal-5260-massicot-eleq\/#webpage\",\"url\":\"https:\/\/www.albyco.com\/fr\/produit\/ideal-5260-massicot-eleq\/\",\"name\":\"Ideal 5260 massicot \u00e9lectrique\",\"isPartOf\":{\"@id\":\"https:\/\/www.albyco.com\/#website\"},\"primaryImageOfPage\":{\"@id\":\"https:\/\/www.albyco.com\/fr\/produit\/ideal-5260-massicot-eleq\/#primaryimage\"},\"datePublished\":\"2018-08-21T12:03:20+00:00\",\"dateModified\":\"2018-08-21T12:03:20+00:00\",\"description\":\"Ideal 5260 massicot \u00e9lectrique pour l'impression num\u00e9rique avec touchpad et le pare-lumi\u00e8re \u00e0 la table avant\",\"breadcrumb\":{\"@id\":\"https:\/\/www.albyco.com\/fr\/produit\/ideal-5260-massicot-eleq\/#breadcrumb\"},\"inLanguage\":\"fr-FR\",\"potentialAction\":[{\"@type\":\"ReadAction\",\"target\":[\"https:\/\/www.albyco.com\/fr\/produit\/ideal-5260-massicot-eleq\/\"]}]},{\"@type\":\"BreadcrumbList\",\"@id\":\"https:\/\/www.albyco.com\/fr\/produit\/ideal-5260-massicot-eleq\/#breadcrumb\",\"itemListElement\":[{\"@type\":\"ListItem\",\"position\":1,\"name\":\"Home\",\"item\":\"https:\/\/www.albyco.com\/fr\/\"},{\"@type\":\"ListItem\",\"position\":2,\"name\":\"Les produits\",\"item\":\"https:\/\/www.albyco.com\/fr\/producten\/\"},{\"@type\":\"ListItem\",\"position\":3,\"name\":\"Ideal 5260 massicot \u00e9lectrique\"}]}]}<\/script>\n<!-- \/ Yoast SEO plugin. -->","yoast_head_json":{"title":"Ideal 5260 massicot \u00e9lectrique","description":"Ideal 5260 massicot \u00e9lectrique pour l'impression num\u00e9rique avec touchpad et le pare-lumi\u00e8re \u00e0 la table avant","robots":{"index":"index","follow":"follow","max-snippet":"max-snippet:-1","max-image-preview":"max-image-preview:large","max-video-preview":"max-video-preview:-1"},"canonical":"https:\/\/www.albyco.com\/fr\/produit\/ideal-5260-massicot-eleq\/","og_locale":"fr_FR","og_type":"article","og_title":"Ideal 5260 massicot \u00e9lectrique","og_description":"Ideal 5260 massicot \u00e9lectrique pour l'impression num\u00e9rique avec touchpad et le pare-lumi\u00e8re \u00e0 la table avant","og_url":"https:\/\/www.albyco.com\/fr\/produit\/ideal-5260-massicot-eleq\/","og_site_name":"Albyco","og_image":[{"width":414,"height":610,"url":"https:\/\/www.albyco.com\/wp-content\/uploads\/2017\/06\/ebaideal-ebaideal-5260-stapelsnijmachine_IDEAL5260.jpg","type":"image\/jpeg"}],"twitter_card":"summary","twitter_site":"@AlbycoNederland","twitter_misc":{"Dur\u00e9e de lecture estim\u00e9e":"4 minutes"},"schema":{"@context":"https:\/\/schema.org","@graph":[{"@type":"Organization","@id":"https:\/\/www.albyco.com\/#organization","name":"Albyco Nederland B.V.","url":"https:\/\/www.albyco.com\/","sameAs":["https:\/\/www.linkedin.com\/company\/18015670\/","https:\/\/www.youtube.com\/user\/AlbycoNederland","https:\/\/nl.pinterest.com\/albyco","https:\/\/twitter.com\/AlbycoNederland"],"logo":{"@type":"ImageObject","@id":"https:\/\/www.albyco.com\/#logo","inLanguage":"fr-FR","url":"https:\/\/www.albyco.com\/wp-content\/uploads\/2017\/07\/albyco_logo_hd.png","contentUrl":"https:\/\/www.albyco.com\/wp-content\/uploads\/2017\/07\/albyco_logo_hd.png","width":300,"height":300,"caption":"Albyco Nederland B.V."},"image":{"@id":"https:\/\/www.albyco.com\/#logo"}},{"@type":"WebSite","@id":"https:\/\/www.albyco.com\/#website","url":"https:\/\/www.albyco.com\/","name":"Albyco","description":"Leverancier voor nabewerking van geprinte media","publisher":{"@id":"https:\/\/www.albyco.com\/#organization"},"potentialAction":[{"@type":"SearchAction","target":{"@type":"EntryPoint","urlTemplate":"https:\/\/www.albyco.com\/?s={search_term_string}"},"query-input":"required name=search_term_string"}],"inLanguage":"fr-FR"},{"@type":"ImageObject","@id":"https:\/\/www.albyco.com\/fr\/produit\/ideal-5260-massicot-eleq\/#primaryimage","inLanguage":"fr-FR","url":"https:\/\/www.albyco.com\/wp-content\/uploads\/2017\/06\/ebaideal-ebaideal-5260-stapelsnijmachine_IDEAL5260.jpg","contentUrl":"https:\/\/www.albyco.com\/wp-content\/uploads\/2017\/06\/ebaideal-ebaideal-5260-stapelsnijmachine_IDEAL5260.jpg","width":414,"height":610,"caption":"Ideal 5260 massicot \u00e9lectrique"},{"@type":"WebPage","@id":"https:\/\/www.albyco.com\/fr\/produit\/ideal-5260-massicot-eleq\/#webpage","url":"https:\/\/www.albyco.com\/fr\/produit\/ideal-5260-massicot-eleq\/","name":"Ideal 5260 massicot \u00e9lectrique","isPartOf":{"@id":"https:\/\/www.albyco.com\/#website"},"primaryImageOfPage":{"@id":"https:\/\/www.albyco.com\/fr\/produit\/ideal-5260-massicot-eleq\/#primaryimage"},"datePublished":"2018-08-21T12:03:20+00:00","dateModified":"2018-08-21T12:03:20+00:00","description":"Ideal 5260 massicot \u00e9lectrique pour l'impression num\u00e9rique avec touchpad et le pare-lumi\u00e8re \u00e0 la table avant","breadcrumb":{"@id":"https:\/\/www.albyco.com\/fr\/produit\/ideal-5260-massicot-eleq\/#breadcrumb"},"inLanguage":"fr-FR","potentialAction":[{"@type":"ReadAction","target":["https:\/\/www.albyco.com\/fr\/produit\/ideal-5260-massicot-eleq\/"]}]},{"@type":"BreadcrumbList","@id":"https:\/\/www.albyco.com\/fr\/produit\/ideal-5260-massicot-eleq\/#breadcrumb","itemListElement":[{"@type":"ListItem","position":1,"name":"Home","item":"https:\/\/www.albyco.com\/fr\/"},{"@type":"ListItem","position":2,"name":"Les produits","item":"https:\/\/www.albyco.com\/fr\/producten\/"},{"@type":"ListItem","position":3,"name":"Ideal 5260 massicot \u00e9lectrique"}]}]}},"_links":{"self":[{"href":"https:\/\/www.albyco.com\/fr\/wp-json\/wp\/v2\/product\/33690"}],"collection":[{"href":"https:\/\/www.albyco.com\/fr\/wp-json\/wp\/v2\/product"}],"about":[{"href":"https:\/\/www.albyco.com\/fr\/wp-json\/wp\/v2\/types\/product"}],"replies":[{"embeddable":true,"href":"https:\/\/www.albyco.com\/fr\/wp-json\/wp\/v2\/comments?post=33690"}],"wp:featuredmedia":[{"embeddable":true,"href":"https:\/\/www.albyco.com\/fr\/wp-json\/wp\/v2\/media\/7951"}],"wp:attachment":[{"href":"https:\/\/www.albyco.com\/fr\/wp-json\/wp\/v2\/media?parent=33690"}],"wp:term":[{"taxonomy":"product_cat","embeddable":true,"href":"https:\/\/www.albyco.com\/fr\/wp-json\/wp\/v2\/product_cat?post=33690"},{"taxonomy":"product_tag","embeddable":true,"href":"https:\/\/www.albyco.com\/fr\/wp-json\/wp\/v2\/product_tag?post=33690"}],"curies":[{"name":"wp","href":"https:\/\/api.w.org\/{rel}","templated":true}]}}