{"id":33685,"date":"2018-08-21T13:24:04","date_gmt":"2018-08-21T11:24:04","guid":{"rendered":"https:\/\/www.albyco.com\/product\/ideal-4855-massicot\/"},"modified":"2018-08-21T13:24:04","modified_gmt":"2018-08-21T11:24:04","slug":"ideal-4855-massicot","status":"publish","type":"product","link":"https:\/\/www.albyco.com\/fr\/produit\/ideal-4855-massicot\/","title":{"rendered":"Ideal 4855 massicot \u00e9lectrique"},"content":{"rendered":"<table style=\"width: 100%; border-collapse: collapse;\" border=\"0\">\r\n<tbody>\r\n<tr>\r\n<td style=\"width: 50%; background-color: #ffffff;\">Massicot compact Idel 4855 pour la coupe des imprim\u00e9s num\u00e9riques, \u00e9quip\u00e9 d&#8217;un \u00e9cran de commande tactile, de l&#8217;EASY-CUT et d&#8217;un dispositif de pression automatique.<\/td>\r\n<td style=\"width: 50%; background-color: #ffffff;\"><div class=\"epyt-video-wrapper\"><iframe  id=\"_ytid_84083\"  width=\"800\" height=\"450\"  data-origwidth=\"800\" data-origheight=\"450\"  data-relstop=\"1\" src=\"https:\/\/www.youtube.com\/embed\/J1b4ly9YXd4?enablejsapi=1&autoplay=0&cc_load_policy=0&iv_load_policy=1&loop=0&modestbranding=0&fs=1&playsinline=1&controls=1&color=red&cc_lang_pref=&rel=0&autohide=2&theme=dark&\" class=\"__youtube_prefs__  no-lazyload\" title=\"YouTube player\"  allow=\"accelerometer; autoplay; clipboard-write; encrypted-media; gyroscope; picture-in-picture\" allowfullscreen data-no-lazy=\"1\" data-skipgform_ajax_framebjll=\"\"><\/iframe><\/div><\/td>\r\n<\/tr>\r\n<tr>\r\n<td style=\"width: 50%; background-color: #ffffff;\">Syst\u00e8me de Coupe S\u00e9curis\u00e9e (S.C.S.) :\r\n&#8211; carter de protection transparent pivotant sur la table avant (contr\u00f4l\u00e9 \u00e9lectroniquement)\r\n&#8211; carter de protection sur la table arri\u00e8re\r\n&#8211; interrupteur principal cadenassable et contacteur \u00e0 cl\u00e9\r\n&#8211; commande bi-manuelle temporis\u00e9e anti-r\u00e9p\u00e9titive\r\n&#8211; commande basse tension 24 V\r\n&#8211; syst\u00e8me d&#8217;entra\u00eenement brevet\u00e9 IDEAL\r\n&#8211; retour automatique de la lame de n&#8217;importe quelle position\r\n&#8211; frein \u00e0 disque pour l&#8217;arr\u00eat instantan\u00e9 de la lame\r\n&#8211; dispositif de changement de lame prot\u00e9geant le tranchant\r\n&#8211; remplacement ais\u00e9 de la lame par l&#8217;avant, sans d\u00e9monter les carters\r\n&#8211; r\u00e9glage de profondeur de lame par l&#8217;ext\u00e9rieur.<\/td>\r\n<td style=\"width: 50%; background-color: #ffffff;\"><\/td>\r\n<\/tr>\r\n<tr>\r\n<td style=\"width: 50%; background-color: #ffffff;\">Commande \u00e9lectronique programmable :\r\n&#8211; \u00e9cran tactile avec menus multi-langues pour un r\u00e9glage facile de la but\u00e9e arri\u00e8re\r\n&#8211; affichage digital des dimensions en mm\/pouces (pr\u00e9cision au 1\/10 mm)\r\n&#8211; saisie des dimensions sur pav\u00e9 num\u00e9rique tactile\r\n&#8211; touche m\u00e9moire pour les coupes r\u00e9p\u00e9titives\r\n&#8211; dimensions pr\u00e9-programm\u00e9es pour les formats A6 \u00e0 A3\r\n&#8211; 99 programmes de 99 positions chacun avec ex\u00e9cution automatique (possibilit\u00e9 de m\u00e9moriser jusqu&#8217;\u00e0 15 coupes r\u00e9p\u00e9titives au sein d&#8217;une position)\r\n&#8211; fonction \u00abSET\u00bb pour le d\u00e9placement de la but\u00e9e arri\u00e8re \u00e0 la dimension de r\u00e9f\u00e9rence\r\n&#8211; fonction \u00abEJECT\u00bb pour l&#8217;\u00e9jection du papier (peut \u00eatre int\u00e9gr\u00e9e au programme de coupe)\r\n&#8211; auto-diagnostic avec affichage de l&#8217;erreur.<\/td>\r\n<td style=\"width: 50%; background-color: #ffffff;\"><\/td>\r\n<\/tr>\r\n<tr>\r\n<td style=\"width: 50%; background-color: #ffffff;\">Nouveau dispositif brevet\u00e9 EASY-CUT : commande bi-manuelle avec avec action simultan\u00e9e sur les deux manettes pour le d\u00e9clenchement de la lame et de la presse<\/td>\r\n<td style=\"width: 50%; background-color: #ffffff;\"><\/td>\r\n<\/tr>\r\n<tr>\r\n<td style=\"width: 50%; background-color: #ffffff;\">Lame de qualit\u00e9 sup\u00e9rieure en acier d&#8217;Allemagne\r\nPorte lame tout en acier avec glissi\u00e8res r\u00e9glables\r\nEntra\u00eenement \u00e9lectro-m\u00e9canique de la lame et de la presse\r\nDispositif de pression automatique \u00e0 double guidage\r\nBouton molet\u00e9 \u00e9lectronique pour le d\u00e9placement progressif \u00e0 vitesse variable de la but\u00e9e arri\u00e8re\r\nBut\u00e9e arri\u00e8re r\u00e9glable (avec butoirs mobiles adapt\u00e9s aux petits formats), guid\u00e9e par vis sans fin de pr\u00e9cision\r\nDeux but\u00e9es lat\u00e9rales sur tables avant et arri\u00e8re\r\nMat\u00e9rialisation optique de la ligne de coupe par LEDs\r\nConstruction robuste et stable, enti\u00e8rement m\u00e9tallique\r\nLivr\u00e9 sur stand m\u00e9tallique avec tablette de d\u00e9pose du papier, cale de taquage et porte-outils pratique et amovible sur la table arri\u00e8re\r\nJeu de tables lat\u00e9rales disponible en option.<\/td>\r\n<td style=\"width: 50%; background-color: #ffffff;\"><\/td>\r\n<\/tr>\r\n<tr class=\"bgGray\">\r\n<td class=\"boldTd\" style=\"width: 50%; background-color: #ffffff;\">Longueur de coupe<\/td>\r\n<td style=\"width: 50%; background-color: #ffffff;\">475 mm<\/td>\r\n<\/tr>\r\n<tr>\r\n<td class=\"boldTd\" style=\"width: 50%; background-color: #ffffff;\">Capacit\u00e9 de coupe maximale<\/td>\r\n<td style=\"width: 50%; background-color: #ffffff;\">80 mm<\/td>\r\n<\/tr>\r\n<tr class=\"bgGray\">\r\n<td class=\"boldTd\" style=\"width: 50%; background-color: #ffffff;\">Coupe minimale<\/td>\r\n<td style=\"width: 50%; background-color: #ffffff;\">35 mm<\/td>\r\n<\/tr>\r\n<tr>\r\n<td class=\"boldTd\" style=\"width: 50%; background-color: #ffffff;\">Profondeur de table<\/td>\r\n<td style=\"width: 50%; background-color: #ffffff;\">450 mm<\/td>\r\n<\/tr>\r\n<tr class=\"bgGray\">\r\n<td class=\"boldTd\" style=\"width: 50%; background-color: #ffffff;\">Garantie<\/td>\r\n<td style=\"width: 50%; background-color: #ffffff;\">2 ans sur pi\u00e8ces.<\/td>\r\n<\/tr>\r\n<tr>\r\n<td style=\"width: 100%; background-color: #ffffff;\" colspan=\"2\">Conforme aux normes de s\u00e9curit\u00e9 europ\u00e9ennes.<\/td>\r\n<\/tr>\r\n<tr class=\"bgGray\">\r\n<td class=\"boldTd\" style=\"width: 50%; background-color: #ffffff;\">Alimentation (d\u2019autres voltages disponibles sur demande)<\/td>\r\n<td style=\"width: 50%; background-color: #ffffff;\">230 Volt \/ 50 Hz \/ 1~ (d\u2019autres voltages disponibles sur demande)<\/td>\r\n<\/tr>\r\n<tr>\r\n<td class=\"boldTd\" style=\"width: 50%; background-color: #ffffff;\">Puissance du moteur (consommation)<\/td>\r\n<td style=\"width: 50%; background-color: #ffffff;\">1,42 kW<\/td>\r\n<\/tr>\r\n<tr class=\"bgGray\">\r\n<td class=\"boldTd\" style=\"width: 50%; background-color: #ffffff;\">Dimensions<\/td>\r\n<td style=\"width: 50%; background-color: #ffffff;\">H 1296 x L 762 x P 1053 mm<\/td>\r\n<\/tr>\r\n<tr>\r\n<td class=\"boldTd\" style=\"width: 50%; background-color: #ffffff;\">Dimensions avec tables lat\u00e9rales<\/td>\r\n<td style=\"width: 50%; background-color: #ffffff;\">H 1296 x L 1349 x P 1053 mm<\/td>\r\n<\/tr>\r\n<tr class=\"bgGray\">\r\n<td class=\"boldTd\" style=\"width: 50%; background-color: #ffffff;\">Poids<\/td>\r\n<td style=\"width: 50%; background-color: #ffffff;\">228 kg<\/td>\r\n<\/tr>\r\n<tr>\r\n<td class=\"boldTd\" style=\"width: 50%; background-color: #ffffff;\">Poids avec tables lat\u00e9rales<\/td>\r\n<td style=\"width: 50%; background-color: #ffffff;\">237kg<\/td>\r\n<\/tr>\r\n<\/tbody>\r\n<\/table>\n<br \/>","protected":false},"excerpt":{"rendered":"<table style=\"width: 100%; border-collapse: collapse;\" border=\"0\">\n<tbody>\n<tr>\n<td style=\"width: 50%; background-color: #ffffff;\">Massicot compact Ideal 4855 pour la coupe des imprim\u00e9s num\u00e9riques, \u00e9quip\u00e9 d&#8217;un \u00e9cran de commande tactile, de l&#8217;EASY-CUT et d&#8217;un dispositif de pression automatique.<\/td>\n<\/tr>\n<\/tbody>\n<\/table>\n","protected":false},"featured_media":7941,"comment_status":"open","ping_status":"closed","template":"","meta":[],"product_cat":[2300,2301,2302,2303],"product_tag":[2305,2425,2306,2743,2307,2308,2309],"yoast_head":"<!-- This site is optimized with the Yoast SEO plugin v18.6 - https:\/\/yoast.com\/wordpress\/plugins\/seo\/ -->\n<title>Ideal 4855 massicot \u00e9lectrique<\/title>\n<meta name=\"description\" content=\"Massicot compact Ideal 4855 pour la coupe des imprim\u00e9s num\u00e9riques, \u00e9quip\u00e9 d&#039;un \u00e9cran de commande tactile, de l&#039;EASY-CUT et d&#039;un dispositif de pression automatique.\" \/>\n<meta name=\"robots\" content=\"index, follow, max-snippet:-1, max-image-preview:large, max-video-preview:-1\" \/>\n<link rel=\"canonical\" href=\"https:\/\/www.albyco.com\/fr\/produit\/ideal-4855-massicot\/\" \/>\n<meta property=\"og:locale\" content=\"fr_FR\" \/>\n<meta property=\"og:type\" content=\"article\" \/>\n<meta property=\"og:title\" content=\"Ideal 4855 massicot \u00e9lectrique\" \/>\n<meta property=\"og:description\" content=\"Massicot compact Ideal 4855 pour la coupe des imprim\u00e9s num\u00e9riques, \u00e9quip\u00e9 d&#039;un \u00e9cran de commande tactile, de l&#039;EASY-CUT et d&#039;un dispositif de pression automatique.\" \/>\n<meta property=\"og:url\" content=\"https:\/\/www.albyco.com\/fr\/produit\/ideal-4855-massicot\/\" \/>\n<meta property=\"og:site_name\" content=\"Albyco\" \/>\n<meta property=\"og:image\" content=\"https:\/\/www.albyco.com\/wp-content\/uploads\/2017\/06\/ebaideal-ebaideal-4855-stapelsnijmachine_IDEAL4855.jpg\" \/>\n\t<meta property=\"og:image:width\" content=\"412\" \/>\n\t<meta property=\"og:image:height\" content=\"610\" \/>\n\t<meta property=\"og:image:type\" content=\"image\/jpeg\" \/>\n<meta name=\"twitter:card\" content=\"summary\" \/>\n<meta name=\"twitter:site\" content=\"@AlbycoNederland\" \/>\n<meta name=\"twitter:label1\" content=\"Dur\u00e9e de lecture estim\u00e9e\" \/>\n\t<meta name=\"twitter:data1\" content=\"3 minutes\" \/>\n<script type=\"application\/ld+json\" class=\"yoast-schema-graph\">{\"@context\":\"https:\/\/schema.org\",\"@graph\":[{\"@type\":\"Organization\",\"@id\":\"https:\/\/www.albyco.com\/#organization\",\"name\":\"Albyco Nederland B.V.\",\"url\":\"https:\/\/www.albyco.com\/\",\"sameAs\":[\"https:\/\/www.linkedin.com\/company\/18015670\/\",\"https:\/\/www.youtube.com\/user\/AlbycoNederland\",\"https:\/\/nl.pinterest.com\/albyco\",\"https:\/\/twitter.com\/AlbycoNederland\"],\"logo\":{\"@type\":\"ImageObject\",\"@id\":\"https:\/\/www.albyco.com\/#logo\",\"inLanguage\":\"fr-FR\",\"url\":\"https:\/\/www.albyco.com\/wp-content\/uploads\/2017\/07\/albyco_logo_hd.png\",\"contentUrl\":\"https:\/\/www.albyco.com\/wp-content\/uploads\/2017\/07\/albyco_logo_hd.png\",\"width\":300,\"height\":300,\"caption\":\"Albyco Nederland B.V.\"},\"image\":{\"@id\":\"https:\/\/www.albyco.com\/#logo\"}},{\"@type\":\"WebSite\",\"@id\":\"https:\/\/www.albyco.com\/#website\",\"url\":\"https:\/\/www.albyco.com\/\",\"name\":\"Albyco\",\"description\":\"Leverancier voor nabewerking van geprinte media\",\"publisher\":{\"@id\":\"https:\/\/www.albyco.com\/#organization\"},\"potentialAction\":[{\"@type\":\"SearchAction\",\"target\":{\"@type\":\"EntryPoint\",\"urlTemplate\":\"https:\/\/www.albyco.com\/?s={search_term_string}\"},\"query-input\":\"required name=search_term_string\"}],\"inLanguage\":\"fr-FR\"},{\"@type\":\"ImageObject\",\"@id\":\"https:\/\/www.albyco.com\/fr\/produit\/ideal-4855-massicot\/#primaryimage\",\"inLanguage\":\"fr-FR\",\"url\":\"https:\/\/www.albyco.com\/wp-content\/uploads\/2017\/06\/ebaideal-ebaideal-4855-stapelsnijmachine_IDEAL4855.jpg\",\"contentUrl\":\"https:\/\/www.albyco.com\/wp-content\/uploads\/2017\/06\/ebaideal-ebaideal-4855-stapelsnijmachine_IDEAL4855.jpg\",\"width\":412,\"height\":610,\"caption\":\"Ideal 4855 massicot \u00e9lectrique\"},{\"@type\":\"WebPage\",\"@id\":\"https:\/\/www.albyco.com\/fr\/produit\/ideal-4855-massicot\/#webpage\",\"url\":\"https:\/\/www.albyco.com\/fr\/produit\/ideal-4855-massicot\/\",\"name\":\"Ideal 4855 massicot \u00e9lectrique\",\"isPartOf\":{\"@id\":\"https:\/\/www.albyco.com\/#website\"},\"primaryImageOfPage\":{\"@id\":\"https:\/\/www.albyco.com\/fr\/produit\/ideal-4855-massicot\/#primaryimage\"},\"datePublished\":\"2018-08-21T11:24:04+00:00\",\"dateModified\":\"2018-08-21T11:24:04+00:00\",\"description\":\"Massicot compact Ideal 4855 pour la coupe des imprim\u00e9s num\u00e9riques, \u00e9quip\u00e9 d'un \u00e9cran de commande tactile, de l'EASY-CUT et d'un dispositif de pression automatique.\",\"breadcrumb\":{\"@id\":\"https:\/\/www.albyco.com\/fr\/produit\/ideal-4855-massicot\/#breadcrumb\"},\"inLanguage\":\"fr-FR\",\"potentialAction\":[{\"@type\":\"ReadAction\",\"target\":[\"https:\/\/www.albyco.com\/fr\/produit\/ideal-4855-massicot\/\"]}]},{\"@type\":\"BreadcrumbList\",\"@id\":\"https:\/\/www.albyco.com\/fr\/produit\/ideal-4855-massicot\/#breadcrumb\",\"itemListElement\":[{\"@type\":\"ListItem\",\"position\":1,\"name\":\"Home\",\"item\":\"https:\/\/www.albyco.com\/fr\/\"},{\"@type\":\"ListItem\",\"position\":2,\"name\":\"Les produits\",\"item\":\"https:\/\/www.albyco.com\/fr\/producten\/\"},{\"@type\":\"ListItem\",\"position\":3,\"name\":\"Ideal 4855 massicot \u00e9lectrique\"}]}]}<\/script>\n<!-- \/ Yoast SEO plugin. -->","yoast_head_json":{"title":"Ideal 4855 massicot \u00e9lectrique","description":"Massicot compact Ideal 4855 pour la coupe des imprim\u00e9s num\u00e9riques, \u00e9quip\u00e9 d'un \u00e9cran de commande tactile, de l'EASY-CUT et d'un dispositif de pression automatique.","robots":{"index":"index","follow":"follow","max-snippet":"max-snippet:-1","max-image-preview":"max-image-preview:large","max-video-preview":"max-video-preview:-1"},"canonical":"https:\/\/www.albyco.com\/fr\/produit\/ideal-4855-massicot\/","og_locale":"fr_FR","og_type":"article","og_title":"Ideal 4855 massicot \u00e9lectrique","og_description":"Massicot compact Ideal 4855 pour la coupe des imprim\u00e9s num\u00e9riques, \u00e9quip\u00e9 d'un \u00e9cran de commande tactile, de l'EASY-CUT et d'un dispositif de pression automatique.","og_url":"https:\/\/www.albyco.com\/fr\/produit\/ideal-4855-massicot\/","og_site_name":"Albyco","og_image":[{"width":412,"height":610,"url":"https:\/\/www.albyco.com\/wp-content\/uploads\/2017\/06\/ebaideal-ebaideal-4855-stapelsnijmachine_IDEAL4855.jpg","type":"image\/jpeg"}],"twitter_card":"summary","twitter_site":"@AlbycoNederland","twitter_misc":{"Dur\u00e9e de lecture estim\u00e9e":"3 minutes"},"schema":{"@context":"https:\/\/schema.org","@graph":[{"@type":"Organization","@id":"https:\/\/www.albyco.com\/#organization","name":"Albyco Nederland B.V.","url":"https:\/\/www.albyco.com\/","sameAs":["https:\/\/www.linkedin.com\/company\/18015670\/","https:\/\/www.youtube.com\/user\/AlbycoNederland","https:\/\/nl.pinterest.com\/albyco","https:\/\/twitter.com\/AlbycoNederland"],"logo":{"@type":"ImageObject","@id":"https:\/\/www.albyco.com\/#logo","inLanguage":"fr-FR","url":"https:\/\/www.albyco.com\/wp-content\/uploads\/2017\/07\/albyco_logo_hd.png","contentUrl":"https:\/\/www.albyco.com\/wp-content\/uploads\/2017\/07\/albyco_logo_hd.png","width":300,"height":300,"caption":"Albyco Nederland B.V."},"image":{"@id":"https:\/\/www.albyco.com\/#logo"}},{"@type":"WebSite","@id":"https:\/\/www.albyco.com\/#website","url":"https:\/\/www.albyco.com\/","name":"Albyco","description":"Leverancier voor nabewerking van geprinte media","publisher":{"@id":"https:\/\/www.albyco.com\/#organization"},"potentialAction":[{"@type":"SearchAction","target":{"@type":"EntryPoint","urlTemplate":"https:\/\/www.albyco.com\/?s={search_term_string}"},"query-input":"required name=search_term_string"}],"inLanguage":"fr-FR"},{"@type":"ImageObject","@id":"https:\/\/www.albyco.com\/fr\/produit\/ideal-4855-massicot\/#primaryimage","inLanguage":"fr-FR","url":"https:\/\/www.albyco.com\/wp-content\/uploads\/2017\/06\/ebaideal-ebaideal-4855-stapelsnijmachine_IDEAL4855.jpg","contentUrl":"https:\/\/www.albyco.com\/wp-content\/uploads\/2017\/06\/ebaideal-ebaideal-4855-stapelsnijmachine_IDEAL4855.jpg","width":412,"height":610,"caption":"Ideal 4855 massicot \u00e9lectrique"},{"@type":"WebPage","@id":"https:\/\/www.albyco.com\/fr\/produit\/ideal-4855-massicot\/#webpage","url":"https:\/\/www.albyco.com\/fr\/produit\/ideal-4855-massicot\/","name":"Ideal 4855 massicot \u00e9lectrique","isPartOf":{"@id":"https:\/\/www.albyco.com\/#website"},"primaryImageOfPage":{"@id":"https:\/\/www.albyco.com\/fr\/produit\/ideal-4855-massicot\/#primaryimage"},"datePublished":"2018-08-21T11:24:04+00:00","dateModified":"2018-08-21T11:24:04+00:00","description":"Massicot compact Ideal 4855 pour la coupe des imprim\u00e9s num\u00e9riques, \u00e9quip\u00e9 d'un \u00e9cran de commande tactile, de l'EASY-CUT et d'un dispositif de pression automatique.","breadcrumb":{"@id":"https:\/\/www.albyco.com\/fr\/produit\/ideal-4855-massicot\/#breadcrumb"},"inLanguage":"fr-FR","potentialAction":[{"@type":"ReadAction","target":["https:\/\/www.albyco.com\/fr\/produit\/ideal-4855-massicot\/"]}]},{"@type":"BreadcrumbList","@id":"https:\/\/www.albyco.com\/fr\/produit\/ideal-4855-massicot\/#breadcrumb","itemListElement":[{"@type":"ListItem","position":1,"name":"Home","item":"https:\/\/www.albyco.com\/fr\/"},{"@type":"ListItem","position":2,"name":"Les produits","item":"https:\/\/www.albyco.com\/fr\/producten\/"},{"@type":"ListItem","position":3,"name":"Ideal 4855 massicot \u00e9lectrique"}]}]}},"_links":{"self":[{"href":"https:\/\/www.albyco.com\/fr\/wp-json\/wp\/v2\/product\/33685"}],"collection":[{"href":"https:\/\/www.albyco.com\/fr\/wp-json\/wp\/v2\/product"}],"about":[{"href":"https:\/\/www.albyco.com\/fr\/wp-json\/wp\/v2\/types\/product"}],"replies":[{"embeddable":true,"href":"https:\/\/www.albyco.com\/fr\/wp-json\/wp\/v2\/comments?post=33685"}],"wp:featuredmedia":[{"embeddable":true,"href":"https:\/\/www.albyco.com\/fr\/wp-json\/wp\/v2\/media\/7941"}],"wp:attachment":[{"href":"https:\/\/www.albyco.com\/fr\/wp-json\/wp\/v2\/media?parent=33685"}],"wp:term":[{"taxonomy":"product_cat","embeddable":true,"href":"https:\/\/www.albyco.com\/fr\/wp-json\/wp\/v2\/product_cat?post=33685"},{"taxonomy":"product_tag","embeddable":true,"href":"https:\/\/www.albyco.com\/fr\/wp-json\/wp\/v2\/product_tag?post=33685"}],"curies":[{"name":"wp","href":"https:\/\/api.w.org\/{rel}","templated":true}]}}