{"id":33659,"date":"2018-08-20T12:11:15","date_gmt":"2018-08-20T10:11:15","guid":{"rendered":"https:\/\/www.albyco.com\/product\/ideal-4315-massicot-electrique-de-table\/"},"modified":"2018-08-20T12:11:15","modified_gmt":"2018-08-20T10:11:15","slug":"ideal-4315-massicot-electrique-de-table","status":"publish","type":"product","link":"https:\/\/www.albyco.com\/fr\/produit\/ideal-4315-massicot-electrique-de-table\/","title":{"rendered":"Ideal 4315 Massicot \u00e9lectrique de table"},"content":{"rendered":"<table style=\"width: 100%; border-collapse: collapse;\" border=\"0\">\r\n<tbody>\r\n<tr>\r\n<td style=\"width: 50%;\">Ce massicot \u00e9lectrique dispose en plus de son dispositif de pression automatique, de nombreux \u00e9quipements \u00e0 vous couper&#8230; le souffle<\/td>\r\n<td style=\"width: 50%;\"><div class=\"epyt-video-wrapper\"><iframe  id=\"_ytid_71119\"  width=\"800\" height=\"450\"  data-origwidth=\"800\" data-origheight=\"450\"  data-relstop=\"1\" src=\"https:\/\/www.youtube.com\/embed\/71ycNkxzXKo?enablejsapi=1&autoplay=0&cc_load_policy=0&iv_load_policy=1&loop=0&modestbranding=0&fs=1&playsinline=1&controls=1&color=red&cc_lang_pref=&rel=0&autohide=2&theme=dark&\" class=\"__youtube_prefs__  no-lazyload\" title=\"YouTube player\"  allow=\"accelerometer; autoplay; clipboard-write; encrypted-media; gyroscope; picture-in-picture\" allowfullscreen data-no-lazy=\"1\" data-skipgform_ajax_framebjll=\"\"><\/iframe><\/div><\/td>\r\n<\/tr>\r\n<\/tbody>\r\n<\/table>\r\n<table style=\"width: 100%; border-collapse: collapse;\" border=\"0\">\r\n<tbody>\r\n<tr>\r\n<td style=\"width: 100%; background-color: #ffffff;\">Ce massicot \u00e9lectrique dispose en plus de son dispositif de pression automatique, de nombreux \u00e9quipements \u00e0 vous couper&#8230; le souffle : affichage digital des dimensions, mat\u00e9rialisation optique de la ligne de coupe, etc&#8230;\r\nExiste aussi en version sur stand m\u00e9tallique ou sur meuble.<\/td>\r\n<\/tr>\r\n<tr>\r\n<td style=\"width: 100%; background-color: #ffffff;\">Dispositifs de s\u00e9curit\u00e9 S.C.S. (Syst\u00e8me de Coupe S\u00e9curis\u00e9) :\r\ncarter de protection pivotant sur la table avant et prot\u00e9g\u00e9 \u00e9lectroniquement\r\ncarter de protection transparent sur la table arri\u00e8re\r\ninterrupteur principal cadenassable et contacteur \u00e0 cl\u00e9\r\ncommande bi-manuelle temporis\u00e9e anti-r\u00e9p\u00e9titive\r\ncommande basse tension 24 Volt\r\nsyst\u00e8me d&#8217;entra\u00eenement brevet\u00e9 IDEAL\r\nretour automatique de la lame et de la presse de n&#8217;importe quelle position\r\nfrein \u00e0 disque pour arr\u00eat instantan\u00e9 de la lame\r\nremplacement ais\u00e9 de la lame par l&#8217;avant gr\u00e2ce \u00e0 un dispositif prot\u00e9geant le tranchant, sans d\u00e9monter les carters\r\nr\u00e9glage de profondeur de lame par l&#8217;ext\u00e9rieur.\r\nDispositif brevet\u00e9 de pression rapide par levier\r\nMat\u00e9rialisation optique de la ligne de coupe par diodes pour un \u00e9clairage puissant (LED)\r\nAffichage digital des dimensions, en mm ou en pouces\r\nBut\u00e9e arri\u00e8re d\u00e9plac\u00e9e par vis sans fin et actionn\u00e9e par manivelle\r\nBut\u00e9e lat\u00e9rale pr\u00e9cise\r\nConstruction stable enti\u00e8rement m\u00e9tallique\r\nStand m\u00e9tallique ou meuble, en option<\/td>\r\n<\/tr>\r\n<\/tbody>\r\n<\/table>\r\n<table class=\"caracTable\">\r\n<tbody>\r\n<tr class=\"bgGray\">\r\n<td class=\"boldTd\">Longueur de coupe<\/td>\r\n<td>430 mm<\/td>\r\n<\/tr>\r\n<tr>\r\n<td class=\"boldTd\">Capacit\u00e9 de coupe<\/td>\r\n<td>40 mm<\/td>\r\n<\/tr>\r\n<tr class=\"bgGray\">\r\n<td class=\"boldTd\">Profondeur de table<\/td>\r\n<td>435 mm<\/td>\r\n<\/tr>\r\n<tr>\r\n<td class=\"boldTd\">Coupe minimale<\/td>\r\n<td>35 mm<\/td>\r\n<\/tr>\r\n<tr class=\"bgGray\">\r\n<td class=\"boldTd\">Alimentation<\/td>\r\n<td>230 V\/50 Hz\/0,45 kW<\/td>\r\n<\/tr>\r\n<tr>\r\n<td class=\"boldTd\">Dimensions (mod\u00e8le de table)<\/td>\r\n<td>H360 x L640 x P695 mm<\/td>\r\n<\/tr>\r\n<tr class=\"bgGray\">\r\n<td class=\"boldTd\">Poids (mod\u00e8le de table)<\/td>\r\n<td>81 kg<\/td>\r\n<\/tr>\r\n<tr>\r\n<td colspan=\"2\">Conforme aux normes CE.<\/td>\r\n<\/tr>\r\n<\/tbody>\r\n<\/table>\n<br \/>","protected":false},"excerpt":{"rendered":"<table style=\"width: 100%; border-collapse: collapse;\" border=\"0\">\n<tbody>\n<tr>\n<td style=\"width: 50%;\">Ce massicot \u00e9lectrique dispose en plus de son dispositif de pression automatique, de nombreux \u00e9quipements \u00e0 vous couper&#8230; le souffle<\/td>\n<\/tr>\n<\/tbody>\n<\/table>\n","protected":false},"featured_media":7901,"comment_status":"open","ping_status":"closed","template":"","meta":[],"product_cat":[2300,2301,2303],"product_tag":[2305,2306,2743,2307,2308],"yoast_head":"<!-- This site is optimized with the Yoast SEO plugin v18.6 - https:\/\/yoast.com\/wordpress\/plugins\/seo\/ -->\n<title>Ideal 4315 Massicot \u00e9lectrique de table - Albyco<\/title>\n<meta name=\"description\" content=\"Ce massicot \u00e9lectrique dispose en plus de son dispositif de pression automatique, de nombreux \u00e9quipements \u00e0 vous couper... le souffle\" \/>\n<meta name=\"robots\" content=\"index, follow, max-snippet:-1, max-image-preview:large, max-video-preview:-1\" \/>\n<link rel=\"canonical\" href=\"https:\/\/www.albyco.com\/fr\/produit\/ideal-4315-massicot-electrique-de-table\/\" \/>\n<meta property=\"og:locale\" content=\"fr_FR\" \/>\n<meta property=\"og:type\" content=\"article\" \/>\n<meta property=\"og:title\" content=\"Ideal 4315 Massicot \u00e9lectrique de table - Albyco\" \/>\n<meta property=\"og:description\" content=\"Ce massicot \u00e9lectrique dispose en plus de son dispositif de pression automatique, de nombreux \u00e9quipements \u00e0 vous couper... le souffle\" \/>\n<meta property=\"og:url\" content=\"https:\/\/www.albyco.com\/fr\/produit\/ideal-4315-massicot-electrique-de-table\/\" \/>\n<meta property=\"og:site_name\" content=\"Albyco\" \/>\n<meta property=\"og:image\" content=\"https:\/\/www.albyco.com\/wp-content\/uploads\/2017\/06\/ebaideal-ebaideal-4315-stapelsnijmachine_IDEAL4315.jpg\" \/>\n\t<meta property=\"og:image:width\" content=\"373\" \/>\n\t<meta property=\"og:image:height\" content=\"610\" \/>\n\t<meta property=\"og:image:type\" content=\"image\/jpeg\" \/>\n<meta name=\"twitter:card\" content=\"summary\" \/>\n<meta name=\"twitter:site\" content=\"@AlbycoNederland\" \/>\n<meta name=\"twitter:label1\" content=\"Dur\u00e9e de lecture estim\u00e9e\" \/>\n\t<meta name=\"twitter:data1\" content=\"1 minute\" \/>\n<script type=\"application\/ld+json\" class=\"yoast-schema-graph\">{\"@context\":\"https:\/\/schema.org\",\"@graph\":[{\"@type\":\"Organization\",\"@id\":\"https:\/\/www.albyco.com\/#organization\",\"name\":\"Albyco Nederland B.V.\",\"url\":\"https:\/\/www.albyco.com\/\",\"sameAs\":[\"https:\/\/www.linkedin.com\/company\/18015670\/\",\"https:\/\/www.youtube.com\/user\/AlbycoNederland\",\"https:\/\/nl.pinterest.com\/albyco\",\"https:\/\/twitter.com\/AlbycoNederland\"],\"logo\":{\"@type\":\"ImageObject\",\"@id\":\"https:\/\/www.albyco.com\/#logo\",\"inLanguage\":\"fr-FR\",\"url\":\"https:\/\/www.albyco.com\/wp-content\/uploads\/2017\/07\/albyco_logo_hd.png\",\"contentUrl\":\"https:\/\/www.albyco.com\/wp-content\/uploads\/2017\/07\/albyco_logo_hd.png\",\"width\":300,\"height\":300,\"caption\":\"Albyco Nederland B.V.\"},\"image\":{\"@id\":\"https:\/\/www.albyco.com\/#logo\"}},{\"@type\":\"WebSite\",\"@id\":\"https:\/\/www.albyco.com\/#website\",\"url\":\"https:\/\/www.albyco.com\/\",\"name\":\"Albyco\",\"description\":\"Leverancier voor nabewerking van geprinte media\",\"publisher\":{\"@id\":\"https:\/\/www.albyco.com\/#organization\"},\"potentialAction\":[{\"@type\":\"SearchAction\",\"target\":{\"@type\":\"EntryPoint\",\"urlTemplate\":\"https:\/\/www.albyco.com\/?s={search_term_string}\"},\"query-input\":\"required name=search_term_string\"}],\"inLanguage\":\"fr-FR\"},{\"@type\":\"ImageObject\",\"@id\":\"https:\/\/www.albyco.com\/fr\/produit\/ideal-4315-massicot-electrique-de-table\/#primaryimage\",\"inLanguage\":\"fr-FR\",\"url\":\"https:\/\/www.albyco.com\/wp-content\/uploads\/2017\/06\/ebaideal-ebaideal-4315-stapelsnijmachine_IDEAL4315.jpg\",\"contentUrl\":\"https:\/\/www.albyco.com\/wp-content\/uploads\/2017\/06\/ebaideal-ebaideal-4315-stapelsnijmachine_IDEAL4315.jpg\",\"width\":373,\"height\":610,\"caption\":\"Ideal 4315 Massicot \u00e9lectrique de table\"},{\"@type\":\"WebPage\",\"@id\":\"https:\/\/www.albyco.com\/fr\/produit\/ideal-4315-massicot-electrique-de-table\/#webpage\",\"url\":\"https:\/\/www.albyco.com\/fr\/produit\/ideal-4315-massicot-electrique-de-table\/\",\"name\":\"Ideal 4315 Massicot \u00e9lectrique de table - Albyco\",\"isPartOf\":{\"@id\":\"https:\/\/www.albyco.com\/#website\"},\"primaryImageOfPage\":{\"@id\":\"https:\/\/www.albyco.com\/fr\/produit\/ideal-4315-massicot-electrique-de-table\/#primaryimage\"},\"datePublished\":\"2018-08-20T10:11:15+00:00\",\"dateModified\":\"2018-08-20T10:11:15+00:00\",\"description\":\"Ce massicot \u00e9lectrique dispose en plus de son dispositif de pression automatique, de nombreux \u00e9quipements \u00e0 vous couper... le souffle\",\"breadcrumb\":{\"@id\":\"https:\/\/www.albyco.com\/fr\/produit\/ideal-4315-massicot-electrique-de-table\/#breadcrumb\"},\"inLanguage\":\"fr-FR\",\"potentialAction\":[{\"@type\":\"ReadAction\",\"target\":[\"https:\/\/www.albyco.com\/fr\/produit\/ideal-4315-massicot-electrique-de-table\/\"]}]},{\"@type\":\"BreadcrumbList\",\"@id\":\"https:\/\/www.albyco.com\/fr\/produit\/ideal-4315-massicot-electrique-de-table\/#breadcrumb\",\"itemListElement\":[{\"@type\":\"ListItem\",\"position\":1,\"name\":\"Home\",\"item\":\"https:\/\/www.albyco.com\/fr\/\"},{\"@type\":\"ListItem\",\"position\":2,\"name\":\"Les produits\",\"item\":\"https:\/\/www.albyco.com\/fr\/producten\/\"},{\"@type\":\"ListItem\",\"position\":3,\"name\":\"Ideal 4315 Massicot \u00e9lectrique de table\"}]}]}<\/script>\n<!-- \/ Yoast SEO plugin. -->","yoast_head_json":{"title":"Ideal 4315 Massicot \u00e9lectrique de table - Albyco","description":"Ce massicot \u00e9lectrique dispose en plus de son dispositif de pression automatique, de nombreux \u00e9quipements \u00e0 vous couper... le souffle","robots":{"index":"index","follow":"follow","max-snippet":"max-snippet:-1","max-image-preview":"max-image-preview:large","max-video-preview":"max-video-preview:-1"},"canonical":"https:\/\/www.albyco.com\/fr\/produit\/ideal-4315-massicot-electrique-de-table\/","og_locale":"fr_FR","og_type":"article","og_title":"Ideal 4315 Massicot \u00e9lectrique de table - Albyco","og_description":"Ce massicot \u00e9lectrique dispose en plus de son dispositif de pression automatique, de nombreux \u00e9quipements \u00e0 vous couper... le souffle","og_url":"https:\/\/www.albyco.com\/fr\/produit\/ideal-4315-massicot-electrique-de-table\/","og_site_name":"Albyco","og_image":[{"width":373,"height":610,"url":"https:\/\/www.albyco.com\/wp-content\/uploads\/2017\/06\/ebaideal-ebaideal-4315-stapelsnijmachine_IDEAL4315.jpg","type":"image\/jpeg"}],"twitter_card":"summary","twitter_site":"@AlbycoNederland","twitter_misc":{"Dur\u00e9e de lecture estim\u00e9e":"1 minute"},"schema":{"@context":"https:\/\/schema.org","@graph":[{"@type":"Organization","@id":"https:\/\/www.albyco.com\/#organization","name":"Albyco Nederland B.V.","url":"https:\/\/www.albyco.com\/","sameAs":["https:\/\/www.linkedin.com\/company\/18015670\/","https:\/\/www.youtube.com\/user\/AlbycoNederland","https:\/\/nl.pinterest.com\/albyco","https:\/\/twitter.com\/AlbycoNederland"],"logo":{"@type":"ImageObject","@id":"https:\/\/www.albyco.com\/#logo","inLanguage":"fr-FR","url":"https:\/\/www.albyco.com\/wp-content\/uploads\/2017\/07\/albyco_logo_hd.png","contentUrl":"https:\/\/www.albyco.com\/wp-content\/uploads\/2017\/07\/albyco_logo_hd.png","width":300,"height":300,"caption":"Albyco Nederland B.V."},"image":{"@id":"https:\/\/www.albyco.com\/#logo"}},{"@type":"WebSite","@id":"https:\/\/www.albyco.com\/#website","url":"https:\/\/www.albyco.com\/","name":"Albyco","description":"Leverancier voor nabewerking van geprinte media","publisher":{"@id":"https:\/\/www.albyco.com\/#organization"},"potentialAction":[{"@type":"SearchAction","target":{"@type":"EntryPoint","urlTemplate":"https:\/\/www.albyco.com\/?s={search_term_string}"},"query-input":"required name=search_term_string"}],"inLanguage":"fr-FR"},{"@type":"ImageObject","@id":"https:\/\/www.albyco.com\/fr\/produit\/ideal-4315-massicot-electrique-de-table\/#primaryimage","inLanguage":"fr-FR","url":"https:\/\/www.albyco.com\/wp-content\/uploads\/2017\/06\/ebaideal-ebaideal-4315-stapelsnijmachine_IDEAL4315.jpg","contentUrl":"https:\/\/www.albyco.com\/wp-content\/uploads\/2017\/06\/ebaideal-ebaideal-4315-stapelsnijmachine_IDEAL4315.jpg","width":373,"height":610,"caption":"Ideal 4315 Massicot \u00e9lectrique de table"},{"@type":"WebPage","@id":"https:\/\/www.albyco.com\/fr\/produit\/ideal-4315-massicot-electrique-de-table\/#webpage","url":"https:\/\/www.albyco.com\/fr\/produit\/ideal-4315-massicot-electrique-de-table\/","name":"Ideal 4315 Massicot \u00e9lectrique de table - Albyco","isPartOf":{"@id":"https:\/\/www.albyco.com\/#website"},"primaryImageOfPage":{"@id":"https:\/\/www.albyco.com\/fr\/produit\/ideal-4315-massicot-electrique-de-table\/#primaryimage"},"datePublished":"2018-08-20T10:11:15+00:00","dateModified":"2018-08-20T10:11:15+00:00","description":"Ce massicot \u00e9lectrique dispose en plus de son dispositif de pression automatique, de nombreux \u00e9quipements \u00e0 vous couper... le souffle","breadcrumb":{"@id":"https:\/\/www.albyco.com\/fr\/produit\/ideal-4315-massicot-electrique-de-table\/#breadcrumb"},"inLanguage":"fr-FR","potentialAction":[{"@type":"ReadAction","target":["https:\/\/www.albyco.com\/fr\/produit\/ideal-4315-massicot-electrique-de-table\/"]}]},{"@type":"BreadcrumbList","@id":"https:\/\/www.albyco.com\/fr\/produit\/ideal-4315-massicot-electrique-de-table\/#breadcrumb","itemListElement":[{"@type":"ListItem","position":1,"name":"Home","item":"https:\/\/www.albyco.com\/fr\/"},{"@type":"ListItem","position":2,"name":"Les produits","item":"https:\/\/www.albyco.com\/fr\/producten\/"},{"@type":"ListItem","position":3,"name":"Ideal 4315 Massicot \u00e9lectrique de table"}]}]}},"_links":{"self":[{"href":"https:\/\/www.albyco.com\/fr\/wp-json\/wp\/v2\/product\/33659"}],"collection":[{"href":"https:\/\/www.albyco.com\/fr\/wp-json\/wp\/v2\/product"}],"about":[{"href":"https:\/\/www.albyco.com\/fr\/wp-json\/wp\/v2\/types\/product"}],"replies":[{"embeddable":true,"href":"https:\/\/www.albyco.com\/fr\/wp-json\/wp\/v2\/comments?post=33659"}],"wp:featuredmedia":[{"embeddable":true,"href":"https:\/\/www.albyco.com\/fr\/wp-json\/wp\/v2\/media\/7901"}],"wp:attachment":[{"href":"https:\/\/www.albyco.com\/fr\/wp-json\/wp\/v2\/media?parent=33659"}],"wp:term":[{"taxonomy":"product_cat","embeddable":true,"href":"https:\/\/www.albyco.com\/fr\/wp-json\/wp\/v2\/product_cat?post=33659"},{"taxonomy":"product_tag","embeddable":true,"href":"https:\/\/www.albyco.com\/fr\/wp-json\/wp\/v2\/product_tag?post=33659"}],"curies":[{"name":"wp","href":"https:\/\/api.w.org\/{rel}","templated":true}]}}