{"id":33658,"date":"2018-08-21T13:33:47","date_gmt":"2018-08-21T11:33:47","guid":{"rendered":"https:\/\/www.albyco.com\/product\/ideal-4860-massicot\/"},"modified":"2018-08-21T13:33:47","modified_gmt":"2018-08-21T11:33:47","slug":"ideal-4860-massicot","status":"publish","type":"product","link":"https:\/\/www.albyco.com\/fr\/produit\/ideal-4860-massicot\/","title":{"rendered":"Ideal 4860 massicot \u00e9lectrique"},"content":{"rendered":"<table style=\"width: 100%; border-collapse: collapse;\" border=\"0\">\r\n<tbody>\r\n<tr>\r\n<td style=\"width: 50%; background-color: #ffffff;\">Nouveau massicot compact pour la coupe des imprim\u00e9s num\u00e9riques, \u00e9quip\u00e9 d&#8217;un \u00e9cran de commande tactile et programmable (pour le d\u00e9placement de la but\u00e9e arri\u00e8re) et d&#8217;un barrage immat\u00e9riel par cellules photo-\u00e9lectriques. D\u00e9couvrez sur ce massicot d&#8217;autres \u00e9quipements tr\u00e8s pratiques tels que la commande bi-manuelle avec d\u00e9clenchement s\u00e9par\u00e9 pour la descente de la presse et de la lame ou le porte-outils pratique \u00e0 l&#8217;arri\u00e8re du massicot. En plus, un bouton molet\u00e9 \u00e9lectronique, \u00e0 l&#8217;avant de massicot, permet aussi de d\u00e9placer progressivement la but\u00e9e arri\u00e8re. De s\u00e9rie sur stand m\u00e9tallique avec tablette de d\u00e9pose.<\/td>\r\n<td style=\"width: 50%; background-color: #ffffff;\"><div class=\"epyt-video-wrapper\"><iframe  id=\"_ytid_73062\"  width=\"800\" height=\"450\"  data-origwidth=\"800\" data-origheight=\"450\"  data-relstop=\"1\" src=\"https:\/\/www.youtube.com\/embed\/J1b4ly9YXd4?enablejsapi=1&autoplay=0&cc_load_policy=0&iv_load_policy=1&loop=0&modestbranding=0&fs=1&playsinline=1&controls=1&color=red&cc_lang_pref=&rel=0&autohide=2&theme=dark&\" class=\"__youtube_prefs__  no-lazyload\" title=\"YouTube player\"  allow=\"accelerometer; autoplay; clipboard-write; encrypted-media; gyroscope; picture-in-picture\" allowfullscreen data-no-lazy=\"1\" data-skipgform_ajax_framebjll=\"\"><\/iframe><\/div><\/td>\r\n<\/tr>\r\n<tr>\r\n<td style=\"width: 50%; background-color: #ffffff;\">&#8211; Dispositifs de s\u00e9curit\u00e9 S.C.S. (Syst\u00e8me de Coupe S\u00e9curis\u00e9) :<\/td>\r\n<td style=\"width: 50%; background-color: #ffffff;\">&#8211; Carter de protection pivotant sur la table avant et prot\u00e9g\u00e9 \u00e9lectroniquement<\/td>\r\n<\/tr>\r\n<tr>\r\n<td style=\"width: 50%; background-color: #ffffff;\"><\/td>\r\n<td style=\"width: 50%; background-color: #ffffff;\">&#8211; Carter de protection articul\u00e9 transparent, contr\u00f4l\u00e9 \u00e9lectriquement, sur la table arri\u00e8re<\/td>\r\n<\/tr>\r\n<tr>\r\n<td style=\"width: 50%; background-color: #ffffff;\"><\/td>\r\n<td style=\"width: 50%; background-color: #ffffff;\">&#8211; Interrupteur principal cadenassable et contacteur \u00e0 cl\u00e9<\/td>\r\n<\/tr>\r\n<tr>\r\n<td style=\"width: 50%; background-color: #ffffff;\"><\/td>\r\n<td style=\"width: 50%; background-color: #ffffff;\">&#8211; Commande bi-manuelle temporis\u00e9e anti-r\u00e9p\u00e9titive<\/td>\r\n<\/tr>\r\n<tr>\r\n<td style=\"width: 50%; background-color: #ffffff;\"><\/td>\r\n<td style=\"width: 50%; background-color: #ffffff;\">&#8211; Commande basse tension 24 Volt<\/td>\r\n<\/tr>\r\n<tr>\r\n<td style=\"width: 50%; background-color: #ffffff;\"><\/td>\r\n<td style=\"width: 50%; background-color: #ffffff;\">&#8211; Syst\u00e8me d&#8217;entra\u00eenement brevet\u00e9 IDEAL<\/td>\r\n<\/tr>\r\n<tr>\r\n<td style=\"width: 50%; background-color: #ffffff;\"><\/td>\r\n<td style=\"width: 50%; background-color: #ffffff;\">&#8211; Retour automatique de la lame et de la presse de n&#8217;importe quelle position<\/td>\r\n<\/tr>\r\n<tr>\r\n<td style=\"width: 50%; background-color: #ffffff;\"><\/td>\r\n<td style=\"width: 50%; background-color: #ffffff;\">&#8211; Frein \u00e0 disque pour arr\u00eat instantan\u00e9 de la lame<\/td>\r\n<\/tr>\r\n<tr>\r\n<td style=\"width: 50%; background-color: #ffffff;\"><\/td>\r\n<td style=\"width: 50%; background-color: #ffffff;\">&#8211; Remplacement ais\u00e9 de la lame par l&#8217;avant gr\u00e2ce \u00e0 un dispositif prot\u00e9geant le tranchant, sans d\u00e9monter les carters<\/td>\r\n<\/tr>\r\n<tr>\r\n<td style=\"width: 50%; background-color: #ffffff;\"><\/td>\r\n<td style=\"width: 50%; background-color: #ffffff;\">&#8211; R\u00e9glage de profondeur de lame par l&#8217;ext\u00e9rieur.<\/td>\r\n<\/tr>\r\n<tr>\r\n<td style=\"width: 50%; background-color: #ffffff;\" colspan=\"2\">&#8211; Commande \u00e9lectronique programmable ET avec \u00e9cran tactile et menus multi-langues.<\/td>\r\n<\/tr>\r\n<tr>\r\n<td style=\"width: 50%; background-color: #ffffff;\" colspan=\"2\">&#8211; Dimensions pr\u00e9-programm\u00e9es pour les formats papiers standards de A6 \u00e0 A3<\/td>\r\n<\/tr>\r\n<tr>\r\n<td style=\"width: 50%; background-color: #ffffff;\" colspan=\"2\">&#8211; 99 programmes de 99 positions chacun (jusqu&#8217;\u00e0 15 coupes r\u00e9p\u00e9titives au sein d&#8217;une position).<\/td>\r\n<\/tr>\r\n<tr>\r\n<td style=\"width: 50%; background-color: #ffffff;\" colspan=\"2\">&#8211; R\u00e9glage au 1\/10 mm de la position de la but\u00e9e arri\u00e8re.<\/td>\r\n<\/tr>\r\n<tr>\r\n<td style=\"width: 50%; background-color: #ffffff;\" colspan=\"2\">&#8211; Dispositif de pression automatique.<\/td>\r\n<\/tr>\r\n<tr>\r\n<td style=\"width: 50%; background-color: #ffffff;\" colspan=\"2\">&#8211; Entra\u00eenement \u00e9lectro-m\u00e9canique de la lame et de la presse<\/td>\r\n<\/tr>\r\n<tr>\r\n<td style=\"width: 50%; background-color: #ffffff;\" colspan=\"2\">&#8211; But\u00e9e arri\u00e8re \u00e9galement actionn\u00e9e par bouton molet\u00e9 \u00e9lectronique.<\/td>\r\n<\/tr>\r\n<tr>\r\n<td style=\"width: 50%; background-color: #ffffff;\" colspan=\"2\">&#8211; Mat\u00e9rialisation optique de la ligne de coupe.<\/td>\r\n<\/tr>\r\n<tr>\r\n<td style=\"width: 50%; background-color: #ffffff;\" colspan=\"2\">&#8211; Hauteur de travail ergonomique.<\/td>\r\n<\/tr>\r\n<tr>\r\n<td style=\"width: 50%; background-color: #ffffff;\" colspan=\"2\">&#8211; Auto-diagnostic avec affichage de l&#8217;erreur sur \u00e9cran.<\/td>\r\n<\/tr>\r\n<tr>\r\n<td style=\"width: 50%; background-color: #ffffff;\" colspan=\"2\">&#8211; Peigne de presse \u00e0 double guidage pour une pression \u00e9quilibr\u00e9e.<\/td>\r\n<\/tr>\r\n<\/tbody>\r\n<\/table>\r\n<table class=\"caracTable\">\r\n<tbody>\r\n<tr class=\"bgGray\">\r\n<td class=\"boldTd\">Longueur de coupe<\/td>\r\n<td>475 mm<\/td>\r\n<\/tr>\r\n<tr>\r\n<td class=\"boldTd\">Capacit\u00e9 de coupe<\/td>\r\n<td>80 mm<\/td>\r\n<\/tr>\r\n<tr class=\"bgGray\">\r\n<td class=\"boldTd\">Profondeur de table<\/td>\r\n<td>450 mm<\/td>\r\n<\/tr>\r\n<tr>\r\n<td class=\"boldTd\">Coupe minimale<\/td>\r\n<td>35 mm<\/td>\r\n<\/tr>\r\n<tr class=\"bgGray\">\r\n<td class=\"boldTd\">Alimentation<\/td>\r\n<td>230 V\/50 Hz\/1,42 kW<\/td>\r\n<\/tr>\r\n<tr>\r\n<td class=\"boldTd\">Dimensions<\/td>\r\n<td>H1290 x L755 x P990 mm<\/td>\r\n<\/tr>\r\n<tr class=\"bgGray\">\r\n<td class=\"boldTd\">Poids<\/td>\r\n<td>232 kg<\/td>\r\n<\/tr>\r\n<\/tbody>\r\n<\/table>\r\n&nbsp;","protected":false},"excerpt":{"rendered":"<p>Nouveau massicot compact pour la coupe des imprim\u00e9s num\u00e9riques, \u00e9quip\u00e9 d&#8217;un \u00e9cran de commande tactile et programmable (pour le d\u00e9placement de la but\u00e9e arri\u00e8re) et d&#8217;un barrage immat\u00e9riel par cellules photo-\u00e9lectriques.<\/p>\n","protected":false},"featured_media":7950,"comment_status":"open","ping_status":"closed","template":"","meta":[],"product_cat":[2300,2301,2302,2303],"product_tag":[2305,2425,2306,2743,2307,2308,2309],"yoast_head":"<!-- This site is optimized with the Yoast SEO plugin v18.6 - https:\/\/yoast.com\/wordpress\/plugins\/seo\/ -->\n<title>Ideal 4860 massicot \u00e9lectrique<\/title>\n<meta name=\"description\" content=\"Nouveau massicot compact pour la coupe des imprim\u00e9s num\u00e9riques, \u00e9quip\u00e9 d&#039;un \u00e9cran de commande tactile et programmable (pour le d\u00e9placement de la but\u00e9e arri\u00e8re) et d&#039;un barrage immat\u00e9riel par cellules photo-\u00e9lectriques.\" \/>\n<meta name=\"robots\" content=\"index, follow, max-snippet:-1, max-image-preview:large, max-video-preview:-1\" \/>\n<link rel=\"canonical\" href=\"https:\/\/www.albyco.com\/fr\/produit\/ideal-4860-massicot\/\" \/>\n<meta property=\"og:locale\" content=\"fr_FR\" \/>\n<meta property=\"og:type\" content=\"article\" \/>\n<meta property=\"og:title\" content=\"Ideal 4860 massicot \u00e9lectrique\" \/>\n<meta property=\"og:description\" content=\"Nouveau massicot compact pour la coupe des imprim\u00e9s num\u00e9riques, \u00e9quip\u00e9 d&#039;un \u00e9cran de commande tactile et programmable (pour le d\u00e9placement de la but\u00e9e arri\u00e8re) et d&#039;un barrage immat\u00e9riel par cellules photo-\u00e9lectriques.\" \/>\n<meta property=\"og:url\" content=\"https:\/\/www.albyco.com\/fr\/produit\/ideal-4860-massicot\/\" \/>\n<meta property=\"og:site_name\" content=\"Albyco\" \/>\n<meta property=\"og:image\" content=\"https:\/\/www.albyco.com\/wp-content\/uploads\/2017\/06\/ebaideal-ebaideal-4860-stapelsnijmachine_IDEAL4860.jpg\" \/>\n\t<meta property=\"og:image:width\" content=\"414\" \/>\n\t<meta property=\"og:image:height\" content=\"610\" \/>\n\t<meta property=\"og:image:type\" content=\"image\/jpeg\" \/>\n<meta name=\"twitter:card\" content=\"summary\" \/>\n<meta name=\"twitter:site\" content=\"@AlbycoNederland\" \/>\n<meta name=\"twitter:label1\" content=\"Dur\u00e9e de lecture estim\u00e9e\" \/>\n\t<meta name=\"twitter:data1\" content=\"2 minutes\" \/>\n<script type=\"application\/ld+json\" class=\"yoast-schema-graph\">{\"@context\":\"https:\/\/schema.org\",\"@graph\":[{\"@type\":\"Organization\",\"@id\":\"https:\/\/www.albyco.com\/#organization\",\"name\":\"Albyco Nederland B.V.\",\"url\":\"https:\/\/www.albyco.com\/\",\"sameAs\":[\"https:\/\/www.linkedin.com\/company\/18015670\/\",\"https:\/\/www.youtube.com\/user\/AlbycoNederland\",\"https:\/\/nl.pinterest.com\/albyco\",\"https:\/\/twitter.com\/AlbycoNederland\"],\"logo\":{\"@type\":\"ImageObject\",\"@id\":\"https:\/\/www.albyco.com\/#logo\",\"inLanguage\":\"fr-FR\",\"url\":\"https:\/\/www.albyco.com\/wp-content\/uploads\/2017\/07\/albyco_logo_hd.png\",\"contentUrl\":\"https:\/\/www.albyco.com\/wp-content\/uploads\/2017\/07\/albyco_logo_hd.png\",\"width\":300,\"height\":300,\"caption\":\"Albyco Nederland B.V.\"},\"image\":{\"@id\":\"https:\/\/www.albyco.com\/#logo\"}},{\"@type\":\"WebSite\",\"@id\":\"https:\/\/www.albyco.com\/#website\",\"url\":\"https:\/\/www.albyco.com\/\",\"name\":\"Albyco\",\"description\":\"Leverancier voor nabewerking van geprinte media\",\"publisher\":{\"@id\":\"https:\/\/www.albyco.com\/#organization\"},\"potentialAction\":[{\"@type\":\"SearchAction\",\"target\":{\"@type\":\"EntryPoint\",\"urlTemplate\":\"https:\/\/www.albyco.com\/?s={search_term_string}\"},\"query-input\":\"required name=search_term_string\"}],\"inLanguage\":\"fr-FR\"},{\"@type\":\"ImageObject\",\"@id\":\"https:\/\/www.albyco.com\/fr\/produit\/ideal-4860-massicot\/#primaryimage\",\"inLanguage\":\"fr-FR\",\"url\":\"https:\/\/www.albyco.com\/wp-content\/uploads\/2017\/06\/ebaideal-ebaideal-4860-stapelsnijmachine_IDEAL4860.jpg\",\"contentUrl\":\"https:\/\/www.albyco.com\/wp-content\/uploads\/2017\/06\/ebaideal-ebaideal-4860-stapelsnijmachine_IDEAL4860.jpg\",\"width\":414,\"height\":610,\"caption\":\"Ideal 4860 massicot \u00e9lectrique\"},{\"@type\":\"WebPage\",\"@id\":\"https:\/\/www.albyco.com\/fr\/produit\/ideal-4860-massicot\/#webpage\",\"url\":\"https:\/\/www.albyco.com\/fr\/produit\/ideal-4860-massicot\/\",\"name\":\"Ideal 4860 massicot \u00e9lectrique\",\"isPartOf\":{\"@id\":\"https:\/\/www.albyco.com\/#website\"},\"primaryImageOfPage\":{\"@id\":\"https:\/\/www.albyco.com\/fr\/produit\/ideal-4860-massicot\/#primaryimage\"},\"datePublished\":\"2018-08-21T11:33:47+00:00\",\"dateModified\":\"2018-08-21T11:33:47+00:00\",\"description\":\"Nouveau massicot compact pour la coupe des imprim\u00e9s num\u00e9riques, \u00e9quip\u00e9 d'un \u00e9cran de commande tactile et programmable (pour le d\u00e9placement de la but\u00e9e arri\u00e8re) et d'un barrage immat\u00e9riel par cellules photo-\u00e9lectriques.\",\"breadcrumb\":{\"@id\":\"https:\/\/www.albyco.com\/fr\/produit\/ideal-4860-massicot\/#breadcrumb\"},\"inLanguage\":\"fr-FR\",\"potentialAction\":[{\"@type\":\"ReadAction\",\"target\":[\"https:\/\/www.albyco.com\/fr\/produit\/ideal-4860-massicot\/\"]}]},{\"@type\":\"BreadcrumbList\",\"@id\":\"https:\/\/www.albyco.com\/fr\/produit\/ideal-4860-massicot\/#breadcrumb\",\"itemListElement\":[{\"@type\":\"ListItem\",\"position\":1,\"name\":\"Home\",\"item\":\"https:\/\/www.albyco.com\/fr\/\"},{\"@type\":\"ListItem\",\"position\":2,\"name\":\"Les produits\",\"item\":\"https:\/\/www.albyco.com\/fr\/producten\/\"},{\"@type\":\"ListItem\",\"position\":3,\"name\":\"Ideal 4860 massicot \u00e9lectrique\"}]}]}<\/script>\n<!-- \/ Yoast SEO plugin. -->","yoast_head_json":{"title":"Ideal 4860 massicot \u00e9lectrique","description":"Nouveau massicot compact pour la coupe des imprim\u00e9s num\u00e9riques, \u00e9quip\u00e9 d'un \u00e9cran de commande tactile et programmable (pour le d\u00e9placement de la but\u00e9e arri\u00e8re) et d'un barrage immat\u00e9riel par cellules photo-\u00e9lectriques.","robots":{"index":"index","follow":"follow","max-snippet":"max-snippet:-1","max-image-preview":"max-image-preview:large","max-video-preview":"max-video-preview:-1"},"canonical":"https:\/\/www.albyco.com\/fr\/produit\/ideal-4860-massicot\/","og_locale":"fr_FR","og_type":"article","og_title":"Ideal 4860 massicot \u00e9lectrique","og_description":"Nouveau massicot compact pour la coupe des imprim\u00e9s num\u00e9riques, \u00e9quip\u00e9 d'un \u00e9cran de commande tactile et programmable (pour le d\u00e9placement de la but\u00e9e arri\u00e8re) et d'un barrage immat\u00e9riel par cellules photo-\u00e9lectriques.","og_url":"https:\/\/www.albyco.com\/fr\/produit\/ideal-4860-massicot\/","og_site_name":"Albyco","og_image":[{"width":414,"height":610,"url":"https:\/\/www.albyco.com\/wp-content\/uploads\/2017\/06\/ebaideal-ebaideal-4860-stapelsnijmachine_IDEAL4860.jpg","type":"image\/jpeg"}],"twitter_card":"summary","twitter_site":"@AlbycoNederland","twitter_misc":{"Dur\u00e9e de lecture estim\u00e9e":"2 minutes"},"schema":{"@context":"https:\/\/schema.org","@graph":[{"@type":"Organization","@id":"https:\/\/www.albyco.com\/#organization","name":"Albyco Nederland B.V.","url":"https:\/\/www.albyco.com\/","sameAs":["https:\/\/www.linkedin.com\/company\/18015670\/","https:\/\/www.youtube.com\/user\/AlbycoNederland","https:\/\/nl.pinterest.com\/albyco","https:\/\/twitter.com\/AlbycoNederland"],"logo":{"@type":"ImageObject","@id":"https:\/\/www.albyco.com\/#logo","inLanguage":"fr-FR","url":"https:\/\/www.albyco.com\/wp-content\/uploads\/2017\/07\/albyco_logo_hd.png","contentUrl":"https:\/\/www.albyco.com\/wp-content\/uploads\/2017\/07\/albyco_logo_hd.png","width":300,"height":300,"caption":"Albyco Nederland B.V."},"image":{"@id":"https:\/\/www.albyco.com\/#logo"}},{"@type":"WebSite","@id":"https:\/\/www.albyco.com\/#website","url":"https:\/\/www.albyco.com\/","name":"Albyco","description":"Leverancier voor nabewerking van geprinte media","publisher":{"@id":"https:\/\/www.albyco.com\/#organization"},"potentialAction":[{"@type":"SearchAction","target":{"@type":"EntryPoint","urlTemplate":"https:\/\/www.albyco.com\/?s={search_term_string}"},"query-input":"required name=search_term_string"}],"inLanguage":"fr-FR"},{"@type":"ImageObject","@id":"https:\/\/www.albyco.com\/fr\/produit\/ideal-4860-massicot\/#primaryimage","inLanguage":"fr-FR","url":"https:\/\/www.albyco.com\/wp-content\/uploads\/2017\/06\/ebaideal-ebaideal-4860-stapelsnijmachine_IDEAL4860.jpg","contentUrl":"https:\/\/www.albyco.com\/wp-content\/uploads\/2017\/06\/ebaideal-ebaideal-4860-stapelsnijmachine_IDEAL4860.jpg","width":414,"height":610,"caption":"Ideal 4860 massicot \u00e9lectrique"},{"@type":"WebPage","@id":"https:\/\/www.albyco.com\/fr\/produit\/ideal-4860-massicot\/#webpage","url":"https:\/\/www.albyco.com\/fr\/produit\/ideal-4860-massicot\/","name":"Ideal 4860 massicot \u00e9lectrique","isPartOf":{"@id":"https:\/\/www.albyco.com\/#website"},"primaryImageOfPage":{"@id":"https:\/\/www.albyco.com\/fr\/produit\/ideal-4860-massicot\/#primaryimage"},"datePublished":"2018-08-21T11:33:47+00:00","dateModified":"2018-08-21T11:33:47+00:00","description":"Nouveau massicot compact pour la coupe des imprim\u00e9s num\u00e9riques, \u00e9quip\u00e9 d'un \u00e9cran de commande tactile et programmable (pour le d\u00e9placement de la but\u00e9e arri\u00e8re) et d'un barrage immat\u00e9riel par cellules photo-\u00e9lectriques.","breadcrumb":{"@id":"https:\/\/www.albyco.com\/fr\/produit\/ideal-4860-massicot\/#breadcrumb"},"inLanguage":"fr-FR","potentialAction":[{"@type":"ReadAction","target":["https:\/\/www.albyco.com\/fr\/produit\/ideal-4860-massicot\/"]}]},{"@type":"BreadcrumbList","@id":"https:\/\/www.albyco.com\/fr\/produit\/ideal-4860-massicot\/#breadcrumb","itemListElement":[{"@type":"ListItem","position":1,"name":"Home","item":"https:\/\/www.albyco.com\/fr\/"},{"@type":"ListItem","position":2,"name":"Les produits","item":"https:\/\/www.albyco.com\/fr\/producten\/"},{"@type":"ListItem","position":3,"name":"Ideal 4860 massicot \u00e9lectrique"}]}]}},"_links":{"self":[{"href":"https:\/\/www.albyco.com\/fr\/wp-json\/wp\/v2\/product\/33658"}],"collection":[{"href":"https:\/\/www.albyco.com\/fr\/wp-json\/wp\/v2\/product"}],"about":[{"href":"https:\/\/www.albyco.com\/fr\/wp-json\/wp\/v2\/types\/product"}],"replies":[{"embeddable":true,"href":"https:\/\/www.albyco.com\/fr\/wp-json\/wp\/v2\/comments?post=33658"}],"wp:featuredmedia":[{"embeddable":true,"href":"https:\/\/www.albyco.com\/fr\/wp-json\/wp\/v2\/media\/7950"}],"wp:attachment":[{"href":"https:\/\/www.albyco.com\/fr\/wp-json\/wp\/v2\/media?parent=33658"}],"wp:term":[{"taxonomy":"product_cat","embeddable":true,"href":"https:\/\/www.albyco.com\/fr\/wp-json\/wp\/v2\/product_cat?post=33658"},{"taxonomy":"product_tag","embeddable":true,"href":"https:\/\/www.albyco.com\/fr\/wp-json\/wp\/v2\/product_tag?post=33658"}],"curies":[{"name":"wp","href":"https:\/\/api.w.org\/{rel}","templated":true}]}}