{"id":33650,"date":"2018-08-20T10:08:35","date_gmt":"2018-08-20T08:08:35","guid":{"rendered":"https:\/\/www.albyco.com\/product\/ideal-4305-massicot-manuel-sur-stand-metallique\/"},"modified":"2021-06-30T10:28:14","modified_gmt":"2021-06-30T08:28:14","slug":"ideal-4305-massicot-manuel-sur-stand-metallique","status":"publish","type":"product","link":"https:\/\/www.albyco.com\/fr\/produit\/ideal-4305-massicot-manuel-sur-stand-metallique\/","title":{"rendered":"Ideal 4305 Massicot manuel sur stand m\u00e9tallique"},"content":{"rendered":"<table style=\"width: 100%; border-collapse: collapse;\" border=\"0\">\r\n<tbody>\r\n<tr>\r\n<td style=\"width: 50%;\">Pour le service reprographie ou informatique des entreprises et administrations, le massicot manuel IDEAL 4305 offre des solutions avantageuses et professionnelles.\r\nVous pouvez ainsi couper jusqu&#8217;\u00e0 500 feuilles avec un minimum d&#8217;effort et un maximum de pr\u00e9cision.\r\nExiste en version sur stand m\u00e9tallique.<\/td>\r\n<td style=\"width: 50%;\"><div class=\"epyt-video-wrapper\"><iframe  id=\"_ytid_42058\"  width=\"800\" height=\"450\"  data-origwidth=\"800\" data-origheight=\"450\"  data-relstop=\"1\" src=\"https:\/\/www.youtube.com\/embed\/RLl05Hehiqc?enablejsapi=1&autoplay=0&cc_load_policy=0&iv_load_policy=1&loop=0&modestbranding=0&fs=1&playsinline=1&controls=1&color=red&cc_lang_pref=&rel=0&autohide=2&theme=dark&\" class=\"__youtube_prefs__  no-lazyload\" title=\"YouTube player\"  allow=\"accelerometer; autoplay; clipboard-write; encrypted-media; gyroscope; picture-in-picture\" allowfullscreen data-no-lazy=\"1\" data-skipgform_ajax_framebjll=\"\"><\/iframe><\/div><\/td>\r\n<\/tr>\r\n<\/tbody>\r\n<\/table>\r\n<table style=\"width: 100%; border-collapse: collapse;\" border=\"0\">\r\n<tbody>\r\n<tr>\r\n<td style=\"width: 100%; background-color: #ffffff;\">Dispositifs de s\u00e9curit\u00e9S.C.S. (Syst\u00e8me de Coupe S\u00e9curis\u00e9) :<\/td>\r\n<\/tr>\r\n<tr>\r\n<td style=\"width: 100%; background-color: #ffffff;\">\u2022 Carter de protection pivotant sur la table avant<\/td>\r\n<\/tr>\r\n<tr>\r\n<td style=\"width: 100%; background-color: #ffffff;\">\u2022 Carter de protection transparent sur la table arri\u00e8re<\/td>\r\n<\/tr>\r\n<tr>\r\n<td style=\"width: 100%; background-color: #ffffff;\">\u2022 Dispositif de blocage de lame (levier en position haute)<\/td>\r\n<\/tr>\r\n<tr>\r\n<td style=\"width: 100%; background-color: #ffffff;\">\u2022 Syst\u00e8me d&#8217;entra\u00eenement brevet\u00e9 Ideal<\/td>\r\n<\/tr>\r\n<tr>\r\n<td style=\"width: 100%; background-color: #ffffff;\">\u2022 Remplacement ais\u00e9 de la lame par l&#8217;avant gr\u00e2ce \u00e0 une dispositif prot\u00e9geant le tranchant, sans d\u00e9monter les carters<\/td>\r\n<\/tr>\r\n<tr>\r\n<td style=\"width: 100%; background-color: #ffffff;\">\u2022 R\u00e9glage de profondeur de lame par l&#8217;ext\u00e9rieur<\/td>\r\n<\/tr>\r\n<tr>\r\n<td style=\"width: 100%; background-color: #ffffff;\">\u2022 Changement rapide et facile de la r\u00e9glette par le c\u00f4t\u00e9.<\/td>\r\n<\/tr>\r\n<tr>\r\n<td style=\"width: 100%; background-color: #ffffff;\">\u2022 Dispositif brevet\u00e9 de pression rapide par levier<\/td>\r\n<\/tr>\r\n<tr>\r\n<td style=\"width: 100%; background-color: #ffffff;\">\u2022 But\u00e9e arri\u00e8re d\u00e9plac\u00e9e par vis sans fin et actionn\u00e9e par manivelle<\/td>\r\n<\/tr>\r\n<tr>\r\n<td style=\"width: 100%; background-color: #ffffff;\">\u2022 Vernier millim\u00e9tr\u00e9 pour r\u00e9glage au 1\/2 mm de la position de la but\u00e9e arri\u00e8re<\/td>\r\n<\/tr>\r\n<tr>\r\n<td style=\"width: 100%; background-color: #ffffff;\">\u2022 But\u00e9e lat\u00e9rale gradu\u00e9e<\/td>\r\n<\/tr>\r\n<tr>\r\n<td style=\"width: 100%; background-color: #ffffff;\">\u2022 Porte-lame tout en acier avec glissi\u00e8res r\u00e9glables<\/td>\r\n<\/tr>\r\n<tr>\r\n<td style=\"width: 100%; background-color: #ffffff;\">\u2022 Construction stable enti\u00e8rement m\u00e9tallique<\/td>\r\n<\/tr>\r\n<\/tbody>\r\n<\/table>\r\n&nbsp;","protected":false},"excerpt":{"rendered":"<p>L&#8217;Ideal 4305 est une machine de d\u00e9coupe manuelle en pile, avec une longueur de coupe de 430 mm et une hauteur de coupe jusqu&#8217;\u00e0 40 mm.<\/p>\n","protected":false},"featured_media":7845,"comment_status":"open","ping_status":"closed","template":"","meta":[],"product_cat":[2300,2301,2302,3611],"product_tag":[2306,2743,2308,2745],"yoast_head":"<!-- This site is optimized with the Yoast SEO plugin v18.6 - https:\/\/yoast.com\/wordpress\/plugins\/seo\/ -->\n<title>Ideal 4305 Massicot manuel sur stand m\u00e9tallique - Albyco<\/title>\n<meta name=\"description\" content=\"L&#039;Ideal 4305 est une machine de d\u00e9coupe manuelle en pile, avec une longueur de coupe de 430 mm et une hauteur de coupe jusqu&#039;\u00e0 40 mm.\" \/>\n<meta name=\"robots\" content=\"index, follow, max-snippet:-1, max-image-preview:large, max-video-preview:-1\" \/>\n<link rel=\"canonical\" href=\"https:\/\/www.albyco.com\/fr\/produit\/ideal-4305-massicot-manuel-sur-stand-metallique\/\" \/>\n<meta property=\"og:locale\" content=\"fr_FR\" \/>\n<meta property=\"og:type\" content=\"article\" \/>\n<meta property=\"og:title\" content=\"Ideal 4305 Massicot manuel sur stand m\u00e9tallique - Albyco\" \/>\n<meta property=\"og:description\" content=\"L&#039;Ideal 4305 est une machine de d\u00e9coupe manuelle en pile, avec une longueur de coupe de 430 mm et une hauteur de coupe jusqu&#039;\u00e0 40 mm.\" \/>\n<meta property=\"og:url\" content=\"https:\/\/www.albyco.com\/fr\/produit\/ideal-4305-massicot-manuel-sur-stand-metallique\/\" \/>\n<meta property=\"og:site_name\" content=\"Albyco\" \/>\n<meta property=\"article:modified_time\" content=\"2021-06-30T08:28:14+00:00\" \/>\n<meta property=\"og:image\" content=\"https:\/\/www.albyco.com\/wp-content\/uploads\/2017\/06\/ebaideal-ebaideal-4305-snijmachine_IDEAL4305.jpg\" \/>\n\t<meta property=\"og:image:width\" content=\"417\" \/>\n\t<meta property=\"og:image:height\" content=\"610\" \/>\n\t<meta property=\"og:image:type\" content=\"image\/jpeg\" \/>\n<meta name=\"twitter:card\" content=\"summary\" \/>\n<meta name=\"twitter:site\" content=\"@AlbycoNederland\" \/>\n<meta name=\"twitter:label1\" content=\"Dur\u00e9e de lecture estim\u00e9e\" \/>\n\t<meta name=\"twitter:data1\" content=\"1 minute\" \/>\n<script type=\"application\/ld+json\" class=\"yoast-schema-graph\">{\"@context\":\"https:\/\/schema.org\",\"@graph\":[{\"@type\":\"Organization\",\"@id\":\"https:\/\/www.albyco.com\/#organization\",\"name\":\"Albyco Nederland B.V.\",\"url\":\"https:\/\/www.albyco.com\/\",\"sameAs\":[\"https:\/\/www.linkedin.com\/company\/18015670\/\",\"https:\/\/www.youtube.com\/user\/AlbycoNederland\",\"https:\/\/nl.pinterest.com\/albyco\",\"https:\/\/twitter.com\/AlbycoNederland\"],\"logo\":{\"@type\":\"ImageObject\",\"@id\":\"https:\/\/www.albyco.com\/#logo\",\"inLanguage\":\"fr-FR\",\"url\":\"https:\/\/www.albyco.com\/wp-content\/uploads\/2017\/07\/albyco_logo_hd.png\",\"contentUrl\":\"https:\/\/www.albyco.com\/wp-content\/uploads\/2017\/07\/albyco_logo_hd.png\",\"width\":300,\"height\":300,\"caption\":\"Albyco Nederland B.V.\"},\"image\":{\"@id\":\"https:\/\/www.albyco.com\/#logo\"}},{\"@type\":\"WebSite\",\"@id\":\"https:\/\/www.albyco.com\/#website\",\"url\":\"https:\/\/www.albyco.com\/\",\"name\":\"Albyco\",\"description\":\"Leverancier voor nabewerking van geprinte media\",\"publisher\":{\"@id\":\"https:\/\/www.albyco.com\/#organization\"},\"potentialAction\":[{\"@type\":\"SearchAction\",\"target\":{\"@type\":\"EntryPoint\",\"urlTemplate\":\"https:\/\/www.albyco.com\/?s={search_term_string}\"},\"query-input\":\"required name=search_term_string\"}],\"inLanguage\":\"fr-FR\"},{\"@type\":\"ImageObject\",\"@id\":\"https:\/\/www.albyco.com\/fr\/produit\/ideal-4305-massicot-manuel-sur-stand-metallique\/#primaryimage\",\"inLanguage\":\"fr-FR\",\"url\":\"https:\/\/www.albyco.com\/wp-content\/uploads\/2017\/06\/ebaideal-ebaideal-4305-snijmachine_IDEAL4305.jpg\",\"contentUrl\":\"https:\/\/www.albyco.com\/wp-content\/uploads\/2017\/06\/ebaideal-ebaideal-4305-snijmachine_IDEAL4305.jpg\",\"width\":417,\"height\":610,\"caption\":\"Ideal 4305 Massicot manuel sur stand m\u00e9tallique\"},{\"@type\":\"WebPage\",\"@id\":\"https:\/\/www.albyco.com\/fr\/produit\/ideal-4305-massicot-manuel-sur-stand-metallique\/#webpage\",\"url\":\"https:\/\/www.albyco.com\/fr\/produit\/ideal-4305-massicot-manuel-sur-stand-metallique\/\",\"name\":\"Ideal 4305 Massicot manuel sur stand m\u00e9tallique - Albyco\",\"isPartOf\":{\"@id\":\"https:\/\/www.albyco.com\/#website\"},\"primaryImageOfPage\":{\"@id\":\"https:\/\/www.albyco.com\/fr\/produit\/ideal-4305-massicot-manuel-sur-stand-metallique\/#primaryimage\"},\"datePublished\":\"2018-08-20T08:08:35+00:00\",\"dateModified\":\"2021-06-30T08:28:14+00:00\",\"description\":\"L'Ideal 4305 est une machine de d\u00e9coupe manuelle en pile, avec une longueur de coupe de 430 mm et une hauteur de coupe jusqu'\u00e0 40 mm.\",\"breadcrumb\":{\"@id\":\"https:\/\/www.albyco.com\/fr\/produit\/ideal-4305-massicot-manuel-sur-stand-metallique\/#breadcrumb\"},\"inLanguage\":\"fr-FR\",\"potentialAction\":[{\"@type\":\"ReadAction\",\"target\":[\"https:\/\/www.albyco.com\/fr\/produit\/ideal-4305-massicot-manuel-sur-stand-metallique\/\"]}]},{\"@type\":\"BreadcrumbList\",\"@id\":\"https:\/\/www.albyco.com\/fr\/produit\/ideal-4305-massicot-manuel-sur-stand-metallique\/#breadcrumb\",\"itemListElement\":[{\"@type\":\"ListItem\",\"position\":1,\"name\":\"Home\",\"item\":\"https:\/\/www.albyco.com\/fr\/\"},{\"@type\":\"ListItem\",\"position\":2,\"name\":\"Les produits\",\"item\":\"https:\/\/www.albyco.com\/fr\/producten\/\"},{\"@type\":\"ListItem\",\"position\":3,\"name\":\"Ideal 4305 Massicot manuel sur stand m\u00e9tallique\"}]}]}<\/script>\n<!-- \/ Yoast SEO plugin. -->","yoast_head_json":{"title":"Ideal 4305 Massicot manuel sur stand m\u00e9tallique - Albyco","description":"L'Ideal 4305 est une machine de d\u00e9coupe manuelle en pile, avec une longueur de coupe de 430 mm et une hauteur de coupe jusqu'\u00e0 40 mm.","robots":{"index":"index","follow":"follow","max-snippet":"max-snippet:-1","max-image-preview":"max-image-preview:large","max-video-preview":"max-video-preview:-1"},"canonical":"https:\/\/www.albyco.com\/fr\/produit\/ideal-4305-massicot-manuel-sur-stand-metallique\/","og_locale":"fr_FR","og_type":"article","og_title":"Ideal 4305 Massicot manuel sur stand m\u00e9tallique - Albyco","og_description":"L'Ideal 4305 est une machine de d\u00e9coupe manuelle en pile, avec une longueur de coupe de 430 mm et une hauteur de coupe jusqu'\u00e0 40 mm.","og_url":"https:\/\/www.albyco.com\/fr\/produit\/ideal-4305-massicot-manuel-sur-stand-metallique\/","og_site_name":"Albyco","article_modified_time":"2021-06-30T08:28:14+00:00","og_image":[{"width":417,"height":610,"url":"https:\/\/www.albyco.com\/wp-content\/uploads\/2017\/06\/ebaideal-ebaideal-4305-snijmachine_IDEAL4305.jpg","type":"image\/jpeg"}],"twitter_card":"summary","twitter_site":"@AlbycoNederland","twitter_misc":{"Dur\u00e9e de lecture estim\u00e9e":"1 minute"},"schema":{"@context":"https:\/\/schema.org","@graph":[{"@type":"Organization","@id":"https:\/\/www.albyco.com\/#organization","name":"Albyco Nederland B.V.","url":"https:\/\/www.albyco.com\/","sameAs":["https:\/\/www.linkedin.com\/company\/18015670\/","https:\/\/www.youtube.com\/user\/AlbycoNederland","https:\/\/nl.pinterest.com\/albyco","https:\/\/twitter.com\/AlbycoNederland"],"logo":{"@type":"ImageObject","@id":"https:\/\/www.albyco.com\/#logo","inLanguage":"fr-FR","url":"https:\/\/www.albyco.com\/wp-content\/uploads\/2017\/07\/albyco_logo_hd.png","contentUrl":"https:\/\/www.albyco.com\/wp-content\/uploads\/2017\/07\/albyco_logo_hd.png","width":300,"height":300,"caption":"Albyco Nederland B.V."},"image":{"@id":"https:\/\/www.albyco.com\/#logo"}},{"@type":"WebSite","@id":"https:\/\/www.albyco.com\/#website","url":"https:\/\/www.albyco.com\/","name":"Albyco","description":"Leverancier voor nabewerking van geprinte media","publisher":{"@id":"https:\/\/www.albyco.com\/#organization"},"potentialAction":[{"@type":"SearchAction","target":{"@type":"EntryPoint","urlTemplate":"https:\/\/www.albyco.com\/?s={search_term_string}"},"query-input":"required name=search_term_string"}],"inLanguage":"fr-FR"},{"@type":"ImageObject","@id":"https:\/\/www.albyco.com\/fr\/produit\/ideal-4305-massicot-manuel-sur-stand-metallique\/#primaryimage","inLanguage":"fr-FR","url":"https:\/\/www.albyco.com\/wp-content\/uploads\/2017\/06\/ebaideal-ebaideal-4305-snijmachine_IDEAL4305.jpg","contentUrl":"https:\/\/www.albyco.com\/wp-content\/uploads\/2017\/06\/ebaideal-ebaideal-4305-snijmachine_IDEAL4305.jpg","width":417,"height":610,"caption":"Ideal 4305 Massicot manuel sur stand m\u00e9tallique"},{"@type":"WebPage","@id":"https:\/\/www.albyco.com\/fr\/produit\/ideal-4305-massicot-manuel-sur-stand-metallique\/#webpage","url":"https:\/\/www.albyco.com\/fr\/produit\/ideal-4305-massicot-manuel-sur-stand-metallique\/","name":"Ideal 4305 Massicot manuel sur stand m\u00e9tallique - Albyco","isPartOf":{"@id":"https:\/\/www.albyco.com\/#website"},"primaryImageOfPage":{"@id":"https:\/\/www.albyco.com\/fr\/produit\/ideal-4305-massicot-manuel-sur-stand-metallique\/#primaryimage"},"datePublished":"2018-08-20T08:08:35+00:00","dateModified":"2021-06-30T08:28:14+00:00","description":"L'Ideal 4305 est une machine de d\u00e9coupe manuelle en pile, avec une longueur de coupe de 430 mm et une hauteur de coupe jusqu'\u00e0 40 mm.","breadcrumb":{"@id":"https:\/\/www.albyco.com\/fr\/produit\/ideal-4305-massicot-manuel-sur-stand-metallique\/#breadcrumb"},"inLanguage":"fr-FR","potentialAction":[{"@type":"ReadAction","target":["https:\/\/www.albyco.com\/fr\/produit\/ideal-4305-massicot-manuel-sur-stand-metallique\/"]}]},{"@type":"BreadcrumbList","@id":"https:\/\/www.albyco.com\/fr\/produit\/ideal-4305-massicot-manuel-sur-stand-metallique\/#breadcrumb","itemListElement":[{"@type":"ListItem","position":1,"name":"Home","item":"https:\/\/www.albyco.com\/fr\/"},{"@type":"ListItem","position":2,"name":"Les produits","item":"https:\/\/www.albyco.com\/fr\/producten\/"},{"@type":"ListItem","position":3,"name":"Ideal 4305 Massicot manuel sur stand m\u00e9tallique"}]}]}},"_links":{"self":[{"href":"https:\/\/www.albyco.com\/fr\/wp-json\/wp\/v2\/product\/33650"}],"collection":[{"href":"https:\/\/www.albyco.com\/fr\/wp-json\/wp\/v2\/product"}],"about":[{"href":"https:\/\/www.albyco.com\/fr\/wp-json\/wp\/v2\/types\/product"}],"replies":[{"embeddable":true,"href":"https:\/\/www.albyco.com\/fr\/wp-json\/wp\/v2\/comments?post=33650"}],"wp:featuredmedia":[{"embeddable":true,"href":"https:\/\/www.albyco.com\/fr\/wp-json\/wp\/v2\/media\/7845"}],"wp:attachment":[{"href":"https:\/\/www.albyco.com\/fr\/wp-json\/wp\/v2\/media?parent=33650"}],"wp:term":[{"taxonomy":"product_cat","embeddable":true,"href":"https:\/\/www.albyco.com\/fr\/wp-json\/wp\/v2\/product_cat?post=33650"},{"taxonomy":"product_tag","embeddable":true,"href":"https:\/\/www.albyco.com\/fr\/wp-json\/wp\/v2\/product_tag?post=33650"}],"curies":[{"name":"wp","href":"https:\/\/api.w.org\/{rel}","templated":true}]}}