{"id":33582,"date":"2017-10-16T09:26:05","date_gmt":"2017-10-16T07:26:05","guid":{"rendered":"https:\/\/www.albyco.com\/product\/ideal-8345-plieuse-automatique-format-a3\/"},"modified":"2022-01-17T11:40:50","modified_gmt":"2022-01-17T10:40:50","slug":"ideal-8345-plieuse-automatique-format-a3","status":"publish","type":"product","link":"https:\/\/www.albyco.com\/fr\/produit\/ideal-8345-plieuse-automatique-format-a3\/","title":{"rendered":"Ideal 8345 Plieuse automatique format A3"},"content":{"rendered":"<table style=\"width: 100%; border-collapse: collapse;\" border=\"0\">\r\n<tbody>\r\n<tr>\r\n<td style=\"width: 50%;\">Plieuse automatique pour des plis pr\u00e9cis et professionnels adapt\u00e9e aux grands formats jusqu\u2019\u00e0 DIN A3.<\/td>\r\n<td style=\"width: 50%; text-align: center;\"><div class=\"epyt-video-wrapper\"><iframe  id=\"_ytid_52942\"  width=\"800\" height=\"450\"  data-origwidth=\"800\" data-origheight=\"450\"  data-relstop=\"1\" src=\"https:\/\/www.youtube.com\/embed\/AOa5myFq6SA?enablejsapi=1&autoplay=0&cc_load_policy=0&iv_load_policy=1&loop=0&modestbranding=0&fs=1&playsinline=1&controls=1&color=red&cc_lang_pref=&rel=0&autohide=2&theme=dark&\" class=\"__youtube_prefs__  no-lazyload\" title=\"YouTube player\"  allow=\"accelerometer; autoplay; clipboard-write; encrypted-media; gyroscope; picture-in-picture\" allowfullscreen data-no-lazy=\"1\" data-skipgform_ajax_framebjll=\"\"><\/iframe><\/div><\/td>\r\n<\/tr>\r\n<\/tbody>\r\n<\/table>\r\n<table style=\"width: 99.8494%; border-collapse: collapse; background-color: #ffffff;\" border=\"0\">\r\n<tbody>\r\n<tr class=\"product--properties-row\">\r\n<td class=\"product--properties-label\" style=\"width: 55.0762%; background-color: #ffffff;\">Vitesse de pliage:<\/td>\r\n<td class=\"product--properties-value\" style=\"width: 44.7732%;\">14.400 feuilles\/heure<\/td>\r\n<\/tr>\r\n<tr class=\"product--properties-row\">\r\n<td class=\"product--properties-label\" style=\"width: 55.0762%;\">La capacit\u00e9 d&#8217;absorption de l&#8217;aliment:<\/td>\r\n<td class=\"product--properties-value\" style=\"width: 44.7732%;\">500 feuilles<\/td>\r\n<\/tr>\r\n<tr>\r\n<td style=\"width: 55.0762%;\">\r\n<h3><strong>R\u00e9glages automatiques.<\/strong><\/h3>\r\n<p class=\"txt2\">S\u00e9lection d\u2018un des 6 types de plis pr\u00e9-programm\u00e9s depuis l\u2018\u00e9cran tactile et r\u00e9glages automatiques des poches de pliage par moteur \u00e9lectrique.<\/p>\r\n<\/td>\r\n<td style=\"width: 44.7732%;\"><\/td>\r\n<\/tr>\r\n<tr>\r\n<td style=\"width: 55.0762%;\">\r\n<h3><strong>\u00c9cran de commande tactile.<\/strong><\/h3>\r\n<p class=\"txt2\">\u00c9cran de commande tactile pour effectuer tous les r\u00e9glages. Indicateur d\u2018erreur facile \u00e0 comprendre avec solution de d\u00e9pannage.<\/p>\r\n<\/td>\r\n<td style=\"width: 44.7732%;\"><\/td>\r\n<\/tr>\r\n<tr>\r\n<td style=\"width: 55.0762%; background-color: #ffffff;\">\r\n<h3><strong>Sortie papier.<\/strong><\/h3>\r\n<p class=\"txt2\">Sortie papier avec courroies d\u2019entra\u00eenement et rouleau d\u2019\u00e9jection papier r\u00e9glable sur 3 positions.<\/p>\r\n<\/td>\r\n<td style=\"width: 44.7732%;\"><\/td>\r\n<\/tr>\r\n<tr>\r\n<td style=\"width: 55.0762%;\">\r\n<h3><strong>D\u00e9tecteur de double alimentation.<\/strong><\/h3>\r\n<p class=\"txt2\">Une cellule d\u00e9tecte lorsque plusieurs feuilles sont prises au lieu d\u2018une seule afin d\u2018optimiser les r\u00e9sultats et d\u2018\u00e9viter les mauvais pliages.<\/p>\r\n<\/td>\r\n<td style=\"width: 44.7732%;\"><\/td>\r\n<\/tr>\r\n<tr>\r\n<td style=\"width: 55.0762%;\">\r\n<div class=\"emotion--element col-1 row-1 start-col-1 start-row-1 col-xs-6 start-col-xs-1 row-xs-4 start-row-xs-74 col-s-6 start-col-s-1 row-s-4 start-row-s-74 col-m-6 start-col-m-1 row-m-4 start-row-m-74 col-l-5 start-col-l-1 row-l-4 start-row-l-65 col-xl-5 start-col-xl-1 row-xl-4 start-row-xl-65\">\r\n<div class=\"emotion--html\">\r\n<div class=\"html--content\"><\/div>\r\n<\/div>\r\n<\/div>\r\n<div class=\"emotion--element col-1 row-1 start-col-1 start-row-1 col-xs-6 start-col-xs-7 row-xs-4 start-row-xs-74 col-s-6 start-col-s-7 row-s-4 start-row-s-74 col-m-6 start-col-m-7 row-m-4 start-row-m-74 col-l-5 start-col-l-6 row-l-4 start-row-l-65 col-xl-5 start-col-xl-6 row-xl-4 start-row-xl-65\">\r\n<div class=\"emotion--html\">\r\n<div class=\"html--content\">\r\n<p class=\"txt3\">Hauteur:\r\nLargeur:\r\nProfondeur:\r\nPoids:<\/p>\r\n\r\n<\/div>\r\n<\/div>\r\n<\/div><\/td>\r\n<td style=\"width: 44.7732%;\">510 mm\r\n1020 mm\r\n545 mm\r\n29,5 kg<\/td>\r\n<\/tr>\r\n<tr>\r\n<td style=\"width: 55.0762%;\"><strong>Types de plis diff\u00e9rents<\/strong><\/td>\r\n<td style=\"width: 44.7732%;\">&#8211; pli roul\u00e9\r\n&#8211; pli en Z\r\n&#8211; pli double\r\n&#8211; parall\u00e8le\r\n&#8211; pli simple\r\n&#8211; pli pinc\u00e9\r\n&#8211; 1\/2 pli<\/td>\r\n<\/tr>\r\n<\/tbody>\r\n<\/table>\r\n&nbsp;","protected":false},"excerpt":{"rendered":"<p>Plieuse automatique pour des plis pr\u00e9cis et professionnels adapt\u00e9e aux grands formats jusqu\u2019\u00e0 DIN A3.<\/p>\n","protected":false},"featured_media":8484,"comment_status":"closed","ping_status":"closed","template":"","meta":[],"product_cat":[2300,2301,2781],"product_tag":[2334,2743,2827],"yoast_head":"<!-- This site is optimized with the Yoast SEO plugin v18.6 - https:\/\/yoast.com\/wordpress\/plugins\/seo\/ -->\n<title>Ideal 8345 Plieuse automatique format A3 - Albyco<\/title>\n<meta name=\"description\" content=\"Plieuse automatique pour des plis pr\u00e9cis et professionnels adapt\u00e9e aux grands formats jusqu\u2019\u00e0 DIN A3.\" \/>\n<meta name=\"robots\" content=\"index, follow, max-snippet:-1, max-image-preview:large, max-video-preview:-1\" \/>\n<link rel=\"canonical\" href=\"https:\/\/www.albyco.com\/fr\/produit\/ideal-8345-plieuse-automatique-format-a3\/\" \/>\n<meta property=\"og:locale\" content=\"fr_FR\" \/>\n<meta property=\"og:type\" content=\"article\" \/>\n<meta property=\"og:title\" content=\"Ideal 8345 Plieuse automatique format A3 - Albyco\" \/>\n<meta property=\"og:description\" content=\"Plieuse automatique pour des plis pr\u00e9cis et professionnels adapt\u00e9e aux grands formats jusqu\u2019\u00e0 DIN A3.\" \/>\n<meta property=\"og:url\" content=\"https:\/\/www.albyco.com\/fr\/produit\/ideal-8345-plieuse-automatique-format-a3\/\" \/>\n<meta property=\"og:site_name\" content=\"Albyco\" \/>\n<meta property=\"article:modified_time\" content=\"2022-01-17T10:40:50+00:00\" \/>\n<meta property=\"og:image\" content=\"https:\/\/www.albyco.com\/wp-content\/uploads\/2017\/10\/ideal-8345.jpg\" \/>\n\t<meta property=\"og:image:width\" content=\"525\" \/>\n\t<meta property=\"og:image:height\" content=\"610\" \/>\n\t<meta property=\"og:image:type\" content=\"image\/jpeg\" \/>\n<meta name=\"twitter:card\" content=\"summary\" \/>\n<meta name=\"twitter:site\" content=\"@AlbycoNederland\" \/>\n<meta name=\"twitter:label1\" content=\"Dur\u00e9e de lecture estim\u00e9e\" \/>\n\t<meta name=\"twitter:data1\" content=\"1 minute\" \/>\n<script type=\"application\/ld+json\" class=\"yoast-schema-graph\">{\"@context\":\"https:\/\/schema.org\",\"@graph\":[{\"@type\":\"Organization\",\"@id\":\"https:\/\/www.albyco.com\/#organization\",\"name\":\"Albyco Nederland B.V.\",\"url\":\"https:\/\/www.albyco.com\/\",\"sameAs\":[\"https:\/\/www.linkedin.com\/company\/18015670\/\",\"https:\/\/www.youtube.com\/user\/AlbycoNederland\",\"https:\/\/nl.pinterest.com\/albyco\",\"https:\/\/twitter.com\/AlbycoNederland\"],\"logo\":{\"@type\":\"ImageObject\",\"@id\":\"https:\/\/www.albyco.com\/#logo\",\"inLanguage\":\"fr-FR\",\"url\":\"https:\/\/www.albyco.com\/wp-content\/uploads\/2017\/07\/albyco_logo_hd.png\",\"contentUrl\":\"https:\/\/www.albyco.com\/wp-content\/uploads\/2017\/07\/albyco_logo_hd.png\",\"width\":300,\"height\":300,\"caption\":\"Albyco Nederland B.V.\"},\"image\":{\"@id\":\"https:\/\/www.albyco.com\/#logo\"}},{\"@type\":\"WebSite\",\"@id\":\"https:\/\/www.albyco.com\/#website\",\"url\":\"https:\/\/www.albyco.com\/\",\"name\":\"Albyco\",\"description\":\"Leverancier voor nabewerking van geprinte media\",\"publisher\":{\"@id\":\"https:\/\/www.albyco.com\/#organization\"},\"potentialAction\":[{\"@type\":\"SearchAction\",\"target\":{\"@type\":\"EntryPoint\",\"urlTemplate\":\"https:\/\/www.albyco.com\/?s={search_term_string}\"},\"query-input\":\"required name=search_term_string\"}],\"inLanguage\":\"fr-FR\"},{\"@type\":\"ImageObject\",\"@id\":\"https:\/\/www.albyco.com\/fr\/produit\/ideal-8345-plieuse-automatique-format-a3\/#primaryimage\",\"inLanguage\":\"fr-FR\",\"url\":\"https:\/\/www.albyco.com\/wp-content\/uploads\/2017\/10\/ideal-8345.jpg\",\"contentUrl\":\"https:\/\/www.albyco.com\/wp-content\/uploads\/2017\/10\/ideal-8345.jpg\",\"width\":525,\"height\":610,\"caption\":\"Ideal-8345 plieuse\"},{\"@type\":\"WebPage\",\"@id\":\"https:\/\/www.albyco.com\/fr\/produit\/ideal-8345-plieuse-automatique-format-a3\/#webpage\",\"url\":\"https:\/\/www.albyco.com\/fr\/produit\/ideal-8345-plieuse-automatique-format-a3\/\",\"name\":\"Ideal 8345 Plieuse automatique format A3 - Albyco\",\"isPartOf\":{\"@id\":\"https:\/\/www.albyco.com\/#website\"},\"primaryImageOfPage\":{\"@id\":\"https:\/\/www.albyco.com\/fr\/produit\/ideal-8345-plieuse-automatique-format-a3\/#primaryimage\"},\"datePublished\":\"2017-10-16T07:26:05+00:00\",\"dateModified\":\"2022-01-17T10:40:50+00:00\",\"description\":\"Plieuse automatique pour des plis pr\u00e9cis et professionnels adapt\u00e9e aux grands formats jusqu\u2019\u00e0 DIN A3.\",\"breadcrumb\":{\"@id\":\"https:\/\/www.albyco.com\/fr\/produit\/ideal-8345-plieuse-automatique-format-a3\/#breadcrumb\"},\"inLanguage\":\"fr-FR\",\"potentialAction\":[{\"@type\":\"ReadAction\",\"target\":[\"https:\/\/www.albyco.com\/fr\/produit\/ideal-8345-plieuse-automatique-format-a3\/\"]}]},{\"@type\":\"BreadcrumbList\",\"@id\":\"https:\/\/www.albyco.com\/fr\/produit\/ideal-8345-plieuse-automatique-format-a3\/#breadcrumb\",\"itemListElement\":[{\"@type\":\"ListItem\",\"position\":1,\"name\":\"Home\",\"item\":\"https:\/\/www.albyco.com\/fr\/\"},{\"@type\":\"ListItem\",\"position\":2,\"name\":\"Les produits\",\"item\":\"https:\/\/www.albyco.com\/fr\/producten\/\"},{\"@type\":\"ListItem\",\"position\":3,\"name\":\"Ideal 8345 Plieuse automatique format A3\"}]}]}<\/script>\n<!-- \/ Yoast SEO plugin. -->","yoast_head_json":{"title":"Ideal 8345 Plieuse automatique format A3 - Albyco","description":"Plieuse automatique pour des plis pr\u00e9cis et professionnels adapt\u00e9e aux grands formats jusqu\u2019\u00e0 DIN A3.","robots":{"index":"index","follow":"follow","max-snippet":"max-snippet:-1","max-image-preview":"max-image-preview:large","max-video-preview":"max-video-preview:-1"},"canonical":"https:\/\/www.albyco.com\/fr\/produit\/ideal-8345-plieuse-automatique-format-a3\/","og_locale":"fr_FR","og_type":"article","og_title":"Ideal 8345 Plieuse automatique format A3 - Albyco","og_description":"Plieuse automatique pour des plis pr\u00e9cis et professionnels adapt\u00e9e aux grands formats jusqu\u2019\u00e0 DIN A3.","og_url":"https:\/\/www.albyco.com\/fr\/produit\/ideal-8345-plieuse-automatique-format-a3\/","og_site_name":"Albyco","article_modified_time":"2022-01-17T10:40:50+00:00","og_image":[{"width":525,"height":610,"url":"https:\/\/www.albyco.com\/wp-content\/uploads\/2017\/10\/ideal-8345.jpg","type":"image\/jpeg"}],"twitter_card":"summary","twitter_site":"@AlbycoNederland","twitter_misc":{"Dur\u00e9e de lecture estim\u00e9e":"1 minute"},"schema":{"@context":"https:\/\/schema.org","@graph":[{"@type":"Organization","@id":"https:\/\/www.albyco.com\/#organization","name":"Albyco Nederland B.V.","url":"https:\/\/www.albyco.com\/","sameAs":["https:\/\/www.linkedin.com\/company\/18015670\/","https:\/\/www.youtube.com\/user\/AlbycoNederland","https:\/\/nl.pinterest.com\/albyco","https:\/\/twitter.com\/AlbycoNederland"],"logo":{"@type":"ImageObject","@id":"https:\/\/www.albyco.com\/#logo","inLanguage":"fr-FR","url":"https:\/\/www.albyco.com\/wp-content\/uploads\/2017\/07\/albyco_logo_hd.png","contentUrl":"https:\/\/www.albyco.com\/wp-content\/uploads\/2017\/07\/albyco_logo_hd.png","width":300,"height":300,"caption":"Albyco Nederland B.V."},"image":{"@id":"https:\/\/www.albyco.com\/#logo"}},{"@type":"WebSite","@id":"https:\/\/www.albyco.com\/#website","url":"https:\/\/www.albyco.com\/","name":"Albyco","description":"Leverancier voor nabewerking van geprinte media","publisher":{"@id":"https:\/\/www.albyco.com\/#organization"},"potentialAction":[{"@type":"SearchAction","target":{"@type":"EntryPoint","urlTemplate":"https:\/\/www.albyco.com\/?s={search_term_string}"},"query-input":"required name=search_term_string"}],"inLanguage":"fr-FR"},{"@type":"ImageObject","@id":"https:\/\/www.albyco.com\/fr\/produit\/ideal-8345-plieuse-automatique-format-a3\/#primaryimage","inLanguage":"fr-FR","url":"https:\/\/www.albyco.com\/wp-content\/uploads\/2017\/10\/ideal-8345.jpg","contentUrl":"https:\/\/www.albyco.com\/wp-content\/uploads\/2017\/10\/ideal-8345.jpg","width":525,"height":610,"caption":"Ideal-8345 plieuse"},{"@type":"WebPage","@id":"https:\/\/www.albyco.com\/fr\/produit\/ideal-8345-plieuse-automatique-format-a3\/#webpage","url":"https:\/\/www.albyco.com\/fr\/produit\/ideal-8345-plieuse-automatique-format-a3\/","name":"Ideal 8345 Plieuse automatique format A3 - Albyco","isPartOf":{"@id":"https:\/\/www.albyco.com\/#website"},"primaryImageOfPage":{"@id":"https:\/\/www.albyco.com\/fr\/produit\/ideal-8345-plieuse-automatique-format-a3\/#primaryimage"},"datePublished":"2017-10-16T07:26:05+00:00","dateModified":"2022-01-17T10:40:50+00:00","description":"Plieuse automatique pour des plis pr\u00e9cis et professionnels adapt\u00e9e aux grands formats jusqu\u2019\u00e0 DIN A3.","breadcrumb":{"@id":"https:\/\/www.albyco.com\/fr\/produit\/ideal-8345-plieuse-automatique-format-a3\/#breadcrumb"},"inLanguage":"fr-FR","potentialAction":[{"@type":"ReadAction","target":["https:\/\/www.albyco.com\/fr\/produit\/ideal-8345-plieuse-automatique-format-a3\/"]}]},{"@type":"BreadcrumbList","@id":"https:\/\/www.albyco.com\/fr\/produit\/ideal-8345-plieuse-automatique-format-a3\/#breadcrumb","itemListElement":[{"@type":"ListItem","position":1,"name":"Home","item":"https:\/\/www.albyco.com\/fr\/"},{"@type":"ListItem","position":2,"name":"Les produits","item":"https:\/\/www.albyco.com\/fr\/producten\/"},{"@type":"ListItem","position":3,"name":"Ideal 8345 Plieuse automatique format A3"}]}]}},"_links":{"self":[{"href":"https:\/\/www.albyco.com\/fr\/wp-json\/wp\/v2\/product\/33582"}],"collection":[{"href":"https:\/\/www.albyco.com\/fr\/wp-json\/wp\/v2\/product"}],"about":[{"href":"https:\/\/www.albyco.com\/fr\/wp-json\/wp\/v2\/types\/product"}],"replies":[{"embeddable":true,"href":"https:\/\/www.albyco.com\/fr\/wp-json\/wp\/v2\/comments?post=33582"}],"wp:featuredmedia":[{"embeddable":true,"href":"https:\/\/www.albyco.com\/fr\/wp-json\/wp\/v2\/media\/8484"}],"wp:attachment":[{"href":"https:\/\/www.albyco.com\/fr\/wp-json\/wp\/v2\/media?parent=33582"}],"wp:term":[{"taxonomy":"product_cat","embeddable":true,"href":"https:\/\/www.albyco.com\/fr\/wp-json\/wp\/v2\/product_cat?post=33582"},{"taxonomy":"product_tag","embeddable":true,"href":"https:\/\/www.albyco.com\/fr\/wp-json\/wp\/v2\/product_tag?post=33582"}],"curies":[{"name":"wp","href":"https:\/\/api.w.org\/{rel}","templated":true}]}}