{"id":33574,"date":"2018-03-19T14:53:31","date_gmt":"2018-03-19T13:53:31","guid":{"rendered":"https:\/\/www.albyco.com\/product\/albyco-sf-490-plieuse-de-bureau\/"},"modified":"2018-03-19T14:53:31","modified_gmt":"2018-03-19T13:53:31","slug":"albyco-sf-490-plieuse-de-bureau","status":"publish","type":"product","link":"https:\/\/www.albyco.com\/fr\/produit\/albyco-sf-490-plieuse-de-bureau\/","title":{"rendered":"Albyco SF-490 Plieuse de bureau"},"content":{"rendered":"<table style=\"width: 100%; border-collapse: collapse;\" border=\"0\">\r\n<tbody>\r\n<tr style=\"height: 376px;\">\r\n<td style=\"width: 50%; background-color: #ffffff; height: 376px;\">\n\nPlieuse de bureau enti\u00e8rement automatique et programmable jusqu\u2019\u00e0 DIN A3. Productivit\u00e9 \u00e9lev\u00e9e et fonctionnement silencieux.\r\n\r\nNotre plieuse automatique \u00e9prouv\u00e9e, convient aux grands tirages et aux formats sp\u00e9ciaux. Tous types de pliage command\u00e9s par ordinateur selon longueur de papier entr\u00e9e.\r\n<ul>\r\n \t<li>Formats standard B6 jusqu\u2019\u00e0 A3<\/li>\r\n \t<li>Appel de 6 types de pliage par touche<\/li>\r\n \t<li>Entr\u00e9e manuelle des formats sp\u00e9ciaux<\/li>\r\n \t<li>Design compact et peu encombrant<\/li>\r\n \t<li>Plateaux empilage et poches repliables<\/li>\r\n \t<li>Sortie en \u00e9cailles<\/li>\r\n<\/ul>\r\n<\/td>\r\n<td style=\"width: 50%; background-color: #ffffff; height: 376px;\"><\/td>\r\n<\/tr>\r\n<tr style=\"height: 24px;\">\r\n<td style=\"width: 50%; background-color: #ffffff; height: 24px;\"><strong class=\"attr-name\">Format papier<\/strong><\/td>\r\n<td style=\"width: 50%; background-color: #ffffff; height: 24px;\">Min. 96 x 182 mm, max. 297 x 432 mm<\/td>\r\n<\/tr>\r\n<tr style=\"height: 48px;\">\r\n<td style=\"width: 50%; background-color: #ffffff; height: 48px;\"><strong class=\"attr-name\">Grammage papier<\/strong><\/td>\r\n<td style=\"width: 50%; background-color: #ffffff; height: 48px;\">45 \u2013 220g\/m2 (&gt; 135g\/m2 pliage simple possible)<\/td>\r\n<\/tr>\r\n<tr style=\"height: 48px;\">\r\n<td style=\"width: 50%; background-color: #ffffff; height: 48px;\"><strong class=\"attr-name\">Types pliage<\/strong><\/td>\r\n<td style=\"width: 50%; background-color: #ffffff; height: 48px;\">Simple, roul\u00e9, accord\u00e9on, double parall\u00e8le, ext\u00e9rieur &amp; fen\u00eatre<\/td>\r\n<\/tr>\r\n<tr style=\"height: 24px;\">\r\n<td style=\"width: 50%; background-color: #ffffff; height: 24px;\"><strong class=\"attr-name\">Alimentation papier<\/strong><\/td>\r\n<td style=\"width: 50%; background-color: #ffffff; height: 24px;\">Par friction avec 3 rouleaux d\u2019alimentation<\/td>\r\n<\/tr>\r\n<tr style=\"height: 24px;\">\r\n<td style=\"width: 50%; background-color: #ffffff; height: 24px;\"><strong class=\"attr-name\">Capacit\u00e9 papier<\/strong><\/td>\r\n<td style=\"width: 50%; background-color: #ffffff; height: 24px;\">500 feuilles (80g\/m\u00b2)<\/td>\r\n<\/tr>\r\n<tr style=\"height: 24px;\">\r\n<td style=\"width: 50%; background-color: #ffffff; height: 24px;\"><strong class=\"attr-name\">Vitesse<\/strong><\/td>\r\n<td style=\"width: 50%; background-color: #ffffff; height: 24px;\">3240\u201310000 Feuilles\/h pour A4 pliage simple, r\u00e9glable sur 5 niveaux<\/td>\r\n<\/tr>\r\n<tr style=\"height: 24px;\">\r\n<td style=\"width: 50%; background-color: #ffffff; height: 24px;\"><strong class=\"attr-name\">Compteur<\/strong><\/td>\r\n<td style=\"width: 50%; background-color: #ffffff; height: 24px;\">Addition et soustraction num\u00e9riques 4 chiffres<\/td>\r\n<\/tr>\r\n<tr style=\"height: 24px;\">\r\n<td style=\"width: 50%; background-color: #ffffff; height: 24px;\"><strong class=\"attr-name\">D\u00e9tection fin papier<\/strong><\/td>\r\n<td style=\"width: 50%; background-color: #ffffff; height: 24px;\">Oui<\/td>\r\n<\/tr>\r\n<tr style=\"height: 24px;\">\r\n<td style=\"width: 50%; background-color: #ffffff; height: 24px;\"><strong class=\"attr-name\">D\u00e9tecteur sortie<\/strong><\/td>\r\n<td style=\"width: 50%; background-color: #ffffff; height: 24px;\">Oui<\/td>\r\n<\/tr>\r\n<tr>\r\n<td style=\"width: 50%; background-color: #ffffff;\"><strong class=\"attr-name\">Couvercle s\u00e9curit\u00e9<\/strong><\/td>\r\n<td style=\"width: 50%; background-color: #ffffff;\">Oui (arr\u00eat machine en cas d\u2019ouverture)<\/td>\r\n<\/tr>\r\n<tr>\r\n<td style=\"width: 50%; background-color: #ffffff;\"><strong class=\"attr-name\">Options<\/strong><\/td>\r\n<td style=\"width: 50%; background-color: #ffffff;\">Z2, alimentation sp\u00e9ciale pour papiers difficiles<\/td>\r\n<\/tr>\r\n<tr>\r\n<td style=\"width: 50%; background-color: #ffffff;\"><strong class=\"attr-name\">Alimentation<\/strong><\/td>\r\n<td style=\"width: 50%; background-color: #ffffff;\">220V\/50Hz<\/td>\r\n<\/tr>\r\n<tr>\r\n<td style=\"width: 50%; background-color: #ffffff;\"><strong class=\"attr-name\">Puissance<\/strong><\/td>\r\n<td style=\"width: 50%; background-color: #ffffff;\">75 W<\/td>\r\n<\/tr>\r\n<tr>\r\n<td style=\"width: 50%; background-color: #ffffff;\"><strong class=\"attr-name\">Emballage Produit Lxlxh<\/strong><\/td>\r\n<td style=\"width: 50%; background-color: #ffffff;\">620x590x460 \/ 820x530x530<\/td>\r\n<\/tr>\r\n<tr>\r\n<td style=\"width: 50%; background-color: #ffffff;\"><strong class=\"attr-name\">Poids<\/strong><\/td>\r\n<td style=\"width: 50%; background-color: #ffffff;\">33 kg<\/td>\r\n<\/tr>\r\n<tr>\r\n<td style=\"width: 50%; background-color: #ffffff;\"><strong class=\"attr-name\">\u00c8quipement<\/strong><\/td>\r\n<td style=\"width: 50%; background-color: #ffffff;\">SF-Z2, alimentation sp\u00e9ciale pour papiers difficiles<\/td>\r\n<\/tr>\r\n<\/tbody>\r\n<\/table>\r\n<div class=\"attrs-title\"><\/div>","protected":false},"excerpt":{"rendered":"<p>Plieuse de bureau enti\u00e8rement automatique et programmable jusqu\u2019\u00e0 DIN A3. Productivit\u00e9 \u00e9lev\u00e9e et fonctionnement silencieux.<\/p>\n","protected":false},"featured_media":7904,"comment_status":"open","ping_status":"closed","template":"","meta":[],"product_cat":[2300,2301,2781],"product_tag":[2334,2796,2318,2797,2798,2799,2800,2801,2802,2803],"yoast_head":"<!-- This site is optimized with the Yoast SEO plugin v18.6 - https:\/\/yoast.com\/wordpress\/plugins\/seo\/ -->\n<title>Albyco SF-490 Plieuse de bureau - Albyco<\/title>\n<meta name=\"description\" content=\"Plieuse de bureau enti\u00e8rement automatique et programmable jusqu\u2019\u00e0 DIN A3. Productivit\u00e9 \u00e9lev\u00e9e et fonctionnement silencieux.\" \/>\n<meta name=\"robots\" content=\"index, follow, max-snippet:-1, max-image-preview:large, max-video-preview:-1\" \/>\n<link rel=\"canonical\" href=\"https:\/\/www.albyco.com\/fr\/produit\/albyco-sf-490-plieuse-de-bureau\/\" \/>\n<meta property=\"og:locale\" content=\"fr_FR\" \/>\n<meta property=\"og:type\" content=\"article\" \/>\n<meta property=\"og:title\" content=\"Albyco SF-490 Plieuse de bureau - Albyco\" \/>\n<meta property=\"og:description\" content=\"Plieuse de bureau enti\u00e8rement automatique et programmable jusqu\u2019\u00e0 DIN A3. Productivit\u00e9 \u00e9lev\u00e9e et fonctionnement silencieux.\" \/>\n<meta property=\"og:url\" content=\"https:\/\/www.albyco.com\/fr\/produit\/albyco-sf-490-plieuse-de-bureau\/\" \/>\n<meta property=\"og:site_name\" content=\"Albyco\" \/>\n<meta property=\"og:image\" content=\"https:\/\/www.albyco.com\/wp-content\/uploads\/2017\/06\/albyco-albyco-sf-490-vouwmachine_ALBSF490.jpg\" \/>\n\t<meta property=\"og:image:width\" content=\"640\" \/>\n\t<meta property=\"og:image:height\" content=\"488\" \/>\n\t<meta property=\"og:image:type\" content=\"image\/jpeg\" \/>\n<meta name=\"twitter:card\" content=\"summary\" \/>\n<meta name=\"twitter:site\" content=\"@AlbycoNederland\" \/>\n<meta name=\"twitter:label1\" content=\"Dur\u00e9e de lecture estim\u00e9e\" \/>\n\t<meta name=\"twitter:data1\" content=\"1 minute\" \/>\n<script type=\"application\/ld+json\" class=\"yoast-schema-graph\">{\"@context\":\"https:\/\/schema.org\",\"@graph\":[{\"@type\":\"Organization\",\"@id\":\"https:\/\/www.albyco.com\/#organization\",\"name\":\"Albyco Nederland B.V.\",\"url\":\"https:\/\/www.albyco.com\/\",\"sameAs\":[\"https:\/\/www.linkedin.com\/company\/18015670\/\",\"https:\/\/www.youtube.com\/user\/AlbycoNederland\",\"https:\/\/nl.pinterest.com\/albyco\",\"https:\/\/twitter.com\/AlbycoNederland\"],\"logo\":{\"@type\":\"ImageObject\",\"@id\":\"https:\/\/www.albyco.com\/#logo\",\"inLanguage\":\"fr-FR\",\"url\":\"https:\/\/www.albyco.com\/wp-content\/uploads\/2017\/07\/albyco_logo_hd.png\",\"contentUrl\":\"https:\/\/www.albyco.com\/wp-content\/uploads\/2017\/07\/albyco_logo_hd.png\",\"width\":300,\"height\":300,\"caption\":\"Albyco Nederland B.V.\"},\"image\":{\"@id\":\"https:\/\/www.albyco.com\/#logo\"}},{\"@type\":\"WebSite\",\"@id\":\"https:\/\/www.albyco.com\/#website\",\"url\":\"https:\/\/www.albyco.com\/\",\"name\":\"Albyco\",\"description\":\"Leverancier voor nabewerking van geprinte media\",\"publisher\":{\"@id\":\"https:\/\/www.albyco.com\/#organization\"},\"potentialAction\":[{\"@type\":\"SearchAction\",\"target\":{\"@type\":\"EntryPoint\",\"urlTemplate\":\"https:\/\/www.albyco.com\/?s={search_term_string}\"},\"query-input\":\"required name=search_term_string\"}],\"inLanguage\":\"fr-FR\"},{\"@type\":\"ImageObject\",\"@id\":\"https:\/\/www.albyco.com\/fr\/produit\/albyco-sf-490-plieuse-de-bureau\/#primaryimage\",\"inLanguage\":\"fr-FR\",\"url\":\"https:\/\/www.albyco.com\/wp-content\/uploads\/2017\/06\/albyco-albyco-sf-490-vouwmachine_ALBSF490.jpg\",\"contentUrl\":\"https:\/\/www.albyco.com\/wp-content\/uploads\/2017\/06\/albyco-albyco-sf-490-vouwmachine_ALBSF490.jpg\",\"width\":640,\"height\":488,\"caption\":\"Albyco SF490 plieuse A3\"},{\"@type\":\"WebPage\",\"@id\":\"https:\/\/www.albyco.com\/fr\/produit\/albyco-sf-490-plieuse-de-bureau\/#webpage\",\"url\":\"https:\/\/www.albyco.com\/fr\/produit\/albyco-sf-490-plieuse-de-bureau\/\",\"name\":\"Albyco SF-490 Plieuse de bureau - Albyco\",\"isPartOf\":{\"@id\":\"https:\/\/www.albyco.com\/#website\"},\"primaryImageOfPage\":{\"@id\":\"https:\/\/www.albyco.com\/fr\/produit\/albyco-sf-490-plieuse-de-bureau\/#primaryimage\"},\"datePublished\":\"2018-03-19T13:53:31+00:00\",\"dateModified\":\"2018-03-19T13:53:31+00:00\",\"description\":\"Plieuse de bureau enti\u00e8rement automatique et programmable jusqu\u2019\u00e0 DIN A3. Productivit\u00e9 \u00e9lev\u00e9e et fonctionnement silencieux.\",\"breadcrumb\":{\"@id\":\"https:\/\/www.albyco.com\/fr\/produit\/albyco-sf-490-plieuse-de-bureau\/#breadcrumb\"},\"inLanguage\":\"fr-FR\",\"potentialAction\":[{\"@type\":\"ReadAction\",\"target\":[\"https:\/\/www.albyco.com\/fr\/produit\/albyco-sf-490-plieuse-de-bureau\/\"]}]},{\"@type\":\"BreadcrumbList\",\"@id\":\"https:\/\/www.albyco.com\/fr\/produit\/albyco-sf-490-plieuse-de-bureau\/#breadcrumb\",\"itemListElement\":[{\"@type\":\"ListItem\",\"position\":1,\"name\":\"Home\",\"item\":\"https:\/\/www.albyco.com\/fr\/\"},{\"@type\":\"ListItem\",\"position\":2,\"name\":\"Les produits\",\"item\":\"https:\/\/www.albyco.com\/fr\/producten\/\"},{\"@type\":\"ListItem\",\"position\":3,\"name\":\"Albyco SF-490 Plieuse de bureau\"}]}]}<\/script>\n<!-- \/ Yoast SEO plugin. -->","yoast_head_json":{"title":"Albyco SF-490 Plieuse de bureau - Albyco","description":"Plieuse de bureau enti\u00e8rement automatique et programmable jusqu\u2019\u00e0 DIN A3. Productivit\u00e9 \u00e9lev\u00e9e et fonctionnement silencieux.","robots":{"index":"index","follow":"follow","max-snippet":"max-snippet:-1","max-image-preview":"max-image-preview:large","max-video-preview":"max-video-preview:-1"},"canonical":"https:\/\/www.albyco.com\/fr\/produit\/albyco-sf-490-plieuse-de-bureau\/","og_locale":"fr_FR","og_type":"article","og_title":"Albyco SF-490 Plieuse de bureau - Albyco","og_description":"Plieuse de bureau enti\u00e8rement automatique et programmable jusqu\u2019\u00e0 DIN A3. Productivit\u00e9 \u00e9lev\u00e9e et fonctionnement silencieux.","og_url":"https:\/\/www.albyco.com\/fr\/produit\/albyco-sf-490-plieuse-de-bureau\/","og_site_name":"Albyco","og_image":[{"width":640,"height":488,"url":"https:\/\/www.albyco.com\/wp-content\/uploads\/2017\/06\/albyco-albyco-sf-490-vouwmachine_ALBSF490.jpg","type":"image\/jpeg"}],"twitter_card":"summary","twitter_site":"@AlbycoNederland","twitter_misc":{"Dur\u00e9e de lecture estim\u00e9e":"1 minute"},"schema":{"@context":"https:\/\/schema.org","@graph":[{"@type":"Organization","@id":"https:\/\/www.albyco.com\/#organization","name":"Albyco Nederland B.V.","url":"https:\/\/www.albyco.com\/","sameAs":["https:\/\/www.linkedin.com\/company\/18015670\/","https:\/\/www.youtube.com\/user\/AlbycoNederland","https:\/\/nl.pinterest.com\/albyco","https:\/\/twitter.com\/AlbycoNederland"],"logo":{"@type":"ImageObject","@id":"https:\/\/www.albyco.com\/#logo","inLanguage":"fr-FR","url":"https:\/\/www.albyco.com\/wp-content\/uploads\/2017\/07\/albyco_logo_hd.png","contentUrl":"https:\/\/www.albyco.com\/wp-content\/uploads\/2017\/07\/albyco_logo_hd.png","width":300,"height":300,"caption":"Albyco Nederland B.V."},"image":{"@id":"https:\/\/www.albyco.com\/#logo"}},{"@type":"WebSite","@id":"https:\/\/www.albyco.com\/#website","url":"https:\/\/www.albyco.com\/","name":"Albyco","description":"Leverancier voor nabewerking van geprinte media","publisher":{"@id":"https:\/\/www.albyco.com\/#organization"},"potentialAction":[{"@type":"SearchAction","target":{"@type":"EntryPoint","urlTemplate":"https:\/\/www.albyco.com\/?s={search_term_string}"},"query-input":"required name=search_term_string"}],"inLanguage":"fr-FR"},{"@type":"ImageObject","@id":"https:\/\/www.albyco.com\/fr\/produit\/albyco-sf-490-plieuse-de-bureau\/#primaryimage","inLanguage":"fr-FR","url":"https:\/\/www.albyco.com\/wp-content\/uploads\/2017\/06\/albyco-albyco-sf-490-vouwmachine_ALBSF490.jpg","contentUrl":"https:\/\/www.albyco.com\/wp-content\/uploads\/2017\/06\/albyco-albyco-sf-490-vouwmachine_ALBSF490.jpg","width":640,"height":488,"caption":"Albyco SF490 plieuse A3"},{"@type":"WebPage","@id":"https:\/\/www.albyco.com\/fr\/produit\/albyco-sf-490-plieuse-de-bureau\/#webpage","url":"https:\/\/www.albyco.com\/fr\/produit\/albyco-sf-490-plieuse-de-bureau\/","name":"Albyco SF-490 Plieuse de bureau - Albyco","isPartOf":{"@id":"https:\/\/www.albyco.com\/#website"},"primaryImageOfPage":{"@id":"https:\/\/www.albyco.com\/fr\/produit\/albyco-sf-490-plieuse-de-bureau\/#primaryimage"},"datePublished":"2018-03-19T13:53:31+00:00","dateModified":"2018-03-19T13:53:31+00:00","description":"Plieuse de bureau enti\u00e8rement automatique et programmable jusqu\u2019\u00e0 DIN A3. Productivit\u00e9 \u00e9lev\u00e9e et fonctionnement silencieux.","breadcrumb":{"@id":"https:\/\/www.albyco.com\/fr\/produit\/albyco-sf-490-plieuse-de-bureau\/#breadcrumb"},"inLanguage":"fr-FR","potentialAction":[{"@type":"ReadAction","target":["https:\/\/www.albyco.com\/fr\/produit\/albyco-sf-490-plieuse-de-bureau\/"]}]},{"@type":"BreadcrumbList","@id":"https:\/\/www.albyco.com\/fr\/produit\/albyco-sf-490-plieuse-de-bureau\/#breadcrumb","itemListElement":[{"@type":"ListItem","position":1,"name":"Home","item":"https:\/\/www.albyco.com\/fr\/"},{"@type":"ListItem","position":2,"name":"Les produits","item":"https:\/\/www.albyco.com\/fr\/producten\/"},{"@type":"ListItem","position":3,"name":"Albyco SF-490 Plieuse de bureau"}]}]}},"_links":{"self":[{"href":"https:\/\/www.albyco.com\/fr\/wp-json\/wp\/v2\/product\/33574"}],"collection":[{"href":"https:\/\/www.albyco.com\/fr\/wp-json\/wp\/v2\/product"}],"about":[{"href":"https:\/\/www.albyco.com\/fr\/wp-json\/wp\/v2\/types\/product"}],"replies":[{"embeddable":true,"href":"https:\/\/www.albyco.com\/fr\/wp-json\/wp\/v2\/comments?post=33574"}],"wp:featuredmedia":[{"embeddable":true,"href":"https:\/\/www.albyco.com\/fr\/wp-json\/wp\/v2\/media\/7904"}],"wp:attachment":[{"href":"https:\/\/www.albyco.com\/fr\/wp-json\/wp\/v2\/media?parent=33574"}],"wp:term":[{"taxonomy":"product_cat","embeddable":true,"href":"https:\/\/www.albyco.com\/fr\/wp-json\/wp\/v2\/product_cat?post=33574"},{"taxonomy":"product_tag","embeddable":true,"href":"https:\/\/www.albyco.com\/fr\/wp-json\/wp\/v2\/product_tag?post=33574"}],"curies":[{"name":"wp","href":"https:\/\/api.w.org\/{rel}","templated":true}]}}