{"id":33570,"date":"2017-10-13T16:43:44","date_gmt":"2017-10-13T14:43:44","guid":{"rendered":"https:\/\/www.albyco.com\/product\/plieuse-a-friction-ideal-8306\/"},"modified":"2022-01-17T11:48:18","modified_gmt":"2022-01-17T10:48:18","slug":"plieuse-a-friction-ideal-8306","status":"publish","type":"product","link":"https:\/\/www.albyco.com\/fr\/produit\/plieuse-a-friction-ideal-8306\/","title":{"rendered":"Plieuse \u00e0 friction IDEAL 8306"},"content":{"rendered":"<table style=\"width: 100%; border-collapse: collapse;\" border=\"0\">\r\n<tbody>\r\n<tr>\r\n<td style=\"width: 50%;\">\n\nPlieuse de documents compacte, adapt\u00e9e au format A4 et \u00e9quip\u00e9e d&#8217;une sortie \u00e9tag\u00e9e pour une r\u00e9ception parfaite\r\n\r\nGrammages accept\u00e9s : de 60 \u00e0 120 g\/m2\r\nVitesse de passage : 115 feuilles par minute\r\nAlimentation : 220 Volts \/ 50 Hz<\/td>\r\n<td style=\"width: 50%; text-align: right;\"><div class=\"epyt-video-wrapper\"><iframe  id=\"_ytid_99935\"  width=\"800\" height=\"450\"  data-origwidth=\"800\" data-origheight=\"450\"  data-relstop=\"1\" src=\"https:\/\/www.youtube.com\/embed\/GRLMD4Frrgc?enablejsapi=1&autoplay=0&cc_load_policy=0&iv_load_policy=1&loop=0&modestbranding=0&fs=1&playsinline=1&controls=1&color=red&cc_lang_pref=&rel=0&autohide=2&theme=dark&\" class=\"__youtube_prefs__  no-lazyload\" title=\"YouTube player\"  allow=\"accelerometer; autoplay; clipboard-write; encrypted-media; gyroscope; picture-in-picture\" allowfullscreen data-no-lazy=\"1\" data-skipgform_ajax_framebjll=\"\"><\/iframe><\/div><\/td>\r\n<\/tr>\r\n<\/tbody>\r\n<\/table>\r\n<h4>MOD\u00c8LE COMPACT \u00c0 SORTIE \u00c9TAG\u00c9E<\/h4>\r\n<p align=\"justify\">Pour format A4 ou 12 pouces (format mini. 100 x 105 mm). 4 types de plis courants : pli simple, roul\u00e9, en Z et double parall\u00e8le. Table d\u2019alimentation rabattable, d\u2019une capacit\u00e9 d\u2019environ 150 feuilles. Vitesse de passage : 115 feuilles par minute. R\u00e9glage facile du type de pli par symboles et codes couleurs. Arr\u00eat automatique avec affichage en cas d\u2019ouverture des carters. Arr\u00eat automatique en fin de travail. Bouton marche\/arr\u00eat pour une utilisation facile. Indicateur d\u2019erreurs sur \u00e9cran. Compteur et d\u00e9compteur. Sortie \u00e9tag\u00e9e avec rouleaux r\u00e9glables pour une r\u00e9ception parfaite des documents pli\u00e9s. Conforme aux normes de s\u00e9curit\u00e9 europ\u00e9ennes CE.<\/p>\r\n<p align=\"justify\">Formats accept\u00e9s : A4 ou 12&#8243;\r\nGrammages accept\u00e9s : de 60 \u00e0 120 g\/m2\r\nVitesse de passage : 115 feuilles par minute\r\nAlimentation : 220 Volts \/ 50 Hz\r\nDimensions (HxLxP) : 422 x 745 x 360 mm\r\nPoids : 15 kg<\/p>","protected":false},"excerpt":{"rendered":"<table style=\"width: 100%; border-collapse: collapse;\" border=\"0\">\n<tbody>\n<tr>\n<td style=\"width: 50%;\">Plieuse de documents compacte, adapt\u00e9e au format A4 et \u00e9quip\u00e9e d&#8217;une sortie \u00e9tag\u00e9e pour une r\u00e9ception parfaite<\/td>\n<\/tr>\n<\/tbody>\n<\/table>\n","protected":false},"featured_media":8487,"comment_status":"closed","ping_status":"closed","template":"","meta":[],"product_cat":[2300,2301,2781],"product_tag":[2334,2743,2827],"yoast_head":"<!-- This site is optimized with the Yoast SEO plugin v18.6 - https:\/\/yoast.com\/wordpress\/plugins\/seo\/ -->\n<title>Plieuse \u00e0 friction IDEAL 8306 - Albyco<\/title>\n<meta name=\"description\" content=\"Plieuse de documents compacte, adapt\u00e9e au format A4 et \u00e9quip\u00e9e d&#039;une sortie \u00e9tag\u00e9e pour une r\u00e9ception parfaite\" \/>\n<meta name=\"robots\" content=\"index, follow, max-snippet:-1, max-image-preview:large, max-video-preview:-1\" \/>\n<link rel=\"canonical\" href=\"https:\/\/www.albyco.com\/fr\/produit\/plieuse-a-friction-ideal-8306\/\" \/>\n<meta property=\"og:locale\" content=\"fr_FR\" \/>\n<meta property=\"og:type\" content=\"article\" \/>\n<meta property=\"og:title\" content=\"Plieuse \u00e0 friction IDEAL 8306 - Albyco\" \/>\n<meta property=\"og:description\" content=\"Plieuse de documents compacte, adapt\u00e9e au format A4 et \u00e9quip\u00e9e d&#039;une sortie \u00e9tag\u00e9e pour une r\u00e9ception parfaite\" \/>\n<meta property=\"og:url\" content=\"https:\/\/www.albyco.com\/fr\/produit\/plieuse-a-friction-ideal-8306\/\" \/>\n<meta property=\"og:site_name\" content=\"Albyco\" \/>\n<meta property=\"article:modified_time\" content=\"2022-01-17T10:48:18+00:00\" \/>\n<meta property=\"og:image\" content=\"https:\/\/www.albyco.com\/wp-content\/uploads\/2017\/10\/ideal_8306.jpg\" \/>\n\t<meta property=\"og:image:width\" content=\"487\" \/>\n\t<meta property=\"og:image:height\" content=\"610\" \/>\n\t<meta property=\"og:image:type\" content=\"image\/jpeg\" \/>\n<meta name=\"twitter:card\" content=\"summary\" \/>\n<meta name=\"twitter:site\" content=\"@AlbycoNederland\" \/>\n<meta name=\"twitter:label1\" content=\"Dur\u00e9e de lecture estim\u00e9e\" \/>\n\t<meta name=\"twitter:data1\" content=\"1 minute\" \/>\n<script type=\"application\/ld+json\" class=\"yoast-schema-graph\">{\"@context\":\"https:\/\/schema.org\",\"@graph\":[{\"@type\":\"Organization\",\"@id\":\"https:\/\/www.albyco.com\/#organization\",\"name\":\"Albyco Nederland B.V.\",\"url\":\"https:\/\/www.albyco.com\/\",\"sameAs\":[\"https:\/\/www.linkedin.com\/company\/18015670\/\",\"https:\/\/www.youtube.com\/user\/AlbycoNederland\",\"https:\/\/nl.pinterest.com\/albyco\",\"https:\/\/twitter.com\/AlbycoNederland\"],\"logo\":{\"@type\":\"ImageObject\",\"@id\":\"https:\/\/www.albyco.com\/#logo\",\"inLanguage\":\"fr-FR\",\"url\":\"https:\/\/www.albyco.com\/wp-content\/uploads\/2017\/07\/albyco_logo_hd.png\",\"contentUrl\":\"https:\/\/www.albyco.com\/wp-content\/uploads\/2017\/07\/albyco_logo_hd.png\",\"width\":300,\"height\":300,\"caption\":\"Albyco Nederland B.V.\"},\"image\":{\"@id\":\"https:\/\/www.albyco.com\/#logo\"}},{\"@type\":\"WebSite\",\"@id\":\"https:\/\/www.albyco.com\/#website\",\"url\":\"https:\/\/www.albyco.com\/\",\"name\":\"Albyco\",\"description\":\"Leverancier voor nabewerking van geprinte media\",\"publisher\":{\"@id\":\"https:\/\/www.albyco.com\/#organization\"},\"potentialAction\":[{\"@type\":\"SearchAction\",\"target\":{\"@type\":\"EntryPoint\",\"urlTemplate\":\"https:\/\/www.albyco.com\/?s={search_term_string}\"},\"query-input\":\"required name=search_term_string\"}],\"inLanguage\":\"fr-FR\"},{\"@type\":\"ImageObject\",\"@id\":\"https:\/\/www.albyco.com\/fr\/produit\/plieuse-a-friction-ideal-8306\/#primaryimage\",\"inLanguage\":\"fr-FR\",\"url\":\"https:\/\/www.albyco.com\/wp-content\/uploads\/2017\/10\/ideal_8306.jpg\",\"contentUrl\":\"https:\/\/www.albyco.com\/wp-content\/uploads\/2017\/10\/ideal_8306.jpg\",\"width\":487,\"height\":610,\"caption\":\"Ideal 8306 A4-Plieuse\"},{\"@type\":\"WebPage\",\"@id\":\"https:\/\/www.albyco.com\/fr\/produit\/plieuse-a-friction-ideal-8306\/#webpage\",\"url\":\"https:\/\/www.albyco.com\/fr\/produit\/plieuse-a-friction-ideal-8306\/\",\"name\":\"Plieuse \u00e0 friction IDEAL 8306 - Albyco\",\"isPartOf\":{\"@id\":\"https:\/\/www.albyco.com\/#website\"},\"primaryImageOfPage\":{\"@id\":\"https:\/\/www.albyco.com\/fr\/produit\/plieuse-a-friction-ideal-8306\/#primaryimage\"},\"datePublished\":\"2017-10-13T14:43:44+00:00\",\"dateModified\":\"2022-01-17T10:48:18+00:00\",\"description\":\"Plieuse de documents compacte, adapt\u00e9e au format A4 et \u00e9quip\u00e9e d'une sortie \u00e9tag\u00e9e pour une r\u00e9ception parfaite\",\"breadcrumb\":{\"@id\":\"https:\/\/www.albyco.com\/fr\/produit\/plieuse-a-friction-ideal-8306\/#breadcrumb\"},\"inLanguage\":\"fr-FR\",\"potentialAction\":[{\"@type\":\"ReadAction\",\"target\":[\"https:\/\/www.albyco.com\/fr\/produit\/plieuse-a-friction-ideal-8306\/\"]}]},{\"@type\":\"BreadcrumbList\",\"@id\":\"https:\/\/www.albyco.com\/fr\/produit\/plieuse-a-friction-ideal-8306\/#breadcrumb\",\"itemListElement\":[{\"@type\":\"ListItem\",\"position\":1,\"name\":\"Home\",\"item\":\"https:\/\/www.albyco.com\/fr\/\"},{\"@type\":\"ListItem\",\"position\":2,\"name\":\"Les produits\",\"item\":\"https:\/\/www.albyco.com\/fr\/producten\/\"},{\"@type\":\"ListItem\",\"position\":3,\"name\":\"Plieuse \u00e0 friction IDEAL 8306\"}]}]}<\/script>\n<!-- \/ Yoast SEO plugin. -->","yoast_head_json":{"title":"Plieuse \u00e0 friction IDEAL 8306 - Albyco","description":"Plieuse de documents compacte, adapt\u00e9e au format A4 et \u00e9quip\u00e9e d'une sortie \u00e9tag\u00e9e pour une r\u00e9ception parfaite","robots":{"index":"index","follow":"follow","max-snippet":"max-snippet:-1","max-image-preview":"max-image-preview:large","max-video-preview":"max-video-preview:-1"},"canonical":"https:\/\/www.albyco.com\/fr\/produit\/plieuse-a-friction-ideal-8306\/","og_locale":"fr_FR","og_type":"article","og_title":"Plieuse \u00e0 friction IDEAL 8306 - Albyco","og_description":"Plieuse de documents compacte, adapt\u00e9e au format A4 et \u00e9quip\u00e9e d'une sortie \u00e9tag\u00e9e pour une r\u00e9ception parfaite","og_url":"https:\/\/www.albyco.com\/fr\/produit\/plieuse-a-friction-ideal-8306\/","og_site_name":"Albyco","article_modified_time":"2022-01-17T10:48:18+00:00","og_image":[{"width":487,"height":610,"url":"https:\/\/www.albyco.com\/wp-content\/uploads\/2017\/10\/ideal_8306.jpg","type":"image\/jpeg"}],"twitter_card":"summary","twitter_site":"@AlbycoNederland","twitter_misc":{"Dur\u00e9e de lecture estim\u00e9e":"1 minute"},"schema":{"@context":"https:\/\/schema.org","@graph":[{"@type":"Organization","@id":"https:\/\/www.albyco.com\/#organization","name":"Albyco Nederland B.V.","url":"https:\/\/www.albyco.com\/","sameAs":["https:\/\/www.linkedin.com\/company\/18015670\/","https:\/\/www.youtube.com\/user\/AlbycoNederland","https:\/\/nl.pinterest.com\/albyco","https:\/\/twitter.com\/AlbycoNederland"],"logo":{"@type":"ImageObject","@id":"https:\/\/www.albyco.com\/#logo","inLanguage":"fr-FR","url":"https:\/\/www.albyco.com\/wp-content\/uploads\/2017\/07\/albyco_logo_hd.png","contentUrl":"https:\/\/www.albyco.com\/wp-content\/uploads\/2017\/07\/albyco_logo_hd.png","width":300,"height":300,"caption":"Albyco Nederland B.V."},"image":{"@id":"https:\/\/www.albyco.com\/#logo"}},{"@type":"WebSite","@id":"https:\/\/www.albyco.com\/#website","url":"https:\/\/www.albyco.com\/","name":"Albyco","description":"Leverancier voor nabewerking van geprinte media","publisher":{"@id":"https:\/\/www.albyco.com\/#organization"},"potentialAction":[{"@type":"SearchAction","target":{"@type":"EntryPoint","urlTemplate":"https:\/\/www.albyco.com\/?s={search_term_string}"},"query-input":"required name=search_term_string"}],"inLanguage":"fr-FR"},{"@type":"ImageObject","@id":"https:\/\/www.albyco.com\/fr\/produit\/plieuse-a-friction-ideal-8306\/#primaryimage","inLanguage":"fr-FR","url":"https:\/\/www.albyco.com\/wp-content\/uploads\/2017\/10\/ideal_8306.jpg","contentUrl":"https:\/\/www.albyco.com\/wp-content\/uploads\/2017\/10\/ideal_8306.jpg","width":487,"height":610,"caption":"Ideal 8306 A4-Plieuse"},{"@type":"WebPage","@id":"https:\/\/www.albyco.com\/fr\/produit\/plieuse-a-friction-ideal-8306\/#webpage","url":"https:\/\/www.albyco.com\/fr\/produit\/plieuse-a-friction-ideal-8306\/","name":"Plieuse \u00e0 friction IDEAL 8306 - Albyco","isPartOf":{"@id":"https:\/\/www.albyco.com\/#website"},"primaryImageOfPage":{"@id":"https:\/\/www.albyco.com\/fr\/produit\/plieuse-a-friction-ideal-8306\/#primaryimage"},"datePublished":"2017-10-13T14:43:44+00:00","dateModified":"2022-01-17T10:48:18+00:00","description":"Plieuse de documents compacte, adapt\u00e9e au format A4 et \u00e9quip\u00e9e d'une sortie \u00e9tag\u00e9e pour une r\u00e9ception parfaite","breadcrumb":{"@id":"https:\/\/www.albyco.com\/fr\/produit\/plieuse-a-friction-ideal-8306\/#breadcrumb"},"inLanguage":"fr-FR","potentialAction":[{"@type":"ReadAction","target":["https:\/\/www.albyco.com\/fr\/produit\/plieuse-a-friction-ideal-8306\/"]}]},{"@type":"BreadcrumbList","@id":"https:\/\/www.albyco.com\/fr\/produit\/plieuse-a-friction-ideal-8306\/#breadcrumb","itemListElement":[{"@type":"ListItem","position":1,"name":"Home","item":"https:\/\/www.albyco.com\/fr\/"},{"@type":"ListItem","position":2,"name":"Les produits","item":"https:\/\/www.albyco.com\/fr\/producten\/"},{"@type":"ListItem","position":3,"name":"Plieuse \u00e0 friction IDEAL 8306"}]}]}},"_links":{"self":[{"href":"https:\/\/www.albyco.com\/fr\/wp-json\/wp\/v2\/product\/33570"}],"collection":[{"href":"https:\/\/www.albyco.com\/fr\/wp-json\/wp\/v2\/product"}],"about":[{"href":"https:\/\/www.albyco.com\/fr\/wp-json\/wp\/v2\/types\/product"}],"replies":[{"embeddable":true,"href":"https:\/\/www.albyco.com\/fr\/wp-json\/wp\/v2\/comments?post=33570"}],"wp:featuredmedia":[{"embeddable":true,"href":"https:\/\/www.albyco.com\/fr\/wp-json\/wp\/v2\/media\/8487"}],"wp:attachment":[{"href":"https:\/\/www.albyco.com\/fr\/wp-json\/wp\/v2\/media?parent=33570"}],"wp:term":[{"taxonomy":"product_cat","embeddable":true,"href":"https:\/\/www.albyco.com\/fr\/wp-json\/wp\/v2\/product_cat?post=33570"},{"taxonomy":"product_tag","embeddable":true,"href":"https:\/\/www.albyco.com\/fr\/wp-json\/wp\/v2\/product_tag?post=33570"}],"curies":[{"name":"wp","href":"https:\/\/api.w.org\/{rel}","templated":true}]}}